{"id":5092,"date":"2019-04-07T15:43:04","date_gmt":"2019-04-07T13:43:04","guid":{"rendered":"https:\/\/sysmatec.ch\/produit\/reactif-pour-la-conservation-des-echantillons-de-lait\/"},"modified":"2022-02-05T18:21:48","modified_gmt":"2022-02-05T17:21:48","slug":"reactif-pour-la-conservation-des-echantillons-de-lait","status":"publish","type":"product","link":"https:\/\/sysmatec.ch\/de\/Produkt\/reactif-pour-la-conservation-des-echantillons-de-lait\/","title":{"rendered":"Reagenz zur Aufbewahrung von Milchproben"},"content":{"rendered":"<p>Es ist ein fl\u00fcssiges Reagenz zur Aufbewahrung von Milchproben von der Sammelstelle, bis sie im Referenzlabor untersucht werden. Das Reagenz besteht aus 8 x 30 ml. Reagenz R + 1 x 10 ml. Reagenz R mit einem benutzerfreundlichen Tropfer, der 50 \u03bcl Reagenz R \/ Tropfen freisetzt. Ein Tropfen reicht f\u00fcr 40 ml Milch. Die Tropfvorrichtung verringert die M\u00f6glichkeit einer Kreuzkontamination, reduziert sekund\u00e4re Kosten (z. B. die Verwendung von Handschuhen). Nachdem Sie einen Tropfen Reagenz in das Milchprobenfl\u00e4schchen gegeben haben, schlie\u00dfen Sie das Fl\u00e4schchen mit der Kappe, mischen Sie den Inhalt vorsichtig und transportieren Sie es zum Labor.<\/p>\n<p>Lagerung: Raumtemperatur<\/p>\n<p>Haltbarkeit: 34 Monate<\/p>\n<p>Verpackung: 8 x 30 ml. R + 1 \u00d7 10 ml, f\u00fcr ungef\u00e4hr 5000 Proben<\/p>\n","protected":false},"excerpt":{"rendered":"<p>Reagenz zur Aufbewahrung von Milchproben<\/p>\n","protected":false},"featured_media":0,"template":"","meta":{"_crdt_document":""},"product_brand":[],"product_cat":[188,377],"product_tag":[],"class_list":{"0":"post-5092","1":"product","2":"type-product","3":"status-publish","5":"product_cat-analyse-de","6":"product_cat-milch","8":"first","9":"instock","10":"taxable","11":"shipping-taxable","12":"product-type-simple"},"yoast_head":"<!-- This site is optimized with the Yoast SEO plugin v27.3 - https:\/\/yoast.com\/product\/yoast-seo-wordpress\/ -->\n<title>Reagenz zur Aufbewahrung von Milchproben - Sysmatec<\/title>\n<meta name=\"description\" content=\"Fl\u00fcssiges Reagenz zur Verbesserung der Konservierung von Milchproben f\u00fcr die Analyse.\" \/>\n<meta name=\"robots\" content=\"index, follow, max-snippet:-1, max-image-preview:large, max-video-preview:-1\" \/>\n<link rel=\"canonical\" href=\"https:\/\/sysmatec.ch\/de\/produit\/reactif-pour-la-conservation-des-echantillons-de-lait\/\" \/>\n<meta property=\"og:locale\" content=\"de_DE\" \/>\n<meta property=\"og:type\" content=\"article\" \/>\n<meta property=\"og:title\" content=\"Reagenz zur Aufbewahrung von Milchproben - Sysmatec\" \/>\n<meta property=\"og:description\" content=\"Fl\u00fcssiges Reagenz zur Verbesserung der Konservierung von Milchproben f\u00fcr die Analyse.\" \/>\n<meta property=\"og:url\" content=\"https:\/\/sysmatec.ch\/de\/produit\/reactif-pour-la-conservation-des-echantillons-de-lait\/\" \/>\n<meta property=\"og:site_name\" content=\"Sysmatec\" \/>\n<meta property=\"article:modified_time\" content=\"2022-02-05T17:21:48+00:00\" \/>\n<meta name=\"twitter:card\" content=\"summary_large_image\" \/>\n<meta name=\"twitter:label1\" content=\"Gesch\u00e4tzte Lesezeit\" \/>\n\t<meta name=\"twitter:data1\" content=\"1\u00a0Minute\" \/>\n<script type=\"application\/ld+json\" class=\"yoast-schema-graph\">{\"@context\":\"https:\\\/\\\/schema.org\",\"@graph\":[{\"@type\":\"WebPage\",\"@id\":\"https:\\\/\\\/sysmatec.ch\\\/de\\\/produit\\\/reactif-pour-la-conservation-des-echantillons-de-lait\\\/\",\"url\":\"https:\\\/\\\/sysmatec.ch\\\/de\\\/produit\\\/reactif-pour-la-conservation-des-echantillons-de-lait\\\/\",\"name\":\"Reagenz zur Aufbewahrung von Milchproben - Sysmatec\",\"isPartOf\":{\"@id\":\"https:\\\/\\\/sysmatec.ch\\\/de\\\/#website\"},\"datePublished\":\"2019-04-07T13:43:04+00:00\",\"dateModified\":\"2022-02-05T17:21:48+00:00\",\"description\":\"Fl\u00fcssiges Reagenz zur Verbesserung der Konservierung von Milchproben f\u00fcr die Analyse.\",\"breadcrumb\":{\"@id\":\"https:\\\/\\\/sysmatec.ch\\\/de\\\/produit\\\/reactif-pour-la-conservation-des-echantillons-de-lait\\\/#breadcrumb\"},\"inLanguage\":\"de\",\"potentialAction\":[{\"@type\":\"ReadAction\",\"target\":[\"https:\\\/\\\/sysmatec.ch\\\/de\\\/produit\\\/reactif-pour-la-conservation-des-echantillons-de-lait\\\/\"]}]},{\"@type\":\"BreadcrumbList\",\"@id\":\"https:\\\/\\\/sysmatec.ch\\\/de\\\/produit\\\/reactif-pour-la-conservation-des-echantillons-de-lait\\\/#breadcrumb\",\"itemListElement\":[{\"@type\":\"ListItem\",\"position\":1,\"name\":\"Accueil\",\"item\":\"https:\\\/\\\/sysmatec.ch\\\/de\\\/\"},{\"@type\":\"ListItem\",\"position\":2,\"name\":\"Die Aktivit\u00e4t von Sysmatec\",\"item\":\"https:\\\/\\\/sysmatec.ch\\\/de\\\/\"},{\"@type\":\"ListItem\",\"position\":3,\"name\":\"Reagenz zur Aufbewahrung von Milchproben\"}]},{\"@type\":\"WebSite\",\"@id\":\"https:\\\/\\\/sysmatec.ch\\\/de\\\/#website\",\"url\":\"https:\\\/\\\/sysmatec.ch\\\/de\\\/\",\"name\":\"Sysmatec\",\"description\":\"Equipement de laboratoire et logiciels\",\"publisher\":{\"@id\":\"https:\\\/\\\/sysmatec.ch\\\/de\\\/#organization\"},\"potentialAction\":[{\"@type\":\"SearchAction\",\"target\":{\"@type\":\"EntryPoint\",\"urlTemplate\":\"https:\\\/\\\/sysmatec.ch\\\/de\\\/?s={search_term_string}\"},\"query-input\":{\"@type\":\"PropertyValueSpecification\",\"valueRequired\":true,\"valueName\":\"search_term_string\"}}],\"inLanguage\":\"de\"},{\"@type\":\"Organization\",\"@id\":\"https:\\\/\\\/sysmatec.ch\\\/de\\\/#organization\",\"name\":\"Sysmatec\",\"url\":\"https:\\\/\\\/sysmatec.ch\\\/de\\\/\",\"logo\":{\"@type\":\"ImageObject\",\"inLanguage\":\"de\",\"@id\":\"https:\\\/\\\/sysmatec.ch\\\/de\\\/#\\\/schema\\\/logo\\\/image\\\/\",\"url\":\"https:\\\/\\\/sysmatec.ch\\\/wp-content\\\/uploads\\\/2018\\\/11\\\/LogoSysmatec.jpg\",\"contentUrl\":\"https:\\\/\\\/sysmatec.ch\\\/wp-content\\\/uploads\\\/2018\\\/11\\\/LogoSysmatec.jpg\",\"width\":301,\"height\":297,\"caption\":\"Sysmatec\"},\"image\":{\"@id\":\"https:\\\/\\\/sysmatec.ch\\\/de\\\/#\\\/schema\\\/logo\\\/image\\\/\"}}]}<\/script>\n<!-- \/ Yoast SEO plugin. -->","yoast_head_json":{"title":"Reagenz zur Aufbewahrung von Milchproben - Sysmatec","description":"Fl\u00fcssiges Reagenz zur Verbesserung der Konservierung von Milchproben f\u00fcr die Analyse.","robots":{"index":"index","follow":"follow","max-snippet":"max-snippet:-1","max-image-preview":"max-image-preview:large","max-video-preview":"max-video-preview:-1"},"canonical":"https:\/\/sysmatec.ch\/de\/produit\/reactif-pour-la-conservation-des-echantillons-de-lait\/","og_locale":"de_DE","og_type":"article","og_title":"Reagenz zur Aufbewahrung von Milchproben - Sysmatec","og_description":"Fl\u00fcssiges Reagenz zur Verbesserung der Konservierung von Milchproben f\u00fcr die Analyse.","og_url":"https:\/\/sysmatec.ch\/de\/produit\/reactif-pour-la-conservation-des-echantillons-de-lait\/","og_site_name":"Sysmatec","article_modified_time":"2022-02-05T17:21:48+00:00","twitter_card":"summary_large_image","twitter_misc":{"Gesch\u00e4tzte Lesezeit":"1\u00a0Minute"},"schema":{"@context":"https:\/\/schema.org","@graph":[{"@type":"WebPage","@id":"https:\/\/sysmatec.ch\/de\/produit\/reactif-pour-la-conservation-des-echantillons-de-lait\/","url":"https:\/\/sysmatec.ch\/de\/produit\/reactif-pour-la-conservation-des-echantillons-de-lait\/","name":"Reagenz zur Aufbewahrung von Milchproben - Sysmatec","isPartOf":{"@id":"https:\/\/sysmatec.ch\/de\/#website"},"datePublished":"2019-04-07T13:43:04+00:00","dateModified":"2022-02-05T17:21:48+00:00","description":"Fl\u00fcssiges Reagenz zur Verbesserung der Konservierung von Milchproben f\u00fcr die Analyse.","breadcrumb":{"@id":"https:\/\/sysmatec.ch\/de\/produit\/reactif-pour-la-conservation-des-echantillons-de-lait\/#breadcrumb"},"inLanguage":"de","potentialAction":[{"@type":"ReadAction","target":["https:\/\/sysmatec.ch\/de\/produit\/reactif-pour-la-conservation-des-echantillons-de-lait\/"]}]},{"@type":"BreadcrumbList","@id":"https:\/\/sysmatec.ch\/de\/produit\/reactif-pour-la-conservation-des-echantillons-de-lait\/#breadcrumb","itemListElement":[{"@type":"ListItem","position":1,"name":"Accueil","item":"https:\/\/sysmatec.ch\/de\/"},{"@type":"ListItem","position":2,"name":"Die Aktivit\u00e4t von Sysmatec","item":"https:\/\/sysmatec.ch\/de\/"},{"@type":"ListItem","position":3,"name":"Reagenz zur Aufbewahrung von Milchproben"}]},{"@type":"WebSite","@id":"https:\/\/sysmatec.ch\/de\/#website","url":"https:\/\/sysmatec.ch\/de\/","name":"Sysmatec","description":"Equipement de laboratoire et logiciels","publisher":{"@id":"https:\/\/sysmatec.ch\/de\/#organization"},"potentialAction":[{"@type":"SearchAction","target":{"@type":"EntryPoint","urlTemplate":"https:\/\/sysmatec.ch\/de\/?s={search_term_string}"},"query-input":{"@type":"PropertyValueSpecification","valueRequired":true,"valueName":"search_term_string"}}],"inLanguage":"de"},{"@type":"Organization","@id":"https:\/\/sysmatec.ch\/de\/#organization","name":"Sysmatec","url":"https:\/\/sysmatec.ch\/de\/","logo":{"@type":"ImageObject","inLanguage":"de","@id":"https:\/\/sysmatec.ch\/de\/#\/schema\/logo\/image\/","url":"https:\/\/sysmatec.ch\/wp-content\/uploads\/2018\/11\/LogoSysmatec.jpg","contentUrl":"https:\/\/sysmatec.ch\/wp-content\/uploads\/2018\/11\/LogoSysmatec.jpg","width":301,"height":297,"caption":"Sysmatec"},"image":{"@id":"https:\/\/sysmatec.ch\/de\/#\/schema\/logo\/image\/"}}]}},"_links":{"self":[{"href":"https:\/\/sysmatec.ch\/de\/wp-json\/wp\/v2\/product\/5092","targetHints":{"allow":["GET"]}}],"collection":[{"href":"https:\/\/sysmatec.ch\/de\/wp-json\/wp\/v2\/product"}],"about":[{"href":"https:\/\/sysmatec.ch\/de\/wp-json\/wp\/v2\/types\/product"}],"wp:attachment":[{"href":"https:\/\/sysmatec.ch\/de\/wp-json\/wp\/v2\/media?parent=5092"}],"wp:term":[{"taxonomy":"product_brand","embeddable":true,"href":"https:\/\/sysmatec.ch\/de\/wp-json\/wp\/v2\/product_brand?post=5092"},{"taxonomy":"product_cat","embeddable":true,"href":"https:\/\/sysmatec.ch\/de\/wp-json\/wp\/v2\/product_cat?post=5092"},{"taxonomy":"product_tag","embeddable":true,"href":"https:\/\/sysmatec.ch\/de\/wp-json\/wp\/v2\/product_tag?post=5092"}],"curies":[{"name":"wp","href":"https:\/\/api.w.org\/{rel}","templated":true}]}}