{"id":5089,"date":"2019-04-07T15:32:05","date_gmt":"2019-04-07T13:32:05","guid":{"rendered":"https:\/\/sysmatec.ch\/produit\/test-de-mammite-lactopast-biomedix\/"},"modified":"2022-02-05T18:26:23","modified_gmt":"2022-02-05T17:26:23","slug":"lactopast-biomedix-mastitistest","status":"publish","type":"product","link":"https:\/\/sysmatec.ch\/de\/Produkt\/lactopast-biomedix-mastitistest\/","title":{"rendered":"Lactopast Biomedix Mastitistest"},"content":{"rendered":"<p>Es ist ein schneller und genauer Test um die Anzahl der somatischen Zellen in einer bestimmten Kuh zu bestimmen. Der Test wurde entwickelt, um spezifische Proben zu behandeln, um das Vorhandensein von Mastitis festzustellen. Der Test kann an Roh-Milchproben oder gemischte Milch durchgef\u00fchrt werden, um die somatische Zellzahl der gesamten Herde zu bestimmen. Der Test ist auch f\u00fcr Ziegen- und Schafsmilch verf\u00fcgbar.<\/p>\n<p>Das Kit Ref. 82121 enth\u00e4lt Hardware f\u00fcr 500 Tests und 2500 Tests.<\/p>\n<p>Histoplastin ErythroForte<\/p>\n<p>Spezielle Kr\u00e4utercreme zur effektiven Behandlung von Mastitis. 100% nat\u00fcrliches Produkt ohne chemische Hilfsstoffe oder andere synthetische Chemikalie, die freie Radikale beseitigt, Hautl\u00e4sionen wiederherstellt, Kollagen, Elastin und Involucrin erh\u00f6ht.<\/p>\n<p>Das Kit Ref. 82091 enth\u00e4lt 50 ml Produkt.<\/p>\n","protected":false},"excerpt":{"rendered":"<p>Mastitistest<\/p>\n","protected":false},"featured_media":0,"template":"","meta":{"_crdt_document":""},"product_brand":[],"product_cat":[188,377],"product_tag":[],"class_list":{"0":"post-5089","1":"product","2":"type-product","3":"status-publish","5":"product_cat-analyse-de","6":"product_cat-milch","8":"first","9":"instock","10":"taxable","11":"shipping-taxable","12":"product-type-simple"},"yoast_head":"<!-- This site is optimized with the Yoast SEO plugin v27.3 - https:\/\/yoast.com\/product\/yoast-seo-wordpress\/ -->\n<title>Lactopast Biomedix Mastitistest - Sysmatec<\/title>\n<meta name=\"description\" content=\"Mastitistest bei K\u00fchen, Ziegen und Schafen basierend auf der Dosierung der in der Milch vorhandenen somatischen Zellen.\" \/>\n<meta name=\"robots\" content=\"index, follow, max-snippet:-1, max-image-preview:large, max-video-preview:-1\" \/>\n<link rel=\"canonical\" href=\"https:\/\/sysmatec.ch\/de\/produit\/lactopast-biomedix-mastitistest\/\" \/>\n<meta property=\"og:locale\" content=\"de_DE\" \/>\n<meta property=\"og:type\" content=\"article\" \/>\n<meta property=\"og:title\" content=\"Lactopast Biomedix Mastitistest - Sysmatec\" \/>\n<meta property=\"og:description\" content=\"Mastitistest bei K\u00fchen, Ziegen und Schafen basierend auf der Dosierung der in der Milch vorhandenen somatischen Zellen.\" \/>\n<meta property=\"og:url\" content=\"https:\/\/sysmatec.ch\/de\/produit\/lactopast-biomedix-mastitistest\/\" \/>\n<meta property=\"og:site_name\" content=\"Sysmatec\" \/>\n<meta property=\"article:modified_time\" content=\"2022-02-05T17:26:23+00:00\" \/>\n<meta name=\"twitter:card\" content=\"summary_large_image\" \/>\n<meta name=\"twitter:label1\" content=\"Gesch\u00e4tzte Lesezeit\" \/>\n\t<meta name=\"twitter:data1\" content=\"1\u00a0Minute\" \/>\n<script type=\"application\/ld+json\" class=\"yoast-schema-graph\">{\"@context\":\"https:\\\/\\\/schema.org\",\"@graph\":[{\"@type\":\"WebPage\",\"@id\":\"https:\\\/\\\/sysmatec.ch\\\/de\\\/produit\\\/lactopast-biomedix-mastitistest\\\/\",\"url\":\"https:\\\/\\\/sysmatec.ch\\\/de\\\/produit\\\/lactopast-biomedix-mastitistest\\\/\",\"name\":\"Lactopast Biomedix Mastitistest - Sysmatec\",\"isPartOf\":{\"@id\":\"https:\\\/\\\/sysmatec.ch\\\/de\\\/#website\"},\"datePublished\":\"2019-04-07T13:32:05+00:00\",\"dateModified\":\"2022-02-05T17:26:23+00:00\",\"description\":\"Mastitistest bei K\u00fchen, Ziegen und Schafen basierend auf der Dosierung der in der Milch vorhandenen somatischen Zellen.\",\"breadcrumb\":{\"@id\":\"https:\\\/\\\/sysmatec.ch\\\/de\\\/produit\\\/lactopast-biomedix-mastitistest\\\/#breadcrumb\"},\"inLanguage\":\"de\",\"potentialAction\":[{\"@type\":\"ReadAction\",\"target\":[\"https:\\\/\\\/sysmatec.ch\\\/de\\\/produit\\\/lactopast-biomedix-mastitistest\\\/\"]}]},{\"@type\":\"BreadcrumbList\",\"@id\":\"https:\\\/\\\/sysmatec.ch\\\/de\\\/produit\\\/lactopast-biomedix-mastitistest\\\/#breadcrumb\",\"itemListElement\":[{\"@type\":\"ListItem\",\"position\":1,\"name\":\"Accueil\",\"item\":\"https:\\\/\\\/sysmatec.ch\\\/de\\\/\"},{\"@type\":\"ListItem\",\"position\":2,\"name\":\"Die Aktivit\u00e4t von Sysmatec\",\"item\":\"https:\\\/\\\/sysmatec.ch\\\/de\\\/\"},{\"@type\":\"ListItem\",\"position\":3,\"name\":\"Lactopast Biomedix Mastitistest\"}]},{\"@type\":\"WebSite\",\"@id\":\"https:\\\/\\\/sysmatec.ch\\\/de\\\/#website\",\"url\":\"https:\\\/\\\/sysmatec.ch\\\/de\\\/\",\"name\":\"Sysmatec\",\"description\":\"Equipement de laboratoire et logiciels\",\"publisher\":{\"@id\":\"https:\\\/\\\/sysmatec.ch\\\/de\\\/#organization\"},\"potentialAction\":[{\"@type\":\"SearchAction\",\"target\":{\"@type\":\"EntryPoint\",\"urlTemplate\":\"https:\\\/\\\/sysmatec.ch\\\/de\\\/?s={search_term_string}\"},\"query-input\":{\"@type\":\"PropertyValueSpecification\",\"valueRequired\":true,\"valueName\":\"search_term_string\"}}],\"inLanguage\":\"de\"},{\"@type\":\"Organization\",\"@id\":\"https:\\\/\\\/sysmatec.ch\\\/de\\\/#organization\",\"name\":\"Sysmatec\",\"url\":\"https:\\\/\\\/sysmatec.ch\\\/de\\\/\",\"logo\":{\"@type\":\"ImageObject\",\"inLanguage\":\"de\",\"@id\":\"https:\\\/\\\/sysmatec.ch\\\/de\\\/#\\\/schema\\\/logo\\\/image\\\/\",\"url\":\"https:\\\/\\\/sysmatec.ch\\\/wp-content\\\/uploads\\\/2018\\\/11\\\/LogoSysmatec.jpg\",\"contentUrl\":\"https:\\\/\\\/sysmatec.ch\\\/wp-content\\\/uploads\\\/2018\\\/11\\\/LogoSysmatec.jpg\",\"width\":301,\"height\":297,\"caption\":\"Sysmatec\"},\"image\":{\"@id\":\"https:\\\/\\\/sysmatec.ch\\\/de\\\/#\\\/schema\\\/logo\\\/image\\\/\"}}]}<\/script>\n<!-- \/ Yoast SEO plugin. -->","yoast_head_json":{"title":"Lactopast Biomedix Mastitistest - Sysmatec","description":"Mastitistest bei K\u00fchen, Ziegen und Schafen basierend auf der Dosierung der in der Milch vorhandenen somatischen Zellen.","robots":{"index":"index","follow":"follow","max-snippet":"max-snippet:-1","max-image-preview":"max-image-preview:large","max-video-preview":"max-video-preview:-1"},"canonical":"https:\/\/sysmatec.ch\/de\/produit\/lactopast-biomedix-mastitistest\/","og_locale":"de_DE","og_type":"article","og_title":"Lactopast Biomedix Mastitistest - Sysmatec","og_description":"Mastitistest bei K\u00fchen, Ziegen und Schafen basierend auf der Dosierung der in der Milch vorhandenen somatischen Zellen.","og_url":"https:\/\/sysmatec.ch\/de\/produit\/lactopast-biomedix-mastitistest\/","og_site_name":"Sysmatec","article_modified_time":"2022-02-05T17:26:23+00:00","twitter_card":"summary_large_image","twitter_misc":{"Gesch\u00e4tzte Lesezeit":"1\u00a0Minute"},"schema":{"@context":"https:\/\/schema.org","@graph":[{"@type":"WebPage","@id":"https:\/\/sysmatec.ch\/de\/produit\/lactopast-biomedix-mastitistest\/","url":"https:\/\/sysmatec.ch\/de\/produit\/lactopast-biomedix-mastitistest\/","name":"Lactopast Biomedix Mastitistest - Sysmatec","isPartOf":{"@id":"https:\/\/sysmatec.ch\/de\/#website"},"datePublished":"2019-04-07T13:32:05+00:00","dateModified":"2022-02-05T17:26:23+00:00","description":"Mastitistest bei K\u00fchen, Ziegen und Schafen basierend auf der Dosierung der in der Milch vorhandenen somatischen Zellen.","breadcrumb":{"@id":"https:\/\/sysmatec.ch\/de\/produit\/lactopast-biomedix-mastitistest\/#breadcrumb"},"inLanguage":"de","potentialAction":[{"@type":"ReadAction","target":["https:\/\/sysmatec.ch\/de\/produit\/lactopast-biomedix-mastitistest\/"]}]},{"@type":"BreadcrumbList","@id":"https:\/\/sysmatec.ch\/de\/produit\/lactopast-biomedix-mastitistest\/#breadcrumb","itemListElement":[{"@type":"ListItem","position":1,"name":"Accueil","item":"https:\/\/sysmatec.ch\/de\/"},{"@type":"ListItem","position":2,"name":"Die Aktivit\u00e4t von Sysmatec","item":"https:\/\/sysmatec.ch\/de\/"},{"@type":"ListItem","position":3,"name":"Lactopast Biomedix Mastitistest"}]},{"@type":"WebSite","@id":"https:\/\/sysmatec.ch\/de\/#website","url":"https:\/\/sysmatec.ch\/de\/","name":"Sysmatec","description":"Equipement de laboratoire et logiciels","publisher":{"@id":"https:\/\/sysmatec.ch\/de\/#organization"},"potentialAction":[{"@type":"SearchAction","target":{"@type":"EntryPoint","urlTemplate":"https:\/\/sysmatec.ch\/de\/?s={search_term_string}"},"query-input":{"@type":"PropertyValueSpecification","valueRequired":true,"valueName":"search_term_string"}}],"inLanguage":"de"},{"@type":"Organization","@id":"https:\/\/sysmatec.ch\/de\/#organization","name":"Sysmatec","url":"https:\/\/sysmatec.ch\/de\/","logo":{"@type":"ImageObject","inLanguage":"de","@id":"https:\/\/sysmatec.ch\/de\/#\/schema\/logo\/image\/","url":"https:\/\/sysmatec.ch\/wp-content\/uploads\/2018\/11\/LogoSysmatec.jpg","contentUrl":"https:\/\/sysmatec.ch\/wp-content\/uploads\/2018\/11\/LogoSysmatec.jpg","width":301,"height":297,"caption":"Sysmatec"},"image":{"@id":"https:\/\/sysmatec.ch\/de\/#\/schema\/logo\/image\/"}}]}},"_links":{"self":[{"href":"https:\/\/sysmatec.ch\/de\/wp-json\/wp\/v2\/product\/5089","targetHints":{"allow":["GET"]}}],"collection":[{"href":"https:\/\/sysmatec.ch\/de\/wp-json\/wp\/v2\/product"}],"about":[{"href":"https:\/\/sysmatec.ch\/de\/wp-json\/wp\/v2\/types\/product"}],"wp:attachment":[{"href":"https:\/\/sysmatec.ch\/de\/wp-json\/wp\/v2\/media?parent=5089"}],"wp:term":[{"taxonomy":"product_brand","embeddable":true,"href":"https:\/\/sysmatec.ch\/de\/wp-json\/wp\/v2\/product_brand?post=5089"},{"taxonomy":"product_cat","embeddable":true,"href":"https:\/\/sysmatec.ch\/de\/wp-json\/wp\/v2\/product_cat?post=5089"},{"taxonomy":"product_tag","embeddable":true,"href":"https:\/\/sysmatec.ch\/de\/wp-json\/wp\/v2\/product_tag?post=5089"}],"curies":[{"name":"wp","href":"https:\/\/api.w.org\/{rel}","templated":true}]}}