{"id":5082,"date":"2019-04-07T15:03:31","date_gmt":"2019-04-07T13:03:31","guid":{"rendered":"https:\/\/sysmatec.ch\/produit\/test-rapide-triple-salmonella-brucella-proteus\/"},"modified":"2024-06-11T15:36:05","modified_gmt":"2024-06-11T13:36:05","slug":"dreifach-schnelltest-salmonella-brucella-proteus","status":"publish","type":"product","link":"https:\/\/sysmatec.ch\/de\/Produkt\/dreifach-schnelltest-salmonella-brucella-proteus\/","title":{"rendered":"Dreifach Schnelltest (Salmonella + Brucella + Proteus)"},"content":{"rendered":"<p>Dies ist ein Objekttr\u00e4ger-Agglutinationstest zum qualitativen und semi-quantitativen Nachweis von Anti-Salmonella, Brucella und einigen Rickettsia-Antik\u00f6rpern in Rohmilch. Reagenzien, standardisierte Suspensionen von abget\u00f6teten und gef\u00e4rbten Bakterien, agglutinieren, wenn sie mit Proben, die den homologen Antik\u00f6rper enthalten, gemischt werden. Der Test kann in allen Lebensmitteln durchgef\u00fchrt werden (jedes Lebensmittel muss vor dem Test entsprechend behandelt werden).<\/p>\n","protected":false},"excerpt":{"rendered":"<p>Dreifach Schnelltest (Salmonella + Brucella + Proteus)<\/p>\n","protected":false},"featured_media":5080,"template":"","meta":{"_crdt_document":""},"product_brand":[],"product_cat":[188,377],"product_tag":[],"class_list":{"0":"post-5082","1":"product","2":"type-product","3":"status-publish","4":"has-post-thumbnail","6":"product_cat-analyse-de","7":"product_cat-milch","9":"first","10":"instock","11":"taxable","12":"shipping-taxable","13":"product-type-simple"},"yoast_head":"<!-- This site is optimized with the Yoast SEO plugin v27.3 - https:\/\/yoast.com\/product\/yoast-seo-wordpress\/ -->\n<title>Dreifach Schnelltest (Salmonella + Brucella + Proteus) - Sysmatec<\/title>\n<meta name=\"description\" content=\"Qualitativer und semiquantitativer Nachweistest von Anti-Salmonella-, Brucella- und bestimmten Rickettsia-Antik\u00f6rpern in Rohmilch oder anderen Lebensmitteln.\" \/>\n<meta name=\"robots\" content=\"index, follow, max-snippet:-1, max-image-preview:large, max-video-preview:-1\" \/>\n<link rel=\"canonical\" href=\"https:\/\/sysmatec.ch\/de\/Produkt\/dreifach-schnelltest-salmonella-brucella-proteus\/\" \/>\n<meta property=\"og:locale\" content=\"de_DE\" \/>\n<meta property=\"og:type\" content=\"article\" \/>\n<meta property=\"og:title\" content=\"Dreifach Schnelltest (Salmonella + Brucella + Proteus) - Sysmatec\" \/>\n<meta property=\"og:description\" content=\"Qualitativer und semiquantitativer Nachweistest von Anti-Salmonella-, Brucella- und bestimmten Rickettsia-Antik\u00f6rpern in Rohmilch oder anderen Lebensmitteln.\" \/>\n<meta property=\"og:url\" content=\"https:\/\/sysmatec.ch\/de\/Produkt\/dreifach-schnelltest-salmonella-brucella-proteus\/\" \/>\n<meta property=\"og:site_name\" content=\"Sysmatec\" \/>\n<meta property=\"article:modified_time\" content=\"2024-06-11T13:36:05+00:00\" \/>\n<meta property=\"og:image\" content=\"https:\/\/sysmatec.ch\/wp-content\/uploads\/2019\/04\/Analyse_MenidiMedicaTripleQuick.jpg\" \/>\n\t<meta property=\"og:image:width\" content=\"188\" \/>\n\t<meta property=\"og:image:height\" content=\"206\" \/>\n\t<meta property=\"og:image:type\" content=\"image\/jpeg\" \/>\n<meta name=\"twitter:card\" content=\"summary_large_image\" \/>\n<meta name=\"twitter:label1\" content=\"Gesch\u00e4tzte Lesezeit\" \/>\n\t<meta name=\"twitter:data1\" content=\"1\u00a0Minute\" \/>\n<script type=\"application\/ld+json\" class=\"yoast-schema-graph\">{\"@context\":\"https:\\\/\\\/schema.org\",\"@graph\":[{\"@type\":\"WebPage\",\"@id\":\"https:\\\/\\\/sysmatec.ch\\\/de\\\/Produkt\\\/dreifach-schnelltest-salmonella-brucella-proteus\\\/\",\"url\":\"https:\\\/\\\/sysmatec.ch\\\/de\\\/Produkt\\\/dreifach-schnelltest-salmonella-brucella-proteus\\\/\",\"name\":\"Dreifach Schnelltest (Salmonella + Brucella + Proteus) - Sysmatec\",\"isPartOf\":{\"@id\":\"https:\\\/\\\/sysmatec.ch\\\/de\\\/#website\"},\"primaryImageOfPage\":{\"@id\":\"https:\\\/\\\/sysmatec.ch\\\/de\\\/Produkt\\\/dreifach-schnelltest-salmonella-brucella-proteus\\\/#primaryimage\"},\"image\":{\"@id\":\"https:\\\/\\\/sysmatec.ch\\\/de\\\/Produkt\\\/dreifach-schnelltest-salmonella-brucella-proteus\\\/#primaryimage\"},\"thumbnailUrl\":\"https:\\\/\\\/sysmatec.ch\\\/wp-content\\\/uploads\\\/2019\\\/04\\\/Analyse_MenidiMedicaTripleQuick.jpg\",\"datePublished\":\"2019-04-07T13:03:31+00:00\",\"dateModified\":\"2024-06-11T13:36:05+00:00\",\"description\":\"Qualitativer und semiquantitativer Nachweistest von Anti-Salmonella-, Brucella- und bestimmten Rickettsia-Antik\u00f6rpern in Rohmilch oder anderen Lebensmitteln.\",\"breadcrumb\":{\"@id\":\"https:\\\/\\\/sysmatec.ch\\\/de\\\/Produkt\\\/dreifach-schnelltest-salmonella-brucella-proteus\\\/#breadcrumb\"},\"inLanguage\":\"de\",\"potentialAction\":[{\"@type\":\"ReadAction\",\"target\":[\"https:\\\/\\\/sysmatec.ch\\\/de\\\/Produkt\\\/dreifach-schnelltest-salmonella-brucella-proteus\\\/\"]}]},{\"@type\":\"ImageObject\",\"inLanguage\":\"de\",\"@id\":\"https:\\\/\\\/sysmatec.ch\\\/de\\\/Produkt\\\/dreifach-schnelltest-salmonella-brucella-proteus\\\/#primaryimage\",\"url\":\"https:\\\/\\\/sysmatec.ch\\\/wp-content\\\/uploads\\\/2019\\\/04\\\/Analyse_MenidiMedicaTripleQuick.jpg\",\"contentUrl\":\"https:\\\/\\\/sysmatec.ch\\\/wp-content\\\/uploads\\\/2019\\\/04\\\/Analyse_MenidiMedicaTripleQuick.jpg\",\"width\":188,\"height\":206},{\"@type\":\"BreadcrumbList\",\"@id\":\"https:\\\/\\\/sysmatec.ch\\\/de\\\/Produkt\\\/dreifach-schnelltest-salmonella-brucella-proteus\\\/#breadcrumb\",\"itemListElement\":[{\"@type\":\"ListItem\",\"position\":1,\"name\":\"Accueil\",\"item\":\"https:\\\/\\\/sysmatec.ch\\\/de\\\/\"},{\"@type\":\"ListItem\",\"position\":2,\"name\":\"Die Aktivit\u00e4t von Sysmatec\",\"item\":\"https:\\\/\\\/sysmatec.ch\\\/de\\\/\"},{\"@type\":\"ListItem\",\"position\":3,\"name\":\"Dreifach Schnelltest (Salmonella + Brucella + Proteus)\"}]},{\"@type\":\"WebSite\",\"@id\":\"https:\\\/\\\/sysmatec.ch\\\/de\\\/#website\",\"url\":\"https:\\\/\\\/sysmatec.ch\\\/de\\\/\",\"name\":\"Sysmatec\",\"description\":\"Equipement de laboratoire et logiciels\",\"publisher\":{\"@id\":\"https:\\\/\\\/sysmatec.ch\\\/de\\\/#organization\"},\"potentialAction\":[{\"@type\":\"SearchAction\",\"target\":{\"@type\":\"EntryPoint\",\"urlTemplate\":\"https:\\\/\\\/sysmatec.ch\\\/de\\\/?s={search_term_string}\"},\"query-input\":{\"@type\":\"PropertyValueSpecification\",\"valueRequired\":true,\"valueName\":\"search_term_string\"}}],\"inLanguage\":\"de\"},{\"@type\":\"Organization\",\"@id\":\"https:\\\/\\\/sysmatec.ch\\\/de\\\/#organization\",\"name\":\"Sysmatec\",\"url\":\"https:\\\/\\\/sysmatec.ch\\\/de\\\/\",\"logo\":{\"@type\":\"ImageObject\",\"inLanguage\":\"de\",\"@id\":\"https:\\\/\\\/sysmatec.ch\\\/de\\\/#\\\/schema\\\/logo\\\/image\\\/\",\"url\":\"https:\\\/\\\/sysmatec.ch\\\/wp-content\\\/uploads\\\/2018\\\/11\\\/LogoSysmatec.jpg\",\"contentUrl\":\"https:\\\/\\\/sysmatec.ch\\\/wp-content\\\/uploads\\\/2018\\\/11\\\/LogoSysmatec.jpg\",\"width\":301,\"height\":297,\"caption\":\"Sysmatec\"},\"image\":{\"@id\":\"https:\\\/\\\/sysmatec.ch\\\/de\\\/#\\\/schema\\\/logo\\\/image\\\/\"}}]}<\/script>\n<!-- \/ Yoast SEO plugin. -->","yoast_head_json":{"title":"Dreifach Schnelltest (Salmonella + Brucella + Proteus) - Sysmatec","description":"Qualitativer und semiquantitativer Nachweistest von Anti-Salmonella-, Brucella- und bestimmten Rickettsia-Antik\u00f6rpern in Rohmilch oder anderen Lebensmitteln.","robots":{"index":"index","follow":"follow","max-snippet":"max-snippet:-1","max-image-preview":"max-image-preview:large","max-video-preview":"max-video-preview:-1"},"canonical":"https:\/\/sysmatec.ch\/de\/Produkt\/dreifach-schnelltest-salmonella-brucella-proteus\/","og_locale":"de_DE","og_type":"article","og_title":"Dreifach Schnelltest (Salmonella + Brucella + Proteus) - Sysmatec","og_description":"Qualitativer und semiquantitativer Nachweistest von Anti-Salmonella-, Brucella- und bestimmten Rickettsia-Antik\u00f6rpern in Rohmilch oder anderen Lebensmitteln.","og_url":"https:\/\/sysmatec.ch\/de\/Produkt\/dreifach-schnelltest-salmonella-brucella-proteus\/","og_site_name":"Sysmatec","article_modified_time":"2024-06-11T13:36:05+00:00","og_image":[{"width":188,"height":206,"url":"https:\/\/sysmatec.ch\/wp-content\/uploads\/2019\/04\/Analyse_MenidiMedicaTripleQuick.jpg","type":"image\/jpeg"}],"twitter_card":"summary_large_image","twitter_misc":{"Gesch\u00e4tzte Lesezeit":"1\u00a0Minute"},"schema":{"@context":"https:\/\/schema.org","@graph":[{"@type":"WebPage","@id":"https:\/\/sysmatec.ch\/de\/Produkt\/dreifach-schnelltest-salmonella-brucella-proteus\/","url":"https:\/\/sysmatec.ch\/de\/Produkt\/dreifach-schnelltest-salmonella-brucella-proteus\/","name":"Dreifach Schnelltest (Salmonella + Brucella + Proteus) - Sysmatec","isPartOf":{"@id":"https:\/\/sysmatec.ch\/de\/#website"},"primaryImageOfPage":{"@id":"https:\/\/sysmatec.ch\/de\/Produkt\/dreifach-schnelltest-salmonella-brucella-proteus\/#primaryimage"},"image":{"@id":"https:\/\/sysmatec.ch\/de\/Produkt\/dreifach-schnelltest-salmonella-brucella-proteus\/#primaryimage"},"thumbnailUrl":"https:\/\/sysmatec.ch\/wp-content\/uploads\/2019\/04\/Analyse_MenidiMedicaTripleQuick.jpg","datePublished":"2019-04-07T13:03:31+00:00","dateModified":"2024-06-11T13:36:05+00:00","description":"Qualitativer und semiquantitativer Nachweistest von Anti-Salmonella-, Brucella- und bestimmten Rickettsia-Antik\u00f6rpern in Rohmilch oder anderen Lebensmitteln.","breadcrumb":{"@id":"https:\/\/sysmatec.ch\/de\/Produkt\/dreifach-schnelltest-salmonella-brucella-proteus\/#breadcrumb"},"inLanguage":"de","potentialAction":[{"@type":"ReadAction","target":["https:\/\/sysmatec.ch\/de\/Produkt\/dreifach-schnelltest-salmonella-brucella-proteus\/"]}]},{"@type":"ImageObject","inLanguage":"de","@id":"https:\/\/sysmatec.ch\/de\/Produkt\/dreifach-schnelltest-salmonella-brucella-proteus\/#primaryimage","url":"https:\/\/sysmatec.ch\/wp-content\/uploads\/2019\/04\/Analyse_MenidiMedicaTripleQuick.jpg","contentUrl":"https:\/\/sysmatec.ch\/wp-content\/uploads\/2019\/04\/Analyse_MenidiMedicaTripleQuick.jpg","width":188,"height":206},{"@type":"BreadcrumbList","@id":"https:\/\/sysmatec.ch\/de\/Produkt\/dreifach-schnelltest-salmonella-brucella-proteus\/#breadcrumb","itemListElement":[{"@type":"ListItem","position":1,"name":"Accueil","item":"https:\/\/sysmatec.ch\/de\/"},{"@type":"ListItem","position":2,"name":"Die Aktivit\u00e4t von Sysmatec","item":"https:\/\/sysmatec.ch\/de\/"},{"@type":"ListItem","position":3,"name":"Dreifach Schnelltest (Salmonella + Brucella + Proteus)"}]},{"@type":"WebSite","@id":"https:\/\/sysmatec.ch\/de\/#website","url":"https:\/\/sysmatec.ch\/de\/","name":"Sysmatec","description":"Equipement de laboratoire et logiciels","publisher":{"@id":"https:\/\/sysmatec.ch\/de\/#organization"},"potentialAction":[{"@type":"SearchAction","target":{"@type":"EntryPoint","urlTemplate":"https:\/\/sysmatec.ch\/de\/?s={search_term_string}"},"query-input":{"@type":"PropertyValueSpecification","valueRequired":true,"valueName":"search_term_string"}}],"inLanguage":"de"},{"@type":"Organization","@id":"https:\/\/sysmatec.ch\/de\/#organization","name":"Sysmatec","url":"https:\/\/sysmatec.ch\/de\/","logo":{"@type":"ImageObject","inLanguage":"de","@id":"https:\/\/sysmatec.ch\/de\/#\/schema\/logo\/image\/","url":"https:\/\/sysmatec.ch\/wp-content\/uploads\/2018\/11\/LogoSysmatec.jpg","contentUrl":"https:\/\/sysmatec.ch\/wp-content\/uploads\/2018\/11\/LogoSysmatec.jpg","width":301,"height":297,"caption":"Sysmatec"},"image":{"@id":"https:\/\/sysmatec.ch\/de\/#\/schema\/logo\/image\/"}}]}},"_links":{"self":[{"href":"https:\/\/sysmatec.ch\/de\/wp-json\/wp\/v2\/product\/5082","targetHints":{"allow":["GET"]}}],"collection":[{"href":"https:\/\/sysmatec.ch\/de\/wp-json\/wp\/v2\/product"}],"about":[{"href":"https:\/\/sysmatec.ch\/de\/wp-json\/wp\/v2\/types\/product"}],"wp:featuredmedia":[{"embeddable":true,"href":"https:\/\/sysmatec.ch\/de\/wp-json\/wp\/v2\/media\/5080"}],"wp:attachment":[{"href":"https:\/\/sysmatec.ch\/de\/wp-json\/wp\/v2\/media?parent=5082"}],"wp:term":[{"taxonomy":"product_brand","embeddable":true,"href":"https:\/\/sysmatec.ch\/de\/wp-json\/wp\/v2\/product_brand?post=5082"},{"taxonomy":"product_cat","embeddable":true,"href":"https:\/\/sysmatec.ch\/de\/wp-json\/wp\/v2\/product_cat?post=5082"},{"taxonomy":"product_tag","embeddable":true,"href":"https:\/\/sysmatec.ch\/de\/wp-json\/wp\/v2\/product_tag?post=5082"}],"curies":[{"name":"wp","href":"https:\/\/api.w.org\/{rel}","templated":true}]}}