{"id":5068,"date":"2019-04-06T22:03:39","date_gmt":"2019-04-06T20:03:39","guid":{"rendered":"https:\/\/sysmatec.ch\/produit\/test-de-pasteurisation-lactopast-biomedix\/"},"modified":"2022-02-05T21:31:22","modified_gmt":"2022-02-05T20:31:22","slug":"pasteurisierungstest-lactopast-biomedix","status":"publish","type":"product","link":"https:\/\/sysmatec.ch\/de\/Produkt\/pasteurisierungstest-lactopast-biomedix\/","title":{"rendered":"Pasteurisierungstest LACTOPAST BIOMEDIX"},"content":{"rendered":"<p>Es ist eine schnelle Phosphatase-Test zum Nachweis von alkalischer Phosphatase in Milch, Molke, Sahne und Butter. Der Test erm\u00f6glicht die Pr\u00fcfung von ausreichend Pasteurisierung Behandlung von Milch und verwandte Produkte, und den Nachweis von Rohmilch in pasteurisierter Milch.<\/p>\n<p>Die Empfindlichkeit des Tests ist wie folgt:<\/p>\n<p>Zur Messung von 5 Sekunden bis zu 300 Sekunden: 3.5 mU \/ L ALP<\/p>\n<p>Ein Kit ist f\u00fcr 100 Tests genug. F\u00fcr die Testverfahren gibt es keine Notwendigkeit f\u00fcr eine thermische Aufbereitung der Probe. Der Test funktioniert bei Temperaturen in Bereich 2-42 \u00b0C. Das Kit mit den Reagenzien m\u00fcssen bei einer Temperatur 2-8 \u00b0 C im K\u00fchlschrank aufbewahrt werden.<\/p>\n<p>Vergleich mit anderen Test<\/p>\n<table border=\"1\" width=\"653\" cellspacing=\"2\" cellpadding=\"0\">\n<tbody>\n<tr>\n<td>Test<\/td>\n<td>Inkubation<\/td>\n<td>Dauer<\/td>\n<td>Temperatur<\/td>\n<td>Laborger\u00e4te<\/td>\n<td>Empfindlichkeit<\/td>\n<td>Muster<\/td>\n<\/tr>\n<tr>\n<td>LACTOPAST Biomedix<\/td>\n<td>nein<\/td>\n<td>5 Sek.<\/td>\n<td>2-42 \u00b0C<\/td>\n<td>nein<\/td>\n<td>3.5 mU\/L<\/td>\n<td>Pasteurisierte Milch, UHT, Shokolade Milch, Sahn, K\u00e4se, Molke, Butter<\/td>\n<\/tr>\n<tr>\n<td>CHARM F-AP<\/td>\n<td>nein<\/td>\n<td>45-90 Sek<\/td>\n<td>Raumtemp.<\/td>\n<td>Luminometer, Zentrifuge<\/td>\n<td>20 mU\/L<\/td>\n<td>UHT, Shokolade Milch, Sahn<\/td>\n<\/tr>\n<tr>\n<td>CHARM PASLite<\/td>\n<td>3 min.<\/td>\n<td>45-90 Sek<\/td>\n<td>Raumtemp.<\/td>\n<td>Luminometer, Zentrifuge, Spektrophotometer<\/td>\n<td>20 mU\/L<\/td>\n<td>UHT, Shokolade Milch, Sahn<\/td>\n<\/tr>\n<tr>\n<td>SENSOBIZ APT<\/td>\n<td>nein<\/td>\n<td>5-10 Min.<\/td>\n<td>Raumtemp.<\/td>\n<td>nein<\/td>\n<td>120 mU\/L<\/td>\n<td>Pasteurisierte Milch, UHT<\/td>\n<\/tr>\n<tr>\n<td>MACHEREY-NAGEL Phosphatesmo MI<\/td>\n<td>60 Min.<\/td>\n<td>Lesen nach Inkubation<\/td>\n<td>36 \u00b0C<\/td>\n<td>Incubator<\/td>\n<td>1750 mU\/L<\/td>\n<td>Pasteurisierte Milch<\/td>\n<\/tr>\n<tr>\n<td>BIOO SCIENTIFIC MaxSignal<\/td>\n<td>30 Min.<\/td>\n<td>Lesen nach Inkubation<\/td>\n<td>37 \u00b0C<\/td>\n<td>Incubator<\/td>\n<td>700 mU\/L<\/td>\n<td>Pasteurisierte Milch, K\u00e4se<\/td>\n<\/tr>\n<tr>\n<td>Heyl Lactognost III<\/td>\n<td>60 Min.<\/td>\n<td>10 Min.<\/td>\n<td>37 \u00b0C<\/td>\n<td>Incubator, Zentrifuge, Wasserbad<\/td>\n<td>350 mU\/L<\/td>\n<td>Pasteurisierte Milch, Molke, Sahne, Butter<\/td>\n<\/tr>\n<tr>\n<td>HARDY Alkaline Phosphatase<\/td>\n<td>30-60 mMinin.<\/td>\n<td>Lesen nach Inkubation<\/td>\n<td>37 \u00b0C<\/td>\n<td>Wasserbad, Incubator<\/td>\n<td>700 mU\/L<\/td>\n<td>Pasteurisierte Milch, Butter, Sahn, K\u00e4se<\/td>\n<\/tr>\n<tr>\n<td>HYGIENA ZymoSnap<\/td>\n<td>10 Min. bei 20-25 \u00b0C + 5 Min. bei 37 \u00b0C<\/td>\n<td>Lesen nach 15 Min.<\/td>\n<td>Raumtemp.<\/td>\n<td>Luminometer, Wasserbad<\/td>\n<td>222 mU\/L<\/td>\n<td>Pasteurisierte Milch, Sahn, UHT<\/td>\n<\/tr>\n<\/tbody>\n<\/table>\n","protected":false},"excerpt":{"rendered":"<p>Pasteurisierungstest f\u00fcr Milch, Alkaline Phosphatase Bestimmung, Schnelltest einfach zu durchf\u00fchren.<\/p>\n","protected":false},"featured_media":5066,"template":"","meta":{"_crdt_document":""},"product_brand":[],"product_cat":[188,377],"product_tag":[],"class_list":{"0":"post-5068","1":"product","2":"type-product","3":"status-publish","4":"has-post-thumbnail","6":"product_cat-analyse-de","7":"product_cat-milch","9":"first","10":"instock","11":"taxable","12":"shipping-taxable","13":"product-type-simple"},"yoast_head":"<!-- This site is optimized with the Yoast SEO plugin v27.4 - https:\/\/yoast.com\/product\/yoast-seo-wordpress\/ -->\n<title>Pasteurisierungstest LACTOPAST BIOMEDIX - Sysmatec<\/title>\n<meta name=\"description\" content=\"Pasteurisierungs-Schnelltest basierend auf der Bestimmung der alkalischen Phosphatase in Milch, Molke, Sahne und Butter.\" \/>\n<meta name=\"robots\" content=\"index, follow, max-snippet:-1, max-image-preview:large, max-video-preview:-1\" \/>\n<link rel=\"canonical\" href=\"https:\/\/sysmatec.ch\/de\/produit\/pasteurisierungstest-lactopast-biomedix\/\" \/>\n<meta property=\"og:locale\" content=\"de_DE\" \/>\n<meta property=\"og:type\" content=\"article\" \/>\n<meta property=\"og:title\" content=\"Pasteurisierungstest LACTOPAST BIOMEDIX - Sysmatec\" \/>\n<meta property=\"og:description\" content=\"Pasteurisierungs-Schnelltest basierend auf der Bestimmung der alkalischen Phosphatase in Milch, Molke, Sahne und Butter.\" \/>\n<meta property=\"og:url\" content=\"https:\/\/sysmatec.ch\/de\/produit\/pasteurisierungstest-lactopast-biomedix\/\" \/>\n<meta property=\"og:site_name\" content=\"Sysmatec\" \/>\n<meta property=\"article:modified_time\" content=\"2022-02-05T20:31:22+00:00\" \/>\n<meta property=\"og:image\" content=\"https:\/\/sysmatec.ch\/wp-content\/uploads\/2019\/04\/Analyse_MenidiMedica_Lactopast.jpg\" \/>\n\t<meta property=\"og:image:width\" content=\"157\" \/>\n\t<meta property=\"og:image:height\" content=\"229\" \/>\n\t<meta property=\"og:image:type\" content=\"image\/jpeg\" \/>\n<meta name=\"twitter:card\" content=\"summary_large_image\" \/>\n<meta name=\"twitter:label1\" content=\"Gesch\u00e4tzte Lesezeit\" \/>\n\t<meta name=\"twitter:data1\" content=\"1\u00a0Minute\" \/>\n<script type=\"application\/ld+json\" class=\"yoast-schema-graph\">{\"@context\":\"https:\\\/\\\/schema.org\",\"@graph\":[{\"@type\":\"WebPage\",\"@id\":\"https:\\\/\\\/sysmatec.ch\\\/de\\\/produit\\\/pasteurisierungstest-lactopast-biomedix\\\/\",\"url\":\"https:\\\/\\\/sysmatec.ch\\\/de\\\/produit\\\/pasteurisierungstest-lactopast-biomedix\\\/\",\"name\":\"Pasteurisierungstest LACTOPAST BIOMEDIX - Sysmatec\",\"isPartOf\":{\"@id\":\"https:\\\/\\\/sysmatec.ch\\\/de\\\/#website\"},\"primaryImageOfPage\":{\"@id\":\"https:\\\/\\\/sysmatec.ch\\\/de\\\/produit\\\/pasteurisierungstest-lactopast-biomedix\\\/#primaryimage\"},\"image\":{\"@id\":\"https:\\\/\\\/sysmatec.ch\\\/de\\\/produit\\\/pasteurisierungstest-lactopast-biomedix\\\/#primaryimage\"},\"thumbnailUrl\":\"https:\\\/\\\/sysmatec.ch\\\/wp-content\\\/uploads\\\/2019\\\/04\\\/Analyse_MenidiMedica_Lactopast.jpg\",\"datePublished\":\"2019-04-06T20:03:39+00:00\",\"dateModified\":\"2022-02-05T20:31:22+00:00\",\"description\":\"Pasteurisierungs-Schnelltest basierend auf der Bestimmung der alkalischen Phosphatase in Milch, Molke, Sahne und Butter.\",\"breadcrumb\":{\"@id\":\"https:\\\/\\\/sysmatec.ch\\\/de\\\/produit\\\/pasteurisierungstest-lactopast-biomedix\\\/#breadcrumb\"},\"inLanguage\":\"de\",\"potentialAction\":[{\"@type\":\"ReadAction\",\"target\":[\"https:\\\/\\\/sysmatec.ch\\\/de\\\/produit\\\/pasteurisierungstest-lactopast-biomedix\\\/\"]}]},{\"@type\":\"ImageObject\",\"inLanguage\":\"de\",\"@id\":\"https:\\\/\\\/sysmatec.ch\\\/de\\\/produit\\\/pasteurisierungstest-lactopast-biomedix\\\/#primaryimage\",\"url\":\"https:\\\/\\\/sysmatec.ch\\\/wp-content\\\/uploads\\\/2019\\\/04\\\/Analyse_MenidiMedica_Lactopast.jpg\",\"contentUrl\":\"https:\\\/\\\/sysmatec.ch\\\/wp-content\\\/uploads\\\/2019\\\/04\\\/Analyse_MenidiMedica_Lactopast.jpg\",\"width\":157,\"height\":229},{\"@type\":\"BreadcrumbList\",\"@id\":\"https:\\\/\\\/sysmatec.ch\\\/de\\\/produit\\\/pasteurisierungstest-lactopast-biomedix\\\/#breadcrumb\",\"itemListElement\":[{\"@type\":\"ListItem\",\"position\":1,\"name\":\"Accueil\",\"item\":\"https:\\\/\\\/sysmatec.ch\\\/de\\\/\"},{\"@type\":\"ListItem\",\"position\":2,\"name\":\"Die Aktivit\u00e4t von Sysmatec\",\"item\":\"https:\\\/\\\/sysmatec.ch\\\/de\\\/\"},{\"@type\":\"ListItem\",\"position\":3,\"name\":\"Pasteurisierungstest LACTOPAST BIOMEDIX\"}]},{\"@type\":\"WebSite\",\"@id\":\"https:\\\/\\\/sysmatec.ch\\\/de\\\/#website\",\"url\":\"https:\\\/\\\/sysmatec.ch\\\/de\\\/\",\"name\":\"Sysmatec\",\"description\":\"Equipement de laboratoire et logiciels\",\"publisher\":{\"@id\":\"https:\\\/\\\/sysmatec.ch\\\/de\\\/#organization\"},\"potentialAction\":[{\"@type\":\"SearchAction\",\"target\":{\"@type\":\"EntryPoint\",\"urlTemplate\":\"https:\\\/\\\/sysmatec.ch\\\/de\\\/?s={search_term_string}\"},\"query-input\":{\"@type\":\"PropertyValueSpecification\",\"valueRequired\":true,\"valueName\":\"search_term_string\"}}],\"inLanguage\":\"de\"},{\"@type\":\"Organization\",\"@id\":\"https:\\\/\\\/sysmatec.ch\\\/de\\\/#organization\",\"name\":\"Sysmatec\",\"url\":\"https:\\\/\\\/sysmatec.ch\\\/de\\\/\",\"logo\":{\"@type\":\"ImageObject\",\"inLanguage\":\"de\",\"@id\":\"https:\\\/\\\/sysmatec.ch\\\/de\\\/#\\\/schema\\\/logo\\\/image\\\/\",\"url\":\"https:\\\/\\\/sysmatec.ch\\\/wp-content\\\/uploads\\\/2018\\\/11\\\/LogoSysmatec.jpg\",\"contentUrl\":\"https:\\\/\\\/sysmatec.ch\\\/wp-content\\\/uploads\\\/2018\\\/11\\\/LogoSysmatec.jpg\",\"width\":301,\"height\":297,\"caption\":\"Sysmatec\"},\"image\":{\"@id\":\"https:\\\/\\\/sysmatec.ch\\\/de\\\/#\\\/schema\\\/logo\\\/image\\\/\"}}]}<\/script>\n<!-- \/ Yoast SEO plugin. -->","yoast_head_json":{"title":"Pasteurisierungstest LACTOPAST BIOMEDIX - Sysmatec","description":"Pasteurisierungs-Schnelltest basierend auf der Bestimmung der alkalischen Phosphatase in Milch, Molke, Sahne und Butter.","robots":{"index":"index","follow":"follow","max-snippet":"max-snippet:-1","max-image-preview":"max-image-preview:large","max-video-preview":"max-video-preview:-1"},"canonical":"https:\/\/sysmatec.ch\/de\/produit\/pasteurisierungstest-lactopast-biomedix\/","og_locale":"de_DE","og_type":"article","og_title":"Pasteurisierungstest LACTOPAST BIOMEDIX - Sysmatec","og_description":"Pasteurisierungs-Schnelltest basierend auf der Bestimmung der alkalischen Phosphatase in Milch, Molke, Sahne und Butter.","og_url":"https:\/\/sysmatec.ch\/de\/produit\/pasteurisierungstest-lactopast-biomedix\/","og_site_name":"Sysmatec","article_modified_time":"2022-02-05T20:31:22+00:00","og_image":[{"width":157,"height":229,"url":"https:\/\/sysmatec.ch\/wp-content\/uploads\/2019\/04\/Analyse_MenidiMedica_Lactopast.jpg","type":"image\/jpeg"}],"twitter_card":"summary_large_image","twitter_misc":{"Gesch\u00e4tzte Lesezeit":"1\u00a0Minute"},"schema":{"@context":"https:\/\/schema.org","@graph":[{"@type":"WebPage","@id":"https:\/\/sysmatec.ch\/de\/produit\/pasteurisierungstest-lactopast-biomedix\/","url":"https:\/\/sysmatec.ch\/de\/produit\/pasteurisierungstest-lactopast-biomedix\/","name":"Pasteurisierungstest LACTOPAST BIOMEDIX - Sysmatec","isPartOf":{"@id":"https:\/\/sysmatec.ch\/de\/#website"},"primaryImageOfPage":{"@id":"https:\/\/sysmatec.ch\/de\/produit\/pasteurisierungstest-lactopast-biomedix\/#primaryimage"},"image":{"@id":"https:\/\/sysmatec.ch\/de\/produit\/pasteurisierungstest-lactopast-biomedix\/#primaryimage"},"thumbnailUrl":"https:\/\/sysmatec.ch\/wp-content\/uploads\/2019\/04\/Analyse_MenidiMedica_Lactopast.jpg","datePublished":"2019-04-06T20:03:39+00:00","dateModified":"2022-02-05T20:31:22+00:00","description":"Pasteurisierungs-Schnelltest basierend auf der Bestimmung der alkalischen Phosphatase in Milch, Molke, Sahne und Butter.","breadcrumb":{"@id":"https:\/\/sysmatec.ch\/de\/produit\/pasteurisierungstest-lactopast-biomedix\/#breadcrumb"},"inLanguage":"de","potentialAction":[{"@type":"ReadAction","target":["https:\/\/sysmatec.ch\/de\/produit\/pasteurisierungstest-lactopast-biomedix\/"]}]},{"@type":"ImageObject","inLanguage":"de","@id":"https:\/\/sysmatec.ch\/de\/produit\/pasteurisierungstest-lactopast-biomedix\/#primaryimage","url":"https:\/\/sysmatec.ch\/wp-content\/uploads\/2019\/04\/Analyse_MenidiMedica_Lactopast.jpg","contentUrl":"https:\/\/sysmatec.ch\/wp-content\/uploads\/2019\/04\/Analyse_MenidiMedica_Lactopast.jpg","width":157,"height":229},{"@type":"BreadcrumbList","@id":"https:\/\/sysmatec.ch\/de\/produit\/pasteurisierungstest-lactopast-biomedix\/#breadcrumb","itemListElement":[{"@type":"ListItem","position":1,"name":"Accueil","item":"https:\/\/sysmatec.ch\/de\/"},{"@type":"ListItem","position":2,"name":"Die Aktivit\u00e4t von Sysmatec","item":"https:\/\/sysmatec.ch\/de\/"},{"@type":"ListItem","position":3,"name":"Pasteurisierungstest LACTOPAST BIOMEDIX"}]},{"@type":"WebSite","@id":"https:\/\/sysmatec.ch\/de\/#website","url":"https:\/\/sysmatec.ch\/de\/","name":"Sysmatec","description":"Equipement de laboratoire et logiciels","publisher":{"@id":"https:\/\/sysmatec.ch\/de\/#organization"},"potentialAction":[{"@type":"SearchAction","target":{"@type":"EntryPoint","urlTemplate":"https:\/\/sysmatec.ch\/de\/?s={search_term_string}"},"query-input":{"@type":"PropertyValueSpecification","valueRequired":true,"valueName":"search_term_string"}}],"inLanguage":"de"},{"@type":"Organization","@id":"https:\/\/sysmatec.ch\/de\/#organization","name":"Sysmatec","url":"https:\/\/sysmatec.ch\/de\/","logo":{"@type":"ImageObject","inLanguage":"de","@id":"https:\/\/sysmatec.ch\/de\/#\/schema\/logo\/image\/","url":"https:\/\/sysmatec.ch\/wp-content\/uploads\/2018\/11\/LogoSysmatec.jpg","contentUrl":"https:\/\/sysmatec.ch\/wp-content\/uploads\/2018\/11\/LogoSysmatec.jpg","width":301,"height":297,"caption":"Sysmatec"},"image":{"@id":"https:\/\/sysmatec.ch\/de\/#\/schema\/logo\/image\/"}}]}},"_links":{"self":[{"href":"https:\/\/sysmatec.ch\/de\/wp-json\/wp\/v2\/product\/5068","targetHints":{"allow":["GET"]}}],"collection":[{"href":"https:\/\/sysmatec.ch\/de\/wp-json\/wp\/v2\/product"}],"about":[{"href":"https:\/\/sysmatec.ch\/de\/wp-json\/wp\/v2\/types\/product"}],"wp:featuredmedia":[{"embeddable":true,"href":"https:\/\/sysmatec.ch\/de\/wp-json\/wp\/v2\/media\/5066"}],"wp:attachment":[{"href":"https:\/\/sysmatec.ch\/de\/wp-json\/wp\/v2\/media?parent=5068"}],"wp:term":[{"taxonomy":"product_brand","embeddable":true,"href":"https:\/\/sysmatec.ch\/de\/wp-json\/wp\/v2\/product_brand?post=5068"},{"taxonomy":"product_cat","embeddable":true,"href":"https:\/\/sysmatec.ch\/de\/wp-json\/wp\/v2\/product_cat?post=5068"},{"taxonomy":"product_tag","embeddable":true,"href":"https:\/\/sysmatec.ch\/de\/wp-json\/wp\/v2\/product_tag?post=5068"}],"curies":[{"name":"wp","href":"https:\/\/api.w.org\/{rel}","templated":true}]}}