{"id":5062,"date":"2019-04-06T21:26:46","date_gmt":"2019-04-06T19:26:46","guid":{"rendered":"https:\/\/sysmatec.ch\/produit\/tests-rapides-pour-antibiotiques-dans-le-lait\/"},"modified":"2022-02-05T21:35:14","modified_gmt":"2022-02-05T20:35:14","slug":"schnelltest-fuer-antibiotika","status":"publish","type":"product","link":"https:\/\/sysmatec.ch\/de\/Produkt\/schnelltest-fuer-antibiotika\/","title":{"rendered":"Schnelltest f\u00fcr Antibiotika"},"content":{"rendered":"<p>Antibiotika-R\u00fcckst\u00e4nde in der Milch stellen ein gro\u00dfes Problem in der Milchwirtschaft dar, weil sie die Starterkulturen f\u00fcr die Joghurt- und K\u00e4seherstellung hemmen oder verlangsamen k\u00f6nnen. Mit diesen Kits ist es einfach, die Milch in 10 Minuten zu kontrollieren. Wenn es positiv ist, wird empfohlen, mit einem anderen Test die Ergebnisse zu best\u00e4tigen.<\/p>\n<p>Vorteil: schnell, keine Notwendigkeit von extra Ausr\u00fcstung<\/p>\n<p>Lagerung: 2-8 \u00b0 C, vor Sonne und Feuchtigkeit sch\u00fctzen, nicht einfrieren, Haltbarkeit = 12 Monate<\/p>\n<p>Verpackung: 12 x 8 Tests<\/p>\n<table border=\"1\" width=\"398\" cellspacing=\"2\" cellpadding=\"0\">\n<tbody>\n<tr>\n<td>Beta-Lactams<\/td>\n<td>MRL (ug\/L)<\/td>\n<td>LOD (ug\/L)<\/td>\n<\/tr>\n<tr>\n<td>penicillin G<\/td>\n<td>4<\/td>\n<td>2-3<\/td>\n<\/tr>\n<tr>\n<td>ampicillin<\/td>\n<td>4<\/td>\n<td>3-4<\/td>\n<\/tr>\n<tr>\n<td>amoxillin<\/td>\n<td>4<\/td>\n<td>3-4<\/td>\n<\/tr>\n<tr>\n<td>oxacillin<\/td>\n<td>30<\/td>\n<td>5-6<\/td>\n<\/tr>\n<tr>\n<td>cloxacilin<\/td>\n<td>30<\/td>\n<td>4-5<\/td>\n<\/tr>\n<tr>\n<td>dicloxacillin<\/td>\n<td>30<\/td>\n<td>4-5<\/td>\n<\/tr>\n<tr>\n<td>nafcillin<\/td>\n<td>30<\/td>\n<td>14-16<\/td>\n<\/tr>\n<tr>\n<td>cephapirin<\/td>\n<td>60<\/td>\n<td>20<\/td>\n<\/tr>\n<tr>\n<td>cefoperazone<\/td>\n<td>50<\/td>\n<td>4-5<\/td>\n<\/tr>\n<tr>\n<td>cefalonium<\/td>\n<td>20<\/td>\n<td>3-4<\/td>\n<\/tr>\n<tr>\n<td>cefquinone<\/td>\n<td>20<\/td>\n<td>10-12<\/td>\n<\/tr>\n<tr>\n<td>cephacetrile<\/td>\n<td>125<\/td>\n<td>35-40<\/td>\n<\/tr>\n<tr>\n<td>Tetracyclines<\/td>\n<td><\/td>\n<td><\/td>\n<\/tr>\n<tr>\n<td>Tetracycline<\/td>\n<td>100<\/td>\n<td>6-8<\/td>\n<\/tr>\n<tr>\n<td>Oxytetracycline<\/td>\n<td>100<\/td>\n<td>10-12<\/td>\n<\/tr>\n<tr>\n<td>Aminoglycoside<\/td>\n<td><\/td>\n<td><\/td>\n<\/tr>\n<tr>\n<td>Streptomycin<\/td>\n<td>125<\/td>\n<td>15-20<\/td>\n<\/tr>\n<tr>\n<td>Dihydrostreptomycin sulphate<\/td>\n<td>200<\/td>\n<td>15-20<\/td>\n<\/tr>\n<tr>\n<td>Sulfamides<\/td>\n<td><\/td>\n<td><\/td>\n<\/tr>\n<tr>\n<td>Sulfathaline<\/td>\n<td>100<\/td>\n<td>60<\/td>\n<\/tr>\n<tr>\n<td>Sulfadiazine<\/td>\n<td>100<\/td>\n<td>100<\/td>\n<\/tr>\n<tr>\n<td>Sulfadimethoxazole<\/td>\n<td>100<\/td>\n<td>50<\/td>\n<\/tr>\n<tr>\n<td>Sulfadimethoxine<\/td>\n<td>100<\/td>\n<td>100<\/td>\n<\/tr>\n<tr>\n<td>Sulfadimidine<\/td>\n<td>100<\/td>\n<td>30<\/td>\n<\/tr>\n<tr>\n<td>Sulfachloropyrazine<\/td>\n<td>100<\/td>\n<td>70<\/td>\n<\/tr>\n<tr>\n<td>Sulfisomidine<\/td>\n<td>100<\/td>\n<td>30<\/td>\n<\/tr>\n<tr>\n<td>Sulfamonomethoxin<\/td>\n<td>100<\/td>\n<td>30<\/td>\n<\/tr>\n<tr>\n<td>Sulfamonomethoxypyridazine<\/td>\n<td>100<\/td>\n<td>65<\/td>\n<\/tr>\n<tr>\n<td>Sulfaquinoxaline<\/td>\n<td>100<\/td>\n<td>100<\/td>\n<\/tr>\n<tr>\n<td>Sulfachlorpyridazine<\/td>\n<td>100<\/td>\n<td>60<\/td>\n<\/tr>\n<tr>\n<td>Sulfacmethoxydiazin<\/td>\n<td>100<\/td>\n<td>100<\/td>\n<\/tr>\n<tr>\n<td>Chloramphenicol<\/td>\n<td><\/td>\n<td><\/td>\n<\/tr>\n<tr>\n<td>Chloramphenicol<\/td>\n<td>0<\/td>\n<td>0.2-0.3<\/td>\n<\/tr>\n<\/tbody>\n<\/table>\n<p>MRL: Maximum Residue Limit<\/p>\n<p>LOD: Limit Of Determination<\/p>\n<p>Packaging:<\/p>\n<ul>\n<li type=\"disc\">Test f\u00fcr Beta-lactam<\/li>\n<li type=\"disc\">Test f\u00fcr Beta-lactam und Tetracycline<\/li>\n<li type=\"disc\">Test f\u00fcr Beta-lactam, Tetracycline und Sulfanilamide<\/li>\n<li type=\"disc\">Test f\u00fcr Beta-lactam, Tetracycline, Streptomycine und Chloramphenicol<\/li>\n<\/ul>\n","protected":false},"excerpt":{"rendered":"<p>Schnelltest f\u00fcr Antibiotika<\/p>\n","protected":false},"featured_media":5059,"template":"","meta":{"_crdt_document":""},"product_brand":[],"product_cat":[188,377],"product_tag":[],"class_list":{"0":"post-5062","1":"product","2":"type-product","3":"status-publish","4":"has-post-thumbnail","6":"product_cat-analyse-de","7":"product_cat-milch","9":"first","10":"instock","11":"taxable","12":"shipping-taxable","13":"product-type-simple"},"yoast_head":"<!-- This site is optimized with the Yoast SEO plugin v27.5 - https:\/\/yoast.com\/product\/yoast-seo-wordpress\/ -->\n<title>Schnelltest f\u00fcr Antibiotika - Sysmatec<\/title>\n<meta name=\"description\" content=\"Schnelltest zum Nachweis von Antibiotika einschlie\u00dflich Beta-Lactam, Tetracyclin, Streptomycin und Chloramphenicol in Milch.\" \/>\n<meta name=\"robots\" content=\"index, follow, max-snippet:-1, max-image-preview:large, max-video-preview:-1\" \/>\n<link rel=\"canonical\" href=\"https:\/\/sysmatec.ch\/de\/produit\/schnelltest-fuer-antibiotika\/\" \/>\n<meta property=\"og:locale\" content=\"de_DE\" \/>\n<meta property=\"og:type\" content=\"article\" \/>\n<meta property=\"og:title\" content=\"Schnelltest f\u00fcr Antibiotika - Sysmatec\" \/>\n<meta property=\"og:description\" content=\"Schnelltest zum Nachweis von Antibiotika einschlie\u00dflich Beta-Lactam, Tetracyclin, Streptomycin und Chloramphenicol in Milch.\" \/>\n<meta property=\"og:url\" content=\"https:\/\/sysmatec.ch\/de\/produit\/schnelltest-fuer-antibiotika\/\" \/>\n<meta property=\"og:site_name\" content=\"Sysmatec\" \/>\n<meta property=\"article:modified_time\" content=\"2022-02-05T20:35:14+00:00\" \/>\n<meta property=\"og:image\" content=\"https:\/\/sysmatec.ch\/wp-content\/uploads\/2019\/04\/Analyse_BlueWhaleAntibiotc1.jpg\" \/>\n\t<meta property=\"og:image:width\" content=\"186\" \/>\n\t<meta property=\"og:image:height\" content=\"106\" \/>\n\t<meta property=\"og:image:type\" content=\"image\/jpeg\" \/>\n<meta name=\"twitter:card\" content=\"summary_large_image\" \/>\n<meta name=\"twitter:label1\" content=\"Gesch\u00e4tzte Lesezeit\" \/>\n\t<meta name=\"twitter:data1\" content=\"1\u00a0Minute\" \/>\n<script type=\"application\/ld+json\" class=\"yoast-schema-graph\">{\"@context\":\"https:\\\/\\\/schema.org\",\"@graph\":[{\"@type\":\"WebPage\",\"@id\":\"https:\\\/\\\/sysmatec.ch\\\/de\\\/produit\\\/schnelltest-fuer-antibiotika\\\/\",\"url\":\"https:\\\/\\\/sysmatec.ch\\\/de\\\/produit\\\/schnelltest-fuer-antibiotika\\\/\",\"name\":\"Schnelltest f\u00fcr Antibiotika - Sysmatec\",\"isPartOf\":{\"@id\":\"https:\\\/\\\/sysmatec.ch\\\/de\\\/#website\"},\"primaryImageOfPage\":{\"@id\":\"https:\\\/\\\/sysmatec.ch\\\/de\\\/produit\\\/schnelltest-fuer-antibiotika\\\/#primaryimage\"},\"image\":{\"@id\":\"https:\\\/\\\/sysmatec.ch\\\/de\\\/produit\\\/schnelltest-fuer-antibiotika\\\/#primaryimage\"},\"thumbnailUrl\":\"https:\\\/\\\/sysmatec.ch\\\/wp-content\\\/uploads\\\/2019\\\/04\\\/Analyse_BlueWhaleAntibiotc1.jpg\",\"datePublished\":\"2019-04-06T19:26:46+00:00\",\"dateModified\":\"2022-02-05T20:35:14+00:00\",\"description\":\"Schnelltest zum Nachweis von Antibiotika einschlie\u00dflich Beta-Lactam, Tetracyclin, Streptomycin und Chloramphenicol in Milch.\",\"breadcrumb\":{\"@id\":\"https:\\\/\\\/sysmatec.ch\\\/de\\\/produit\\\/schnelltest-fuer-antibiotika\\\/#breadcrumb\"},\"inLanguage\":\"de\",\"potentialAction\":[{\"@type\":\"ReadAction\",\"target\":[\"https:\\\/\\\/sysmatec.ch\\\/de\\\/produit\\\/schnelltest-fuer-antibiotika\\\/\"]}]},{\"@type\":\"ImageObject\",\"inLanguage\":\"de\",\"@id\":\"https:\\\/\\\/sysmatec.ch\\\/de\\\/produit\\\/schnelltest-fuer-antibiotika\\\/#primaryimage\",\"url\":\"https:\\\/\\\/sysmatec.ch\\\/wp-content\\\/uploads\\\/2019\\\/04\\\/Analyse_BlueWhaleAntibiotc1.jpg\",\"contentUrl\":\"https:\\\/\\\/sysmatec.ch\\\/wp-content\\\/uploads\\\/2019\\\/04\\\/Analyse_BlueWhaleAntibiotc1.jpg\",\"width\":186,\"height\":106},{\"@type\":\"BreadcrumbList\",\"@id\":\"https:\\\/\\\/sysmatec.ch\\\/de\\\/produit\\\/schnelltest-fuer-antibiotika\\\/#breadcrumb\",\"itemListElement\":[{\"@type\":\"ListItem\",\"position\":1,\"name\":\"Accueil\",\"item\":\"https:\\\/\\\/sysmatec.ch\\\/de\\\/\"},{\"@type\":\"ListItem\",\"position\":2,\"name\":\"Die Aktivit\u00e4t von Sysmatec\",\"item\":\"https:\\\/\\\/sysmatec.ch\\\/de\\\/\"},{\"@type\":\"ListItem\",\"position\":3,\"name\":\"Schnelltest f\u00fcr Antibiotika\"}]},{\"@type\":\"WebSite\",\"@id\":\"https:\\\/\\\/sysmatec.ch\\\/de\\\/#website\",\"url\":\"https:\\\/\\\/sysmatec.ch\\\/de\\\/\",\"name\":\"Sysmatec\",\"description\":\"Equipement de laboratoire et logiciels\",\"publisher\":{\"@id\":\"https:\\\/\\\/sysmatec.ch\\\/de\\\/#organization\"},\"potentialAction\":[{\"@type\":\"SearchAction\",\"target\":{\"@type\":\"EntryPoint\",\"urlTemplate\":\"https:\\\/\\\/sysmatec.ch\\\/de\\\/?s={search_term_string}\"},\"query-input\":{\"@type\":\"PropertyValueSpecification\",\"valueRequired\":true,\"valueName\":\"search_term_string\"}}],\"inLanguage\":\"de\"},{\"@type\":\"Organization\",\"@id\":\"https:\\\/\\\/sysmatec.ch\\\/de\\\/#organization\",\"name\":\"Sysmatec\",\"url\":\"https:\\\/\\\/sysmatec.ch\\\/de\\\/\",\"logo\":{\"@type\":\"ImageObject\",\"inLanguage\":\"de\",\"@id\":\"https:\\\/\\\/sysmatec.ch\\\/de\\\/#\\\/schema\\\/logo\\\/image\\\/\",\"url\":\"https:\\\/\\\/sysmatec.ch\\\/wp-content\\\/uploads\\\/2018\\\/11\\\/LogoSysmatec.jpg\",\"contentUrl\":\"https:\\\/\\\/sysmatec.ch\\\/wp-content\\\/uploads\\\/2018\\\/11\\\/LogoSysmatec.jpg\",\"width\":301,\"height\":297,\"caption\":\"Sysmatec\"},\"image\":{\"@id\":\"https:\\\/\\\/sysmatec.ch\\\/de\\\/#\\\/schema\\\/logo\\\/image\\\/\"}}]}<\/script>\n<!-- \/ Yoast SEO plugin. -->","yoast_head_json":{"title":"Schnelltest f\u00fcr Antibiotika - Sysmatec","description":"Schnelltest zum Nachweis von Antibiotika einschlie\u00dflich Beta-Lactam, Tetracyclin, Streptomycin und Chloramphenicol in Milch.","robots":{"index":"index","follow":"follow","max-snippet":"max-snippet:-1","max-image-preview":"max-image-preview:large","max-video-preview":"max-video-preview:-1"},"canonical":"https:\/\/sysmatec.ch\/de\/produit\/schnelltest-fuer-antibiotika\/","og_locale":"de_DE","og_type":"article","og_title":"Schnelltest f\u00fcr Antibiotika - Sysmatec","og_description":"Schnelltest zum Nachweis von Antibiotika einschlie\u00dflich Beta-Lactam, Tetracyclin, Streptomycin und Chloramphenicol in Milch.","og_url":"https:\/\/sysmatec.ch\/de\/produit\/schnelltest-fuer-antibiotika\/","og_site_name":"Sysmatec","article_modified_time":"2022-02-05T20:35:14+00:00","og_image":[{"width":186,"height":106,"url":"https:\/\/sysmatec.ch\/wp-content\/uploads\/2019\/04\/Analyse_BlueWhaleAntibiotc1.jpg","type":"image\/jpeg"}],"twitter_card":"summary_large_image","twitter_misc":{"Gesch\u00e4tzte Lesezeit":"1\u00a0Minute"},"schema":{"@context":"https:\/\/schema.org","@graph":[{"@type":"WebPage","@id":"https:\/\/sysmatec.ch\/de\/produit\/schnelltest-fuer-antibiotika\/","url":"https:\/\/sysmatec.ch\/de\/produit\/schnelltest-fuer-antibiotika\/","name":"Schnelltest f\u00fcr Antibiotika - Sysmatec","isPartOf":{"@id":"https:\/\/sysmatec.ch\/de\/#website"},"primaryImageOfPage":{"@id":"https:\/\/sysmatec.ch\/de\/produit\/schnelltest-fuer-antibiotika\/#primaryimage"},"image":{"@id":"https:\/\/sysmatec.ch\/de\/produit\/schnelltest-fuer-antibiotika\/#primaryimage"},"thumbnailUrl":"https:\/\/sysmatec.ch\/wp-content\/uploads\/2019\/04\/Analyse_BlueWhaleAntibiotc1.jpg","datePublished":"2019-04-06T19:26:46+00:00","dateModified":"2022-02-05T20:35:14+00:00","description":"Schnelltest zum Nachweis von Antibiotika einschlie\u00dflich Beta-Lactam, Tetracyclin, Streptomycin und Chloramphenicol in Milch.","breadcrumb":{"@id":"https:\/\/sysmatec.ch\/de\/produit\/schnelltest-fuer-antibiotika\/#breadcrumb"},"inLanguage":"de","potentialAction":[{"@type":"ReadAction","target":["https:\/\/sysmatec.ch\/de\/produit\/schnelltest-fuer-antibiotika\/"]}]},{"@type":"ImageObject","inLanguage":"de","@id":"https:\/\/sysmatec.ch\/de\/produit\/schnelltest-fuer-antibiotika\/#primaryimage","url":"https:\/\/sysmatec.ch\/wp-content\/uploads\/2019\/04\/Analyse_BlueWhaleAntibiotc1.jpg","contentUrl":"https:\/\/sysmatec.ch\/wp-content\/uploads\/2019\/04\/Analyse_BlueWhaleAntibiotc1.jpg","width":186,"height":106},{"@type":"BreadcrumbList","@id":"https:\/\/sysmatec.ch\/de\/produit\/schnelltest-fuer-antibiotika\/#breadcrumb","itemListElement":[{"@type":"ListItem","position":1,"name":"Accueil","item":"https:\/\/sysmatec.ch\/de\/"},{"@type":"ListItem","position":2,"name":"Die Aktivit\u00e4t von Sysmatec","item":"https:\/\/sysmatec.ch\/de\/"},{"@type":"ListItem","position":3,"name":"Schnelltest f\u00fcr Antibiotika"}]},{"@type":"WebSite","@id":"https:\/\/sysmatec.ch\/de\/#website","url":"https:\/\/sysmatec.ch\/de\/","name":"Sysmatec","description":"Equipement de laboratoire et logiciels","publisher":{"@id":"https:\/\/sysmatec.ch\/de\/#organization"},"potentialAction":[{"@type":"SearchAction","target":{"@type":"EntryPoint","urlTemplate":"https:\/\/sysmatec.ch\/de\/?s={search_term_string}"},"query-input":{"@type":"PropertyValueSpecification","valueRequired":true,"valueName":"search_term_string"}}],"inLanguage":"de"},{"@type":"Organization","@id":"https:\/\/sysmatec.ch\/de\/#organization","name":"Sysmatec","url":"https:\/\/sysmatec.ch\/de\/","logo":{"@type":"ImageObject","inLanguage":"de","@id":"https:\/\/sysmatec.ch\/de\/#\/schema\/logo\/image\/","url":"https:\/\/sysmatec.ch\/wp-content\/uploads\/2018\/11\/LogoSysmatec.jpg","contentUrl":"https:\/\/sysmatec.ch\/wp-content\/uploads\/2018\/11\/LogoSysmatec.jpg","width":301,"height":297,"caption":"Sysmatec"},"image":{"@id":"https:\/\/sysmatec.ch\/de\/#\/schema\/logo\/image\/"}}]}},"_links":{"self":[{"href":"https:\/\/sysmatec.ch\/de\/wp-json\/wp\/v2\/product\/5062","targetHints":{"allow":["GET"]}}],"collection":[{"href":"https:\/\/sysmatec.ch\/de\/wp-json\/wp\/v2\/product"}],"about":[{"href":"https:\/\/sysmatec.ch\/de\/wp-json\/wp\/v2\/types\/product"}],"wp:featuredmedia":[{"embeddable":true,"href":"https:\/\/sysmatec.ch\/de\/wp-json\/wp\/v2\/media\/5059"}],"wp:attachment":[{"href":"https:\/\/sysmatec.ch\/de\/wp-json\/wp\/v2\/media?parent=5062"}],"wp:term":[{"taxonomy":"product_brand","embeddable":true,"href":"https:\/\/sysmatec.ch\/de\/wp-json\/wp\/v2\/product_brand?post=5062"},{"taxonomy":"product_cat","embeddable":true,"href":"https:\/\/sysmatec.ch\/de\/wp-json\/wp\/v2\/product_cat?post=5062"},{"taxonomy":"product_tag","embeddable":true,"href":"https:\/\/sysmatec.ch\/de\/wp-json\/wp\/v2\/product_tag?post=5062"}],"curies":[{"name":"wp","href":"https:\/\/api.w.org\/{rel}","templated":true}]}}