{"id":5053,"date":"2019-04-06T21:17:19","date_gmt":"2019-04-06T19:17:19","guid":{"rendered":"https:\/\/sysmatec.ch\/produit\/kit-de-detection-des-detergents-biomedix\/"},"modified":"2022-02-05T21:41:25","modified_gmt":"2022-02-05T20:41:25","slug":"detergent-set-biomedix","status":"publish","type":"product","link":"https:\/\/sysmatec.ch\/de\/Produkt\/detergent-set-biomedix\/","title":{"rendered":"Detergent-Set Biomedix"},"content":{"rendered":"<p>Es kann das Vorhandensein von Reinigungsmittel in den Milchbeh\u00e4ltern nach dem Reinigungsprozess feststellen. Dar\u00fcber hinaus kann es das Vorhandensein von Detergentien in Rohmilch erkennen. Empfindlichkeitsgrenze 0,0125%.<\/p>\n<p>Verfahren<\/p>\n<p>Legen Sie 5 ml Rohmilch in ein vorgef\u00fclltes R\u00f6hrchen, schlie\u00dfen Sie die Kappe und sch\u00fctteln Sie vorsichtig.<\/p>\n<p>In 60 Sekunden zeigt das Auftreten der violetten Farbe das Vorhandensein von Detergentien in der Rohmilch an.<\/p>\n<p>In 60 Sekunden zeigt das Auftreten einer blass violetten Farbe die Abwesenheit von Detergenzien in der Rohmilch an.<\/p>\n","protected":false},"excerpt":{"rendered":"<p>Detergent-Set<\/p>\n","protected":false},"featured_media":0,"template":"","meta":{"_crdt_document":""},"product_brand":[],"product_cat":[188,377],"product_tag":[],"class_list":{"0":"post-5053","1":"product","2":"type-product","3":"status-publish","5":"product_cat-analyse-de","6":"product_cat-milch","8":"first","9":"instock","10":"taxable","11":"shipping-taxable","12":"product-type-simple"},"yoast_head":"<!-- This site is optimized with the Yoast SEO plugin v27.4 - https:\/\/yoast.com\/product\/yoast-seo-wordpress\/ -->\n<title>Detergent-Set Biomedix - Sysmatec<\/title>\n<meta name=\"description\" content=\"Kit zur Erkennung von Reinigungsmittelr\u00fcckst\u00e4nden in Milchbeh\u00e4ltern und der Milch selbst.\" \/>\n<meta name=\"robots\" content=\"index, follow, max-snippet:-1, max-image-preview:large, max-video-preview:-1\" \/>\n<link rel=\"canonical\" href=\"https:\/\/sysmatec.ch\/de\/produit\/detergent-set-biomedix\/\" \/>\n<meta property=\"og:locale\" content=\"de_DE\" \/>\n<meta property=\"og:type\" content=\"article\" \/>\n<meta property=\"og:title\" content=\"Detergent-Set Biomedix - Sysmatec\" \/>\n<meta property=\"og:description\" content=\"Kit zur Erkennung von Reinigungsmittelr\u00fcckst\u00e4nden in Milchbeh\u00e4ltern und der Milch selbst.\" \/>\n<meta property=\"og:url\" content=\"https:\/\/sysmatec.ch\/de\/produit\/detergent-set-biomedix\/\" \/>\n<meta property=\"og:site_name\" content=\"Sysmatec\" \/>\n<meta property=\"article:modified_time\" content=\"2022-02-05T20:41:25+00:00\" \/>\n<meta name=\"twitter:card\" content=\"summary_large_image\" \/>\n<script type=\"application\/ld+json\" class=\"yoast-schema-graph\">{\"@context\":\"https:\\\/\\\/schema.org\",\"@graph\":[{\"@type\":\"WebPage\",\"@id\":\"https:\\\/\\\/sysmatec.ch\\\/de\\\/produit\\\/detergent-set-biomedix\\\/\",\"url\":\"https:\\\/\\\/sysmatec.ch\\\/de\\\/produit\\\/detergent-set-biomedix\\\/\",\"name\":\"Detergent-Set Biomedix - Sysmatec\",\"isPartOf\":{\"@id\":\"https:\\\/\\\/sysmatec.ch\\\/de\\\/#website\"},\"datePublished\":\"2019-04-06T19:17:19+00:00\",\"dateModified\":\"2022-02-05T20:41:25+00:00\",\"description\":\"Kit zur Erkennung von Reinigungsmittelr\u00fcckst\u00e4nden in Milchbeh\u00e4ltern und der Milch selbst.\",\"breadcrumb\":{\"@id\":\"https:\\\/\\\/sysmatec.ch\\\/de\\\/produit\\\/detergent-set-biomedix\\\/#breadcrumb\"},\"inLanguage\":\"de\",\"potentialAction\":[{\"@type\":\"ReadAction\",\"target\":[\"https:\\\/\\\/sysmatec.ch\\\/de\\\/produit\\\/detergent-set-biomedix\\\/\"]}]},{\"@type\":\"BreadcrumbList\",\"@id\":\"https:\\\/\\\/sysmatec.ch\\\/de\\\/produit\\\/detergent-set-biomedix\\\/#breadcrumb\",\"itemListElement\":[{\"@type\":\"ListItem\",\"position\":1,\"name\":\"Accueil\",\"item\":\"https:\\\/\\\/sysmatec.ch\\\/de\\\/\"},{\"@type\":\"ListItem\",\"position\":2,\"name\":\"Die Aktivit\u00e4t von Sysmatec\",\"item\":\"https:\\\/\\\/sysmatec.ch\\\/de\\\/\"},{\"@type\":\"ListItem\",\"position\":3,\"name\":\"Detergent-Set Biomedix\"}]},{\"@type\":\"WebSite\",\"@id\":\"https:\\\/\\\/sysmatec.ch\\\/de\\\/#website\",\"url\":\"https:\\\/\\\/sysmatec.ch\\\/de\\\/\",\"name\":\"Sysmatec\",\"description\":\"Equipement de laboratoire et logiciels\",\"publisher\":{\"@id\":\"https:\\\/\\\/sysmatec.ch\\\/de\\\/#organization\"},\"potentialAction\":[{\"@type\":\"SearchAction\",\"target\":{\"@type\":\"EntryPoint\",\"urlTemplate\":\"https:\\\/\\\/sysmatec.ch\\\/de\\\/?s={search_term_string}\"},\"query-input\":{\"@type\":\"PropertyValueSpecification\",\"valueRequired\":true,\"valueName\":\"search_term_string\"}}],\"inLanguage\":\"de\"},{\"@type\":\"Organization\",\"@id\":\"https:\\\/\\\/sysmatec.ch\\\/de\\\/#organization\",\"name\":\"Sysmatec\",\"url\":\"https:\\\/\\\/sysmatec.ch\\\/de\\\/\",\"logo\":{\"@type\":\"ImageObject\",\"inLanguage\":\"de\",\"@id\":\"https:\\\/\\\/sysmatec.ch\\\/de\\\/#\\\/schema\\\/logo\\\/image\\\/\",\"url\":\"https:\\\/\\\/sysmatec.ch\\\/wp-content\\\/uploads\\\/2018\\\/11\\\/LogoSysmatec.jpg\",\"contentUrl\":\"https:\\\/\\\/sysmatec.ch\\\/wp-content\\\/uploads\\\/2018\\\/11\\\/LogoSysmatec.jpg\",\"width\":301,\"height\":297,\"caption\":\"Sysmatec\"},\"image\":{\"@id\":\"https:\\\/\\\/sysmatec.ch\\\/de\\\/#\\\/schema\\\/logo\\\/image\\\/\"}}]}<\/script>\n<!-- \/ Yoast SEO plugin. -->","yoast_head_json":{"title":"Detergent-Set Biomedix - Sysmatec","description":"Kit zur Erkennung von Reinigungsmittelr\u00fcckst\u00e4nden in Milchbeh\u00e4ltern und der Milch selbst.","robots":{"index":"index","follow":"follow","max-snippet":"max-snippet:-1","max-image-preview":"max-image-preview:large","max-video-preview":"max-video-preview:-1"},"canonical":"https:\/\/sysmatec.ch\/de\/produit\/detergent-set-biomedix\/","og_locale":"de_DE","og_type":"article","og_title":"Detergent-Set Biomedix - Sysmatec","og_description":"Kit zur Erkennung von Reinigungsmittelr\u00fcckst\u00e4nden in Milchbeh\u00e4ltern und der Milch selbst.","og_url":"https:\/\/sysmatec.ch\/de\/produit\/detergent-set-biomedix\/","og_site_name":"Sysmatec","article_modified_time":"2022-02-05T20:41:25+00:00","twitter_card":"summary_large_image","schema":{"@context":"https:\/\/schema.org","@graph":[{"@type":"WebPage","@id":"https:\/\/sysmatec.ch\/de\/produit\/detergent-set-biomedix\/","url":"https:\/\/sysmatec.ch\/de\/produit\/detergent-set-biomedix\/","name":"Detergent-Set Biomedix - Sysmatec","isPartOf":{"@id":"https:\/\/sysmatec.ch\/de\/#website"},"datePublished":"2019-04-06T19:17:19+00:00","dateModified":"2022-02-05T20:41:25+00:00","description":"Kit zur Erkennung von Reinigungsmittelr\u00fcckst\u00e4nden in Milchbeh\u00e4ltern und der Milch selbst.","breadcrumb":{"@id":"https:\/\/sysmatec.ch\/de\/produit\/detergent-set-biomedix\/#breadcrumb"},"inLanguage":"de","potentialAction":[{"@type":"ReadAction","target":["https:\/\/sysmatec.ch\/de\/produit\/detergent-set-biomedix\/"]}]},{"@type":"BreadcrumbList","@id":"https:\/\/sysmatec.ch\/de\/produit\/detergent-set-biomedix\/#breadcrumb","itemListElement":[{"@type":"ListItem","position":1,"name":"Accueil","item":"https:\/\/sysmatec.ch\/de\/"},{"@type":"ListItem","position":2,"name":"Die Aktivit\u00e4t von Sysmatec","item":"https:\/\/sysmatec.ch\/de\/"},{"@type":"ListItem","position":3,"name":"Detergent-Set Biomedix"}]},{"@type":"WebSite","@id":"https:\/\/sysmatec.ch\/de\/#website","url":"https:\/\/sysmatec.ch\/de\/","name":"Sysmatec","description":"Equipement de laboratoire et logiciels","publisher":{"@id":"https:\/\/sysmatec.ch\/de\/#organization"},"potentialAction":[{"@type":"SearchAction","target":{"@type":"EntryPoint","urlTemplate":"https:\/\/sysmatec.ch\/de\/?s={search_term_string}"},"query-input":{"@type":"PropertyValueSpecification","valueRequired":true,"valueName":"search_term_string"}}],"inLanguage":"de"},{"@type":"Organization","@id":"https:\/\/sysmatec.ch\/de\/#organization","name":"Sysmatec","url":"https:\/\/sysmatec.ch\/de\/","logo":{"@type":"ImageObject","inLanguage":"de","@id":"https:\/\/sysmatec.ch\/de\/#\/schema\/logo\/image\/","url":"https:\/\/sysmatec.ch\/wp-content\/uploads\/2018\/11\/LogoSysmatec.jpg","contentUrl":"https:\/\/sysmatec.ch\/wp-content\/uploads\/2018\/11\/LogoSysmatec.jpg","width":301,"height":297,"caption":"Sysmatec"},"image":{"@id":"https:\/\/sysmatec.ch\/de\/#\/schema\/logo\/image\/"}}]}},"_links":{"self":[{"href":"https:\/\/sysmatec.ch\/de\/wp-json\/wp\/v2\/product\/5053","targetHints":{"allow":["GET"]}}],"collection":[{"href":"https:\/\/sysmatec.ch\/de\/wp-json\/wp\/v2\/product"}],"about":[{"href":"https:\/\/sysmatec.ch\/de\/wp-json\/wp\/v2\/types\/product"}],"wp:attachment":[{"href":"https:\/\/sysmatec.ch\/de\/wp-json\/wp\/v2\/media?parent=5053"}],"wp:term":[{"taxonomy":"product_brand","embeddable":true,"href":"https:\/\/sysmatec.ch\/de\/wp-json\/wp\/v2\/product_brand?post=5053"},{"taxonomy":"product_cat","embeddable":true,"href":"https:\/\/sysmatec.ch\/de\/wp-json\/wp\/v2\/product_cat?post=5053"},{"taxonomy":"product_tag","embeddable":true,"href":"https:\/\/sysmatec.ch\/de\/wp-json\/wp\/v2\/product_tag?post=5053"}],"curies":[{"name":"wp","href":"https:\/\/api.w.org\/{rel}","templated":true}]}}