{"id":5049,"date":"2019-04-06T21:10:38","date_gmt":"2019-04-06T19:10:38","guid":{"rendered":"https:\/\/sysmatec.ch\/produit\/detection-de-neutralisants-dans-le-lait\/"},"modified":"2022-02-05T21:46:49","modified_gmt":"2022-02-05T20:46:49","slug":"nachweis-von-neutralisationsmittel-in-milch","status":"publish","type":"product","link":"https:\/\/sysmatec.ch\/de\/Produkt\/nachweis-von-neutralisationsmittel-in-milch\/","title":{"rendered":"Nachweis von Neutralisationsmittel in Milch"},"content":{"rendered":"<p>Die neue Neutralisierung von Milch mit Hilfe von Aktivatoren erm\u00f6glicht die direkte kolorimetrische Bestimmung des neutralisierender hinzugef\u00fcgte Stoffen (wie NADH, KOH, Carbonate, Bicarbonate, Ammoniak, verschiedene Alkalien, etc.) in der Milch, Molke oder Sahne. Diese verbotenen Substanzen k\u00f6nnen frischer oder schlecht konservierter Milch zugesetzt werden, um den pH-Wert und den S\u00e4uregehalt zu korrigieren.<\/p>\n<p>Die Probe wird in ein auf 10 ml vorgef\u00fclltes Probenr\u00f6hrchen gegossen, dann werden 2-3 Tropfen eines spezifischen gebrauchsfertigen Reagenz R zugegeben. Eine sofortige kolorimetrische Reaktion zeigt eindeutig und zweifelsfrei das Ergebnis des Tests an.<\/p>\n<p>Spezifikationen<\/p>\n<ul>\n<li type=\"disc\">Einfache farbmetrische und visuelle Interpretation Schnelltest: 2 einfache Schritte und genaue Ergebnisse in 1 Sekunde<\/li>\n<li type=\"disc\">Kann \u00fcberall durchgef\u00fchrt werden, auch au\u00dferhalb des Labors<\/li>\n<li type=\"disc\">Kein komplexes Material ben\u00f6tigt<\/li>\n<li type=\"disc\">Erkennt Zus\u00e4tze aller Neutralisatoren<\/li>\n<li type=\"disc\">Die Ergebnisse sind sehr einfach zu interpretieren.<\/li>\n<li type=\"disc\">Sobald alle Verfahrensschritte beendet worden sind, das hei\u00dft, unmittelbar nachdem die Hauptreagenz R wurde auf die vorgef\u00fcllter Probenahmer\u00f6hrchen gegeben, wird die Probe in leuchtend roten oder rosa umgewandelt, wenn ein Neutralisationsmittel ist vorhanden. Die Farbe bleibt wei\u00df, wenn kein Neutralisationsmittel hinzugef\u00fcgt wurde.<\/li>\n<\/ul>\n<p>Verpackung<\/p>\n<ul>\n<li type=\"disc\">50 vorgef\u00fcllte Probenr\u00f6hrchen mit einer 10 ml L\u00f6sung.<\/li>\n<li type=\"disc\">Reagenz R 10 ml<\/li>\n<li type=\"disc\">Gebrauchsanweisung<\/li>\n<li type=\"disc\">Lagerung bei Raumtemperatur<\/li>\n<li type=\"disc\">Stabilit\u00e4t des Tests: 24 Monate ab dem Herstellungsdatum<\/li>\n<\/ul>\n","protected":false},"excerpt":{"rendered":"<p>Nachweis von Neutralisationsmitteln in Milch<\/p>\n","protected":false},"featured_media":5043,"template":"","meta":{"_crdt_document":""},"product_brand":[],"product_cat":[188,377],"product_tag":[],"class_list":{"0":"post-5049","1":"product","2":"type-product","3":"status-publish","4":"has-post-thumbnail","6":"product_cat-analyse-de","7":"product_cat-milch","9":"first","10":"instock","11":"taxable","12":"shipping-taxable","13":"product-type-simple"},"yoast_head":"<!-- This site is optimized with the Yoast SEO plugin v27.4 - https:\/\/yoast.com\/product\/yoast-seo-wordpress\/ -->\n<title>Nachweis von Neutralisationsmittel in Milch - Sysmatec<\/title>\n<meta name=\"description\" content=\"Schnelltest zum Nachweis von Neutralisationsmitteln in Milch zur pH- oder S\u00e4urekorrektur.\" \/>\n<meta name=\"robots\" content=\"index, follow, max-snippet:-1, max-image-preview:large, max-video-preview:-1\" \/>\n<link rel=\"canonical\" href=\"https:\/\/sysmatec.ch\/de\/produit\/nachweis-von-neutralisationsmittel-in-milch\/\" \/>\n<meta property=\"og:locale\" content=\"de_DE\" \/>\n<meta property=\"og:type\" content=\"article\" \/>\n<meta property=\"og:title\" content=\"Nachweis von Neutralisationsmittel in Milch - Sysmatec\" \/>\n<meta property=\"og:description\" content=\"Schnelltest zum Nachweis von Neutralisationsmitteln in Milch zur pH- oder S\u00e4urekorrektur.\" \/>\n<meta property=\"og:url\" content=\"https:\/\/sysmatec.ch\/de\/produit\/nachweis-von-neutralisationsmittel-in-milch\/\" \/>\n<meta property=\"og:site_name\" content=\"Sysmatec\" \/>\n<meta property=\"article:modified_time\" content=\"2022-02-05T20:46:49+00:00\" \/>\n<meta property=\"og:image\" content=\"https:\/\/sysmatec.ch\/wp-content\/uploads\/2019\/04\/Analyse_MenidiMedicaUreaKar.jpg\" \/>\n\t<meta property=\"og:image:width\" content=\"183\" \/>\n\t<meta property=\"og:image:height\" content=\"106\" \/>\n\t<meta property=\"og:image:type\" content=\"image\/jpeg\" \/>\n<meta name=\"twitter:card\" content=\"summary_large_image\" \/>\n<meta name=\"twitter:label1\" content=\"Gesch\u00e4tzte Lesezeit\" \/>\n\t<meta name=\"twitter:data1\" content=\"1\u00a0Minute\" \/>\n<script type=\"application\/ld+json\" class=\"yoast-schema-graph\">{\"@context\":\"https:\\\/\\\/schema.org\",\"@graph\":[{\"@type\":\"WebPage\",\"@id\":\"https:\\\/\\\/sysmatec.ch\\\/de\\\/produit\\\/nachweis-von-neutralisationsmittel-in-milch\\\/\",\"url\":\"https:\\\/\\\/sysmatec.ch\\\/de\\\/produit\\\/nachweis-von-neutralisationsmittel-in-milch\\\/\",\"name\":\"Nachweis von Neutralisationsmittel in Milch - Sysmatec\",\"isPartOf\":{\"@id\":\"https:\\\/\\\/sysmatec.ch\\\/de\\\/#website\"},\"primaryImageOfPage\":{\"@id\":\"https:\\\/\\\/sysmatec.ch\\\/de\\\/produit\\\/nachweis-von-neutralisationsmittel-in-milch\\\/#primaryimage\"},\"image\":{\"@id\":\"https:\\\/\\\/sysmatec.ch\\\/de\\\/produit\\\/nachweis-von-neutralisationsmittel-in-milch\\\/#primaryimage\"},\"thumbnailUrl\":\"https:\\\/\\\/sysmatec.ch\\\/wp-content\\\/uploads\\\/2019\\\/04\\\/Analyse_MenidiMedicaUreaKar.jpg\",\"datePublished\":\"2019-04-06T19:10:38+00:00\",\"dateModified\":\"2022-02-05T20:46:49+00:00\",\"description\":\"Schnelltest zum Nachweis von Neutralisationsmitteln in Milch zur pH- oder S\u00e4urekorrektur.\",\"breadcrumb\":{\"@id\":\"https:\\\/\\\/sysmatec.ch\\\/de\\\/produit\\\/nachweis-von-neutralisationsmittel-in-milch\\\/#breadcrumb\"},\"inLanguage\":\"de\",\"potentialAction\":[{\"@type\":\"ReadAction\",\"target\":[\"https:\\\/\\\/sysmatec.ch\\\/de\\\/produit\\\/nachweis-von-neutralisationsmittel-in-milch\\\/\"]}]},{\"@type\":\"ImageObject\",\"inLanguage\":\"de\",\"@id\":\"https:\\\/\\\/sysmatec.ch\\\/de\\\/produit\\\/nachweis-von-neutralisationsmittel-in-milch\\\/#primaryimage\",\"url\":\"https:\\\/\\\/sysmatec.ch\\\/wp-content\\\/uploads\\\/2019\\\/04\\\/Analyse_MenidiMedicaUreaKar.jpg\",\"contentUrl\":\"https:\\\/\\\/sysmatec.ch\\\/wp-content\\\/uploads\\\/2019\\\/04\\\/Analyse_MenidiMedicaUreaKar.jpg\",\"width\":183,\"height\":106},{\"@type\":\"BreadcrumbList\",\"@id\":\"https:\\\/\\\/sysmatec.ch\\\/de\\\/produit\\\/nachweis-von-neutralisationsmittel-in-milch\\\/#breadcrumb\",\"itemListElement\":[{\"@type\":\"ListItem\",\"position\":1,\"name\":\"Accueil\",\"item\":\"https:\\\/\\\/sysmatec.ch\\\/de\\\/\"},{\"@type\":\"ListItem\",\"position\":2,\"name\":\"Die Aktivit\u00e4t von Sysmatec\",\"item\":\"https:\\\/\\\/sysmatec.ch\\\/de\\\/\"},{\"@type\":\"ListItem\",\"position\":3,\"name\":\"Nachweis von Neutralisationsmittel in Milch\"}]},{\"@type\":\"WebSite\",\"@id\":\"https:\\\/\\\/sysmatec.ch\\\/de\\\/#website\",\"url\":\"https:\\\/\\\/sysmatec.ch\\\/de\\\/\",\"name\":\"Sysmatec\",\"description\":\"Equipement de laboratoire et logiciels\",\"publisher\":{\"@id\":\"https:\\\/\\\/sysmatec.ch\\\/de\\\/#organization\"},\"potentialAction\":[{\"@type\":\"SearchAction\",\"target\":{\"@type\":\"EntryPoint\",\"urlTemplate\":\"https:\\\/\\\/sysmatec.ch\\\/de\\\/?s={search_term_string}\"},\"query-input\":{\"@type\":\"PropertyValueSpecification\",\"valueRequired\":true,\"valueName\":\"search_term_string\"}}],\"inLanguage\":\"de\"},{\"@type\":\"Organization\",\"@id\":\"https:\\\/\\\/sysmatec.ch\\\/de\\\/#organization\",\"name\":\"Sysmatec\",\"url\":\"https:\\\/\\\/sysmatec.ch\\\/de\\\/\",\"logo\":{\"@type\":\"ImageObject\",\"inLanguage\":\"de\",\"@id\":\"https:\\\/\\\/sysmatec.ch\\\/de\\\/#\\\/schema\\\/logo\\\/image\\\/\",\"url\":\"https:\\\/\\\/sysmatec.ch\\\/wp-content\\\/uploads\\\/2018\\\/11\\\/LogoSysmatec.jpg\",\"contentUrl\":\"https:\\\/\\\/sysmatec.ch\\\/wp-content\\\/uploads\\\/2018\\\/11\\\/LogoSysmatec.jpg\",\"width\":301,\"height\":297,\"caption\":\"Sysmatec\"},\"image\":{\"@id\":\"https:\\\/\\\/sysmatec.ch\\\/de\\\/#\\\/schema\\\/logo\\\/image\\\/\"}}]}<\/script>\n<!-- \/ Yoast SEO plugin. -->","yoast_head_json":{"title":"Nachweis von Neutralisationsmittel in Milch - Sysmatec","description":"Schnelltest zum Nachweis von Neutralisationsmitteln in Milch zur pH- oder S\u00e4urekorrektur.","robots":{"index":"index","follow":"follow","max-snippet":"max-snippet:-1","max-image-preview":"max-image-preview:large","max-video-preview":"max-video-preview:-1"},"canonical":"https:\/\/sysmatec.ch\/de\/produit\/nachweis-von-neutralisationsmittel-in-milch\/","og_locale":"de_DE","og_type":"article","og_title":"Nachweis von Neutralisationsmittel in Milch - Sysmatec","og_description":"Schnelltest zum Nachweis von Neutralisationsmitteln in Milch zur pH- oder S\u00e4urekorrektur.","og_url":"https:\/\/sysmatec.ch\/de\/produit\/nachweis-von-neutralisationsmittel-in-milch\/","og_site_name":"Sysmatec","article_modified_time":"2022-02-05T20:46:49+00:00","og_image":[{"width":183,"height":106,"url":"https:\/\/sysmatec.ch\/wp-content\/uploads\/2019\/04\/Analyse_MenidiMedicaUreaKar.jpg","type":"image\/jpeg"}],"twitter_card":"summary_large_image","twitter_misc":{"Gesch\u00e4tzte Lesezeit":"1\u00a0Minute"},"schema":{"@context":"https:\/\/schema.org","@graph":[{"@type":"WebPage","@id":"https:\/\/sysmatec.ch\/de\/produit\/nachweis-von-neutralisationsmittel-in-milch\/","url":"https:\/\/sysmatec.ch\/de\/produit\/nachweis-von-neutralisationsmittel-in-milch\/","name":"Nachweis von Neutralisationsmittel in Milch - Sysmatec","isPartOf":{"@id":"https:\/\/sysmatec.ch\/de\/#website"},"primaryImageOfPage":{"@id":"https:\/\/sysmatec.ch\/de\/produit\/nachweis-von-neutralisationsmittel-in-milch\/#primaryimage"},"image":{"@id":"https:\/\/sysmatec.ch\/de\/produit\/nachweis-von-neutralisationsmittel-in-milch\/#primaryimage"},"thumbnailUrl":"https:\/\/sysmatec.ch\/wp-content\/uploads\/2019\/04\/Analyse_MenidiMedicaUreaKar.jpg","datePublished":"2019-04-06T19:10:38+00:00","dateModified":"2022-02-05T20:46:49+00:00","description":"Schnelltest zum Nachweis von Neutralisationsmitteln in Milch zur pH- oder S\u00e4urekorrektur.","breadcrumb":{"@id":"https:\/\/sysmatec.ch\/de\/produit\/nachweis-von-neutralisationsmittel-in-milch\/#breadcrumb"},"inLanguage":"de","potentialAction":[{"@type":"ReadAction","target":["https:\/\/sysmatec.ch\/de\/produit\/nachweis-von-neutralisationsmittel-in-milch\/"]}]},{"@type":"ImageObject","inLanguage":"de","@id":"https:\/\/sysmatec.ch\/de\/produit\/nachweis-von-neutralisationsmittel-in-milch\/#primaryimage","url":"https:\/\/sysmatec.ch\/wp-content\/uploads\/2019\/04\/Analyse_MenidiMedicaUreaKar.jpg","contentUrl":"https:\/\/sysmatec.ch\/wp-content\/uploads\/2019\/04\/Analyse_MenidiMedicaUreaKar.jpg","width":183,"height":106},{"@type":"BreadcrumbList","@id":"https:\/\/sysmatec.ch\/de\/produit\/nachweis-von-neutralisationsmittel-in-milch\/#breadcrumb","itemListElement":[{"@type":"ListItem","position":1,"name":"Accueil","item":"https:\/\/sysmatec.ch\/de\/"},{"@type":"ListItem","position":2,"name":"Die Aktivit\u00e4t von Sysmatec","item":"https:\/\/sysmatec.ch\/de\/"},{"@type":"ListItem","position":3,"name":"Nachweis von Neutralisationsmittel in Milch"}]},{"@type":"WebSite","@id":"https:\/\/sysmatec.ch\/de\/#website","url":"https:\/\/sysmatec.ch\/de\/","name":"Sysmatec","description":"Equipement de laboratoire et logiciels","publisher":{"@id":"https:\/\/sysmatec.ch\/de\/#organization"},"potentialAction":[{"@type":"SearchAction","target":{"@type":"EntryPoint","urlTemplate":"https:\/\/sysmatec.ch\/de\/?s={search_term_string}"},"query-input":{"@type":"PropertyValueSpecification","valueRequired":true,"valueName":"search_term_string"}}],"inLanguage":"de"},{"@type":"Organization","@id":"https:\/\/sysmatec.ch\/de\/#organization","name":"Sysmatec","url":"https:\/\/sysmatec.ch\/de\/","logo":{"@type":"ImageObject","inLanguage":"de","@id":"https:\/\/sysmatec.ch\/de\/#\/schema\/logo\/image\/","url":"https:\/\/sysmatec.ch\/wp-content\/uploads\/2018\/11\/LogoSysmatec.jpg","contentUrl":"https:\/\/sysmatec.ch\/wp-content\/uploads\/2018\/11\/LogoSysmatec.jpg","width":301,"height":297,"caption":"Sysmatec"},"image":{"@id":"https:\/\/sysmatec.ch\/de\/#\/schema\/logo\/image\/"}}]}},"_links":{"self":[{"href":"https:\/\/sysmatec.ch\/de\/wp-json\/wp\/v2\/product\/5049","targetHints":{"allow":["GET"]}}],"collection":[{"href":"https:\/\/sysmatec.ch\/de\/wp-json\/wp\/v2\/product"}],"about":[{"href":"https:\/\/sysmatec.ch\/de\/wp-json\/wp\/v2\/types\/product"}],"wp:featuredmedia":[{"embeddable":true,"href":"https:\/\/sysmatec.ch\/de\/wp-json\/wp\/v2\/media\/5043"}],"wp:attachment":[{"href":"https:\/\/sysmatec.ch\/de\/wp-json\/wp\/v2\/media?parent=5049"}],"wp:term":[{"taxonomy":"product_brand","embeddable":true,"href":"https:\/\/sysmatec.ch\/de\/wp-json\/wp\/v2\/product_brand?post=5049"},{"taxonomy":"product_cat","embeddable":true,"href":"https:\/\/sysmatec.ch\/de\/wp-json\/wp\/v2\/product_cat?post=5049"},{"taxonomy":"product_tag","embeddable":true,"href":"https:\/\/sysmatec.ch\/de\/wp-json\/wp\/v2\/product_tag?post=5049"}],"curies":[{"name":"wp","href":"https:\/\/api.w.org\/{rel}","templated":true}]}}