{"id":5045,"date":"2019-04-06T20:56:00","date_gmt":"2019-04-06T18:56:00","guid":{"rendered":"https:\/\/sysmatec.ch\/produit\/detection-de-luree-dans-le-lait\/"},"modified":"2022-02-06T09:07:47","modified_gmt":"2022-02-06T08:07:47","slug":"nachweis-von-harnstoff-in-milch","status":"publish","type":"product","link":"https:\/\/sysmatec.ch\/de\/Produkt\/nachweis-von-harnstoff-in-milch\/","title":{"rendered":"Nachweis von Harnstoff in Milch"},"content":{"rendered":"<p>Die Verf\u00e4lschung von kommerzieller Harnstoffmilch wird in Milch vorgenommen, um den Nicht-Protein-Stickstoffgehalt zu erh\u00f6hen. Eine zu hohe Harnstoffkonzentration in Lebensmitteln kann zu bestimmten Krankheiten f\u00fchren.<\/p>\n<p>Der Test kann bei Umgebungstemperatur (2 bis 42 \u00b0 C) verwendet werden. Das Kit muss in 2-8 C gelagert werden.<\/p>\n<p>Saubere Milch ohne Verf\u00e4lschung zeigt einen violetten Ring, der sich auf der Oberfl\u00e4che der Milchprobe bildet, gepanschte Milch zeigt ein rosafarbenes Fragment, das sich auf der Oberfl\u00e4che der Milchprobe bildet.<\/p>\n<p>Empfindlichkeitsgrenze&gt; 70 mg \/ 100 ml Harnstoff in der Milch (normale Harnstoffkonzentrationen in Milch betragen 20 bis 70 mg \/ 100 ml).<\/p>\n<p>Methode: In einem R\u00f6hrchen werden 4 ml Rohmilch, 50 ul Reagenz R2 und 200 ul Reagenz R1 hinzugef\u00fcgt. In 5 Sekunden k\u00f6nnen Sie die Ergebnisse lesen.<\/p>\n<p>Verpackung: 1 Kit ist ausreichend f\u00fcr 50 Tests<\/p>\n","protected":false},"excerpt":{"rendered":"<p>Nachweis von Harnstoff in Milch<\/p>\n","protected":false},"featured_media":5043,"template":"","meta":{"_crdt_document":""},"product_brand":[],"product_cat":[188,377],"product_tag":[],"class_list":{"0":"post-5045","1":"product","2":"type-product","3":"status-publish","4":"has-post-thumbnail","6":"product_cat-analyse-de","7":"product_cat-milch","9":"first","10":"instock","11":"taxable","12":"shipping-taxable","13":"product-type-simple"},"yoast_head":"<!-- This site is optimized with the Yoast SEO plugin v27.4 - https:\/\/yoast.com\/product\/yoast-seo-wordpress\/ -->\n<title>Nachweis von Harnstoff in Milch - Sysmatec<\/title>\n<meta name=\"description\" content=\"Kit zum Nachweis von Harnstoff in Milch durch eine Farbreaktion. Das Vorhandensein von Harnstoff wird durch eine rosa Farbe belegt.\" \/>\n<meta name=\"robots\" content=\"index, follow, max-snippet:-1, max-image-preview:large, max-video-preview:-1\" \/>\n<link rel=\"canonical\" href=\"https:\/\/sysmatec.ch\/de\/produit\/nachweis-von-harnstoff-in-milch\/\" \/>\n<meta property=\"og:locale\" content=\"de_DE\" \/>\n<meta property=\"og:type\" content=\"article\" \/>\n<meta property=\"og:title\" content=\"Nachweis von Harnstoff in Milch - Sysmatec\" \/>\n<meta property=\"og:description\" content=\"Kit zum Nachweis von Harnstoff in Milch durch eine Farbreaktion. Das Vorhandensein von Harnstoff wird durch eine rosa Farbe belegt.\" \/>\n<meta property=\"og:url\" content=\"https:\/\/sysmatec.ch\/de\/produit\/nachweis-von-harnstoff-in-milch\/\" \/>\n<meta property=\"og:site_name\" content=\"Sysmatec\" \/>\n<meta property=\"article:modified_time\" content=\"2022-02-06T08:07:47+00:00\" \/>\n<meta property=\"og:image\" content=\"https:\/\/sysmatec.ch\/wp-content\/uploads\/2019\/04\/Analyse_MenidiMedicaUreaKar.jpg\" \/>\n\t<meta property=\"og:image:width\" content=\"183\" \/>\n\t<meta property=\"og:image:height\" content=\"106\" \/>\n\t<meta property=\"og:image:type\" content=\"image\/jpeg\" \/>\n<meta name=\"twitter:card\" content=\"summary_large_image\" \/>\n<meta name=\"twitter:label1\" content=\"Gesch\u00e4tzte Lesezeit\" \/>\n\t<meta name=\"twitter:data1\" content=\"1\u00a0Minute\" \/>\n<script type=\"application\/ld+json\" class=\"yoast-schema-graph\">{\"@context\":\"https:\\\/\\\/schema.org\",\"@graph\":[{\"@type\":\"WebPage\",\"@id\":\"https:\\\/\\\/sysmatec.ch\\\/de\\\/produit\\\/nachweis-von-harnstoff-in-milch\\\/\",\"url\":\"https:\\\/\\\/sysmatec.ch\\\/de\\\/produit\\\/nachweis-von-harnstoff-in-milch\\\/\",\"name\":\"Nachweis von Harnstoff in Milch - Sysmatec\",\"isPartOf\":{\"@id\":\"https:\\\/\\\/sysmatec.ch\\\/de\\\/#website\"},\"primaryImageOfPage\":{\"@id\":\"https:\\\/\\\/sysmatec.ch\\\/de\\\/produit\\\/nachweis-von-harnstoff-in-milch\\\/#primaryimage\"},\"image\":{\"@id\":\"https:\\\/\\\/sysmatec.ch\\\/de\\\/produit\\\/nachweis-von-harnstoff-in-milch\\\/#primaryimage\"},\"thumbnailUrl\":\"https:\\\/\\\/sysmatec.ch\\\/wp-content\\\/uploads\\\/2019\\\/04\\\/Analyse_MenidiMedicaUreaKar.jpg\",\"datePublished\":\"2019-04-06T18:56:00+00:00\",\"dateModified\":\"2022-02-06T08:07:47+00:00\",\"description\":\"Kit zum Nachweis von Harnstoff in Milch durch eine Farbreaktion. Das Vorhandensein von Harnstoff wird durch eine rosa Farbe belegt.\",\"breadcrumb\":{\"@id\":\"https:\\\/\\\/sysmatec.ch\\\/de\\\/produit\\\/nachweis-von-harnstoff-in-milch\\\/#breadcrumb\"},\"inLanguage\":\"de\",\"potentialAction\":[{\"@type\":\"ReadAction\",\"target\":[\"https:\\\/\\\/sysmatec.ch\\\/de\\\/produit\\\/nachweis-von-harnstoff-in-milch\\\/\"]}]},{\"@type\":\"ImageObject\",\"inLanguage\":\"de\",\"@id\":\"https:\\\/\\\/sysmatec.ch\\\/de\\\/produit\\\/nachweis-von-harnstoff-in-milch\\\/#primaryimage\",\"url\":\"https:\\\/\\\/sysmatec.ch\\\/wp-content\\\/uploads\\\/2019\\\/04\\\/Analyse_MenidiMedicaUreaKar.jpg\",\"contentUrl\":\"https:\\\/\\\/sysmatec.ch\\\/wp-content\\\/uploads\\\/2019\\\/04\\\/Analyse_MenidiMedicaUreaKar.jpg\",\"width\":183,\"height\":106},{\"@type\":\"BreadcrumbList\",\"@id\":\"https:\\\/\\\/sysmatec.ch\\\/de\\\/produit\\\/nachweis-von-harnstoff-in-milch\\\/#breadcrumb\",\"itemListElement\":[{\"@type\":\"ListItem\",\"position\":1,\"name\":\"Accueil\",\"item\":\"https:\\\/\\\/sysmatec.ch\\\/de\\\/\"},{\"@type\":\"ListItem\",\"position\":2,\"name\":\"Die Aktivit\u00e4t von Sysmatec\",\"item\":\"https:\\\/\\\/sysmatec.ch\\\/de\\\/\"},{\"@type\":\"ListItem\",\"position\":3,\"name\":\"Nachweis von Harnstoff in Milch\"}]},{\"@type\":\"WebSite\",\"@id\":\"https:\\\/\\\/sysmatec.ch\\\/de\\\/#website\",\"url\":\"https:\\\/\\\/sysmatec.ch\\\/de\\\/\",\"name\":\"Sysmatec\",\"description\":\"Equipement de laboratoire et logiciels\",\"publisher\":{\"@id\":\"https:\\\/\\\/sysmatec.ch\\\/de\\\/#organization\"},\"potentialAction\":[{\"@type\":\"SearchAction\",\"target\":{\"@type\":\"EntryPoint\",\"urlTemplate\":\"https:\\\/\\\/sysmatec.ch\\\/de\\\/?s={search_term_string}\"},\"query-input\":{\"@type\":\"PropertyValueSpecification\",\"valueRequired\":true,\"valueName\":\"search_term_string\"}}],\"inLanguage\":\"de\"},{\"@type\":\"Organization\",\"@id\":\"https:\\\/\\\/sysmatec.ch\\\/de\\\/#organization\",\"name\":\"Sysmatec\",\"url\":\"https:\\\/\\\/sysmatec.ch\\\/de\\\/\",\"logo\":{\"@type\":\"ImageObject\",\"inLanguage\":\"de\",\"@id\":\"https:\\\/\\\/sysmatec.ch\\\/de\\\/#\\\/schema\\\/logo\\\/image\\\/\",\"url\":\"https:\\\/\\\/sysmatec.ch\\\/wp-content\\\/uploads\\\/2018\\\/11\\\/LogoSysmatec.jpg\",\"contentUrl\":\"https:\\\/\\\/sysmatec.ch\\\/wp-content\\\/uploads\\\/2018\\\/11\\\/LogoSysmatec.jpg\",\"width\":301,\"height\":297,\"caption\":\"Sysmatec\"},\"image\":{\"@id\":\"https:\\\/\\\/sysmatec.ch\\\/de\\\/#\\\/schema\\\/logo\\\/image\\\/\"}}]}<\/script>\n<!-- \/ Yoast SEO plugin. -->","yoast_head_json":{"title":"Nachweis von Harnstoff in Milch - Sysmatec","description":"Kit zum Nachweis von Harnstoff in Milch durch eine Farbreaktion. Das Vorhandensein von Harnstoff wird durch eine rosa Farbe belegt.","robots":{"index":"index","follow":"follow","max-snippet":"max-snippet:-1","max-image-preview":"max-image-preview:large","max-video-preview":"max-video-preview:-1"},"canonical":"https:\/\/sysmatec.ch\/de\/produit\/nachweis-von-harnstoff-in-milch\/","og_locale":"de_DE","og_type":"article","og_title":"Nachweis von Harnstoff in Milch - Sysmatec","og_description":"Kit zum Nachweis von Harnstoff in Milch durch eine Farbreaktion. Das Vorhandensein von Harnstoff wird durch eine rosa Farbe belegt.","og_url":"https:\/\/sysmatec.ch\/de\/produit\/nachweis-von-harnstoff-in-milch\/","og_site_name":"Sysmatec","article_modified_time":"2022-02-06T08:07:47+00:00","og_image":[{"width":183,"height":106,"url":"https:\/\/sysmatec.ch\/wp-content\/uploads\/2019\/04\/Analyse_MenidiMedicaUreaKar.jpg","type":"image\/jpeg"}],"twitter_card":"summary_large_image","twitter_misc":{"Gesch\u00e4tzte Lesezeit":"1\u00a0Minute"},"schema":{"@context":"https:\/\/schema.org","@graph":[{"@type":"WebPage","@id":"https:\/\/sysmatec.ch\/de\/produit\/nachweis-von-harnstoff-in-milch\/","url":"https:\/\/sysmatec.ch\/de\/produit\/nachweis-von-harnstoff-in-milch\/","name":"Nachweis von Harnstoff in Milch - Sysmatec","isPartOf":{"@id":"https:\/\/sysmatec.ch\/de\/#website"},"primaryImageOfPage":{"@id":"https:\/\/sysmatec.ch\/de\/produit\/nachweis-von-harnstoff-in-milch\/#primaryimage"},"image":{"@id":"https:\/\/sysmatec.ch\/de\/produit\/nachweis-von-harnstoff-in-milch\/#primaryimage"},"thumbnailUrl":"https:\/\/sysmatec.ch\/wp-content\/uploads\/2019\/04\/Analyse_MenidiMedicaUreaKar.jpg","datePublished":"2019-04-06T18:56:00+00:00","dateModified":"2022-02-06T08:07:47+00:00","description":"Kit zum Nachweis von Harnstoff in Milch durch eine Farbreaktion. Das Vorhandensein von Harnstoff wird durch eine rosa Farbe belegt.","breadcrumb":{"@id":"https:\/\/sysmatec.ch\/de\/produit\/nachweis-von-harnstoff-in-milch\/#breadcrumb"},"inLanguage":"de","potentialAction":[{"@type":"ReadAction","target":["https:\/\/sysmatec.ch\/de\/produit\/nachweis-von-harnstoff-in-milch\/"]}]},{"@type":"ImageObject","inLanguage":"de","@id":"https:\/\/sysmatec.ch\/de\/produit\/nachweis-von-harnstoff-in-milch\/#primaryimage","url":"https:\/\/sysmatec.ch\/wp-content\/uploads\/2019\/04\/Analyse_MenidiMedicaUreaKar.jpg","contentUrl":"https:\/\/sysmatec.ch\/wp-content\/uploads\/2019\/04\/Analyse_MenidiMedicaUreaKar.jpg","width":183,"height":106},{"@type":"BreadcrumbList","@id":"https:\/\/sysmatec.ch\/de\/produit\/nachweis-von-harnstoff-in-milch\/#breadcrumb","itemListElement":[{"@type":"ListItem","position":1,"name":"Accueil","item":"https:\/\/sysmatec.ch\/de\/"},{"@type":"ListItem","position":2,"name":"Die Aktivit\u00e4t von Sysmatec","item":"https:\/\/sysmatec.ch\/de\/"},{"@type":"ListItem","position":3,"name":"Nachweis von Harnstoff in Milch"}]},{"@type":"WebSite","@id":"https:\/\/sysmatec.ch\/de\/#website","url":"https:\/\/sysmatec.ch\/de\/","name":"Sysmatec","description":"Equipement de laboratoire et logiciels","publisher":{"@id":"https:\/\/sysmatec.ch\/de\/#organization"},"potentialAction":[{"@type":"SearchAction","target":{"@type":"EntryPoint","urlTemplate":"https:\/\/sysmatec.ch\/de\/?s={search_term_string}"},"query-input":{"@type":"PropertyValueSpecification","valueRequired":true,"valueName":"search_term_string"}}],"inLanguage":"de"},{"@type":"Organization","@id":"https:\/\/sysmatec.ch\/de\/#organization","name":"Sysmatec","url":"https:\/\/sysmatec.ch\/de\/","logo":{"@type":"ImageObject","inLanguage":"de","@id":"https:\/\/sysmatec.ch\/de\/#\/schema\/logo\/image\/","url":"https:\/\/sysmatec.ch\/wp-content\/uploads\/2018\/11\/LogoSysmatec.jpg","contentUrl":"https:\/\/sysmatec.ch\/wp-content\/uploads\/2018\/11\/LogoSysmatec.jpg","width":301,"height":297,"caption":"Sysmatec"},"image":{"@id":"https:\/\/sysmatec.ch\/de\/#\/schema\/logo\/image\/"}}]}},"_links":{"self":[{"href":"https:\/\/sysmatec.ch\/de\/wp-json\/wp\/v2\/product\/5045","targetHints":{"allow":["GET"]}}],"collection":[{"href":"https:\/\/sysmatec.ch\/de\/wp-json\/wp\/v2\/product"}],"about":[{"href":"https:\/\/sysmatec.ch\/de\/wp-json\/wp\/v2\/types\/product"}],"wp:featuredmedia":[{"embeddable":true,"href":"https:\/\/sysmatec.ch\/de\/wp-json\/wp\/v2\/media\/5043"}],"wp:attachment":[{"href":"https:\/\/sysmatec.ch\/de\/wp-json\/wp\/v2\/media?parent=5045"}],"wp:term":[{"taxonomy":"product_brand","embeddable":true,"href":"https:\/\/sysmatec.ch\/de\/wp-json\/wp\/v2\/product_brand?post=5045"},{"taxonomy":"product_cat","embeddable":true,"href":"https:\/\/sysmatec.ch\/de\/wp-json\/wp\/v2\/product_cat?post=5045"},{"taxonomy":"product_tag","embeddable":true,"href":"https:\/\/sysmatec.ch\/de\/wp-json\/wp\/v2\/product_tag?post=5045"}],"curies":[{"name":"wp","href":"https:\/\/api.w.org\/{rel}","templated":true}]}}