{"id":5032,"date":"2019-04-06T20:33:38","date_gmt":"2019-04-06T18:33:38","guid":{"rendered":"https:\/\/sysmatec.ch\/produit\/bandelettes-de-detection-des-agents-neutralisants-du-peroxyde-dhydrogene-et-de-luree-dans-le-lait-milk-security\/"},"modified":"2022-02-06T09:18:05","modified_gmt":"2022-02-06T08:18:05","slug":"milchteststreifen-fuer-neutralisierungsmittel-wasserstoffperoxid-und-harnstoff-milk-security","status":"publish","type":"product","link":"https:\/\/sysmatec.ch\/de\/Produkt\/milchteststreifen-fuer-neutralisierungsmittel-wasserstoffperoxid-und-harnstoff-milk-security\/","title":{"rendered":"Milchteststreifen f\u00fcr Neutralisierungsmittel, Wasserstoffperoxid und Harnstoff &#8211; Milk Security"},"content":{"rendered":"<p>Die Neutralisationsmittel, Wasserstoffperoxid und Harnstoff in Milchproben beeinflussen die Qualit\u00e4t von Milch und Milchprodukten. Milk Teststreifen sind schnelle und empfindliche trockene Streifen, um Verf\u00e4lschungen in Milch zu erkennen.<\/p>\n<p>Test f\u00fcr Neutralisationsmittel: Neutralisierer wie Natriumbicarbonat, Natriumhydroxid, Natriumcarbonat oder Kalkhydrat werden manchmal in Milch zugegeben. Der Ziel ist oft um die Lactometer Werte zu erh\u00f6hen.<\/p>\n<p>Test f\u00fcr Wasserstoffperoxid: es ist ein enzymatischer Test mit einem guten Selektivit\u00e4t f\u00fcr Wasserstoffperoxid. Wasserstoffperoxid (H2O2) ist ein gut bekanntes starkes Oxidationsmittel. Seine F\u00e4higkeiten als Desinfektionsmittel sind besser als Chlor (Cl 2) und Chlordioxid (ClO2). Wasserstoffperoxid wird \u00fcblicherweise in der Milchindustrie verwendet. Peroxid-Indikatorst\u00e4bchen k\u00f6nnen dann verwendet werden, um sicherzustellen, dass Restperoxid Desinfektionsmittel vollst\u00e4ndig vor der Abf\u00fcllung entfernt sind.<\/p>\n<p>Test f\u00fcr die Harnstoff: Harnstoff wird manchmal in Milch, um die nicht-Fett Feststoffe (SNF) Wert zu erh\u00f6hen zugegeben. Normalwerte von Harnstoff in Milch sind 0 bis 0.07%. Harnstoffkonzentration \u00fcber 0.07% bedeutet, da\u00df die Milch mit Harnstoff verf\u00e4lscht worden ist.<\/p>\n<table border=\"1\" width=\"475\" cellspacing=\"2\" cellpadding=\"0\">\n<tbody>\n<tr>\n<td>Parameter \/ Konzentration (Farbe)<\/td>\n<td><\/td>\n<td><\/td>\n<td><\/td>\n<td><\/td>\n<\/tr>\n<tr>\n<td>Neutralisationsmittel<\/td>\n<td>0<\/td>\n<td>0.03%<\/td>\n<td>0.06%<\/td>\n<td>0.10%<\/td>\n<\/tr>\n<tr>\n<td>H2O2<\/td>\n<td>0<\/td>\n<td>0.0075%<\/td>\n<td>0.015%<\/td>\n<td>0.025%<\/td>\n<\/tr>\n<tr>\n<td>Harnstoff<\/td>\n<td>0<\/td>\n<td>0.07%<\/td>\n<td>0.12%<\/td>\n<\/tr>\n<\/tbody>\n<\/table>\n<p>gelieferte Menge: 50 Teststreifen \/ Einheit<\/p>\n","protected":false},"excerpt":{"rendered":"<p>Milchteststreifen f\u00fcr Neutralisierungsmittel, Wasserstoffperoxid und Harnstoff. Schnellstest fPr Milchqualit\u00e4t.<\/p>\n","protected":false},"featured_media":5030,"template":"","meta":{"_crdt_document":""},"product_brand":[],"product_cat":[188,377],"product_tag":[],"class_list":{"0":"post-5032","1":"product","2":"type-product","3":"status-publish","4":"has-post-thumbnail","6":"product_cat-analyse-de","7":"product_cat-milch","9":"first","10":"instock","11":"taxable","12":"shipping-taxable","13":"product-type-simple"},"yoast_head":"<!-- This site is optimized with the Yoast SEO plugin v27.4 - https:\/\/yoast.com\/product\/yoast-seo-wordpress\/ -->\n<title>Milchteststreifen f\u00fcr Neutralisierungsmittel, Wasserstoffperoxid und Harnstoff - Milk Security - Sysmatec<\/title>\n<meta name=\"description\" content=\"Streifen zur schnellen Messung von Neutralisationsmitteln, Wasserstoffperoxid und Harnstoff in Milch.\" \/>\n<meta name=\"robots\" content=\"index, follow, max-snippet:-1, max-image-preview:large, max-video-preview:-1\" \/>\n<link rel=\"canonical\" href=\"https:\/\/sysmatec.ch\/de\/produit\/milchteststreifen-fuer-neutralisierungsmittel-wasserstoffperoxid-und-harnstoff-milk-security\/\" \/>\n<meta property=\"og:locale\" content=\"de_DE\" \/>\n<meta property=\"og:type\" content=\"article\" \/>\n<meta property=\"og:title\" content=\"Milchteststreifen f\u00fcr Neutralisierungsmittel, Wasserstoffperoxid und Harnstoff - Milk Security - Sysmatec\" \/>\n<meta property=\"og:description\" content=\"Streifen zur schnellen Messung von Neutralisationsmitteln, Wasserstoffperoxid und Harnstoff in Milch.\" \/>\n<meta property=\"og:url\" content=\"https:\/\/sysmatec.ch\/de\/produit\/milchteststreifen-fuer-neutralisierungsmittel-wasserstoffperoxid-und-harnstoff-milk-security\/\" \/>\n<meta property=\"og:site_name\" content=\"Sysmatec\" \/>\n<meta property=\"article:modified_time\" content=\"2022-02-06T08:18:05+00:00\" \/>\n<meta property=\"og:image\" content=\"https:\/\/sysmatec.ch\/wp-content\/uploads\/2019\/04\/Analyse_MilkotronicMilkSecurity.jpg\" \/>\n\t<meta property=\"og:image:width\" content=\"184\" \/>\n\t<meta property=\"og:image:height\" content=\"109\" \/>\n\t<meta property=\"og:image:type\" content=\"image\/jpeg\" \/>\n<meta name=\"twitter:card\" content=\"summary_large_image\" \/>\n<meta name=\"twitter:label1\" content=\"Gesch\u00e4tzte Lesezeit\" \/>\n\t<meta name=\"twitter:data1\" content=\"1\u00a0Minute\" \/>\n<script type=\"application\/ld+json\" class=\"yoast-schema-graph\">{\"@context\":\"https:\\\/\\\/schema.org\",\"@graph\":[{\"@type\":\"WebPage\",\"@id\":\"https:\\\/\\\/sysmatec.ch\\\/de\\\/produit\\\/milchteststreifen-fuer-neutralisierungsmittel-wasserstoffperoxid-und-harnstoff-milk-security\\\/\",\"url\":\"https:\\\/\\\/sysmatec.ch\\\/de\\\/produit\\\/milchteststreifen-fuer-neutralisierungsmittel-wasserstoffperoxid-und-harnstoff-milk-security\\\/\",\"name\":\"Milchteststreifen f\u00fcr Neutralisierungsmittel, Wasserstoffperoxid und Harnstoff - Milk Security - Sysmatec\",\"isPartOf\":{\"@id\":\"https:\\\/\\\/sysmatec.ch\\\/de\\\/#website\"},\"primaryImageOfPage\":{\"@id\":\"https:\\\/\\\/sysmatec.ch\\\/de\\\/produit\\\/milchteststreifen-fuer-neutralisierungsmittel-wasserstoffperoxid-und-harnstoff-milk-security\\\/#primaryimage\"},\"image\":{\"@id\":\"https:\\\/\\\/sysmatec.ch\\\/de\\\/produit\\\/milchteststreifen-fuer-neutralisierungsmittel-wasserstoffperoxid-und-harnstoff-milk-security\\\/#primaryimage\"},\"thumbnailUrl\":\"https:\\\/\\\/sysmatec.ch\\\/wp-content\\\/uploads\\\/2019\\\/04\\\/Analyse_MilkotronicMilkSecurity.jpg\",\"datePublished\":\"2019-04-06T18:33:38+00:00\",\"dateModified\":\"2022-02-06T08:18:05+00:00\",\"description\":\"Streifen zur schnellen Messung von Neutralisationsmitteln, Wasserstoffperoxid und Harnstoff in Milch.\",\"breadcrumb\":{\"@id\":\"https:\\\/\\\/sysmatec.ch\\\/de\\\/produit\\\/milchteststreifen-fuer-neutralisierungsmittel-wasserstoffperoxid-und-harnstoff-milk-security\\\/#breadcrumb\"},\"inLanguage\":\"de\",\"potentialAction\":[{\"@type\":\"ReadAction\",\"target\":[\"https:\\\/\\\/sysmatec.ch\\\/de\\\/produit\\\/milchteststreifen-fuer-neutralisierungsmittel-wasserstoffperoxid-und-harnstoff-milk-security\\\/\"]}]},{\"@type\":\"ImageObject\",\"inLanguage\":\"de\",\"@id\":\"https:\\\/\\\/sysmatec.ch\\\/de\\\/produit\\\/milchteststreifen-fuer-neutralisierungsmittel-wasserstoffperoxid-und-harnstoff-milk-security\\\/#primaryimage\",\"url\":\"https:\\\/\\\/sysmatec.ch\\\/wp-content\\\/uploads\\\/2019\\\/04\\\/Analyse_MilkotronicMilkSecurity.jpg\",\"contentUrl\":\"https:\\\/\\\/sysmatec.ch\\\/wp-content\\\/uploads\\\/2019\\\/04\\\/Analyse_MilkotronicMilkSecurity.jpg\",\"width\":184,\"height\":109},{\"@type\":\"BreadcrumbList\",\"@id\":\"https:\\\/\\\/sysmatec.ch\\\/de\\\/produit\\\/milchteststreifen-fuer-neutralisierungsmittel-wasserstoffperoxid-und-harnstoff-milk-security\\\/#breadcrumb\",\"itemListElement\":[{\"@type\":\"ListItem\",\"position\":1,\"name\":\"Accueil\",\"item\":\"https:\\\/\\\/sysmatec.ch\\\/de\\\/\"},{\"@type\":\"ListItem\",\"position\":2,\"name\":\"Die Aktivit\u00e4t von Sysmatec\",\"item\":\"https:\\\/\\\/sysmatec.ch\\\/de\\\/\"},{\"@type\":\"ListItem\",\"position\":3,\"name\":\"Milchteststreifen f\u00fcr Neutralisierungsmittel, Wasserstoffperoxid und Harnstoff &#8211; Milk Security\"}]},{\"@type\":\"WebSite\",\"@id\":\"https:\\\/\\\/sysmatec.ch\\\/de\\\/#website\",\"url\":\"https:\\\/\\\/sysmatec.ch\\\/de\\\/\",\"name\":\"Sysmatec\",\"description\":\"Equipement de laboratoire et logiciels\",\"publisher\":{\"@id\":\"https:\\\/\\\/sysmatec.ch\\\/de\\\/#organization\"},\"potentialAction\":[{\"@type\":\"SearchAction\",\"target\":{\"@type\":\"EntryPoint\",\"urlTemplate\":\"https:\\\/\\\/sysmatec.ch\\\/de\\\/?s={search_term_string}\"},\"query-input\":{\"@type\":\"PropertyValueSpecification\",\"valueRequired\":true,\"valueName\":\"search_term_string\"}}],\"inLanguage\":\"de\"},{\"@type\":\"Organization\",\"@id\":\"https:\\\/\\\/sysmatec.ch\\\/de\\\/#organization\",\"name\":\"Sysmatec\",\"url\":\"https:\\\/\\\/sysmatec.ch\\\/de\\\/\",\"logo\":{\"@type\":\"ImageObject\",\"inLanguage\":\"de\",\"@id\":\"https:\\\/\\\/sysmatec.ch\\\/de\\\/#\\\/schema\\\/logo\\\/image\\\/\",\"url\":\"https:\\\/\\\/sysmatec.ch\\\/wp-content\\\/uploads\\\/2018\\\/11\\\/LogoSysmatec.jpg\",\"contentUrl\":\"https:\\\/\\\/sysmatec.ch\\\/wp-content\\\/uploads\\\/2018\\\/11\\\/LogoSysmatec.jpg\",\"width\":301,\"height\":297,\"caption\":\"Sysmatec\"},\"image\":{\"@id\":\"https:\\\/\\\/sysmatec.ch\\\/de\\\/#\\\/schema\\\/logo\\\/image\\\/\"}}]}<\/script>\n<!-- \/ Yoast SEO plugin. -->","yoast_head_json":{"title":"Milchteststreifen f\u00fcr Neutralisierungsmittel, Wasserstoffperoxid und Harnstoff - Milk Security - Sysmatec","description":"Streifen zur schnellen Messung von Neutralisationsmitteln, Wasserstoffperoxid und Harnstoff in Milch.","robots":{"index":"index","follow":"follow","max-snippet":"max-snippet:-1","max-image-preview":"max-image-preview:large","max-video-preview":"max-video-preview:-1"},"canonical":"https:\/\/sysmatec.ch\/de\/produit\/milchteststreifen-fuer-neutralisierungsmittel-wasserstoffperoxid-und-harnstoff-milk-security\/","og_locale":"de_DE","og_type":"article","og_title":"Milchteststreifen f\u00fcr Neutralisierungsmittel, Wasserstoffperoxid und Harnstoff - Milk Security - Sysmatec","og_description":"Streifen zur schnellen Messung von Neutralisationsmitteln, Wasserstoffperoxid und Harnstoff in Milch.","og_url":"https:\/\/sysmatec.ch\/de\/produit\/milchteststreifen-fuer-neutralisierungsmittel-wasserstoffperoxid-und-harnstoff-milk-security\/","og_site_name":"Sysmatec","article_modified_time":"2022-02-06T08:18:05+00:00","og_image":[{"width":184,"height":109,"url":"https:\/\/sysmatec.ch\/wp-content\/uploads\/2019\/04\/Analyse_MilkotronicMilkSecurity.jpg","type":"image\/jpeg"}],"twitter_card":"summary_large_image","twitter_misc":{"Gesch\u00e4tzte Lesezeit":"1\u00a0Minute"},"schema":{"@context":"https:\/\/schema.org","@graph":[{"@type":"WebPage","@id":"https:\/\/sysmatec.ch\/de\/produit\/milchteststreifen-fuer-neutralisierungsmittel-wasserstoffperoxid-und-harnstoff-milk-security\/","url":"https:\/\/sysmatec.ch\/de\/produit\/milchteststreifen-fuer-neutralisierungsmittel-wasserstoffperoxid-und-harnstoff-milk-security\/","name":"Milchteststreifen f\u00fcr Neutralisierungsmittel, Wasserstoffperoxid und Harnstoff - Milk Security - Sysmatec","isPartOf":{"@id":"https:\/\/sysmatec.ch\/de\/#website"},"primaryImageOfPage":{"@id":"https:\/\/sysmatec.ch\/de\/produit\/milchteststreifen-fuer-neutralisierungsmittel-wasserstoffperoxid-und-harnstoff-milk-security\/#primaryimage"},"image":{"@id":"https:\/\/sysmatec.ch\/de\/produit\/milchteststreifen-fuer-neutralisierungsmittel-wasserstoffperoxid-und-harnstoff-milk-security\/#primaryimage"},"thumbnailUrl":"https:\/\/sysmatec.ch\/wp-content\/uploads\/2019\/04\/Analyse_MilkotronicMilkSecurity.jpg","datePublished":"2019-04-06T18:33:38+00:00","dateModified":"2022-02-06T08:18:05+00:00","description":"Streifen zur schnellen Messung von Neutralisationsmitteln, Wasserstoffperoxid und Harnstoff in Milch.","breadcrumb":{"@id":"https:\/\/sysmatec.ch\/de\/produit\/milchteststreifen-fuer-neutralisierungsmittel-wasserstoffperoxid-und-harnstoff-milk-security\/#breadcrumb"},"inLanguage":"de","potentialAction":[{"@type":"ReadAction","target":["https:\/\/sysmatec.ch\/de\/produit\/milchteststreifen-fuer-neutralisierungsmittel-wasserstoffperoxid-und-harnstoff-milk-security\/"]}]},{"@type":"ImageObject","inLanguage":"de","@id":"https:\/\/sysmatec.ch\/de\/produit\/milchteststreifen-fuer-neutralisierungsmittel-wasserstoffperoxid-und-harnstoff-milk-security\/#primaryimage","url":"https:\/\/sysmatec.ch\/wp-content\/uploads\/2019\/04\/Analyse_MilkotronicMilkSecurity.jpg","contentUrl":"https:\/\/sysmatec.ch\/wp-content\/uploads\/2019\/04\/Analyse_MilkotronicMilkSecurity.jpg","width":184,"height":109},{"@type":"BreadcrumbList","@id":"https:\/\/sysmatec.ch\/de\/produit\/milchteststreifen-fuer-neutralisierungsmittel-wasserstoffperoxid-und-harnstoff-milk-security\/#breadcrumb","itemListElement":[{"@type":"ListItem","position":1,"name":"Accueil","item":"https:\/\/sysmatec.ch\/de\/"},{"@type":"ListItem","position":2,"name":"Die Aktivit\u00e4t von Sysmatec","item":"https:\/\/sysmatec.ch\/de\/"},{"@type":"ListItem","position":3,"name":"Milchteststreifen f\u00fcr Neutralisierungsmittel, Wasserstoffperoxid und Harnstoff &#8211; Milk Security"}]},{"@type":"WebSite","@id":"https:\/\/sysmatec.ch\/de\/#website","url":"https:\/\/sysmatec.ch\/de\/","name":"Sysmatec","description":"Equipement de laboratoire et logiciels","publisher":{"@id":"https:\/\/sysmatec.ch\/de\/#organization"},"potentialAction":[{"@type":"SearchAction","target":{"@type":"EntryPoint","urlTemplate":"https:\/\/sysmatec.ch\/de\/?s={search_term_string}"},"query-input":{"@type":"PropertyValueSpecification","valueRequired":true,"valueName":"search_term_string"}}],"inLanguage":"de"},{"@type":"Organization","@id":"https:\/\/sysmatec.ch\/de\/#organization","name":"Sysmatec","url":"https:\/\/sysmatec.ch\/de\/","logo":{"@type":"ImageObject","inLanguage":"de","@id":"https:\/\/sysmatec.ch\/de\/#\/schema\/logo\/image\/","url":"https:\/\/sysmatec.ch\/wp-content\/uploads\/2018\/11\/LogoSysmatec.jpg","contentUrl":"https:\/\/sysmatec.ch\/wp-content\/uploads\/2018\/11\/LogoSysmatec.jpg","width":301,"height":297,"caption":"Sysmatec"},"image":{"@id":"https:\/\/sysmatec.ch\/de\/#\/schema\/logo\/image\/"}}]}},"_links":{"self":[{"href":"https:\/\/sysmatec.ch\/de\/wp-json\/wp\/v2\/product\/5032","targetHints":{"allow":["GET"]}}],"collection":[{"href":"https:\/\/sysmatec.ch\/de\/wp-json\/wp\/v2\/product"}],"about":[{"href":"https:\/\/sysmatec.ch\/de\/wp-json\/wp\/v2\/types\/product"}],"wp:featuredmedia":[{"embeddable":true,"href":"https:\/\/sysmatec.ch\/de\/wp-json\/wp\/v2\/media\/5030"}],"wp:attachment":[{"href":"https:\/\/sysmatec.ch\/de\/wp-json\/wp\/v2\/media?parent=5032"}],"wp:term":[{"taxonomy":"product_brand","embeddable":true,"href":"https:\/\/sysmatec.ch\/de\/wp-json\/wp\/v2\/product_brand?post=5032"},{"taxonomy":"product_cat","embeddable":true,"href":"https:\/\/sysmatec.ch\/de\/wp-json\/wp\/v2\/product_cat?post=5032"},{"taxonomy":"product_tag","embeddable":true,"href":"https:\/\/sysmatec.ch\/de\/wp-json\/wp\/v2\/product_tag?post=5032"}],"curies":[{"name":"wp","href":"https:\/\/api.w.org\/{rel}","templated":true}]}}