{"id":5025,"date":"2019-04-06T20:22:03","date_gmt":"2019-04-06T18:22:03","guid":{"rendered":"https:\/\/sysmatec.ch\/produit\/detection-de-melange-de-lait-rc-bovino-et-rc-caprino\/"},"modified":"2022-02-06T09:22:08","modified_gmt":"2022-02-06T08:22:08","slug":"nachweis-von-milchmischung-rc-bovino-und-rc-caprino","status":"publish","type":"product","link":"https:\/\/sysmatec.ch\/de\/Produkt\/nachweis-von-milchmischung-rc-bovino-und-rc-caprino\/","title":{"rendered":"Nachweis von Milchmischung &#8211; RC-BOVINO und RC-CAPRINO"},"content":{"rendered":"<p>Milch mit hohen wirtschaftlichen Wert wird manchmal mit Milch von geringeren Kosten verf\u00e4lscht. Diese Verf\u00e4lschung kann signifikante Einfl\u00fcsse f\u00fcr K\u00e4seherstellung haben. Unbekannte Milchmischungen \u00e4ndern die sensorischen Eigenschaften und verringern die Produktqualit\u00e4t.<\/p>\n<p>Schafmilch ist teurer als Kuh oder Ziegenmilch und kann mit diesen Milch verf\u00e4lscht werden. RC ELISA Kits helfen zur quantitativen Bestimmung von Milchmischungen.<\/p>\n<p>Der IC BOVINO Kit ist ein quantativer Test f\u00fcr die Presenz von Kuhmilch in Ziege- oder Schaf-Milch zu nachweisen. Der Test ist ein Immunoassay, basiert auf dem Nachweis von bovinen Immunoglobuline (IgG) in Milch und K\u00e4se Proben.<\/p>\n<p>IC CAPRINO ist ein quantativer Test f\u00fcr die Presenz von Ziegenmilch in Schafmilch zu nachweisen. Der Test ist ein Immunoassay, basiert auf dem Nachweis von Ziegen-Immunoglobuline (IgG) in Milch und K\u00e4se Proben.<\/p>\n<ul>\n<li type=\"disc\">Sensibilit\u00e4t: Nachweis von 0,1% Mischung<\/li>\n<li type=\"disc\">Geeignet f\u00fcr: Milch und K\u00e4se<\/li>\n<li type=\"disc\">Testdauer: 90 min<\/li>\n<li type=\"disc\">Ausstattung: ELISA-Leseger\u00e4t 450 nm<\/li>\n<\/ul>\n","protected":false},"excerpt":{"rendered":"<p>Nachweis von Milchmischung<\/p>\n","protected":false},"featured_media":5020,"template":"","meta":{"_crdt_document":""},"product_brand":[],"product_cat":[188,377],"product_tag":[],"class_list":{"0":"post-5025","1":"product","2":"type-product","3":"status-publish","4":"has-post-thumbnail","6":"product_cat-analyse-de","7":"product_cat-milch","9":"first","10":"instock","11":"taxable","12":"shipping-taxable","13":"product-type-simple"},"yoast_head":"<!-- This site is optimized with the Yoast SEO plugin v27.4 - https:\/\/yoast.com\/product\/yoast-seo-wordpress\/ -->\n<title>Nachweis von Milchmischung - RC-BOVINO und RC-CAPRINO - Sysmatec<\/title>\n<meta name=\"description\" content=\"Erkennung von Mischungen aus Milch, Kuhmilch in Ziegen- oder Schafsmilch, Ziegenmilch in Schafsmilch.\" \/>\n<meta name=\"robots\" content=\"index, follow, max-snippet:-1, max-image-preview:large, max-video-preview:-1\" \/>\n<link rel=\"canonical\" href=\"https:\/\/sysmatec.ch\/de\/produit\/nachweis-von-milchmischung-rc-bovino-und-rc-caprino\/\" \/>\n<meta property=\"og:locale\" content=\"de_DE\" \/>\n<meta property=\"og:type\" content=\"article\" \/>\n<meta property=\"og:title\" content=\"Nachweis von Milchmischung - RC-BOVINO und RC-CAPRINO - Sysmatec\" \/>\n<meta property=\"og:description\" content=\"Erkennung von Mischungen aus Milch, Kuhmilch in Ziegen- oder Schafsmilch, Ziegenmilch in Schafsmilch.\" \/>\n<meta property=\"og:url\" content=\"https:\/\/sysmatec.ch\/de\/produit\/nachweis-von-milchmischung-rc-bovino-und-rc-caprino\/\" \/>\n<meta property=\"og:site_name\" content=\"Sysmatec\" \/>\n<meta property=\"article:modified_time\" content=\"2022-02-06T08:22:08+00:00\" \/>\n<meta property=\"og:image\" content=\"https:\/\/sysmatec.ch\/wp-content\/uploads\/2019\/04\/Analyse_ZeuRCBovino.jpg\" \/>\n\t<meta property=\"og:image:width\" content=\"184\" \/>\n\t<meta property=\"og:image:height\" content=\"113\" \/>\n\t<meta property=\"og:image:type\" content=\"image\/jpeg\" \/>\n<meta name=\"twitter:card\" content=\"summary_large_image\" \/>\n<meta name=\"twitter:label1\" content=\"Gesch\u00e4tzte Lesezeit\" \/>\n\t<meta name=\"twitter:data1\" content=\"1\u00a0Minute\" \/>\n<script type=\"application\/ld+json\" class=\"yoast-schema-graph\">{\"@context\":\"https:\\\/\\\/schema.org\",\"@graph\":[{\"@type\":\"WebPage\",\"@id\":\"https:\\\/\\\/sysmatec.ch\\\/de\\\/produit\\\/nachweis-von-milchmischung-rc-bovino-und-rc-caprino\\\/\",\"url\":\"https:\\\/\\\/sysmatec.ch\\\/de\\\/produit\\\/nachweis-von-milchmischung-rc-bovino-und-rc-caprino\\\/\",\"name\":\"Nachweis von Milchmischung - RC-BOVINO und RC-CAPRINO - Sysmatec\",\"isPartOf\":{\"@id\":\"https:\\\/\\\/sysmatec.ch\\\/de\\\/#website\"},\"primaryImageOfPage\":{\"@id\":\"https:\\\/\\\/sysmatec.ch\\\/de\\\/produit\\\/nachweis-von-milchmischung-rc-bovino-und-rc-caprino\\\/#primaryimage\"},\"image\":{\"@id\":\"https:\\\/\\\/sysmatec.ch\\\/de\\\/produit\\\/nachweis-von-milchmischung-rc-bovino-und-rc-caprino\\\/#primaryimage\"},\"thumbnailUrl\":\"https:\\\/\\\/sysmatec.ch\\\/wp-content\\\/uploads\\\/2019\\\/04\\\/Analyse_ZeuRCBovino.jpg\",\"datePublished\":\"2019-04-06T18:22:03+00:00\",\"dateModified\":\"2022-02-06T08:22:08+00:00\",\"description\":\"Erkennung von Mischungen aus Milch, Kuhmilch in Ziegen- oder Schafsmilch, Ziegenmilch in Schafsmilch.\",\"breadcrumb\":{\"@id\":\"https:\\\/\\\/sysmatec.ch\\\/de\\\/produit\\\/nachweis-von-milchmischung-rc-bovino-und-rc-caprino\\\/#breadcrumb\"},\"inLanguage\":\"de\",\"potentialAction\":[{\"@type\":\"ReadAction\",\"target\":[\"https:\\\/\\\/sysmatec.ch\\\/de\\\/produit\\\/nachweis-von-milchmischung-rc-bovino-und-rc-caprino\\\/\"]}]},{\"@type\":\"ImageObject\",\"inLanguage\":\"de\",\"@id\":\"https:\\\/\\\/sysmatec.ch\\\/de\\\/produit\\\/nachweis-von-milchmischung-rc-bovino-und-rc-caprino\\\/#primaryimage\",\"url\":\"https:\\\/\\\/sysmatec.ch\\\/wp-content\\\/uploads\\\/2019\\\/04\\\/Analyse_ZeuRCBovino.jpg\",\"contentUrl\":\"https:\\\/\\\/sysmatec.ch\\\/wp-content\\\/uploads\\\/2019\\\/04\\\/Analyse_ZeuRCBovino.jpg\",\"width\":184,\"height\":113},{\"@type\":\"BreadcrumbList\",\"@id\":\"https:\\\/\\\/sysmatec.ch\\\/de\\\/produit\\\/nachweis-von-milchmischung-rc-bovino-und-rc-caprino\\\/#breadcrumb\",\"itemListElement\":[{\"@type\":\"ListItem\",\"position\":1,\"name\":\"Accueil\",\"item\":\"https:\\\/\\\/sysmatec.ch\\\/de\\\/\"},{\"@type\":\"ListItem\",\"position\":2,\"name\":\"Die Aktivit\u00e4t von Sysmatec\",\"item\":\"https:\\\/\\\/sysmatec.ch\\\/de\\\/\"},{\"@type\":\"ListItem\",\"position\":3,\"name\":\"Nachweis von Milchmischung &#8211; RC-BOVINO und RC-CAPRINO\"}]},{\"@type\":\"WebSite\",\"@id\":\"https:\\\/\\\/sysmatec.ch\\\/de\\\/#website\",\"url\":\"https:\\\/\\\/sysmatec.ch\\\/de\\\/\",\"name\":\"Sysmatec\",\"description\":\"Equipement de laboratoire et logiciels\",\"publisher\":{\"@id\":\"https:\\\/\\\/sysmatec.ch\\\/de\\\/#organization\"},\"potentialAction\":[{\"@type\":\"SearchAction\",\"target\":{\"@type\":\"EntryPoint\",\"urlTemplate\":\"https:\\\/\\\/sysmatec.ch\\\/de\\\/?s={search_term_string}\"},\"query-input\":{\"@type\":\"PropertyValueSpecification\",\"valueRequired\":true,\"valueName\":\"search_term_string\"}}],\"inLanguage\":\"de\"},{\"@type\":\"Organization\",\"@id\":\"https:\\\/\\\/sysmatec.ch\\\/de\\\/#organization\",\"name\":\"Sysmatec\",\"url\":\"https:\\\/\\\/sysmatec.ch\\\/de\\\/\",\"logo\":{\"@type\":\"ImageObject\",\"inLanguage\":\"de\",\"@id\":\"https:\\\/\\\/sysmatec.ch\\\/de\\\/#\\\/schema\\\/logo\\\/image\\\/\",\"url\":\"https:\\\/\\\/sysmatec.ch\\\/wp-content\\\/uploads\\\/2018\\\/11\\\/LogoSysmatec.jpg\",\"contentUrl\":\"https:\\\/\\\/sysmatec.ch\\\/wp-content\\\/uploads\\\/2018\\\/11\\\/LogoSysmatec.jpg\",\"width\":301,\"height\":297,\"caption\":\"Sysmatec\"},\"image\":{\"@id\":\"https:\\\/\\\/sysmatec.ch\\\/de\\\/#\\\/schema\\\/logo\\\/image\\\/\"}}]}<\/script>\n<!-- \/ Yoast SEO plugin. -->","yoast_head_json":{"title":"Nachweis von Milchmischung - RC-BOVINO und RC-CAPRINO - Sysmatec","description":"Erkennung von Mischungen aus Milch, Kuhmilch in Ziegen- oder Schafsmilch, Ziegenmilch in Schafsmilch.","robots":{"index":"index","follow":"follow","max-snippet":"max-snippet:-1","max-image-preview":"max-image-preview:large","max-video-preview":"max-video-preview:-1"},"canonical":"https:\/\/sysmatec.ch\/de\/produit\/nachweis-von-milchmischung-rc-bovino-und-rc-caprino\/","og_locale":"de_DE","og_type":"article","og_title":"Nachweis von Milchmischung - RC-BOVINO und RC-CAPRINO - Sysmatec","og_description":"Erkennung von Mischungen aus Milch, Kuhmilch in Ziegen- oder Schafsmilch, Ziegenmilch in Schafsmilch.","og_url":"https:\/\/sysmatec.ch\/de\/produit\/nachweis-von-milchmischung-rc-bovino-und-rc-caprino\/","og_site_name":"Sysmatec","article_modified_time":"2022-02-06T08:22:08+00:00","og_image":[{"width":184,"height":113,"url":"https:\/\/sysmatec.ch\/wp-content\/uploads\/2019\/04\/Analyse_ZeuRCBovino.jpg","type":"image\/jpeg"}],"twitter_card":"summary_large_image","twitter_misc":{"Gesch\u00e4tzte Lesezeit":"1\u00a0Minute"},"schema":{"@context":"https:\/\/schema.org","@graph":[{"@type":"WebPage","@id":"https:\/\/sysmatec.ch\/de\/produit\/nachweis-von-milchmischung-rc-bovino-und-rc-caprino\/","url":"https:\/\/sysmatec.ch\/de\/produit\/nachweis-von-milchmischung-rc-bovino-und-rc-caprino\/","name":"Nachweis von Milchmischung - RC-BOVINO und RC-CAPRINO - Sysmatec","isPartOf":{"@id":"https:\/\/sysmatec.ch\/de\/#website"},"primaryImageOfPage":{"@id":"https:\/\/sysmatec.ch\/de\/produit\/nachweis-von-milchmischung-rc-bovino-und-rc-caprino\/#primaryimage"},"image":{"@id":"https:\/\/sysmatec.ch\/de\/produit\/nachweis-von-milchmischung-rc-bovino-und-rc-caprino\/#primaryimage"},"thumbnailUrl":"https:\/\/sysmatec.ch\/wp-content\/uploads\/2019\/04\/Analyse_ZeuRCBovino.jpg","datePublished":"2019-04-06T18:22:03+00:00","dateModified":"2022-02-06T08:22:08+00:00","description":"Erkennung von Mischungen aus Milch, Kuhmilch in Ziegen- oder Schafsmilch, Ziegenmilch in Schafsmilch.","breadcrumb":{"@id":"https:\/\/sysmatec.ch\/de\/produit\/nachweis-von-milchmischung-rc-bovino-und-rc-caprino\/#breadcrumb"},"inLanguage":"de","potentialAction":[{"@type":"ReadAction","target":["https:\/\/sysmatec.ch\/de\/produit\/nachweis-von-milchmischung-rc-bovino-und-rc-caprino\/"]}]},{"@type":"ImageObject","inLanguage":"de","@id":"https:\/\/sysmatec.ch\/de\/produit\/nachweis-von-milchmischung-rc-bovino-und-rc-caprino\/#primaryimage","url":"https:\/\/sysmatec.ch\/wp-content\/uploads\/2019\/04\/Analyse_ZeuRCBovino.jpg","contentUrl":"https:\/\/sysmatec.ch\/wp-content\/uploads\/2019\/04\/Analyse_ZeuRCBovino.jpg","width":184,"height":113},{"@type":"BreadcrumbList","@id":"https:\/\/sysmatec.ch\/de\/produit\/nachweis-von-milchmischung-rc-bovino-und-rc-caprino\/#breadcrumb","itemListElement":[{"@type":"ListItem","position":1,"name":"Accueil","item":"https:\/\/sysmatec.ch\/de\/"},{"@type":"ListItem","position":2,"name":"Die Aktivit\u00e4t von Sysmatec","item":"https:\/\/sysmatec.ch\/de\/"},{"@type":"ListItem","position":3,"name":"Nachweis von Milchmischung &#8211; RC-BOVINO und RC-CAPRINO"}]},{"@type":"WebSite","@id":"https:\/\/sysmatec.ch\/de\/#website","url":"https:\/\/sysmatec.ch\/de\/","name":"Sysmatec","description":"Equipement de laboratoire et logiciels","publisher":{"@id":"https:\/\/sysmatec.ch\/de\/#organization"},"potentialAction":[{"@type":"SearchAction","target":{"@type":"EntryPoint","urlTemplate":"https:\/\/sysmatec.ch\/de\/?s={search_term_string}"},"query-input":{"@type":"PropertyValueSpecification","valueRequired":true,"valueName":"search_term_string"}}],"inLanguage":"de"},{"@type":"Organization","@id":"https:\/\/sysmatec.ch\/de\/#organization","name":"Sysmatec","url":"https:\/\/sysmatec.ch\/de\/","logo":{"@type":"ImageObject","inLanguage":"de","@id":"https:\/\/sysmatec.ch\/de\/#\/schema\/logo\/image\/","url":"https:\/\/sysmatec.ch\/wp-content\/uploads\/2018\/11\/LogoSysmatec.jpg","contentUrl":"https:\/\/sysmatec.ch\/wp-content\/uploads\/2018\/11\/LogoSysmatec.jpg","width":301,"height":297,"caption":"Sysmatec"},"image":{"@id":"https:\/\/sysmatec.ch\/de\/#\/schema\/logo\/image\/"}}]}},"_links":{"self":[{"href":"https:\/\/sysmatec.ch\/de\/wp-json\/wp\/v2\/product\/5025","targetHints":{"allow":["GET"]}}],"collection":[{"href":"https:\/\/sysmatec.ch\/de\/wp-json\/wp\/v2\/product"}],"about":[{"href":"https:\/\/sysmatec.ch\/de\/wp-json\/wp\/v2\/types\/product"}],"wp:featuredmedia":[{"embeddable":true,"href":"https:\/\/sysmatec.ch\/de\/wp-json\/wp\/v2\/media\/5020"}],"wp:attachment":[{"href":"https:\/\/sysmatec.ch\/de\/wp-json\/wp\/v2\/media?parent=5025"}],"wp:term":[{"taxonomy":"product_brand","embeddable":true,"href":"https:\/\/sysmatec.ch\/de\/wp-json\/wp\/v2\/product_brand?post=5025"},{"taxonomy":"product_cat","embeddable":true,"href":"https:\/\/sysmatec.ch\/de\/wp-json\/wp\/v2\/product_cat?post=5025"},{"taxonomy":"product_tag","embeddable":true,"href":"https:\/\/sysmatec.ch\/de\/wp-json\/wp\/v2\/product_tag?post=5025"}],"curies":[{"name":"wp","href":"https:\/\/api.w.org\/{rel}","templated":true}]}}