{"id":5000,"date":"2019-04-06T18:49:08","date_gmt":"2019-04-06T16:49:08","guid":{"rendered":"https:\/\/sysmatec.ch\/produit\/e-reader-pour-eclipse\/"},"modified":"2022-02-06T09:42:07","modified_gmt":"2022-02-06T08:42:07","slug":"e-reader-fuer-eclipse","status":"publish","type":"product","link":"https:\/\/sysmatec.ch\/de\/Produkt\/e-reader-fuer-eclipse\/","title":{"rendered":"E-Reader f\u00fcr Eclipse"},"content":{"rendered":"<p>E-Reader ist ein automatisiertes System, das die Eclipse-Farm 3G-Kits ben\u00fctzt, zum Nachweis von Antibiotika in der Milch. Es kann auch f\u00fcr den Nachweis von Antibiotika in anderen Produkten wie Fleisch, Eiern, Nieren mit dem Explorer 2.0-Kit ben\u00fctzt werden.<\/p>\n<p>Es ist ein kolorimetrischer Test basiert auf der Hemmung des Wachstums von Bakterien.<\/p>\n<p>Eine interne Software misst die Farbeaenderung und bestimmt die optimale Dauer der Messung. E-Reader interpretiert auch die Ergebnisse als qualitative und Zahlenwerte. Die Ergebnisse werden gespeichert, um die R\u00fcckverfolgbarkeit zu gew\u00e4hrleisten.<\/p>\n<p>Betriebstemperatur: 65 \u00b0 C<\/p>\n<p>Ermittelt automatisch das Ende der Messung. Dies vermeidet Interpretationsfehler und verbessert die Reproduzierbarkeit.<\/p>\n<p>Die Ergebnisse werden auf dem Bildschirm am Ende der Inkubationszeit angezeigt.<\/p>\n<p>2 Versionen:<\/p>\n<ul>\n<li type=\"disc\">ZE \/ ERT8 8 Proben, eine Methode zu ausw\u00e4hlen zwischen Eclipse Single (Antibiotika in Kuhmilch, ohne negative Kontolle), Eclipse NC (Antibiotika in Kuhmilch, mit negativer Kontolle), ECLIPSE NC SGA (Analyse von Antibiotika in Schafsmilch, Ziegenmilch und Azidiol enthaltende Proben), Explorer (Antibiotika in Fleich), Explorer Kidney (Antibiotika in Niere), ohne Verbindung zu einem PC<\/li>\n<li type=\"disc\">ZE \/ ERT8 \/ CTE 8 Proben, programmierbare f\u00fcr Eclipse Single, Eclipse NC, Explorer, Explorer Kidney, Anschluss mit optionaler PC-Software m\u00f6glich, interner Speicher zur Speicherung von Testergebnissen (etwa 20 000 Werte) .<\/li>\n<\/ul>\n","protected":false},"excerpt":{"rendered":"<p>E-Reader f\u00fcr Eclipse<\/p>\n","protected":false},"featured_media":4998,"template":"","meta":{"_crdt_document":""},"product_brand":[],"product_cat":[188,377],"product_tag":[],"class_list":{"0":"post-5000","1":"product","2":"type-product","3":"status-publish","4":"has-post-thumbnail","6":"product_cat-analyse-de","7":"product_cat-milch","9":"first","10":"instock","11":"taxable","12":"shipping-taxable","13":"product-type-simple"},"yoast_head":"<!-- This site is optimized with the Yoast SEO plugin v27.4 - https:\/\/yoast.com\/product\/yoast-seo-wordpress\/ -->\n<title>E-Reader f\u00fcr Eclipse - Sysmatec<\/title>\n<meta name=\"description\" content=\"Automatisches System zum Nachweis von Antibiotika-Produkten in Lebensmitteln wie Milch, Fleisch, Eiern.\" \/>\n<meta name=\"robots\" content=\"index, follow, max-snippet:-1, max-image-preview:large, max-video-preview:-1\" \/>\n<link rel=\"canonical\" href=\"https:\/\/sysmatec.ch\/de\/produit\/e-reader-fuer-eclipse\/\" \/>\n<meta property=\"og:locale\" content=\"de_DE\" \/>\n<meta property=\"og:type\" content=\"article\" \/>\n<meta property=\"og:title\" content=\"E-Reader f\u00fcr Eclipse - Sysmatec\" \/>\n<meta property=\"og:description\" content=\"Automatisches System zum Nachweis von Antibiotika-Produkten in Lebensmitteln wie Milch, Fleisch, Eiern.\" \/>\n<meta property=\"og:url\" content=\"https:\/\/sysmatec.ch\/de\/produit\/e-reader-fuer-eclipse\/\" \/>\n<meta property=\"og:site_name\" content=\"Sysmatec\" \/>\n<meta property=\"article:modified_time\" content=\"2022-02-06T08:42:07+00:00\" \/>\n<meta property=\"og:image\" content=\"https:\/\/sysmatec.ch\/wp-content\/uploads\/2019\/04\/Analyse_ZEUEReader.jpg\" \/>\n\t<meta property=\"og:image:width\" content=\"182\" \/>\n\t<meta property=\"og:image:height\" content=\"176\" \/>\n\t<meta property=\"og:image:type\" content=\"image\/jpeg\" \/>\n<meta name=\"twitter:card\" content=\"summary_large_image\" \/>\n<meta name=\"twitter:label1\" content=\"Gesch\u00e4tzte Lesezeit\" \/>\n\t<meta name=\"twitter:data1\" content=\"1\u00a0Minute\" \/>\n<script type=\"application\/ld+json\" class=\"yoast-schema-graph\">{\"@context\":\"https:\\\/\\\/schema.org\",\"@graph\":[{\"@type\":\"WebPage\",\"@id\":\"https:\\\/\\\/sysmatec.ch\\\/de\\\/produit\\\/e-reader-fuer-eclipse\\\/\",\"url\":\"https:\\\/\\\/sysmatec.ch\\\/de\\\/produit\\\/e-reader-fuer-eclipse\\\/\",\"name\":\"E-Reader f\u00fcr Eclipse - Sysmatec\",\"isPartOf\":{\"@id\":\"https:\\\/\\\/sysmatec.ch\\\/de\\\/#website\"},\"primaryImageOfPage\":{\"@id\":\"https:\\\/\\\/sysmatec.ch\\\/de\\\/produit\\\/e-reader-fuer-eclipse\\\/#primaryimage\"},\"image\":{\"@id\":\"https:\\\/\\\/sysmatec.ch\\\/de\\\/produit\\\/e-reader-fuer-eclipse\\\/#primaryimage\"},\"thumbnailUrl\":\"https:\\\/\\\/sysmatec.ch\\\/wp-content\\\/uploads\\\/2019\\\/04\\\/Analyse_ZEUEReader.jpg\",\"datePublished\":\"2019-04-06T16:49:08+00:00\",\"dateModified\":\"2022-02-06T08:42:07+00:00\",\"description\":\"Automatisches System zum Nachweis von Antibiotika-Produkten in Lebensmitteln wie Milch, Fleisch, Eiern.\",\"breadcrumb\":{\"@id\":\"https:\\\/\\\/sysmatec.ch\\\/de\\\/produit\\\/e-reader-fuer-eclipse\\\/#breadcrumb\"},\"inLanguage\":\"de\",\"potentialAction\":[{\"@type\":\"ReadAction\",\"target\":[\"https:\\\/\\\/sysmatec.ch\\\/de\\\/produit\\\/e-reader-fuer-eclipse\\\/\"]}]},{\"@type\":\"ImageObject\",\"inLanguage\":\"de\",\"@id\":\"https:\\\/\\\/sysmatec.ch\\\/de\\\/produit\\\/e-reader-fuer-eclipse\\\/#primaryimage\",\"url\":\"https:\\\/\\\/sysmatec.ch\\\/wp-content\\\/uploads\\\/2019\\\/04\\\/Analyse_ZEUEReader.jpg\",\"contentUrl\":\"https:\\\/\\\/sysmatec.ch\\\/wp-content\\\/uploads\\\/2019\\\/04\\\/Analyse_ZEUEReader.jpg\",\"width\":182,\"height\":176},{\"@type\":\"BreadcrumbList\",\"@id\":\"https:\\\/\\\/sysmatec.ch\\\/de\\\/produit\\\/e-reader-fuer-eclipse\\\/#breadcrumb\",\"itemListElement\":[{\"@type\":\"ListItem\",\"position\":1,\"name\":\"Accueil\",\"item\":\"https:\\\/\\\/sysmatec.ch\\\/de\\\/\"},{\"@type\":\"ListItem\",\"position\":2,\"name\":\"Die Aktivit\u00e4t von Sysmatec\",\"item\":\"https:\\\/\\\/sysmatec.ch\\\/de\\\/\"},{\"@type\":\"ListItem\",\"position\":3,\"name\":\"E-Reader f\u00fcr Eclipse\"}]},{\"@type\":\"WebSite\",\"@id\":\"https:\\\/\\\/sysmatec.ch\\\/de\\\/#website\",\"url\":\"https:\\\/\\\/sysmatec.ch\\\/de\\\/\",\"name\":\"Sysmatec\",\"description\":\"Equipement de laboratoire et logiciels\",\"publisher\":{\"@id\":\"https:\\\/\\\/sysmatec.ch\\\/de\\\/#organization\"},\"potentialAction\":[{\"@type\":\"SearchAction\",\"target\":{\"@type\":\"EntryPoint\",\"urlTemplate\":\"https:\\\/\\\/sysmatec.ch\\\/de\\\/?s={search_term_string}\"},\"query-input\":{\"@type\":\"PropertyValueSpecification\",\"valueRequired\":true,\"valueName\":\"search_term_string\"}}],\"inLanguage\":\"de\"},{\"@type\":\"Organization\",\"@id\":\"https:\\\/\\\/sysmatec.ch\\\/de\\\/#organization\",\"name\":\"Sysmatec\",\"url\":\"https:\\\/\\\/sysmatec.ch\\\/de\\\/\",\"logo\":{\"@type\":\"ImageObject\",\"inLanguage\":\"de\",\"@id\":\"https:\\\/\\\/sysmatec.ch\\\/de\\\/#\\\/schema\\\/logo\\\/image\\\/\",\"url\":\"https:\\\/\\\/sysmatec.ch\\\/wp-content\\\/uploads\\\/2018\\\/11\\\/LogoSysmatec.jpg\",\"contentUrl\":\"https:\\\/\\\/sysmatec.ch\\\/wp-content\\\/uploads\\\/2018\\\/11\\\/LogoSysmatec.jpg\",\"width\":301,\"height\":297,\"caption\":\"Sysmatec\"},\"image\":{\"@id\":\"https:\\\/\\\/sysmatec.ch\\\/de\\\/#\\\/schema\\\/logo\\\/image\\\/\"}}]}<\/script>\n<!-- \/ Yoast SEO plugin. -->","yoast_head_json":{"title":"E-Reader f\u00fcr Eclipse - Sysmatec","description":"Automatisches System zum Nachweis von Antibiotika-Produkten in Lebensmitteln wie Milch, Fleisch, Eiern.","robots":{"index":"index","follow":"follow","max-snippet":"max-snippet:-1","max-image-preview":"max-image-preview:large","max-video-preview":"max-video-preview:-1"},"canonical":"https:\/\/sysmatec.ch\/de\/produit\/e-reader-fuer-eclipse\/","og_locale":"de_DE","og_type":"article","og_title":"E-Reader f\u00fcr Eclipse - Sysmatec","og_description":"Automatisches System zum Nachweis von Antibiotika-Produkten in Lebensmitteln wie Milch, Fleisch, Eiern.","og_url":"https:\/\/sysmatec.ch\/de\/produit\/e-reader-fuer-eclipse\/","og_site_name":"Sysmatec","article_modified_time":"2022-02-06T08:42:07+00:00","og_image":[{"width":182,"height":176,"url":"https:\/\/sysmatec.ch\/wp-content\/uploads\/2019\/04\/Analyse_ZEUEReader.jpg","type":"image\/jpeg"}],"twitter_card":"summary_large_image","twitter_misc":{"Gesch\u00e4tzte Lesezeit":"1\u00a0Minute"},"schema":{"@context":"https:\/\/schema.org","@graph":[{"@type":"WebPage","@id":"https:\/\/sysmatec.ch\/de\/produit\/e-reader-fuer-eclipse\/","url":"https:\/\/sysmatec.ch\/de\/produit\/e-reader-fuer-eclipse\/","name":"E-Reader f\u00fcr Eclipse - Sysmatec","isPartOf":{"@id":"https:\/\/sysmatec.ch\/de\/#website"},"primaryImageOfPage":{"@id":"https:\/\/sysmatec.ch\/de\/produit\/e-reader-fuer-eclipse\/#primaryimage"},"image":{"@id":"https:\/\/sysmatec.ch\/de\/produit\/e-reader-fuer-eclipse\/#primaryimage"},"thumbnailUrl":"https:\/\/sysmatec.ch\/wp-content\/uploads\/2019\/04\/Analyse_ZEUEReader.jpg","datePublished":"2019-04-06T16:49:08+00:00","dateModified":"2022-02-06T08:42:07+00:00","description":"Automatisches System zum Nachweis von Antibiotika-Produkten in Lebensmitteln wie Milch, Fleisch, Eiern.","breadcrumb":{"@id":"https:\/\/sysmatec.ch\/de\/produit\/e-reader-fuer-eclipse\/#breadcrumb"},"inLanguage":"de","potentialAction":[{"@type":"ReadAction","target":["https:\/\/sysmatec.ch\/de\/produit\/e-reader-fuer-eclipse\/"]}]},{"@type":"ImageObject","inLanguage":"de","@id":"https:\/\/sysmatec.ch\/de\/produit\/e-reader-fuer-eclipse\/#primaryimage","url":"https:\/\/sysmatec.ch\/wp-content\/uploads\/2019\/04\/Analyse_ZEUEReader.jpg","contentUrl":"https:\/\/sysmatec.ch\/wp-content\/uploads\/2019\/04\/Analyse_ZEUEReader.jpg","width":182,"height":176},{"@type":"BreadcrumbList","@id":"https:\/\/sysmatec.ch\/de\/produit\/e-reader-fuer-eclipse\/#breadcrumb","itemListElement":[{"@type":"ListItem","position":1,"name":"Accueil","item":"https:\/\/sysmatec.ch\/de\/"},{"@type":"ListItem","position":2,"name":"Die Aktivit\u00e4t von Sysmatec","item":"https:\/\/sysmatec.ch\/de\/"},{"@type":"ListItem","position":3,"name":"E-Reader f\u00fcr Eclipse"}]},{"@type":"WebSite","@id":"https:\/\/sysmatec.ch\/de\/#website","url":"https:\/\/sysmatec.ch\/de\/","name":"Sysmatec","description":"Equipement de laboratoire et logiciels","publisher":{"@id":"https:\/\/sysmatec.ch\/de\/#organization"},"potentialAction":[{"@type":"SearchAction","target":{"@type":"EntryPoint","urlTemplate":"https:\/\/sysmatec.ch\/de\/?s={search_term_string}"},"query-input":{"@type":"PropertyValueSpecification","valueRequired":true,"valueName":"search_term_string"}}],"inLanguage":"de"},{"@type":"Organization","@id":"https:\/\/sysmatec.ch\/de\/#organization","name":"Sysmatec","url":"https:\/\/sysmatec.ch\/de\/","logo":{"@type":"ImageObject","inLanguage":"de","@id":"https:\/\/sysmatec.ch\/de\/#\/schema\/logo\/image\/","url":"https:\/\/sysmatec.ch\/wp-content\/uploads\/2018\/11\/LogoSysmatec.jpg","contentUrl":"https:\/\/sysmatec.ch\/wp-content\/uploads\/2018\/11\/LogoSysmatec.jpg","width":301,"height":297,"caption":"Sysmatec"},"image":{"@id":"https:\/\/sysmatec.ch\/de\/#\/schema\/logo\/image\/"}}]}},"_links":{"self":[{"href":"https:\/\/sysmatec.ch\/de\/wp-json\/wp\/v2\/product\/5000","targetHints":{"allow":["GET"]}}],"collection":[{"href":"https:\/\/sysmatec.ch\/de\/wp-json\/wp\/v2\/product"}],"about":[{"href":"https:\/\/sysmatec.ch\/de\/wp-json\/wp\/v2\/types\/product"}],"wp:featuredmedia":[{"embeddable":true,"href":"https:\/\/sysmatec.ch\/de\/wp-json\/wp\/v2\/media\/4998"}],"wp:attachment":[{"href":"https:\/\/sysmatec.ch\/de\/wp-json\/wp\/v2\/media?parent=5000"}],"wp:term":[{"taxonomy":"product_brand","embeddable":true,"href":"https:\/\/sysmatec.ch\/de\/wp-json\/wp\/v2\/product_brand?post=5000"},{"taxonomy":"product_cat","embeddable":true,"href":"https:\/\/sysmatec.ch\/de\/wp-json\/wp\/v2\/product_cat?post=5000"},{"taxonomy":"product_tag","embeddable":true,"href":"https:\/\/sysmatec.ch\/de\/wp-json\/wp\/v2\/product_tag?post=5000"}],"curies":[{"name":"wp","href":"https:\/\/api.w.org\/{rel}","templated":true}]}}