{"id":4985,"date":"2019-04-06T18:29:11","date_gmt":"2019-04-06T16:29:11","guid":{"rendered":"https:\/\/sysmatec.ch\/produit\/eclipse-farm-3-g-detection-des-antibiotiques-dans-le-lait\/"},"modified":"2022-02-06T15:51:45","modified_gmt":"2022-02-06T14:51:45","slug":"nachweis-von-antibiotika-in-milch-eclipse-farm-3-g","status":"publish","type":"product","link":"https:\/\/sysmatec.ch\/de\/Produkt\/nachweis-von-antibiotika-in-milch-eclipse-farm-3-g\/","title":{"rendered":"Nachweis von Antibiotika in Milch-Eclipse Farm 3 G"},"content":{"rendered":"<p>Die ECLIPSE-Kit ist ein Screening-Test f\u00fcr den qualitativen Nachweis von Antibiotika in Milch. Das Verfahren wurde gem\u00e4\u00df der ISO 1369:2003 (E) validiert und ist auf die Hemmung des mikrobiellen Wachstum basiert. Milch wird in einem R\u00f6rchen, bei dem Agarmedium mit Geobacillus stearothermophilus enth\u00e4lt, zugegeben. Wenn die Platte bei 65 \u00b0 C inkubiert wird, werden die Keimen wachsen. Sie produzieren S\u00e4ure und \u00e4ndern so den Agar pH, was sich durch eine Farbe\u00e4nderung von blau auf gelb f\u00fchrt. Wenn Milchproben-Inhibitoren, in h\u00f6heren Konzentrationen als die Nachweisgrenze, enthalten, werden die Mikroorganismen nicht wachsen. Es wird dann keine Farb\u00e4nderungen beobachtet.<\/p>\n<p>Kit Features: Ein Schritt-Assay, Einfach zu bedienen R\u00f6rchen, Individuelle Test, Kompatibel mit MRL (R\u00fcckstandsh\u00f6chstmengen), Breites Spektrum von Antibiotika-Erkennung, Ready-to-use (mitgeliefert mit Testr\u00f6rchen und einweg Pipette).<\/p>\n<p>Format: 25 und 50 Testr\u00f6rchen<\/p>\n<p>Testdauer: 2.15 &#8211; 2.45 h<\/p>\n<p>Muster Art: Kuh, Schaf-und Ziegenmilch<\/p>\n<p>Ergebnisse: Visuelle Lesung<\/p>\n","protected":false},"excerpt":{"rendered":"<p>Nachweis von Antibiotika in Milch<\/p>\n","protected":false},"featured_media":4980,"template":"","meta":{"_crdt_document":""},"product_brand":[],"product_cat":[188,377],"product_tag":[],"class_list":{"0":"post-4985","1":"product","2":"type-product","3":"status-publish","4":"has-post-thumbnail","6":"product_cat-analyse-de","7":"product_cat-milch","9":"first","10":"instock","11":"taxable","12":"shipping-taxable","13":"product-type-simple"},"yoast_head":"<!-- This site is optimized with the Yoast SEO plugin v27.3 - https:\/\/yoast.com\/product\/yoast-seo-wordpress\/ -->\n<title>Nachweis von Antibiotika in Milch-Eclipse Farm 3 G - Sysmatec<\/title>\n<meta name=\"description\" content=\"Eclipse-Testkit zum qualitativen Nachweis von Antibiotika in Milch. Dauer des Tests ca. 2 bis 3 Stunden.\" \/>\n<meta name=\"robots\" content=\"index, follow, max-snippet:-1, max-image-preview:large, max-video-preview:-1\" \/>\n<link rel=\"canonical\" href=\"https:\/\/sysmatec.ch\/de\/produit\/nachweis-von-antibiotika-in-milch-eclipse-farm-3-g\/\" \/>\n<meta property=\"og:locale\" content=\"de_DE\" \/>\n<meta property=\"og:type\" content=\"article\" \/>\n<meta property=\"og:title\" content=\"Nachweis von Antibiotika in Milch-Eclipse Farm 3 G - Sysmatec\" \/>\n<meta property=\"og:description\" content=\"Eclipse-Testkit zum qualitativen Nachweis von Antibiotika in Milch. Dauer des Tests ca. 2 bis 3 Stunden.\" \/>\n<meta property=\"og:url\" content=\"https:\/\/sysmatec.ch\/de\/produit\/nachweis-von-antibiotika-in-milch-eclipse-farm-3-g\/\" \/>\n<meta property=\"og:site_name\" content=\"Sysmatec\" \/>\n<meta property=\"article:modified_time\" content=\"2022-02-06T14:51:45+00:00\" \/>\n<meta property=\"og:image\" content=\"https:\/\/sysmatec.ch\/wp-content\/uploads\/2019\/04\/Analyse_ZeuEclipse3GFarm.jpg\" \/>\n\t<meta property=\"og:image:width\" content=\"192\" \/>\n\t<meta property=\"og:image:height\" content=\"119\" \/>\n\t<meta property=\"og:image:type\" content=\"image\/jpeg\" \/>\n<meta name=\"twitter:card\" content=\"summary_large_image\" \/>\n<meta name=\"twitter:label1\" content=\"Gesch\u00e4tzte Lesezeit\" \/>\n\t<meta name=\"twitter:data1\" content=\"1\u00a0Minute\" \/>\n<script type=\"application\/ld+json\" class=\"yoast-schema-graph\">{\"@context\":\"https:\\\/\\\/schema.org\",\"@graph\":[{\"@type\":\"WebPage\",\"@id\":\"https:\\\/\\\/sysmatec.ch\\\/de\\\/produit\\\/nachweis-von-antibiotika-in-milch-eclipse-farm-3-g\\\/\",\"url\":\"https:\\\/\\\/sysmatec.ch\\\/de\\\/produit\\\/nachweis-von-antibiotika-in-milch-eclipse-farm-3-g\\\/\",\"name\":\"Nachweis von Antibiotika in Milch-Eclipse Farm 3 G - Sysmatec\",\"isPartOf\":{\"@id\":\"https:\\\/\\\/sysmatec.ch\\\/de\\\/#website\"},\"primaryImageOfPage\":{\"@id\":\"https:\\\/\\\/sysmatec.ch\\\/de\\\/produit\\\/nachweis-von-antibiotika-in-milch-eclipse-farm-3-g\\\/#primaryimage\"},\"image\":{\"@id\":\"https:\\\/\\\/sysmatec.ch\\\/de\\\/produit\\\/nachweis-von-antibiotika-in-milch-eclipse-farm-3-g\\\/#primaryimage\"},\"thumbnailUrl\":\"https:\\\/\\\/sysmatec.ch\\\/wp-content\\\/uploads\\\/2019\\\/04\\\/Analyse_ZeuEclipse3GFarm.jpg\",\"datePublished\":\"2019-04-06T16:29:11+00:00\",\"dateModified\":\"2022-02-06T14:51:45+00:00\",\"description\":\"Eclipse-Testkit zum qualitativen Nachweis von Antibiotika in Milch. Dauer des Tests ca. 2 bis 3 Stunden.\",\"breadcrumb\":{\"@id\":\"https:\\\/\\\/sysmatec.ch\\\/de\\\/produit\\\/nachweis-von-antibiotika-in-milch-eclipse-farm-3-g\\\/#breadcrumb\"},\"inLanguage\":\"de\",\"potentialAction\":[{\"@type\":\"ReadAction\",\"target\":[\"https:\\\/\\\/sysmatec.ch\\\/de\\\/produit\\\/nachweis-von-antibiotika-in-milch-eclipse-farm-3-g\\\/\"]}]},{\"@type\":\"ImageObject\",\"inLanguage\":\"de\",\"@id\":\"https:\\\/\\\/sysmatec.ch\\\/de\\\/produit\\\/nachweis-von-antibiotika-in-milch-eclipse-farm-3-g\\\/#primaryimage\",\"url\":\"https:\\\/\\\/sysmatec.ch\\\/wp-content\\\/uploads\\\/2019\\\/04\\\/Analyse_ZeuEclipse3GFarm.jpg\",\"contentUrl\":\"https:\\\/\\\/sysmatec.ch\\\/wp-content\\\/uploads\\\/2019\\\/04\\\/Analyse_ZeuEclipse3GFarm.jpg\",\"width\":192,\"height\":119},{\"@type\":\"BreadcrumbList\",\"@id\":\"https:\\\/\\\/sysmatec.ch\\\/de\\\/produit\\\/nachweis-von-antibiotika-in-milch-eclipse-farm-3-g\\\/#breadcrumb\",\"itemListElement\":[{\"@type\":\"ListItem\",\"position\":1,\"name\":\"Accueil\",\"item\":\"https:\\\/\\\/sysmatec.ch\\\/de\\\/\"},{\"@type\":\"ListItem\",\"position\":2,\"name\":\"Die Aktivit\u00e4t von Sysmatec\",\"item\":\"https:\\\/\\\/sysmatec.ch\\\/de\\\/\"},{\"@type\":\"ListItem\",\"position\":3,\"name\":\"Nachweis von Antibiotika in Milch-Eclipse Farm 3 G\"}]},{\"@type\":\"WebSite\",\"@id\":\"https:\\\/\\\/sysmatec.ch\\\/de\\\/#website\",\"url\":\"https:\\\/\\\/sysmatec.ch\\\/de\\\/\",\"name\":\"Sysmatec\",\"description\":\"Equipement de laboratoire et logiciels\",\"publisher\":{\"@id\":\"https:\\\/\\\/sysmatec.ch\\\/de\\\/#organization\"},\"potentialAction\":[{\"@type\":\"SearchAction\",\"target\":{\"@type\":\"EntryPoint\",\"urlTemplate\":\"https:\\\/\\\/sysmatec.ch\\\/de\\\/?s={search_term_string}\"},\"query-input\":{\"@type\":\"PropertyValueSpecification\",\"valueRequired\":true,\"valueName\":\"search_term_string\"}}],\"inLanguage\":\"de\"},{\"@type\":\"Organization\",\"@id\":\"https:\\\/\\\/sysmatec.ch\\\/de\\\/#organization\",\"name\":\"Sysmatec\",\"url\":\"https:\\\/\\\/sysmatec.ch\\\/de\\\/\",\"logo\":{\"@type\":\"ImageObject\",\"inLanguage\":\"de\",\"@id\":\"https:\\\/\\\/sysmatec.ch\\\/de\\\/#\\\/schema\\\/logo\\\/image\\\/\",\"url\":\"https:\\\/\\\/sysmatec.ch\\\/wp-content\\\/uploads\\\/2018\\\/11\\\/LogoSysmatec.jpg\",\"contentUrl\":\"https:\\\/\\\/sysmatec.ch\\\/wp-content\\\/uploads\\\/2018\\\/11\\\/LogoSysmatec.jpg\",\"width\":301,\"height\":297,\"caption\":\"Sysmatec\"},\"image\":{\"@id\":\"https:\\\/\\\/sysmatec.ch\\\/de\\\/#\\\/schema\\\/logo\\\/image\\\/\"}}]}<\/script>\n<!-- \/ Yoast SEO plugin. -->","yoast_head_json":{"title":"Nachweis von Antibiotika in Milch-Eclipse Farm 3 G - Sysmatec","description":"Eclipse-Testkit zum qualitativen Nachweis von Antibiotika in Milch. Dauer des Tests ca. 2 bis 3 Stunden.","robots":{"index":"index","follow":"follow","max-snippet":"max-snippet:-1","max-image-preview":"max-image-preview:large","max-video-preview":"max-video-preview:-1"},"canonical":"https:\/\/sysmatec.ch\/de\/produit\/nachweis-von-antibiotika-in-milch-eclipse-farm-3-g\/","og_locale":"de_DE","og_type":"article","og_title":"Nachweis von Antibiotika in Milch-Eclipse Farm 3 G - Sysmatec","og_description":"Eclipse-Testkit zum qualitativen Nachweis von Antibiotika in Milch. Dauer des Tests ca. 2 bis 3 Stunden.","og_url":"https:\/\/sysmatec.ch\/de\/produit\/nachweis-von-antibiotika-in-milch-eclipse-farm-3-g\/","og_site_name":"Sysmatec","article_modified_time":"2022-02-06T14:51:45+00:00","og_image":[{"width":192,"height":119,"url":"https:\/\/sysmatec.ch\/wp-content\/uploads\/2019\/04\/Analyse_ZeuEclipse3GFarm.jpg","type":"image\/jpeg"}],"twitter_card":"summary_large_image","twitter_misc":{"Gesch\u00e4tzte Lesezeit":"1\u00a0Minute"},"schema":{"@context":"https:\/\/schema.org","@graph":[{"@type":"WebPage","@id":"https:\/\/sysmatec.ch\/de\/produit\/nachweis-von-antibiotika-in-milch-eclipse-farm-3-g\/","url":"https:\/\/sysmatec.ch\/de\/produit\/nachweis-von-antibiotika-in-milch-eclipse-farm-3-g\/","name":"Nachweis von Antibiotika in Milch-Eclipse Farm 3 G - Sysmatec","isPartOf":{"@id":"https:\/\/sysmatec.ch\/de\/#website"},"primaryImageOfPage":{"@id":"https:\/\/sysmatec.ch\/de\/produit\/nachweis-von-antibiotika-in-milch-eclipse-farm-3-g\/#primaryimage"},"image":{"@id":"https:\/\/sysmatec.ch\/de\/produit\/nachweis-von-antibiotika-in-milch-eclipse-farm-3-g\/#primaryimage"},"thumbnailUrl":"https:\/\/sysmatec.ch\/wp-content\/uploads\/2019\/04\/Analyse_ZeuEclipse3GFarm.jpg","datePublished":"2019-04-06T16:29:11+00:00","dateModified":"2022-02-06T14:51:45+00:00","description":"Eclipse-Testkit zum qualitativen Nachweis von Antibiotika in Milch. Dauer des Tests ca. 2 bis 3 Stunden.","breadcrumb":{"@id":"https:\/\/sysmatec.ch\/de\/produit\/nachweis-von-antibiotika-in-milch-eclipse-farm-3-g\/#breadcrumb"},"inLanguage":"de","potentialAction":[{"@type":"ReadAction","target":["https:\/\/sysmatec.ch\/de\/produit\/nachweis-von-antibiotika-in-milch-eclipse-farm-3-g\/"]}]},{"@type":"ImageObject","inLanguage":"de","@id":"https:\/\/sysmatec.ch\/de\/produit\/nachweis-von-antibiotika-in-milch-eclipse-farm-3-g\/#primaryimage","url":"https:\/\/sysmatec.ch\/wp-content\/uploads\/2019\/04\/Analyse_ZeuEclipse3GFarm.jpg","contentUrl":"https:\/\/sysmatec.ch\/wp-content\/uploads\/2019\/04\/Analyse_ZeuEclipse3GFarm.jpg","width":192,"height":119},{"@type":"BreadcrumbList","@id":"https:\/\/sysmatec.ch\/de\/produit\/nachweis-von-antibiotika-in-milch-eclipse-farm-3-g\/#breadcrumb","itemListElement":[{"@type":"ListItem","position":1,"name":"Accueil","item":"https:\/\/sysmatec.ch\/de\/"},{"@type":"ListItem","position":2,"name":"Die Aktivit\u00e4t von Sysmatec","item":"https:\/\/sysmatec.ch\/de\/"},{"@type":"ListItem","position":3,"name":"Nachweis von Antibiotika in Milch-Eclipse Farm 3 G"}]},{"@type":"WebSite","@id":"https:\/\/sysmatec.ch\/de\/#website","url":"https:\/\/sysmatec.ch\/de\/","name":"Sysmatec","description":"Equipement de laboratoire et logiciels","publisher":{"@id":"https:\/\/sysmatec.ch\/de\/#organization"},"potentialAction":[{"@type":"SearchAction","target":{"@type":"EntryPoint","urlTemplate":"https:\/\/sysmatec.ch\/de\/?s={search_term_string}"},"query-input":{"@type":"PropertyValueSpecification","valueRequired":true,"valueName":"search_term_string"}}],"inLanguage":"de"},{"@type":"Organization","@id":"https:\/\/sysmatec.ch\/de\/#organization","name":"Sysmatec","url":"https:\/\/sysmatec.ch\/de\/","logo":{"@type":"ImageObject","inLanguage":"de","@id":"https:\/\/sysmatec.ch\/de\/#\/schema\/logo\/image\/","url":"https:\/\/sysmatec.ch\/wp-content\/uploads\/2018\/11\/LogoSysmatec.jpg","contentUrl":"https:\/\/sysmatec.ch\/wp-content\/uploads\/2018\/11\/LogoSysmatec.jpg","width":301,"height":297,"caption":"Sysmatec"},"image":{"@id":"https:\/\/sysmatec.ch\/de\/#\/schema\/logo\/image\/"}}]}},"_links":{"self":[{"href":"https:\/\/sysmatec.ch\/de\/wp-json\/wp\/v2\/product\/4985","targetHints":{"allow":["GET"]}}],"collection":[{"href":"https:\/\/sysmatec.ch\/de\/wp-json\/wp\/v2\/product"}],"about":[{"href":"https:\/\/sysmatec.ch\/de\/wp-json\/wp\/v2\/types\/product"}],"wp:featuredmedia":[{"embeddable":true,"href":"https:\/\/sysmatec.ch\/de\/wp-json\/wp\/v2\/media\/4980"}],"wp:attachment":[{"href":"https:\/\/sysmatec.ch\/de\/wp-json\/wp\/v2\/media?parent=4985"}],"wp:term":[{"taxonomy":"product_brand","embeddable":true,"href":"https:\/\/sysmatec.ch\/de\/wp-json\/wp\/v2\/product_brand?post=4985"},{"taxonomy":"product_cat","embeddable":true,"href":"https:\/\/sysmatec.ch\/de\/wp-json\/wp\/v2\/product_cat?post=4985"},{"taxonomy":"product_tag","embeddable":true,"href":"https:\/\/sysmatec.ch\/de\/wp-json\/wp\/v2\/product_tag?post=4985"}],"curies":[{"name":"wp","href":"https:\/\/api.w.org\/{rel}","templated":true}]}}