{"id":4900,"date":"2019-04-06T14:30:20","date_gmt":"2019-04-06T12:30:20","guid":{"rendered":"https:\/\/sysmatec.ch\/produit\/compteur-de-cellules-somatiques-lactoscan-scc\/"},"modified":"2022-02-07T22:20:11","modified_gmt":"2022-02-07T21:20:11","slug":"somatische-zellzaehler-lactoscan-scc","status":"publish","type":"product","link":"https:\/\/sysmatec.ch\/de\/Produkt\/somatische-zellzaehler-lactoscan-scc\/","title":{"rendered":"Somatische Zellz\u00e4hler Lactoscan SCC"},"content":{"rendered":"<p>Die Anzahl der somatischen Zellen (SCC) ist eine der international anerkannten Standards f\u00fcr die Milchqualit\u00e4tskontrolle und ist auch ein n\u00fctzlicher Indikator f\u00fcr Mastitis Pr\u00e4senz.<\/p>\n<p>Das tragbare Lactoscan SCC, basierend auf direkte Fluoreszenz, erlaubt die mikroskopisch somatische Zellz\u00e4hlung durch geringe Vergr\u00f6\u00dferung. Lactoscan SCC verwendet eine sehr empfindliche Fluoreszenzfarbstoff (Sofia Gr\u00fcn), LED-Optik CCD-Technologien, um die Zellen Analyse genauer, zuverl\u00e4ssiger und schneller zu machen. Meist wird das Ziel Selektivit\u00e4t des Lactoscan SCC mit dem Permanent hohe Stabilit\u00e4t der verschiedenen mechanischen, elektronischen, optischen und chemischen Komponenten des Systems erreicht.<\/p>\n<p>Analysezeit: &lt;1 Minute<\/p>\n<p>Kapazit\u00e4t:&gt; 60 Tests pro Stunde<\/p>\n<p>Messbereich: 10 000 bis 10 000 000 Zellen \/ ml<\/p>\n<p>Abweichung: SCC (Zellen \/ ml) CV%<\/p>\n<p>100 000 5%<\/p>\n<p>400 000 3%<\/p>\n<p>600 000 2%<\/p>\n<p>Gewicht: 5.3 kg<\/p>\n","protected":false},"excerpt":{"rendered":"<p>Somatische Zellz\u00e4hler<\/p>\n","protected":false},"featured_media":4898,"template":"","meta":{"_crdt_document":""},"product_brand":[],"product_cat":[188,377],"product_tag":[],"class_list":{"0":"post-4900","1":"product","2":"type-product","3":"status-publish","4":"has-post-thumbnail","6":"product_cat-analyse-de","7":"product_cat-milch","9":"first","10":"instock","11":"taxable","12":"shipping-taxable","13":"product-type-simple"},"yoast_head":"<!-- This site is optimized with the Yoast SEO plugin v27.4 - https:\/\/yoast.com\/product\/yoast-seo-wordpress\/ -->\n<title>Somatische Zellz\u00e4hler Lactoscan SCC - Sysmatec<\/title>\n<meta name=\"description\" content=\"Somatischer Zellz\u00e4hler, Mastitis-Erkennung. Somatische Zellen werden durch ein fluoreszierendes Reagenz hervorgehoben, das eine automatische Z\u00e4hlung erm\u00f6glicht.\" \/>\n<meta name=\"robots\" content=\"index, follow, max-snippet:-1, max-image-preview:large, max-video-preview:-1\" \/>\n<link rel=\"canonical\" href=\"https:\/\/sysmatec.ch\/de\/produit\/somatische-zellzaehler-lactoscan-scc\/\" \/>\n<meta property=\"og:locale\" content=\"de_DE\" \/>\n<meta property=\"og:type\" content=\"article\" \/>\n<meta property=\"og:title\" content=\"Somatische Zellz\u00e4hler Lactoscan SCC - Sysmatec\" \/>\n<meta property=\"og:description\" content=\"Somatischer Zellz\u00e4hler, Mastitis-Erkennung. Somatische Zellen werden durch ein fluoreszierendes Reagenz hervorgehoben, das eine automatische Z\u00e4hlung erm\u00f6glicht.\" \/>\n<meta property=\"og:url\" content=\"https:\/\/sysmatec.ch\/de\/produit\/somatische-zellzaehler-lactoscan-scc\/\" \/>\n<meta property=\"og:site_name\" content=\"Sysmatec\" \/>\n<meta property=\"article:modified_time\" content=\"2022-02-07T21:20:11+00:00\" \/>\n<meta property=\"og:image\" content=\"https:\/\/sysmatec.ch\/wp-content\/uploads\/2019\/04\/Analyse_MilkotronicLactoscanSCC.jpg\" \/>\n\t<meta property=\"og:image:width\" content=\"192\" \/>\n\t<meta property=\"og:image:height\" content=\"144\" \/>\n\t<meta property=\"og:image:type\" content=\"image\/jpeg\" \/>\n<meta name=\"twitter:card\" content=\"summary_large_image\" \/>\n<meta name=\"twitter:label1\" content=\"Gesch\u00e4tzte Lesezeit\" \/>\n\t<meta name=\"twitter:data1\" content=\"1\u00a0Minute\" \/>\n<script type=\"application\/ld+json\" class=\"yoast-schema-graph\">{\"@context\":\"https:\\\/\\\/schema.org\",\"@graph\":[{\"@type\":\"WebPage\",\"@id\":\"https:\\\/\\\/sysmatec.ch\\\/de\\\/produit\\\/somatische-zellzaehler-lactoscan-scc\\\/\",\"url\":\"https:\\\/\\\/sysmatec.ch\\\/de\\\/produit\\\/somatische-zellzaehler-lactoscan-scc\\\/\",\"name\":\"Somatische Zellz\u00e4hler Lactoscan SCC - Sysmatec\",\"isPartOf\":{\"@id\":\"https:\\\/\\\/sysmatec.ch\\\/de\\\/#website\"},\"primaryImageOfPage\":{\"@id\":\"https:\\\/\\\/sysmatec.ch\\\/de\\\/produit\\\/somatische-zellzaehler-lactoscan-scc\\\/#primaryimage\"},\"image\":{\"@id\":\"https:\\\/\\\/sysmatec.ch\\\/de\\\/produit\\\/somatische-zellzaehler-lactoscan-scc\\\/#primaryimage\"},\"thumbnailUrl\":\"https:\\\/\\\/sysmatec.ch\\\/wp-content\\\/uploads\\\/2019\\\/04\\\/Analyse_MilkotronicLactoscanSCC.jpg\",\"datePublished\":\"2019-04-06T12:30:20+00:00\",\"dateModified\":\"2022-02-07T21:20:11+00:00\",\"description\":\"Somatischer Zellz\u00e4hler, Mastitis-Erkennung. Somatische Zellen werden durch ein fluoreszierendes Reagenz hervorgehoben, das eine automatische Z\u00e4hlung erm\u00f6glicht.\",\"breadcrumb\":{\"@id\":\"https:\\\/\\\/sysmatec.ch\\\/de\\\/produit\\\/somatische-zellzaehler-lactoscan-scc\\\/#breadcrumb\"},\"inLanguage\":\"de\",\"potentialAction\":[{\"@type\":\"ReadAction\",\"target\":[\"https:\\\/\\\/sysmatec.ch\\\/de\\\/produit\\\/somatische-zellzaehler-lactoscan-scc\\\/\"]}]},{\"@type\":\"ImageObject\",\"inLanguage\":\"de\",\"@id\":\"https:\\\/\\\/sysmatec.ch\\\/de\\\/produit\\\/somatische-zellzaehler-lactoscan-scc\\\/#primaryimage\",\"url\":\"https:\\\/\\\/sysmatec.ch\\\/wp-content\\\/uploads\\\/2019\\\/04\\\/Analyse_MilkotronicLactoscanSCC.jpg\",\"contentUrl\":\"https:\\\/\\\/sysmatec.ch\\\/wp-content\\\/uploads\\\/2019\\\/04\\\/Analyse_MilkotronicLactoscanSCC.jpg\",\"width\":192,\"height\":144},{\"@type\":\"BreadcrumbList\",\"@id\":\"https:\\\/\\\/sysmatec.ch\\\/de\\\/produit\\\/somatische-zellzaehler-lactoscan-scc\\\/#breadcrumb\",\"itemListElement\":[{\"@type\":\"ListItem\",\"position\":1,\"name\":\"Accueil\",\"item\":\"https:\\\/\\\/sysmatec.ch\\\/de\\\/\"},{\"@type\":\"ListItem\",\"position\":2,\"name\":\"Die Aktivit\u00e4t von Sysmatec\",\"item\":\"https:\\\/\\\/sysmatec.ch\\\/de\\\/\"},{\"@type\":\"ListItem\",\"position\":3,\"name\":\"Somatische Zellz\u00e4hler Lactoscan SCC\"}]},{\"@type\":\"WebSite\",\"@id\":\"https:\\\/\\\/sysmatec.ch\\\/de\\\/#website\",\"url\":\"https:\\\/\\\/sysmatec.ch\\\/de\\\/\",\"name\":\"Sysmatec\",\"description\":\"Equipement de laboratoire et logiciels\",\"publisher\":{\"@id\":\"https:\\\/\\\/sysmatec.ch\\\/de\\\/#organization\"},\"potentialAction\":[{\"@type\":\"SearchAction\",\"target\":{\"@type\":\"EntryPoint\",\"urlTemplate\":\"https:\\\/\\\/sysmatec.ch\\\/de\\\/?s={search_term_string}\"},\"query-input\":{\"@type\":\"PropertyValueSpecification\",\"valueRequired\":true,\"valueName\":\"search_term_string\"}}],\"inLanguage\":\"de\"},{\"@type\":\"Organization\",\"@id\":\"https:\\\/\\\/sysmatec.ch\\\/de\\\/#organization\",\"name\":\"Sysmatec\",\"url\":\"https:\\\/\\\/sysmatec.ch\\\/de\\\/\",\"logo\":{\"@type\":\"ImageObject\",\"inLanguage\":\"de\",\"@id\":\"https:\\\/\\\/sysmatec.ch\\\/de\\\/#\\\/schema\\\/logo\\\/image\\\/\",\"url\":\"https:\\\/\\\/sysmatec.ch\\\/wp-content\\\/uploads\\\/2018\\\/11\\\/LogoSysmatec.jpg\",\"contentUrl\":\"https:\\\/\\\/sysmatec.ch\\\/wp-content\\\/uploads\\\/2018\\\/11\\\/LogoSysmatec.jpg\",\"width\":301,\"height\":297,\"caption\":\"Sysmatec\"},\"image\":{\"@id\":\"https:\\\/\\\/sysmatec.ch\\\/de\\\/#\\\/schema\\\/logo\\\/image\\\/\"}}]}<\/script>\n<!-- \/ Yoast SEO plugin. -->","yoast_head_json":{"title":"Somatische Zellz\u00e4hler Lactoscan SCC - Sysmatec","description":"Somatischer Zellz\u00e4hler, Mastitis-Erkennung. Somatische Zellen werden durch ein fluoreszierendes Reagenz hervorgehoben, das eine automatische Z\u00e4hlung erm\u00f6glicht.","robots":{"index":"index","follow":"follow","max-snippet":"max-snippet:-1","max-image-preview":"max-image-preview:large","max-video-preview":"max-video-preview:-1"},"canonical":"https:\/\/sysmatec.ch\/de\/produit\/somatische-zellzaehler-lactoscan-scc\/","og_locale":"de_DE","og_type":"article","og_title":"Somatische Zellz\u00e4hler Lactoscan SCC - Sysmatec","og_description":"Somatischer Zellz\u00e4hler, Mastitis-Erkennung. Somatische Zellen werden durch ein fluoreszierendes Reagenz hervorgehoben, das eine automatische Z\u00e4hlung erm\u00f6glicht.","og_url":"https:\/\/sysmatec.ch\/de\/produit\/somatische-zellzaehler-lactoscan-scc\/","og_site_name":"Sysmatec","article_modified_time":"2022-02-07T21:20:11+00:00","og_image":[{"width":192,"height":144,"url":"https:\/\/sysmatec.ch\/wp-content\/uploads\/2019\/04\/Analyse_MilkotronicLactoscanSCC.jpg","type":"image\/jpeg"}],"twitter_card":"summary_large_image","twitter_misc":{"Gesch\u00e4tzte Lesezeit":"1\u00a0Minute"},"schema":{"@context":"https:\/\/schema.org","@graph":[{"@type":"WebPage","@id":"https:\/\/sysmatec.ch\/de\/produit\/somatische-zellzaehler-lactoscan-scc\/","url":"https:\/\/sysmatec.ch\/de\/produit\/somatische-zellzaehler-lactoscan-scc\/","name":"Somatische Zellz\u00e4hler Lactoscan SCC - Sysmatec","isPartOf":{"@id":"https:\/\/sysmatec.ch\/de\/#website"},"primaryImageOfPage":{"@id":"https:\/\/sysmatec.ch\/de\/produit\/somatische-zellzaehler-lactoscan-scc\/#primaryimage"},"image":{"@id":"https:\/\/sysmatec.ch\/de\/produit\/somatische-zellzaehler-lactoscan-scc\/#primaryimage"},"thumbnailUrl":"https:\/\/sysmatec.ch\/wp-content\/uploads\/2019\/04\/Analyse_MilkotronicLactoscanSCC.jpg","datePublished":"2019-04-06T12:30:20+00:00","dateModified":"2022-02-07T21:20:11+00:00","description":"Somatischer Zellz\u00e4hler, Mastitis-Erkennung. Somatische Zellen werden durch ein fluoreszierendes Reagenz hervorgehoben, das eine automatische Z\u00e4hlung erm\u00f6glicht.","breadcrumb":{"@id":"https:\/\/sysmatec.ch\/de\/produit\/somatische-zellzaehler-lactoscan-scc\/#breadcrumb"},"inLanguage":"de","potentialAction":[{"@type":"ReadAction","target":["https:\/\/sysmatec.ch\/de\/produit\/somatische-zellzaehler-lactoscan-scc\/"]}]},{"@type":"ImageObject","inLanguage":"de","@id":"https:\/\/sysmatec.ch\/de\/produit\/somatische-zellzaehler-lactoscan-scc\/#primaryimage","url":"https:\/\/sysmatec.ch\/wp-content\/uploads\/2019\/04\/Analyse_MilkotronicLactoscanSCC.jpg","contentUrl":"https:\/\/sysmatec.ch\/wp-content\/uploads\/2019\/04\/Analyse_MilkotronicLactoscanSCC.jpg","width":192,"height":144},{"@type":"BreadcrumbList","@id":"https:\/\/sysmatec.ch\/de\/produit\/somatische-zellzaehler-lactoscan-scc\/#breadcrumb","itemListElement":[{"@type":"ListItem","position":1,"name":"Accueil","item":"https:\/\/sysmatec.ch\/de\/"},{"@type":"ListItem","position":2,"name":"Die Aktivit\u00e4t von Sysmatec","item":"https:\/\/sysmatec.ch\/de\/"},{"@type":"ListItem","position":3,"name":"Somatische Zellz\u00e4hler Lactoscan SCC"}]},{"@type":"WebSite","@id":"https:\/\/sysmatec.ch\/de\/#website","url":"https:\/\/sysmatec.ch\/de\/","name":"Sysmatec","description":"Equipement de laboratoire et logiciels","publisher":{"@id":"https:\/\/sysmatec.ch\/de\/#organization"},"potentialAction":[{"@type":"SearchAction","target":{"@type":"EntryPoint","urlTemplate":"https:\/\/sysmatec.ch\/de\/?s={search_term_string}"},"query-input":{"@type":"PropertyValueSpecification","valueRequired":true,"valueName":"search_term_string"}}],"inLanguage":"de"},{"@type":"Organization","@id":"https:\/\/sysmatec.ch\/de\/#organization","name":"Sysmatec","url":"https:\/\/sysmatec.ch\/de\/","logo":{"@type":"ImageObject","inLanguage":"de","@id":"https:\/\/sysmatec.ch\/de\/#\/schema\/logo\/image\/","url":"https:\/\/sysmatec.ch\/wp-content\/uploads\/2018\/11\/LogoSysmatec.jpg","contentUrl":"https:\/\/sysmatec.ch\/wp-content\/uploads\/2018\/11\/LogoSysmatec.jpg","width":301,"height":297,"caption":"Sysmatec"},"image":{"@id":"https:\/\/sysmatec.ch\/de\/#\/schema\/logo\/image\/"}}]}},"_links":{"self":[{"href":"https:\/\/sysmatec.ch\/de\/wp-json\/wp\/v2\/product\/4900","targetHints":{"allow":["GET"]}}],"collection":[{"href":"https:\/\/sysmatec.ch\/de\/wp-json\/wp\/v2\/product"}],"about":[{"href":"https:\/\/sysmatec.ch\/de\/wp-json\/wp\/v2\/types\/product"}],"wp:featuredmedia":[{"embeddable":true,"href":"https:\/\/sysmatec.ch\/de\/wp-json\/wp\/v2\/media\/4898"}],"wp:attachment":[{"href":"https:\/\/sysmatec.ch\/de\/wp-json\/wp\/v2\/media?parent=4900"}],"wp:term":[{"taxonomy":"product_brand","embeddable":true,"href":"https:\/\/sysmatec.ch\/de\/wp-json\/wp\/v2\/product_brand?post=4900"},{"taxonomy":"product_cat","embeddable":true,"href":"https:\/\/sysmatec.ch\/de\/wp-json\/wp\/v2\/product_cat?post=4900"},{"taxonomy":"product_tag","embeddable":true,"href":"https:\/\/sysmatec.ch\/de\/wp-json\/wp\/v2\/product_tag?post=4900"}],"curies":[{"name":"wp","href":"https:\/\/api.w.org\/{rel}","templated":true}]}}