{"id":4893,"date":"2019-04-06T11:24:33","date_gmt":"2019-04-06T09:24:33","guid":{"rendered":"https:\/\/sysmatec.ch\/produit\/test-dhygiene-de-surface-stavicheck-combi\/"},"modified":"2022-02-07T22:27:05","modified_gmt":"2022-02-07T21:27:05","slug":"oberflaechenhygiene-test-stavicheck-combi","status":"publish","type":"product","link":"https:\/\/sysmatec.ch\/de\/Produkt\/oberflaechenhygiene-test-stavicheck-combi\/","title":{"rendered":"Oberfl\u00e4chenhygiene-Test StaviCheck Combi"},"content":{"rendered":"<p>Glucose ist ein Kohlenhydrat, das in 85% der Lebensmittel gefunden wird, und Laktose ist ein Disaccharid, das in allen Milchprodukten vorkommt. Dieser Test ist ein ideales Werkzeug zur \u00dcberwachung der Oberfl\u00e4chenhygiene in Umgebungen, in denen Lebensmittelprodukte verarbeitet werden. Eine rosa Farbe zeigt das Vorhandensein von Glucose und \/ oder Lactose in der Probe an. Die Intensit\u00e4t der Farbe h\u00e4ngt von der Zuckerkonzentration ab.<\/p>\n<p>Der Test ist in der Lage, das Vorhandensein von D-Glucose (0.97 \u03bcmol) und Lactose (2.05 \u03bcmol) auf einer Oberfl\u00e4che nachzuweisen. Im qualitativen Modus kann die Interpretation in 30 bis 60 Sekunden erfolgen. Im quantitativen Modus, mit dem ELECTRA Analyzer, werden die Ergebnisse in 10 Minuten erhalten.<\/p>\n<p><span title=\"\">Lagerung und Haltbarkeit: d<\/span><span title=\"\">as Kit ist 24 Monate bei 2-8 \u00b0 C und 30 Tage bei Raumtemperatur haltbar.<\/span> <span title=\"\">Nicht einfrieren.<\/span><\/p>\n<p><span title=\"\">Anwendungsbeispiel: B\u00fcrsten Sie eine Fl\u00e4che von 10 x 10 cm mit dem Wattest\u00e4bchen in eine Richtung und dann senkrecht.<\/span> <span title=\"\">Drehen Sie das Wattest\u00e4bchen so, dass die Probe \u00fcber die gesamte Oberfl\u00e4che des Wattest\u00e4bchen verteilt sei.<\/span><\/p>\n","protected":false},"excerpt":{"rendered":"<p>Oberfl\u00e4chenhygienetest- Nachweis von Glukose und Laktose<\/p>\n","protected":false},"featured_media":4891,"template":"","meta":{"_crdt_document":""},"product_brand":[],"product_cat":[366,188],"product_tag":[],"class_list":{"0":"post-4893","1":"product","2":"type-product","3":"status-publish","4":"has-post-thumbnail","6":"product_cat-allergene-de","7":"product_cat-analyse-de","9":"first","10":"instock","11":"taxable","12":"shipping-taxable","13":"product-type-simple"},"yoast_head":"<!-- This site is optimized with the Yoast SEO plugin v27.3 - https:\/\/yoast.com\/product\/yoast-seo-wordpress\/ -->\n<title>Oberfl\u00e4chenhygiene-Test StaviCheck Combi - Sysmatec<\/title>\n<meta name=\"description\" content=\"Arbeitsfl\u00e4chenhygienetest auf Glukose- oder Laktoseverunreinigungen. Aussehen einer rosa Farbe im Falle einer Kontamination.\" \/>\n<meta name=\"robots\" content=\"index, follow, max-snippet:-1, max-image-preview:large, max-video-preview:-1\" \/>\n<link rel=\"canonical\" href=\"https:\/\/sysmatec.ch\/de\/produit\/oberflaechenhygiene-test-stavicheck-combi\/\" \/>\n<meta property=\"og:locale\" content=\"de_DE\" \/>\n<meta property=\"og:type\" content=\"article\" \/>\n<meta property=\"og:title\" content=\"Oberfl\u00e4chenhygiene-Test StaviCheck Combi - Sysmatec\" \/>\n<meta property=\"og:description\" content=\"Arbeitsfl\u00e4chenhygienetest auf Glukose- oder Laktoseverunreinigungen. Aussehen einer rosa Farbe im Falle einer Kontamination.\" \/>\n<meta property=\"og:url\" content=\"https:\/\/sysmatec.ch\/de\/produit\/oberflaechenhygiene-test-stavicheck-combi\/\" \/>\n<meta property=\"og:site_name\" content=\"Sysmatec\" \/>\n<meta property=\"article:modified_time\" content=\"2022-02-07T21:27:05+00:00\" \/>\n<meta property=\"og:image\" content=\"https:\/\/sysmatec.ch\/wp-content\/uploads\/2019\/04\/Analyse_MenidiMedicaStaviCheck.jpg\" \/>\n\t<meta property=\"og:image:width\" content=\"189\" \/>\n\t<meta property=\"og:image:height\" content=\"136\" \/>\n\t<meta property=\"og:image:type\" content=\"image\/jpeg\" \/>\n<meta name=\"twitter:card\" content=\"summary_large_image\" \/>\n<meta name=\"twitter:label1\" content=\"Gesch\u00e4tzte Lesezeit\" \/>\n\t<meta name=\"twitter:data1\" content=\"1\u00a0Minute\" \/>\n<script type=\"application\/ld+json\" class=\"yoast-schema-graph\">{\"@context\":\"https:\\\/\\\/schema.org\",\"@graph\":[{\"@type\":\"WebPage\",\"@id\":\"https:\\\/\\\/sysmatec.ch\\\/de\\\/produit\\\/oberflaechenhygiene-test-stavicheck-combi\\\/\",\"url\":\"https:\\\/\\\/sysmatec.ch\\\/de\\\/produit\\\/oberflaechenhygiene-test-stavicheck-combi\\\/\",\"name\":\"Oberfl\u00e4chenhygiene-Test StaviCheck Combi - Sysmatec\",\"isPartOf\":{\"@id\":\"https:\\\/\\\/sysmatec.ch\\\/de\\\/#website\"},\"primaryImageOfPage\":{\"@id\":\"https:\\\/\\\/sysmatec.ch\\\/de\\\/produit\\\/oberflaechenhygiene-test-stavicheck-combi\\\/#primaryimage\"},\"image\":{\"@id\":\"https:\\\/\\\/sysmatec.ch\\\/de\\\/produit\\\/oberflaechenhygiene-test-stavicheck-combi\\\/#primaryimage\"},\"thumbnailUrl\":\"https:\\\/\\\/sysmatec.ch\\\/wp-content\\\/uploads\\\/2019\\\/04\\\/Analyse_MenidiMedicaStaviCheck.jpg\",\"datePublished\":\"2019-04-06T09:24:33+00:00\",\"dateModified\":\"2022-02-07T21:27:05+00:00\",\"description\":\"Arbeitsfl\u00e4chenhygienetest auf Glukose- oder Laktoseverunreinigungen. Aussehen einer rosa Farbe im Falle einer Kontamination.\",\"breadcrumb\":{\"@id\":\"https:\\\/\\\/sysmatec.ch\\\/de\\\/produit\\\/oberflaechenhygiene-test-stavicheck-combi\\\/#breadcrumb\"},\"inLanguage\":\"de\",\"potentialAction\":[{\"@type\":\"ReadAction\",\"target\":[\"https:\\\/\\\/sysmatec.ch\\\/de\\\/produit\\\/oberflaechenhygiene-test-stavicheck-combi\\\/\"]}]},{\"@type\":\"ImageObject\",\"inLanguage\":\"de\",\"@id\":\"https:\\\/\\\/sysmatec.ch\\\/de\\\/produit\\\/oberflaechenhygiene-test-stavicheck-combi\\\/#primaryimage\",\"url\":\"https:\\\/\\\/sysmatec.ch\\\/wp-content\\\/uploads\\\/2019\\\/04\\\/Analyse_MenidiMedicaStaviCheck.jpg\",\"contentUrl\":\"https:\\\/\\\/sysmatec.ch\\\/wp-content\\\/uploads\\\/2019\\\/04\\\/Analyse_MenidiMedicaStaviCheck.jpg\",\"width\":189,\"height\":136},{\"@type\":\"BreadcrumbList\",\"@id\":\"https:\\\/\\\/sysmatec.ch\\\/de\\\/produit\\\/oberflaechenhygiene-test-stavicheck-combi\\\/#breadcrumb\",\"itemListElement\":[{\"@type\":\"ListItem\",\"position\":1,\"name\":\"Accueil\",\"item\":\"https:\\\/\\\/sysmatec.ch\\\/de\\\/\"},{\"@type\":\"ListItem\",\"position\":2,\"name\":\"Die Aktivit\u00e4t von Sysmatec\",\"item\":\"https:\\\/\\\/sysmatec.ch\\\/de\\\/\"},{\"@type\":\"ListItem\",\"position\":3,\"name\":\"Oberfl\u00e4chenhygiene-Test StaviCheck Combi\"}]},{\"@type\":\"WebSite\",\"@id\":\"https:\\\/\\\/sysmatec.ch\\\/de\\\/#website\",\"url\":\"https:\\\/\\\/sysmatec.ch\\\/de\\\/\",\"name\":\"Sysmatec\",\"description\":\"Equipement de laboratoire et logiciels\",\"publisher\":{\"@id\":\"https:\\\/\\\/sysmatec.ch\\\/de\\\/#organization\"},\"potentialAction\":[{\"@type\":\"SearchAction\",\"target\":{\"@type\":\"EntryPoint\",\"urlTemplate\":\"https:\\\/\\\/sysmatec.ch\\\/de\\\/?s={search_term_string}\"},\"query-input\":{\"@type\":\"PropertyValueSpecification\",\"valueRequired\":true,\"valueName\":\"search_term_string\"}}],\"inLanguage\":\"de\"},{\"@type\":\"Organization\",\"@id\":\"https:\\\/\\\/sysmatec.ch\\\/de\\\/#organization\",\"name\":\"Sysmatec\",\"url\":\"https:\\\/\\\/sysmatec.ch\\\/de\\\/\",\"logo\":{\"@type\":\"ImageObject\",\"inLanguage\":\"de\",\"@id\":\"https:\\\/\\\/sysmatec.ch\\\/de\\\/#\\\/schema\\\/logo\\\/image\\\/\",\"url\":\"https:\\\/\\\/sysmatec.ch\\\/wp-content\\\/uploads\\\/2018\\\/11\\\/LogoSysmatec.jpg\",\"contentUrl\":\"https:\\\/\\\/sysmatec.ch\\\/wp-content\\\/uploads\\\/2018\\\/11\\\/LogoSysmatec.jpg\",\"width\":301,\"height\":297,\"caption\":\"Sysmatec\"},\"image\":{\"@id\":\"https:\\\/\\\/sysmatec.ch\\\/de\\\/#\\\/schema\\\/logo\\\/image\\\/\"}}]}<\/script>\n<!-- \/ Yoast SEO plugin. -->","yoast_head_json":{"title":"Oberfl\u00e4chenhygiene-Test StaviCheck Combi - Sysmatec","description":"Arbeitsfl\u00e4chenhygienetest auf Glukose- oder Laktoseverunreinigungen. Aussehen einer rosa Farbe im Falle einer Kontamination.","robots":{"index":"index","follow":"follow","max-snippet":"max-snippet:-1","max-image-preview":"max-image-preview:large","max-video-preview":"max-video-preview:-1"},"canonical":"https:\/\/sysmatec.ch\/de\/produit\/oberflaechenhygiene-test-stavicheck-combi\/","og_locale":"de_DE","og_type":"article","og_title":"Oberfl\u00e4chenhygiene-Test StaviCheck Combi - Sysmatec","og_description":"Arbeitsfl\u00e4chenhygienetest auf Glukose- oder Laktoseverunreinigungen. Aussehen einer rosa Farbe im Falle einer Kontamination.","og_url":"https:\/\/sysmatec.ch\/de\/produit\/oberflaechenhygiene-test-stavicheck-combi\/","og_site_name":"Sysmatec","article_modified_time":"2022-02-07T21:27:05+00:00","og_image":[{"width":189,"height":136,"url":"https:\/\/sysmatec.ch\/wp-content\/uploads\/2019\/04\/Analyse_MenidiMedicaStaviCheck.jpg","type":"image\/jpeg"}],"twitter_card":"summary_large_image","twitter_misc":{"Gesch\u00e4tzte Lesezeit":"1\u00a0Minute"},"schema":{"@context":"https:\/\/schema.org","@graph":[{"@type":"WebPage","@id":"https:\/\/sysmatec.ch\/de\/produit\/oberflaechenhygiene-test-stavicheck-combi\/","url":"https:\/\/sysmatec.ch\/de\/produit\/oberflaechenhygiene-test-stavicheck-combi\/","name":"Oberfl\u00e4chenhygiene-Test StaviCheck Combi - Sysmatec","isPartOf":{"@id":"https:\/\/sysmatec.ch\/de\/#website"},"primaryImageOfPage":{"@id":"https:\/\/sysmatec.ch\/de\/produit\/oberflaechenhygiene-test-stavicheck-combi\/#primaryimage"},"image":{"@id":"https:\/\/sysmatec.ch\/de\/produit\/oberflaechenhygiene-test-stavicheck-combi\/#primaryimage"},"thumbnailUrl":"https:\/\/sysmatec.ch\/wp-content\/uploads\/2019\/04\/Analyse_MenidiMedicaStaviCheck.jpg","datePublished":"2019-04-06T09:24:33+00:00","dateModified":"2022-02-07T21:27:05+00:00","description":"Arbeitsfl\u00e4chenhygienetest auf Glukose- oder Laktoseverunreinigungen. Aussehen einer rosa Farbe im Falle einer Kontamination.","breadcrumb":{"@id":"https:\/\/sysmatec.ch\/de\/produit\/oberflaechenhygiene-test-stavicheck-combi\/#breadcrumb"},"inLanguage":"de","potentialAction":[{"@type":"ReadAction","target":["https:\/\/sysmatec.ch\/de\/produit\/oberflaechenhygiene-test-stavicheck-combi\/"]}]},{"@type":"ImageObject","inLanguage":"de","@id":"https:\/\/sysmatec.ch\/de\/produit\/oberflaechenhygiene-test-stavicheck-combi\/#primaryimage","url":"https:\/\/sysmatec.ch\/wp-content\/uploads\/2019\/04\/Analyse_MenidiMedicaStaviCheck.jpg","contentUrl":"https:\/\/sysmatec.ch\/wp-content\/uploads\/2019\/04\/Analyse_MenidiMedicaStaviCheck.jpg","width":189,"height":136},{"@type":"BreadcrumbList","@id":"https:\/\/sysmatec.ch\/de\/produit\/oberflaechenhygiene-test-stavicheck-combi\/#breadcrumb","itemListElement":[{"@type":"ListItem","position":1,"name":"Accueil","item":"https:\/\/sysmatec.ch\/de\/"},{"@type":"ListItem","position":2,"name":"Die Aktivit\u00e4t von Sysmatec","item":"https:\/\/sysmatec.ch\/de\/"},{"@type":"ListItem","position":3,"name":"Oberfl\u00e4chenhygiene-Test StaviCheck Combi"}]},{"@type":"WebSite","@id":"https:\/\/sysmatec.ch\/de\/#website","url":"https:\/\/sysmatec.ch\/de\/","name":"Sysmatec","description":"Equipement de laboratoire et logiciels","publisher":{"@id":"https:\/\/sysmatec.ch\/de\/#organization"},"potentialAction":[{"@type":"SearchAction","target":{"@type":"EntryPoint","urlTemplate":"https:\/\/sysmatec.ch\/de\/?s={search_term_string}"},"query-input":{"@type":"PropertyValueSpecification","valueRequired":true,"valueName":"search_term_string"}}],"inLanguage":"de"},{"@type":"Organization","@id":"https:\/\/sysmatec.ch\/de\/#organization","name":"Sysmatec","url":"https:\/\/sysmatec.ch\/de\/","logo":{"@type":"ImageObject","inLanguage":"de","@id":"https:\/\/sysmatec.ch\/de\/#\/schema\/logo\/image\/","url":"https:\/\/sysmatec.ch\/wp-content\/uploads\/2018\/11\/LogoSysmatec.jpg","contentUrl":"https:\/\/sysmatec.ch\/wp-content\/uploads\/2018\/11\/LogoSysmatec.jpg","width":301,"height":297,"caption":"Sysmatec"},"image":{"@id":"https:\/\/sysmatec.ch\/de\/#\/schema\/logo\/image\/"}}]}},"_links":{"self":[{"href":"https:\/\/sysmatec.ch\/de\/wp-json\/wp\/v2\/product\/4893","targetHints":{"allow":["GET"]}}],"collection":[{"href":"https:\/\/sysmatec.ch\/de\/wp-json\/wp\/v2\/product"}],"about":[{"href":"https:\/\/sysmatec.ch\/de\/wp-json\/wp\/v2\/types\/product"}],"wp:featuredmedia":[{"embeddable":true,"href":"https:\/\/sysmatec.ch\/de\/wp-json\/wp\/v2\/media\/4891"}],"wp:attachment":[{"href":"https:\/\/sysmatec.ch\/de\/wp-json\/wp\/v2\/media?parent=4893"}],"wp:term":[{"taxonomy":"product_brand","embeddable":true,"href":"https:\/\/sysmatec.ch\/de\/wp-json\/wp\/v2\/product_brand?post=4893"},{"taxonomy":"product_cat","embeddable":true,"href":"https:\/\/sysmatec.ch\/de\/wp-json\/wp\/v2\/product_cat?post=4893"},{"taxonomy":"product_tag","embeddable":true,"href":"https:\/\/sysmatec.ch\/de\/wp-json\/wp\/v2\/product_tag?post=4893"}],"curies":[{"name":"wp","href":"https:\/\/api.w.org\/{rel}","templated":true}]}}