{"id":4885,"date":"2019-04-06T11:05:10","date_gmt":"2019-04-06T09:05:10","guid":{"rendered":"https:\/\/sysmatec.ch\/produit\/test-de-proprete-avec-clean-surface-protein-ultra\/"},"modified":"2022-02-08T08:12:56","modified_gmt":"2022-02-08T07:12:56","slug":"sauberkeitstest-clean-surface-protein-ultra","status":"publish","type":"product","link":"https:\/\/sysmatec.ch\/de\/Produkt\/sauberkeitstest-clean-surface-protein-ultra\/","title":{"rendered":"Sauberkeitstest CLEAN SURFACE PROTEIN ULTRA"},"content":{"rendered":"<p>Es handelt sich um einen extrem sensitiven und schnellen Test, mit dem auf Oberfl\u00e4chen, Instrumenten und Maschinen zur\u00fcckgebliebene Proteine und Allergene nachgewiesen werden k\u00f6nnen. Ideal f\u00fcr Kliniken, Operationss\u00e4le, Labore, Zahnarztpraxen, Endoskope, Hygienel\u00e4den (zB Superm\u00e4rkte, Restaurants), Fabriken. Ein leicht zu lesender Farbwechsel liefert in 10 Sekunden ein pr\u00e4zises Endergebnis.<\/p>\n<p>Der Test basiert auf einer Detergensl\u00f6sung, die in der klinischen Chemie verwendet wird und Protein- und Allergenr\u00fcckst\u00e4nde mit einer Empfindlichkeit von 1 ug nachweisen kann, ohne dass eine Inkubation oder vorherige Vorbereitung erforderlich ist.<\/p>\n<p><span title=\"\">Anleitung: Um festzustellen, ob Protein oder Allergen auf einer Oberfl\u00e4che vorhanden ist, tauchen Sie den Tupfer in destilliertes Wasser, tupfen Sie die Oberfl\u00e4che ab, legen Sie den Tupfer in die Farbwechsell\u00f6sung und schwenken Sie ihn 5 Sekunden lang.<\/span> <span title=\"\">Der Tupfer kann dann weggeworfen werden.<\/span> <span title=\"\">Wenn Protein vorhanden ist, wird das Reagenz innerhalb von 10 Sekunden blau.<\/span> <span title=\"\">Der Farbwechsel liefert ein leicht lesbares Ergebnis.<\/span> <span title=\"\">Je h\u00f6her der Grad der R\u00fcckstandsverunreinigung ist, desto dunkler wird die Farbe blau.<\/span><\/p>\n<ul>\n<li type=\"disc\">Ultra Clean Surface Protein erf\u00fcllt und \u00fcbertrifft aktuelle Richtlinien f\u00fcr die Proteintests HTM 0105 Standards erf\u00fcllt ISO 18593: 2018, 17604: 2015, EG-Verordnung 2073\/2005 und ist ein Teil der HACCP und GMP-Programme.<\/li>\n<li type=\"disc\">Verpackung: 25, 50 oder 100 Tests<\/li>\n<li type=\"disc\">Ablaufdatum: 6 Monate nicht gek\u00fchlt, 24 Monate im K\u00fchlschrank.<\/li>\n<li type=\"disc\">Nachweisempfindlichkeit 1 ug Proteinr\u00fcckst\u00e4nde und Allergene<\/li>\n<\/ul>\n","protected":false},"excerpt":{"rendered":"<p>Oberfl\u00e4chenreinheitstest<\/p>\n","protected":false},"featured_media":4877,"template":"","meta":{"_crdt_document":""},"product_brand":[],"product_cat":[366,188],"product_tag":[],"class_list":{"0":"post-4885","1":"product","2":"type-product","3":"status-publish","4":"has-post-thumbnail","6":"product_cat-allergene-de","7":"product_cat-analyse-de","9":"first","10":"instock","11":"taxable","12":"shipping-taxable","13":"product-type-simple"},"yoast_head":"<!-- This site is optimized with the Yoast SEO plugin v27.3 - https:\/\/yoast.com\/product\/yoast-seo-wordpress\/ -->\n<title>Sauberkeitstest CLEAN SURFACE PROTEIN ULTRA - Sysmatec<\/title>\n<meta name=\"description\" content=\"Oberfl\u00e4chenreinheitstest durch Nachweis von Restproteinen. Sehr empfindlicher und einfach durchzuf\u00fchrender kolorimetrischer Test.\" \/>\n<meta name=\"robots\" content=\"index, follow, max-snippet:-1, max-image-preview:large, max-video-preview:-1\" \/>\n<link rel=\"canonical\" href=\"https:\/\/sysmatec.ch\/de\/produit\/sauberkeitstest-clean-surface-protein-ultra\/\" \/>\n<meta property=\"og:locale\" content=\"de_DE\" \/>\n<meta property=\"og:type\" content=\"article\" \/>\n<meta property=\"og:title\" content=\"Sauberkeitstest CLEAN SURFACE PROTEIN ULTRA - Sysmatec\" \/>\n<meta property=\"og:description\" content=\"Oberfl\u00e4chenreinheitstest durch Nachweis von Restproteinen. Sehr empfindlicher und einfach durchzuf\u00fchrender kolorimetrischer Test.\" \/>\n<meta property=\"og:url\" content=\"https:\/\/sysmatec.ch\/de\/produit\/sauberkeitstest-clean-surface-protein-ultra\/\" \/>\n<meta property=\"og:site_name\" content=\"Sysmatec\" \/>\n<meta property=\"article:modified_time\" content=\"2022-02-08T07:12:56+00:00\" \/>\n<meta property=\"og:image\" content=\"https:\/\/sysmatec.ch\/wp-content\/uploads\/2019\/04\/Analyse_MenidiMedicaCleanSurfacePlus.jpg\" \/>\n\t<meta property=\"og:image:width\" content=\"189\" \/>\n\t<meta property=\"og:image:height\" content=\"146\" \/>\n\t<meta property=\"og:image:type\" content=\"image\/jpeg\" \/>\n<meta name=\"twitter:card\" content=\"summary_large_image\" \/>\n<meta name=\"twitter:label1\" content=\"Gesch\u00e4tzte Lesezeit\" \/>\n\t<meta name=\"twitter:data1\" content=\"1\u00a0Minute\" \/>\n<script type=\"application\/ld+json\" class=\"yoast-schema-graph\">{\"@context\":\"https:\\\/\\\/schema.org\",\"@graph\":[{\"@type\":\"WebPage\",\"@id\":\"https:\\\/\\\/sysmatec.ch\\\/de\\\/produit\\\/sauberkeitstest-clean-surface-protein-ultra\\\/\",\"url\":\"https:\\\/\\\/sysmatec.ch\\\/de\\\/produit\\\/sauberkeitstest-clean-surface-protein-ultra\\\/\",\"name\":\"Sauberkeitstest CLEAN SURFACE PROTEIN ULTRA - Sysmatec\",\"isPartOf\":{\"@id\":\"https:\\\/\\\/sysmatec.ch\\\/de\\\/#website\"},\"primaryImageOfPage\":{\"@id\":\"https:\\\/\\\/sysmatec.ch\\\/de\\\/produit\\\/sauberkeitstest-clean-surface-protein-ultra\\\/#primaryimage\"},\"image\":{\"@id\":\"https:\\\/\\\/sysmatec.ch\\\/de\\\/produit\\\/sauberkeitstest-clean-surface-protein-ultra\\\/#primaryimage\"},\"thumbnailUrl\":\"https:\\\/\\\/sysmatec.ch\\\/wp-content\\\/uploads\\\/2019\\\/04\\\/Analyse_MenidiMedicaCleanSurfacePlus.jpg\",\"datePublished\":\"2019-04-06T09:05:10+00:00\",\"dateModified\":\"2022-02-08T07:12:56+00:00\",\"description\":\"Oberfl\u00e4chenreinheitstest durch Nachweis von Restproteinen. Sehr empfindlicher und einfach durchzuf\u00fchrender kolorimetrischer Test.\",\"breadcrumb\":{\"@id\":\"https:\\\/\\\/sysmatec.ch\\\/de\\\/produit\\\/sauberkeitstest-clean-surface-protein-ultra\\\/#breadcrumb\"},\"inLanguage\":\"de\",\"potentialAction\":[{\"@type\":\"ReadAction\",\"target\":[\"https:\\\/\\\/sysmatec.ch\\\/de\\\/produit\\\/sauberkeitstest-clean-surface-protein-ultra\\\/\"]}]},{\"@type\":\"ImageObject\",\"inLanguage\":\"de\",\"@id\":\"https:\\\/\\\/sysmatec.ch\\\/de\\\/produit\\\/sauberkeitstest-clean-surface-protein-ultra\\\/#primaryimage\",\"url\":\"https:\\\/\\\/sysmatec.ch\\\/wp-content\\\/uploads\\\/2019\\\/04\\\/Analyse_MenidiMedicaCleanSurfacePlus.jpg\",\"contentUrl\":\"https:\\\/\\\/sysmatec.ch\\\/wp-content\\\/uploads\\\/2019\\\/04\\\/Analyse_MenidiMedicaCleanSurfacePlus.jpg\",\"width\":189,\"height\":146},{\"@type\":\"BreadcrumbList\",\"@id\":\"https:\\\/\\\/sysmatec.ch\\\/de\\\/produit\\\/sauberkeitstest-clean-surface-protein-ultra\\\/#breadcrumb\",\"itemListElement\":[{\"@type\":\"ListItem\",\"position\":1,\"name\":\"Accueil\",\"item\":\"https:\\\/\\\/sysmatec.ch\\\/de\\\/\"},{\"@type\":\"ListItem\",\"position\":2,\"name\":\"Die Aktivit\u00e4t von Sysmatec\",\"item\":\"https:\\\/\\\/sysmatec.ch\\\/de\\\/\"},{\"@type\":\"ListItem\",\"position\":3,\"name\":\"Sauberkeitstest CLEAN SURFACE PROTEIN ULTRA\"}]},{\"@type\":\"WebSite\",\"@id\":\"https:\\\/\\\/sysmatec.ch\\\/de\\\/#website\",\"url\":\"https:\\\/\\\/sysmatec.ch\\\/de\\\/\",\"name\":\"Sysmatec\",\"description\":\"Equipement de laboratoire et logiciels\",\"publisher\":{\"@id\":\"https:\\\/\\\/sysmatec.ch\\\/de\\\/#organization\"},\"potentialAction\":[{\"@type\":\"SearchAction\",\"target\":{\"@type\":\"EntryPoint\",\"urlTemplate\":\"https:\\\/\\\/sysmatec.ch\\\/de\\\/?s={search_term_string}\"},\"query-input\":{\"@type\":\"PropertyValueSpecification\",\"valueRequired\":true,\"valueName\":\"search_term_string\"}}],\"inLanguage\":\"de\"},{\"@type\":\"Organization\",\"@id\":\"https:\\\/\\\/sysmatec.ch\\\/de\\\/#organization\",\"name\":\"Sysmatec\",\"url\":\"https:\\\/\\\/sysmatec.ch\\\/de\\\/\",\"logo\":{\"@type\":\"ImageObject\",\"inLanguage\":\"de\",\"@id\":\"https:\\\/\\\/sysmatec.ch\\\/de\\\/#\\\/schema\\\/logo\\\/image\\\/\",\"url\":\"https:\\\/\\\/sysmatec.ch\\\/wp-content\\\/uploads\\\/2018\\\/11\\\/LogoSysmatec.jpg\",\"contentUrl\":\"https:\\\/\\\/sysmatec.ch\\\/wp-content\\\/uploads\\\/2018\\\/11\\\/LogoSysmatec.jpg\",\"width\":301,\"height\":297,\"caption\":\"Sysmatec\"},\"image\":{\"@id\":\"https:\\\/\\\/sysmatec.ch\\\/de\\\/#\\\/schema\\\/logo\\\/image\\\/\"}}]}<\/script>\n<!-- \/ Yoast SEO plugin. -->","yoast_head_json":{"title":"Sauberkeitstest CLEAN SURFACE PROTEIN ULTRA - Sysmatec","description":"Oberfl\u00e4chenreinheitstest durch Nachweis von Restproteinen. Sehr empfindlicher und einfach durchzuf\u00fchrender kolorimetrischer Test.","robots":{"index":"index","follow":"follow","max-snippet":"max-snippet:-1","max-image-preview":"max-image-preview:large","max-video-preview":"max-video-preview:-1"},"canonical":"https:\/\/sysmatec.ch\/de\/produit\/sauberkeitstest-clean-surface-protein-ultra\/","og_locale":"de_DE","og_type":"article","og_title":"Sauberkeitstest CLEAN SURFACE PROTEIN ULTRA - Sysmatec","og_description":"Oberfl\u00e4chenreinheitstest durch Nachweis von Restproteinen. Sehr empfindlicher und einfach durchzuf\u00fchrender kolorimetrischer Test.","og_url":"https:\/\/sysmatec.ch\/de\/produit\/sauberkeitstest-clean-surface-protein-ultra\/","og_site_name":"Sysmatec","article_modified_time":"2022-02-08T07:12:56+00:00","og_image":[{"width":189,"height":146,"url":"https:\/\/sysmatec.ch\/wp-content\/uploads\/2019\/04\/Analyse_MenidiMedicaCleanSurfacePlus.jpg","type":"image\/jpeg"}],"twitter_card":"summary_large_image","twitter_misc":{"Gesch\u00e4tzte Lesezeit":"1\u00a0Minute"},"schema":{"@context":"https:\/\/schema.org","@graph":[{"@type":"WebPage","@id":"https:\/\/sysmatec.ch\/de\/produit\/sauberkeitstest-clean-surface-protein-ultra\/","url":"https:\/\/sysmatec.ch\/de\/produit\/sauberkeitstest-clean-surface-protein-ultra\/","name":"Sauberkeitstest CLEAN SURFACE PROTEIN ULTRA - Sysmatec","isPartOf":{"@id":"https:\/\/sysmatec.ch\/de\/#website"},"primaryImageOfPage":{"@id":"https:\/\/sysmatec.ch\/de\/produit\/sauberkeitstest-clean-surface-protein-ultra\/#primaryimage"},"image":{"@id":"https:\/\/sysmatec.ch\/de\/produit\/sauberkeitstest-clean-surface-protein-ultra\/#primaryimage"},"thumbnailUrl":"https:\/\/sysmatec.ch\/wp-content\/uploads\/2019\/04\/Analyse_MenidiMedicaCleanSurfacePlus.jpg","datePublished":"2019-04-06T09:05:10+00:00","dateModified":"2022-02-08T07:12:56+00:00","description":"Oberfl\u00e4chenreinheitstest durch Nachweis von Restproteinen. Sehr empfindlicher und einfach durchzuf\u00fchrender kolorimetrischer Test.","breadcrumb":{"@id":"https:\/\/sysmatec.ch\/de\/produit\/sauberkeitstest-clean-surface-protein-ultra\/#breadcrumb"},"inLanguage":"de","potentialAction":[{"@type":"ReadAction","target":["https:\/\/sysmatec.ch\/de\/produit\/sauberkeitstest-clean-surface-protein-ultra\/"]}]},{"@type":"ImageObject","inLanguage":"de","@id":"https:\/\/sysmatec.ch\/de\/produit\/sauberkeitstest-clean-surface-protein-ultra\/#primaryimage","url":"https:\/\/sysmatec.ch\/wp-content\/uploads\/2019\/04\/Analyse_MenidiMedicaCleanSurfacePlus.jpg","contentUrl":"https:\/\/sysmatec.ch\/wp-content\/uploads\/2019\/04\/Analyse_MenidiMedicaCleanSurfacePlus.jpg","width":189,"height":146},{"@type":"BreadcrumbList","@id":"https:\/\/sysmatec.ch\/de\/produit\/sauberkeitstest-clean-surface-protein-ultra\/#breadcrumb","itemListElement":[{"@type":"ListItem","position":1,"name":"Accueil","item":"https:\/\/sysmatec.ch\/de\/"},{"@type":"ListItem","position":2,"name":"Die Aktivit\u00e4t von Sysmatec","item":"https:\/\/sysmatec.ch\/de\/"},{"@type":"ListItem","position":3,"name":"Sauberkeitstest CLEAN SURFACE PROTEIN ULTRA"}]},{"@type":"WebSite","@id":"https:\/\/sysmatec.ch\/de\/#website","url":"https:\/\/sysmatec.ch\/de\/","name":"Sysmatec","description":"Equipement de laboratoire et logiciels","publisher":{"@id":"https:\/\/sysmatec.ch\/de\/#organization"},"potentialAction":[{"@type":"SearchAction","target":{"@type":"EntryPoint","urlTemplate":"https:\/\/sysmatec.ch\/de\/?s={search_term_string}"},"query-input":{"@type":"PropertyValueSpecification","valueRequired":true,"valueName":"search_term_string"}}],"inLanguage":"de"},{"@type":"Organization","@id":"https:\/\/sysmatec.ch\/de\/#organization","name":"Sysmatec","url":"https:\/\/sysmatec.ch\/de\/","logo":{"@type":"ImageObject","inLanguage":"de","@id":"https:\/\/sysmatec.ch\/de\/#\/schema\/logo\/image\/","url":"https:\/\/sysmatec.ch\/wp-content\/uploads\/2018\/11\/LogoSysmatec.jpg","contentUrl":"https:\/\/sysmatec.ch\/wp-content\/uploads\/2018\/11\/LogoSysmatec.jpg","width":301,"height":297,"caption":"Sysmatec"},"image":{"@id":"https:\/\/sysmatec.ch\/de\/#\/schema\/logo\/image\/"}}]}},"_links":{"self":[{"href":"https:\/\/sysmatec.ch\/de\/wp-json\/wp\/v2\/product\/4885","targetHints":{"allow":["GET"]}}],"collection":[{"href":"https:\/\/sysmatec.ch\/de\/wp-json\/wp\/v2\/product"}],"about":[{"href":"https:\/\/sysmatec.ch\/de\/wp-json\/wp\/v2\/types\/product"}],"wp:featuredmedia":[{"embeddable":true,"href":"https:\/\/sysmatec.ch\/de\/wp-json\/wp\/v2\/media\/4877"}],"wp:attachment":[{"href":"https:\/\/sysmatec.ch\/de\/wp-json\/wp\/v2\/media?parent=4885"}],"wp:term":[{"taxonomy":"product_brand","embeddable":true,"href":"https:\/\/sysmatec.ch\/de\/wp-json\/wp\/v2\/product_brand?post=4885"},{"taxonomy":"product_cat","embeddable":true,"href":"https:\/\/sysmatec.ch\/de\/wp-json\/wp\/v2\/product_cat?post=4885"},{"taxonomy":"product_tag","embeddable":true,"href":"https:\/\/sysmatec.ch\/de\/wp-json\/wp\/v2\/product_tag?post=4885"}],"curies":[{"name":"wp","href":"https:\/\/api.w.org\/{rel}","templated":true}]}}