{"id":4879,"date":"2019-04-06T10:55:13","date_gmt":"2019-04-06T08:55:13","guid":{"rendered":"https:\/\/sysmatec.ch\/produit\/test-de-proprete-de-surface-avec-clean-surface-protein-plus\/"},"modified":"2022-02-08T08:15:39","modified_gmt":"2022-02-08T07:15:39","slug":"oberflaechenreinheitstest-mit-clean-surface-protein-plus","status":"publish","type":"product","link":"https:\/\/sysmatec.ch\/de\/Produkt\/oberflaechenreinheitstest-mit-clean-surface-protein-plus\/","title":{"rendered":"Oberfl\u00e4chenreinheitstest mit &#8218;CLEAN SURFACE PROTEIN PLUS&#8216;"},"content":{"rendered":"<p>Proteinr\u00fcckst\u00e4nde weisen auf eine schlechte Reinigung hin und k\u00f6nnen zu einer bakteriellen Kontamination f\u00fchren.<\/p>\n<p>Das Kit erkennt Proteine und Reduktionsmittel auf Oberfl\u00e4chen und in schwer zug\u00e4nglichen Bereichen. Die Nachweisgrenze liegt in der Gr\u00f6\u00dfenordnung von 50 ug Protein.<\/p>\n<p>F\u00fcr das Testverfahren ist keine thermische Vorbereitung der Probe erforderlich. Der Test funktioniert bei Raumtemperatur.<\/p>\n<p>Der Kit mit den Reagenzien und R\u00f6hrchen sollte im K\u00fchlschrank bei 2-8 \u00b0 C gelagert werden.<\/p>\n<p>Vor dem Test m\u00fcssen die R\u00f6hrchen und Reagenzien f\u00fcr mindestens 5 Minuten au\u00dferhalb des K\u00fchlschranks bleiben.<\/p>\n<p>Das endg\u00fcltige Ablesen der Ergebnisse erfolgt nach maximal 10 Minuten, aber nach 5 Minuten kann ein stabiles und sicheres Ergebnis erhalten werden.<\/p>\n<p>Inhalt des Clean Surface Protein Plus Kits<\/p>\n<ul>\n<li type=\"disc\">50 vorgef\u00fcllte R\u00f6hrchen mit R1-Reagenz<\/li>\n<li type=\"disc\">R2 Reagenz, 3 ml., F\u00e4rbemedium mit Tropfer<\/li>\n<li type=\"disc\">R3 Reagenz, 10 ml., Aktivierungssubstrat<\/li>\n<\/ul>\n","protected":false},"excerpt":{"rendered":"<p>Oberfl\u00e4chenreinheitstest<\/p>\n","protected":false},"featured_media":4883,"template":"","meta":{"_crdt_document":""},"product_brand":[],"product_cat":[366,188],"product_tag":[],"class_list":{"0":"post-4879","1":"product","2":"type-product","3":"status-publish","4":"has-post-thumbnail","6":"product_cat-allergene-de","7":"product_cat-analyse-de","9":"first","10":"instock","11":"taxable","12":"shipping-taxable","13":"product-type-simple"},"yoast_head":"<!-- This site is optimized with the Yoast SEO plugin v27.4 - https:\/\/yoast.com\/product\/yoast-seo-wordpress\/ -->\n<title>Oberfl\u00e4chenreinheitstest mit &#039;CLEAN SURFACE PROTEIN PLUS&#039; - Sysmatec<\/title>\n<meta name=\"description\" content=\"Oberfl\u00e4chenreinheitstest durch Nachweis von Restproteinen. Sehr empfindlicher und einfach durchzuf\u00fchrender kolorimetrischer Test.\" \/>\n<meta name=\"robots\" content=\"index, follow, max-snippet:-1, max-image-preview:large, max-video-preview:-1\" \/>\n<link rel=\"canonical\" href=\"https:\/\/sysmatec.ch\/de\/produit\/oberflaechenreinheitstest-mit-clean-surface-protein-plus\/\" \/>\n<meta property=\"og:locale\" content=\"de_DE\" \/>\n<meta property=\"og:type\" content=\"article\" \/>\n<meta property=\"og:title\" content=\"Oberfl\u00e4chenreinheitstest mit &#039;CLEAN SURFACE PROTEIN PLUS&#039; - Sysmatec\" \/>\n<meta property=\"og:description\" content=\"Oberfl\u00e4chenreinheitstest durch Nachweis von Restproteinen. Sehr empfindlicher und einfach durchzuf\u00fchrender kolorimetrischer Test.\" \/>\n<meta property=\"og:url\" content=\"https:\/\/sysmatec.ch\/de\/produit\/oberflaechenreinheitstest-mit-clean-surface-protein-plus\/\" \/>\n<meta property=\"og:site_name\" content=\"Sysmatec\" \/>\n<meta property=\"article:modified_time\" content=\"2022-02-08T07:15:39+00:00\" \/>\n<meta property=\"og:image\" content=\"https:\/\/sysmatec.ch\/wp-content\/uploads\/2019\/04\/Analyse_MenidiMedicaCleanSurface.jpg\" \/>\n\t<meta property=\"og:image:width\" content=\"188\" \/>\n\t<meta property=\"og:image:height\" content=\"119\" \/>\n\t<meta property=\"og:image:type\" content=\"image\/jpeg\" \/>\n<meta name=\"twitter:card\" content=\"summary_large_image\" \/>\n<meta name=\"twitter:label1\" content=\"Gesch\u00e4tzte Lesezeit\" \/>\n\t<meta name=\"twitter:data1\" content=\"1\u00a0Minute\" \/>\n<script type=\"application\/ld+json\" class=\"yoast-schema-graph\">{\"@context\":\"https:\\\/\\\/schema.org\",\"@graph\":[{\"@type\":\"WebPage\",\"@id\":\"https:\\\/\\\/sysmatec.ch\\\/de\\\/produit\\\/oberflaechenreinheitstest-mit-clean-surface-protein-plus\\\/\",\"url\":\"https:\\\/\\\/sysmatec.ch\\\/de\\\/produit\\\/oberflaechenreinheitstest-mit-clean-surface-protein-plus\\\/\",\"name\":\"Oberfl\u00e4chenreinheitstest mit 'CLEAN SURFACE PROTEIN PLUS' - Sysmatec\",\"isPartOf\":{\"@id\":\"https:\\\/\\\/sysmatec.ch\\\/de\\\/#website\"},\"primaryImageOfPage\":{\"@id\":\"https:\\\/\\\/sysmatec.ch\\\/de\\\/produit\\\/oberflaechenreinheitstest-mit-clean-surface-protein-plus\\\/#primaryimage\"},\"image\":{\"@id\":\"https:\\\/\\\/sysmatec.ch\\\/de\\\/produit\\\/oberflaechenreinheitstest-mit-clean-surface-protein-plus\\\/#primaryimage\"},\"thumbnailUrl\":\"https:\\\/\\\/sysmatec.ch\\\/wp-content\\\/uploads\\\/2019\\\/04\\\/Analyse_MenidiMedicaCleanSurface.jpg\",\"datePublished\":\"2019-04-06T08:55:13+00:00\",\"dateModified\":\"2022-02-08T07:15:39+00:00\",\"description\":\"Oberfl\u00e4chenreinheitstest durch Nachweis von Restproteinen. Sehr empfindlicher und einfach durchzuf\u00fchrender kolorimetrischer Test.\",\"breadcrumb\":{\"@id\":\"https:\\\/\\\/sysmatec.ch\\\/de\\\/produit\\\/oberflaechenreinheitstest-mit-clean-surface-protein-plus\\\/#breadcrumb\"},\"inLanguage\":\"de\",\"potentialAction\":[{\"@type\":\"ReadAction\",\"target\":[\"https:\\\/\\\/sysmatec.ch\\\/de\\\/produit\\\/oberflaechenreinheitstest-mit-clean-surface-protein-plus\\\/\"]}]},{\"@type\":\"ImageObject\",\"inLanguage\":\"de\",\"@id\":\"https:\\\/\\\/sysmatec.ch\\\/de\\\/produit\\\/oberflaechenreinheitstest-mit-clean-surface-protein-plus\\\/#primaryimage\",\"url\":\"https:\\\/\\\/sysmatec.ch\\\/wp-content\\\/uploads\\\/2019\\\/04\\\/Analyse_MenidiMedicaCleanSurface.jpg\",\"contentUrl\":\"https:\\\/\\\/sysmatec.ch\\\/wp-content\\\/uploads\\\/2019\\\/04\\\/Analyse_MenidiMedicaCleanSurface.jpg\",\"width\":188,\"height\":119},{\"@type\":\"BreadcrumbList\",\"@id\":\"https:\\\/\\\/sysmatec.ch\\\/de\\\/produit\\\/oberflaechenreinheitstest-mit-clean-surface-protein-plus\\\/#breadcrumb\",\"itemListElement\":[{\"@type\":\"ListItem\",\"position\":1,\"name\":\"Accueil\",\"item\":\"https:\\\/\\\/sysmatec.ch\\\/de\\\/\"},{\"@type\":\"ListItem\",\"position\":2,\"name\":\"Die Aktivit\u00e4t von Sysmatec\",\"item\":\"https:\\\/\\\/sysmatec.ch\\\/de\\\/\"},{\"@type\":\"ListItem\",\"position\":3,\"name\":\"Oberfl\u00e4chenreinheitstest mit &#8218;CLEAN SURFACE PROTEIN PLUS&#8216;\"}]},{\"@type\":\"WebSite\",\"@id\":\"https:\\\/\\\/sysmatec.ch\\\/de\\\/#website\",\"url\":\"https:\\\/\\\/sysmatec.ch\\\/de\\\/\",\"name\":\"Sysmatec\",\"description\":\"Equipement de laboratoire et logiciels\",\"publisher\":{\"@id\":\"https:\\\/\\\/sysmatec.ch\\\/de\\\/#organization\"},\"potentialAction\":[{\"@type\":\"SearchAction\",\"target\":{\"@type\":\"EntryPoint\",\"urlTemplate\":\"https:\\\/\\\/sysmatec.ch\\\/de\\\/?s={search_term_string}\"},\"query-input\":{\"@type\":\"PropertyValueSpecification\",\"valueRequired\":true,\"valueName\":\"search_term_string\"}}],\"inLanguage\":\"de\"},{\"@type\":\"Organization\",\"@id\":\"https:\\\/\\\/sysmatec.ch\\\/de\\\/#organization\",\"name\":\"Sysmatec\",\"url\":\"https:\\\/\\\/sysmatec.ch\\\/de\\\/\",\"logo\":{\"@type\":\"ImageObject\",\"inLanguage\":\"de\",\"@id\":\"https:\\\/\\\/sysmatec.ch\\\/de\\\/#\\\/schema\\\/logo\\\/image\\\/\",\"url\":\"https:\\\/\\\/sysmatec.ch\\\/wp-content\\\/uploads\\\/2018\\\/11\\\/LogoSysmatec.jpg\",\"contentUrl\":\"https:\\\/\\\/sysmatec.ch\\\/wp-content\\\/uploads\\\/2018\\\/11\\\/LogoSysmatec.jpg\",\"width\":301,\"height\":297,\"caption\":\"Sysmatec\"},\"image\":{\"@id\":\"https:\\\/\\\/sysmatec.ch\\\/de\\\/#\\\/schema\\\/logo\\\/image\\\/\"}}]}<\/script>\n<!-- \/ Yoast SEO plugin. -->","yoast_head_json":{"title":"Oberfl\u00e4chenreinheitstest mit 'CLEAN SURFACE PROTEIN PLUS' - Sysmatec","description":"Oberfl\u00e4chenreinheitstest durch Nachweis von Restproteinen. Sehr empfindlicher und einfach durchzuf\u00fchrender kolorimetrischer Test.","robots":{"index":"index","follow":"follow","max-snippet":"max-snippet:-1","max-image-preview":"max-image-preview:large","max-video-preview":"max-video-preview:-1"},"canonical":"https:\/\/sysmatec.ch\/de\/produit\/oberflaechenreinheitstest-mit-clean-surface-protein-plus\/","og_locale":"de_DE","og_type":"article","og_title":"Oberfl\u00e4chenreinheitstest mit 'CLEAN SURFACE PROTEIN PLUS' - Sysmatec","og_description":"Oberfl\u00e4chenreinheitstest durch Nachweis von Restproteinen. Sehr empfindlicher und einfach durchzuf\u00fchrender kolorimetrischer Test.","og_url":"https:\/\/sysmatec.ch\/de\/produit\/oberflaechenreinheitstest-mit-clean-surface-protein-plus\/","og_site_name":"Sysmatec","article_modified_time":"2022-02-08T07:15:39+00:00","og_image":[{"width":188,"height":119,"url":"https:\/\/sysmatec.ch\/wp-content\/uploads\/2019\/04\/Analyse_MenidiMedicaCleanSurface.jpg","type":"image\/jpeg"}],"twitter_card":"summary_large_image","twitter_misc":{"Gesch\u00e4tzte Lesezeit":"1\u00a0Minute"},"schema":{"@context":"https:\/\/schema.org","@graph":[{"@type":"WebPage","@id":"https:\/\/sysmatec.ch\/de\/produit\/oberflaechenreinheitstest-mit-clean-surface-protein-plus\/","url":"https:\/\/sysmatec.ch\/de\/produit\/oberflaechenreinheitstest-mit-clean-surface-protein-plus\/","name":"Oberfl\u00e4chenreinheitstest mit 'CLEAN SURFACE PROTEIN PLUS' - Sysmatec","isPartOf":{"@id":"https:\/\/sysmatec.ch\/de\/#website"},"primaryImageOfPage":{"@id":"https:\/\/sysmatec.ch\/de\/produit\/oberflaechenreinheitstest-mit-clean-surface-protein-plus\/#primaryimage"},"image":{"@id":"https:\/\/sysmatec.ch\/de\/produit\/oberflaechenreinheitstest-mit-clean-surface-protein-plus\/#primaryimage"},"thumbnailUrl":"https:\/\/sysmatec.ch\/wp-content\/uploads\/2019\/04\/Analyse_MenidiMedicaCleanSurface.jpg","datePublished":"2019-04-06T08:55:13+00:00","dateModified":"2022-02-08T07:15:39+00:00","description":"Oberfl\u00e4chenreinheitstest durch Nachweis von Restproteinen. Sehr empfindlicher und einfach durchzuf\u00fchrender kolorimetrischer Test.","breadcrumb":{"@id":"https:\/\/sysmatec.ch\/de\/produit\/oberflaechenreinheitstest-mit-clean-surface-protein-plus\/#breadcrumb"},"inLanguage":"de","potentialAction":[{"@type":"ReadAction","target":["https:\/\/sysmatec.ch\/de\/produit\/oberflaechenreinheitstest-mit-clean-surface-protein-plus\/"]}]},{"@type":"ImageObject","inLanguage":"de","@id":"https:\/\/sysmatec.ch\/de\/produit\/oberflaechenreinheitstest-mit-clean-surface-protein-plus\/#primaryimage","url":"https:\/\/sysmatec.ch\/wp-content\/uploads\/2019\/04\/Analyse_MenidiMedicaCleanSurface.jpg","contentUrl":"https:\/\/sysmatec.ch\/wp-content\/uploads\/2019\/04\/Analyse_MenidiMedicaCleanSurface.jpg","width":188,"height":119},{"@type":"BreadcrumbList","@id":"https:\/\/sysmatec.ch\/de\/produit\/oberflaechenreinheitstest-mit-clean-surface-protein-plus\/#breadcrumb","itemListElement":[{"@type":"ListItem","position":1,"name":"Accueil","item":"https:\/\/sysmatec.ch\/de\/"},{"@type":"ListItem","position":2,"name":"Die Aktivit\u00e4t von Sysmatec","item":"https:\/\/sysmatec.ch\/de\/"},{"@type":"ListItem","position":3,"name":"Oberfl\u00e4chenreinheitstest mit &#8218;CLEAN SURFACE PROTEIN PLUS&#8216;"}]},{"@type":"WebSite","@id":"https:\/\/sysmatec.ch\/de\/#website","url":"https:\/\/sysmatec.ch\/de\/","name":"Sysmatec","description":"Equipement de laboratoire et logiciels","publisher":{"@id":"https:\/\/sysmatec.ch\/de\/#organization"},"potentialAction":[{"@type":"SearchAction","target":{"@type":"EntryPoint","urlTemplate":"https:\/\/sysmatec.ch\/de\/?s={search_term_string}"},"query-input":{"@type":"PropertyValueSpecification","valueRequired":true,"valueName":"search_term_string"}}],"inLanguage":"de"},{"@type":"Organization","@id":"https:\/\/sysmatec.ch\/de\/#organization","name":"Sysmatec","url":"https:\/\/sysmatec.ch\/de\/","logo":{"@type":"ImageObject","inLanguage":"de","@id":"https:\/\/sysmatec.ch\/de\/#\/schema\/logo\/image\/","url":"https:\/\/sysmatec.ch\/wp-content\/uploads\/2018\/11\/LogoSysmatec.jpg","contentUrl":"https:\/\/sysmatec.ch\/wp-content\/uploads\/2018\/11\/LogoSysmatec.jpg","width":301,"height":297,"caption":"Sysmatec"},"image":{"@id":"https:\/\/sysmatec.ch\/de\/#\/schema\/logo\/image\/"}}]}},"_links":{"self":[{"href":"https:\/\/sysmatec.ch\/de\/wp-json\/wp\/v2\/product\/4879","targetHints":{"allow":["GET"]}}],"collection":[{"href":"https:\/\/sysmatec.ch\/de\/wp-json\/wp\/v2\/product"}],"about":[{"href":"https:\/\/sysmatec.ch\/de\/wp-json\/wp\/v2\/types\/product"}],"wp:featuredmedia":[{"embeddable":true,"href":"https:\/\/sysmatec.ch\/de\/wp-json\/wp\/v2\/media\/4883"}],"wp:attachment":[{"href":"https:\/\/sysmatec.ch\/de\/wp-json\/wp\/v2\/media?parent=4879"}],"wp:term":[{"taxonomy":"product_brand","embeddable":true,"href":"https:\/\/sysmatec.ch\/de\/wp-json\/wp\/v2\/product_brand?post=4879"},{"taxonomy":"product_cat","embeddable":true,"href":"https:\/\/sysmatec.ch\/de\/wp-json\/wp\/v2\/product_cat?post=4879"},{"taxonomy":"product_tag","embeddable":true,"href":"https:\/\/sysmatec.ch\/de\/wp-json\/wp\/v2\/product_tag?post=4879"}],"curies":[{"name":"wp","href":"https:\/\/api.w.org\/{rel}","templated":true}]}}