{"id":4869,"date":"2019-04-06T10:28:20","date_gmt":"2019-04-06T08:28:20","guid":{"rendered":"https:\/\/sysmatec.ch\/produit\/proteon-milk-elisa-test-for-milk-quantification-in-food\/"},"modified":"2022-02-08T08:29:06","modified_gmt":"2022-02-08T07:29:06","slug":"proteon-milch-elisa-test-milch-quantifizierung-in-lebensmittel","status":"publish","type":"product","link":"https:\/\/sysmatec.ch\/de\/Produkt\/proteon-milch-elisa-test-milch-quantifizierung-in-lebensmittel\/","title":{"rendered":"PROTEON MILCH &#8211; ELISA-Test f\u00fcr Milch Quantifizierung in Lebensmittel"},"content":{"rendered":"<p>Es ist ein ELISA-Test-Kit, das die Milch in Lebensmitteln und Kreuzkontamination in der Nahrungskette nachweisen kann. Beta-Lactoglobulin zusammen mit Casein, Alpha-Lactoalbumin und Serumalbumin sind die wichtigsten Allergene in der Milch.<\/p>\n<p>Einige Lebensmittel Zusatzstoffe, Produkte wie Milch, Eier, Soja und N\u00fcssen k\u00f6nnen allergische Reaktionen hervorrufen. Nahrungsmittelallergene k\u00f6nnen eine negative Reaktion des Immunsystems, deren Bedeutung unterschiedlicher Form von Person zu Person sein kann, ausl\u00f6sen.<\/p>\n<p>Die Kuhmilch-Protein (CMP) Allergie Inzidenz liegt zwischen 0.3 und 7% je nach Studien. Kuhmilch ist aus 85% Wasser, 3.5% Proteine, 3.4 bis 4% Fett, 4-9% Laktose und 0.7% Mineralstoffe zusammnegesetz. Die Kuhmilchproteinzusammensetzung ist aus 80% Kasein und 20% Molkeproteine, wie Beta-Lactoglobulin Alpha-Lactoalbumin und Serumalbumin. Milch kann eine verborgenen Allergenquelle sein, weil viele nicht Milchprodukte Milch verwenden.<\/p>\n<h2>Milch Allergen<\/h2>\n<ul>\n<li type=\"disc\">ELISA-Sandwich test<\/li>\n<li type=\"disc\">quantitativ<\/li>\n<li type=\"disc\">Standard Range: 0 ppm, 0.05 ppm, 0-1 ppm, 0.25 ppm und 0.5 ppm b-Lactoglobulin<\/li>\n<li type=\"disc\">Ergebnisse sind r\u00fcckf\u00fchrbar mit dem Referenzmaterial NIST 1549<\/li>\n<li type=\"disc\">Testdauer: 90 min<\/li>\n<li type=\"disc\">Erfordliche Ausstattung: ELISA-Leseger\u00e4t 450 nm<\/li>\n<\/ul>\n","protected":false},"excerpt":{"rendered":"<p>ELISA-Test auf Milch Quantifizierung in Lebensmitteln<\/p>\n","protected":false},"featured_media":4860,"template":"","meta":{"_crdt_document":""},"product_brand":[],"product_cat":[366,188],"product_tag":[],"class_list":{"0":"post-4869","1":"product","2":"type-product","3":"status-publish","4":"has-post-thumbnail","6":"product_cat-allergene-de","7":"product_cat-analyse-de","9":"first","10":"instock","11":"taxable","12":"shipping-taxable","13":"product-type-simple"},"yoast_head":"<!-- This site is optimized with the Yoast SEO plugin v27.4 - https:\/\/yoast.com\/product\/yoast-seo-wordpress\/ -->\n<title>PROTEON MILCH - ELISA-Test f\u00fcr Milch Quantifizierung in Lebensmittel - Sysmatec<\/title>\n<meta name=\"description\" content=\"ELISA-Test zum Nachweis von Milchr\u00fcckst\u00e4nden auf ihre Eigenschaft als Allergen in Lebensmitteln. Quantitativer Test.\" \/>\n<meta name=\"robots\" content=\"index, follow, max-snippet:-1, max-image-preview:large, max-video-preview:-1\" \/>\n<link rel=\"canonical\" href=\"https:\/\/sysmatec.ch\/de\/produit\/proteon-milch-elisa-test-milch-quantifizierung-in-lebensmittel\/\" \/>\n<meta property=\"og:locale\" content=\"de_DE\" \/>\n<meta property=\"og:type\" content=\"article\" \/>\n<meta property=\"og:title\" content=\"PROTEON MILCH - ELISA-Test f\u00fcr Milch Quantifizierung in Lebensmittel - Sysmatec\" \/>\n<meta property=\"og:description\" content=\"ELISA-Test zum Nachweis von Milchr\u00fcckst\u00e4nden auf ihre Eigenschaft als Allergen in Lebensmitteln. Quantitativer Test.\" \/>\n<meta property=\"og:url\" content=\"https:\/\/sysmatec.ch\/de\/produit\/proteon-milch-elisa-test-milch-quantifizierung-in-lebensmittel\/\" \/>\n<meta property=\"og:site_name\" content=\"Sysmatec\" \/>\n<meta property=\"article:modified_time\" content=\"2022-02-08T07:29:06+00:00\" \/>\n<meta property=\"og:image\" content=\"https:\/\/sysmatec.ch\/wp-content\/uploads\/2019\/04\/Analyse_ZeuProteonEgg.jpg\" \/>\n\t<meta property=\"og:image:width\" content=\"188\" \/>\n\t<meta property=\"og:image:height\" content=\"116\" \/>\n\t<meta property=\"og:image:type\" content=\"image\/jpeg\" \/>\n<meta name=\"twitter:card\" content=\"summary_large_image\" \/>\n<meta name=\"twitter:label1\" content=\"Gesch\u00e4tzte Lesezeit\" \/>\n\t<meta name=\"twitter:data1\" content=\"1\u00a0Minute\" \/>\n<script type=\"application\/ld+json\" class=\"yoast-schema-graph\">{\"@context\":\"https:\\\/\\\/schema.org\",\"@graph\":[{\"@type\":\"WebPage\",\"@id\":\"https:\\\/\\\/sysmatec.ch\\\/de\\\/produit\\\/proteon-milch-elisa-test-milch-quantifizierung-in-lebensmittel\\\/\",\"url\":\"https:\\\/\\\/sysmatec.ch\\\/de\\\/produit\\\/proteon-milch-elisa-test-milch-quantifizierung-in-lebensmittel\\\/\",\"name\":\"PROTEON MILCH - ELISA-Test f\u00fcr Milch Quantifizierung in Lebensmittel - Sysmatec\",\"isPartOf\":{\"@id\":\"https:\\\/\\\/sysmatec.ch\\\/de\\\/#website\"},\"primaryImageOfPage\":{\"@id\":\"https:\\\/\\\/sysmatec.ch\\\/de\\\/produit\\\/proteon-milch-elisa-test-milch-quantifizierung-in-lebensmittel\\\/#primaryimage\"},\"image\":{\"@id\":\"https:\\\/\\\/sysmatec.ch\\\/de\\\/produit\\\/proteon-milch-elisa-test-milch-quantifizierung-in-lebensmittel\\\/#primaryimage\"},\"thumbnailUrl\":\"https:\\\/\\\/sysmatec.ch\\\/wp-content\\\/uploads\\\/2019\\\/04\\\/Analyse_ZeuProteonEgg.jpg\",\"datePublished\":\"2019-04-06T08:28:20+00:00\",\"dateModified\":\"2022-02-08T07:29:06+00:00\",\"description\":\"ELISA-Test zum Nachweis von Milchr\u00fcckst\u00e4nden auf ihre Eigenschaft als Allergen in Lebensmitteln. Quantitativer Test.\",\"breadcrumb\":{\"@id\":\"https:\\\/\\\/sysmatec.ch\\\/de\\\/produit\\\/proteon-milch-elisa-test-milch-quantifizierung-in-lebensmittel\\\/#breadcrumb\"},\"inLanguage\":\"de\",\"potentialAction\":[{\"@type\":\"ReadAction\",\"target\":[\"https:\\\/\\\/sysmatec.ch\\\/de\\\/produit\\\/proteon-milch-elisa-test-milch-quantifizierung-in-lebensmittel\\\/\"]}]},{\"@type\":\"ImageObject\",\"inLanguage\":\"de\",\"@id\":\"https:\\\/\\\/sysmatec.ch\\\/de\\\/produit\\\/proteon-milch-elisa-test-milch-quantifizierung-in-lebensmittel\\\/#primaryimage\",\"url\":\"https:\\\/\\\/sysmatec.ch\\\/wp-content\\\/uploads\\\/2019\\\/04\\\/Analyse_ZeuProteonEgg.jpg\",\"contentUrl\":\"https:\\\/\\\/sysmatec.ch\\\/wp-content\\\/uploads\\\/2019\\\/04\\\/Analyse_ZeuProteonEgg.jpg\",\"width\":188,\"height\":116},{\"@type\":\"BreadcrumbList\",\"@id\":\"https:\\\/\\\/sysmatec.ch\\\/de\\\/produit\\\/proteon-milch-elisa-test-milch-quantifizierung-in-lebensmittel\\\/#breadcrumb\",\"itemListElement\":[{\"@type\":\"ListItem\",\"position\":1,\"name\":\"Accueil\",\"item\":\"https:\\\/\\\/sysmatec.ch\\\/de\\\/\"},{\"@type\":\"ListItem\",\"position\":2,\"name\":\"Die Aktivit\u00e4t von Sysmatec\",\"item\":\"https:\\\/\\\/sysmatec.ch\\\/de\\\/\"},{\"@type\":\"ListItem\",\"position\":3,\"name\":\"PROTEON MILCH &#8211; ELISA-Test f\u00fcr Milch Quantifizierung in Lebensmittel\"}]},{\"@type\":\"WebSite\",\"@id\":\"https:\\\/\\\/sysmatec.ch\\\/de\\\/#website\",\"url\":\"https:\\\/\\\/sysmatec.ch\\\/de\\\/\",\"name\":\"Sysmatec\",\"description\":\"Equipement de laboratoire et logiciels\",\"publisher\":{\"@id\":\"https:\\\/\\\/sysmatec.ch\\\/de\\\/#organization\"},\"potentialAction\":[{\"@type\":\"SearchAction\",\"target\":{\"@type\":\"EntryPoint\",\"urlTemplate\":\"https:\\\/\\\/sysmatec.ch\\\/de\\\/?s={search_term_string}\"},\"query-input\":{\"@type\":\"PropertyValueSpecification\",\"valueRequired\":true,\"valueName\":\"search_term_string\"}}],\"inLanguage\":\"de\"},{\"@type\":\"Organization\",\"@id\":\"https:\\\/\\\/sysmatec.ch\\\/de\\\/#organization\",\"name\":\"Sysmatec\",\"url\":\"https:\\\/\\\/sysmatec.ch\\\/de\\\/\",\"logo\":{\"@type\":\"ImageObject\",\"inLanguage\":\"de\",\"@id\":\"https:\\\/\\\/sysmatec.ch\\\/de\\\/#\\\/schema\\\/logo\\\/image\\\/\",\"url\":\"https:\\\/\\\/sysmatec.ch\\\/wp-content\\\/uploads\\\/2018\\\/11\\\/LogoSysmatec.jpg\",\"contentUrl\":\"https:\\\/\\\/sysmatec.ch\\\/wp-content\\\/uploads\\\/2018\\\/11\\\/LogoSysmatec.jpg\",\"width\":301,\"height\":297,\"caption\":\"Sysmatec\"},\"image\":{\"@id\":\"https:\\\/\\\/sysmatec.ch\\\/de\\\/#\\\/schema\\\/logo\\\/image\\\/\"}}]}<\/script>\n<!-- \/ Yoast SEO plugin. -->","yoast_head_json":{"title":"PROTEON MILCH - ELISA-Test f\u00fcr Milch Quantifizierung in Lebensmittel - Sysmatec","description":"ELISA-Test zum Nachweis von Milchr\u00fcckst\u00e4nden auf ihre Eigenschaft als Allergen in Lebensmitteln. Quantitativer Test.","robots":{"index":"index","follow":"follow","max-snippet":"max-snippet:-1","max-image-preview":"max-image-preview:large","max-video-preview":"max-video-preview:-1"},"canonical":"https:\/\/sysmatec.ch\/de\/produit\/proteon-milch-elisa-test-milch-quantifizierung-in-lebensmittel\/","og_locale":"de_DE","og_type":"article","og_title":"PROTEON MILCH - ELISA-Test f\u00fcr Milch Quantifizierung in Lebensmittel - Sysmatec","og_description":"ELISA-Test zum Nachweis von Milchr\u00fcckst\u00e4nden auf ihre Eigenschaft als Allergen in Lebensmitteln. Quantitativer Test.","og_url":"https:\/\/sysmatec.ch\/de\/produit\/proteon-milch-elisa-test-milch-quantifizierung-in-lebensmittel\/","og_site_name":"Sysmatec","article_modified_time":"2022-02-08T07:29:06+00:00","og_image":[{"width":188,"height":116,"url":"https:\/\/sysmatec.ch\/wp-content\/uploads\/2019\/04\/Analyse_ZeuProteonEgg.jpg","type":"image\/jpeg"}],"twitter_card":"summary_large_image","twitter_misc":{"Gesch\u00e4tzte Lesezeit":"1\u00a0Minute"},"schema":{"@context":"https:\/\/schema.org","@graph":[{"@type":"WebPage","@id":"https:\/\/sysmatec.ch\/de\/produit\/proteon-milch-elisa-test-milch-quantifizierung-in-lebensmittel\/","url":"https:\/\/sysmatec.ch\/de\/produit\/proteon-milch-elisa-test-milch-quantifizierung-in-lebensmittel\/","name":"PROTEON MILCH - ELISA-Test f\u00fcr Milch Quantifizierung in Lebensmittel - Sysmatec","isPartOf":{"@id":"https:\/\/sysmatec.ch\/de\/#website"},"primaryImageOfPage":{"@id":"https:\/\/sysmatec.ch\/de\/produit\/proteon-milch-elisa-test-milch-quantifizierung-in-lebensmittel\/#primaryimage"},"image":{"@id":"https:\/\/sysmatec.ch\/de\/produit\/proteon-milch-elisa-test-milch-quantifizierung-in-lebensmittel\/#primaryimage"},"thumbnailUrl":"https:\/\/sysmatec.ch\/wp-content\/uploads\/2019\/04\/Analyse_ZeuProteonEgg.jpg","datePublished":"2019-04-06T08:28:20+00:00","dateModified":"2022-02-08T07:29:06+00:00","description":"ELISA-Test zum Nachweis von Milchr\u00fcckst\u00e4nden auf ihre Eigenschaft als Allergen in Lebensmitteln. Quantitativer Test.","breadcrumb":{"@id":"https:\/\/sysmatec.ch\/de\/produit\/proteon-milch-elisa-test-milch-quantifizierung-in-lebensmittel\/#breadcrumb"},"inLanguage":"de","potentialAction":[{"@type":"ReadAction","target":["https:\/\/sysmatec.ch\/de\/produit\/proteon-milch-elisa-test-milch-quantifizierung-in-lebensmittel\/"]}]},{"@type":"ImageObject","inLanguage":"de","@id":"https:\/\/sysmatec.ch\/de\/produit\/proteon-milch-elisa-test-milch-quantifizierung-in-lebensmittel\/#primaryimage","url":"https:\/\/sysmatec.ch\/wp-content\/uploads\/2019\/04\/Analyse_ZeuProteonEgg.jpg","contentUrl":"https:\/\/sysmatec.ch\/wp-content\/uploads\/2019\/04\/Analyse_ZeuProteonEgg.jpg","width":188,"height":116},{"@type":"BreadcrumbList","@id":"https:\/\/sysmatec.ch\/de\/produit\/proteon-milch-elisa-test-milch-quantifizierung-in-lebensmittel\/#breadcrumb","itemListElement":[{"@type":"ListItem","position":1,"name":"Accueil","item":"https:\/\/sysmatec.ch\/de\/"},{"@type":"ListItem","position":2,"name":"Die Aktivit\u00e4t von Sysmatec","item":"https:\/\/sysmatec.ch\/de\/"},{"@type":"ListItem","position":3,"name":"PROTEON MILCH &#8211; ELISA-Test f\u00fcr Milch Quantifizierung in Lebensmittel"}]},{"@type":"WebSite","@id":"https:\/\/sysmatec.ch\/de\/#website","url":"https:\/\/sysmatec.ch\/de\/","name":"Sysmatec","description":"Equipement de laboratoire et logiciels","publisher":{"@id":"https:\/\/sysmatec.ch\/de\/#organization"},"potentialAction":[{"@type":"SearchAction","target":{"@type":"EntryPoint","urlTemplate":"https:\/\/sysmatec.ch\/de\/?s={search_term_string}"},"query-input":{"@type":"PropertyValueSpecification","valueRequired":true,"valueName":"search_term_string"}}],"inLanguage":"de"},{"@type":"Organization","@id":"https:\/\/sysmatec.ch\/de\/#organization","name":"Sysmatec","url":"https:\/\/sysmatec.ch\/de\/","logo":{"@type":"ImageObject","inLanguage":"de","@id":"https:\/\/sysmatec.ch\/de\/#\/schema\/logo\/image\/","url":"https:\/\/sysmatec.ch\/wp-content\/uploads\/2018\/11\/LogoSysmatec.jpg","contentUrl":"https:\/\/sysmatec.ch\/wp-content\/uploads\/2018\/11\/LogoSysmatec.jpg","width":301,"height":297,"caption":"Sysmatec"},"image":{"@id":"https:\/\/sysmatec.ch\/de\/#\/schema\/logo\/image\/"}}]}},"_links":{"self":[{"href":"https:\/\/sysmatec.ch\/de\/wp-json\/wp\/v2\/product\/4869","targetHints":{"allow":["GET"]}}],"collection":[{"href":"https:\/\/sysmatec.ch\/de\/wp-json\/wp\/v2\/product"}],"about":[{"href":"https:\/\/sysmatec.ch\/de\/wp-json\/wp\/v2\/types\/product"}],"wp:featuredmedia":[{"embeddable":true,"href":"https:\/\/sysmatec.ch\/de\/wp-json\/wp\/v2\/media\/4860"}],"wp:attachment":[{"href":"https:\/\/sysmatec.ch\/de\/wp-json\/wp\/v2\/media?parent=4869"}],"wp:term":[{"taxonomy":"product_brand","embeddable":true,"href":"https:\/\/sysmatec.ch\/de\/wp-json\/wp\/v2\/product_brand?post=4869"},{"taxonomy":"product_cat","embeddable":true,"href":"https:\/\/sysmatec.ch\/de\/wp-json\/wp\/v2\/product_cat?post=4869"},{"taxonomy":"product_tag","embeddable":true,"href":"https:\/\/sysmatec.ch\/de\/wp-json\/wp\/v2\/product_tag?post=4869"}],"curies":[{"name":"wp","href":"https:\/\/api.w.org\/{rel}","templated":true}]}}