{"id":4866,"date":"2019-04-06T10:17:36","date_gmt":"2019-04-06T08:17:36","guid":{"rendered":"https:\/\/sysmatec.ch\/produit\/proteon-egg-tr-test-elisa-pour-la-quantification-de-loeuf-dans-les-aliments-traites-thermiquement\/"},"modified":"2022-02-08T08:33:08","modified_gmt":"2022-02-08T07:33:08","slug":"proteon-egg-tr-elisa-test-fuer-eier-quantifizierung-in-waermebehandelten-lebensmittelmatrix","status":"publish","type":"product","link":"https:\/\/sysmatec.ch\/de\/Produkt\/proteon-egg-tr-elisa-test-fuer-eier-quantifizierung-in-waermebehandelten-lebensmittelmatrix\/","title":{"rendered":"PROTEON EGG TR &#8211; ELISA-Test f\u00fcr Eier Quantifizierung in w\u00e4rmebehandelten Lebensmittelmatrix"},"content":{"rendered":"<p>Es ist ein ELISA-Test zur Quantifizierung von Eiproteinen in Nahrungsmittelgrundmatrix, insbesondere w\u00e4rmebehandelten Lebensmitteln.<\/p>\n<h2><span class=\"VIiyi\" lang=\"de\"><span class=\"JLqJ4b ChMk0b\" data-language-for-alternatives=\"de\" data-language-to-translate-into=\"fr\" data-phrase-index=\"5\" data-number-of-phrases=\"6\">Nachweis von Ei-Allergenen<\/span><\/span><\/h2>\n<ul>\n<li type=\"disc\">ELISA-Sandwich-Test<\/li>\n<li type=\"disc\">quantitativ<\/li>\n<li type=\"disc\">Standard Range: 5 ppm, 10 ppm, 20 ppm und 40 ppm Volleipulver<\/li>\n<li type=\"disc\">Ergebnisse sind r\u00fcckf\u00fchrbar mit dem Referenzmaterial NIST 8445.<\/li>\n<li type=\"disc\">Testdauer: 90 min<\/li>\n<li type=\"disc\">Ausstattung: ELISA-Leseger\u00e4t 450 nm<\/li>\n<\/ul>\n","protected":false},"excerpt":{"rendered":"<p>ELISA-Test f\u00fcr Eier Quantifizierung in w\u00e4rmebehandelten Lebensmittelmatrix<\/p>\n","protected":false},"featured_media":4860,"template":"","meta":{"_crdt_document":""},"product_brand":[],"product_cat":[366,188],"product_tag":[],"class_list":{"0":"post-4866","1":"product","2":"type-product","3":"status-publish","4":"has-post-thumbnail","6":"product_cat-allergene-de","7":"product_cat-analyse-de","9":"first","10":"instock","11":"taxable","12":"shipping-taxable","13":"product-type-simple"},"yoast_head":"<!-- This site is optimized with the Yoast SEO plugin v27.3 - https:\/\/yoast.com\/product\/yoast-seo-wordpress\/ -->\n<title>PROTEON EGG TR - ELISA-Test f\u00fcr Eier Quantifizierung in w\u00e4rmebehandelten Lebensmittelmatrix - Sysmatec<\/title>\n<meta name=\"description\" content=\"ELISA-Test zum Nachweis von Eir\u00fcckst\u00e4nden auf ihre Eigenschaft als Allergen in Lebensmitteln. Quantitativer Test.\" \/>\n<meta name=\"robots\" content=\"index, follow, max-snippet:-1, max-image-preview:large, max-video-preview:-1\" \/>\n<link rel=\"canonical\" href=\"https:\/\/sysmatec.ch\/de\/produit\/proteon-egg-tr-elisa-test-fuer-eier-quantifizierung-in-waermebehandelten-lebensmittelmatrix\/\" \/>\n<meta property=\"og:locale\" content=\"de_DE\" \/>\n<meta property=\"og:type\" content=\"article\" \/>\n<meta property=\"og:title\" content=\"PROTEON EGG TR - ELISA-Test f\u00fcr Eier Quantifizierung in w\u00e4rmebehandelten Lebensmittelmatrix - Sysmatec\" \/>\n<meta property=\"og:description\" content=\"ELISA-Test zum Nachweis von Eir\u00fcckst\u00e4nden auf ihre Eigenschaft als Allergen in Lebensmitteln. Quantitativer Test.\" \/>\n<meta property=\"og:url\" content=\"https:\/\/sysmatec.ch\/de\/produit\/proteon-egg-tr-elisa-test-fuer-eier-quantifizierung-in-waermebehandelten-lebensmittelmatrix\/\" \/>\n<meta property=\"og:site_name\" content=\"Sysmatec\" \/>\n<meta property=\"article:modified_time\" content=\"2022-02-08T07:33:08+00:00\" \/>\n<meta property=\"og:image\" content=\"https:\/\/sysmatec.ch\/wp-content\/uploads\/2019\/04\/Analyse_ZeuProteonEgg.jpg\" \/>\n\t<meta property=\"og:image:width\" content=\"188\" \/>\n\t<meta property=\"og:image:height\" content=\"116\" \/>\n\t<meta property=\"og:image:type\" content=\"image\/jpeg\" \/>\n<meta name=\"twitter:card\" content=\"summary_large_image\" \/>\n<meta name=\"twitter:label1\" content=\"Gesch\u00e4tzte Lesezeit\" \/>\n\t<meta name=\"twitter:data1\" content=\"1\u00a0Minute\" \/>\n<script type=\"application\/ld+json\" class=\"yoast-schema-graph\">{\"@context\":\"https:\\\/\\\/schema.org\",\"@graph\":[{\"@type\":\"WebPage\",\"@id\":\"https:\\\/\\\/sysmatec.ch\\\/de\\\/produit\\\/proteon-egg-tr-elisa-test-fuer-eier-quantifizierung-in-waermebehandelten-lebensmittelmatrix\\\/\",\"url\":\"https:\\\/\\\/sysmatec.ch\\\/de\\\/produit\\\/proteon-egg-tr-elisa-test-fuer-eier-quantifizierung-in-waermebehandelten-lebensmittelmatrix\\\/\",\"name\":\"PROTEON EGG TR - ELISA-Test f\u00fcr Eier Quantifizierung in w\u00e4rmebehandelten Lebensmittelmatrix - Sysmatec\",\"isPartOf\":{\"@id\":\"https:\\\/\\\/sysmatec.ch\\\/de\\\/#website\"},\"primaryImageOfPage\":{\"@id\":\"https:\\\/\\\/sysmatec.ch\\\/de\\\/produit\\\/proteon-egg-tr-elisa-test-fuer-eier-quantifizierung-in-waermebehandelten-lebensmittelmatrix\\\/#primaryimage\"},\"image\":{\"@id\":\"https:\\\/\\\/sysmatec.ch\\\/de\\\/produit\\\/proteon-egg-tr-elisa-test-fuer-eier-quantifizierung-in-waermebehandelten-lebensmittelmatrix\\\/#primaryimage\"},\"thumbnailUrl\":\"https:\\\/\\\/sysmatec.ch\\\/wp-content\\\/uploads\\\/2019\\\/04\\\/Analyse_ZeuProteonEgg.jpg\",\"datePublished\":\"2019-04-06T08:17:36+00:00\",\"dateModified\":\"2022-02-08T07:33:08+00:00\",\"description\":\"ELISA-Test zum Nachweis von Eir\u00fcckst\u00e4nden auf ihre Eigenschaft als Allergen in Lebensmitteln. Quantitativer Test.\",\"breadcrumb\":{\"@id\":\"https:\\\/\\\/sysmatec.ch\\\/de\\\/produit\\\/proteon-egg-tr-elisa-test-fuer-eier-quantifizierung-in-waermebehandelten-lebensmittelmatrix\\\/#breadcrumb\"},\"inLanguage\":\"de\",\"potentialAction\":[{\"@type\":\"ReadAction\",\"target\":[\"https:\\\/\\\/sysmatec.ch\\\/de\\\/produit\\\/proteon-egg-tr-elisa-test-fuer-eier-quantifizierung-in-waermebehandelten-lebensmittelmatrix\\\/\"]}]},{\"@type\":\"ImageObject\",\"inLanguage\":\"de\",\"@id\":\"https:\\\/\\\/sysmatec.ch\\\/de\\\/produit\\\/proteon-egg-tr-elisa-test-fuer-eier-quantifizierung-in-waermebehandelten-lebensmittelmatrix\\\/#primaryimage\",\"url\":\"https:\\\/\\\/sysmatec.ch\\\/wp-content\\\/uploads\\\/2019\\\/04\\\/Analyse_ZeuProteonEgg.jpg\",\"contentUrl\":\"https:\\\/\\\/sysmatec.ch\\\/wp-content\\\/uploads\\\/2019\\\/04\\\/Analyse_ZeuProteonEgg.jpg\",\"width\":188,\"height\":116},{\"@type\":\"BreadcrumbList\",\"@id\":\"https:\\\/\\\/sysmatec.ch\\\/de\\\/produit\\\/proteon-egg-tr-elisa-test-fuer-eier-quantifizierung-in-waermebehandelten-lebensmittelmatrix\\\/#breadcrumb\",\"itemListElement\":[{\"@type\":\"ListItem\",\"position\":1,\"name\":\"Accueil\",\"item\":\"https:\\\/\\\/sysmatec.ch\\\/de\\\/\"},{\"@type\":\"ListItem\",\"position\":2,\"name\":\"Die Aktivit\u00e4t von Sysmatec\",\"item\":\"https:\\\/\\\/sysmatec.ch\\\/de\\\/\"},{\"@type\":\"ListItem\",\"position\":3,\"name\":\"PROTEON EGG TR &#8211; ELISA-Test f\u00fcr Eier Quantifizierung in w\u00e4rmebehandelten Lebensmittelmatrix\"}]},{\"@type\":\"WebSite\",\"@id\":\"https:\\\/\\\/sysmatec.ch\\\/de\\\/#website\",\"url\":\"https:\\\/\\\/sysmatec.ch\\\/de\\\/\",\"name\":\"Sysmatec\",\"description\":\"Equipement de laboratoire et logiciels\",\"publisher\":{\"@id\":\"https:\\\/\\\/sysmatec.ch\\\/de\\\/#organization\"},\"potentialAction\":[{\"@type\":\"SearchAction\",\"target\":{\"@type\":\"EntryPoint\",\"urlTemplate\":\"https:\\\/\\\/sysmatec.ch\\\/de\\\/?s={search_term_string}\"},\"query-input\":{\"@type\":\"PropertyValueSpecification\",\"valueRequired\":true,\"valueName\":\"search_term_string\"}}],\"inLanguage\":\"de\"},{\"@type\":\"Organization\",\"@id\":\"https:\\\/\\\/sysmatec.ch\\\/de\\\/#organization\",\"name\":\"Sysmatec\",\"url\":\"https:\\\/\\\/sysmatec.ch\\\/de\\\/\",\"logo\":{\"@type\":\"ImageObject\",\"inLanguage\":\"de\",\"@id\":\"https:\\\/\\\/sysmatec.ch\\\/de\\\/#\\\/schema\\\/logo\\\/image\\\/\",\"url\":\"https:\\\/\\\/sysmatec.ch\\\/wp-content\\\/uploads\\\/2018\\\/11\\\/LogoSysmatec.jpg\",\"contentUrl\":\"https:\\\/\\\/sysmatec.ch\\\/wp-content\\\/uploads\\\/2018\\\/11\\\/LogoSysmatec.jpg\",\"width\":301,\"height\":297,\"caption\":\"Sysmatec\"},\"image\":{\"@id\":\"https:\\\/\\\/sysmatec.ch\\\/de\\\/#\\\/schema\\\/logo\\\/image\\\/\"}}]}<\/script>\n<!-- \/ Yoast SEO plugin. -->","yoast_head_json":{"title":"PROTEON EGG TR - ELISA-Test f\u00fcr Eier Quantifizierung in w\u00e4rmebehandelten Lebensmittelmatrix - Sysmatec","description":"ELISA-Test zum Nachweis von Eir\u00fcckst\u00e4nden auf ihre Eigenschaft als Allergen in Lebensmitteln. Quantitativer Test.","robots":{"index":"index","follow":"follow","max-snippet":"max-snippet:-1","max-image-preview":"max-image-preview:large","max-video-preview":"max-video-preview:-1"},"canonical":"https:\/\/sysmatec.ch\/de\/produit\/proteon-egg-tr-elisa-test-fuer-eier-quantifizierung-in-waermebehandelten-lebensmittelmatrix\/","og_locale":"de_DE","og_type":"article","og_title":"PROTEON EGG TR - ELISA-Test f\u00fcr Eier Quantifizierung in w\u00e4rmebehandelten Lebensmittelmatrix - Sysmatec","og_description":"ELISA-Test zum Nachweis von Eir\u00fcckst\u00e4nden auf ihre Eigenschaft als Allergen in Lebensmitteln. Quantitativer Test.","og_url":"https:\/\/sysmatec.ch\/de\/produit\/proteon-egg-tr-elisa-test-fuer-eier-quantifizierung-in-waermebehandelten-lebensmittelmatrix\/","og_site_name":"Sysmatec","article_modified_time":"2022-02-08T07:33:08+00:00","og_image":[{"width":188,"height":116,"url":"https:\/\/sysmatec.ch\/wp-content\/uploads\/2019\/04\/Analyse_ZeuProteonEgg.jpg","type":"image\/jpeg"}],"twitter_card":"summary_large_image","twitter_misc":{"Gesch\u00e4tzte Lesezeit":"1\u00a0Minute"},"schema":{"@context":"https:\/\/schema.org","@graph":[{"@type":"WebPage","@id":"https:\/\/sysmatec.ch\/de\/produit\/proteon-egg-tr-elisa-test-fuer-eier-quantifizierung-in-waermebehandelten-lebensmittelmatrix\/","url":"https:\/\/sysmatec.ch\/de\/produit\/proteon-egg-tr-elisa-test-fuer-eier-quantifizierung-in-waermebehandelten-lebensmittelmatrix\/","name":"PROTEON EGG TR - ELISA-Test f\u00fcr Eier Quantifizierung in w\u00e4rmebehandelten Lebensmittelmatrix - Sysmatec","isPartOf":{"@id":"https:\/\/sysmatec.ch\/de\/#website"},"primaryImageOfPage":{"@id":"https:\/\/sysmatec.ch\/de\/produit\/proteon-egg-tr-elisa-test-fuer-eier-quantifizierung-in-waermebehandelten-lebensmittelmatrix\/#primaryimage"},"image":{"@id":"https:\/\/sysmatec.ch\/de\/produit\/proteon-egg-tr-elisa-test-fuer-eier-quantifizierung-in-waermebehandelten-lebensmittelmatrix\/#primaryimage"},"thumbnailUrl":"https:\/\/sysmatec.ch\/wp-content\/uploads\/2019\/04\/Analyse_ZeuProteonEgg.jpg","datePublished":"2019-04-06T08:17:36+00:00","dateModified":"2022-02-08T07:33:08+00:00","description":"ELISA-Test zum Nachweis von Eir\u00fcckst\u00e4nden auf ihre Eigenschaft als Allergen in Lebensmitteln. Quantitativer Test.","breadcrumb":{"@id":"https:\/\/sysmatec.ch\/de\/produit\/proteon-egg-tr-elisa-test-fuer-eier-quantifizierung-in-waermebehandelten-lebensmittelmatrix\/#breadcrumb"},"inLanguage":"de","potentialAction":[{"@type":"ReadAction","target":["https:\/\/sysmatec.ch\/de\/produit\/proteon-egg-tr-elisa-test-fuer-eier-quantifizierung-in-waermebehandelten-lebensmittelmatrix\/"]}]},{"@type":"ImageObject","inLanguage":"de","@id":"https:\/\/sysmatec.ch\/de\/produit\/proteon-egg-tr-elisa-test-fuer-eier-quantifizierung-in-waermebehandelten-lebensmittelmatrix\/#primaryimage","url":"https:\/\/sysmatec.ch\/wp-content\/uploads\/2019\/04\/Analyse_ZeuProteonEgg.jpg","contentUrl":"https:\/\/sysmatec.ch\/wp-content\/uploads\/2019\/04\/Analyse_ZeuProteonEgg.jpg","width":188,"height":116},{"@type":"BreadcrumbList","@id":"https:\/\/sysmatec.ch\/de\/produit\/proteon-egg-tr-elisa-test-fuer-eier-quantifizierung-in-waermebehandelten-lebensmittelmatrix\/#breadcrumb","itemListElement":[{"@type":"ListItem","position":1,"name":"Accueil","item":"https:\/\/sysmatec.ch\/de\/"},{"@type":"ListItem","position":2,"name":"Die Aktivit\u00e4t von Sysmatec","item":"https:\/\/sysmatec.ch\/de\/"},{"@type":"ListItem","position":3,"name":"PROTEON EGG TR &#8211; ELISA-Test f\u00fcr Eier Quantifizierung in w\u00e4rmebehandelten Lebensmittelmatrix"}]},{"@type":"WebSite","@id":"https:\/\/sysmatec.ch\/de\/#website","url":"https:\/\/sysmatec.ch\/de\/","name":"Sysmatec","description":"Equipement de laboratoire et logiciels","publisher":{"@id":"https:\/\/sysmatec.ch\/de\/#organization"},"potentialAction":[{"@type":"SearchAction","target":{"@type":"EntryPoint","urlTemplate":"https:\/\/sysmatec.ch\/de\/?s={search_term_string}"},"query-input":{"@type":"PropertyValueSpecification","valueRequired":true,"valueName":"search_term_string"}}],"inLanguage":"de"},{"@type":"Organization","@id":"https:\/\/sysmatec.ch\/de\/#organization","name":"Sysmatec","url":"https:\/\/sysmatec.ch\/de\/","logo":{"@type":"ImageObject","inLanguage":"de","@id":"https:\/\/sysmatec.ch\/de\/#\/schema\/logo\/image\/","url":"https:\/\/sysmatec.ch\/wp-content\/uploads\/2018\/11\/LogoSysmatec.jpg","contentUrl":"https:\/\/sysmatec.ch\/wp-content\/uploads\/2018\/11\/LogoSysmatec.jpg","width":301,"height":297,"caption":"Sysmatec"},"image":{"@id":"https:\/\/sysmatec.ch\/de\/#\/schema\/logo\/image\/"}}]}},"_links":{"self":[{"href":"https:\/\/sysmatec.ch\/de\/wp-json\/wp\/v2\/product\/4866","targetHints":{"allow":["GET"]}}],"collection":[{"href":"https:\/\/sysmatec.ch\/de\/wp-json\/wp\/v2\/product"}],"about":[{"href":"https:\/\/sysmatec.ch\/de\/wp-json\/wp\/v2\/types\/product"}],"wp:featuredmedia":[{"embeddable":true,"href":"https:\/\/sysmatec.ch\/de\/wp-json\/wp\/v2\/media\/4860"}],"wp:attachment":[{"href":"https:\/\/sysmatec.ch\/de\/wp-json\/wp\/v2\/media?parent=4866"}],"wp:term":[{"taxonomy":"product_brand","embeddable":true,"href":"https:\/\/sysmatec.ch\/de\/wp-json\/wp\/v2\/product_brand?post=4866"},{"taxonomy":"product_cat","embeddable":true,"href":"https:\/\/sysmatec.ch\/de\/wp-json\/wp\/v2\/product_cat?post=4866"},{"taxonomy":"product_tag","embeddable":true,"href":"https:\/\/sysmatec.ch\/de\/wp-json\/wp\/v2\/product_tag?post=4866"}],"curies":[{"name":"wp","href":"https:\/\/api.w.org\/{rel}","templated":true}]}}