{"id":4845,"date":"2019-04-04T12:08:41","date_gmt":"2019-04-04T10:08:41","guid":{"rendered":"https:\/\/sysmatec.ch\/produit\/proteon-gluten-milk-egg-express-test-rapide-pour-la-detection-du-gluten-lait-ou-oeuf-dans-les-aliments\/"},"modified":"2022-02-08T08:48:16","modified_gmt":"2022-02-08T07:48:16","slug":"proteon-gluten-milk-egg-express-schnelltest-fuer-den-nachweis-von-gluten-milch-oder-ei-in-lebensmitteln","status":"publish","type":"product","link":"https:\/\/sysmatec.ch\/de\/Produkt\/proteon-gluten-milk-egg-express-schnelltest-fuer-den-nachweis-von-gluten-milch-oder-ei-in-lebensmitteln\/","title":{"rendered":"PROTEON GLUTEN \/ MILK \/ EGG EXPRESS- Schnelltest f\u00fcr den Nachweis von Gluten, Milch oder Ei in Lebensmitteln"},"content":{"rendered":"<p>Es ist ein Fluss-Test zur qualitativen Bestimmung von Gluten, Milch oder Ei in Lebensmitteln. Diese Methode ist sehr einfach zu ben\u00fctzen und stellt ein effektives Werkzeug f\u00fcr die Qualit\u00e4tsselbstkontrolle .<\/p>\n<p>Die Z\u00f6liakie ist eine Erkrankung, die St\u00f6rungen in der Aufnahme von N\u00e4hrstoffen in den Darm verursacht. Diese Krankheit wird durch eine immunologische Reaktion auf Gluten, Mischung von Proteinen in Getreide wie Weizen, Gerste und Roggen verursacht. Die Kommission des Codex Alimentarius stellt die Bezeichnung &#8222;glutenfrei&#8220; f\u00fcr Lebensmittel, die weniger als 20 ppm Gluten enth\u00e4lt. In j\u00fcngerer Zeit hat die Europ\u00e4ische Kommission die Vorschriften f\u00fcr die Bezeichnung von &#8222;glutenfrei &#8220; Lebensmittel zugelassen.<\/p>\n<h2><span class=\"VIiyi\" lang=\"de\"><span class=\"JLqJ4b ChMk0b\" data-language-for-alternatives=\"de\" data-language-to-translate-into=\"fr\" data-phrase-index=\"3\" data-number-of-phrases=\"4\">Technische Spezifikationen des Allergentests<\/span><\/span><\/h2>\n<ul>\n<li type=\"disc\">Qualitativ<\/li>\n<li type=\"disc\">Allergene: Milch, Ei oder Gluten<\/li>\n<li type=\"disc\">Sensitive: 1-2 ppm (Milch- und Ei) und 3 ppm (Gluten)<\/li>\n<li type=\"disc\">Schnell: 5-10 Minuten<\/li>\n<li type=\"disc\">Ausstattung: nicht erforderlich<\/li>\n<\/ul>\n","protected":false},"excerpt":{"rendered":"<p>Schnelltest f\u00fcr den Nachweis von Gluten, Milch oder Ei in Lebensmitteln, Allergene Analyse<\/p>\n","protected":false},"featured_media":4843,"template":"","meta":{"_crdt_document":""},"product_brand":[],"product_cat":[366,188],"product_tag":[],"class_list":{"0":"post-4845","1":"product","2":"type-product","3":"status-publish","4":"has-post-thumbnail","6":"product_cat-allergene-de","7":"product_cat-analyse-de","9":"first","10":"instock","11":"taxable","12":"shipping-taxable","13":"product-type-simple"},"yoast_head":"<!-- This site is optimized with the Yoast SEO plugin v27.4 - https:\/\/yoast.com\/product\/yoast-seo-wordpress\/ -->\n<title>PROTEON GLUTEN \/ MILK \/ EGG EXPRESS- Schnelltest f\u00fcr den Nachweis von Gluten, Milch oder Ei in Lebensmitteln - Sysmatec<\/title>\n<meta name=\"description\" content=\"Schnellnachweistest f\u00fcr Milch-, Gluten- und Eir\u00fcckst\u00e4nde auf ihre allergene Eigenschaft in Lebensmitteln. Qualitativer Test.\" \/>\n<meta name=\"robots\" content=\"index, follow, max-snippet:-1, max-image-preview:large, max-video-preview:-1\" \/>\n<link rel=\"canonical\" href=\"https:\/\/sysmatec.ch\/de\/produit\/proteon-gluten-milk-egg-express-schnelltest-fuer-den-nachweis-von-gluten-milch-oder-ei-in-lebensmitteln\/\" \/>\n<meta property=\"og:locale\" content=\"de_DE\" \/>\n<meta property=\"og:type\" content=\"article\" \/>\n<meta property=\"og:title\" content=\"PROTEON GLUTEN \/ MILK \/ EGG EXPRESS- Schnelltest f\u00fcr den Nachweis von Gluten, Milch oder Ei in Lebensmitteln - Sysmatec\" \/>\n<meta property=\"og:description\" content=\"Schnellnachweistest f\u00fcr Milch-, Gluten- und Eir\u00fcckst\u00e4nde auf ihre allergene Eigenschaft in Lebensmitteln. Qualitativer Test.\" \/>\n<meta property=\"og:url\" content=\"https:\/\/sysmatec.ch\/de\/produit\/proteon-gluten-milk-egg-express-schnelltest-fuer-den-nachweis-von-gluten-milch-oder-ei-in-lebensmitteln\/\" \/>\n<meta property=\"og:site_name\" content=\"Sysmatec\" \/>\n<meta property=\"article:modified_time\" content=\"2022-02-08T07:48:16+00:00\" \/>\n<meta property=\"og:image\" content=\"https:\/\/sysmatec.ch\/wp-content\/uploads\/2019\/04\/Allergene_ZeuProteonGluten.jpg\" \/>\n\t<meta property=\"og:image:width\" content=\"181\" \/>\n\t<meta property=\"og:image:height\" content=\"112\" \/>\n\t<meta property=\"og:image:type\" content=\"image\/jpeg\" \/>\n<meta name=\"twitter:card\" content=\"summary_large_image\" \/>\n<meta name=\"twitter:label1\" content=\"Gesch\u00e4tzte Lesezeit\" \/>\n\t<meta name=\"twitter:data1\" content=\"1\u00a0Minute\" \/>\n<script type=\"application\/ld+json\" class=\"yoast-schema-graph\">{\"@context\":\"https:\\\/\\\/schema.org\",\"@graph\":[{\"@type\":\"WebPage\",\"@id\":\"https:\\\/\\\/sysmatec.ch\\\/de\\\/produit\\\/proteon-gluten-milk-egg-express-schnelltest-fuer-den-nachweis-von-gluten-milch-oder-ei-in-lebensmitteln\\\/\",\"url\":\"https:\\\/\\\/sysmatec.ch\\\/de\\\/produit\\\/proteon-gluten-milk-egg-express-schnelltest-fuer-den-nachweis-von-gluten-milch-oder-ei-in-lebensmitteln\\\/\",\"name\":\"PROTEON GLUTEN \\\/ MILK \\\/ EGG EXPRESS- Schnelltest f\u00fcr den Nachweis von Gluten, Milch oder Ei in Lebensmitteln - Sysmatec\",\"isPartOf\":{\"@id\":\"https:\\\/\\\/sysmatec.ch\\\/de\\\/#website\"},\"primaryImageOfPage\":{\"@id\":\"https:\\\/\\\/sysmatec.ch\\\/de\\\/produit\\\/proteon-gluten-milk-egg-express-schnelltest-fuer-den-nachweis-von-gluten-milch-oder-ei-in-lebensmitteln\\\/#primaryimage\"},\"image\":{\"@id\":\"https:\\\/\\\/sysmatec.ch\\\/de\\\/produit\\\/proteon-gluten-milk-egg-express-schnelltest-fuer-den-nachweis-von-gluten-milch-oder-ei-in-lebensmitteln\\\/#primaryimage\"},\"thumbnailUrl\":\"https:\\\/\\\/sysmatec.ch\\\/wp-content\\\/uploads\\\/2019\\\/04\\\/Allergene_ZeuProteonGluten.jpg\",\"datePublished\":\"2019-04-04T10:08:41+00:00\",\"dateModified\":\"2022-02-08T07:48:16+00:00\",\"description\":\"Schnellnachweistest f\u00fcr Milch-, Gluten- und Eir\u00fcckst\u00e4nde auf ihre allergene Eigenschaft in Lebensmitteln. Qualitativer Test.\",\"breadcrumb\":{\"@id\":\"https:\\\/\\\/sysmatec.ch\\\/de\\\/produit\\\/proteon-gluten-milk-egg-express-schnelltest-fuer-den-nachweis-von-gluten-milch-oder-ei-in-lebensmitteln\\\/#breadcrumb\"},\"inLanguage\":\"de\",\"potentialAction\":[{\"@type\":\"ReadAction\",\"target\":[\"https:\\\/\\\/sysmatec.ch\\\/de\\\/produit\\\/proteon-gluten-milk-egg-express-schnelltest-fuer-den-nachweis-von-gluten-milch-oder-ei-in-lebensmitteln\\\/\"]}]},{\"@type\":\"ImageObject\",\"inLanguage\":\"de\",\"@id\":\"https:\\\/\\\/sysmatec.ch\\\/de\\\/produit\\\/proteon-gluten-milk-egg-express-schnelltest-fuer-den-nachweis-von-gluten-milch-oder-ei-in-lebensmitteln\\\/#primaryimage\",\"url\":\"https:\\\/\\\/sysmatec.ch\\\/wp-content\\\/uploads\\\/2019\\\/04\\\/Allergene_ZeuProteonGluten.jpg\",\"contentUrl\":\"https:\\\/\\\/sysmatec.ch\\\/wp-content\\\/uploads\\\/2019\\\/04\\\/Allergene_ZeuProteonGluten.jpg\",\"width\":181,\"height\":112},{\"@type\":\"BreadcrumbList\",\"@id\":\"https:\\\/\\\/sysmatec.ch\\\/de\\\/produit\\\/proteon-gluten-milk-egg-express-schnelltest-fuer-den-nachweis-von-gluten-milch-oder-ei-in-lebensmitteln\\\/#breadcrumb\",\"itemListElement\":[{\"@type\":\"ListItem\",\"position\":1,\"name\":\"Accueil\",\"item\":\"https:\\\/\\\/sysmatec.ch\\\/de\\\/\"},{\"@type\":\"ListItem\",\"position\":2,\"name\":\"Die Aktivit\u00e4t von Sysmatec\",\"item\":\"https:\\\/\\\/sysmatec.ch\\\/de\\\/\"},{\"@type\":\"ListItem\",\"position\":3,\"name\":\"PROTEON GLUTEN \\\/ MILK \\\/ EGG EXPRESS- Schnelltest f\u00fcr den Nachweis von Gluten, Milch oder Ei in Lebensmitteln\"}]},{\"@type\":\"WebSite\",\"@id\":\"https:\\\/\\\/sysmatec.ch\\\/de\\\/#website\",\"url\":\"https:\\\/\\\/sysmatec.ch\\\/de\\\/\",\"name\":\"Sysmatec\",\"description\":\"Equipement de laboratoire et logiciels\",\"publisher\":{\"@id\":\"https:\\\/\\\/sysmatec.ch\\\/de\\\/#organization\"},\"potentialAction\":[{\"@type\":\"SearchAction\",\"target\":{\"@type\":\"EntryPoint\",\"urlTemplate\":\"https:\\\/\\\/sysmatec.ch\\\/de\\\/?s={search_term_string}\"},\"query-input\":{\"@type\":\"PropertyValueSpecification\",\"valueRequired\":true,\"valueName\":\"search_term_string\"}}],\"inLanguage\":\"de\"},{\"@type\":\"Organization\",\"@id\":\"https:\\\/\\\/sysmatec.ch\\\/de\\\/#organization\",\"name\":\"Sysmatec\",\"url\":\"https:\\\/\\\/sysmatec.ch\\\/de\\\/\",\"logo\":{\"@type\":\"ImageObject\",\"inLanguage\":\"de\",\"@id\":\"https:\\\/\\\/sysmatec.ch\\\/de\\\/#\\\/schema\\\/logo\\\/image\\\/\",\"url\":\"https:\\\/\\\/sysmatec.ch\\\/wp-content\\\/uploads\\\/2018\\\/11\\\/LogoSysmatec.jpg\",\"contentUrl\":\"https:\\\/\\\/sysmatec.ch\\\/wp-content\\\/uploads\\\/2018\\\/11\\\/LogoSysmatec.jpg\",\"width\":301,\"height\":297,\"caption\":\"Sysmatec\"},\"image\":{\"@id\":\"https:\\\/\\\/sysmatec.ch\\\/de\\\/#\\\/schema\\\/logo\\\/image\\\/\"}}]}<\/script>\n<!-- \/ Yoast SEO plugin. -->","yoast_head_json":{"title":"PROTEON GLUTEN \/ MILK \/ EGG EXPRESS- Schnelltest f\u00fcr den Nachweis von Gluten, Milch oder Ei in Lebensmitteln - Sysmatec","description":"Schnellnachweistest f\u00fcr Milch-, Gluten- und Eir\u00fcckst\u00e4nde auf ihre allergene Eigenschaft in Lebensmitteln. Qualitativer Test.","robots":{"index":"index","follow":"follow","max-snippet":"max-snippet:-1","max-image-preview":"max-image-preview:large","max-video-preview":"max-video-preview:-1"},"canonical":"https:\/\/sysmatec.ch\/de\/produit\/proteon-gluten-milk-egg-express-schnelltest-fuer-den-nachweis-von-gluten-milch-oder-ei-in-lebensmitteln\/","og_locale":"de_DE","og_type":"article","og_title":"PROTEON GLUTEN \/ MILK \/ EGG EXPRESS- Schnelltest f\u00fcr den Nachweis von Gluten, Milch oder Ei in Lebensmitteln - Sysmatec","og_description":"Schnellnachweistest f\u00fcr Milch-, Gluten- und Eir\u00fcckst\u00e4nde auf ihre allergene Eigenschaft in Lebensmitteln. Qualitativer Test.","og_url":"https:\/\/sysmatec.ch\/de\/produit\/proteon-gluten-milk-egg-express-schnelltest-fuer-den-nachweis-von-gluten-milch-oder-ei-in-lebensmitteln\/","og_site_name":"Sysmatec","article_modified_time":"2022-02-08T07:48:16+00:00","og_image":[{"width":181,"height":112,"url":"https:\/\/sysmatec.ch\/wp-content\/uploads\/2019\/04\/Allergene_ZeuProteonGluten.jpg","type":"image\/jpeg"}],"twitter_card":"summary_large_image","twitter_misc":{"Gesch\u00e4tzte Lesezeit":"1\u00a0Minute"},"schema":{"@context":"https:\/\/schema.org","@graph":[{"@type":"WebPage","@id":"https:\/\/sysmatec.ch\/de\/produit\/proteon-gluten-milk-egg-express-schnelltest-fuer-den-nachweis-von-gluten-milch-oder-ei-in-lebensmitteln\/","url":"https:\/\/sysmatec.ch\/de\/produit\/proteon-gluten-milk-egg-express-schnelltest-fuer-den-nachweis-von-gluten-milch-oder-ei-in-lebensmitteln\/","name":"PROTEON GLUTEN \/ MILK \/ EGG EXPRESS- Schnelltest f\u00fcr den Nachweis von Gluten, Milch oder Ei in Lebensmitteln - Sysmatec","isPartOf":{"@id":"https:\/\/sysmatec.ch\/de\/#website"},"primaryImageOfPage":{"@id":"https:\/\/sysmatec.ch\/de\/produit\/proteon-gluten-milk-egg-express-schnelltest-fuer-den-nachweis-von-gluten-milch-oder-ei-in-lebensmitteln\/#primaryimage"},"image":{"@id":"https:\/\/sysmatec.ch\/de\/produit\/proteon-gluten-milk-egg-express-schnelltest-fuer-den-nachweis-von-gluten-milch-oder-ei-in-lebensmitteln\/#primaryimage"},"thumbnailUrl":"https:\/\/sysmatec.ch\/wp-content\/uploads\/2019\/04\/Allergene_ZeuProteonGluten.jpg","datePublished":"2019-04-04T10:08:41+00:00","dateModified":"2022-02-08T07:48:16+00:00","description":"Schnellnachweistest f\u00fcr Milch-, Gluten- und Eir\u00fcckst\u00e4nde auf ihre allergene Eigenschaft in Lebensmitteln. Qualitativer Test.","breadcrumb":{"@id":"https:\/\/sysmatec.ch\/de\/produit\/proteon-gluten-milk-egg-express-schnelltest-fuer-den-nachweis-von-gluten-milch-oder-ei-in-lebensmitteln\/#breadcrumb"},"inLanguage":"de","potentialAction":[{"@type":"ReadAction","target":["https:\/\/sysmatec.ch\/de\/produit\/proteon-gluten-milk-egg-express-schnelltest-fuer-den-nachweis-von-gluten-milch-oder-ei-in-lebensmitteln\/"]}]},{"@type":"ImageObject","inLanguage":"de","@id":"https:\/\/sysmatec.ch\/de\/produit\/proteon-gluten-milk-egg-express-schnelltest-fuer-den-nachweis-von-gluten-milch-oder-ei-in-lebensmitteln\/#primaryimage","url":"https:\/\/sysmatec.ch\/wp-content\/uploads\/2019\/04\/Allergene_ZeuProteonGluten.jpg","contentUrl":"https:\/\/sysmatec.ch\/wp-content\/uploads\/2019\/04\/Allergene_ZeuProteonGluten.jpg","width":181,"height":112},{"@type":"BreadcrumbList","@id":"https:\/\/sysmatec.ch\/de\/produit\/proteon-gluten-milk-egg-express-schnelltest-fuer-den-nachweis-von-gluten-milch-oder-ei-in-lebensmitteln\/#breadcrumb","itemListElement":[{"@type":"ListItem","position":1,"name":"Accueil","item":"https:\/\/sysmatec.ch\/de\/"},{"@type":"ListItem","position":2,"name":"Die Aktivit\u00e4t von Sysmatec","item":"https:\/\/sysmatec.ch\/de\/"},{"@type":"ListItem","position":3,"name":"PROTEON GLUTEN \/ MILK \/ EGG EXPRESS- Schnelltest f\u00fcr den Nachweis von Gluten, Milch oder Ei in Lebensmitteln"}]},{"@type":"WebSite","@id":"https:\/\/sysmatec.ch\/de\/#website","url":"https:\/\/sysmatec.ch\/de\/","name":"Sysmatec","description":"Equipement de laboratoire et logiciels","publisher":{"@id":"https:\/\/sysmatec.ch\/de\/#organization"},"potentialAction":[{"@type":"SearchAction","target":{"@type":"EntryPoint","urlTemplate":"https:\/\/sysmatec.ch\/de\/?s={search_term_string}"},"query-input":{"@type":"PropertyValueSpecification","valueRequired":true,"valueName":"search_term_string"}}],"inLanguage":"de"},{"@type":"Organization","@id":"https:\/\/sysmatec.ch\/de\/#organization","name":"Sysmatec","url":"https:\/\/sysmatec.ch\/de\/","logo":{"@type":"ImageObject","inLanguage":"de","@id":"https:\/\/sysmatec.ch\/de\/#\/schema\/logo\/image\/","url":"https:\/\/sysmatec.ch\/wp-content\/uploads\/2018\/11\/LogoSysmatec.jpg","contentUrl":"https:\/\/sysmatec.ch\/wp-content\/uploads\/2018\/11\/LogoSysmatec.jpg","width":301,"height":297,"caption":"Sysmatec"},"image":{"@id":"https:\/\/sysmatec.ch\/de\/#\/schema\/logo\/image\/"}}]}},"_links":{"self":[{"href":"https:\/\/sysmatec.ch\/de\/wp-json\/wp\/v2\/product\/4845","targetHints":{"allow":["GET"]}}],"collection":[{"href":"https:\/\/sysmatec.ch\/de\/wp-json\/wp\/v2\/product"}],"about":[{"href":"https:\/\/sysmatec.ch\/de\/wp-json\/wp\/v2\/types\/product"}],"wp:featuredmedia":[{"embeddable":true,"href":"https:\/\/sysmatec.ch\/de\/wp-json\/wp\/v2\/media\/4843"}],"wp:attachment":[{"href":"https:\/\/sysmatec.ch\/de\/wp-json\/wp\/v2\/media?parent=4845"}],"wp:term":[{"taxonomy":"product_brand","embeddable":true,"href":"https:\/\/sysmatec.ch\/de\/wp-json\/wp\/v2\/product_brand?post=4845"},{"taxonomy":"product_cat","embeddable":true,"href":"https:\/\/sysmatec.ch\/de\/wp-json\/wp\/v2\/product_cat?post=4845"},{"taxonomy":"product_tag","embeddable":true,"href":"https:\/\/sysmatec.ch\/de\/wp-json\/wp\/v2\/product_tag?post=4845"}],"curies":[{"name":"wp","href":"https:\/\/api.w.org\/{rel}","templated":true}]}}