{"id":4815,"date":"2019-04-01T21:03:49","date_gmt":"2019-04-01T19:03:49","guid":{"rendered":"https:\/\/sysmatec.ch\/produit\/enregistreur-de-temperature-tempinspect\/"},"modified":"2022-02-08T17:12:40","modified_gmt":"2022-02-08T16:12:40","slug":"einweg-temperatur-datenlogger-tempinspect","status":"publish","type":"product","link":"https:\/\/sysmatec.ch\/de\/Produkt\/einweg-temperatur-datenlogger-tempinspect\/","title":{"rendered":"Einweg Temperatur-Datenlogger TempInspect"},"content":{"rendered":"<p>Der USB Tempinspect \u2122 ist robust und kann in einem Zeitraum von bis zu 1 Jahr bis zu 30 000 Temperaturmessungen zuverl\u00e4ssig protokollieren. Durch die einfache Bedienung, die reduzierte Gr\u00f6\u00dfe und die Spritzwasserbest\u00e4ndigkeit (IP65) kann es eine Vielzahl von Aufgaben in der gesamten Lieferkette \u00fcbernehmen.<br \/>\nDer Tempinspect \u2122 USB kann einfach oder einfach konfiguriert werden.<br \/>\nVom Benutzer konfigurierbarer Temperaturbereich: 7 m\u00f6gliche voreingestellte Temperaturbereiche stehen f\u00fcr die \u00dcberwachung der K\u00fchlkette von Impfstoffen bis zu frischen Produkten zur Verf\u00fcgung.<br \/>\nVom Benutzer konfigurierbare Datenprotokollierungsintervalle: Das Ger\u00e4t kann so konfiguriert werden, dass die Temperaturwerte jede Minute und alle vier Stunden aufgezeichnet werden.<br \/>\nVisuelle Alarme: Der Tempinspect \u2122 USB-Datenlogger kann Temperaturabweichungen w\u00e4hrend eines Einsatzes melden. Es wird mit dem Zeitbereich blinken. Das Ger\u00e4t blinkt doppelt rot, wenn der eingestellte Bereich unterschritten wird. Beispiel: Ein Ger\u00e4t, das alle zehn Minuten aufgenommen wird, f\u00fchrt eine dreimin\u00fctige dreist\u00fcndige Fahrt unter dem eingestellten Bereich durch.<br \/>\nPDF \/ CSV-Bericht: Nach Abschluss der Mission (Unzen-Benutzer stoppt die Aufzeichnung), generiert das Ger\u00e4t automatisch einen Bericht, wenn es in den USB-Anschluss eines Windows-Computers, auf dem PC, Osx oder Linux l\u00e4uft, eingef\u00fcgt wird. Der Benutzer kann ein PDF-Diagramm und eine CSV-Datei mit allen Daten erhalten vom Ger\u00e4t protokolliert.<\/p>\n<h2>Datenlogger Eigenschaften<\/h2>\n<table id=\"tablepress-1\" class=\"tablepress tablepress-id-1\">\n<tbody class=\"row-hover\">\n<tr class=\"row-1 odd\">\n<td class=\"column-1\">Datenlogger Typ<\/td>\n<td class=\"column-2\">Einweg<\/td>\n<\/tr>\n<tr class=\"row-2 even\">\n<td class=\"column-1\">Temperatur Bereich<\/td>\n<td class=\"column-2\">-30\u00b0C bis +70\u00b0C (-22\u00b0F bis 158\u00b0F)<\/td>\n<\/tr>\n<tr class=\"row-3 odd\">\n<td class=\"column-1\">Genauigkeit<\/td>\n<td class=\"column-2\">\u00b10.10\u00b0C (+35.8 \u00b0C bis +41 \u00b0C)<br \/>\n\u00b10.13\u00b0C (+20.0 \u00b0C bis +70.0 \u00b0C)<br \/>\n\u00b10.25 \u00b0C (\u201340 \u00b0C bis +125 \u00b0C)<\/td>\n<\/tr>\n<tr class=\"row-4 even\">\n<td class=\"column-1\">Speicher<\/td>\n<td class=\"column-2\">30 000 Messungen<\/td>\n<\/tr>\n<tr class=\"row-5 odd\">\n<td class=\"column-1\">Battery Lebensdauer<\/td>\n<td class=\"column-2\">1 bis 2 Jahre<\/td>\n<\/tr>\n<tr class=\"row-6 even\">\n<td class=\"column-1\">Messfrequenz (konfigurierbar)<\/td>\n<td class=\"column-2\">1 Minute, 5 Minute, 10 Minute<br \/>\n15 Minute, 30 Minute, 1 Stunde<br \/>\n2 Stunde, 3 Stunde, 4 Stunde<br \/>\nAndere (auf Anfrage)<\/td>\n<\/tr>\n<tr class=\"row-7 odd\">\n<td class=\"column-1\">Speicherungsdauer1 bis 2 Jahre<\/td>\n<td class=\"column-2\"><\/td>\n<\/tr>\n<tr class=\"row-8 even\">\n<td class=\"column-1\">Startup Methode<\/td>\n<td class=\"column-2\">manuell<\/td>\n<\/tr>\n<tr class=\"row-9 odd\">\n<td class=\"column-1\">Stop Method<\/td>\n<td class=\"column-2\">manuell oder wenn der Speciher voll ist<\/td>\n<\/tr>\n<tr class=\"row-10 even\">\n<td class=\"column-1\">Schutzklasse<\/td>\n<td class=\"column-2\">IPE65 (splash-proof)<\/td>\n<\/tr>\n<tr class=\"row-11 odd\">\n<td class=\"column-1\">Dimension<\/td>\n<td class=\"column-2\">65mm x 38mm x 16mm [L x B x H]<\/td>\n<\/tr>\n<tr class=\"row-12 even\">\n<td class=\"column-1\">Gewicht<\/td>\n<td class=\"column-2\">approx. 20 g<\/td>\n<\/tr>\n<tr class=\"row-13 odd\">\n<td class=\"column-1\">Bericht<\/td>\n<td class=\"column-2\">PDF (chart + raw data) und CSV<\/td>\n<\/tr>\n<tr class=\"row-14 even\">\n<td class=\"column-1\">Zertifikate<\/td>\n<td class=\"column-2\">CE, ROHS, Reach<\/td>\n<\/tr>\n<tr class=\"row-15 odd\">\n<td class=\"column-1\">PC Anschluss<\/td>\n<td class=\"column-2\">USB 2.0, Type A<\/td>\n<\/tr>\n<tr class=\"row-16 even\">\n<td class=\"column-1\">Alarme<\/td>\n<td class=\"column-2\">ja<\/td>\n<\/tr>\n<\/tbody>\n<\/table>\n","protected":false},"excerpt":{"rendered":"<p>USB\u00a0Einweg Temperatur-Datenlogger TempInspect<\/p>\n","protected":false},"featured_media":4813,"template":"","meta":{"_crdt_document":""},"product_brand":[],"product_cat":[172,173],"product_tag":[],"class_list":{"0":"post-4815","1":"product","2":"type-product","3":"status-publish","4":"has-post-thumbnail","6":"product_cat-einweg-logger","7":"product_cat-temperatur","9":"first","10":"instock","11":"taxable","12":"shipping-taxable","13":"product-type-simple"},"yoast_head":"<!-- This site is optimized with the Yoast SEO plugin v27.3 - https:\/\/yoast.com\/product\/yoast-seo-wordpress\/ -->\n<title>Einweg Temperatur-Datenlogger TempInspect - Sysmatec<\/title>\n<meta name=\"robots\" content=\"index, follow, max-snippet:-1, max-image-preview:large, max-video-preview:-1\" \/>\n<link rel=\"canonical\" href=\"https:\/\/sysmatec.ch\/de\/produit\/einweg-temperatur-datenlogger-tempinspect\/\" \/>\n<meta property=\"og:locale\" content=\"de_DE\" \/>\n<meta property=\"og:type\" content=\"article\" \/>\n<meta property=\"og:title\" content=\"Einweg Temperatur-Datenlogger TempInspect - Sysmatec\" \/>\n<meta property=\"og:description\" content=\"USB\u00a0Einweg Temperatur-Datenlogger TempInspect\" \/>\n<meta property=\"og:url\" content=\"https:\/\/sysmatec.ch\/de\/produit\/einweg-temperatur-datenlogger-tempinspect\/\" \/>\n<meta property=\"og:site_name\" content=\"Sysmatec\" \/>\n<meta property=\"article:modified_time\" content=\"2022-02-08T16:12:40+00:00\" \/>\n<meta property=\"og:image\" content=\"https:\/\/sysmatec.ch\/wp-content\/uploads\/2019\/04\/Enregistreur_TempInspectUSB.jpg\" \/>\n\t<meta property=\"og:image:width\" content=\"474\" \/>\n\t<meta property=\"og:image:height\" content=\"568\" \/>\n\t<meta property=\"og:image:type\" content=\"image\/jpeg\" \/>\n<meta name=\"twitter:card\" content=\"summary_large_image\" \/>\n<meta name=\"twitter:label1\" content=\"Gesch\u00e4tzte Lesezeit\" \/>\n\t<meta name=\"twitter:data1\" content=\"2\u00a0Minuten\" \/>\n<script type=\"application\/ld+json\" class=\"yoast-schema-graph\">{\"@context\":\"https:\\\/\\\/schema.org\",\"@graph\":[{\"@type\":\"WebPage\",\"@id\":\"https:\\\/\\\/sysmatec.ch\\\/de\\\/produit\\\/einweg-temperatur-datenlogger-tempinspect\\\/\",\"url\":\"https:\\\/\\\/sysmatec.ch\\\/de\\\/produit\\\/einweg-temperatur-datenlogger-tempinspect\\\/\",\"name\":\"Einweg Temperatur-Datenlogger TempInspect - Sysmatec\",\"isPartOf\":{\"@id\":\"https:\\\/\\\/sysmatec.ch\\\/de\\\/#website\"},\"primaryImageOfPage\":{\"@id\":\"https:\\\/\\\/sysmatec.ch\\\/de\\\/produit\\\/einweg-temperatur-datenlogger-tempinspect\\\/#primaryimage\"},\"image\":{\"@id\":\"https:\\\/\\\/sysmatec.ch\\\/de\\\/produit\\\/einweg-temperatur-datenlogger-tempinspect\\\/#primaryimage\"},\"thumbnailUrl\":\"https:\\\/\\\/sysmatec.ch\\\/wp-content\\\/uploads\\\/2019\\\/04\\\/Enregistreur_TempInspectUSB.jpg\",\"datePublished\":\"2019-04-01T19:03:49+00:00\",\"dateModified\":\"2022-02-08T16:12:40+00:00\",\"breadcrumb\":{\"@id\":\"https:\\\/\\\/sysmatec.ch\\\/de\\\/produit\\\/einweg-temperatur-datenlogger-tempinspect\\\/#breadcrumb\"},\"inLanguage\":\"de\",\"potentialAction\":[{\"@type\":\"ReadAction\",\"target\":[\"https:\\\/\\\/sysmatec.ch\\\/de\\\/produit\\\/einweg-temperatur-datenlogger-tempinspect\\\/\"]}]},{\"@type\":\"ImageObject\",\"inLanguage\":\"de\",\"@id\":\"https:\\\/\\\/sysmatec.ch\\\/de\\\/produit\\\/einweg-temperatur-datenlogger-tempinspect\\\/#primaryimage\",\"url\":\"https:\\\/\\\/sysmatec.ch\\\/wp-content\\\/uploads\\\/2019\\\/04\\\/Enregistreur_TempInspectUSB.jpg\",\"contentUrl\":\"https:\\\/\\\/sysmatec.ch\\\/wp-content\\\/uploads\\\/2019\\\/04\\\/Enregistreur_TempInspectUSB.jpg\",\"width\":474,\"height\":568},{\"@type\":\"BreadcrumbList\",\"@id\":\"https:\\\/\\\/sysmatec.ch\\\/de\\\/produit\\\/einweg-temperatur-datenlogger-tempinspect\\\/#breadcrumb\",\"itemListElement\":[{\"@type\":\"ListItem\",\"position\":1,\"name\":\"Accueil\",\"item\":\"https:\\\/\\\/sysmatec.ch\\\/de\\\/\"},{\"@type\":\"ListItem\",\"position\":2,\"name\":\"Die Aktivit\u00e4t von Sysmatec\",\"item\":\"https:\\\/\\\/sysmatec.ch\\\/de\\\/\"},{\"@type\":\"ListItem\",\"position\":3,\"name\":\"Einweg Temperatur-Datenlogger TempInspect\"}]},{\"@type\":\"WebSite\",\"@id\":\"https:\\\/\\\/sysmatec.ch\\\/de\\\/#website\",\"url\":\"https:\\\/\\\/sysmatec.ch\\\/de\\\/\",\"name\":\"Sysmatec\",\"description\":\"Equipement de laboratoire et logiciels\",\"publisher\":{\"@id\":\"https:\\\/\\\/sysmatec.ch\\\/de\\\/#organization\"},\"potentialAction\":[{\"@type\":\"SearchAction\",\"target\":{\"@type\":\"EntryPoint\",\"urlTemplate\":\"https:\\\/\\\/sysmatec.ch\\\/de\\\/?s={search_term_string}\"},\"query-input\":{\"@type\":\"PropertyValueSpecification\",\"valueRequired\":true,\"valueName\":\"search_term_string\"}}],\"inLanguage\":\"de\"},{\"@type\":\"Organization\",\"@id\":\"https:\\\/\\\/sysmatec.ch\\\/de\\\/#organization\",\"name\":\"Sysmatec\",\"url\":\"https:\\\/\\\/sysmatec.ch\\\/de\\\/\",\"logo\":{\"@type\":\"ImageObject\",\"inLanguage\":\"de\",\"@id\":\"https:\\\/\\\/sysmatec.ch\\\/de\\\/#\\\/schema\\\/logo\\\/image\\\/\",\"url\":\"https:\\\/\\\/sysmatec.ch\\\/wp-content\\\/uploads\\\/2018\\\/11\\\/LogoSysmatec.jpg\",\"contentUrl\":\"https:\\\/\\\/sysmatec.ch\\\/wp-content\\\/uploads\\\/2018\\\/11\\\/LogoSysmatec.jpg\",\"width\":301,\"height\":297,\"caption\":\"Sysmatec\"},\"image\":{\"@id\":\"https:\\\/\\\/sysmatec.ch\\\/de\\\/#\\\/schema\\\/logo\\\/image\\\/\"}}]}<\/script>\n<!-- \/ Yoast SEO plugin. -->","yoast_head_json":{"title":"Einweg Temperatur-Datenlogger TempInspect - Sysmatec","robots":{"index":"index","follow":"follow","max-snippet":"max-snippet:-1","max-image-preview":"max-image-preview:large","max-video-preview":"max-video-preview:-1"},"canonical":"https:\/\/sysmatec.ch\/de\/produit\/einweg-temperatur-datenlogger-tempinspect\/","og_locale":"de_DE","og_type":"article","og_title":"Einweg Temperatur-Datenlogger TempInspect - Sysmatec","og_description":"USB\u00a0Einweg Temperatur-Datenlogger TempInspect","og_url":"https:\/\/sysmatec.ch\/de\/produit\/einweg-temperatur-datenlogger-tempinspect\/","og_site_name":"Sysmatec","article_modified_time":"2022-02-08T16:12:40+00:00","og_image":[{"width":474,"height":568,"url":"https:\/\/sysmatec.ch\/wp-content\/uploads\/2019\/04\/Enregistreur_TempInspectUSB.jpg","type":"image\/jpeg"}],"twitter_card":"summary_large_image","twitter_misc":{"Gesch\u00e4tzte Lesezeit":"2\u00a0Minuten"},"schema":{"@context":"https:\/\/schema.org","@graph":[{"@type":"WebPage","@id":"https:\/\/sysmatec.ch\/de\/produit\/einweg-temperatur-datenlogger-tempinspect\/","url":"https:\/\/sysmatec.ch\/de\/produit\/einweg-temperatur-datenlogger-tempinspect\/","name":"Einweg Temperatur-Datenlogger TempInspect - Sysmatec","isPartOf":{"@id":"https:\/\/sysmatec.ch\/de\/#website"},"primaryImageOfPage":{"@id":"https:\/\/sysmatec.ch\/de\/produit\/einweg-temperatur-datenlogger-tempinspect\/#primaryimage"},"image":{"@id":"https:\/\/sysmatec.ch\/de\/produit\/einweg-temperatur-datenlogger-tempinspect\/#primaryimage"},"thumbnailUrl":"https:\/\/sysmatec.ch\/wp-content\/uploads\/2019\/04\/Enregistreur_TempInspectUSB.jpg","datePublished":"2019-04-01T19:03:49+00:00","dateModified":"2022-02-08T16:12:40+00:00","breadcrumb":{"@id":"https:\/\/sysmatec.ch\/de\/produit\/einweg-temperatur-datenlogger-tempinspect\/#breadcrumb"},"inLanguage":"de","potentialAction":[{"@type":"ReadAction","target":["https:\/\/sysmatec.ch\/de\/produit\/einweg-temperatur-datenlogger-tempinspect\/"]}]},{"@type":"ImageObject","inLanguage":"de","@id":"https:\/\/sysmatec.ch\/de\/produit\/einweg-temperatur-datenlogger-tempinspect\/#primaryimage","url":"https:\/\/sysmatec.ch\/wp-content\/uploads\/2019\/04\/Enregistreur_TempInspectUSB.jpg","contentUrl":"https:\/\/sysmatec.ch\/wp-content\/uploads\/2019\/04\/Enregistreur_TempInspectUSB.jpg","width":474,"height":568},{"@type":"BreadcrumbList","@id":"https:\/\/sysmatec.ch\/de\/produit\/einweg-temperatur-datenlogger-tempinspect\/#breadcrumb","itemListElement":[{"@type":"ListItem","position":1,"name":"Accueil","item":"https:\/\/sysmatec.ch\/de\/"},{"@type":"ListItem","position":2,"name":"Die Aktivit\u00e4t von Sysmatec","item":"https:\/\/sysmatec.ch\/de\/"},{"@type":"ListItem","position":3,"name":"Einweg Temperatur-Datenlogger TempInspect"}]},{"@type":"WebSite","@id":"https:\/\/sysmatec.ch\/de\/#website","url":"https:\/\/sysmatec.ch\/de\/","name":"Sysmatec","description":"Equipement de laboratoire et logiciels","publisher":{"@id":"https:\/\/sysmatec.ch\/de\/#organization"},"potentialAction":[{"@type":"SearchAction","target":{"@type":"EntryPoint","urlTemplate":"https:\/\/sysmatec.ch\/de\/?s={search_term_string}"},"query-input":{"@type":"PropertyValueSpecification","valueRequired":true,"valueName":"search_term_string"}}],"inLanguage":"de"},{"@type":"Organization","@id":"https:\/\/sysmatec.ch\/de\/#organization","name":"Sysmatec","url":"https:\/\/sysmatec.ch\/de\/","logo":{"@type":"ImageObject","inLanguage":"de","@id":"https:\/\/sysmatec.ch\/de\/#\/schema\/logo\/image\/","url":"https:\/\/sysmatec.ch\/wp-content\/uploads\/2018\/11\/LogoSysmatec.jpg","contentUrl":"https:\/\/sysmatec.ch\/wp-content\/uploads\/2018\/11\/LogoSysmatec.jpg","width":301,"height":297,"caption":"Sysmatec"},"image":{"@id":"https:\/\/sysmatec.ch\/de\/#\/schema\/logo\/image\/"}}]}},"_links":{"self":[{"href":"https:\/\/sysmatec.ch\/de\/wp-json\/wp\/v2\/product\/4815","targetHints":{"allow":["GET"]}}],"collection":[{"href":"https:\/\/sysmatec.ch\/de\/wp-json\/wp\/v2\/product"}],"about":[{"href":"https:\/\/sysmatec.ch\/de\/wp-json\/wp\/v2\/types\/product"}],"wp:featuredmedia":[{"embeddable":true,"href":"https:\/\/sysmatec.ch\/de\/wp-json\/wp\/v2\/media\/4813"}],"wp:attachment":[{"href":"https:\/\/sysmatec.ch\/de\/wp-json\/wp\/v2\/media?parent=4815"}],"wp:term":[{"taxonomy":"product_brand","embeddable":true,"href":"https:\/\/sysmatec.ch\/de\/wp-json\/wp\/v2\/product_brand?post=4815"},{"taxonomy":"product_cat","embeddable":true,"href":"https:\/\/sysmatec.ch\/de\/wp-json\/wp\/v2\/product_cat?post=4815"},{"taxonomy":"product_tag","embeddable":true,"href":"https:\/\/sysmatec.ch\/de\/wp-json\/wp\/v2\/product_tag?post=4815"}],"curies":[{"name":"wp","href":"https:\/\/api.w.org\/{rel}","templated":true}]}}