{"id":4797,"date":"2019-03-31T20:27:33","date_gmt":"2019-03-31T18:27:33","guid":{"rendered":"https:\/\/sysmatec.ch\/produit\/enregistreur-de-co2-sans-fil-newsteo-lgg43\/"},"modified":"2022-02-11T18:50:59","modified_gmt":"2022-02-11T17:50:59","slug":"drahtlose-co2-datenlogger-newsteo-lgg43","status":"publish","type":"product","link":"https:\/\/sysmatec.ch\/de\/Produkt\/drahtlose-co2-datenlogger-newsteo-lgg43\/","title":{"rendered":"Drahtlose CO2 Datenlogger Newsteo LGG43"},"content":{"rendered":"<p>Das Ger\u00e4t ist eine batteriebetriebene drahtlose Datenlogger, der die CO2-Konzentration mit fortgeschrittenem &#8218;Non Dispersive Infrarot-Technologie (NDIR) -Sensor analysiert. Eine Kompensation mit Druck wird durchgef\u00fchrt.<\/p>\n<ul>\n<li type=\"disc\">F\u00fcr Messung der Luftqualit\u00e4t<\/li>\n<li type=\"disc\">Kabellose \u00dcbertragung am PC<\/li>\n<li type=\"disc\">Industrie robustes Geh\u00e4use<\/li>\n<li type=\"disc\">Einige Jahre Batterie Autonomie<\/li>\n<li type=\"disc\">CO2 Messbereich 0 bis 5000 ppm<\/li>\n<li type=\"disc\">Genauigkeit +\/- 50 ppm<\/li>\n<li type=\"disc\">Druckbereich 300 bis 1100 hPa<\/li>\n<li type=\"disc\">Genauigkeit +\/- 1 hPa<\/li>\n<li type=\"disc\">Temperaturbereich -25 \u00b0 C bis 55 \u00b0 C<\/li>\n<li type=\"disc\">Genauigkeit +\/- 0,3 \u00b0 C (5 bis 55 \u00b0 C-Bereich)<\/li>\n<li type=\"disc\">Luftfeuchtigkeit bei Betrieb 0 bis 95%<\/li>\n<li type=\"disc\">Genauigkeit +\/- 3% (20 bis 50 \u00b0 C-Bereich)<\/li>\n<li type=\"disc\">Sampling Rate von 1 min bis 4 Stunden<\/li>\n<li type=\"disc\">Speichergr\u00f6\u00dfe: 32.256 Ma\u00dfnahmen<\/li>\n<li type=\"disc\">Power Li-thy-Typ AA (Alkaline als Option)<\/li>\n<li type=\"disc\">RF 868MHz Drahtlose europ\u00e4ische Zertifizierung<\/li>\n<li type=\"disc\">Antenne \u00bd Wellenl\u00e4nge<\/li>\n<li type=\"disc\">Die Kommunkation funktioniert auch durch mehrere W\u00e4nde und B\u00f6den<\/li>\n<li type=\"disc\">Software kompatibel mit allen Newsteo Monitoring-Empf\u00e4nger und Software<\/li>\n<\/ul>\n","protected":false},"excerpt":{"rendered":"<p>Drahtlose CO2 Datenlogger<\/p>\n","protected":false},"featured_media":4795,"template":"","meta":{"_crdt_document":""},"product_brand":[],"product_cat":[185,374],"product_tag":[],"class_list":{"0":"post-4797","1":"product","2":"type-product","3":"status-publish","4":"has-post-thumbnail","6":"product_cat-analyzer-de","7":"product_cat-gas-de","9":"first","10":"instock","11":"taxable","12":"shipping-taxable","13":"product-type-simple"},"yoast_head":"<!-- This site is optimized with the Yoast SEO plugin v27.3 - https:\/\/yoast.com\/product\/yoast-seo-wordpress\/ -->\n<title>Drahtlose CO2 Datenlogger Newsteo LGG43 - Sysmatec<\/title>\n<meta name=\"description\" content=\"CO2-Rekorder mit drahtloser Kommunikation per Funkwelle. Messbereich 0 bis 5000 ppm Vol. von CO2. NDIR-Technologie.\" \/>\n<meta name=\"robots\" content=\"index, follow, max-snippet:-1, max-image-preview:large, max-video-preview:-1\" \/>\n<link rel=\"canonical\" href=\"https:\/\/sysmatec.ch\/de\/produit\/drahtlose-co2-datenlogger-newsteo-lgg43\/\" \/>\n<meta property=\"og:locale\" content=\"de_DE\" \/>\n<meta property=\"og:type\" content=\"article\" \/>\n<meta property=\"og:title\" content=\"Drahtlose CO2 Datenlogger Newsteo LGG43 - Sysmatec\" \/>\n<meta property=\"og:description\" content=\"CO2-Rekorder mit drahtloser Kommunikation per Funkwelle. Messbereich 0 bis 5000 ppm Vol. von CO2. NDIR-Technologie.\" \/>\n<meta property=\"og:url\" content=\"https:\/\/sysmatec.ch\/de\/produit\/drahtlose-co2-datenlogger-newsteo-lgg43\/\" \/>\n<meta property=\"og:site_name\" content=\"Sysmatec\" \/>\n<meta property=\"article:modified_time\" content=\"2022-02-11T17:50:59+00:00\" \/>\n<meta property=\"og:image\" content=\"https:\/\/sysmatec.ch\/wp-content\/uploads\/2019\/03\/Analyseur_NewsteoLGG43.jpg\" \/>\n\t<meta property=\"og:image:width\" content=\"142\" \/>\n\t<meta property=\"og:image:height\" content=\"174\" \/>\n\t<meta property=\"og:image:type\" content=\"image\/jpeg\" \/>\n<meta name=\"twitter:card\" content=\"summary_large_image\" \/>\n<meta name=\"twitter:label1\" content=\"Gesch\u00e4tzte Lesezeit\" \/>\n\t<meta name=\"twitter:data1\" content=\"1\u00a0Minute\" \/>\n<script type=\"application\/ld+json\" class=\"yoast-schema-graph\">{\"@context\":\"https:\\\/\\\/schema.org\",\"@graph\":[{\"@type\":\"WebPage\",\"@id\":\"https:\\\/\\\/sysmatec.ch\\\/de\\\/produit\\\/drahtlose-co2-datenlogger-newsteo-lgg43\\\/\",\"url\":\"https:\\\/\\\/sysmatec.ch\\\/de\\\/produit\\\/drahtlose-co2-datenlogger-newsteo-lgg43\\\/\",\"name\":\"Drahtlose CO2 Datenlogger Newsteo LGG43 - Sysmatec\",\"isPartOf\":{\"@id\":\"https:\\\/\\\/sysmatec.ch\\\/de\\\/#website\"},\"primaryImageOfPage\":{\"@id\":\"https:\\\/\\\/sysmatec.ch\\\/de\\\/produit\\\/drahtlose-co2-datenlogger-newsteo-lgg43\\\/#primaryimage\"},\"image\":{\"@id\":\"https:\\\/\\\/sysmatec.ch\\\/de\\\/produit\\\/drahtlose-co2-datenlogger-newsteo-lgg43\\\/#primaryimage\"},\"thumbnailUrl\":\"https:\\\/\\\/sysmatec.ch\\\/wp-content\\\/uploads\\\/2019\\\/03\\\/Analyseur_NewsteoLGG43.jpg\",\"datePublished\":\"2019-03-31T18:27:33+00:00\",\"dateModified\":\"2022-02-11T17:50:59+00:00\",\"description\":\"CO2-Rekorder mit drahtloser Kommunikation per Funkwelle. Messbereich 0 bis 5000 ppm Vol. von CO2. NDIR-Technologie.\",\"breadcrumb\":{\"@id\":\"https:\\\/\\\/sysmatec.ch\\\/de\\\/produit\\\/drahtlose-co2-datenlogger-newsteo-lgg43\\\/#breadcrumb\"},\"inLanguage\":\"de\",\"potentialAction\":[{\"@type\":\"ReadAction\",\"target\":[\"https:\\\/\\\/sysmatec.ch\\\/de\\\/produit\\\/drahtlose-co2-datenlogger-newsteo-lgg43\\\/\"]}]},{\"@type\":\"ImageObject\",\"inLanguage\":\"de\",\"@id\":\"https:\\\/\\\/sysmatec.ch\\\/de\\\/produit\\\/drahtlose-co2-datenlogger-newsteo-lgg43\\\/#primaryimage\",\"url\":\"https:\\\/\\\/sysmatec.ch\\\/wp-content\\\/uploads\\\/2019\\\/03\\\/Analyseur_NewsteoLGG43.jpg\",\"contentUrl\":\"https:\\\/\\\/sysmatec.ch\\\/wp-content\\\/uploads\\\/2019\\\/03\\\/Analyseur_NewsteoLGG43.jpg\",\"width\":142,\"height\":174},{\"@type\":\"BreadcrumbList\",\"@id\":\"https:\\\/\\\/sysmatec.ch\\\/de\\\/produit\\\/drahtlose-co2-datenlogger-newsteo-lgg43\\\/#breadcrumb\",\"itemListElement\":[{\"@type\":\"ListItem\",\"position\":1,\"name\":\"Accueil\",\"item\":\"https:\\\/\\\/sysmatec.ch\\\/de\\\/\"},{\"@type\":\"ListItem\",\"position\":2,\"name\":\"Die Aktivit\u00e4t von Sysmatec\",\"item\":\"https:\\\/\\\/sysmatec.ch\\\/de\\\/\"},{\"@type\":\"ListItem\",\"position\":3,\"name\":\"Drahtlose CO2 Datenlogger Newsteo LGG43\"}]},{\"@type\":\"WebSite\",\"@id\":\"https:\\\/\\\/sysmatec.ch\\\/de\\\/#website\",\"url\":\"https:\\\/\\\/sysmatec.ch\\\/de\\\/\",\"name\":\"Sysmatec\",\"description\":\"Equipement de laboratoire et logiciels\",\"publisher\":{\"@id\":\"https:\\\/\\\/sysmatec.ch\\\/de\\\/#organization\"},\"potentialAction\":[{\"@type\":\"SearchAction\",\"target\":{\"@type\":\"EntryPoint\",\"urlTemplate\":\"https:\\\/\\\/sysmatec.ch\\\/de\\\/?s={search_term_string}\"},\"query-input\":{\"@type\":\"PropertyValueSpecification\",\"valueRequired\":true,\"valueName\":\"search_term_string\"}}],\"inLanguage\":\"de\"},{\"@type\":\"Organization\",\"@id\":\"https:\\\/\\\/sysmatec.ch\\\/de\\\/#organization\",\"name\":\"Sysmatec\",\"url\":\"https:\\\/\\\/sysmatec.ch\\\/de\\\/\",\"logo\":{\"@type\":\"ImageObject\",\"inLanguage\":\"de\",\"@id\":\"https:\\\/\\\/sysmatec.ch\\\/de\\\/#\\\/schema\\\/logo\\\/image\\\/\",\"url\":\"https:\\\/\\\/sysmatec.ch\\\/wp-content\\\/uploads\\\/2018\\\/11\\\/LogoSysmatec.jpg\",\"contentUrl\":\"https:\\\/\\\/sysmatec.ch\\\/wp-content\\\/uploads\\\/2018\\\/11\\\/LogoSysmatec.jpg\",\"width\":301,\"height\":297,\"caption\":\"Sysmatec\"},\"image\":{\"@id\":\"https:\\\/\\\/sysmatec.ch\\\/de\\\/#\\\/schema\\\/logo\\\/image\\\/\"}}]}<\/script>\n<!-- \/ Yoast SEO plugin. -->","yoast_head_json":{"title":"Drahtlose CO2 Datenlogger Newsteo LGG43 - Sysmatec","description":"CO2-Rekorder mit drahtloser Kommunikation per Funkwelle. Messbereich 0 bis 5000 ppm Vol. von CO2. NDIR-Technologie.","robots":{"index":"index","follow":"follow","max-snippet":"max-snippet:-1","max-image-preview":"max-image-preview:large","max-video-preview":"max-video-preview:-1"},"canonical":"https:\/\/sysmatec.ch\/de\/produit\/drahtlose-co2-datenlogger-newsteo-lgg43\/","og_locale":"de_DE","og_type":"article","og_title":"Drahtlose CO2 Datenlogger Newsteo LGG43 - Sysmatec","og_description":"CO2-Rekorder mit drahtloser Kommunikation per Funkwelle. Messbereich 0 bis 5000 ppm Vol. von CO2. NDIR-Technologie.","og_url":"https:\/\/sysmatec.ch\/de\/produit\/drahtlose-co2-datenlogger-newsteo-lgg43\/","og_site_name":"Sysmatec","article_modified_time":"2022-02-11T17:50:59+00:00","og_image":[{"width":142,"height":174,"url":"https:\/\/sysmatec.ch\/wp-content\/uploads\/2019\/03\/Analyseur_NewsteoLGG43.jpg","type":"image\/jpeg"}],"twitter_card":"summary_large_image","twitter_misc":{"Gesch\u00e4tzte Lesezeit":"1\u00a0Minute"},"schema":{"@context":"https:\/\/schema.org","@graph":[{"@type":"WebPage","@id":"https:\/\/sysmatec.ch\/de\/produit\/drahtlose-co2-datenlogger-newsteo-lgg43\/","url":"https:\/\/sysmatec.ch\/de\/produit\/drahtlose-co2-datenlogger-newsteo-lgg43\/","name":"Drahtlose CO2 Datenlogger Newsteo LGG43 - Sysmatec","isPartOf":{"@id":"https:\/\/sysmatec.ch\/de\/#website"},"primaryImageOfPage":{"@id":"https:\/\/sysmatec.ch\/de\/produit\/drahtlose-co2-datenlogger-newsteo-lgg43\/#primaryimage"},"image":{"@id":"https:\/\/sysmatec.ch\/de\/produit\/drahtlose-co2-datenlogger-newsteo-lgg43\/#primaryimage"},"thumbnailUrl":"https:\/\/sysmatec.ch\/wp-content\/uploads\/2019\/03\/Analyseur_NewsteoLGG43.jpg","datePublished":"2019-03-31T18:27:33+00:00","dateModified":"2022-02-11T17:50:59+00:00","description":"CO2-Rekorder mit drahtloser Kommunikation per Funkwelle. Messbereich 0 bis 5000 ppm Vol. von CO2. NDIR-Technologie.","breadcrumb":{"@id":"https:\/\/sysmatec.ch\/de\/produit\/drahtlose-co2-datenlogger-newsteo-lgg43\/#breadcrumb"},"inLanguage":"de","potentialAction":[{"@type":"ReadAction","target":["https:\/\/sysmatec.ch\/de\/produit\/drahtlose-co2-datenlogger-newsteo-lgg43\/"]}]},{"@type":"ImageObject","inLanguage":"de","@id":"https:\/\/sysmatec.ch\/de\/produit\/drahtlose-co2-datenlogger-newsteo-lgg43\/#primaryimage","url":"https:\/\/sysmatec.ch\/wp-content\/uploads\/2019\/03\/Analyseur_NewsteoLGG43.jpg","contentUrl":"https:\/\/sysmatec.ch\/wp-content\/uploads\/2019\/03\/Analyseur_NewsteoLGG43.jpg","width":142,"height":174},{"@type":"BreadcrumbList","@id":"https:\/\/sysmatec.ch\/de\/produit\/drahtlose-co2-datenlogger-newsteo-lgg43\/#breadcrumb","itemListElement":[{"@type":"ListItem","position":1,"name":"Accueil","item":"https:\/\/sysmatec.ch\/de\/"},{"@type":"ListItem","position":2,"name":"Die Aktivit\u00e4t von Sysmatec","item":"https:\/\/sysmatec.ch\/de\/"},{"@type":"ListItem","position":3,"name":"Drahtlose CO2 Datenlogger Newsteo LGG43"}]},{"@type":"WebSite","@id":"https:\/\/sysmatec.ch\/de\/#website","url":"https:\/\/sysmatec.ch\/de\/","name":"Sysmatec","description":"Equipement de laboratoire et logiciels","publisher":{"@id":"https:\/\/sysmatec.ch\/de\/#organization"},"potentialAction":[{"@type":"SearchAction","target":{"@type":"EntryPoint","urlTemplate":"https:\/\/sysmatec.ch\/de\/?s={search_term_string}"},"query-input":{"@type":"PropertyValueSpecification","valueRequired":true,"valueName":"search_term_string"}}],"inLanguage":"de"},{"@type":"Organization","@id":"https:\/\/sysmatec.ch\/de\/#organization","name":"Sysmatec","url":"https:\/\/sysmatec.ch\/de\/","logo":{"@type":"ImageObject","inLanguage":"de","@id":"https:\/\/sysmatec.ch\/de\/#\/schema\/logo\/image\/","url":"https:\/\/sysmatec.ch\/wp-content\/uploads\/2018\/11\/LogoSysmatec.jpg","contentUrl":"https:\/\/sysmatec.ch\/wp-content\/uploads\/2018\/11\/LogoSysmatec.jpg","width":301,"height":297,"caption":"Sysmatec"},"image":{"@id":"https:\/\/sysmatec.ch\/de\/#\/schema\/logo\/image\/"}}]}},"_links":{"self":[{"href":"https:\/\/sysmatec.ch\/de\/wp-json\/wp\/v2\/product\/4797","targetHints":{"allow":["GET"]}}],"collection":[{"href":"https:\/\/sysmatec.ch\/de\/wp-json\/wp\/v2\/product"}],"about":[{"href":"https:\/\/sysmatec.ch\/de\/wp-json\/wp\/v2\/types\/product"}],"wp:featuredmedia":[{"embeddable":true,"href":"https:\/\/sysmatec.ch\/de\/wp-json\/wp\/v2\/media\/4795"}],"wp:attachment":[{"href":"https:\/\/sysmatec.ch\/de\/wp-json\/wp\/v2\/media?parent=4797"}],"wp:term":[{"taxonomy":"product_brand","embeddable":true,"href":"https:\/\/sysmatec.ch\/de\/wp-json\/wp\/v2\/product_brand?post=4797"},{"taxonomy":"product_cat","embeddable":true,"href":"https:\/\/sysmatec.ch\/de\/wp-json\/wp\/v2\/product_cat?post=4797"},{"taxonomy":"product_tag","embeddable":true,"href":"https:\/\/sysmatec.ch\/de\/wp-json\/wp\/v2\/product_tag?post=4797"}],"curies":[{"name":"wp","href":"https:\/\/api.w.org\/{rel}","templated":true}]}}