{"id":4790,"date":"2019-03-31T20:17:44","date_gmt":"2019-03-31T18:17:44","guid":{"rendered":"https:\/\/sysmatec.ch\/produit\/detecteur-dhydrogene-en-ligne-et-antideflagrant-hy-optima-2700\/"},"modified":"2022-02-11T20:41:41","modified_gmt":"2022-02-11T19:41:41","slug":"hy-optima-2700-series-explosionsgeschuetzte-in-line-hydrogen-process-analyzer","status":"publish","type":"product","link":"https:\/\/sysmatec.ch\/de\/Produkt\/hy-optima-2700-series-explosionsgeschuetzte-in-line-hydrogen-process-analyzer\/","title":{"rendered":"HY-OPTIMA 2700 Series Explosionsgesch\u00fctzte In-line Hydrogen Process Analyzer"},"content":{"rendered":"<p>Der HY-OPTIMA (TM) 2700 Serie verwendet eine Festk\u00f6rper, der konfiguriert ist, um in der Prozessgasstr\u00f6men zu funktionieren. Die H2scan D\u00fcnnschicht-Technologie bietet eine direkte Wasserstoffmessung, die nicht \u00fcber empfindlich auf andere Gase ist. Die HY-OPTIMA (TM) 2700 Serie ist ideal f\u00fcr Anwendungen, bei denen Wasserstoff spezifische Messungen erforderlich sind.<\/p>\n<ul>\n<li type=\"disc\">Eichfrequenz: 90 Tage<\/li>\n<li type=\"disc\">Produktlebenserwartung: 10 Jahre<\/li>\n<li type=\"disc\">Feldkalibrierung: Ja<\/li>\n<li type=\"disc\">Druckkompensation: Ja<\/li>\n<li type=\"disc\">Luftfeuchtigkeit: &lt;95% RH (nicht kondensierend)<\/li>\n<li type=\"disc\">Str\u00f6mungsgeschwindigkeit: 0.1 bis 10 slpm<\/li>\n<li type=\"disc\">Prozessgastemperatur: -20 \u00b0 C bis 60 \u00b0 C<\/li>\n<li type=\"disc\">Betriebstemperatur: -20 \u00b0 C bis 55 \u00b0 C<\/li>\n<li type=\"disc\">Lagerung: -30 \u00b0 C bis 80 \u00b0 C<\/li>\n<li type=\"disc\">Analoger Ausgangssignale: 4 bis 20 mA<\/li>\n<li type=\"disc\">Seriell: RS232 oder RS422<\/li>\n<li type=\"disc\">Relaiskontakte: x2, 5 A \/ 240 V AC oder 5A \/ 30 VDC<\/li>\n<li type=\"disc\">Eingangsspannung: 90-240 VAC<\/li>\n<li type=\"disc\">Eingangsleistung: 15W<\/li>\n<li type=\"disc\">Anschluss: 3\/4 in Union T Compression<\/li>\n<\/ul>\n","protected":false},"excerpt":{"rendered":"<p>Explosionsgesch\u00fctzte In-line Hydrogen Process Analyzer<\/p>\n","protected":false},"featured_media":4788,"template":"","meta":{"_crdt_document":""},"product_brand":[],"product_cat":[185,374],"product_tag":[],"class_list":{"0":"post-4790","1":"product","2":"type-product","3":"status-publish","4":"has-post-thumbnail","6":"product_cat-analyzer-de","7":"product_cat-gas-de","9":"first","10":"instock","11":"taxable","12":"shipping-taxable","13":"product-type-simple"},"yoast_head":"<!-- This site is optimized with the Yoast SEO plugin v27.4 - https:\/\/yoast.com\/product\/yoast-seo-wordpress\/ -->\n<title>HY-OPTIMA 2700 Series Explosionsgesch\u00fctzte In-line Hydrogen Process Analyzer - Sysmatec<\/title>\n<meta name=\"description\" content=\"Langlebiger Wasserstoffdetektor. Zur Rohrmessung f\u00fcr Durchflussmengen von 0,1 bis 10 l\/min.\" \/>\n<meta name=\"robots\" content=\"index, follow, max-snippet:-1, max-image-preview:large, max-video-preview:-1\" \/>\n<link rel=\"canonical\" href=\"https:\/\/sysmatec.ch\/de\/produit\/hy-optima-2700-series-explosionsgeschuetzte-in-line-hydrogen-process-analyzer\/\" \/>\n<meta property=\"og:locale\" content=\"de_DE\" \/>\n<meta property=\"og:type\" content=\"article\" \/>\n<meta property=\"og:title\" content=\"HY-OPTIMA 2700 Series Explosionsgesch\u00fctzte In-line Hydrogen Process Analyzer - Sysmatec\" \/>\n<meta property=\"og:description\" content=\"Langlebiger Wasserstoffdetektor. Zur Rohrmessung f\u00fcr Durchflussmengen von 0,1 bis 10 l\/min.\" \/>\n<meta property=\"og:url\" content=\"https:\/\/sysmatec.ch\/de\/produit\/hy-optima-2700-series-explosionsgeschuetzte-in-line-hydrogen-process-analyzer\/\" \/>\n<meta property=\"og:site_name\" content=\"Sysmatec\" \/>\n<meta property=\"article:modified_time\" content=\"2022-02-11T19:41:41+00:00\" \/>\n<meta property=\"og:image\" content=\"https:\/\/sysmatec.ch\/wp-content\/uploads\/2019\/03\/Analyseur_H2Scan2700.jpg\" \/>\n\t<meta property=\"og:image:width\" content=\"185\" \/>\n\t<meta property=\"og:image:height\" content=\"142\" \/>\n\t<meta property=\"og:image:type\" content=\"image\/jpeg\" \/>\n<meta name=\"twitter:card\" content=\"summary_large_image\" \/>\n<meta name=\"twitter:label1\" content=\"Gesch\u00e4tzte Lesezeit\" \/>\n\t<meta name=\"twitter:data1\" content=\"1\u00a0Minute\" \/>\n<script type=\"application\/ld+json\" class=\"yoast-schema-graph\">{\"@context\":\"https:\\\/\\\/schema.org\",\"@graph\":[{\"@type\":\"WebPage\",\"@id\":\"https:\\\/\\\/sysmatec.ch\\\/de\\\/produit\\\/hy-optima-2700-series-explosionsgeschuetzte-in-line-hydrogen-process-analyzer\\\/\",\"url\":\"https:\\\/\\\/sysmatec.ch\\\/de\\\/produit\\\/hy-optima-2700-series-explosionsgeschuetzte-in-line-hydrogen-process-analyzer\\\/\",\"name\":\"HY-OPTIMA 2700 Series Explosionsgesch\u00fctzte In-line Hydrogen Process Analyzer - Sysmatec\",\"isPartOf\":{\"@id\":\"https:\\\/\\\/sysmatec.ch\\\/de\\\/#website\"},\"primaryImageOfPage\":{\"@id\":\"https:\\\/\\\/sysmatec.ch\\\/de\\\/produit\\\/hy-optima-2700-series-explosionsgeschuetzte-in-line-hydrogen-process-analyzer\\\/#primaryimage\"},\"image\":{\"@id\":\"https:\\\/\\\/sysmatec.ch\\\/de\\\/produit\\\/hy-optima-2700-series-explosionsgeschuetzte-in-line-hydrogen-process-analyzer\\\/#primaryimage\"},\"thumbnailUrl\":\"https:\\\/\\\/sysmatec.ch\\\/wp-content\\\/uploads\\\/2019\\\/03\\\/Analyseur_H2Scan2700.jpg\",\"datePublished\":\"2019-03-31T18:17:44+00:00\",\"dateModified\":\"2022-02-11T19:41:41+00:00\",\"description\":\"Langlebiger Wasserstoffdetektor. Zur Rohrmessung f\u00fcr Durchflussmengen von 0,1 bis 10 l\\\/min.\",\"breadcrumb\":{\"@id\":\"https:\\\/\\\/sysmatec.ch\\\/de\\\/produit\\\/hy-optima-2700-series-explosionsgeschuetzte-in-line-hydrogen-process-analyzer\\\/#breadcrumb\"},\"inLanguage\":\"de\",\"potentialAction\":[{\"@type\":\"ReadAction\",\"target\":[\"https:\\\/\\\/sysmatec.ch\\\/de\\\/produit\\\/hy-optima-2700-series-explosionsgeschuetzte-in-line-hydrogen-process-analyzer\\\/\"]}]},{\"@type\":\"ImageObject\",\"inLanguage\":\"de\",\"@id\":\"https:\\\/\\\/sysmatec.ch\\\/de\\\/produit\\\/hy-optima-2700-series-explosionsgeschuetzte-in-line-hydrogen-process-analyzer\\\/#primaryimage\",\"url\":\"https:\\\/\\\/sysmatec.ch\\\/wp-content\\\/uploads\\\/2019\\\/03\\\/Analyseur_H2Scan2700.jpg\",\"contentUrl\":\"https:\\\/\\\/sysmatec.ch\\\/wp-content\\\/uploads\\\/2019\\\/03\\\/Analyseur_H2Scan2700.jpg\",\"width\":185,\"height\":142},{\"@type\":\"BreadcrumbList\",\"@id\":\"https:\\\/\\\/sysmatec.ch\\\/de\\\/produit\\\/hy-optima-2700-series-explosionsgeschuetzte-in-line-hydrogen-process-analyzer\\\/#breadcrumb\",\"itemListElement\":[{\"@type\":\"ListItem\",\"position\":1,\"name\":\"Accueil\",\"item\":\"https:\\\/\\\/sysmatec.ch\\\/de\\\/\"},{\"@type\":\"ListItem\",\"position\":2,\"name\":\"Die Aktivit\u00e4t von Sysmatec\",\"item\":\"https:\\\/\\\/sysmatec.ch\\\/de\\\/\"},{\"@type\":\"ListItem\",\"position\":3,\"name\":\"HY-OPTIMA 2700 Series Explosionsgesch\u00fctzte In-line Hydrogen Process Analyzer\"}]},{\"@type\":\"WebSite\",\"@id\":\"https:\\\/\\\/sysmatec.ch\\\/de\\\/#website\",\"url\":\"https:\\\/\\\/sysmatec.ch\\\/de\\\/\",\"name\":\"Sysmatec\",\"description\":\"Equipement de laboratoire et logiciels\",\"publisher\":{\"@id\":\"https:\\\/\\\/sysmatec.ch\\\/de\\\/#organization\"},\"potentialAction\":[{\"@type\":\"SearchAction\",\"target\":{\"@type\":\"EntryPoint\",\"urlTemplate\":\"https:\\\/\\\/sysmatec.ch\\\/de\\\/?s={search_term_string}\"},\"query-input\":{\"@type\":\"PropertyValueSpecification\",\"valueRequired\":true,\"valueName\":\"search_term_string\"}}],\"inLanguage\":\"de\"},{\"@type\":\"Organization\",\"@id\":\"https:\\\/\\\/sysmatec.ch\\\/de\\\/#organization\",\"name\":\"Sysmatec\",\"url\":\"https:\\\/\\\/sysmatec.ch\\\/de\\\/\",\"logo\":{\"@type\":\"ImageObject\",\"inLanguage\":\"de\",\"@id\":\"https:\\\/\\\/sysmatec.ch\\\/de\\\/#\\\/schema\\\/logo\\\/image\\\/\",\"url\":\"https:\\\/\\\/sysmatec.ch\\\/wp-content\\\/uploads\\\/2018\\\/11\\\/LogoSysmatec.jpg\",\"contentUrl\":\"https:\\\/\\\/sysmatec.ch\\\/wp-content\\\/uploads\\\/2018\\\/11\\\/LogoSysmatec.jpg\",\"width\":301,\"height\":297,\"caption\":\"Sysmatec\"},\"image\":{\"@id\":\"https:\\\/\\\/sysmatec.ch\\\/de\\\/#\\\/schema\\\/logo\\\/image\\\/\"}}]}<\/script>\n<!-- \/ Yoast SEO plugin. -->","yoast_head_json":{"title":"HY-OPTIMA 2700 Series Explosionsgesch\u00fctzte In-line Hydrogen Process Analyzer - Sysmatec","description":"Langlebiger Wasserstoffdetektor. Zur Rohrmessung f\u00fcr Durchflussmengen von 0,1 bis 10 l\/min.","robots":{"index":"index","follow":"follow","max-snippet":"max-snippet:-1","max-image-preview":"max-image-preview:large","max-video-preview":"max-video-preview:-1"},"canonical":"https:\/\/sysmatec.ch\/de\/produit\/hy-optima-2700-series-explosionsgeschuetzte-in-line-hydrogen-process-analyzer\/","og_locale":"de_DE","og_type":"article","og_title":"HY-OPTIMA 2700 Series Explosionsgesch\u00fctzte In-line Hydrogen Process Analyzer - Sysmatec","og_description":"Langlebiger Wasserstoffdetektor. Zur Rohrmessung f\u00fcr Durchflussmengen von 0,1 bis 10 l\/min.","og_url":"https:\/\/sysmatec.ch\/de\/produit\/hy-optima-2700-series-explosionsgeschuetzte-in-line-hydrogen-process-analyzer\/","og_site_name":"Sysmatec","article_modified_time":"2022-02-11T19:41:41+00:00","og_image":[{"width":185,"height":142,"url":"https:\/\/sysmatec.ch\/wp-content\/uploads\/2019\/03\/Analyseur_H2Scan2700.jpg","type":"image\/jpeg"}],"twitter_card":"summary_large_image","twitter_misc":{"Gesch\u00e4tzte Lesezeit":"1\u00a0Minute"},"schema":{"@context":"https:\/\/schema.org","@graph":[{"@type":"WebPage","@id":"https:\/\/sysmatec.ch\/de\/produit\/hy-optima-2700-series-explosionsgeschuetzte-in-line-hydrogen-process-analyzer\/","url":"https:\/\/sysmatec.ch\/de\/produit\/hy-optima-2700-series-explosionsgeschuetzte-in-line-hydrogen-process-analyzer\/","name":"HY-OPTIMA 2700 Series Explosionsgesch\u00fctzte In-line Hydrogen Process Analyzer - Sysmatec","isPartOf":{"@id":"https:\/\/sysmatec.ch\/de\/#website"},"primaryImageOfPage":{"@id":"https:\/\/sysmatec.ch\/de\/produit\/hy-optima-2700-series-explosionsgeschuetzte-in-line-hydrogen-process-analyzer\/#primaryimage"},"image":{"@id":"https:\/\/sysmatec.ch\/de\/produit\/hy-optima-2700-series-explosionsgeschuetzte-in-line-hydrogen-process-analyzer\/#primaryimage"},"thumbnailUrl":"https:\/\/sysmatec.ch\/wp-content\/uploads\/2019\/03\/Analyseur_H2Scan2700.jpg","datePublished":"2019-03-31T18:17:44+00:00","dateModified":"2022-02-11T19:41:41+00:00","description":"Langlebiger Wasserstoffdetektor. Zur Rohrmessung f\u00fcr Durchflussmengen von 0,1 bis 10 l\/min.","breadcrumb":{"@id":"https:\/\/sysmatec.ch\/de\/produit\/hy-optima-2700-series-explosionsgeschuetzte-in-line-hydrogen-process-analyzer\/#breadcrumb"},"inLanguage":"de","potentialAction":[{"@type":"ReadAction","target":["https:\/\/sysmatec.ch\/de\/produit\/hy-optima-2700-series-explosionsgeschuetzte-in-line-hydrogen-process-analyzer\/"]}]},{"@type":"ImageObject","inLanguage":"de","@id":"https:\/\/sysmatec.ch\/de\/produit\/hy-optima-2700-series-explosionsgeschuetzte-in-line-hydrogen-process-analyzer\/#primaryimage","url":"https:\/\/sysmatec.ch\/wp-content\/uploads\/2019\/03\/Analyseur_H2Scan2700.jpg","contentUrl":"https:\/\/sysmatec.ch\/wp-content\/uploads\/2019\/03\/Analyseur_H2Scan2700.jpg","width":185,"height":142},{"@type":"BreadcrumbList","@id":"https:\/\/sysmatec.ch\/de\/produit\/hy-optima-2700-series-explosionsgeschuetzte-in-line-hydrogen-process-analyzer\/#breadcrumb","itemListElement":[{"@type":"ListItem","position":1,"name":"Accueil","item":"https:\/\/sysmatec.ch\/de\/"},{"@type":"ListItem","position":2,"name":"Die Aktivit\u00e4t von Sysmatec","item":"https:\/\/sysmatec.ch\/de\/"},{"@type":"ListItem","position":3,"name":"HY-OPTIMA 2700 Series Explosionsgesch\u00fctzte In-line Hydrogen Process Analyzer"}]},{"@type":"WebSite","@id":"https:\/\/sysmatec.ch\/de\/#website","url":"https:\/\/sysmatec.ch\/de\/","name":"Sysmatec","description":"Equipement de laboratoire et logiciels","publisher":{"@id":"https:\/\/sysmatec.ch\/de\/#organization"},"potentialAction":[{"@type":"SearchAction","target":{"@type":"EntryPoint","urlTemplate":"https:\/\/sysmatec.ch\/de\/?s={search_term_string}"},"query-input":{"@type":"PropertyValueSpecification","valueRequired":true,"valueName":"search_term_string"}}],"inLanguage":"de"},{"@type":"Organization","@id":"https:\/\/sysmatec.ch\/de\/#organization","name":"Sysmatec","url":"https:\/\/sysmatec.ch\/de\/","logo":{"@type":"ImageObject","inLanguage":"de","@id":"https:\/\/sysmatec.ch\/de\/#\/schema\/logo\/image\/","url":"https:\/\/sysmatec.ch\/wp-content\/uploads\/2018\/11\/LogoSysmatec.jpg","contentUrl":"https:\/\/sysmatec.ch\/wp-content\/uploads\/2018\/11\/LogoSysmatec.jpg","width":301,"height":297,"caption":"Sysmatec"},"image":{"@id":"https:\/\/sysmatec.ch\/de\/#\/schema\/logo\/image\/"}}]}},"_links":{"self":[{"href":"https:\/\/sysmatec.ch\/de\/wp-json\/wp\/v2\/product\/4790","targetHints":{"allow":["GET"]}}],"collection":[{"href":"https:\/\/sysmatec.ch\/de\/wp-json\/wp\/v2\/product"}],"about":[{"href":"https:\/\/sysmatec.ch\/de\/wp-json\/wp\/v2\/types\/product"}],"wp:featuredmedia":[{"embeddable":true,"href":"https:\/\/sysmatec.ch\/de\/wp-json\/wp\/v2\/media\/4788"}],"wp:attachment":[{"href":"https:\/\/sysmatec.ch\/de\/wp-json\/wp\/v2\/media?parent=4790"}],"wp:term":[{"taxonomy":"product_brand","embeddable":true,"href":"https:\/\/sysmatec.ch\/de\/wp-json\/wp\/v2\/product_brand?post=4790"},{"taxonomy":"product_cat","embeddable":true,"href":"https:\/\/sysmatec.ch\/de\/wp-json\/wp\/v2\/product_cat?post=4790"},{"taxonomy":"product_tag","embeddable":true,"href":"https:\/\/sysmatec.ch\/de\/wp-json\/wp\/v2\/product_tag?post=4790"}],"curies":[{"name":"wp","href":"https:\/\/api.w.org\/{rel}","templated":true}]}}