{"id":4740,"date":"2019-03-26T22:09:51","date_gmt":"2019-03-26T21:09:51","guid":{"rendered":"https:\/\/sysmatec.ch\/produit\/enregistreur-jetable-pdf-apresys\/"},"modified":"2024-07-11T15:41:37","modified_gmt":"2024-07-11T13:41:37","slug":"einweg-temperaturdatenlogger-ulogs5","status":"publish","type":"product","link":"https:\/\/sysmatec.ch\/de\/Produkt\/einweg-temperaturdatenlogger-ulogs5\/","title":{"rendered":"Einweg-Temperaturdatenlogger ULogs5"},"content":{"rendered":"<p>Frische Produkte wie Obst verderben leicht, wenn sie nicht in einem bestimmten Temperaturbereich gelagert werden. Leider k\u00f6nnen manche Produkte bei der Ankunft unbesch\u00e4digt erscheinen, aber ihre Qualit\u00e4t kann beeintr\u00e4chtigt sein, was zu einer k\u00fcrzeren Haltbarkeit und einer Ver\u00e4nderung von Geschmack oder Konsistenz f\u00fchrt. Ger\u00e4te zur Temperatur\u00fcberwachung in der K\u00fchlkette wie die Sigmawit ULogs5 k\u00f6nnen verwendet werden, um die Echtzeittemperatur von Lebensmitteln und anderen empfindlichen Produkten zu verfolgen. Der Temperaturdatenlogger generiert automatisch einen PDF-Bericht, der die Temperaturbelastung w\u00e4hrend des Transports zusammenfasst und so eine zus\u00e4tzliche Schutzebene zur Wahrung der Qualit\u00e4t Ihrer Lebensmittel bietet.<\/p>\n<h2>Merkmale<\/h2>\n<ul>\n<li>Aufzeichnungsart Einweg-Datenlogger<\/li>\n<li>Temperaturbereich -30\u00b0C bis 70\u00b0C<\/li>\n<li>Betriebsmodus Einzeltaste<\/li>\n<li>Temperaturgenauigkeit \u00b1 0,5\u00b0C, \u00b1 1,0\u00b0C<\/li>\n<li>Temperaturaufl\u00f6sung 0,1\u00b0C<\/li>\n<li>Berichtstyp PDF<\/li>\n<li>Berichtserstellung Automatische Erstellung<\/li>\n<li>Aufzeichnungszyklus 30\/60\/90\/120\/180\/360 Tage<\/li>\n<li>Haltbarkeit 2 Jahre<\/li>\n<li>Batterie 3,0 V Lithium CR2032<\/li>\n<li>Aufzeichnungsintervall 5 Min. (anpassbar von 1 Min. bis 24 Std.)<\/li>\n<li>Gr\u00f6\u00dfe\/Gewicht 60 x 20 x 5,7 mm\/8 g<\/li>\n<li>Datenkapazit\u00e4t 33.792 Messwerte<\/li>\n<li>Verpackung IP67 PE-Tasche<\/li>\n<\/ul>\n","protected":false},"excerpt":{"rendered":"<p>Einweg-PDF-Temperaturdatenlogger<\/p>\n","protected":false},"featured_media":29760,"template":"","meta":{"_crdt_document":""},"product_brand":[],"product_cat":[172,173],"product_tag":[],"class_list":{"0":"post-4740","1":"product","2":"type-product","3":"status-publish","4":"has-post-thumbnail","6":"product_cat-einweg-logger","7":"product_cat-temperatur","9":"first","10":"instock","11":"taxable","12":"shipping-taxable","13":"product-type-simple"},"yoast_head":"<!-- This site is optimized with the Yoast SEO plugin v27.3 - https:\/\/yoast.com\/product\/yoast-seo-wordpress\/ -->\n<title>Einweg-Temperaturdatenlogger ULogs5 - Sysmatec<\/title>\n<meta name=\"description\" content=\"Einweg-Logger zur Temperaturmessung. Erzeugt direkt eine PDF-Datei und erfordert keine Softwareinstallation.\" \/>\n<meta name=\"robots\" content=\"index, follow, max-snippet:-1, max-image-preview:large, max-video-preview:-1\" \/>\n<link rel=\"canonical\" href=\"https:\/\/sysmatec.ch\/de\/Produkt\/einweg-temperaturdatenlogger-ulogs5\/\" \/>\n<meta property=\"og:locale\" content=\"de_DE\" \/>\n<meta property=\"og:type\" content=\"article\" \/>\n<meta property=\"og:title\" content=\"Einweg-Temperaturdatenlogger ULogs5 - Sysmatec\" \/>\n<meta property=\"og:description\" content=\"Einweg-Logger zur Temperaturmessung. Erzeugt direkt eine PDF-Datei und erfordert keine Softwareinstallation.\" \/>\n<meta property=\"og:url\" content=\"https:\/\/sysmatec.ch\/de\/Produkt\/einweg-temperaturdatenlogger-ulogs5\/\" \/>\n<meta property=\"og:site_name\" content=\"Sysmatec\" \/>\n<meta property=\"article:modified_time\" content=\"2024-07-11T13:41:37+00:00\" \/>\n<meta property=\"og:image\" content=\"https:\/\/sysmatec.ch\/wp-content\/uploads\/2019\/03\/EnregistreurTemperatureJetable_ULogs5Sigmawit.jpg\" \/>\n\t<meta property=\"og:image:width\" content=\"666\" \/>\n\t<meta property=\"og:image:height\" content=\"512\" \/>\n\t<meta property=\"og:image:type\" content=\"image\/jpeg\" \/>\n<meta name=\"twitter:card\" content=\"summary_large_image\" \/>\n<meta name=\"twitter:label1\" content=\"Gesch\u00e4tzte Lesezeit\" \/>\n\t<meta name=\"twitter:data1\" content=\"1\u00a0Minute\" \/>\n<script type=\"application\/ld+json\" class=\"yoast-schema-graph\">{\"@context\":\"https:\\\/\\\/schema.org\",\"@graph\":[{\"@type\":\"WebPage\",\"@id\":\"https:\\\/\\\/sysmatec.ch\\\/de\\\/Produkt\\\/einweg-temperaturdatenlogger-ulogs5\\\/\",\"url\":\"https:\\\/\\\/sysmatec.ch\\\/de\\\/Produkt\\\/einweg-temperaturdatenlogger-ulogs5\\\/\",\"name\":\"Einweg-Temperaturdatenlogger ULogs5 - Sysmatec\",\"isPartOf\":{\"@id\":\"https:\\\/\\\/sysmatec.ch\\\/de\\\/#website\"},\"primaryImageOfPage\":{\"@id\":\"https:\\\/\\\/sysmatec.ch\\\/de\\\/Produkt\\\/einweg-temperaturdatenlogger-ulogs5\\\/#primaryimage\"},\"image\":{\"@id\":\"https:\\\/\\\/sysmatec.ch\\\/de\\\/Produkt\\\/einweg-temperaturdatenlogger-ulogs5\\\/#primaryimage\"},\"thumbnailUrl\":\"https:\\\/\\\/sysmatec.ch\\\/wp-content\\\/uploads\\\/2019\\\/03\\\/EnregistreurTemperatureJetable_ULogs5Sigmawit.jpg\",\"datePublished\":\"2019-03-26T21:09:51+00:00\",\"dateModified\":\"2024-07-11T13:41:37+00:00\",\"description\":\"Einweg-Logger zur Temperaturmessung. Erzeugt direkt eine PDF-Datei und erfordert keine Softwareinstallation.\",\"breadcrumb\":{\"@id\":\"https:\\\/\\\/sysmatec.ch\\\/de\\\/Produkt\\\/einweg-temperaturdatenlogger-ulogs5\\\/#breadcrumb\"},\"inLanguage\":\"de\",\"potentialAction\":[{\"@type\":\"ReadAction\",\"target\":[\"https:\\\/\\\/sysmatec.ch\\\/de\\\/Produkt\\\/einweg-temperaturdatenlogger-ulogs5\\\/\"]}]},{\"@type\":\"ImageObject\",\"inLanguage\":\"de\",\"@id\":\"https:\\\/\\\/sysmatec.ch\\\/de\\\/Produkt\\\/einweg-temperaturdatenlogger-ulogs5\\\/#primaryimage\",\"url\":\"https:\\\/\\\/sysmatec.ch\\\/wp-content\\\/uploads\\\/2019\\\/03\\\/EnregistreurTemperatureJetable_ULogs5Sigmawit.jpg\",\"contentUrl\":\"https:\\\/\\\/sysmatec.ch\\\/wp-content\\\/uploads\\\/2019\\\/03\\\/EnregistreurTemperatureJetable_ULogs5Sigmawit.jpg\",\"width\":666,\"height\":512},{\"@type\":\"BreadcrumbList\",\"@id\":\"https:\\\/\\\/sysmatec.ch\\\/de\\\/Produkt\\\/einweg-temperaturdatenlogger-ulogs5\\\/#breadcrumb\",\"itemListElement\":[{\"@type\":\"ListItem\",\"position\":1,\"name\":\"Accueil\",\"item\":\"https:\\\/\\\/sysmatec.ch\\\/de\\\/\"},{\"@type\":\"ListItem\",\"position\":2,\"name\":\"Die Aktivit\u00e4t von Sysmatec\",\"item\":\"https:\\\/\\\/sysmatec.ch\\\/de\\\/\"},{\"@type\":\"ListItem\",\"position\":3,\"name\":\"Einweg-Temperaturdatenlogger ULogs5\"}]},{\"@type\":\"WebSite\",\"@id\":\"https:\\\/\\\/sysmatec.ch\\\/de\\\/#website\",\"url\":\"https:\\\/\\\/sysmatec.ch\\\/de\\\/\",\"name\":\"Sysmatec\",\"description\":\"Equipement de laboratoire et logiciels\",\"publisher\":{\"@id\":\"https:\\\/\\\/sysmatec.ch\\\/de\\\/#organization\"},\"potentialAction\":[{\"@type\":\"SearchAction\",\"target\":{\"@type\":\"EntryPoint\",\"urlTemplate\":\"https:\\\/\\\/sysmatec.ch\\\/de\\\/?s={search_term_string}\"},\"query-input\":{\"@type\":\"PropertyValueSpecification\",\"valueRequired\":true,\"valueName\":\"search_term_string\"}}],\"inLanguage\":\"de\"},{\"@type\":\"Organization\",\"@id\":\"https:\\\/\\\/sysmatec.ch\\\/de\\\/#organization\",\"name\":\"Sysmatec\",\"url\":\"https:\\\/\\\/sysmatec.ch\\\/de\\\/\",\"logo\":{\"@type\":\"ImageObject\",\"inLanguage\":\"de\",\"@id\":\"https:\\\/\\\/sysmatec.ch\\\/de\\\/#\\\/schema\\\/logo\\\/image\\\/\",\"url\":\"https:\\\/\\\/sysmatec.ch\\\/wp-content\\\/uploads\\\/2018\\\/11\\\/LogoSysmatec.jpg\",\"contentUrl\":\"https:\\\/\\\/sysmatec.ch\\\/wp-content\\\/uploads\\\/2018\\\/11\\\/LogoSysmatec.jpg\",\"width\":301,\"height\":297,\"caption\":\"Sysmatec\"},\"image\":{\"@id\":\"https:\\\/\\\/sysmatec.ch\\\/de\\\/#\\\/schema\\\/logo\\\/image\\\/\"}}]}<\/script>\n<!-- \/ Yoast SEO plugin. -->","yoast_head_json":{"title":"Einweg-Temperaturdatenlogger ULogs5 - Sysmatec","description":"Einweg-Logger zur Temperaturmessung. Erzeugt direkt eine PDF-Datei und erfordert keine Softwareinstallation.","robots":{"index":"index","follow":"follow","max-snippet":"max-snippet:-1","max-image-preview":"max-image-preview:large","max-video-preview":"max-video-preview:-1"},"canonical":"https:\/\/sysmatec.ch\/de\/Produkt\/einweg-temperaturdatenlogger-ulogs5\/","og_locale":"de_DE","og_type":"article","og_title":"Einweg-Temperaturdatenlogger ULogs5 - Sysmatec","og_description":"Einweg-Logger zur Temperaturmessung. Erzeugt direkt eine PDF-Datei und erfordert keine Softwareinstallation.","og_url":"https:\/\/sysmatec.ch\/de\/Produkt\/einweg-temperaturdatenlogger-ulogs5\/","og_site_name":"Sysmatec","article_modified_time":"2024-07-11T13:41:37+00:00","og_image":[{"width":666,"height":512,"url":"https:\/\/sysmatec.ch\/wp-content\/uploads\/2019\/03\/EnregistreurTemperatureJetable_ULogs5Sigmawit.jpg","type":"image\/jpeg"}],"twitter_card":"summary_large_image","twitter_misc":{"Gesch\u00e4tzte Lesezeit":"1\u00a0Minute"},"schema":{"@context":"https:\/\/schema.org","@graph":[{"@type":"WebPage","@id":"https:\/\/sysmatec.ch\/de\/Produkt\/einweg-temperaturdatenlogger-ulogs5\/","url":"https:\/\/sysmatec.ch\/de\/Produkt\/einweg-temperaturdatenlogger-ulogs5\/","name":"Einweg-Temperaturdatenlogger ULogs5 - Sysmatec","isPartOf":{"@id":"https:\/\/sysmatec.ch\/de\/#website"},"primaryImageOfPage":{"@id":"https:\/\/sysmatec.ch\/de\/Produkt\/einweg-temperaturdatenlogger-ulogs5\/#primaryimage"},"image":{"@id":"https:\/\/sysmatec.ch\/de\/Produkt\/einweg-temperaturdatenlogger-ulogs5\/#primaryimage"},"thumbnailUrl":"https:\/\/sysmatec.ch\/wp-content\/uploads\/2019\/03\/EnregistreurTemperatureJetable_ULogs5Sigmawit.jpg","datePublished":"2019-03-26T21:09:51+00:00","dateModified":"2024-07-11T13:41:37+00:00","description":"Einweg-Logger zur Temperaturmessung. Erzeugt direkt eine PDF-Datei und erfordert keine Softwareinstallation.","breadcrumb":{"@id":"https:\/\/sysmatec.ch\/de\/Produkt\/einweg-temperaturdatenlogger-ulogs5\/#breadcrumb"},"inLanguage":"de","potentialAction":[{"@type":"ReadAction","target":["https:\/\/sysmatec.ch\/de\/Produkt\/einweg-temperaturdatenlogger-ulogs5\/"]}]},{"@type":"ImageObject","inLanguage":"de","@id":"https:\/\/sysmatec.ch\/de\/Produkt\/einweg-temperaturdatenlogger-ulogs5\/#primaryimage","url":"https:\/\/sysmatec.ch\/wp-content\/uploads\/2019\/03\/EnregistreurTemperatureJetable_ULogs5Sigmawit.jpg","contentUrl":"https:\/\/sysmatec.ch\/wp-content\/uploads\/2019\/03\/EnregistreurTemperatureJetable_ULogs5Sigmawit.jpg","width":666,"height":512},{"@type":"BreadcrumbList","@id":"https:\/\/sysmatec.ch\/de\/Produkt\/einweg-temperaturdatenlogger-ulogs5\/#breadcrumb","itemListElement":[{"@type":"ListItem","position":1,"name":"Accueil","item":"https:\/\/sysmatec.ch\/de\/"},{"@type":"ListItem","position":2,"name":"Die Aktivit\u00e4t von Sysmatec","item":"https:\/\/sysmatec.ch\/de\/"},{"@type":"ListItem","position":3,"name":"Einweg-Temperaturdatenlogger ULogs5"}]},{"@type":"WebSite","@id":"https:\/\/sysmatec.ch\/de\/#website","url":"https:\/\/sysmatec.ch\/de\/","name":"Sysmatec","description":"Equipement de laboratoire et logiciels","publisher":{"@id":"https:\/\/sysmatec.ch\/de\/#organization"},"potentialAction":[{"@type":"SearchAction","target":{"@type":"EntryPoint","urlTemplate":"https:\/\/sysmatec.ch\/de\/?s={search_term_string}"},"query-input":{"@type":"PropertyValueSpecification","valueRequired":true,"valueName":"search_term_string"}}],"inLanguage":"de"},{"@type":"Organization","@id":"https:\/\/sysmatec.ch\/de\/#organization","name":"Sysmatec","url":"https:\/\/sysmatec.ch\/de\/","logo":{"@type":"ImageObject","inLanguage":"de","@id":"https:\/\/sysmatec.ch\/de\/#\/schema\/logo\/image\/","url":"https:\/\/sysmatec.ch\/wp-content\/uploads\/2018\/11\/LogoSysmatec.jpg","contentUrl":"https:\/\/sysmatec.ch\/wp-content\/uploads\/2018\/11\/LogoSysmatec.jpg","width":301,"height":297,"caption":"Sysmatec"},"image":{"@id":"https:\/\/sysmatec.ch\/de\/#\/schema\/logo\/image\/"}}]}},"_links":{"self":[{"href":"https:\/\/sysmatec.ch\/de\/wp-json\/wp\/v2\/product\/4740","targetHints":{"allow":["GET"]}}],"collection":[{"href":"https:\/\/sysmatec.ch\/de\/wp-json\/wp\/v2\/product"}],"about":[{"href":"https:\/\/sysmatec.ch\/de\/wp-json\/wp\/v2\/types\/product"}],"wp:featuredmedia":[{"embeddable":true,"href":"https:\/\/sysmatec.ch\/de\/wp-json\/wp\/v2\/media\/29760"}],"wp:attachment":[{"href":"https:\/\/sysmatec.ch\/de\/wp-json\/wp\/v2\/media?parent=4740"}],"wp:term":[{"taxonomy":"product_brand","embeddable":true,"href":"https:\/\/sysmatec.ch\/de\/wp-json\/wp\/v2\/product_brand?post=4740"},{"taxonomy":"product_cat","embeddable":true,"href":"https:\/\/sysmatec.ch\/de\/wp-json\/wp\/v2\/product_cat?post=4740"},{"taxonomy":"product_tag","embeddable":true,"href":"https:\/\/sysmatec.ch\/de\/wp-json\/wp\/v2\/product_tag?post=4740"}],"curies":[{"name":"wp","href":"https:\/\/api.w.org\/{rel}","templated":true}]}}