{"id":4720,"date":"2019-03-20T21:43:41","date_gmt":"2019-03-20T20:43:41","guid":{"rendered":"https:\/\/sysmatec.ch\/produit\/module-de-mesure-du-co2-ee893\/"},"modified":"2022-02-11T21:34:37","modified_gmt":"2022-02-11T20:34:37","slug":"digitaler-co2-sensor-modul-ee893","status":"publish","type":"product","link":"https:\/\/sysmatec.ch\/de\/Produkt\/digitaler-co2-sensor-modul-ee893\/","title":{"rendered":"Digitaler CO2-Sensor Modul EE893"},"content":{"rendered":"<p>Eine Mehrpunkt CO2- und Temperaturjustage f\u00fchrt zu hervorragender CO2-Messgenauigkeit \u00fcber den gesamten Temperatureinsatzbereich, ein Muss f\u00fcr den Einsatz in der Prozesssteuerung und bei Anwendungen im Au\u00dfenbereich. Aufgrund des NDIR-Zweistrahlverfahrens ist der EE893 besonders unempfindlich gegen Verschmutzung. Alterungseffekte werden automatisch kompensiert, was zu einer hervorragenden Langzeitstabilit\u00e4t f\u00fchrt. Mit der besonders kompakten Bauform und elektrischem Anschluss mittels Kontaktstifte ist der EE893 die optimale Wahl f\u00fcr Ger\u00e4te wie Funktransmitter, Handmessger\u00e4te oder Datenlogger. Die CO2-Messwerte mit einem Messbereich bis 10 000 ppm stehen auf der digitalen E2 Schnittstelle zur Verf\u00fcgung. Ein optionales Kit erlaubt die Konfiguration und die Justage des CO2-Moduls. Das Messintervall kann an die Anforderungen der Anwendung angepasst werden; f\u00fcr batteriebetriebene Ger\u00e4te l\u00e4sst sich dadurch die durchschnittliche Stromaufnahme des EE893 Moduls auf weniger als 60\u03bcA reduzieren.<\/p>\n<ul>\n<li type=\"disc\">Messprinzip: 2-Strahlverfahren (nicht-dispersive Infrarot Technologie) NDIR<\/li>\n<li type=\"disc\">Messbereich: 0 bis 2000 \/ 5000 \/ 10000ppm<\/li>\n<li type=\"disc\">Genauigkeit bei 25\u00b0C und 1013mbar: 0 bis 2000ppm: &lt; \u00b1 (50ppm +2% vom Messwert), 0 bis 5000ppm: &lt; \u00b1 (50ppm +3% vom Messwert), 0 bis 10000ppm: &lt; \u00b1 (100ppm +5% vom Messwert)<\/li>\n<li type=\"disc\">Ansprechzeit: t90 &lt; 60s oder &lt; 105s (je nach abgefragtem Messwert)<\/li>\n<li type=\"disc\">Temperaturabh\u00e4ngigkeit: typ. 1ppm CO2\/\u00b0C (-20&#8230;45\u00b0C)<\/li>\n<li type=\"disc\">Kalibrationsintervall: &gt;5 Jahre<\/li>\n<li type=\"disc\">Messintervall einstellbar von 15s bis 1h (Werkseinstellung: 15s)<\/li>\n<li type=\"disc\">Digitale Schnittstelle E2<\/li>\n<li type=\"disc\">Versorgungsspannung 4.75 &#8211; 7.5V DC<\/li>\n<\/ul>\n","protected":false},"excerpt":{"rendered":"<p>Digitales CO2-Sensor Modul<\/p>\n","protected":false},"featured_media":4711,"template":"","meta":{"_crdt_document":""},"product_brand":[],"product_cat":[185,374],"product_tag":[],"class_list":{"0":"post-4720","1":"product","2":"type-product","3":"status-publish","4":"has-post-thumbnail","6":"product_cat-analyzer-de","7":"product_cat-gas-de","9":"first","10":"instock","11":"taxable","12":"shipping-taxable","13":"product-type-simple"},"yoast_head":"<!-- This site is optimized with the Yoast SEO plugin v27.4 - https:\/\/yoast.com\/product\/yoast-seo-wordpress\/ -->\n<title>Digitaler CO2-Sensor Modul EE893 - Sysmatec<\/title>\n<meta name=\"description\" content=\"CO2-Sensor. NDIR-Messung mit zwei Wellenl\u00e4ngen. Messbereiche 0 bis 2000 \/ 0 bis 5000 \/ 0 bis 10000 ppm.\" \/>\n<meta name=\"robots\" content=\"index, follow, max-snippet:-1, max-image-preview:large, max-video-preview:-1\" \/>\n<link rel=\"canonical\" href=\"https:\/\/sysmatec.ch\/de\/produit\/digitaler-co2-sensor-modul-ee893\/\" \/>\n<meta property=\"og:locale\" content=\"de_DE\" \/>\n<meta property=\"og:type\" content=\"article\" \/>\n<meta property=\"og:title\" content=\"Digitaler CO2-Sensor Modul EE893 - Sysmatec\" \/>\n<meta property=\"og:description\" content=\"CO2-Sensor. NDIR-Messung mit zwei Wellenl\u00e4ngen. Messbereiche 0 bis 2000 \/ 0 bis 5000 \/ 0 bis 10000 ppm.\" \/>\n<meta property=\"og:url\" content=\"https:\/\/sysmatec.ch\/de\/produit\/digitaler-co2-sensor-modul-ee893\/\" \/>\n<meta property=\"og:site_name\" content=\"Sysmatec\" \/>\n<meta property=\"article:modified_time\" content=\"2022-02-11T20:34:37+00:00\" \/>\n<meta property=\"og:image\" content=\"https:\/\/sysmatec.ch\/wp-content\/uploads\/2019\/03\/Detecteur_EPlusEEE893.jpg\" \/>\n\t<meta property=\"og:image:width\" content=\"181\" \/>\n\t<meta property=\"og:image:height\" content=\"136\" \/>\n\t<meta property=\"og:image:type\" content=\"image\/jpeg\" \/>\n<meta name=\"twitter:card\" content=\"summary_large_image\" \/>\n<meta name=\"twitter:label1\" content=\"Gesch\u00e4tzte Lesezeit\" \/>\n\t<meta name=\"twitter:data1\" content=\"1\u00a0Minute\" \/>\n<script type=\"application\/ld+json\" class=\"yoast-schema-graph\">{\"@context\":\"https:\\\/\\\/schema.org\",\"@graph\":[{\"@type\":\"WebPage\",\"@id\":\"https:\\\/\\\/sysmatec.ch\\\/de\\\/produit\\\/digitaler-co2-sensor-modul-ee893\\\/\",\"url\":\"https:\\\/\\\/sysmatec.ch\\\/de\\\/produit\\\/digitaler-co2-sensor-modul-ee893\\\/\",\"name\":\"Digitaler CO2-Sensor Modul EE893 - Sysmatec\",\"isPartOf\":{\"@id\":\"https:\\\/\\\/sysmatec.ch\\\/de\\\/#website\"},\"primaryImageOfPage\":{\"@id\":\"https:\\\/\\\/sysmatec.ch\\\/de\\\/produit\\\/digitaler-co2-sensor-modul-ee893\\\/#primaryimage\"},\"image\":{\"@id\":\"https:\\\/\\\/sysmatec.ch\\\/de\\\/produit\\\/digitaler-co2-sensor-modul-ee893\\\/#primaryimage\"},\"thumbnailUrl\":\"https:\\\/\\\/sysmatec.ch\\\/wp-content\\\/uploads\\\/2019\\\/03\\\/Detecteur_EPlusEEE893.jpg\",\"datePublished\":\"2019-03-20T20:43:41+00:00\",\"dateModified\":\"2022-02-11T20:34:37+00:00\",\"description\":\"CO2-Sensor. NDIR-Messung mit zwei Wellenl\u00e4ngen. Messbereiche 0 bis 2000 \\\/ 0 bis 5000 \\\/ 0 bis 10000 ppm.\",\"breadcrumb\":{\"@id\":\"https:\\\/\\\/sysmatec.ch\\\/de\\\/produit\\\/digitaler-co2-sensor-modul-ee893\\\/#breadcrumb\"},\"inLanguage\":\"de\",\"potentialAction\":[{\"@type\":\"ReadAction\",\"target\":[\"https:\\\/\\\/sysmatec.ch\\\/de\\\/produit\\\/digitaler-co2-sensor-modul-ee893\\\/\"]}]},{\"@type\":\"ImageObject\",\"inLanguage\":\"de\",\"@id\":\"https:\\\/\\\/sysmatec.ch\\\/de\\\/produit\\\/digitaler-co2-sensor-modul-ee893\\\/#primaryimage\",\"url\":\"https:\\\/\\\/sysmatec.ch\\\/wp-content\\\/uploads\\\/2019\\\/03\\\/Detecteur_EPlusEEE893.jpg\",\"contentUrl\":\"https:\\\/\\\/sysmatec.ch\\\/wp-content\\\/uploads\\\/2019\\\/03\\\/Detecteur_EPlusEEE893.jpg\",\"width\":181,\"height\":136},{\"@type\":\"BreadcrumbList\",\"@id\":\"https:\\\/\\\/sysmatec.ch\\\/de\\\/produit\\\/digitaler-co2-sensor-modul-ee893\\\/#breadcrumb\",\"itemListElement\":[{\"@type\":\"ListItem\",\"position\":1,\"name\":\"Accueil\",\"item\":\"https:\\\/\\\/sysmatec.ch\\\/de\\\/\"},{\"@type\":\"ListItem\",\"position\":2,\"name\":\"Die Aktivit\u00e4t von Sysmatec\",\"item\":\"https:\\\/\\\/sysmatec.ch\\\/de\\\/\"},{\"@type\":\"ListItem\",\"position\":3,\"name\":\"Digitaler CO2-Sensor Modul EE893\"}]},{\"@type\":\"WebSite\",\"@id\":\"https:\\\/\\\/sysmatec.ch\\\/de\\\/#website\",\"url\":\"https:\\\/\\\/sysmatec.ch\\\/de\\\/\",\"name\":\"Sysmatec\",\"description\":\"Equipement de laboratoire et logiciels\",\"publisher\":{\"@id\":\"https:\\\/\\\/sysmatec.ch\\\/de\\\/#organization\"},\"potentialAction\":[{\"@type\":\"SearchAction\",\"target\":{\"@type\":\"EntryPoint\",\"urlTemplate\":\"https:\\\/\\\/sysmatec.ch\\\/de\\\/?s={search_term_string}\"},\"query-input\":{\"@type\":\"PropertyValueSpecification\",\"valueRequired\":true,\"valueName\":\"search_term_string\"}}],\"inLanguage\":\"de\"},{\"@type\":\"Organization\",\"@id\":\"https:\\\/\\\/sysmatec.ch\\\/de\\\/#organization\",\"name\":\"Sysmatec\",\"url\":\"https:\\\/\\\/sysmatec.ch\\\/de\\\/\",\"logo\":{\"@type\":\"ImageObject\",\"inLanguage\":\"de\",\"@id\":\"https:\\\/\\\/sysmatec.ch\\\/de\\\/#\\\/schema\\\/logo\\\/image\\\/\",\"url\":\"https:\\\/\\\/sysmatec.ch\\\/wp-content\\\/uploads\\\/2018\\\/11\\\/LogoSysmatec.jpg\",\"contentUrl\":\"https:\\\/\\\/sysmatec.ch\\\/wp-content\\\/uploads\\\/2018\\\/11\\\/LogoSysmatec.jpg\",\"width\":301,\"height\":297,\"caption\":\"Sysmatec\"},\"image\":{\"@id\":\"https:\\\/\\\/sysmatec.ch\\\/de\\\/#\\\/schema\\\/logo\\\/image\\\/\"}}]}<\/script>\n<!-- \/ Yoast SEO plugin. -->","yoast_head_json":{"title":"Digitaler CO2-Sensor Modul EE893 - Sysmatec","description":"CO2-Sensor. NDIR-Messung mit zwei Wellenl\u00e4ngen. Messbereiche 0 bis 2000 \/ 0 bis 5000 \/ 0 bis 10000 ppm.","robots":{"index":"index","follow":"follow","max-snippet":"max-snippet:-1","max-image-preview":"max-image-preview:large","max-video-preview":"max-video-preview:-1"},"canonical":"https:\/\/sysmatec.ch\/de\/produit\/digitaler-co2-sensor-modul-ee893\/","og_locale":"de_DE","og_type":"article","og_title":"Digitaler CO2-Sensor Modul EE893 - Sysmatec","og_description":"CO2-Sensor. NDIR-Messung mit zwei Wellenl\u00e4ngen. Messbereiche 0 bis 2000 \/ 0 bis 5000 \/ 0 bis 10000 ppm.","og_url":"https:\/\/sysmatec.ch\/de\/produit\/digitaler-co2-sensor-modul-ee893\/","og_site_name":"Sysmatec","article_modified_time":"2022-02-11T20:34:37+00:00","og_image":[{"width":181,"height":136,"url":"https:\/\/sysmatec.ch\/wp-content\/uploads\/2019\/03\/Detecteur_EPlusEEE893.jpg","type":"image\/jpeg"}],"twitter_card":"summary_large_image","twitter_misc":{"Gesch\u00e4tzte Lesezeit":"1\u00a0Minute"},"schema":{"@context":"https:\/\/schema.org","@graph":[{"@type":"WebPage","@id":"https:\/\/sysmatec.ch\/de\/produit\/digitaler-co2-sensor-modul-ee893\/","url":"https:\/\/sysmatec.ch\/de\/produit\/digitaler-co2-sensor-modul-ee893\/","name":"Digitaler CO2-Sensor Modul EE893 - Sysmatec","isPartOf":{"@id":"https:\/\/sysmatec.ch\/de\/#website"},"primaryImageOfPage":{"@id":"https:\/\/sysmatec.ch\/de\/produit\/digitaler-co2-sensor-modul-ee893\/#primaryimage"},"image":{"@id":"https:\/\/sysmatec.ch\/de\/produit\/digitaler-co2-sensor-modul-ee893\/#primaryimage"},"thumbnailUrl":"https:\/\/sysmatec.ch\/wp-content\/uploads\/2019\/03\/Detecteur_EPlusEEE893.jpg","datePublished":"2019-03-20T20:43:41+00:00","dateModified":"2022-02-11T20:34:37+00:00","description":"CO2-Sensor. NDIR-Messung mit zwei Wellenl\u00e4ngen. Messbereiche 0 bis 2000 \/ 0 bis 5000 \/ 0 bis 10000 ppm.","breadcrumb":{"@id":"https:\/\/sysmatec.ch\/de\/produit\/digitaler-co2-sensor-modul-ee893\/#breadcrumb"},"inLanguage":"de","potentialAction":[{"@type":"ReadAction","target":["https:\/\/sysmatec.ch\/de\/produit\/digitaler-co2-sensor-modul-ee893\/"]}]},{"@type":"ImageObject","inLanguage":"de","@id":"https:\/\/sysmatec.ch\/de\/produit\/digitaler-co2-sensor-modul-ee893\/#primaryimage","url":"https:\/\/sysmatec.ch\/wp-content\/uploads\/2019\/03\/Detecteur_EPlusEEE893.jpg","contentUrl":"https:\/\/sysmatec.ch\/wp-content\/uploads\/2019\/03\/Detecteur_EPlusEEE893.jpg","width":181,"height":136},{"@type":"BreadcrumbList","@id":"https:\/\/sysmatec.ch\/de\/produit\/digitaler-co2-sensor-modul-ee893\/#breadcrumb","itemListElement":[{"@type":"ListItem","position":1,"name":"Accueil","item":"https:\/\/sysmatec.ch\/de\/"},{"@type":"ListItem","position":2,"name":"Die Aktivit\u00e4t von Sysmatec","item":"https:\/\/sysmatec.ch\/de\/"},{"@type":"ListItem","position":3,"name":"Digitaler CO2-Sensor Modul EE893"}]},{"@type":"WebSite","@id":"https:\/\/sysmatec.ch\/de\/#website","url":"https:\/\/sysmatec.ch\/de\/","name":"Sysmatec","description":"Equipement de laboratoire et logiciels","publisher":{"@id":"https:\/\/sysmatec.ch\/de\/#organization"},"potentialAction":[{"@type":"SearchAction","target":{"@type":"EntryPoint","urlTemplate":"https:\/\/sysmatec.ch\/de\/?s={search_term_string}"},"query-input":{"@type":"PropertyValueSpecification","valueRequired":true,"valueName":"search_term_string"}}],"inLanguage":"de"},{"@type":"Organization","@id":"https:\/\/sysmatec.ch\/de\/#organization","name":"Sysmatec","url":"https:\/\/sysmatec.ch\/de\/","logo":{"@type":"ImageObject","inLanguage":"de","@id":"https:\/\/sysmatec.ch\/de\/#\/schema\/logo\/image\/","url":"https:\/\/sysmatec.ch\/wp-content\/uploads\/2018\/11\/LogoSysmatec.jpg","contentUrl":"https:\/\/sysmatec.ch\/wp-content\/uploads\/2018\/11\/LogoSysmatec.jpg","width":301,"height":297,"caption":"Sysmatec"},"image":{"@id":"https:\/\/sysmatec.ch\/de\/#\/schema\/logo\/image\/"}}]}},"_links":{"self":[{"href":"https:\/\/sysmatec.ch\/de\/wp-json\/wp\/v2\/product\/4720","targetHints":{"allow":["GET"]}}],"collection":[{"href":"https:\/\/sysmatec.ch\/de\/wp-json\/wp\/v2\/product"}],"about":[{"href":"https:\/\/sysmatec.ch\/de\/wp-json\/wp\/v2\/types\/product"}],"wp:featuredmedia":[{"embeddable":true,"href":"https:\/\/sysmatec.ch\/de\/wp-json\/wp\/v2\/media\/4711"}],"wp:attachment":[{"href":"https:\/\/sysmatec.ch\/de\/wp-json\/wp\/v2\/media?parent=4720"}],"wp:term":[{"taxonomy":"product_brand","embeddable":true,"href":"https:\/\/sysmatec.ch\/de\/wp-json\/wp\/v2\/product_brand?post=4720"},{"taxonomy":"product_cat","embeddable":true,"href":"https:\/\/sysmatec.ch\/de\/wp-json\/wp\/v2\/product_cat?post=4720"},{"taxonomy":"product_tag","embeddable":true,"href":"https:\/\/sysmatec.ch\/de\/wp-json\/wp\/v2\/product_tag?post=4720"}],"curies":[{"name":"wp","href":"https:\/\/api.w.org\/{rel}","templated":true}]}}