{"id":4716,"date":"2019-03-20T21:36:41","date_gmt":"2019-03-20T20:36:41","guid":{"rendered":"https:\/\/sysmatec.ch\/produit\/transmetteur-de-co2-modulaire-ee870-pour-les-applications-exigeantes\/"},"modified":"2022-02-12T09:45:10","modified_gmt":"2022-02-12T08:45:10","slug":"modularer-co2-transmitter-fuer-anspruchsvolle-anwendungen-ee-870","status":"publish","type":"product","link":"https:\/\/sysmatec.ch\/de\/Produkt\/modularer-co2-transmitter-fuer-anspruchsvolle-anwendungen-ee-870\/","title":{"rendered":"Modularer CO2-Transmitter f\u00fcr anspruchsvolle Anwendungen EE 870"},"content":{"rendered":"<p>Auf Grund des NDIR-Zweistrahlverfahrens ist der austauschbare F\u00fchler wartungsfrei und besonders unempfindlich gegen Verschmutzung. Alterungseffekte werden automatisch kompensiert, was zu einer hervorragenden Langzeitstabilit\u00e4t f\u00fchrt. Die Mehrpunkt CO2- und Temperaturjustage f\u00fchrt zu hervorragender CO2 Messgenauigkeit \u00fcber den gesamten Temperatur-einsatzbereich, ein Muss f\u00fcr den Einsatz in der Landwirtschaft und im Au\u00dfenbereich.<\/p>\n<p>Das IP65 F\u00fchlergeh\u00e4use in Kombination mit dem austauschbaren PTFE Filter bietet einen ausgezeichneten Schutz f\u00fcr den Einsatz unter rauen Bedingungen. Die kompakte Bauform, der elektrische Anschluss mittels M12-Stecker und der optionale Montageflansch erlauben einen leichten Einbau oder Austausch des EE871 F\u00fchlers.<\/p>\n<p>Ein optionales Kit erlaubt die Konfiguration und die Justage des EE871. Die CO2 Messwerte mit einem Messbereich bis 10.000 ppm stehen am analogen Ausgang als Spannung oder Strom und auf der Modbus Schnittstelle zur Verf\u00fcgung.<\/p>\n<ul>\n<li type=\"disc\">Messbereich: 0 bis 2000 \/ 5000 \/ 10000 ppm<\/li>\n<li type=\"disc\">Ausgang: 0-1V, 0-5V, 0-10V, 0-20mA, 4-20mA und Modbus RTU<\/li>\n<li type=\"disc\">Genauigkeit: 0 bis 2000ppm: \u00b1(50ppm +2% vom Messwert), 0 bis 5000ppm: \u00b1(50ppm +3% vom Messwert), 0 bis 10000ppm: \u00b1(100ppm +5% vom Messwert)<\/li>\n<li type=\"disc\">Temperaturabh\u00e4ngigkeit: typ. 1ppm CO2\/\u00b0C (-20 bis 45\u00b0C)<\/li>\n<li type=\"disc\">Speisung: 10 bis 35V DC \/ 10 bis 28.8V AC<\/li>\n<\/ul>\n","protected":false},"excerpt":{"rendered":"<p>Modularer CO2-Transmitter f\u00fcr anspruchsvolle Anwendungen<\/p>\n","protected":false},"featured_media":4714,"template":"","meta":{"_crdt_document":""},"product_brand":[],"product_cat":[185,374],"product_tag":[],"class_list":{"0":"post-4716","1":"product","2":"type-product","3":"status-publish","4":"has-post-thumbnail","6":"product_cat-analyzer-de","7":"product_cat-gas-de","9":"first","10":"instock","11":"taxable","12":"shipping-taxable","13":"product-type-simple"},"yoast_head":"<!-- This site is optimized with the Yoast SEO plugin v27.4 - https:\/\/yoast.com\/product\/yoast-seo-wordpress\/ -->\n<title>Modularer CO2-Transmitter f\u00fcr anspruchsvolle Anwendungen EE 870 - Sysmatec<\/title>\n<meta name=\"description\" content=\"CO2-Transmitter mit Analogausgang und Modbus-Schnittstelle. NDIR-Technologie. Messbereiche 0 bis 2000 \/ 0 bis 5000 \/ 0 bis 10000 ppm.\" \/>\n<meta name=\"robots\" content=\"index, follow, max-snippet:-1, max-image-preview:large, max-video-preview:-1\" \/>\n<link rel=\"canonical\" href=\"https:\/\/sysmatec.ch\/de\/produit\/modularer-co2-transmitter-fuer-anspruchsvolle-anwendungen-ee-870\/\" \/>\n<meta property=\"og:locale\" content=\"de_DE\" \/>\n<meta property=\"og:type\" content=\"article\" \/>\n<meta property=\"og:title\" content=\"Modularer CO2-Transmitter f\u00fcr anspruchsvolle Anwendungen EE 870 - Sysmatec\" \/>\n<meta property=\"og:description\" content=\"CO2-Transmitter mit Analogausgang und Modbus-Schnittstelle. NDIR-Technologie. Messbereiche 0 bis 2000 \/ 0 bis 5000 \/ 0 bis 10000 ppm.\" \/>\n<meta property=\"og:url\" content=\"https:\/\/sysmatec.ch\/de\/produit\/modularer-co2-transmitter-fuer-anspruchsvolle-anwendungen-ee-870\/\" \/>\n<meta property=\"og:site_name\" content=\"Sysmatec\" \/>\n<meta property=\"article:modified_time\" content=\"2022-02-12T08:45:10+00:00\" \/>\n<meta property=\"og:image\" content=\"https:\/\/sysmatec.ch\/wp-content\/uploads\/2019\/03\/Detecteur_EPlusEEE870.jpg\" \/>\n\t<meta property=\"og:image:width\" content=\"187\" \/>\n\t<meta property=\"og:image:height\" content=\"157\" \/>\n\t<meta property=\"og:image:type\" content=\"image\/jpeg\" \/>\n<meta name=\"twitter:card\" content=\"summary_large_image\" \/>\n<meta name=\"twitter:label1\" content=\"Gesch\u00e4tzte Lesezeit\" \/>\n\t<meta name=\"twitter:data1\" content=\"1\u00a0Minute\" \/>\n<script type=\"application\/ld+json\" class=\"yoast-schema-graph\">{\"@context\":\"https:\\\/\\\/schema.org\",\"@graph\":[{\"@type\":\"WebPage\",\"@id\":\"https:\\\/\\\/sysmatec.ch\\\/de\\\/produit\\\/modularer-co2-transmitter-fuer-anspruchsvolle-anwendungen-ee-870\\\/\",\"url\":\"https:\\\/\\\/sysmatec.ch\\\/de\\\/produit\\\/modularer-co2-transmitter-fuer-anspruchsvolle-anwendungen-ee-870\\\/\",\"name\":\"Modularer CO2-Transmitter f\u00fcr anspruchsvolle Anwendungen EE 870 - Sysmatec\",\"isPartOf\":{\"@id\":\"https:\\\/\\\/sysmatec.ch\\\/de\\\/#website\"},\"primaryImageOfPage\":{\"@id\":\"https:\\\/\\\/sysmatec.ch\\\/de\\\/produit\\\/modularer-co2-transmitter-fuer-anspruchsvolle-anwendungen-ee-870\\\/#primaryimage\"},\"image\":{\"@id\":\"https:\\\/\\\/sysmatec.ch\\\/de\\\/produit\\\/modularer-co2-transmitter-fuer-anspruchsvolle-anwendungen-ee-870\\\/#primaryimage\"},\"thumbnailUrl\":\"https:\\\/\\\/sysmatec.ch\\\/wp-content\\\/uploads\\\/2019\\\/03\\\/Detecteur_EPlusEEE870.jpg\",\"datePublished\":\"2019-03-20T20:36:41+00:00\",\"dateModified\":\"2022-02-12T08:45:10+00:00\",\"description\":\"CO2-Transmitter mit Analogausgang und Modbus-Schnittstelle. NDIR-Technologie. Messbereiche 0 bis 2000 \\\/ 0 bis 5000 \\\/ 0 bis 10000 ppm.\",\"breadcrumb\":{\"@id\":\"https:\\\/\\\/sysmatec.ch\\\/de\\\/produit\\\/modularer-co2-transmitter-fuer-anspruchsvolle-anwendungen-ee-870\\\/#breadcrumb\"},\"inLanguage\":\"de\",\"potentialAction\":[{\"@type\":\"ReadAction\",\"target\":[\"https:\\\/\\\/sysmatec.ch\\\/de\\\/produit\\\/modularer-co2-transmitter-fuer-anspruchsvolle-anwendungen-ee-870\\\/\"]}]},{\"@type\":\"ImageObject\",\"inLanguage\":\"de\",\"@id\":\"https:\\\/\\\/sysmatec.ch\\\/de\\\/produit\\\/modularer-co2-transmitter-fuer-anspruchsvolle-anwendungen-ee-870\\\/#primaryimage\",\"url\":\"https:\\\/\\\/sysmatec.ch\\\/wp-content\\\/uploads\\\/2019\\\/03\\\/Detecteur_EPlusEEE870.jpg\",\"contentUrl\":\"https:\\\/\\\/sysmatec.ch\\\/wp-content\\\/uploads\\\/2019\\\/03\\\/Detecteur_EPlusEEE870.jpg\",\"width\":187,\"height\":157},{\"@type\":\"BreadcrumbList\",\"@id\":\"https:\\\/\\\/sysmatec.ch\\\/de\\\/produit\\\/modularer-co2-transmitter-fuer-anspruchsvolle-anwendungen-ee-870\\\/#breadcrumb\",\"itemListElement\":[{\"@type\":\"ListItem\",\"position\":1,\"name\":\"Accueil\",\"item\":\"https:\\\/\\\/sysmatec.ch\\\/de\\\/\"},{\"@type\":\"ListItem\",\"position\":2,\"name\":\"Die Aktivit\u00e4t von Sysmatec\",\"item\":\"https:\\\/\\\/sysmatec.ch\\\/de\\\/\"},{\"@type\":\"ListItem\",\"position\":3,\"name\":\"Modularer CO2-Transmitter f\u00fcr anspruchsvolle Anwendungen EE 870\"}]},{\"@type\":\"WebSite\",\"@id\":\"https:\\\/\\\/sysmatec.ch\\\/de\\\/#website\",\"url\":\"https:\\\/\\\/sysmatec.ch\\\/de\\\/\",\"name\":\"Sysmatec\",\"description\":\"Equipement de laboratoire et logiciels\",\"publisher\":{\"@id\":\"https:\\\/\\\/sysmatec.ch\\\/de\\\/#organization\"},\"potentialAction\":[{\"@type\":\"SearchAction\",\"target\":{\"@type\":\"EntryPoint\",\"urlTemplate\":\"https:\\\/\\\/sysmatec.ch\\\/de\\\/?s={search_term_string}\"},\"query-input\":{\"@type\":\"PropertyValueSpecification\",\"valueRequired\":true,\"valueName\":\"search_term_string\"}}],\"inLanguage\":\"de\"},{\"@type\":\"Organization\",\"@id\":\"https:\\\/\\\/sysmatec.ch\\\/de\\\/#organization\",\"name\":\"Sysmatec\",\"url\":\"https:\\\/\\\/sysmatec.ch\\\/de\\\/\",\"logo\":{\"@type\":\"ImageObject\",\"inLanguage\":\"de\",\"@id\":\"https:\\\/\\\/sysmatec.ch\\\/de\\\/#\\\/schema\\\/logo\\\/image\\\/\",\"url\":\"https:\\\/\\\/sysmatec.ch\\\/wp-content\\\/uploads\\\/2018\\\/11\\\/LogoSysmatec.jpg\",\"contentUrl\":\"https:\\\/\\\/sysmatec.ch\\\/wp-content\\\/uploads\\\/2018\\\/11\\\/LogoSysmatec.jpg\",\"width\":301,\"height\":297,\"caption\":\"Sysmatec\"},\"image\":{\"@id\":\"https:\\\/\\\/sysmatec.ch\\\/de\\\/#\\\/schema\\\/logo\\\/image\\\/\"}}]}<\/script>\n<!-- \/ Yoast SEO plugin. -->","yoast_head_json":{"title":"Modularer CO2-Transmitter f\u00fcr anspruchsvolle Anwendungen EE 870 - Sysmatec","description":"CO2-Transmitter mit Analogausgang und Modbus-Schnittstelle. NDIR-Technologie. Messbereiche 0 bis 2000 \/ 0 bis 5000 \/ 0 bis 10000 ppm.","robots":{"index":"index","follow":"follow","max-snippet":"max-snippet:-1","max-image-preview":"max-image-preview:large","max-video-preview":"max-video-preview:-1"},"canonical":"https:\/\/sysmatec.ch\/de\/produit\/modularer-co2-transmitter-fuer-anspruchsvolle-anwendungen-ee-870\/","og_locale":"de_DE","og_type":"article","og_title":"Modularer CO2-Transmitter f\u00fcr anspruchsvolle Anwendungen EE 870 - Sysmatec","og_description":"CO2-Transmitter mit Analogausgang und Modbus-Schnittstelle. NDIR-Technologie. Messbereiche 0 bis 2000 \/ 0 bis 5000 \/ 0 bis 10000 ppm.","og_url":"https:\/\/sysmatec.ch\/de\/produit\/modularer-co2-transmitter-fuer-anspruchsvolle-anwendungen-ee-870\/","og_site_name":"Sysmatec","article_modified_time":"2022-02-12T08:45:10+00:00","og_image":[{"width":187,"height":157,"url":"https:\/\/sysmatec.ch\/wp-content\/uploads\/2019\/03\/Detecteur_EPlusEEE870.jpg","type":"image\/jpeg"}],"twitter_card":"summary_large_image","twitter_misc":{"Gesch\u00e4tzte Lesezeit":"1\u00a0Minute"},"schema":{"@context":"https:\/\/schema.org","@graph":[{"@type":"WebPage","@id":"https:\/\/sysmatec.ch\/de\/produit\/modularer-co2-transmitter-fuer-anspruchsvolle-anwendungen-ee-870\/","url":"https:\/\/sysmatec.ch\/de\/produit\/modularer-co2-transmitter-fuer-anspruchsvolle-anwendungen-ee-870\/","name":"Modularer CO2-Transmitter f\u00fcr anspruchsvolle Anwendungen EE 870 - Sysmatec","isPartOf":{"@id":"https:\/\/sysmatec.ch\/de\/#website"},"primaryImageOfPage":{"@id":"https:\/\/sysmatec.ch\/de\/produit\/modularer-co2-transmitter-fuer-anspruchsvolle-anwendungen-ee-870\/#primaryimage"},"image":{"@id":"https:\/\/sysmatec.ch\/de\/produit\/modularer-co2-transmitter-fuer-anspruchsvolle-anwendungen-ee-870\/#primaryimage"},"thumbnailUrl":"https:\/\/sysmatec.ch\/wp-content\/uploads\/2019\/03\/Detecteur_EPlusEEE870.jpg","datePublished":"2019-03-20T20:36:41+00:00","dateModified":"2022-02-12T08:45:10+00:00","description":"CO2-Transmitter mit Analogausgang und Modbus-Schnittstelle. NDIR-Technologie. Messbereiche 0 bis 2000 \/ 0 bis 5000 \/ 0 bis 10000 ppm.","breadcrumb":{"@id":"https:\/\/sysmatec.ch\/de\/produit\/modularer-co2-transmitter-fuer-anspruchsvolle-anwendungen-ee-870\/#breadcrumb"},"inLanguage":"de","potentialAction":[{"@type":"ReadAction","target":["https:\/\/sysmatec.ch\/de\/produit\/modularer-co2-transmitter-fuer-anspruchsvolle-anwendungen-ee-870\/"]}]},{"@type":"ImageObject","inLanguage":"de","@id":"https:\/\/sysmatec.ch\/de\/produit\/modularer-co2-transmitter-fuer-anspruchsvolle-anwendungen-ee-870\/#primaryimage","url":"https:\/\/sysmatec.ch\/wp-content\/uploads\/2019\/03\/Detecteur_EPlusEEE870.jpg","contentUrl":"https:\/\/sysmatec.ch\/wp-content\/uploads\/2019\/03\/Detecteur_EPlusEEE870.jpg","width":187,"height":157},{"@type":"BreadcrumbList","@id":"https:\/\/sysmatec.ch\/de\/produit\/modularer-co2-transmitter-fuer-anspruchsvolle-anwendungen-ee-870\/#breadcrumb","itemListElement":[{"@type":"ListItem","position":1,"name":"Accueil","item":"https:\/\/sysmatec.ch\/de\/"},{"@type":"ListItem","position":2,"name":"Die Aktivit\u00e4t von Sysmatec","item":"https:\/\/sysmatec.ch\/de\/"},{"@type":"ListItem","position":3,"name":"Modularer CO2-Transmitter f\u00fcr anspruchsvolle Anwendungen EE 870"}]},{"@type":"WebSite","@id":"https:\/\/sysmatec.ch\/de\/#website","url":"https:\/\/sysmatec.ch\/de\/","name":"Sysmatec","description":"Equipement de laboratoire et logiciels","publisher":{"@id":"https:\/\/sysmatec.ch\/de\/#organization"},"potentialAction":[{"@type":"SearchAction","target":{"@type":"EntryPoint","urlTemplate":"https:\/\/sysmatec.ch\/de\/?s={search_term_string}"},"query-input":{"@type":"PropertyValueSpecification","valueRequired":true,"valueName":"search_term_string"}}],"inLanguage":"de"},{"@type":"Organization","@id":"https:\/\/sysmatec.ch\/de\/#organization","name":"Sysmatec","url":"https:\/\/sysmatec.ch\/de\/","logo":{"@type":"ImageObject","inLanguage":"de","@id":"https:\/\/sysmatec.ch\/de\/#\/schema\/logo\/image\/","url":"https:\/\/sysmatec.ch\/wp-content\/uploads\/2018\/11\/LogoSysmatec.jpg","contentUrl":"https:\/\/sysmatec.ch\/wp-content\/uploads\/2018\/11\/LogoSysmatec.jpg","width":301,"height":297,"caption":"Sysmatec"},"image":{"@id":"https:\/\/sysmatec.ch\/de\/#\/schema\/logo\/image\/"}}]}},"_links":{"self":[{"href":"https:\/\/sysmatec.ch\/de\/wp-json\/wp\/v2\/product\/4716","targetHints":{"allow":["GET"]}}],"collection":[{"href":"https:\/\/sysmatec.ch\/de\/wp-json\/wp\/v2\/product"}],"about":[{"href":"https:\/\/sysmatec.ch\/de\/wp-json\/wp\/v2\/types\/product"}],"wp:featuredmedia":[{"embeddable":true,"href":"https:\/\/sysmatec.ch\/de\/wp-json\/wp\/v2\/media\/4714"}],"wp:attachment":[{"href":"https:\/\/sysmatec.ch\/de\/wp-json\/wp\/v2\/media?parent=4716"}],"wp:term":[{"taxonomy":"product_brand","embeddable":true,"href":"https:\/\/sysmatec.ch\/de\/wp-json\/wp\/v2\/product_brand?post=4716"},{"taxonomy":"product_cat","embeddable":true,"href":"https:\/\/sysmatec.ch\/de\/wp-json\/wp\/v2\/product_cat?post=4716"},{"taxonomy":"product_tag","embeddable":true,"href":"https:\/\/sysmatec.ch\/de\/wp-json\/wp\/v2\/product_tag?post=4716"}],"curies":[{"name":"wp","href":"https:\/\/api.w.org\/{rel}","templated":true}]}}