{"id":4706,"date":"2019-03-20T21:27:58","date_gmt":"2019-03-20T20:27:58","guid":{"rendered":"https:\/\/sysmatec.ch\/produit\/enregistreur-humlog-20-tco-pour-lhumidite-la-temperature-et-le-co2\/"},"modified":"2022-02-12T09:49:25","modified_gmt":"2022-02-12T08:49:25","slug":"data-logger-humlog-20-tco-fuer-feuchte-temperature-und-co2","status":"publish","type":"product","link":"https:\/\/sysmatec.ch\/de\/Produkt\/data-logger-humlog-20-tco-fuer-feuchte-temperature-und-co2\/","title":{"rendered":"Data Logger HUMLOG 20-TCO f\u00fcr Feuchte, Temperature und CO2"},"content":{"rendered":"<p>Datenlogger HUMLOG20 erm\u00f6glichen die exakte und professionelle Aufzeichnung der klimatischen Messgr\u00f6\u00dfen Feuchte, Temperatur, Luftdruck und CO2. Die lange Batterielebensdauer und der gro\u00dfe peicher erm\u00f6glichen eine l\u00fcckenlose Datenaufzeichnung auch \u00fcber lange Zeitr\u00e4ume. Die Konfiguration und Auswertung der Messdaten ist mittels der im Lieferumfang enthaltenen Software SmartGraph3 einfach und unkompliziert durchf\u00fchrbar. Die eingebaute Ethernet Schnittstelle macht den HUMLOG20 netzwerkf\u00e4hig und gew\u00e4hrleistet h\u00f6chste Zuverl\u00e4ssigkeit bei der Messdaten\u00fcbertragung.<\/p>\n<ul>\n<li type=\"disc\">Relative Feuchte Sensor: kapazitiv<\/li>\n<li type=\"disc\">Relative Feuchte Messbereich: 10 bis 95% r.F<\/li>\n<li type=\"disc\">Relative Feuchte Genauigkeit bei 20\u00b0C: \u00b12% r.F<\/li>\n<li type=\"disc\">Relative Feuchte Aufl\u00f6sung: 0.1% rF<\/li>\n<li type=\"disc\">Temperatur Sensor: NTC<\/li>\n<li type=\"disc\">Temperatur Sensor Messbereich -20 bis 50\u00b0C<\/li>\n<li type=\"disc\">Temperatur Sensor Genauigkeit \u00b10.3\u00b0C (0 bis 40\u00b0C), sonst \u00b10.5\u00b0C<\/li>\n<li type=\"disc\">Temperatur Sensor Aufl\u00f6sung: 0.1\u00b0C<\/li>\n<li type=\"disc\">CO2 Sensor: NDIR 2-Strahl Prinzip<\/li>\n<li type=\"disc\">CO2 Messbereich: 0 bis 5000ppm<\/li>\n<li type=\"disc\">CO2 Genauigkeit: \u00b1 (50ppm +3% vom Messwert)<\/li>\n<li type=\"disc\">CO2 Aufl\u00f6sung: 1ppm<\/li>\n<li type=\"disc\">CO2 Langzeitstabilit\u00e4t: 20 ppm\/Jahr<\/li>\n<li type=\"disc\">CO2 Ansprechzeit: t90 &lt; 195s f\u00fcr Abtastintervall 10 sek.<\/li>\n<li type=\"disc\">CO2 Temperaturabh\u00e4ngigkeit: typ. 2ppm CO2\/\u00b0C (0&#8230;50\u00b0C) abweichend von 25\u00b0C<\/li>\n<li type=\"disc\">Datenspeicher: 16 MB, 3 200 000 Messwerte<\/li>\n<li type=\"disc\">Batterielebensdauer: &gt; 4 Monate<\/li>\n<li type=\"disc\">Schnittstelle: USB, LAN (Ethernet)<\/li>\n<li type=\"disc\">Abtastintervall: 10\/30s, 1\/10\/12\/15\/30min, 1\/3\/6\/12\/24h<\/li>\n<li type=\"disc\">Speicherintervall: 1\/1012\/15\/30min, 1\/3\/6\/12\/24h<\/li>\n<li type=\"disc\">Stromversorgung Batterie: 4 x LRG AA Mignon oder USB, optional ist auch die Versorgung \u00fcber PoE (Power over Ethernet) m\u00f6glich<\/li>\n<li type=\"disc\">Einsatzbereich Temperatur: -20 bis 50\u00b0C<\/li>\n<li type=\"disc\">Feuchte: 0 bis 95% r.F. (nicht kondensierend)<\/li>\n<li type=\"disc\">Abmessung L\u00e4nge 166mm, Breite 78mm, Tiefe 32mm<\/li>\n<\/ul>\n","protected":false},"excerpt":{"rendered":"<p>Data Logger f\u00fcr Feuchte, Temperatur und CO2<\/p>\n","protected":false},"featured_media":4704,"template":"","meta":{"_crdt_document":""},"product_brand":[],"product_cat":[185,374],"product_tag":[],"class_list":{"0":"post-4706","1":"product","2":"type-product","3":"status-publish","4":"has-post-thumbnail","6":"product_cat-analyzer-de","7":"product_cat-gas-de","9":"first","10":"instock","11":"taxable","12":"shipping-taxable","13":"product-type-simple"},"yoast_head":"<!-- This site is optimized with the Yoast SEO plugin v27.4 - https:\/\/yoast.com\/product\/yoast-seo-wordpress\/ -->\n<title>Data Logger HUMLOG 20-TCO f\u00fcr Feuchte, Temperature und CO2 - Sysmatec<\/title>\n<meta name=\"description\" content=\"Temperatur-, Feuchtigkeits-, Luftdruck- und CO2-Rekorder. CO2-Messbereich von 0 bis 5000 ppm.\" \/>\n<meta name=\"robots\" content=\"index, follow, max-snippet:-1, max-image-preview:large, max-video-preview:-1\" \/>\n<link rel=\"canonical\" href=\"https:\/\/sysmatec.ch\/de\/produit\/data-logger-humlog-20-tco-fuer-feuchte-temperature-und-co2\/\" \/>\n<meta property=\"og:locale\" content=\"de_DE\" \/>\n<meta property=\"og:type\" content=\"article\" \/>\n<meta property=\"og:title\" content=\"Data Logger HUMLOG 20-TCO f\u00fcr Feuchte, Temperature und CO2 - Sysmatec\" \/>\n<meta property=\"og:description\" content=\"Temperatur-, Feuchtigkeits-, Luftdruck- und CO2-Rekorder. CO2-Messbereich von 0 bis 5000 ppm.\" \/>\n<meta property=\"og:url\" content=\"https:\/\/sysmatec.ch\/de\/produit\/data-logger-humlog-20-tco-fuer-feuchte-temperature-und-co2\/\" \/>\n<meta property=\"og:site_name\" content=\"Sysmatec\" \/>\n<meta property=\"article:modified_time\" content=\"2022-02-12T08:49:25+00:00\" \/>\n<meta property=\"og:image\" content=\"https:\/\/sysmatec.ch\/wp-content\/uploads\/2019\/03\/Detecteur_EPlusEHUMLOGTCO.jpg\" \/>\n\t<meta property=\"og:image:width\" content=\"185\" \/>\n\t<meta property=\"og:image:height\" content=\"115\" \/>\n\t<meta property=\"og:image:type\" content=\"image\/jpeg\" \/>\n<meta name=\"twitter:card\" content=\"summary_large_image\" \/>\n<meta name=\"twitter:label1\" content=\"Gesch\u00e4tzte Lesezeit\" \/>\n\t<meta name=\"twitter:data1\" content=\"1\u00a0Minute\" \/>\n<script type=\"application\/ld+json\" class=\"yoast-schema-graph\">{\"@context\":\"https:\\\/\\\/schema.org\",\"@graph\":[{\"@type\":\"WebPage\",\"@id\":\"https:\\\/\\\/sysmatec.ch\\\/de\\\/produit\\\/data-logger-humlog-20-tco-fuer-feuchte-temperature-und-co2\\\/\",\"url\":\"https:\\\/\\\/sysmatec.ch\\\/de\\\/produit\\\/data-logger-humlog-20-tco-fuer-feuchte-temperature-und-co2\\\/\",\"name\":\"Data Logger HUMLOG 20-TCO f\u00fcr Feuchte, Temperature und CO2 - Sysmatec\",\"isPartOf\":{\"@id\":\"https:\\\/\\\/sysmatec.ch\\\/de\\\/#website\"},\"primaryImageOfPage\":{\"@id\":\"https:\\\/\\\/sysmatec.ch\\\/de\\\/produit\\\/data-logger-humlog-20-tco-fuer-feuchte-temperature-und-co2\\\/#primaryimage\"},\"image\":{\"@id\":\"https:\\\/\\\/sysmatec.ch\\\/de\\\/produit\\\/data-logger-humlog-20-tco-fuer-feuchte-temperature-und-co2\\\/#primaryimage\"},\"thumbnailUrl\":\"https:\\\/\\\/sysmatec.ch\\\/wp-content\\\/uploads\\\/2019\\\/03\\\/Detecteur_EPlusEHUMLOGTCO.jpg\",\"datePublished\":\"2019-03-20T20:27:58+00:00\",\"dateModified\":\"2022-02-12T08:49:25+00:00\",\"description\":\"Temperatur-, Feuchtigkeits-, Luftdruck- und CO2-Rekorder. CO2-Messbereich von 0 bis 5000 ppm.\",\"breadcrumb\":{\"@id\":\"https:\\\/\\\/sysmatec.ch\\\/de\\\/produit\\\/data-logger-humlog-20-tco-fuer-feuchte-temperature-und-co2\\\/#breadcrumb\"},\"inLanguage\":\"de\",\"potentialAction\":[{\"@type\":\"ReadAction\",\"target\":[\"https:\\\/\\\/sysmatec.ch\\\/de\\\/produit\\\/data-logger-humlog-20-tco-fuer-feuchte-temperature-und-co2\\\/\"]}]},{\"@type\":\"ImageObject\",\"inLanguage\":\"de\",\"@id\":\"https:\\\/\\\/sysmatec.ch\\\/de\\\/produit\\\/data-logger-humlog-20-tco-fuer-feuchte-temperature-und-co2\\\/#primaryimage\",\"url\":\"https:\\\/\\\/sysmatec.ch\\\/wp-content\\\/uploads\\\/2019\\\/03\\\/Detecteur_EPlusEHUMLOGTCO.jpg\",\"contentUrl\":\"https:\\\/\\\/sysmatec.ch\\\/wp-content\\\/uploads\\\/2019\\\/03\\\/Detecteur_EPlusEHUMLOGTCO.jpg\",\"width\":185,\"height\":115},{\"@type\":\"BreadcrumbList\",\"@id\":\"https:\\\/\\\/sysmatec.ch\\\/de\\\/produit\\\/data-logger-humlog-20-tco-fuer-feuchte-temperature-und-co2\\\/#breadcrumb\",\"itemListElement\":[{\"@type\":\"ListItem\",\"position\":1,\"name\":\"Accueil\",\"item\":\"https:\\\/\\\/sysmatec.ch\\\/de\\\/\"},{\"@type\":\"ListItem\",\"position\":2,\"name\":\"Die Aktivit\u00e4t von Sysmatec\",\"item\":\"https:\\\/\\\/sysmatec.ch\\\/de\\\/\"},{\"@type\":\"ListItem\",\"position\":3,\"name\":\"Data Logger HUMLOG 20-TCO f\u00fcr Feuchte, Temperature und CO2\"}]},{\"@type\":\"WebSite\",\"@id\":\"https:\\\/\\\/sysmatec.ch\\\/de\\\/#website\",\"url\":\"https:\\\/\\\/sysmatec.ch\\\/de\\\/\",\"name\":\"Sysmatec\",\"description\":\"Equipement de laboratoire et logiciels\",\"publisher\":{\"@id\":\"https:\\\/\\\/sysmatec.ch\\\/de\\\/#organization\"},\"potentialAction\":[{\"@type\":\"SearchAction\",\"target\":{\"@type\":\"EntryPoint\",\"urlTemplate\":\"https:\\\/\\\/sysmatec.ch\\\/de\\\/?s={search_term_string}\"},\"query-input\":{\"@type\":\"PropertyValueSpecification\",\"valueRequired\":true,\"valueName\":\"search_term_string\"}}],\"inLanguage\":\"de\"},{\"@type\":\"Organization\",\"@id\":\"https:\\\/\\\/sysmatec.ch\\\/de\\\/#organization\",\"name\":\"Sysmatec\",\"url\":\"https:\\\/\\\/sysmatec.ch\\\/de\\\/\",\"logo\":{\"@type\":\"ImageObject\",\"inLanguage\":\"de\",\"@id\":\"https:\\\/\\\/sysmatec.ch\\\/de\\\/#\\\/schema\\\/logo\\\/image\\\/\",\"url\":\"https:\\\/\\\/sysmatec.ch\\\/wp-content\\\/uploads\\\/2018\\\/11\\\/LogoSysmatec.jpg\",\"contentUrl\":\"https:\\\/\\\/sysmatec.ch\\\/wp-content\\\/uploads\\\/2018\\\/11\\\/LogoSysmatec.jpg\",\"width\":301,\"height\":297,\"caption\":\"Sysmatec\"},\"image\":{\"@id\":\"https:\\\/\\\/sysmatec.ch\\\/de\\\/#\\\/schema\\\/logo\\\/image\\\/\"}}]}<\/script>\n<!-- \/ Yoast SEO plugin. -->","yoast_head_json":{"title":"Data Logger HUMLOG 20-TCO f\u00fcr Feuchte, Temperature und CO2 - Sysmatec","description":"Temperatur-, Feuchtigkeits-, Luftdruck- und CO2-Rekorder. CO2-Messbereich von 0 bis 5000 ppm.","robots":{"index":"index","follow":"follow","max-snippet":"max-snippet:-1","max-image-preview":"max-image-preview:large","max-video-preview":"max-video-preview:-1"},"canonical":"https:\/\/sysmatec.ch\/de\/produit\/data-logger-humlog-20-tco-fuer-feuchte-temperature-und-co2\/","og_locale":"de_DE","og_type":"article","og_title":"Data Logger HUMLOG 20-TCO f\u00fcr Feuchte, Temperature und CO2 - Sysmatec","og_description":"Temperatur-, Feuchtigkeits-, Luftdruck- und CO2-Rekorder. CO2-Messbereich von 0 bis 5000 ppm.","og_url":"https:\/\/sysmatec.ch\/de\/produit\/data-logger-humlog-20-tco-fuer-feuchte-temperature-und-co2\/","og_site_name":"Sysmatec","article_modified_time":"2022-02-12T08:49:25+00:00","og_image":[{"width":185,"height":115,"url":"https:\/\/sysmatec.ch\/wp-content\/uploads\/2019\/03\/Detecteur_EPlusEHUMLOGTCO.jpg","type":"image\/jpeg"}],"twitter_card":"summary_large_image","twitter_misc":{"Gesch\u00e4tzte Lesezeit":"1\u00a0Minute"},"schema":{"@context":"https:\/\/schema.org","@graph":[{"@type":"WebPage","@id":"https:\/\/sysmatec.ch\/de\/produit\/data-logger-humlog-20-tco-fuer-feuchte-temperature-und-co2\/","url":"https:\/\/sysmatec.ch\/de\/produit\/data-logger-humlog-20-tco-fuer-feuchte-temperature-und-co2\/","name":"Data Logger HUMLOG 20-TCO f\u00fcr Feuchte, Temperature und CO2 - Sysmatec","isPartOf":{"@id":"https:\/\/sysmatec.ch\/de\/#website"},"primaryImageOfPage":{"@id":"https:\/\/sysmatec.ch\/de\/produit\/data-logger-humlog-20-tco-fuer-feuchte-temperature-und-co2\/#primaryimage"},"image":{"@id":"https:\/\/sysmatec.ch\/de\/produit\/data-logger-humlog-20-tco-fuer-feuchte-temperature-und-co2\/#primaryimage"},"thumbnailUrl":"https:\/\/sysmatec.ch\/wp-content\/uploads\/2019\/03\/Detecteur_EPlusEHUMLOGTCO.jpg","datePublished":"2019-03-20T20:27:58+00:00","dateModified":"2022-02-12T08:49:25+00:00","description":"Temperatur-, Feuchtigkeits-, Luftdruck- und CO2-Rekorder. CO2-Messbereich von 0 bis 5000 ppm.","breadcrumb":{"@id":"https:\/\/sysmatec.ch\/de\/produit\/data-logger-humlog-20-tco-fuer-feuchte-temperature-und-co2\/#breadcrumb"},"inLanguage":"de","potentialAction":[{"@type":"ReadAction","target":["https:\/\/sysmatec.ch\/de\/produit\/data-logger-humlog-20-tco-fuer-feuchte-temperature-und-co2\/"]}]},{"@type":"ImageObject","inLanguage":"de","@id":"https:\/\/sysmatec.ch\/de\/produit\/data-logger-humlog-20-tco-fuer-feuchte-temperature-und-co2\/#primaryimage","url":"https:\/\/sysmatec.ch\/wp-content\/uploads\/2019\/03\/Detecteur_EPlusEHUMLOGTCO.jpg","contentUrl":"https:\/\/sysmatec.ch\/wp-content\/uploads\/2019\/03\/Detecteur_EPlusEHUMLOGTCO.jpg","width":185,"height":115},{"@type":"BreadcrumbList","@id":"https:\/\/sysmatec.ch\/de\/produit\/data-logger-humlog-20-tco-fuer-feuchte-temperature-und-co2\/#breadcrumb","itemListElement":[{"@type":"ListItem","position":1,"name":"Accueil","item":"https:\/\/sysmatec.ch\/de\/"},{"@type":"ListItem","position":2,"name":"Die Aktivit\u00e4t von Sysmatec","item":"https:\/\/sysmatec.ch\/de\/"},{"@type":"ListItem","position":3,"name":"Data Logger HUMLOG 20-TCO f\u00fcr Feuchte, Temperature und CO2"}]},{"@type":"WebSite","@id":"https:\/\/sysmatec.ch\/de\/#website","url":"https:\/\/sysmatec.ch\/de\/","name":"Sysmatec","description":"Equipement de laboratoire et logiciels","publisher":{"@id":"https:\/\/sysmatec.ch\/de\/#organization"},"potentialAction":[{"@type":"SearchAction","target":{"@type":"EntryPoint","urlTemplate":"https:\/\/sysmatec.ch\/de\/?s={search_term_string}"},"query-input":{"@type":"PropertyValueSpecification","valueRequired":true,"valueName":"search_term_string"}}],"inLanguage":"de"},{"@type":"Organization","@id":"https:\/\/sysmatec.ch\/de\/#organization","name":"Sysmatec","url":"https:\/\/sysmatec.ch\/de\/","logo":{"@type":"ImageObject","inLanguage":"de","@id":"https:\/\/sysmatec.ch\/de\/#\/schema\/logo\/image\/","url":"https:\/\/sysmatec.ch\/wp-content\/uploads\/2018\/11\/LogoSysmatec.jpg","contentUrl":"https:\/\/sysmatec.ch\/wp-content\/uploads\/2018\/11\/LogoSysmatec.jpg","width":301,"height":297,"caption":"Sysmatec"},"image":{"@id":"https:\/\/sysmatec.ch\/de\/#\/schema\/logo\/image\/"}}]}},"_links":{"self":[{"href":"https:\/\/sysmatec.ch\/de\/wp-json\/wp\/v2\/product\/4706","targetHints":{"allow":["GET"]}}],"collection":[{"href":"https:\/\/sysmatec.ch\/de\/wp-json\/wp\/v2\/product"}],"about":[{"href":"https:\/\/sysmatec.ch\/de\/wp-json\/wp\/v2\/types\/product"}],"wp:featuredmedia":[{"embeddable":true,"href":"https:\/\/sysmatec.ch\/de\/wp-json\/wp\/v2\/media\/4704"}],"wp:attachment":[{"href":"https:\/\/sysmatec.ch\/de\/wp-json\/wp\/v2\/media?parent=4706"}],"wp:term":[{"taxonomy":"product_brand","embeddable":true,"href":"https:\/\/sysmatec.ch\/de\/wp-json\/wp\/v2\/product_brand?post=4706"},{"taxonomy":"product_cat","embeddable":true,"href":"https:\/\/sysmatec.ch\/de\/wp-json\/wp\/v2\/product_cat?post=4706"},{"taxonomy":"product_tag","embeddable":true,"href":"https:\/\/sysmatec.ch\/de\/wp-json\/wp\/v2\/product_tag?post=4706"}],"curies":[{"name":"wp","href":"https:\/\/api.w.org\/{rel}","templated":true}]}}