{"id":4700,"date":"2019-03-20T21:07:06","date_gmt":"2019-03-20T20:07:06","guid":{"rendered":"https:\/\/sysmatec.ch\/produit\/transmetteur-de-co2-pour-applications-en-agriculture-ee82\/"},"modified":"2022-02-12T09:58:00","modified_gmt":"2022-02-12T08:58:00","slug":"co2-messgeraet-fuer-anspruchsvolle-anwendungen-ee82","status":"publish","type":"product","link":"https:\/\/sysmatec.ch\/de\/Produkt\/co2-messgeraet-fuer-anspruchsvolle-anwendungen-ee82\/","title":{"rendered":"CO2 Messger\u00e4t f\u00fcr anspruchsvolle Anwendungen EE82"},"content":{"rendered":"<p>Feuchtigkeiten nahe der Kondensation, starke Verunreinigungen durch Pestizide, D\u00fcngemittel und hohe Ammoniakkonzentrationen sind nur einige der harten Anforderungen, denen Messsysteme in Gew\u00e4chsh\u00e4usern oder Stallungen standhalten m\u00fcssen. Die robusten CO2 Messumformer und Schalter der Serie EE82 werden diesen widrigen Umgebungsbedingungen durch ein funktionelles Geh\u00e4use mit integriertem Filtereinsatz gerecht. Die zu \u00fcberwachende Luft gelangt durch Diffusion \u00fcber den Filtereinsatz ins Innere des Geh\u00e4uses. Dort erfolgt der eigentliche Gasaustausch mit dem Sensorelement durch Diffusion \u00fcber einen weiteren, in der Messzelle integrierten Membranfilter. Die CO2 Messung basiert auf dem Infrarotprinzip. Ein patentiertes Autokalibrationsverfahren kompensiert Alterungseffekte und sorgt f\u00fcr hohe Zuverl\u00e4ssigkeit und Langzeitstabilit\u00e4t. Die Messbereiche 0 bis 2000\/5000\/10000ppm werden auf die Analogschnittstelle 0-5\/10V bzw. 4-20mA abgebildet. Wahlweise ist auch ein Schaltausgang mit einstellbarem Schaltpunkt und Hysterese erh\u00e4ltlich.<\/p>\n<ul>\n<li type=\"disc\">Messbereich: 0 bis 2000 \/ 5000 \/ 10000 ppm<\/li>\n<li type=\"disc\">Genauigkeit bei 25\u00b0C und 1013mbar: 0 bis 2000ppm: &lt; \u00b1 (50ppm +2% v.Mw.), 0 bis 5000ppm: &lt; \u00b1 (50ppm +3% v.Mw.), 0 bis 10000ppm: &lt; \u00b1 (100ppm +5% v.Mw.)<\/li>\n<li type=\"disc\">Ansprechzeit: \u03c463 &lt; 195s<\/li>\n<li type=\"disc\">Temperaturabh\u00e4ngigkeit: typ. 2ppm CO2\/\u00b0C<\/li>\n<li type=\"disc\">Langzeitstabilit\u00e4t typ. 20ppm \/ Jahr<\/li>\n<li type=\"disc\">Messrate ca. 15s<\/li>\n<li type=\"disc\">Analog Ausgang 0 bis 2000 \/ 5000 \/ 10000ppm: 0 &#8211; 5V \/ 0 &#8211; 10V,4 &#8211; 20mA RL &lt; 500 Ohm<\/li>\n<li type=\"disc\">Schaltausgang: Max. Schaltspannung 50V AC \/ 60V DC, Max. Schaltleistung 0.7A bei 50V AC 1A bei 24V DC, Min. Schaltleistung 1mA bei 5V DC, Kontaktmaterial Ag+Au clad<\/li>\n<li type=\"disc\">Versorgungsspannung: 24V AC \u00b120% 15 &#8211; 35V DC<\/li>\n<\/ul>\n","protected":false},"excerpt":{"rendered":"<p>CO2 Messger\u00e4t f\u00fcr anspruchsvolle Anwendungen<\/p>\n","protected":false},"featured_media":4698,"template":"","meta":{"_crdt_document":""},"product_brand":[],"product_cat":[185,374],"product_tag":[],"class_list":{"0":"post-4700","1":"product","2":"type-product","3":"status-publish","4":"has-post-thumbnail","6":"product_cat-analyzer-de","7":"product_cat-gas-de","9":"first","10":"instock","11":"taxable","12":"shipping-taxable","13":"product-type-simple"},"yoast_head":"<!-- This site is optimized with the Yoast SEO plugin v27.4 - https:\/\/yoast.com\/product\/yoast-seo-wordpress\/ -->\n<title>CO2 Messger\u00e4t f\u00fcr anspruchsvolle Anwendungen EE82 - Sysmatec<\/title>\n<meta name=\"description\" content=\"CO2-Transmitter f\u00fcr w\u00e4hlbare Messbereiche von 0 bis 2000 \/ 0 bis 5000 \/ 0 bis 10000 ppm Nicht-dispersive Infrarot-Technologie (NDIR).\" \/>\n<meta name=\"robots\" content=\"index, follow, max-snippet:-1, max-image-preview:large, max-video-preview:-1\" \/>\n<link rel=\"canonical\" href=\"https:\/\/sysmatec.ch\/de\/produit\/co2-messgeraet-fuer-anspruchsvolle-anwendungen-ee82\/\" \/>\n<meta property=\"og:locale\" content=\"de_DE\" \/>\n<meta property=\"og:type\" content=\"article\" \/>\n<meta property=\"og:title\" content=\"CO2 Messger\u00e4t f\u00fcr anspruchsvolle Anwendungen EE82 - Sysmatec\" \/>\n<meta property=\"og:description\" content=\"CO2-Transmitter f\u00fcr w\u00e4hlbare Messbereiche von 0 bis 2000 \/ 0 bis 5000 \/ 0 bis 10000 ppm Nicht-dispersive Infrarot-Technologie (NDIR).\" \/>\n<meta property=\"og:url\" content=\"https:\/\/sysmatec.ch\/de\/produit\/co2-messgeraet-fuer-anspruchsvolle-anwendungen-ee82\/\" \/>\n<meta property=\"og:site_name\" content=\"Sysmatec\" \/>\n<meta property=\"article:modified_time\" content=\"2022-02-12T08:58:00+00:00\" \/>\n<meta property=\"og:image\" content=\"https:\/\/sysmatec.ch\/wp-content\/uploads\/2019\/03\/Detecteur_EPlusEEE82.jpg\" \/>\n\t<meta property=\"og:image:width\" content=\"181\" \/>\n\t<meta property=\"og:image:height\" content=\"136\" \/>\n\t<meta property=\"og:image:type\" content=\"image\/jpeg\" \/>\n<meta name=\"twitter:card\" content=\"summary_large_image\" \/>\n<meta name=\"twitter:label1\" content=\"Gesch\u00e4tzte Lesezeit\" \/>\n\t<meta name=\"twitter:data1\" content=\"1\u00a0Minute\" \/>\n<script type=\"application\/ld+json\" class=\"yoast-schema-graph\">{\"@context\":\"https:\\\/\\\/schema.org\",\"@graph\":[{\"@type\":\"WebPage\",\"@id\":\"https:\\\/\\\/sysmatec.ch\\\/de\\\/produit\\\/co2-messgeraet-fuer-anspruchsvolle-anwendungen-ee82\\\/\",\"url\":\"https:\\\/\\\/sysmatec.ch\\\/de\\\/produit\\\/co2-messgeraet-fuer-anspruchsvolle-anwendungen-ee82\\\/\",\"name\":\"CO2 Messger\u00e4t f\u00fcr anspruchsvolle Anwendungen EE82 - Sysmatec\",\"isPartOf\":{\"@id\":\"https:\\\/\\\/sysmatec.ch\\\/de\\\/#website\"},\"primaryImageOfPage\":{\"@id\":\"https:\\\/\\\/sysmatec.ch\\\/de\\\/produit\\\/co2-messgeraet-fuer-anspruchsvolle-anwendungen-ee82\\\/#primaryimage\"},\"image\":{\"@id\":\"https:\\\/\\\/sysmatec.ch\\\/de\\\/produit\\\/co2-messgeraet-fuer-anspruchsvolle-anwendungen-ee82\\\/#primaryimage\"},\"thumbnailUrl\":\"https:\\\/\\\/sysmatec.ch\\\/wp-content\\\/uploads\\\/2019\\\/03\\\/Detecteur_EPlusEEE82.jpg\",\"datePublished\":\"2019-03-20T20:07:06+00:00\",\"dateModified\":\"2022-02-12T08:58:00+00:00\",\"description\":\"CO2-Transmitter f\u00fcr w\u00e4hlbare Messbereiche von 0 bis 2000 \\\/ 0 bis 5000 \\\/ 0 bis 10000 ppm Nicht-dispersive Infrarot-Technologie (NDIR).\",\"breadcrumb\":{\"@id\":\"https:\\\/\\\/sysmatec.ch\\\/de\\\/produit\\\/co2-messgeraet-fuer-anspruchsvolle-anwendungen-ee82\\\/#breadcrumb\"},\"inLanguage\":\"de\",\"potentialAction\":[{\"@type\":\"ReadAction\",\"target\":[\"https:\\\/\\\/sysmatec.ch\\\/de\\\/produit\\\/co2-messgeraet-fuer-anspruchsvolle-anwendungen-ee82\\\/\"]}]},{\"@type\":\"ImageObject\",\"inLanguage\":\"de\",\"@id\":\"https:\\\/\\\/sysmatec.ch\\\/de\\\/produit\\\/co2-messgeraet-fuer-anspruchsvolle-anwendungen-ee82\\\/#primaryimage\",\"url\":\"https:\\\/\\\/sysmatec.ch\\\/wp-content\\\/uploads\\\/2019\\\/03\\\/Detecteur_EPlusEEE82.jpg\",\"contentUrl\":\"https:\\\/\\\/sysmatec.ch\\\/wp-content\\\/uploads\\\/2019\\\/03\\\/Detecteur_EPlusEEE82.jpg\",\"width\":181,\"height\":136},{\"@type\":\"BreadcrumbList\",\"@id\":\"https:\\\/\\\/sysmatec.ch\\\/de\\\/produit\\\/co2-messgeraet-fuer-anspruchsvolle-anwendungen-ee82\\\/#breadcrumb\",\"itemListElement\":[{\"@type\":\"ListItem\",\"position\":1,\"name\":\"Accueil\",\"item\":\"https:\\\/\\\/sysmatec.ch\\\/de\\\/\"},{\"@type\":\"ListItem\",\"position\":2,\"name\":\"Die Aktivit\u00e4t von Sysmatec\",\"item\":\"https:\\\/\\\/sysmatec.ch\\\/de\\\/\"},{\"@type\":\"ListItem\",\"position\":3,\"name\":\"CO2 Messger\u00e4t f\u00fcr anspruchsvolle Anwendungen EE82\"}]},{\"@type\":\"WebSite\",\"@id\":\"https:\\\/\\\/sysmatec.ch\\\/de\\\/#website\",\"url\":\"https:\\\/\\\/sysmatec.ch\\\/de\\\/\",\"name\":\"Sysmatec\",\"description\":\"Equipement de laboratoire et logiciels\",\"publisher\":{\"@id\":\"https:\\\/\\\/sysmatec.ch\\\/de\\\/#organization\"},\"potentialAction\":[{\"@type\":\"SearchAction\",\"target\":{\"@type\":\"EntryPoint\",\"urlTemplate\":\"https:\\\/\\\/sysmatec.ch\\\/de\\\/?s={search_term_string}\"},\"query-input\":{\"@type\":\"PropertyValueSpecification\",\"valueRequired\":true,\"valueName\":\"search_term_string\"}}],\"inLanguage\":\"de\"},{\"@type\":\"Organization\",\"@id\":\"https:\\\/\\\/sysmatec.ch\\\/de\\\/#organization\",\"name\":\"Sysmatec\",\"url\":\"https:\\\/\\\/sysmatec.ch\\\/de\\\/\",\"logo\":{\"@type\":\"ImageObject\",\"inLanguage\":\"de\",\"@id\":\"https:\\\/\\\/sysmatec.ch\\\/de\\\/#\\\/schema\\\/logo\\\/image\\\/\",\"url\":\"https:\\\/\\\/sysmatec.ch\\\/wp-content\\\/uploads\\\/2018\\\/11\\\/LogoSysmatec.jpg\",\"contentUrl\":\"https:\\\/\\\/sysmatec.ch\\\/wp-content\\\/uploads\\\/2018\\\/11\\\/LogoSysmatec.jpg\",\"width\":301,\"height\":297,\"caption\":\"Sysmatec\"},\"image\":{\"@id\":\"https:\\\/\\\/sysmatec.ch\\\/de\\\/#\\\/schema\\\/logo\\\/image\\\/\"}}]}<\/script>\n<!-- \/ Yoast SEO plugin. -->","yoast_head_json":{"title":"CO2 Messger\u00e4t f\u00fcr anspruchsvolle Anwendungen EE82 - Sysmatec","description":"CO2-Transmitter f\u00fcr w\u00e4hlbare Messbereiche von 0 bis 2000 \/ 0 bis 5000 \/ 0 bis 10000 ppm Nicht-dispersive Infrarot-Technologie (NDIR).","robots":{"index":"index","follow":"follow","max-snippet":"max-snippet:-1","max-image-preview":"max-image-preview:large","max-video-preview":"max-video-preview:-1"},"canonical":"https:\/\/sysmatec.ch\/de\/produit\/co2-messgeraet-fuer-anspruchsvolle-anwendungen-ee82\/","og_locale":"de_DE","og_type":"article","og_title":"CO2 Messger\u00e4t f\u00fcr anspruchsvolle Anwendungen EE82 - Sysmatec","og_description":"CO2-Transmitter f\u00fcr w\u00e4hlbare Messbereiche von 0 bis 2000 \/ 0 bis 5000 \/ 0 bis 10000 ppm Nicht-dispersive Infrarot-Technologie (NDIR).","og_url":"https:\/\/sysmatec.ch\/de\/produit\/co2-messgeraet-fuer-anspruchsvolle-anwendungen-ee82\/","og_site_name":"Sysmatec","article_modified_time":"2022-02-12T08:58:00+00:00","og_image":[{"width":181,"height":136,"url":"https:\/\/sysmatec.ch\/wp-content\/uploads\/2019\/03\/Detecteur_EPlusEEE82.jpg","type":"image\/jpeg"}],"twitter_card":"summary_large_image","twitter_misc":{"Gesch\u00e4tzte Lesezeit":"1\u00a0Minute"},"schema":{"@context":"https:\/\/schema.org","@graph":[{"@type":"WebPage","@id":"https:\/\/sysmatec.ch\/de\/produit\/co2-messgeraet-fuer-anspruchsvolle-anwendungen-ee82\/","url":"https:\/\/sysmatec.ch\/de\/produit\/co2-messgeraet-fuer-anspruchsvolle-anwendungen-ee82\/","name":"CO2 Messger\u00e4t f\u00fcr anspruchsvolle Anwendungen EE82 - Sysmatec","isPartOf":{"@id":"https:\/\/sysmatec.ch\/de\/#website"},"primaryImageOfPage":{"@id":"https:\/\/sysmatec.ch\/de\/produit\/co2-messgeraet-fuer-anspruchsvolle-anwendungen-ee82\/#primaryimage"},"image":{"@id":"https:\/\/sysmatec.ch\/de\/produit\/co2-messgeraet-fuer-anspruchsvolle-anwendungen-ee82\/#primaryimage"},"thumbnailUrl":"https:\/\/sysmatec.ch\/wp-content\/uploads\/2019\/03\/Detecteur_EPlusEEE82.jpg","datePublished":"2019-03-20T20:07:06+00:00","dateModified":"2022-02-12T08:58:00+00:00","description":"CO2-Transmitter f\u00fcr w\u00e4hlbare Messbereiche von 0 bis 2000 \/ 0 bis 5000 \/ 0 bis 10000 ppm Nicht-dispersive Infrarot-Technologie (NDIR).","breadcrumb":{"@id":"https:\/\/sysmatec.ch\/de\/produit\/co2-messgeraet-fuer-anspruchsvolle-anwendungen-ee82\/#breadcrumb"},"inLanguage":"de","potentialAction":[{"@type":"ReadAction","target":["https:\/\/sysmatec.ch\/de\/produit\/co2-messgeraet-fuer-anspruchsvolle-anwendungen-ee82\/"]}]},{"@type":"ImageObject","inLanguage":"de","@id":"https:\/\/sysmatec.ch\/de\/produit\/co2-messgeraet-fuer-anspruchsvolle-anwendungen-ee82\/#primaryimage","url":"https:\/\/sysmatec.ch\/wp-content\/uploads\/2019\/03\/Detecteur_EPlusEEE82.jpg","contentUrl":"https:\/\/sysmatec.ch\/wp-content\/uploads\/2019\/03\/Detecteur_EPlusEEE82.jpg","width":181,"height":136},{"@type":"BreadcrumbList","@id":"https:\/\/sysmatec.ch\/de\/produit\/co2-messgeraet-fuer-anspruchsvolle-anwendungen-ee82\/#breadcrumb","itemListElement":[{"@type":"ListItem","position":1,"name":"Accueil","item":"https:\/\/sysmatec.ch\/de\/"},{"@type":"ListItem","position":2,"name":"Die Aktivit\u00e4t von Sysmatec","item":"https:\/\/sysmatec.ch\/de\/"},{"@type":"ListItem","position":3,"name":"CO2 Messger\u00e4t f\u00fcr anspruchsvolle Anwendungen EE82"}]},{"@type":"WebSite","@id":"https:\/\/sysmatec.ch\/de\/#website","url":"https:\/\/sysmatec.ch\/de\/","name":"Sysmatec","description":"Equipement de laboratoire et logiciels","publisher":{"@id":"https:\/\/sysmatec.ch\/de\/#organization"},"potentialAction":[{"@type":"SearchAction","target":{"@type":"EntryPoint","urlTemplate":"https:\/\/sysmatec.ch\/de\/?s={search_term_string}"},"query-input":{"@type":"PropertyValueSpecification","valueRequired":true,"valueName":"search_term_string"}}],"inLanguage":"de"},{"@type":"Organization","@id":"https:\/\/sysmatec.ch\/de\/#organization","name":"Sysmatec","url":"https:\/\/sysmatec.ch\/de\/","logo":{"@type":"ImageObject","inLanguage":"de","@id":"https:\/\/sysmatec.ch\/de\/#\/schema\/logo\/image\/","url":"https:\/\/sysmatec.ch\/wp-content\/uploads\/2018\/11\/LogoSysmatec.jpg","contentUrl":"https:\/\/sysmatec.ch\/wp-content\/uploads\/2018\/11\/LogoSysmatec.jpg","width":301,"height":297,"caption":"Sysmatec"},"image":{"@id":"https:\/\/sysmatec.ch\/de\/#\/schema\/logo\/image\/"}}]}},"_links":{"self":[{"href":"https:\/\/sysmatec.ch\/de\/wp-json\/wp\/v2\/product\/4700","targetHints":{"allow":["GET"]}}],"collection":[{"href":"https:\/\/sysmatec.ch\/de\/wp-json\/wp\/v2\/product"}],"about":[{"href":"https:\/\/sysmatec.ch\/de\/wp-json\/wp\/v2\/types\/product"}],"wp:featuredmedia":[{"embeddable":true,"href":"https:\/\/sysmatec.ch\/de\/wp-json\/wp\/v2\/media\/4698"}],"wp:attachment":[{"href":"https:\/\/sysmatec.ch\/de\/wp-json\/wp\/v2\/media?parent=4700"}],"wp:term":[{"taxonomy":"product_brand","embeddable":true,"href":"https:\/\/sysmatec.ch\/de\/wp-json\/wp\/v2\/product_brand?post=4700"},{"taxonomy":"product_cat","embeddable":true,"href":"https:\/\/sysmatec.ch\/de\/wp-json\/wp\/v2\/product_cat?post=4700"},{"taxonomy":"product_tag","embeddable":true,"href":"https:\/\/sysmatec.ch\/de\/wp-json\/wp\/v2\/product_tag?post=4700"}],"curies":[{"name":"wp","href":"https:\/\/api.w.org\/{rel}","templated":true}]}}