{"id":4692,"date":"2019-03-19T21:43:04","date_gmt":"2019-03-19T20:43:04","guid":{"rendered":"https:\/\/sysmatec.ch\/produit\/transmetteur-pour-co2-humidite-et-temperature-ee80\/"},"modified":"2022-02-12T10:02:50","modified_gmt":"2022-02-12T09:02:50","slug":"transmetteur-pour-co2-humidite-et-temperature-ee80","status":"publish","type":"product","link":"https:\/\/sysmatec.ch\/de\/Produkt\/transmetteur-pour-co2-humidite-et-temperature-ee80\/","title":{"rendered":"CO2\/rF\/T-Messumformer und Schalter EE80 zur Raummontage"},"content":{"rendered":"<p>Durch die Kombination von Kohlendioxid (CO2), Feuchte (rF) und Temperaturmessung in einem modernen, montagefreundlichen Geh\u00e4use setzt die Serie EE80 neue Ma\u00dfst\u00e4be in der HLK-Technik. Die rF-Messung ist als optionales Steckmodul ausgef\u00fchrt. CO2\/T Messumformer der Serie EE80 k\u00f6nnen somit einfach um eine genaue und langzeitstabile Feuchtemessung erweitert werden. Die CO2-Messung basiert auf dem bew\u00e4hrten Infrarotverfahren. Ein patentiertes Autokalibrationsverfahren kompensiert Alterungseffekte und sorgt f\u00fcr hervorragende Langzeitstabilit\u00e4t. Die aktuellen Messwerte stehen an den Analogausg\u00e4ngen (in V oder mA) zur Verf\u00fcgung und k\u00f6nnen auf dem optionalen Display angezeigt werden. Wahlweise ist die Serie EE80 auch als CO2-Schalter mit einstellbarem Schaltpunkt und Hysterese erh\u00e4ltlich.<\/p>\n<ul>\n<li type=\"disc\">CO2-Messprinzip nicht-dispersive Infrarot Technologie (NDIR)<\/li>\n<li type=\"disc\">CO2-Messbereich 0 bis 2000 \/ 5000ppm<\/li>\n<li type=\"disc\">CO2-Genauigkeit bei 25\u00b0C und 1013 mbar: 0 bis 2000ppm: &lt; \u00b1 (50ppm +2% v.Mw.), 0 bis 5000ppm: &lt; \u00b1 (50ppm +3% v.Mw.)<\/li>\n<li type=\"disc\">CO2-Ansprechzeit: t63 &lt; 195s<\/li>\n<li type=\"disc\">CO2-Temperaturabh\u00e4ngigkeit: typ. 2ppm CO2\/\u00b0C<\/li>\n<li type=\"disc\">CO2-Langzeitstabilit\u00e4t: typ. 20ppm \/ Jahr<\/li>\n<li type=\"disc\">CO2-Messrate ca. 15s<\/li>\n<li type=\"disc\">Temperatur Genauigkeit bei 20\u00b0C: \u00b10.3\u00b0C, Version mit Stromausgang 4 &#8211; 20mA: \u00b10.7\u00b0C<\/li>\n<li type=\"disc\">Relative Feuchte Messprinzip: kapazitiv<\/li>\n<li type=\"disc\">Relative Feuchte Bereich: 10bis 90% rF<\/li>\n<li type=\"disc\">Relative Feuchte Genauigkeit bei 20\u00b0C: \u00b13% rF (30 bis 70% rF) \u00b15% (10 bis 90% rF)<\/li>\n<li type=\"disc\">Analog Ausgang: 0 bis 2000 \/ 5000ppm, 0 bis 100% rF \/ 0 bis 50\u00b0C: 0 &#8211; 5V, 0 &#8211; 10V, 4 &#8211; 20mA RL &lt; 500 Ohm<\/li>\n<li type=\"disc\">Schaltausgang: Max. Schaltspannung 50V AC \/ 60V DC, Max. Schaltleistung 0.7A bei 50V AC 1A bei 24V DC, Min. Schaltleistung 1mA bei 5V DC, Kontaktmaterial Ag+Au clad<\/li>\n<li type=\"disc\">Versorgungsspannung: 24V AC \u00b120% 15 &#8211; 35V DC<\/li>\n<\/ul>\n","protected":false},"excerpt":{"rendered":"<p>CO2\/rF\/T-Messumformer und Schalter zur Raummontage<\/p>\n","protected":false},"featured_media":4690,"template":"","meta":{"_crdt_document":""},"product_brand":[],"product_cat":[185,374],"product_tag":[],"class_list":{"0":"post-4692","1":"product","2":"type-product","3":"status-publish","4":"has-post-thumbnail","6":"product_cat-analyzer-de","7":"product_cat-gas-de","9":"first","10":"instock","11":"taxable","12":"shipping-taxable","13":"product-type-simple"},"yoast_head":"<!-- This site is optimized with the Yoast SEO plugin v27.3 - https:\/\/yoast.com\/product\/yoast-seo-wordpress\/ -->\n<title>CO2\/rF\/T-Messumformer und Schalter EE80 zur Raummontage - Sysmatec<\/title>\n<meta name=\"description\" content=\"CO2-Anzeige mit optionalem Analogausgang. Messbereiche von 0 bis 2000 bzw. 0 bis 5000 ppm Nicht-dispersive Infrarot-Technologie (NDIR).\" \/>\n<meta name=\"robots\" content=\"index, follow, max-snippet:-1, max-image-preview:large, max-video-preview:-1\" \/>\n<link rel=\"canonical\" href=\"https:\/\/sysmatec.ch\/de\/produit\/transmetteur-pour-co2-humidite-et-temperature-ee80\/\" \/>\n<meta property=\"og:locale\" content=\"de_DE\" \/>\n<meta property=\"og:type\" content=\"article\" \/>\n<meta property=\"og:title\" content=\"CO2\/rF\/T-Messumformer und Schalter EE80 zur Raummontage - Sysmatec\" \/>\n<meta property=\"og:description\" content=\"CO2-Anzeige mit optionalem Analogausgang. Messbereiche von 0 bis 2000 bzw. 0 bis 5000 ppm Nicht-dispersive Infrarot-Technologie (NDIR).\" \/>\n<meta property=\"og:url\" content=\"https:\/\/sysmatec.ch\/de\/produit\/transmetteur-pour-co2-humidite-et-temperature-ee80\/\" \/>\n<meta property=\"og:site_name\" content=\"Sysmatec\" \/>\n<meta property=\"article:modified_time\" content=\"2022-02-12T09:02:50+00:00\" \/>\n<meta property=\"og:image\" content=\"https:\/\/sysmatec.ch\/wp-content\/uploads\/2019\/03\/Detecteur_EEEE80.jpg\" \/>\n\t<meta property=\"og:image:width\" content=\"181\" \/>\n\t<meta property=\"og:image:height\" content=\"136\" \/>\n\t<meta property=\"og:image:type\" content=\"image\/jpeg\" \/>\n<meta name=\"twitter:card\" content=\"summary_large_image\" \/>\n<meta name=\"twitter:label1\" content=\"Gesch\u00e4tzte Lesezeit\" \/>\n\t<meta name=\"twitter:data1\" content=\"1\u00a0Minute\" \/>\n<script type=\"application\/ld+json\" class=\"yoast-schema-graph\">{\"@context\":\"https:\\\/\\\/schema.org\",\"@graph\":[{\"@type\":\"WebPage\",\"@id\":\"https:\\\/\\\/sysmatec.ch\\\/de\\\/produit\\\/transmetteur-pour-co2-humidite-et-temperature-ee80\\\/\",\"url\":\"https:\\\/\\\/sysmatec.ch\\\/de\\\/produit\\\/transmetteur-pour-co2-humidite-et-temperature-ee80\\\/\",\"name\":\"CO2\\\/rF\\\/T-Messumformer und Schalter EE80 zur Raummontage - Sysmatec\",\"isPartOf\":{\"@id\":\"https:\\\/\\\/sysmatec.ch\\\/de\\\/#website\"},\"primaryImageOfPage\":{\"@id\":\"https:\\\/\\\/sysmatec.ch\\\/de\\\/produit\\\/transmetteur-pour-co2-humidite-et-temperature-ee80\\\/#primaryimage\"},\"image\":{\"@id\":\"https:\\\/\\\/sysmatec.ch\\\/de\\\/produit\\\/transmetteur-pour-co2-humidite-et-temperature-ee80\\\/#primaryimage\"},\"thumbnailUrl\":\"https:\\\/\\\/sysmatec.ch\\\/wp-content\\\/uploads\\\/2019\\\/03\\\/Detecteur_EEEE80.jpg\",\"datePublished\":\"2019-03-19T20:43:04+00:00\",\"dateModified\":\"2022-02-12T09:02:50+00:00\",\"description\":\"CO2-Anzeige mit optionalem Analogausgang. Messbereiche von 0 bis 2000 bzw. 0 bis 5000 ppm Nicht-dispersive Infrarot-Technologie (NDIR).\",\"breadcrumb\":{\"@id\":\"https:\\\/\\\/sysmatec.ch\\\/de\\\/produit\\\/transmetteur-pour-co2-humidite-et-temperature-ee80\\\/#breadcrumb\"},\"inLanguage\":\"de\",\"potentialAction\":[{\"@type\":\"ReadAction\",\"target\":[\"https:\\\/\\\/sysmatec.ch\\\/de\\\/produit\\\/transmetteur-pour-co2-humidite-et-temperature-ee80\\\/\"]}]},{\"@type\":\"ImageObject\",\"inLanguage\":\"de\",\"@id\":\"https:\\\/\\\/sysmatec.ch\\\/de\\\/produit\\\/transmetteur-pour-co2-humidite-et-temperature-ee80\\\/#primaryimage\",\"url\":\"https:\\\/\\\/sysmatec.ch\\\/wp-content\\\/uploads\\\/2019\\\/03\\\/Detecteur_EEEE80.jpg\",\"contentUrl\":\"https:\\\/\\\/sysmatec.ch\\\/wp-content\\\/uploads\\\/2019\\\/03\\\/Detecteur_EEEE80.jpg\",\"width\":181,\"height\":136},{\"@type\":\"BreadcrumbList\",\"@id\":\"https:\\\/\\\/sysmatec.ch\\\/de\\\/produit\\\/transmetteur-pour-co2-humidite-et-temperature-ee80\\\/#breadcrumb\",\"itemListElement\":[{\"@type\":\"ListItem\",\"position\":1,\"name\":\"Accueil\",\"item\":\"https:\\\/\\\/sysmatec.ch\\\/de\\\/\"},{\"@type\":\"ListItem\",\"position\":2,\"name\":\"Die Aktivit\u00e4t von Sysmatec\",\"item\":\"https:\\\/\\\/sysmatec.ch\\\/de\\\/\"},{\"@type\":\"ListItem\",\"position\":3,\"name\":\"CO2\\\/rF\\\/T-Messumformer und Schalter EE80 zur Raummontage\"}]},{\"@type\":\"WebSite\",\"@id\":\"https:\\\/\\\/sysmatec.ch\\\/de\\\/#website\",\"url\":\"https:\\\/\\\/sysmatec.ch\\\/de\\\/\",\"name\":\"Sysmatec\",\"description\":\"Equipement de laboratoire et logiciels\",\"publisher\":{\"@id\":\"https:\\\/\\\/sysmatec.ch\\\/de\\\/#organization\"},\"potentialAction\":[{\"@type\":\"SearchAction\",\"target\":{\"@type\":\"EntryPoint\",\"urlTemplate\":\"https:\\\/\\\/sysmatec.ch\\\/de\\\/?s={search_term_string}\"},\"query-input\":{\"@type\":\"PropertyValueSpecification\",\"valueRequired\":true,\"valueName\":\"search_term_string\"}}],\"inLanguage\":\"de\"},{\"@type\":\"Organization\",\"@id\":\"https:\\\/\\\/sysmatec.ch\\\/de\\\/#organization\",\"name\":\"Sysmatec\",\"url\":\"https:\\\/\\\/sysmatec.ch\\\/de\\\/\",\"logo\":{\"@type\":\"ImageObject\",\"inLanguage\":\"de\",\"@id\":\"https:\\\/\\\/sysmatec.ch\\\/de\\\/#\\\/schema\\\/logo\\\/image\\\/\",\"url\":\"https:\\\/\\\/sysmatec.ch\\\/wp-content\\\/uploads\\\/2018\\\/11\\\/LogoSysmatec.jpg\",\"contentUrl\":\"https:\\\/\\\/sysmatec.ch\\\/wp-content\\\/uploads\\\/2018\\\/11\\\/LogoSysmatec.jpg\",\"width\":301,\"height\":297,\"caption\":\"Sysmatec\"},\"image\":{\"@id\":\"https:\\\/\\\/sysmatec.ch\\\/de\\\/#\\\/schema\\\/logo\\\/image\\\/\"}}]}<\/script>\n<!-- \/ Yoast SEO plugin. -->","yoast_head_json":{"title":"CO2\/rF\/T-Messumformer und Schalter EE80 zur Raummontage - Sysmatec","description":"CO2-Anzeige mit optionalem Analogausgang. Messbereiche von 0 bis 2000 bzw. 0 bis 5000 ppm Nicht-dispersive Infrarot-Technologie (NDIR).","robots":{"index":"index","follow":"follow","max-snippet":"max-snippet:-1","max-image-preview":"max-image-preview:large","max-video-preview":"max-video-preview:-1"},"canonical":"https:\/\/sysmatec.ch\/de\/produit\/transmetteur-pour-co2-humidite-et-temperature-ee80\/","og_locale":"de_DE","og_type":"article","og_title":"CO2\/rF\/T-Messumformer und Schalter EE80 zur Raummontage - Sysmatec","og_description":"CO2-Anzeige mit optionalem Analogausgang. Messbereiche von 0 bis 2000 bzw. 0 bis 5000 ppm Nicht-dispersive Infrarot-Technologie (NDIR).","og_url":"https:\/\/sysmatec.ch\/de\/produit\/transmetteur-pour-co2-humidite-et-temperature-ee80\/","og_site_name":"Sysmatec","article_modified_time":"2022-02-12T09:02:50+00:00","og_image":[{"width":181,"height":136,"url":"https:\/\/sysmatec.ch\/wp-content\/uploads\/2019\/03\/Detecteur_EEEE80.jpg","type":"image\/jpeg"}],"twitter_card":"summary_large_image","twitter_misc":{"Gesch\u00e4tzte Lesezeit":"1\u00a0Minute"},"schema":{"@context":"https:\/\/schema.org","@graph":[{"@type":"WebPage","@id":"https:\/\/sysmatec.ch\/de\/produit\/transmetteur-pour-co2-humidite-et-temperature-ee80\/","url":"https:\/\/sysmatec.ch\/de\/produit\/transmetteur-pour-co2-humidite-et-temperature-ee80\/","name":"CO2\/rF\/T-Messumformer und Schalter EE80 zur Raummontage - Sysmatec","isPartOf":{"@id":"https:\/\/sysmatec.ch\/de\/#website"},"primaryImageOfPage":{"@id":"https:\/\/sysmatec.ch\/de\/produit\/transmetteur-pour-co2-humidite-et-temperature-ee80\/#primaryimage"},"image":{"@id":"https:\/\/sysmatec.ch\/de\/produit\/transmetteur-pour-co2-humidite-et-temperature-ee80\/#primaryimage"},"thumbnailUrl":"https:\/\/sysmatec.ch\/wp-content\/uploads\/2019\/03\/Detecteur_EEEE80.jpg","datePublished":"2019-03-19T20:43:04+00:00","dateModified":"2022-02-12T09:02:50+00:00","description":"CO2-Anzeige mit optionalem Analogausgang. Messbereiche von 0 bis 2000 bzw. 0 bis 5000 ppm Nicht-dispersive Infrarot-Technologie (NDIR).","breadcrumb":{"@id":"https:\/\/sysmatec.ch\/de\/produit\/transmetteur-pour-co2-humidite-et-temperature-ee80\/#breadcrumb"},"inLanguage":"de","potentialAction":[{"@type":"ReadAction","target":["https:\/\/sysmatec.ch\/de\/produit\/transmetteur-pour-co2-humidite-et-temperature-ee80\/"]}]},{"@type":"ImageObject","inLanguage":"de","@id":"https:\/\/sysmatec.ch\/de\/produit\/transmetteur-pour-co2-humidite-et-temperature-ee80\/#primaryimage","url":"https:\/\/sysmatec.ch\/wp-content\/uploads\/2019\/03\/Detecteur_EEEE80.jpg","contentUrl":"https:\/\/sysmatec.ch\/wp-content\/uploads\/2019\/03\/Detecteur_EEEE80.jpg","width":181,"height":136},{"@type":"BreadcrumbList","@id":"https:\/\/sysmatec.ch\/de\/produit\/transmetteur-pour-co2-humidite-et-temperature-ee80\/#breadcrumb","itemListElement":[{"@type":"ListItem","position":1,"name":"Accueil","item":"https:\/\/sysmatec.ch\/de\/"},{"@type":"ListItem","position":2,"name":"Die Aktivit\u00e4t von Sysmatec","item":"https:\/\/sysmatec.ch\/de\/"},{"@type":"ListItem","position":3,"name":"CO2\/rF\/T-Messumformer und Schalter EE80 zur Raummontage"}]},{"@type":"WebSite","@id":"https:\/\/sysmatec.ch\/de\/#website","url":"https:\/\/sysmatec.ch\/de\/","name":"Sysmatec","description":"Equipement de laboratoire et logiciels","publisher":{"@id":"https:\/\/sysmatec.ch\/de\/#organization"},"potentialAction":[{"@type":"SearchAction","target":{"@type":"EntryPoint","urlTemplate":"https:\/\/sysmatec.ch\/de\/?s={search_term_string}"},"query-input":{"@type":"PropertyValueSpecification","valueRequired":true,"valueName":"search_term_string"}}],"inLanguage":"de"},{"@type":"Organization","@id":"https:\/\/sysmatec.ch\/de\/#organization","name":"Sysmatec","url":"https:\/\/sysmatec.ch\/de\/","logo":{"@type":"ImageObject","inLanguage":"de","@id":"https:\/\/sysmatec.ch\/de\/#\/schema\/logo\/image\/","url":"https:\/\/sysmatec.ch\/wp-content\/uploads\/2018\/11\/LogoSysmatec.jpg","contentUrl":"https:\/\/sysmatec.ch\/wp-content\/uploads\/2018\/11\/LogoSysmatec.jpg","width":301,"height":297,"caption":"Sysmatec"},"image":{"@id":"https:\/\/sysmatec.ch\/de\/#\/schema\/logo\/image\/"}}]}},"_links":{"self":[{"href":"https:\/\/sysmatec.ch\/de\/wp-json\/wp\/v2\/product\/4692","targetHints":{"allow":["GET"]}}],"collection":[{"href":"https:\/\/sysmatec.ch\/de\/wp-json\/wp\/v2\/product"}],"about":[{"href":"https:\/\/sysmatec.ch\/de\/wp-json\/wp\/v2\/types\/product"}],"wp:featuredmedia":[{"embeddable":true,"href":"https:\/\/sysmatec.ch\/de\/wp-json\/wp\/v2\/media\/4690"}],"wp:attachment":[{"href":"https:\/\/sysmatec.ch\/de\/wp-json\/wp\/v2\/media?parent=4692"}],"wp:term":[{"taxonomy":"product_brand","embeddable":true,"href":"https:\/\/sysmatec.ch\/de\/wp-json\/wp\/v2\/product_brand?post=4692"},{"taxonomy":"product_cat","embeddable":true,"href":"https:\/\/sysmatec.ch\/de\/wp-json\/wp\/v2\/product_cat?post=4692"},{"taxonomy":"product_tag","embeddable":true,"href":"https:\/\/sysmatec.ch\/de\/wp-json\/wp\/v2\/product_tag?post=4692"}],"curies":[{"name":"wp","href":"https:\/\/api.w.org\/{rel}","templated":true}]}}