{"id":4682,"date":"2019-03-19T21:22:45","date_gmt":"2019-03-19T20:22:45","guid":{"rendered":"https:\/\/sysmatec.ch\/produit\/capteur-bcp-h2\/"},"modified":"2022-02-12T10:13:11","modified_gmt":"2022-02-12T09:13:11","slug":"wasserstof-sensor-bcp-h2","status":"publish","type":"product","link":"https:\/\/sysmatec.ch\/de\/Produkt\/wasserstof-sensor-bcp-h2\/","title":{"rendered":"Wasserstof Sensor BCP-H2"},"content":{"rendered":"<p>Die Sensoren der Serie BCP-H2 lassen sich problemlos direkt in Gasleitungen integrieren und messen unabh\u00e4ngig vom Durchfluss die Wasserstoffkonzentration im Abgas von z.B. Fermentern. Es werden keine zus\u00e4tzlichen Gask\u00fchler, Pumpen oder Ventile zur Messung ben\u00f6tigt. Mit Hilfe der Standardschnittstellen k\u00f6nnen die Sensoren an jedes Prozessleitsystem angeschlossen werden.<\/p>\n<ul>\n<li>Messbereich: 0 bis 100 Vol.% H2<\/li>\n<li>Messprinzip: Thermale conLeitf\u00e4higkeit<\/li>\n<li>Messbereich: 0.1 bis 100 Vol.%<\/li>\n<li>Genauigkeit: &lt; \u00b1 (0.2% FS + 3% Lesen)<\/li>\n<li>Sensortemperatur: +50 bis +75 \u00b0C<\/li>\n<li>Gasdurchfluss: 0 bis 300 l\/h<\/li>\n<li>Gasdruck (absolute): 0.4 bis 2,5 bar<\/li>\n<li>Masse: LxWxH \/ Gewicht: 100 x 100 x 80 mm (IP65) \/ 1 kg<\/li>\n<li>Gasanschluss: 6 mm<\/li>\n<li>Materialen in Kontakt mit dem Gas: Stainrostfrier Stahl, Si, SiOxNy, gold, Epoxy, Acrylnitril-butadien-rubber, Viton<\/li>\n<li>Stromspeisung: 24V DC, 600 mA<\/li>\n<li>Ausgang: 4 bis 20 mA, RS 232<\/li>\n<li>Ausgangimpedance: 250 Ohm<\/li>\n<li>Cross sensitivities: 10% CO2 -0,95% H2, 10% CH4 1,28% H2, 10% O2 0,12% H2<\/li>\n<li>Nicht in explosive Umgebung ben\u00fctzen<\/li>\n<\/ul>\n","protected":false},"excerpt":{"rendered":"<p>Wasserstof Sensor f\u00fcr Gas<\/p>\n","protected":false},"featured_media":4664,"template":"","meta":{"_crdt_document":""},"product_brand":[],"product_cat":[185,374],"product_tag":[],"class_list":{"0":"post-4682","1":"product","2":"type-product","3":"status-publish","4":"has-post-thumbnail","6":"product_cat-analyzer-de","7":"product_cat-gas-de","9":"first","10":"instock","11":"taxable","12":"shipping-taxable","13":"product-type-simple"},"yoast_head":"<!-- This site is optimized with the Yoast SEO plugin v27.4 - https:\/\/yoast.com\/product\/yoast-seo-wordpress\/ -->\n<title>Wasserstof Sensor BCP-H2 - Sysmatec<\/title>\n<meta name=\"description\" content=\"Wasserstoffdetektor, H2-Detektor, z. B. f\u00fcr Messungen in Fermenteraustrittsgasen. Messbereich 0 bis 100 % vol.\" \/>\n<meta name=\"robots\" content=\"index, follow, max-snippet:-1, max-image-preview:large, max-video-preview:-1\" \/>\n<link rel=\"canonical\" href=\"https:\/\/sysmatec.ch\/de\/produit\/wasserstof-sensor-bcp-h2\/\" \/>\n<meta property=\"og:locale\" content=\"de_DE\" \/>\n<meta property=\"og:type\" content=\"article\" \/>\n<meta property=\"og:title\" content=\"Wasserstof Sensor BCP-H2 - Sysmatec\" \/>\n<meta property=\"og:description\" content=\"Wasserstoffdetektor, H2-Detektor, z. B. f\u00fcr Messungen in Fermenteraustrittsgasen. Messbereich 0 bis 100 % vol.\" \/>\n<meta property=\"og:url\" content=\"https:\/\/sysmatec.ch\/de\/produit\/wasserstof-sensor-bcp-h2\/\" \/>\n<meta property=\"og:site_name\" content=\"Sysmatec\" \/>\n<meta property=\"article:modified_time\" content=\"2022-02-12T09:13:11+00:00\" \/>\n<meta property=\"og:image\" content=\"https:\/\/sysmatec.ch\/wp-content\/uploads\/2019\/03\/Analyseur_BlueSensBCPH2.gif\" \/>\n\t<meta property=\"og:image:width\" content=\"165\" \/>\n\t<meta property=\"og:image:height\" content=\"123\" \/>\n\t<meta property=\"og:image:type\" content=\"image\/gif\" \/>\n<meta name=\"twitter:card\" content=\"summary_large_image\" \/>\n<meta name=\"twitter:label1\" content=\"Gesch\u00e4tzte Lesezeit\" \/>\n\t<meta name=\"twitter:data1\" content=\"1\u00a0Minute\" \/>\n<script type=\"application\/ld+json\" class=\"yoast-schema-graph\">{\"@context\":\"https:\\\/\\\/schema.org\",\"@graph\":[{\"@type\":\"WebPage\",\"@id\":\"https:\\\/\\\/sysmatec.ch\\\/de\\\/produit\\\/wasserstof-sensor-bcp-h2\\\/\",\"url\":\"https:\\\/\\\/sysmatec.ch\\\/de\\\/produit\\\/wasserstof-sensor-bcp-h2\\\/\",\"name\":\"Wasserstof Sensor BCP-H2 - Sysmatec\",\"isPartOf\":{\"@id\":\"https:\\\/\\\/sysmatec.ch\\\/de\\\/#website\"},\"primaryImageOfPage\":{\"@id\":\"https:\\\/\\\/sysmatec.ch\\\/de\\\/produit\\\/wasserstof-sensor-bcp-h2\\\/#primaryimage\"},\"image\":{\"@id\":\"https:\\\/\\\/sysmatec.ch\\\/de\\\/produit\\\/wasserstof-sensor-bcp-h2\\\/#primaryimage\"},\"thumbnailUrl\":\"https:\\\/\\\/sysmatec.ch\\\/wp-content\\\/uploads\\\/2019\\\/03\\\/Analyseur_BlueSensBCPH2.gif\",\"datePublished\":\"2019-03-19T20:22:45+00:00\",\"dateModified\":\"2022-02-12T09:13:11+00:00\",\"description\":\"Wasserstoffdetektor, H2-Detektor, z. B. f\u00fcr Messungen in Fermenteraustrittsgasen. Messbereich 0 bis 100 % vol.\",\"breadcrumb\":{\"@id\":\"https:\\\/\\\/sysmatec.ch\\\/de\\\/produit\\\/wasserstof-sensor-bcp-h2\\\/#breadcrumb\"},\"inLanguage\":\"de\",\"potentialAction\":[{\"@type\":\"ReadAction\",\"target\":[\"https:\\\/\\\/sysmatec.ch\\\/de\\\/produit\\\/wasserstof-sensor-bcp-h2\\\/\"]}]},{\"@type\":\"ImageObject\",\"inLanguage\":\"de\",\"@id\":\"https:\\\/\\\/sysmatec.ch\\\/de\\\/produit\\\/wasserstof-sensor-bcp-h2\\\/#primaryimage\",\"url\":\"https:\\\/\\\/sysmatec.ch\\\/wp-content\\\/uploads\\\/2019\\\/03\\\/Analyseur_BlueSensBCPH2.gif\",\"contentUrl\":\"https:\\\/\\\/sysmatec.ch\\\/wp-content\\\/uploads\\\/2019\\\/03\\\/Analyseur_BlueSensBCPH2.gif\",\"width\":165,\"height\":123},{\"@type\":\"BreadcrumbList\",\"@id\":\"https:\\\/\\\/sysmatec.ch\\\/de\\\/produit\\\/wasserstof-sensor-bcp-h2\\\/#breadcrumb\",\"itemListElement\":[{\"@type\":\"ListItem\",\"position\":1,\"name\":\"Accueil\",\"item\":\"https:\\\/\\\/sysmatec.ch\\\/de\\\/\"},{\"@type\":\"ListItem\",\"position\":2,\"name\":\"Die Aktivit\u00e4t von Sysmatec\",\"item\":\"https:\\\/\\\/sysmatec.ch\\\/de\\\/\"},{\"@type\":\"ListItem\",\"position\":3,\"name\":\"Wasserstof Sensor BCP-H2\"}]},{\"@type\":\"WebSite\",\"@id\":\"https:\\\/\\\/sysmatec.ch\\\/de\\\/#website\",\"url\":\"https:\\\/\\\/sysmatec.ch\\\/de\\\/\",\"name\":\"Sysmatec\",\"description\":\"Equipement de laboratoire et logiciels\",\"publisher\":{\"@id\":\"https:\\\/\\\/sysmatec.ch\\\/de\\\/#organization\"},\"potentialAction\":[{\"@type\":\"SearchAction\",\"target\":{\"@type\":\"EntryPoint\",\"urlTemplate\":\"https:\\\/\\\/sysmatec.ch\\\/de\\\/?s={search_term_string}\"},\"query-input\":{\"@type\":\"PropertyValueSpecification\",\"valueRequired\":true,\"valueName\":\"search_term_string\"}}],\"inLanguage\":\"de\"},{\"@type\":\"Organization\",\"@id\":\"https:\\\/\\\/sysmatec.ch\\\/de\\\/#organization\",\"name\":\"Sysmatec\",\"url\":\"https:\\\/\\\/sysmatec.ch\\\/de\\\/\",\"logo\":{\"@type\":\"ImageObject\",\"inLanguage\":\"de\",\"@id\":\"https:\\\/\\\/sysmatec.ch\\\/de\\\/#\\\/schema\\\/logo\\\/image\\\/\",\"url\":\"https:\\\/\\\/sysmatec.ch\\\/wp-content\\\/uploads\\\/2018\\\/11\\\/LogoSysmatec.jpg\",\"contentUrl\":\"https:\\\/\\\/sysmatec.ch\\\/wp-content\\\/uploads\\\/2018\\\/11\\\/LogoSysmatec.jpg\",\"width\":301,\"height\":297,\"caption\":\"Sysmatec\"},\"image\":{\"@id\":\"https:\\\/\\\/sysmatec.ch\\\/de\\\/#\\\/schema\\\/logo\\\/image\\\/\"}}]}<\/script>\n<!-- \/ Yoast SEO plugin. -->","yoast_head_json":{"title":"Wasserstof Sensor BCP-H2 - Sysmatec","description":"Wasserstoffdetektor, H2-Detektor, z. B. f\u00fcr Messungen in Fermenteraustrittsgasen. Messbereich 0 bis 100 % vol.","robots":{"index":"index","follow":"follow","max-snippet":"max-snippet:-1","max-image-preview":"max-image-preview:large","max-video-preview":"max-video-preview:-1"},"canonical":"https:\/\/sysmatec.ch\/de\/produit\/wasserstof-sensor-bcp-h2\/","og_locale":"de_DE","og_type":"article","og_title":"Wasserstof Sensor BCP-H2 - Sysmatec","og_description":"Wasserstoffdetektor, H2-Detektor, z. B. f\u00fcr Messungen in Fermenteraustrittsgasen. Messbereich 0 bis 100 % vol.","og_url":"https:\/\/sysmatec.ch\/de\/produit\/wasserstof-sensor-bcp-h2\/","og_site_name":"Sysmatec","article_modified_time":"2022-02-12T09:13:11+00:00","og_image":[{"width":165,"height":123,"url":"https:\/\/sysmatec.ch\/wp-content\/uploads\/2019\/03\/Analyseur_BlueSensBCPH2.gif","type":"image\/gif"}],"twitter_card":"summary_large_image","twitter_misc":{"Gesch\u00e4tzte Lesezeit":"1\u00a0Minute"},"schema":{"@context":"https:\/\/schema.org","@graph":[{"@type":"WebPage","@id":"https:\/\/sysmatec.ch\/de\/produit\/wasserstof-sensor-bcp-h2\/","url":"https:\/\/sysmatec.ch\/de\/produit\/wasserstof-sensor-bcp-h2\/","name":"Wasserstof Sensor BCP-H2 - Sysmatec","isPartOf":{"@id":"https:\/\/sysmatec.ch\/de\/#website"},"primaryImageOfPage":{"@id":"https:\/\/sysmatec.ch\/de\/produit\/wasserstof-sensor-bcp-h2\/#primaryimage"},"image":{"@id":"https:\/\/sysmatec.ch\/de\/produit\/wasserstof-sensor-bcp-h2\/#primaryimage"},"thumbnailUrl":"https:\/\/sysmatec.ch\/wp-content\/uploads\/2019\/03\/Analyseur_BlueSensBCPH2.gif","datePublished":"2019-03-19T20:22:45+00:00","dateModified":"2022-02-12T09:13:11+00:00","description":"Wasserstoffdetektor, H2-Detektor, z. B. f\u00fcr Messungen in Fermenteraustrittsgasen. Messbereich 0 bis 100 % vol.","breadcrumb":{"@id":"https:\/\/sysmatec.ch\/de\/produit\/wasserstof-sensor-bcp-h2\/#breadcrumb"},"inLanguage":"de","potentialAction":[{"@type":"ReadAction","target":["https:\/\/sysmatec.ch\/de\/produit\/wasserstof-sensor-bcp-h2\/"]}]},{"@type":"ImageObject","inLanguage":"de","@id":"https:\/\/sysmatec.ch\/de\/produit\/wasserstof-sensor-bcp-h2\/#primaryimage","url":"https:\/\/sysmatec.ch\/wp-content\/uploads\/2019\/03\/Analyseur_BlueSensBCPH2.gif","contentUrl":"https:\/\/sysmatec.ch\/wp-content\/uploads\/2019\/03\/Analyseur_BlueSensBCPH2.gif","width":165,"height":123},{"@type":"BreadcrumbList","@id":"https:\/\/sysmatec.ch\/de\/produit\/wasserstof-sensor-bcp-h2\/#breadcrumb","itemListElement":[{"@type":"ListItem","position":1,"name":"Accueil","item":"https:\/\/sysmatec.ch\/de\/"},{"@type":"ListItem","position":2,"name":"Die Aktivit\u00e4t von Sysmatec","item":"https:\/\/sysmatec.ch\/de\/"},{"@type":"ListItem","position":3,"name":"Wasserstof Sensor BCP-H2"}]},{"@type":"WebSite","@id":"https:\/\/sysmatec.ch\/de\/#website","url":"https:\/\/sysmatec.ch\/de\/","name":"Sysmatec","description":"Equipement de laboratoire et logiciels","publisher":{"@id":"https:\/\/sysmatec.ch\/de\/#organization"},"potentialAction":[{"@type":"SearchAction","target":{"@type":"EntryPoint","urlTemplate":"https:\/\/sysmatec.ch\/de\/?s={search_term_string}"},"query-input":{"@type":"PropertyValueSpecification","valueRequired":true,"valueName":"search_term_string"}}],"inLanguage":"de"},{"@type":"Organization","@id":"https:\/\/sysmatec.ch\/de\/#organization","name":"Sysmatec","url":"https:\/\/sysmatec.ch\/de\/","logo":{"@type":"ImageObject","inLanguage":"de","@id":"https:\/\/sysmatec.ch\/de\/#\/schema\/logo\/image\/","url":"https:\/\/sysmatec.ch\/wp-content\/uploads\/2018\/11\/LogoSysmatec.jpg","contentUrl":"https:\/\/sysmatec.ch\/wp-content\/uploads\/2018\/11\/LogoSysmatec.jpg","width":301,"height":297,"caption":"Sysmatec"},"image":{"@id":"https:\/\/sysmatec.ch\/de\/#\/schema\/logo\/image\/"}}]}},"_links":{"self":[{"href":"https:\/\/sysmatec.ch\/de\/wp-json\/wp\/v2\/product\/4682","targetHints":{"allow":["GET"]}}],"collection":[{"href":"https:\/\/sysmatec.ch\/de\/wp-json\/wp\/v2\/product"}],"about":[{"href":"https:\/\/sysmatec.ch\/de\/wp-json\/wp\/v2\/types\/product"}],"wp:featuredmedia":[{"embeddable":true,"href":"https:\/\/sysmatec.ch\/de\/wp-json\/wp\/v2\/media\/4664"}],"wp:attachment":[{"href":"https:\/\/sysmatec.ch\/de\/wp-json\/wp\/v2\/media?parent=4682"}],"wp:term":[{"taxonomy":"product_brand","embeddable":true,"href":"https:\/\/sysmatec.ch\/de\/wp-json\/wp\/v2\/product_brand?post=4682"},{"taxonomy":"product_cat","embeddable":true,"href":"https:\/\/sysmatec.ch\/de\/wp-json\/wp\/v2\/product_cat?post=4682"},{"taxonomy":"product_tag","embeddable":true,"href":"https:\/\/sysmatec.ch\/de\/wp-json\/wp\/v2\/product_tag?post=4682"}],"curies":[{"name":"wp","href":"https:\/\/api.w.org\/{rel}","templated":true}]}}