{"id":4671,"date":"2019-03-19T21:02:20","date_gmt":"2019-03-19T20:02:20","guid":{"rendered":"https:\/\/sysmatec.ch\/produit\/capteur-bcp-o2\/"},"modified":"2022-02-12T10:18:17","modified_gmt":"2022-02-12T09:18:17","slug":"sauerstoff-sensor-bcp-o2","status":"publish","type":"product","link":"https:\/\/sysmatec.ch\/de\/Produkt\/sauerstoff-sensor-bcp-o2\/","title":{"rendered":"Sauerstoff Sensor BCP-O2"},"content":{"rendered":"<p>Die Sensoren der Serie BCP-O2 lassen sich problemlos direkt in Gasleitungen integrieren und messen unabh\u00e4ngig vom Durchfluss die Sauerstoffkonzentration im Abgas von z.B. Fermentern. Es werden keine zus\u00e4tzlichen Gask\u00fchler, Pumpen oder Ventile zur Messung ben\u00f6tigt. Mit Hilfe der Standardschnittstellen k\u00f6nnen die Sensoren an jedes Prozessleitsystem angeschlossen werden.<\/p>\n<ul>\n<li>Messbereich: 0,1 bis 25 Vol.% O2, 1 bis 40 Vol.% O2<\/li>\n<li>Messprinzip: Zirconium dioxide (nicht in Explosionsgefahr Atmosphere)<\/li>\n<li>Genauigkeit: &lt; \u00b1 0,2 % FS \u00b1 3% Wert<\/li>\n<li>Aufw\u00e4rmungzeit: 30 Minute<\/li>\n<li>Geh\u00e4use: Aluminum, IP 65<\/li>\n<li>Masse \/ Gewicht: 100 x 100 x 130 mm W x D x H \/ 750 g<\/li>\n<li>Anschluss: G 1 1\/4 &#8220;, GL 45, TriClamp etc.<\/li>\n<li>Temperaturbereich: 0 bis 60 \u00b0C<\/li>\n<li>Druckbereich: 800 bis 2000 mBar<\/li>\n<li>Feuchte: 0 bis 100% RF (unter Spannung)<\/li>\n<li>Stromspeisung: 24 VDC, 1 A<\/li>\n<li>Ausgang: RS 232, 4 bis 20 mA<\/li>\n<li>Lebensdauer: 15 000 Stunden (unter Spannung)<\/li>\n<\/ul>\n","protected":false},"excerpt":{"rendered":"<p>Sauerstoff Sensor for gas<\/p>\n","protected":false},"featured_media":4661,"template":"","meta":{"_crdt_document":""},"product_brand":[],"product_cat":[185,374],"product_tag":[],"class_list":{"0":"post-4671","1":"product","2":"type-product","3":"status-publish","4":"has-post-thumbnail","6":"product_cat-analyzer-de","7":"product_cat-gas-de","9":"first","10":"instock","11":"taxable","12":"shipping-taxable","13":"product-type-simple"},"yoast_head":"<!-- This site is optimized with the Yoast SEO plugin v27.3 - https:\/\/yoast.com\/product\/yoast-seo-wordpress\/ -->\n<title>Sauerstoff Sensor BCP-O2 - Sysmatec<\/title>\n<meta name=\"description\" content=\"Sauerstoffdetektor, z. B. f\u00fcr Messungen in Fermenteraustrittsgasen. Messbereich 0 bis 25 oder 1 bis 40 % vol.\" \/>\n<meta name=\"robots\" content=\"index, follow, max-snippet:-1, max-image-preview:large, max-video-preview:-1\" \/>\n<link rel=\"canonical\" href=\"https:\/\/sysmatec.ch\/de\/produit\/sauerstoff-sensor-bcp-o2\/\" \/>\n<meta property=\"og:locale\" content=\"de_DE\" \/>\n<meta property=\"og:type\" content=\"article\" \/>\n<meta property=\"og:title\" content=\"Sauerstoff Sensor BCP-O2 - Sysmatec\" \/>\n<meta property=\"og:description\" content=\"Sauerstoffdetektor, z. B. f\u00fcr Messungen in Fermenteraustrittsgasen. Messbereich 0 bis 25 oder 1 bis 40 % vol.\" \/>\n<meta property=\"og:url\" content=\"https:\/\/sysmatec.ch\/de\/produit\/sauerstoff-sensor-bcp-o2\/\" \/>\n<meta property=\"og:site_name\" content=\"Sysmatec\" \/>\n<meta property=\"article:modified_time\" content=\"2022-02-12T09:18:17+00:00\" \/>\n<meta property=\"og:image\" content=\"https:\/\/sysmatec.ch\/wp-content\/uploads\/2019\/03\/Analyseur_BlueSensBCPCO2.gif\" \/>\n\t<meta property=\"og:image:width\" content=\"143\" \/>\n\t<meta property=\"og:image:height\" content=\"195\" \/>\n\t<meta property=\"og:image:type\" content=\"image\/gif\" \/>\n<meta name=\"twitter:card\" content=\"summary_large_image\" \/>\n<meta name=\"twitter:label1\" content=\"Gesch\u00e4tzte Lesezeit\" \/>\n\t<meta name=\"twitter:data1\" content=\"1\u00a0Minute\" \/>\n<script type=\"application\/ld+json\" class=\"yoast-schema-graph\">{\"@context\":\"https:\\\/\\\/schema.org\",\"@graph\":[{\"@type\":\"WebPage\",\"@id\":\"https:\\\/\\\/sysmatec.ch\\\/de\\\/produit\\\/sauerstoff-sensor-bcp-o2\\\/\",\"url\":\"https:\\\/\\\/sysmatec.ch\\\/de\\\/produit\\\/sauerstoff-sensor-bcp-o2\\\/\",\"name\":\"Sauerstoff Sensor BCP-O2 - Sysmatec\",\"isPartOf\":{\"@id\":\"https:\\\/\\\/sysmatec.ch\\\/de\\\/#website\"},\"primaryImageOfPage\":{\"@id\":\"https:\\\/\\\/sysmatec.ch\\\/de\\\/produit\\\/sauerstoff-sensor-bcp-o2\\\/#primaryimage\"},\"image\":{\"@id\":\"https:\\\/\\\/sysmatec.ch\\\/de\\\/produit\\\/sauerstoff-sensor-bcp-o2\\\/#primaryimage\"},\"thumbnailUrl\":\"https:\\\/\\\/sysmatec.ch\\\/wp-content\\\/uploads\\\/2019\\\/03\\\/Analyseur_BlueSensBCPCO2.gif\",\"datePublished\":\"2019-03-19T20:02:20+00:00\",\"dateModified\":\"2022-02-12T09:18:17+00:00\",\"description\":\"Sauerstoffdetektor, z. B. f\u00fcr Messungen in Fermenteraustrittsgasen. Messbereich 0 bis 25 oder 1 bis 40 % vol.\",\"breadcrumb\":{\"@id\":\"https:\\\/\\\/sysmatec.ch\\\/de\\\/produit\\\/sauerstoff-sensor-bcp-o2\\\/#breadcrumb\"},\"inLanguage\":\"de\",\"potentialAction\":[{\"@type\":\"ReadAction\",\"target\":[\"https:\\\/\\\/sysmatec.ch\\\/de\\\/produit\\\/sauerstoff-sensor-bcp-o2\\\/\"]}]},{\"@type\":\"ImageObject\",\"inLanguage\":\"de\",\"@id\":\"https:\\\/\\\/sysmatec.ch\\\/de\\\/produit\\\/sauerstoff-sensor-bcp-o2\\\/#primaryimage\",\"url\":\"https:\\\/\\\/sysmatec.ch\\\/wp-content\\\/uploads\\\/2019\\\/03\\\/Analyseur_BlueSensBCPCO2.gif\",\"contentUrl\":\"https:\\\/\\\/sysmatec.ch\\\/wp-content\\\/uploads\\\/2019\\\/03\\\/Analyseur_BlueSensBCPCO2.gif\",\"width\":143,\"height\":195},{\"@type\":\"BreadcrumbList\",\"@id\":\"https:\\\/\\\/sysmatec.ch\\\/de\\\/produit\\\/sauerstoff-sensor-bcp-o2\\\/#breadcrumb\",\"itemListElement\":[{\"@type\":\"ListItem\",\"position\":1,\"name\":\"Accueil\",\"item\":\"https:\\\/\\\/sysmatec.ch\\\/de\\\/\"},{\"@type\":\"ListItem\",\"position\":2,\"name\":\"Die Aktivit\u00e4t von Sysmatec\",\"item\":\"https:\\\/\\\/sysmatec.ch\\\/de\\\/\"},{\"@type\":\"ListItem\",\"position\":3,\"name\":\"Sauerstoff Sensor BCP-O2\"}]},{\"@type\":\"WebSite\",\"@id\":\"https:\\\/\\\/sysmatec.ch\\\/de\\\/#website\",\"url\":\"https:\\\/\\\/sysmatec.ch\\\/de\\\/\",\"name\":\"Sysmatec\",\"description\":\"Equipement de laboratoire et logiciels\",\"publisher\":{\"@id\":\"https:\\\/\\\/sysmatec.ch\\\/de\\\/#organization\"},\"potentialAction\":[{\"@type\":\"SearchAction\",\"target\":{\"@type\":\"EntryPoint\",\"urlTemplate\":\"https:\\\/\\\/sysmatec.ch\\\/de\\\/?s={search_term_string}\"},\"query-input\":{\"@type\":\"PropertyValueSpecification\",\"valueRequired\":true,\"valueName\":\"search_term_string\"}}],\"inLanguage\":\"de\"},{\"@type\":\"Organization\",\"@id\":\"https:\\\/\\\/sysmatec.ch\\\/de\\\/#organization\",\"name\":\"Sysmatec\",\"url\":\"https:\\\/\\\/sysmatec.ch\\\/de\\\/\",\"logo\":{\"@type\":\"ImageObject\",\"inLanguage\":\"de\",\"@id\":\"https:\\\/\\\/sysmatec.ch\\\/de\\\/#\\\/schema\\\/logo\\\/image\\\/\",\"url\":\"https:\\\/\\\/sysmatec.ch\\\/wp-content\\\/uploads\\\/2018\\\/11\\\/LogoSysmatec.jpg\",\"contentUrl\":\"https:\\\/\\\/sysmatec.ch\\\/wp-content\\\/uploads\\\/2018\\\/11\\\/LogoSysmatec.jpg\",\"width\":301,\"height\":297,\"caption\":\"Sysmatec\"},\"image\":{\"@id\":\"https:\\\/\\\/sysmatec.ch\\\/de\\\/#\\\/schema\\\/logo\\\/image\\\/\"}}]}<\/script>\n<!-- \/ Yoast SEO plugin. -->","yoast_head_json":{"title":"Sauerstoff Sensor BCP-O2 - Sysmatec","description":"Sauerstoffdetektor, z. B. f\u00fcr Messungen in Fermenteraustrittsgasen. Messbereich 0 bis 25 oder 1 bis 40 % vol.","robots":{"index":"index","follow":"follow","max-snippet":"max-snippet:-1","max-image-preview":"max-image-preview:large","max-video-preview":"max-video-preview:-1"},"canonical":"https:\/\/sysmatec.ch\/de\/produit\/sauerstoff-sensor-bcp-o2\/","og_locale":"de_DE","og_type":"article","og_title":"Sauerstoff Sensor BCP-O2 - Sysmatec","og_description":"Sauerstoffdetektor, z. B. f\u00fcr Messungen in Fermenteraustrittsgasen. Messbereich 0 bis 25 oder 1 bis 40 % vol.","og_url":"https:\/\/sysmatec.ch\/de\/produit\/sauerstoff-sensor-bcp-o2\/","og_site_name":"Sysmatec","article_modified_time":"2022-02-12T09:18:17+00:00","og_image":[{"width":143,"height":195,"url":"https:\/\/sysmatec.ch\/wp-content\/uploads\/2019\/03\/Analyseur_BlueSensBCPCO2.gif","type":"image\/gif"}],"twitter_card":"summary_large_image","twitter_misc":{"Gesch\u00e4tzte Lesezeit":"1\u00a0Minute"},"schema":{"@context":"https:\/\/schema.org","@graph":[{"@type":"WebPage","@id":"https:\/\/sysmatec.ch\/de\/produit\/sauerstoff-sensor-bcp-o2\/","url":"https:\/\/sysmatec.ch\/de\/produit\/sauerstoff-sensor-bcp-o2\/","name":"Sauerstoff Sensor BCP-O2 - Sysmatec","isPartOf":{"@id":"https:\/\/sysmatec.ch\/de\/#website"},"primaryImageOfPage":{"@id":"https:\/\/sysmatec.ch\/de\/produit\/sauerstoff-sensor-bcp-o2\/#primaryimage"},"image":{"@id":"https:\/\/sysmatec.ch\/de\/produit\/sauerstoff-sensor-bcp-o2\/#primaryimage"},"thumbnailUrl":"https:\/\/sysmatec.ch\/wp-content\/uploads\/2019\/03\/Analyseur_BlueSensBCPCO2.gif","datePublished":"2019-03-19T20:02:20+00:00","dateModified":"2022-02-12T09:18:17+00:00","description":"Sauerstoffdetektor, z. B. f\u00fcr Messungen in Fermenteraustrittsgasen. Messbereich 0 bis 25 oder 1 bis 40 % vol.","breadcrumb":{"@id":"https:\/\/sysmatec.ch\/de\/produit\/sauerstoff-sensor-bcp-o2\/#breadcrumb"},"inLanguage":"de","potentialAction":[{"@type":"ReadAction","target":["https:\/\/sysmatec.ch\/de\/produit\/sauerstoff-sensor-bcp-o2\/"]}]},{"@type":"ImageObject","inLanguage":"de","@id":"https:\/\/sysmatec.ch\/de\/produit\/sauerstoff-sensor-bcp-o2\/#primaryimage","url":"https:\/\/sysmatec.ch\/wp-content\/uploads\/2019\/03\/Analyseur_BlueSensBCPCO2.gif","contentUrl":"https:\/\/sysmatec.ch\/wp-content\/uploads\/2019\/03\/Analyseur_BlueSensBCPCO2.gif","width":143,"height":195},{"@type":"BreadcrumbList","@id":"https:\/\/sysmatec.ch\/de\/produit\/sauerstoff-sensor-bcp-o2\/#breadcrumb","itemListElement":[{"@type":"ListItem","position":1,"name":"Accueil","item":"https:\/\/sysmatec.ch\/de\/"},{"@type":"ListItem","position":2,"name":"Die Aktivit\u00e4t von Sysmatec","item":"https:\/\/sysmatec.ch\/de\/"},{"@type":"ListItem","position":3,"name":"Sauerstoff Sensor BCP-O2"}]},{"@type":"WebSite","@id":"https:\/\/sysmatec.ch\/de\/#website","url":"https:\/\/sysmatec.ch\/de\/","name":"Sysmatec","description":"Equipement de laboratoire et logiciels","publisher":{"@id":"https:\/\/sysmatec.ch\/de\/#organization"},"potentialAction":[{"@type":"SearchAction","target":{"@type":"EntryPoint","urlTemplate":"https:\/\/sysmatec.ch\/de\/?s={search_term_string}"},"query-input":{"@type":"PropertyValueSpecification","valueRequired":true,"valueName":"search_term_string"}}],"inLanguage":"de"},{"@type":"Organization","@id":"https:\/\/sysmatec.ch\/de\/#organization","name":"Sysmatec","url":"https:\/\/sysmatec.ch\/de\/","logo":{"@type":"ImageObject","inLanguage":"de","@id":"https:\/\/sysmatec.ch\/de\/#\/schema\/logo\/image\/","url":"https:\/\/sysmatec.ch\/wp-content\/uploads\/2018\/11\/LogoSysmatec.jpg","contentUrl":"https:\/\/sysmatec.ch\/wp-content\/uploads\/2018\/11\/LogoSysmatec.jpg","width":301,"height":297,"caption":"Sysmatec"},"image":{"@id":"https:\/\/sysmatec.ch\/de\/#\/schema\/logo\/image\/"}}]}},"_links":{"self":[{"href":"https:\/\/sysmatec.ch\/de\/wp-json\/wp\/v2\/product\/4671","targetHints":{"allow":["GET"]}}],"collection":[{"href":"https:\/\/sysmatec.ch\/de\/wp-json\/wp\/v2\/product"}],"about":[{"href":"https:\/\/sysmatec.ch\/de\/wp-json\/wp\/v2\/types\/product"}],"wp:featuredmedia":[{"embeddable":true,"href":"https:\/\/sysmatec.ch\/de\/wp-json\/wp\/v2\/media\/4661"}],"wp:attachment":[{"href":"https:\/\/sysmatec.ch\/de\/wp-json\/wp\/v2\/media?parent=4671"}],"wp:term":[{"taxonomy":"product_brand","embeddable":true,"href":"https:\/\/sysmatec.ch\/de\/wp-json\/wp\/v2\/product_brand?post=4671"},{"taxonomy":"product_cat","embeddable":true,"href":"https:\/\/sysmatec.ch\/de\/wp-json\/wp\/v2\/product_cat?post=4671"},{"taxonomy":"product_tag","embeddable":true,"href":"https:\/\/sysmatec.ch\/de\/wp-json\/wp\/v2\/product_tag?post=4671"}],"curies":[{"name":"wp","href":"https:\/\/api.w.org\/{rel}","templated":true}]}}