{"id":4637,"date":"2019-03-17T19:57:02","date_gmt":"2019-03-17T18:57:02","guid":{"rendered":"https:\/\/sysmatec.ch\/produit\/detecteur-de-gaz-portable-aq-pro-monitor\/"},"modified":"2022-02-12T18:02:10","modified_gmt":"2022-02-12T17:02:10","slug":"tragbarer-luftqualitaet-detektor-aq-pro-formaldhyd","status":"publish","type":"product","link":"https:\/\/sysmatec.ch\/de\/Produkt\/tragbarer-luftqualitaet-detektor-aq-pro-formaldhyd\/","title":{"rendered":"Tragbarer Luftqualit\u00e4t-Detektor AQ PRO (Formaldhyd)"},"content":{"rendered":"<p>zur \u00dcberwachung der Luftqualit\u00e4t<\/p>\n<p>Echtzeit-Daten-Logging-Funktion (2000 Werte)<\/p>\n<p>Bluetooth-Kommunikation<\/p>\n<p>Jedes Ger\u00e4t kann bis zu 6 Parametern messen:<\/p>\n<ul>\n<li type=\"disc\">Relative Feuchte: 5-95 %RF, Genauigkeit +\/- 2 % RH<\/li>\n<li type=\"disc\">Temperatur: -40 bis 125 \u00b0C, Genauigkeit +\/- 0.4 \u00b0C zwischen 0 und 60 \u00b0C<\/li>\n<li type=\"disc\">Barometrischer Druck: 260-1260 mbar, Genauigkeit +\/- 2 mbar<\/li>\n<li type=\"disc\">Differentiller Druck +\/- 100 mbar, Genauigkeit +\/- 1 mbar<\/li>\n<li type=\"disc\">Formaldehyd: 0-10 ppm<\/li>\n<li type=\"disc\">O2: 0-25 %<\/li>\n<li type=\"disc\">CO2: 0-5000 ppm<\/li>\n<li type=\"disc\">CO: 0-10 ppm<\/li>\n<li type=\"disc\">H2S: 0-100 ppm<\/li>\n<li type=\"disc\">NO: 0-250 ppm<\/li>\n<li type=\"disc\">NO2: 0-20 ppm<\/li>\n<li type=\"disc\">SO2: 0-20 ppm<\/li>\n<\/ul>\n<p>In der Lieferung enthalten:<\/p>\n<ul>\n<li type=\"disc\">Li-Ionen-Akku und Netzladeger\u00e4t<\/li>\n<li type=\"disc\">Werkskalibrierschein<\/li>\n<li type=\"disc\">Benutzerhandbuch in Englisch<\/li>\n<li type=\"disc\">Datalogger (manuel oder automatisch, Speicher f\u00fcr 2000 Werte)<\/li>\n<li type=\"disc\">Echtzeit Datenerfassung Software<\/li>\n<li type=\"disc\">Vinyl Tragetasche<\/li>\n<\/ul>\n<p>Warum H2S (Schwefelwasserstoff) messen? Korrosion tritt auf, wenn Schwefelwasserstoff-Gas mit der Feuchtigkeit reagiert. Es entsteht Schwefels\u00e4ure (H2SO4), welche die Infrastruktur des Kanalisation korrodiert. Diese Korrosion f\u00fchrt zu kostspielige Rohrreparaturen und erh\u00f6ht die Wahrscheinlichkeit, dass weitere Schwefelwasserstoff in die Luft in der N\u00e4he von B\u00fcros und Wohnungen freigegeben wird.<\/p>\n","protected":false},"excerpt":{"rendered":"<p>Tragbarer Luftqualit\u00e4t-Detektor (Formaldhyd)<\/p>\n","protected":false},"featured_media":4628,"template":"","meta":{"_crdt_document":""},"product_brand":[],"product_cat":[185,374],"product_tag":[],"class_list":{"0":"post-4637","1":"product","2":"type-product","3":"status-publish","4":"has-post-thumbnail","6":"product_cat-analyzer-de","7":"product_cat-gas-de","9":"first","10":"instock","11":"taxable","12":"shipping-taxable","13":"product-type-simple"},"yoast_head":"<!-- This site is optimized with the Yoast SEO plugin v27.4 - https:\/\/yoast.com\/product\/yoast-seo-wordpress\/ -->\n<title>Tragbarer Luftqualit\u00e4t-Detektor AQ PRO (Formaldhyd) - Sysmatec<\/title>\n<meta name=\"description\" content=\"Modularer Gasdetektor. Es misst bis zu 6 Parameter wie Temperatur, Druck, Feuchtigkeit, CO2, CO, VOC, O2, H2S usw.\" \/>\n<meta name=\"robots\" content=\"index, follow, max-snippet:-1, max-image-preview:large, max-video-preview:-1\" \/>\n<link rel=\"canonical\" href=\"https:\/\/sysmatec.ch\/de\/produit\/tragbarer-luftqualitaet-detektor-aq-pro-formaldhyd\/\" \/>\n<meta property=\"og:locale\" content=\"de_DE\" \/>\n<meta property=\"og:type\" content=\"article\" \/>\n<meta property=\"og:title\" content=\"Tragbarer Luftqualit\u00e4t-Detektor AQ PRO (Formaldhyd) - Sysmatec\" \/>\n<meta property=\"og:description\" content=\"Modularer Gasdetektor. Es misst bis zu 6 Parameter wie Temperatur, Druck, Feuchtigkeit, CO2, CO, VOC, O2, H2S usw.\" \/>\n<meta property=\"og:url\" content=\"https:\/\/sysmatec.ch\/de\/produit\/tragbarer-luftqualitaet-detektor-aq-pro-formaldhyd\/\" \/>\n<meta property=\"og:site_name\" content=\"Sysmatec\" \/>\n<meta property=\"article:modified_time\" content=\"2022-02-12T17:02:10+00:00\" \/>\n<meta property=\"og:image\" content=\"https:\/\/sysmatec.ch\/wp-content\/uploads\/2019\/03\/Detecteur_EInstAQPRO.jpg\" \/>\n\t<meta property=\"og:image:width\" content=\"185\" \/>\n\t<meta property=\"og:image:height\" content=\"277\" \/>\n\t<meta property=\"og:image:type\" content=\"image\/jpeg\" \/>\n<meta name=\"twitter:card\" content=\"summary_large_image\" \/>\n<meta name=\"twitter:label1\" content=\"Gesch\u00e4tzte Lesezeit\" \/>\n\t<meta name=\"twitter:data1\" content=\"1\u00a0Minute\" \/>\n<script type=\"application\/ld+json\" class=\"yoast-schema-graph\">{\"@context\":\"https:\\\/\\\/schema.org\",\"@graph\":[{\"@type\":\"WebPage\",\"@id\":\"https:\\\/\\\/sysmatec.ch\\\/de\\\/produit\\\/tragbarer-luftqualitaet-detektor-aq-pro-formaldhyd\\\/\",\"url\":\"https:\\\/\\\/sysmatec.ch\\\/de\\\/produit\\\/tragbarer-luftqualitaet-detektor-aq-pro-formaldhyd\\\/\",\"name\":\"Tragbarer Luftqualit\u00e4t-Detektor AQ PRO (Formaldhyd) - Sysmatec\",\"isPartOf\":{\"@id\":\"https:\\\/\\\/sysmatec.ch\\\/de\\\/#website\"},\"primaryImageOfPage\":{\"@id\":\"https:\\\/\\\/sysmatec.ch\\\/de\\\/produit\\\/tragbarer-luftqualitaet-detektor-aq-pro-formaldhyd\\\/#primaryimage\"},\"image\":{\"@id\":\"https:\\\/\\\/sysmatec.ch\\\/de\\\/produit\\\/tragbarer-luftqualitaet-detektor-aq-pro-formaldhyd\\\/#primaryimage\"},\"thumbnailUrl\":\"https:\\\/\\\/sysmatec.ch\\\/wp-content\\\/uploads\\\/2019\\\/03\\\/Detecteur_EInstAQPRO.jpg\",\"datePublished\":\"2019-03-17T18:57:02+00:00\",\"dateModified\":\"2022-02-12T17:02:10+00:00\",\"description\":\"Modularer Gasdetektor. Es misst bis zu 6 Parameter wie Temperatur, Druck, Feuchtigkeit, CO2, CO, VOC, O2, H2S usw.\",\"breadcrumb\":{\"@id\":\"https:\\\/\\\/sysmatec.ch\\\/de\\\/produit\\\/tragbarer-luftqualitaet-detektor-aq-pro-formaldhyd\\\/#breadcrumb\"},\"inLanguage\":\"de\",\"potentialAction\":[{\"@type\":\"ReadAction\",\"target\":[\"https:\\\/\\\/sysmatec.ch\\\/de\\\/produit\\\/tragbarer-luftqualitaet-detektor-aq-pro-formaldhyd\\\/\"]}]},{\"@type\":\"ImageObject\",\"inLanguage\":\"de\",\"@id\":\"https:\\\/\\\/sysmatec.ch\\\/de\\\/produit\\\/tragbarer-luftqualitaet-detektor-aq-pro-formaldhyd\\\/#primaryimage\",\"url\":\"https:\\\/\\\/sysmatec.ch\\\/wp-content\\\/uploads\\\/2019\\\/03\\\/Detecteur_EInstAQPRO.jpg\",\"contentUrl\":\"https:\\\/\\\/sysmatec.ch\\\/wp-content\\\/uploads\\\/2019\\\/03\\\/Detecteur_EInstAQPRO.jpg\",\"width\":185,\"height\":277},{\"@type\":\"BreadcrumbList\",\"@id\":\"https:\\\/\\\/sysmatec.ch\\\/de\\\/produit\\\/tragbarer-luftqualitaet-detektor-aq-pro-formaldhyd\\\/#breadcrumb\",\"itemListElement\":[{\"@type\":\"ListItem\",\"position\":1,\"name\":\"Accueil\",\"item\":\"https:\\\/\\\/sysmatec.ch\\\/de\\\/\"},{\"@type\":\"ListItem\",\"position\":2,\"name\":\"Die Aktivit\u00e4t von Sysmatec\",\"item\":\"https:\\\/\\\/sysmatec.ch\\\/de\\\/\"},{\"@type\":\"ListItem\",\"position\":3,\"name\":\"Tragbarer Luftqualit\u00e4t-Detektor AQ PRO (Formaldhyd)\"}]},{\"@type\":\"WebSite\",\"@id\":\"https:\\\/\\\/sysmatec.ch\\\/de\\\/#website\",\"url\":\"https:\\\/\\\/sysmatec.ch\\\/de\\\/\",\"name\":\"Sysmatec\",\"description\":\"Equipement de laboratoire et logiciels\",\"publisher\":{\"@id\":\"https:\\\/\\\/sysmatec.ch\\\/de\\\/#organization\"},\"potentialAction\":[{\"@type\":\"SearchAction\",\"target\":{\"@type\":\"EntryPoint\",\"urlTemplate\":\"https:\\\/\\\/sysmatec.ch\\\/de\\\/?s={search_term_string}\"},\"query-input\":{\"@type\":\"PropertyValueSpecification\",\"valueRequired\":true,\"valueName\":\"search_term_string\"}}],\"inLanguage\":\"de\"},{\"@type\":\"Organization\",\"@id\":\"https:\\\/\\\/sysmatec.ch\\\/de\\\/#organization\",\"name\":\"Sysmatec\",\"url\":\"https:\\\/\\\/sysmatec.ch\\\/de\\\/\",\"logo\":{\"@type\":\"ImageObject\",\"inLanguage\":\"de\",\"@id\":\"https:\\\/\\\/sysmatec.ch\\\/de\\\/#\\\/schema\\\/logo\\\/image\\\/\",\"url\":\"https:\\\/\\\/sysmatec.ch\\\/wp-content\\\/uploads\\\/2018\\\/11\\\/LogoSysmatec.jpg\",\"contentUrl\":\"https:\\\/\\\/sysmatec.ch\\\/wp-content\\\/uploads\\\/2018\\\/11\\\/LogoSysmatec.jpg\",\"width\":301,\"height\":297,\"caption\":\"Sysmatec\"},\"image\":{\"@id\":\"https:\\\/\\\/sysmatec.ch\\\/de\\\/#\\\/schema\\\/logo\\\/image\\\/\"}}]}<\/script>\n<!-- \/ Yoast SEO plugin. -->","yoast_head_json":{"title":"Tragbarer Luftqualit\u00e4t-Detektor AQ PRO (Formaldhyd) - Sysmatec","description":"Modularer Gasdetektor. Es misst bis zu 6 Parameter wie Temperatur, Druck, Feuchtigkeit, CO2, CO, VOC, O2, H2S usw.","robots":{"index":"index","follow":"follow","max-snippet":"max-snippet:-1","max-image-preview":"max-image-preview:large","max-video-preview":"max-video-preview:-1"},"canonical":"https:\/\/sysmatec.ch\/de\/produit\/tragbarer-luftqualitaet-detektor-aq-pro-formaldhyd\/","og_locale":"de_DE","og_type":"article","og_title":"Tragbarer Luftqualit\u00e4t-Detektor AQ PRO (Formaldhyd) - Sysmatec","og_description":"Modularer Gasdetektor. Es misst bis zu 6 Parameter wie Temperatur, Druck, Feuchtigkeit, CO2, CO, VOC, O2, H2S usw.","og_url":"https:\/\/sysmatec.ch\/de\/produit\/tragbarer-luftqualitaet-detektor-aq-pro-formaldhyd\/","og_site_name":"Sysmatec","article_modified_time":"2022-02-12T17:02:10+00:00","og_image":[{"width":185,"height":277,"url":"https:\/\/sysmatec.ch\/wp-content\/uploads\/2019\/03\/Detecteur_EInstAQPRO.jpg","type":"image\/jpeg"}],"twitter_card":"summary_large_image","twitter_misc":{"Gesch\u00e4tzte Lesezeit":"1\u00a0Minute"},"schema":{"@context":"https:\/\/schema.org","@graph":[{"@type":"WebPage","@id":"https:\/\/sysmatec.ch\/de\/produit\/tragbarer-luftqualitaet-detektor-aq-pro-formaldhyd\/","url":"https:\/\/sysmatec.ch\/de\/produit\/tragbarer-luftqualitaet-detektor-aq-pro-formaldhyd\/","name":"Tragbarer Luftqualit\u00e4t-Detektor AQ PRO (Formaldhyd) - Sysmatec","isPartOf":{"@id":"https:\/\/sysmatec.ch\/de\/#website"},"primaryImageOfPage":{"@id":"https:\/\/sysmatec.ch\/de\/produit\/tragbarer-luftqualitaet-detektor-aq-pro-formaldhyd\/#primaryimage"},"image":{"@id":"https:\/\/sysmatec.ch\/de\/produit\/tragbarer-luftqualitaet-detektor-aq-pro-formaldhyd\/#primaryimage"},"thumbnailUrl":"https:\/\/sysmatec.ch\/wp-content\/uploads\/2019\/03\/Detecteur_EInstAQPRO.jpg","datePublished":"2019-03-17T18:57:02+00:00","dateModified":"2022-02-12T17:02:10+00:00","description":"Modularer Gasdetektor. Es misst bis zu 6 Parameter wie Temperatur, Druck, Feuchtigkeit, CO2, CO, VOC, O2, H2S usw.","breadcrumb":{"@id":"https:\/\/sysmatec.ch\/de\/produit\/tragbarer-luftqualitaet-detektor-aq-pro-formaldhyd\/#breadcrumb"},"inLanguage":"de","potentialAction":[{"@type":"ReadAction","target":["https:\/\/sysmatec.ch\/de\/produit\/tragbarer-luftqualitaet-detektor-aq-pro-formaldhyd\/"]}]},{"@type":"ImageObject","inLanguage":"de","@id":"https:\/\/sysmatec.ch\/de\/produit\/tragbarer-luftqualitaet-detektor-aq-pro-formaldhyd\/#primaryimage","url":"https:\/\/sysmatec.ch\/wp-content\/uploads\/2019\/03\/Detecteur_EInstAQPRO.jpg","contentUrl":"https:\/\/sysmatec.ch\/wp-content\/uploads\/2019\/03\/Detecteur_EInstAQPRO.jpg","width":185,"height":277},{"@type":"BreadcrumbList","@id":"https:\/\/sysmatec.ch\/de\/produit\/tragbarer-luftqualitaet-detektor-aq-pro-formaldhyd\/#breadcrumb","itemListElement":[{"@type":"ListItem","position":1,"name":"Accueil","item":"https:\/\/sysmatec.ch\/de\/"},{"@type":"ListItem","position":2,"name":"Die Aktivit\u00e4t von Sysmatec","item":"https:\/\/sysmatec.ch\/de\/"},{"@type":"ListItem","position":3,"name":"Tragbarer Luftqualit\u00e4t-Detektor AQ PRO (Formaldhyd)"}]},{"@type":"WebSite","@id":"https:\/\/sysmatec.ch\/de\/#website","url":"https:\/\/sysmatec.ch\/de\/","name":"Sysmatec","description":"Equipement de laboratoire et logiciels","publisher":{"@id":"https:\/\/sysmatec.ch\/de\/#organization"},"potentialAction":[{"@type":"SearchAction","target":{"@type":"EntryPoint","urlTemplate":"https:\/\/sysmatec.ch\/de\/?s={search_term_string}"},"query-input":{"@type":"PropertyValueSpecification","valueRequired":true,"valueName":"search_term_string"}}],"inLanguage":"de"},{"@type":"Organization","@id":"https:\/\/sysmatec.ch\/de\/#organization","name":"Sysmatec","url":"https:\/\/sysmatec.ch\/de\/","logo":{"@type":"ImageObject","inLanguage":"de","@id":"https:\/\/sysmatec.ch\/de\/#\/schema\/logo\/image\/","url":"https:\/\/sysmatec.ch\/wp-content\/uploads\/2018\/11\/LogoSysmatec.jpg","contentUrl":"https:\/\/sysmatec.ch\/wp-content\/uploads\/2018\/11\/LogoSysmatec.jpg","width":301,"height":297,"caption":"Sysmatec"},"image":{"@id":"https:\/\/sysmatec.ch\/de\/#\/schema\/logo\/image\/"}}]}},"_links":{"self":[{"href":"https:\/\/sysmatec.ch\/de\/wp-json\/wp\/v2\/product\/4637","targetHints":{"allow":["GET"]}}],"collection":[{"href":"https:\/\/sysmatec.ch\/de\/wp-json\/wp\/v2\/product"}],"about":[{"href":"https:\/\/sysmatec.ch\/de\/wp-json\/wp\/v2\/types\/product"}],"wp:featuredmedia":[{"embeddable":true,"href":"https:\/\/sysmatec.ch\/de\/wp-json\/wp\/v2\/media\/4628"}],"wp:attachment":[{"href":"https:\/\/sysmatec.ch\/de\/wp-json\/wp\/v2\/media?parent=4637"}],"wp:term":[{"taxonomy":"product_brand","embeddable":true,"href":"https:\/\/sysmatec.ch\/de\/wp-json\/wp\/v2\/product_brand?post=4637"},{"taxonomy":"product_cat","embeddable":true,"href":"https:\/\/sysmatec.ch\/de\/wp-json\/wp\/v2\/product_cat?post=4637"},{"taxonomy":"product_tag","embeddable":true,"href":"https:\/\/sysmatec.ch\/de\/wp-json\/wp\/v2\/product_tag?post=4637"}],"curies":[{"name":"wp","href":"https:\/\/api.w.org\/{rel}","templated":true}]}}