{"id":4616,"date":"2019-03-17T18:58:13","date_gmt":"2019-03-17T17:58:13","guid":{"rendered":"https:\/\/sysmatec.ch\/produit\/systeme-de-monitoring-testo-160-iaq\/"},"modified":"2022-02-12T18:16:54","modified_gmt":"2022-02-12T17:16:54","slug":"funk-datenlogger-mit-display-und-integrierten-sensoren-fuer-temperatur-feuchte-co2-und-atmosphaerischen-druck-testo-160iaq","status":"publish","type":"product","link":"https:\/\/sysmatec.ch\/de\/Produkt\/funk-datenlogger-mit-display-und-integrierten-sensoren-fuer-temperatur-feuchte-co2-und-atmosphaerischen-druck-testo-160iaq\/","title":{"rendered":"Funk-Datenlogger mit Display und integrierten Sensoren f\u00fcr Temperatur, Feuchte CO2 und atmosph\u00e4rischen Druck Testo 160IAQ"},"content":{"rendered":"<p>Die Raumluftqualit\u00e4t hat einen enormen Einfluss auf das Wohlbefinden und die Gesundheit des Menschen. Verbrauchte Raumluft kann M\u00fcdigkeit, Konzentrationsverlust und Unwohlsein hervorrufen. \u00dcberwachen Sie zuverl\u00e4ssig die Raumluftqualit\u00e4t in Innenr\u00e4umen mit dem Funk-Datenlogger testo 160 IAQ. Der Datenlogger ist beispielsweise einsetzbar in Schulen, Kinderg\u00e4rten, Konferenzr\u00e4umen, Gro\u00dfraumb\u00fcros, H\u00f6rs\u00e4len oder Museen \u2013 kurz: in R\u00e4umen, in denen sich viele Menschen aufhalten.<\/p>\n<p>Der einfach zu bedienende Funk-Datenlogger testo 160 IAQ ist ideal zur \u00dcberwachung der Raumluftqualit\u00e4t. Dank seiner Sensoren f\u00fcr Temperatur, Luftfeuchte, CO2 sowie atmosph\u00e4rischen Druck ermittelt er pr\u00e4zise die Klimabedingungen in jedem Raum.<\/p>\n<p>Besonders benutzerfreundlich: Mithilfe der farbigen LEDs am Datenlogger wird die Luftqualit\u00e4t nach dem Ampelprinzip dargestellt. Die CO2-Grenzwerte k\u00f6nnen individuell festgelegt werden. Im Batteriebetrieb werden die LEDs ausgeschaltet, um l\u00e4ngere Batteriestandzeiten zu gew\u00e4hrleisten.<\/p>\n<p>Auf dem Logger-Display sind folgende Werte ablesbar:<\/p>\n<p>Bei Netzbetrieb: CO2-Konzentration sowie abwechselnd Temperatur und Luftfeuchte. Die Werte des atmosph\u00e4rischen Drucks werden nicht auf dem Logger-Display angezeigt, sind jedoch in der Cloud verf\u00fcgbar<\/p>\n<p>Bei Batteriebetrieb: CO2-Konzentration und Temperatur. Die Daten f\u00fcr Luftfeuchte werden nicht angezeigt \u2013 das sorgt f\u00fcr l\u00e4ngere Batteriestandzeiten<\/p>\n<p>Alle Messdaten werden von dem Datenlogger \u00fcber Ihr WLAN direkt in der Testo-Cloud gespeichert. So k\u00f6nnen Sie Ihre Messdaten auch \u00fcber einen l\u00e4ngeren Zeitraum dokumentieren und auswerten.<\/p>\n<p>Bei Grenzwert-\u00dcberschreitungen werden Sie dank der Alarm-Funktion sofort per E-Mail oder (optional) SMS benachrichtigt. Sie k\u00f6nnen jederzeit und \u00fcberall mit Ihrem internetf\u00e4higen Smartphone, Tablet oder PC auf alle Messwerte und Analyse-Funktionen zugreifen.<\/p>\n<h2>Feuchte &#8211; Kapazitiv<\/h2>\n<ul>\n<li type=\"disc\">Messbereich: 0 bis 100 %rF (nicht kondensierend)<\/li>\n<li type=\"disc\">Genauigkeit: \u00b12.0 %rF bei +25.0 und 20 bis 80 %rF, \u00b13.0 %rF bei +25.0 und &lt; 20 und &gt; 80 %rF<\/li>\n<li type=\"disc\">\u00b11.0 %rF Hysterese, \u00b11.0 %rF \/ Jahr Drift<\/li>\n<li type=\"disc\">Aufl\u00f6sung: 0.1 %rF<\/li>\n<\/ul>\n<h2>Absolutdruck<\/h2>\n<ul>\n<li type=\"disc\">Messbereich: 600 bis 1100 mbar<\/li>\n<li type=\"disc\">Genauigkeit: \u00b13 mbar bei +22 \u00b0C<\/li>\n<li type=\"disc\">Aufl\u00f6sung: 1 mbar<\/li>\n<\/ul>\n<h2>CO2 in Raumluft<\/h2>\n<ul>\n<li type=\"disc\">Messbereich: 0 bis 5000 ppm<\/li>\n<li type=\"disc\">Genauigkeit: \u00b1(50 ppm + 3 % v. Mw.) bei 25 \u00b0C<\/li>\n<li type=\"disc\">Ohne externe Stromversorgung: \u00b1(100 ppm + 3 % v. Mw.) bei 25 \u00b0C<\/li>\n<li type=\"disc\">Aufl\u00f6sung: 1 ppm<\/li>\n<\/ul>\n<h2>Temperatur<\/h2>\n<ul>\n<li type=\"disc\">Messbereich: 0 bis +50 \u00b0C<\/li>\n<li type=\"disc\">Genauigkeit: \u00b10.5 \u00b0C<\/li>\n<li type=\"disc\">Aufl\u00f6sung: 0.1 \u00b0C<\/li>\n<\/ul>\n<p>Abmessungen: 117 x 82 x 32 mm (LxBxH)<\/p>\n<p>Betriebstemperatur: 0 bis +50 \u00b0C<\/p>\n<p>Schutzklasse: IP20<\/p>\n<p>Kommunikations- Mess-takt: abh\u00e4ngig von der Cloud Lizenz; Basic: 15 min \u2026 24 h \/ Advanced: 1 min \u2026 24 h<\/p>\n<p>WLAN Connectivity: Unterst\u00fctzte WLAN-Standards: IEEE 802.11 b\/g\/n und IEEE 802.1X; M\u00f6gliche Verschl\u00fcsslungsmethoden: WPA2 Enterprise: EAP-TLS, EAP-TTLS-TLS, EAP-TTLS-MSCHAPv2, EAP-TTLS-PSK, EAP-PEAP0-TLS, EAP-PEAP0-MSCHAPv2, EAP-PEAP0-PSK, EAP-PEAP1-TLS, EAP-PEAP1-MSCHAPv2, EAP-PEAP1-PSK, WPA Personal, WPA2 (AES), WPA (TKIP), WEP<\/p>\n<p>Alarmfunktion: LED (Ampelfunktion: gr\u00fcn, gelb, rot)<\/p>\n<p>Akku-\/Batteriestandzeit: 1 Jahr<\/p>\n<p>Stromversorgung: 4 x AA Batterien 1,5 V, alternativ Netzteil \u00fcber USB-Anschluss<\/p>\n<p>Schnittstellen: USB<\/p>\n<p>Funkreichweite: 100 m<\/p>\n<p>Speicher: 32&#8217;000 Messwerte \/ Summe aller Kan\u00e4le<\/p>\n<p>Lagertemperatur: 0 bis +50 \u00b0C<\/p>\n<p>Gewicht: 269 g<\/p>\n<p>Abmessung Display: 55 x 42 mm<\/p>\n<p>Lieferumfang<\/p>\n<ul>\n<li type=\"disc\">Funk-Datenlogger testo 160 IAQ<\/li>\n<li type=\"disc\">Inklusive kostenlosem Cloud-Zugang (Basic-Funktionalit\u00e4t)<\/li>\n<li type=\"disc\">USB-Netzteil<\/li>\n<li type=\"disc\">Batterien (4 x Alkali Mangan Microzelle AA)<\/li>\n<li type=\"disc\">Wandhalterung inklusive Entriegelungswerkzeug und Klebestreifen<\/li>\n<li type=\"disc\">QR-Code Sticker<\/li>\n<li type=\"disc\">Kalibrierprotokoll<\/li>\n<li type=\"disc\">Kurzanleitung<\/li>\n<\/ul>\n","protected":false},"excerpt":{"rendered":"<p>Funk-Datenlogger mit Display und integrierten Sensoren f\u00fcr Temperatur, Feuchte CO2 und atmosph\u00e4rischen Druck<\/p>\n","protected":false},"featured_media":4614,"template":"","meta":{"_crdt_document":""},"product_brand":[],"product_cat":[185,374],"product_tag":[],"class_list":{"0":"post-4616","1":"product","2":"type-product","3":"status-publish","4":"has-post-thumbnail","6":"product_cat-analyzer-de","7":"product_cat-gas-de","9":"first","10":"instock","11":"taxable","12":"shipping-taxable","13":"product-type-simple"},"yoast_head":"<!-- This site is optimized with the Yoast SEO plugin v27.4 - https:\/\/yoast.com\/product\/yoast-seo-wordpress\/ -->\n<title>Funk-Datenlogger mit Display und integrierten Sensoren f\u00fcr Temperatur, Feuchte CO2 und atmosph\u00e4rischen Druck Testo 160IAQ - Sysmatec<\/title>\n<meta name=\"description\" content=\"Rekorder zur Messung der Luftqualit\u00e4t. Es misst Temperatur, Feuchtigkeit, Druck und CO2-Parameter. Wifi-Kommunikation mit einem Cloud.\" \/>\n<meta name=\"robots\" content=\"index, follow, max-snippet:-1, max-image-preview:large, max-video-preview:-1\" \/>\n<link rel=\"canonical\" href=\"https:\/\/sysmatec.ch\/de\/produit\/funk-datenlogger-mit-display-und-integrierten-sensoren-fuer-temperatur-feuchte-co2-und-atmosphaerischen-druck-testo-160iaq\/\" \/>\n<meta property=\"og:locale\" content=\"de_DE\" \/>\n<meta property=\"og:type\" content=\"article\" \/>\n<meta property=\"og:title\" content=\"Funk-Datenlogger mit Display und integrierten Sensoren f\u00fcr Temperatur, Feuchte CO2 und atmosph\u00e4rischen Druck Testo 160IAQ - Sysmatec\" \/>\n<meta property=\"og:description\" content=\"Rekorder zur Messung der Luftqualit\u00e4t. Es misst Temperatur, Feuchtigkeit, Druck und CO2-Parameter. Wifi-Kommunikation mit einem Cloud.\" \/>\n<meta property=\"og:url\" content=\"https:\/\/sysmatec.ch\/de\/produit\/funk-datenlogger-mit-display-und-integrierten-sensoren-fuer-temperatur-feuchte-co2-und-atmosphaerischen-druck-testo-160iaq\/\" \/>\n<meta property=\"og:site_name\" content=\"Sysmatec\" \/>\n<meta property=\"article:modified_time\" content=\"2022-02-12T17:16:54+00:00\" \/>\n<meta property=\"og:image\" content=\"https:\/\/sysmatec.ch\/wp-content\/uploads\/2019\/03\/Enregistreur_Testo160IAQ.jpg\" \/>\n\t<meta property=\"og:image:width\" content=\"190\" \/>\n\t<meta property=\"og:image:height\" content=\"354\" \/>\n\t<meta property=\"og:image:type\" content=\"image\/jpeg\" \/>\n<meta name=\"twitter:card\" content=\"summary_large_image\" \/>\n<meta name=\"twitter:label1\" content=\"Gesch\u00e4tzte Lesezeit\" \/>\n\t<meta name=\"twitter:data1\" content=\"3\u00a0Minuten\" \/>\n<script type=\"application\/ld+json\" class=\"yoast-schema-graph\">{\"@context\":\"https:\\\/\\\/schema.org\",\"@graph\":[{\"@type\":\"WebPage\",\"@id\":\"https:\\\/\\\/sysmatec.ch\\\/de\\\/produit\\\/funk-datenlogger-mit-display-und-integrierten-sensoren-fuer-temperatur-feuchte-co2-und-atmosphaerischen-druck-testo-160iaq\\\/\",\"url\":\"https:\\\/\\\/sysmatec.ch\\\/de\\\/produit\\\/funk-datenlogger-mit-display-und-integrierten-sensoren-fuer-temperatur-feuchte-co2-und-atmosphaerischen-druck-testo-160iaq\\\/\",\"name\":\"Funk-Datenlogger mit Display und integrierten Sensoren f\u00fcr Temperatur, Feuchte CO2 und atmosph\u00e4rischen Druck Testo 160IAQ - Sysmatec\",\"isPartOf\":{\"@id\":\"https:\\\/\\\/sysmatec.ch\\\/de\\\/#website\"},\"primaryImageOfPage\":{\"@id\":\"https:\\\/\\\/sysmatec.ch\\\/de\\\/produit\\\/funk-datenlogger-mit-display-und-integrierten-sensoren-fuer-temperatur-feuchte-co2-und-atmosphaerischen-druck-testo-160iaq\\\/#primaryimage\"},\"image\":{\"@id\":\"https:\\\/\\\/sysmatec.ch\\\/de\\\/produit\\\/funk-datenlogger-mit-display-und-integrierten-sensoren-fuer-temperatur-feuchte-co2-und-atmosphaerischen-druck-testo-160iaq\\\/#primaryimage\"},\"thumbnailUrl\":\"https:\\\/\\\/sysmatec.ch\\\/wp-content\\\/uploads\\\/2019\\\/03\\\/Enregistreur_Testo160IAQ.jpg\",\"datePublished\":\"2019-03-17T17:58:13+00:00\",\"dateModified\":\"2022-02-12T17:16:54+00:00\",\"description\":\"Rekorder zur Messung der Luftqualit\u00e4t. Es misst Temperatur, Feuchtigkeit, Druck und CO2-Parameter. Wifi-Kommunikation mit einem Cloud.\",\"breadcrumb\":{\"@id\":\"https:\\\/\\\/sysmatec.ch\\\/de\\\/produit\\\/funk-datenlogger-mit-display-und-integrierten-sensoren-fuer-temperatur-feuchte-co2-und-atmosphaerischen-druck-testo-160iaq\\\/#breadcrumb\"},\"inLanguage\":\"de\",\"potentialAction\":[{\"@type\":\"ReadAction\",\"target\":[\"https:\\\/\\\/sysmatec.ch\\\/de\\\/produit\\\/funk-datenlogger-mit-display-und-integrierten-sensoren-fuer-temperatur-feuchte-co2-und-atmosphaerischen-druck-testo-160iaq\\\/\"]}]},{\"@type\":\"ImageObject\",\"inLanguage\":\"de\",\"@id\":\"https:\\\/\\\/sysmatec.ch\\\/de\\\/produit\\\/funk-datenlogger-mit-display-und-integrierten-sensoren-fuer-temperatur-feuchte-co2-und-atmosphaerischen-druck-testo-160iaq\\\/#primaryimage\",\"url\":\"https:\\\/\\\/sysmatec.ch\\\/wp-content\\\/uploads\\\/2019\\\/03\\\/Enregistreur_Testo160IAQ.jpg\",\"contentUrl\":\"https:\\\/\\\/sysmatec.ch\\\/wp-content\\\/uploads\\\/2019\\\/03\\\/Enregistreur_Testo160IAQ.jpg\",\"width\":190,\"height\":354},{\"@type\":\"BreadcrumbList\",\"@id\":\"https:\\\/\\\/sysmatec.ch\\\/de\\\/produit\\\/funk-datenlogger-mit-display-und-integrierten-sensoren-fuer-temperatur-feuchte-co2-und-atmosphaerischen-druck-testo-160iaq\\\/#breadcrumb\",\"itemListElement\":[{\"@type\":\"ListItem\",\"position\":1,\"name\":\"Accueil\",\"item\":\"https:\\\/\\\/sysmatec.ch\\\/de\\\/\"},{\"@type\":\"ListItem\",\"position\":2,\"name\":\"Die Aktivit\u00e4t von Sysmatec\",\"item\":\"https:\\\/\\\/sysmatec.ch\\\/de\\\/\"},{\"@type\":\"ListItem\",\"position\":3,\"name\":\"Funk-Datenlogger mit Display und integrierten Sensoren f\u00fcr Temperatur, Feuchte CO2 und atmosph\u00e4rischen Druck Testo 160IAQ\"}]},{\"@type\":\"WebSite\",\"@id\":\"https:\\\/\\\/sysmatec.ch\\\/de\\\/#website\",\"url\":\"https:\\\/\\\/sysmatec.ch\\\/de\\\/\",\"name\":\"Sysmatec\",\"description\":\"Equipement de laboratoire et logiciels\",\"publisher\":{\"@id\":\"https:\\\/\\\/sysmatec.ch\\\/de\\\/#organization\"},\"potentialAction\":[{\"@type\":\"SearchAction\",\"target\":{\"@type\":\"EntryPoint\",\"urlTemplate\":\"https:\\\/\\\/sysmatec.ch\\\/de\\\/?s={search_term_string}\"},\"query-input\":{\"@type\":\"PropertyValueSpecification\",\"valueRequired\":true,\"valueName\":\"search_term_string\"}}],\"inLanguage\":\"de\"},{\"@type\":\"Organization\",\"@id\":\"https:\\\/\\\/sysmatec.ch\\\/de\\\/#organization\",\"name\":\"Sysmatec\",\"url\":\"https:\\\/\\\/sysmatec.ch\\\/de\\\/\",\"logo\":{\"@type\":\"ImageObject\",\"inLanguage\":\"de\",\"@id\":\"https:\\\/\\\/sysmatec.ch\\\/de\\\/#\\\/schema\\\/logo\\\/image\\\/\",\"url\":\"https:\\\/\\\/sysmatec.ch\\\/wp-content\\\/uploads\\\/2018\\\/11\\\/LogoSysmatec.jpg\",\"contentUrl\":\"https:\\\/\\\/sysmatec.ch\\\/wp-content\\\/uploads\\\/2018\\\/11\\\/LogoSysmatec.jpg\",\"width\":301,\"height\":297,\"caption\":\"Sysmatec\"},\"image\":{\"@id\":\"https:\\\/\\\/sysmatec.ch\\\/de\\\/#\\\/schema\\\/logo\\\/image\\\/\"}}]}<\/script>\n<!-- \/ Yoast SEO plugin. -->","yoast_head_json":{"title":"Funk-Datenlogger mit Display und integrierten Sensoren f\u00fcr Temperatur, Feuchte CO2 und atmosph\u00e4rischen Druck Testo 160IAQ - Sysmatec","description":"Rekorder zur Messung der Luftqualit\u00e4t. Es misst Temperatur, Feuchtigkeit, Druck und CO2-Parameter. Wifi-Kommunikation mit einem Cloud.","robots":{"index":"index","follow":"follow","max-snippet":"max-snippet:-1","max-image-preview":"max-image-preview:large","max-video-preview":"max-video-preview:-1"},"canonical":"https:\/\/sysmatec.ch\/de\/produit\/funk-datenlogger-mit-display-und-integrierten-sensoren-fuer-temperatur-feuchte-co2-und-atmosphaerischen-druck-testo-160iaq\/","og_locale":"de_DE","og_type":"article","og_title":"Funk-Datenlogger mit Display und integrierten Sensoren f\u00fcr Temperatur, Feuchte CO2 und atmosph\u00e4rischen Druck Testo 160IAQ - Sysmatec","og_description":"Rekorder zur Messung der Luftqualit\u00e4t. Es misst Temperatur, Feuchtigkeit, Druck und CO2-Parameter. Wifi-Kommunikation mit einem Cloud.","og_url":"https:\/\/sysmatec.ch\/de\/produit\/funk-datenlogger-mit-display-und-integrierten-sensoren-fuer-temperatur-feuchte-co2-und-atmosphaerischen-druck-testo-160iaq\/","og_site_name":"Sysmatec","article_modified_time":"2022-02-12T17:16:54+00:00","og_image":[{"width":190,"height":354,"url":"https:\/\/sysmatec.ch\/wp-content\/uploads\/2019\/03\/Enregistreur_Testo160IAQ.jpg","type":"image\/jpeg"}],"twitter_card":"summary_large_image","twitter_misc":{"Gesch\u00e4tzte Lesezeit":"3\u00a0Minuten"},"schema":{"@context":"https:\/\/schema.org","@graph":[{"@type":"WebPage","@id":"https:\/\/sysmatec.ch\/de\/produit\/funk-datenlogger-mit-display-und-integrierten-sensoren-fuer-temperatur-feuchte-co2-und-atmosphaerischen-druck-testo-160iaq\/","url":"https:\/\/sysmatec.ch\/de\/produit\/funk-datenlogger-mit-display-und-integrierten-sensoren-fuer-temperatur-feuchte-co2-und-atmosphaerischen-druck-testo-160iaq\/","name":"Funk-Datenlogger mit Display und integrierten Sensoren f\u00fcr Temperatur, Feuchte CO2 und atmosph\u00e4rischen Druck Testo 160IAQ - Sysmatec","isPartOf":{"@id":"https:\/\/sysmatec.ch\/de\/#website"},"primaryImageOfPage":{"@id":"https:\/\/sysmatec.ch\/de\/produit\/funk-datenlogger-mit-display-und-integrierten-sensoren-fuer-temperatur-feuchte-co2-und-atmosphaerischen-druck-testo-160iaq\/#primaryimage"},"image":{"@id":"https:\/\/sysmatec.ch\/de\/produit\/funk-datenlogger-mit-display-und-integrierten-sensoren-fuer-temperatur-feuchte-co2-und-atmosphaerischen-druck-testo-160iaq\/#primaryimage"},"thumbnailUrl":"https:\/\/sysmatec.ch\/wp-content\/uploads\/2019\/03\/Enregistreur_Testo160IAQ.jpg","datePublished":"2019-03-17T17:58:13+00:00","dateModified":"2022-02-12T17:16:54+00:00","description":"Rekorder zur Messung der Luftqualit\u00e4t. Es misst Temperatur, Feuchtigkeit, Druck und CO2-Parameter. Wifi-Kommunikation mit einem Cloud.","breadcrumb":{"@id":"https:\/\/sysmatec.ch\/de\/produit\/funk-datenlogger-mit-display-und-integrierten-sensoren-fuer-temperatur-feuchte-co2-und-atmosphaerischen-druck-testo-160iaq\/#breadcrumb"},"inLanguage":"de","potentialAction":[{"@type":"ReadAction","target":["https:\/\/sysmatec.ch\/de\/produit\/funk-datenlogger-mit-display-und-integrierten-sensoren-fuer-temperatur-feuchte-co2-und-atmosphaerischen-druck-testo-160iaq\/"]}]},{"@type":"ImageObject","inLanguage":"de","@id":"https:\/\/sysmatec.ch\/de\/produit\/funk-datenlogger-mit-display-und-integrierten-sensoren-fuer-temperatur-feuchte-co2-und-atmosphaerischen-druck-testo-160iaq\/#primaryimage","url":"https:\/\/sysmatec.ch\/wp-content\/uploads\/2019\/03\/Enregistreur_Testo160IAQ.jpg","contentUrl":"https:\/\/sysmatec.ch\/wp-content\/uploads\/2019\/03\/Enregistreur_Testo160IAQ.jpg","width":190,"height":354},{"@type":"BreadcrumbList","@id":"https:\/\/sysmatec.ch\/de\/produit\/funk-datenlogger-mit-display-und-integrierten-sensoren-fuer-temperatur-feuchte-co2-und-atmosphaerischen-druck-testo-160iaq\/#breadcrumb","itemListElement":[{"@type":"ListItem","position":1,"name":"Accueil","item":"https:\/\/sysmatec.ch\/de\/"},{"@type":"ListItem","position":2,"name":"Die Aktivit\u00e4t von Sysmatec","item":"https:\/\/sysmatec.ch\/de\/"},{"@type":"ListItem","position":3,"name":"Funk-Datenlogger mit Display und integrierten Sensoren f\u00fcr Temperatur, Feuchte CO2 und atmosph\u00e4rischen Druck Testo 160IAQ"}]},{"@type":"WebSite","@id":"https:\/\/sysmatec.ch\/de\/#website","url":"https:\/\/sysmatec.ch\/de\/","name":"Sysmatec","description":"Equipement de laboratoire et logiciels","publisher":{"@id":"https:\/\/sysmatec.ch\/de\/#organization"},"potentialAction":[{"@type":"SearchAction","target":{"@type":"EntryPoint","urlTemplate":"https:\/\/sysmatec.ch\/de\/?s={search_term_string}"},"query-input":{"@type":"PropertyValueSpecification","valueRequired":true,"valueName":"search_term_string"}}],"inLanguage":"de"},{"@type":"Organization","@id":"https:\/\/sysmatec.ch\/de\/#organization","name":"Sysmatec","url":"https:\/\/sysmatec.ch\/de\/","logo":{"@type":"ImageObject","inLanguage":"de","@id":"https:\/\/sysmatec.ch\/de\/#\/schema\/logo\/image\/","url":"https:\/\/sysmatec.ch\/wp-content\/uploads\/2018\/11\/LogoSysmatec.jpg","contentUrl":"https:\/\/sysmatec.ch\/wp-content\/uploads\/2018\/11\/LogoSysmatec.jpg","width":301,"height":297,"caption":"Sysmatec"},"image":{"@id":"https:\/\/sysmatec.ch\/de\/#\/schema\/logo\/image\/"}}]}},"_links":{"self":[{"href":"https:\/\/sysmatec.ch\/de\/wp-json\/wp\/v2\/product\/4616","targetHints":{"allow":["GET"]}}],"collection":[{"href":"https:\/\/sysmatec.ch\/de\/wp-json\/wp\/v2\/product"}],"about":[{"href":"https:\/\/sysmatec.ch\/de\/wp-json\/wp\/v2\/types\/product"}],"wp:featuredmedia":[{"embeddable":true,"href":"https:\/\/sysmatec.ch\/de\/wp-json\/wp\/v2\/media\/4614"}],"wp:attachment":[{"href":"https:\/\/sysmatec.ch\/de\/wp-json\/wp\/v2\/media?parent=4616"}],"wp:term":[{"taxonomy":"product_brand","embeddable":true,"href":"https:\/\/sysmatec.ch\/de\/wp-json\/wp\/v2\/product_brand?post=4616"},{"taxonomy":"product_cat","embeddable":true,"href":"https:\/\/sysmatec.ch\/de\/wp-json\/wp\/v2\/product_cat?post=4616"},{"taxonomy":"product_tag","embeddable":true,"href":"https:\/\/sysmatec.ch\/de\/wp-json\/wp\/v2\/product_tag?post=4616"}],"curies":[{"name":"wp","href":"https:\/\/api.w.org\/{rel}","templated":true}]}}