{"id":4607,"date":"2019-03-17T14:18:56","date_gmt":"2019-03-17T13:18:56","guid":{"rendered":"https:\/\/sysmatec.ch\/produit\/enregistreur-de-temperature-dhumidite-et-de-dioxyde-de-carbone-mini-thco2\/"},"modified":"2022-02-13T09:46:32","modified_gmt":"2022-02-13T08:46:32","slug":"datenlogger-fuer-temperatur-feuchtigkeit-und-kohlendioxid-mini-thco2","status":"publish","type":"product","link":"https:\/\/sysmatec.ch\/de\/Produkt\/datenlogger-fuer-temperatur-feuchtigkeit-und-kohlendioxid-mini-thco2\/","title":{"rendered":"Datenlogger f\u00fcr Temperatur, Feuchtigkeit und Kohlendioxid MINI-THCO2"},"content":{"rendered":"<p>Gro\u00dfbild-Anzeige von Temperatur, Luftfeuchtigkeit und Kohlendioxid, mit Akku, Speicher, Aufzeichnungsstatus<\/p>\n<p>Hohe Pr\u00e4zision, Massenspeicher f\u00fcr Langzeitprotokollierung<\/p>\n<p>Resistent gegen Wasser und Staub, geeignet f\u00fcr K\u00fchlketten-Systeme von frischen Lebensmitteln, Obst, Gem\u00fcse oder Wein<\/p>\n<p>Geeignet f\u00fcr Agrarforschung, Gew\u00e4chshausanbau<\/p>\n<ul>\n<li type=\"disc\">T Messbereich: -30 \u00b0 C bis 70 \u00b0 C, -40 \u00b0 C bis 85 \u00b0 C<\/li>\n<li type=\"disc\">T Genauigkeit \u00b1 0.5 \u00b0 C, \u00b1 0.3 \u00b0 C<\/li>\n<li type=\"disc\">T Aufl\u00f6sung 0.1 \u00b0 C<\/li>\n<li type=\"disc\">RH Messbereich 0% bis 100% RH<\/li>\n<li type=\"disc\">RH Genauigkeit \u00b1 3% RH (10% bis 85% RH) \/ anderer Bereich \u00b1 5% RH (Pr\u00fcfumgebung 23 \u00b0 C \u00b1 2 \u00b0 C) \/ \u00b1 2% RH (Hochpr\u00e4zise Ausf\u00fchrung)<\/li>\n<li type=\"disc\">RH Aufl\u00f6sung 0.1% RH<\/li>\n<li type=\"disc\">CO2 Messbereich 0 bis 10000ppm<\/li>\n<li type=\"disc\">CO2 Genauigkeit \u00b1 70ppm, \u00b1 40ppm<\/li>\n<li type=\"disc\">CO2 Aufl\u00f6sung 1ppm<\/li>\n<li type=\"disc\">Speichergr\u00f6\u00dfe 10 000\/20 000 Einheiten<\/li>\n<li type=\"disc\">Alarme: hoch und tief, Anzeige + Ton<\/li>\n<li type=\"disc\">Abtastintervall 2s, 5s, 10s, 30s, 60s, 255s<\/li>\n<li type=\"disc\">Protokollierungsintervall 2 Sekunden bis 24 Stunden<\/li>\n<li type=\"disc\">Start mit Verz\u00f6gerungszeit 1 bis 120s<\/li>\n<li type=\"disc\">Start-Modus Tastenbedienung<\/li>\n<li type=\"disc\">End-Modus Tastenbedienung<\/li>\n<li type=\"disc\">Timing Start \/ End Zuf\u00e4lliger Start \/ End mit Format YYMMDD HHMMSS<\/li>\n<li type=\"disc\">Lagertemperatur -50 \u00b0 C bis 90 \u00b0 C<\/li>\n<li type=\"disc\">ESD Schutz \u00b1 25KV<\/li>\n<li type=\"disc\">Schnittstelle Mini USB2.0<\/li>\n<li type=\"disc\">Batterie 1 x 3.6V Lithiumbatterie<\/li>\n<li type=\"disc\">Batterielebensdauer ca. 100 Stunden<\/li>\n<li type=\"disc\">Software ANALYSE 3<\/li>\n<li type=\"disc\">IP-Klasse IP64<\/li>\n<li type=\"disc\">Sensing Probe IR CO2 Sensor + hochpr\u00e4zise Temperatur- und Feuchtigkeitssonde<\/li>\n<li type=\"disc\">Abmessungen 86.2 \u00d7 64.2 \u00d7 25.4 mm<\/li>\n<li type=\"disc\">Anzeigefl\u00e4che 41 \u00d7 30mm<\/li>\n<li type=\"disc\">Geh\u00e4use ABS + PC, flammwidrig, halogenfrei<\/li>\n<li type=\"disc\">Gewicht 96g<\/li>\n<\/ul>\n","protected":false},"excerpt":{"rendered":"<p>Datenlogger f\u00fcr Temperatur, Feuchtigkeit und Kohlendioxid<\/p>\n","protected":false},"featured_media":4605,"template":"","meta":{"_crdt_document":""},"product_brand":[],"product_cat":[185,374],"product_tag":[],"class_list":{"0":"post-4607","1":"product","2":"type-product","3":"status-publish","4":"has-post-thumbnail","6":"product_cat-analyzer-de","7":"product_cat-gas-de","9":"first","10":"instock","11":"taxable","12":"shipping-taxable","13":"product-type-simple"},"yoast_head":"<!-- This site is optimized with the Yoast SEO plugin v27.4 - https:\/\/yoast.com\/product\/yoast-seo-wordpress\/ -->\n<title>Datenlogger f\u00fcr Temperatur, Feuchtigkeit und Kohlendioxid MINI-THCO2 - Sysmatec<\/title>\n<meta name=\"description\" content=\"CO2-, Temperatur- und Feuchtigkeitsschreiber. CO2-Messbereich von 0 bis 10.000 ppm. Tragbar, es funktioniert mit Batterie.\" \/>\n<meta name=\"robots\" content=\"index, follow, max-snippet:-1, max-image-preview:large, max-video-preview:-1\" \/>\n<link rel=\"canonical\" href=\"https:\/\/sysmatec.ch\/de\/produit\/datenlogger-fuer-temperatur-feuchtigkeit-und-kohlendioxid-mini-thco2\/\" \/>\n<meta property=\"og:locale\" content=\"de_DE\" \/>\n<meta property=\"og:type\" content=\"article\" \/>\n<meta property=\"og:title\" content=\"Datenlogger f\u00fcr Temperatur, Feuchtigkeit und Kohlendioxid MINI-THCO2 - Sysmatec\" \/>\n<meta property=\"og:description\" content=\"CO2-, Temperatur- und Feuchtigkeitsschreiber. CO2-Messbereich von 0 bis 10.000 ppm. Tragbar, es funktioniert mit Batterie.\" \/>\n<meta property=\"og:url\" content=\"https:\/\/sysmatec.ch\/de\/produit\/datenlogger-fuer-temperatur-feuchtigkeit-und-kohlendioxid-mini-thco2\/\" \/>\n<meta property=\"og:site_name\" content=\"Sysmatec\" \/>\n<meta property=\"article:modified_time\" content=\"2022-02-13T08:46:32+00:00\" \/>\n<meta property=\"og:image\" content=\"https:\/\/sysmatec.ch\/wp-content\/uploads\/2019\/03\/Detecteur_ZoglabMiniTHCO2.jpg\" \/>\n\t<meta property=\"og:image:width\" content=\"185\" \/>\n\t<meta property=\"og:image:height\" content=\"148\" \/>\n\t<meta property=\"og:image:type\" content=\"image\/jpeg\" \/>\n<meta name=\"twitter:card\" content=\"summary_large_image\" \/>\n<meta name=\"twitter:label1\" content=\"Gesch\u00e4tzte Lesezeit\" \/>\n\t<meta name=\"twitter:data1\" content=\"1\u00a0Minute\" \/>\n<script type=\"application\/ld+json\" class=\"yoast-schema-graph\">{\"@context\":\"https:\\\/\\\/schema.org\",\"@graph\":[{\"@type\":\"WebPage\",\"@id\":\"https:\\\/\\\/sysmatec.ch\\\/de\\\/produit\\\/datenlogger-fuer-temperatur-feuchtigkeit-und-kohlendioxid-mini-thco2\\\/\",\"url\":\"https:\\\/\\\/sysmatec.ch\\\/de\\\/produit\\\/datenlogger-fuer-temperatur-feuchtigkeit-und-kohlendioxid-mini-thco2\\\/\",\"name\":\"Datenlogger f\u00fcr Temperatur, Feuchtigkeit und Kohlendioxid MINI-THCO2 - Sysmatec\",\"isPartOf\":{\"@id\":\"https:\\\/\\\/sysmatec.ch\\\/de\\\/#website\"},\"primaryImageOfPage\":{\"@id\":\"https:\\\/\\\/sysmatec.ch\\\/de\\\/produit\\\/datenlogger-fuer-temperatur-feuchtigkeit-und-kohlendioxid-mini-thco2\\\/#primaryimage\"},\"image\":{\"@id\":\"https:\\\/\\\/sysmatec.ch\\\/de\\\/produit\\\/datenlogger-fuer-temperatur-feuchtigkeit-und-kohlendioxid-mini-thco2\\\/#primaryimage\"},\"thumbnailUrl\":\"https:\\\/\\\/sysmatec.ch\\\/wp-content\\\/uploads\\\/2019\\\/03\\\/Detecteur_ZoglabMiniTHCO2.jpg\",\"datePublished\":\"2019-03-17T13:18:56+00:00\",\"dateModified\":\"2022-02-13T08:46:32+00:00\",\"description\":\"CO2-, Temperatur- und Feuchtigkeitsschreiber. CO2-Messbereich von 0 bis 10.000 ppm. Tragbar, es funktioniert mit Batterie.\",\"breadcrumb\":{\"@id\":\"https:\\\/\\\/sysmatec.ch\\\/de\\\/produit\\\/datenlogger-fuer-temperatur-feuchtigkeit-und-kohlendioxid-mini-thco2\\\/#breadcrumb\"},\"inLanguage\":\"de\",\"potentialAction\":[{\"@type\":\"ReadAction\",\"target\":[\"https:\\\/\\\/sysmatec.ch\\\/de\\\/produit\\\/datenlogger-fuer-temperatur-feuchtigkeit-und-kohlendioxid-mini-thco2\\\/\"]}]},{\"@type\":\"ImageObject\",\"inLanguage\":\"de\",\"@id\":\"https:\\\/\\\/sysmatec.ch\\\/de\\\/produit\\\/datenlogger-fuer-temperatur-feuchtigkeit-und-kohlendioxid-mini-thco2\\\/#primaryimage\",\"url\":\"https:\\\/\\\/sysmatec.ch\\\/wp-content\\\/uploads\\\/2019\\\/03\\\/Detecteur_ZoglabMiniTHCO2.jpg\",\"contentUrl\":\"https:\\\/\\\/sysmatec.ch\\\/wp-content\\\/uploads\\\/2019\\\/03\\\/Detecteur_ZoglabMiniTHCO2.jpg\",\"width\":185,\"height\":148},{\"@type\":\"BreadcrumbList\",\"@id\":\"https:\\\/\\\/sysmatec.ch\\\/de\\\/produit\\\/datenlogger-fuer-temperatur-feuchtigkeit-und-kohlendioxid-mini-thco2\\\/#breadcrumb\",\"itemListElement\":[{\"@type\":\"ListItem\",\"position\":1,\"name\":\"Accueil\",\"item\":\"https:\\\/\\\/sysmatec.ch\\\/de\\\/\"},{\"@type\":\"ListItem\",\"position\":2,\"name\":\"Die Aktivit\u00e4t von Sysmatec\",\"item\":\"https:\\\/\\\/sysmatec.ch\\\/de\\\/\"},{\"@type\":\"ListItem\",\"position\":3,\"name\":\"Datenlogger f\u00fcr Temperatur, Feuchtigkeit und Kohlendioxid MINI-THCO2\"}]},{\"@type\":\"WebSite\",\"@id\":\"https:\\\/\\\/sysmatec.ch\\\/de\\\/#website\",\"url\":\"https:\\\/\\\/sysmatec.ch\\\/de\\\/\",\"name\":\"Sysmatec\",\"description\":\"Equipement de laboratoire et logiciels\",\"publisher\":{\"@id\":\"https:\\\/\\\/sysmatec.ch\\\/de\\\/#organization\"},\"potentialAction\":[{\"@type\":\"SearchAction\",\"target\":{\"@type\":\"EntryPoint\",\"urlTemplate\":\"https:\\\/\\\/sysmatec.ch\\\/de\\\/?s={search_term_string}\"},\"query-input\":{\"@type\":\"PropertyValueSpecification\",\"valueRequired\":true,\"valueName\":\"search_term_string\"}}],\"inLanguage\":\"de\"},{\"@type\":\"Organization\",\"@id\":\"https:\\\/\\\/sysmatec.ch\\\/de\\\/#organization\",\"name\":\"Sysmatec\",\"url\":\"https:\\\/\\\/sysmatec.ch\\\/de\\\/\",\"logo\":{\"@type\":\"ImageObject\",\"inLanguage\":\"de\",\"@id\":\"https:\\\/\\\/sysmatec.ch\\\/de\\\/#\\\/schema\\\/logo\\\/image\\\/\",\"url\":\"https:\\\/\\\/sysmatec.ch\\\/wp-content\\\/uploads\\\/2018\\\/11\\\/LogoSysmatec.jpg\",\"contentUrl\":\"https:\\\/\\\/sysmatec.ch\\\/wp-content\\\/uploads\\\/2018\\\/11\\\/LogoSysmatec.jpg\",\"width\":301,\"height\":297,\"caption\":\"Sysmatec\"},\"image\":{\"@id\":\"https:\\\/\\\/sysmatec.ch\\\/de\\\/#\\\/schema\\\/logo\\\/image\\\/\"}}]}<\/script>\n<!-- \/ Yoast SEO plugin. -->","yoast_head_json":{"title":"Datenlogger f\u00fcr Temperatur, Feuchtigkeit und Kohlendioxid MINI-THCO2 - Sysmatec","description":"CO2-, Temperatur- und Feuchtigkeitsschreiber. CO2-Messbereich von 0 bis 10.000 ppm. Tragbar, es funktioniert mit Batterie.","robots":{"index":"index","follow":"follow","max-snippet":"max-snippet:-1","max-image-preview":"max-image-preview:large","max-video-preview":"max-video-preview:-1"},"canonical":"https:\/\/sysmatec.ch\/de\/produit\/datenlogger-fuer-temperatur-feuchtigkeit-und-kohlendioxid-mini-thco2\/","og_locale":"de_DE","og_type":"article","og_title":"Datenlogger f\u00fcr Temperatur, Feuchtigkeit und Kohlendioxid MINI-THCO2 - Sysmatec","og_description":"CO2-, Temperatur- und Feuchtigkeitsschreiber. CO2-Messbereich von 0 bis 10.000 ppm. Tragbar, es funktioniert mit Batterie.","og_url":"https:\/\/sysmatec.ch\/de\/produit\/datenlogger-fuer-temperatur-feuchtigkeit-und-kohlendioxid-mini-thco2\/","og_site_name":"Sysmatec","article_modified_time":"2022-02-13T08:46:32+00:00","og_image":[{"width":185,"height":148,"url":"https:\/\/sysmatec.ch\/wp-content\/uploads\/2019\/03\/Detecteur_ZoglabMiniTHCO2.jpg","type":"image\/jpeg"}],"twitter_card":"summary_large_image","twitter_misc":{"Gesch\u00e4tzte Lesezeit":"1\u00a0Minute"},"schema":{"@context":"https:\/\/schema.org","@graph":[{"@type":"WebPage","@id":"https:\/\/sysmatec.ch\/de\/produit\/datenlogger-fuer-temperatur-feuchtigkeit-und-kohlendioxid-mini-thco2\/","url":"https:\/\/sysmatec.ch\/de\/produit\/datenlogger-fuer-temperatur-feuchtigkeit-und-kohlendioxid-mini-thco2\/","name":"Datenlogger f\u00fcr Temperatur, Feuchtigkeit und Kohlendioxid MINI-THCO2 - Sysmatec","isPartOf":{"@id":"https:\/\/sysmatec.ch\/de\/#website"},"primaryImageOfPage":{"@id":"https:\/\/sysmatec.ch\/de\/produit\/datenlogger-fuer-temperatur-feuchtigkeit-und-kohlendioxid-mini-thco2\/#primaryimage"},"image":{"@id":"https:\/\/sysmatec.ch\/de\/produit\/datenlogger-fuer-temperatur-feuchtigkeit-und-kohlendioxid-mini-thco2\/#primaryimage"},"thumbnailUrl":"https:\/\/sysmatec.ch\/wp-content\/uploads\/2019\/03\/Detecteur_ZoglabMiniTHCO2.jpg","datePublished":"2019-03-17T13:18:56+00:00","dateModified":"2022-02-13T08:46:32+00:00","description":"CO2-, Temperatur- und Feuchtigkeitsschreiber. CO2-Messbereich von 0 bis 10.000 ppm. Tragbar, es funktioniert mit Batterie.","breadcrumb":{"@id":"https:\/\/sysmatec.ch\/de\/produit\/datenlogger-fuer-temperatur-feuchtigkeit-und-kohlendioxid-mini-thco2\/#breadcrumb"},"inLanguage":"de","potentialAction":[{"@type":"ReadAction","target":["https:\/\/sysmatec.ch\/de\/produit\/datenlogger-fuer-temperatur-feuchtigkeit-und-kohlendioxid-mini-thco2\/"]}]},{"@type":"ImageObject","inLanguage":"de","@id":"https:\/\/sysmatec.ch\/de\/produit\/datenlogger-fuer-temperatur-feuchtigkeit-und-kohlendioxid-mini-thco2\/#primaryimage","url":"https:\/\/sysmatec.ch\/wp-content\/uploads\/2019\/03\/Detecteur_ZoglabMiniTHCO2.jpg","contentUrl":"https:\/\/sysmatec.ch\/wp-content\/uploads\/2019\/03\/Detecteur_ZoglabMiniTHCO2.jpg","width":185,"height":148},{"@type":"BreadcrumbList","@id":"https:\/\/sysmatec.ch\/de\/produit\/datenlogger-fuer-temperatur-feuchtigkeit-und-kohlendioxid-mini-thco2\/#breadcrumb","itemListElement":[{"@type":"ListItem","position":1,"name":"Accueil","item":"https:\/\/sysmatec.ch\/de\/"},{"@type":"ListItem","position":2,"name":"Die Aktivit\u00e4t von Sysmatec","item":"https:\/\/sysmatec.ch\/de\/"},{"@type":"ListItem","position":3,"name":"Datenlogger f\u00fcr Temperatur, Feuchtigkeit und Kohlendioxid MINI-THCO2"}]},{"@type":"WebSite","@id":"https:\/\/sysmatec.ch\/de\/#website","url":"https:\/\/sysmatec.ch\/de\/","name":"Sysmatec","description":"Equipement de laboratoire et logiciels","publisher":{"@id":"https:\/\/sysmatec.ch\/de\/#organization"},"potentialAction":[{"@type":"SearchAction","target":{"@type":"EntryPoint","urlTemplate":"https:\/\/sysmatec.ch\/de\/?s={search_term_string}"},"query-input":{"@type":"PropertyValueSpecification","valueRequired":true,"valueName":"search_term_string"}}],"inLanguage":"de"},{"@type":"Organization","@id":"https:\/\/sysmatec.ch\/de\/#organization","name":"Sysmatec","url":"https:\/\/sysmatec.ch\/de\/","logo":{"@type":"ImageObject","inLanguage":"de","@id":"https:\/\/sysmatec.ch\/de\/#\/schema\/logo\/image\/","url":"https:\/\/sysmatec.ch\/wp-content\/uploads\/2018\/11\/LogoSysmatec.jpg","contentUrl":"https:\/\/sysmatec.ch\/wp-content\/uploads\/2018\/11\/LogoSysmatec.jpg","width":301,"height":297,"caption":"Sysmatec"},"image":{"@id":"https:\/\/sysmatec.ch\/de\/#\/schema\/logo\/image\/"}}]}},"_links":{"self":[{"href":"https:\/\/sysmatec.ch\/de\/wp-json\/wp\/v2\/product\/4607","targetHints":{"allow":["GET"]}}],"collection":[{"href":"https:\/\/sysmatec.ch\/de\/wp-json\/wp\/v2\/product"}],"about":[{"href":"https:\/\/sysmatec.ch\/de\/wp-json\/wp\/v2\/types\/product"}],"wp:featuredmedia":[{"embeddable":true,"href":"https:\/\/sysmatec.ch\/de\/wp-json\/wp\/v2\/media\/4605"}],"wp:attachment":[{"href":"https:\/\/sysmatec.ch\/de\/wp-json\/wp\/v2\/media?parent=4607"}],"wp:term":[{"taxonomy":"product_brand","embeddable":true,"href":"https:\/\/sysmatec.ch\/de\/wp-json\/wp\/v2\/product_brand?post=4607"},{"taxonomy":"product_cat","embeddable":true,"href":"https:\/\/sysmatec.ch\/de\/wp-json\/wp\/v2\/product_cat?post=4607"},{"taxonomy":"product_tag","embeddable":true,"href":"https:\/\/sysmatec.ch\/de\/wp-json\/wp\/v2\/product_tag?post=4607"}],"curies":[{"name":"wp","href":"https:\/\/api.w.org\/{rel}","templated":true}]}}