{"id":4563,"date":"2019-03-11T21:53:26","date_gmt":"2019-03-11T20:53:26","guid":{"rendered":"https:\/\/sysmatec.ch\/produit\/detecteur-de-fuite-de-gaz-testo-316-2\/"},"modified":"2022-02-13T19:19:01","modified_gmt":"2022-02-13T18:19:01","slug":"gaslecksuchgeraet-testo-316-2","status":"publish","type":"product","link":"https:\/\/sysmatec.ch\/de\/Produkt\/gaslecksuchgeraet-testo-316-2\/","title":{"rendered":"Gaslecksuchger\u00e4t Testo 316-2"},"content":{"rendered":"<ul>\n<li>Biegbarer Messf\u00fchler f\u00fcr schwer zug\u00e4ngliche Stellen<\/li>\n<li>Optischer und akustischer Alarm durch Balkenanzeige bei zunehmenden und gef\u00e4hrlichen Gaskonzentrationen<\/li>\n<li>Schleppzeiger gibt Maximalleckagen an<\/li>\n<li>Integrierte Pumpe<\/li>\n<li>Ohrh\u00f6reranschluss zur sicheren Leckageortung in lauter Umgebung<\/li>\n<li>Hohe Standzeit durch Akkubetrieb<\/li>\n<\/ul>\n<p>Messbereich<\/p>\n<ul>\n<li>10 ppm bis 4.0 Vol. % CH4<\/li>\n<li>10 ppm bis 1.9 Vol. % C3H8<\/li>\n<li>10 ppm bis 4.0 Vol. % H2<\/li>\n<\/ul>\n<p>Erste Alarmegrenze<\/p>\n<ul>\n<li>200 ppm CH4<\/li>\n<li>100 ppm C3H8<\/li>\n<li>200 ppm H2<\/li>\n<\/ul>\n<p>Zweite Alarmegrenze<\/p>\n<ul>\n<li>10 000 ppm CH4<\/li>\n<li>5 000 ppm C3H8<\/li>\n<li>10 000 ppm H2<\/li>\n<\/ul>\n<p>Dimension: 190 x 57 x 42 mm<\/p>\n","protected":false},"excerpt":{"rendered":"<p>Gaslecksuchger\u00e4t<\/p>\n","protected":false},"featured_media":4555,"template":"","meta":{"_crdt_document":""},"product_brand":[],"product_cat":[185,374],"product_tag":[],"class_list":{"0":"post-4563","1":"product","2":"type-product","3":"status-publish","4":"has-post-thumbnail","6":"product_cat-analyzer-de","7":"product_cat-gas-de","9":"first","10":"instock","11":"taxable","12":"shipping-taxable","13":"product-type-simple"},"yoast_head":"<!-- This site is optimized with the Yoast SEO plugin v27.3 - https:\/\/yoast.com\/product\/yoast-seo-wordpress\/ -->\n<title>Gaslecksuchger\u00e4t Testo 316-2 - Sysmatec<\/title>\n<meta name=\"description\" content=\"Tragbarer Gaslecksucher mit eingebauter Pumpe. Akustischer und optischer Alarm. Anzeige in CH4, H2 oder C3H8.\" \/>\n<meta name=\"robots\" content=\"index, follow, max-snippet:-1, max-image-preview:large, max-video-preview:-1\" \/>\n<link rel=\"canonical\" href=\"https:\/\/sysmatec.ch\/de\/produit\/gaslecksuchgeraet-testo-316-2\/\" \/>\n<meta property=\"og:locale\" content=\"de_DE\" \/>\n<meta property=\"og:type\" content=\"article\" \/>\n<meta property=\"og:title\" content=\"Gaslecksuchger\u00e4t Testo 316-2 - Sysmatec\" \/>\n<meta property=\"og:description\" content=\"Tragbarer Gaslecksucher mit eingebauter Pumpe. Akustischer und optischer Alarm. Anzeige in CH4, H2 oder C3H8.\" \/>\n<meta property=\"og:url\" content=\"https:\/\/sysmatec.ch\/de\/produit\/gaslecksuchgeraet-testo-316-2\/\" \/>\n<meta property=\"og:site_name\" content=\"Sysmatec\" \/>\n<meta property=\"article:modified_time\" content=\"2022-02-13T18:19:01+00:00\" \/>\n<meta property=\"og:image\" content=\"https:\/\/sysmatec.ch\/wp-content\/uploads\/2019\/03\/Detecteur_Testo316_2.jpg\" \/>\n\t<meta property=\"og:image:width\" content=\"151\" \/>\n\t<meta property=\"og:image:height\" content=\"183\" \/>\n\t<meta property=\"og:image:type\" content=\"image\/jpeg\" \/>\n<meta name=\"twitter:card\" content=\"summary_large_image\" \/>\n<meta name=\"twitter:label1\" content=\"Gesch\u00e4tzte Lesezeit\" \/>\n\t<meta name=\"twitter:data1\" content=\"1\u00a0Minute\" \/>\n<script type=\"application\/ld+json\" class=\"yoast-schema-graph\">{\"@context\":\"https:\\\/\\\/schema.org\",\"@graph\":[{\"@type\":\"WebPage\",\"@id\":\"https:\\\/\\\/sysmatec.ch\\\/de\\\/produit\\\/gaslecksuchgeraet-testo-316-2\\\/\",\"url\":\"https:\\\/\\\/sysmatec.ch\\\/de\\\/produit\\\/gaslecksuchgeraet-testo-316-2\\\/\",\"name\":\"Gaslecksuchger\u00e4t Testo 316-2 - Sysmatec\",\"isPartOf\":{\"@id\":\"https:\\\/\\\/sysmatec.ch\\\/de\\\/#website\"},\"primaryImageOfPage\":{\"@id\":\"https:\\\/\\\/sysmatec.ch\\\/de\\\/produit\\\/gaslecksuchgeraet-testo-316-2\\\/#primaryimage\"},\"image\":{\"@id\":\"https:\\\/\\\/sysmatec.ch\\\/de\\\/produit\\\/gaslecksuchgeraet-testo-316-2\\\/#primaryimage\"},\"thumbnailUrl\":\"https:\\\/\\\/sysmatec.ch\\\/wp-content\\\/uploads\\\/2019\\\/03\\\/Detecteur_Testo316_2.jpg\",\"datePublished\":\"2019-03-11T20:53:26+00:00\",\"dateModified\":\"2022-02-13T18:19:01+00:00\",\"description\":\"Tragbarer Gaslecksucher mit eingebauter Pumpe. Akustischer und optischer Alarm. Anzeige in CH4, H2 oder C3H8.\",\"breadcrumb\":{\"@id\":\"https:\\\/\\\/sysmatec.ch\\\/de\\\/produit\\\/gaslecksuchgeraet-testo-316-2\\\/#breadcrumb\"},\"inLanguage\":\"de\",\"potentialAction\":[{\"@type\":\"ReadAction\",\"target\":[\"https:\\\/\\\/sysmatec.ch\\\/de\\\/produit\\\/gaslecksuchgeraet-testo-316-2\\\/\"]}]},{\"@type\":\"ImageObject\",\"inLanguage\":\"de\",\"@id\":\"https:\\\/\\\/sysmatec.ch\\\/de\\\/produit\\\/gaslecksuchgeraet-testo-316-2\\\/#primaryimage\",\"url\":\"https:\\\/\\\/sysmatec.ch\\\/wp-content\\\/uploads\\\/2019\\\/03\\\/Detecteur_Testo316_2.jpg\",\"contentUrl\":\"https:\\\/\\\/sysmatec.ch\\\/wp-content\\\/uploads\\\/2019\\\/03\\\/Detecteur_Testo316_2.jpg\",\"width\":151,\"height\":183},{\"@type\":\"BreadcrumbList\",\"@id\":\"https:\\\/\\\/sysmatec.ch\\\/de\\\/produit\\\/gaslecksuchgeraet-testo-316-2\\\/#breadcrumb\",\"itemListElement\":[{\"@type\":\"ListItem\",\"position\":1,\"name\":\"Accueil\",\"item\":\"https:\\\/\\\/sysmatec.ch\\\/de\\\/\"},{\"@type\":\"ListItem\",\"position\":2,\"name\":\"Die Aktivit\u00e4t von Sysmatec\",\"item\":\"https:\\\/\\\/sysmatec.ch\\\/de\\\/\"},{\"@type\":\"ListItem\",\"position\":3,\"name\":\"Gaslecksuchger\u00e4t Testo 316-2\"}]},{\"@type\":\"WebSite\",\"@id\":\"https:\\\/\\\/sysmatec.ch\\\/de\\\/#website\",\"url\":\"https:\\\/\\\/sysmatec.ch\\\/de\\\/\",\"name\":\"Sysmatec\",\"description\":\"Equipement de laboratoire et logiciels\",\"publisher\":{\"@id\":\"https:\\\/\\\/sysmatec.ch\\\/de\\\/#organization\"},\"potentialAction\":[{\"@type\":\"SearchAction\",\"target\":{\"@type\":\"EntryPoint\",\"urlTemplate\":\"https:\\\/\\\/sysmatec.ch\\\/de\\\/?s={search_term_string}\"},\"query-input\":{\"@type\":\"PropertyValueSpecification\",\"valueRequired\":true,\"valueName\":\"search_term_string\"}}],\"inLanguage\":\"de\"},{\"@type\":\"Organization\",\"@id\":\"https:\\\/\\\/sysmatec.ch\\\/de\\\/#organization\",\"name\":\"Sysmatec\",\"url\":\"https:\\\/\\\/sysmatec.ch\\\/de\\\/\",\"logo\":{\"@type\":\"ImageObject\",\"inLanguage\":\"de\",\"@id\":\"https:\\\/\\\/sysmatec.ch\\\/de\\\/#\\\/schema\\\/logo\\\/image\\\/\",\"url\":\"https:\\\/\\\/sysmatec.ch\\\/wp-content\\\/uploads\\\/2018\\\/11\\\/LogoSysmatec.jpg\",\"contentUrl\":\"https:\\\/\\\/sysmatec.ch\\\/wp-content\\\/uploads\\\/2018\\\/11\\\/LogoSysmatec.jpg\",\"width\":301,\"height\":297,\"caption\":\"Sysmatec\"},\"image\":{\"@id\":\"https:\\\/\\\/sysmatec.ch\\\/de\\\/#\\\/schema\\\/logo\\\/image\\\/\"}}]}<\/script>\n<!-- \/ Yoast SEO plugin. -->","yoast_head_json":{"title":"Gaslecksuchger\u00e4t Testo 316-2 - Sysmatec","description":"Tragbarer Gaslecksucher mit eingebauter Pumpe. Akustischer und optischer Alarm. Anzeige in CH4, H2 oder C3H8.","robots":{"index":"index","follow":"follow","max-snippet":"max-snippet:-1","max-image-preview":"max-image-preview:large","max-video-preview":"max-video-preview:-1"},"canonical":"https:\/\/sysmatec.ch\/de\/produit\/gaslecksuchgeraet-testo-316-2\/","og_locale":"de_DE","og_type":"article","og_title":"Gaslecksuchger\u00e4t Testo 316-2 - Sysmatec","og_description":"Tragbarer Gaslecksucher mit eingebauter Pumpe. Akustischer und optischer Alarm. Anzeige in CH4, H2 oder C3H8.","og_url":"https:\/\/sysmatec.ch\/de\/produit\/gaslecksuchgeraet-testo-316-2\/","og_site_name":"Sysmatec","article_modified_time":"2022-02-13T18:19:01+00:00","og_image":[{"width":151,"height":183,"url":"https:\/\/sysmatec.ch\/wp-content\/uploads\/2019\/03\/Detecteur_Testo316_2.jpg","type":"image\/jpeg"}],"twitter_card":"summary_large_image","twitter_misc":{"Gesch\u00e4tzte Lesezeit":"1\u00a0Minute"},"schema":{"@context":"https:\/\/schema.org","@graph":[{"@type":"WebPage","@id":"https:\/\/sysmatec.ch\/de\/produit\/gaslecksuchgeraet-testo-316-2\/","url":"https:\/\/sysmatec.ch\/de\/produit\/gaslecksuchgeraet-testo-316-2\/","name":"Gaslecksuchger\u00e4t Testo 316-2 - Sysmatec","isPartOf":{"@id":"https:\/\/sysmatec.ch\/de\/#website"},"primaryImageOfPage":{"@id":"https:\/\/sysmatec.ch\/de\/produit\/gaslecksuchgeraet-testo-316-2\/#primaryimage"},"image":{"@id":"https:\/\/sysmatec.ch\/de\/produit\/gaslecksuchgeraet-testo-316-2\/#primaryimage"},"thumbnailUrl":"https:\/\/sysmatec.ch\/wp-content\/uploads\/2019\/03\/Detecteur_Testo316_2.jpg","datePublished":"2019-03-11T20:53:26+00:00","dateModified":"2022-02-13T18:19:01+00:00","description":"Tragbarer Gaslecksucher mit eingebauter Pumpe. Akustischer und optischer Alarm. Anzeige in CH4, H2 oder C3H8.","breadcrumb":{"@id":"https:\/\/sysmatec.ch\/de\/produit\/gaslecksuchgeraet-testo-316-2\/#breadcrumb"},"inLanguage":"de","potentialAction":[{"@type":"ReadAction","target":["https:\/\/sysmatec.ch\/de\/produit\/gaslecksuchgeraet-testo-316-2\/"]}]},{"@type":"ImageObject","inLanguage":"de","@id":"https:\/\/sysmatec.ch\/de\/produit\/gaslecksuchgeraet-testo-316-2\/#primaryimage","url":"https:\/\/sysmatec.ch\/wp-content\/uploads\/2019\/03\/Detecteur_Testo316_2.jpg","contentUrl":"https:\/\/sysmatec.ch\/wp-content\/uploads\/2019\/03\/Detecteur_Testo316_2.jpg","width":151,"height":183},{"@type":"BreadcrumbList","@id":"https:\/\/sysmatec.ch\/de\/produit\/gaslecksuchgeraet-testo-316-2\/#breadcrumb","itemListElement":[{"@type":"ListItem","position":1,"name":"Accueil","item":"https:\/\/sysmatec.ch\/de\/"},{"@type":"ListItem","position":2,"name":"Die Aktivit\u00e4t von Sysmatec","item":"https:\/\/sysmatec.ch\/de\/"},{"@type":"ListItem","position":3,"name":"Gaslecksuchger\u00e4t Testo 316-2"}]},{"@type":"WebSite","@id":"https:\/\/sysmatec.ch\/de\/#website","url":"https:\/\/sysmatec.ch\/de\/","name":"Sysmatec","description":"Equipement de laboratoire et logiciels","publisher":{"@id":"https:\/\/sysmatec.ch\/de\/#organization"},"potentialAction":[{"@type":"SearchAction","target":{"@type":"EntryPoint","urlTemplate":"https:\/\/sysmatec.ch\/de\/?s={search_term_string}"},"query-input":{"@type":"PropertyValueSpecification","valueRequired":true,"valueName":"search_term_string"}}],"inLanguage":"de"},{"@type":"Organization","@id":"https:\/\/sysmatec.ch\/de\/#organization","name":"Sysmatec","url":"https:\/\/sysmatec.ch\/de\/","logo":{"@type":"ImageObject","inLanguage":"de","@id":"https:\/\/sysmatec.ch\/de\/#\/schema\/logo\/image\/","url":"https:\/\/sysmatec.ch\/wp-content\/uploads\/2018\/11\/LogoSysmatec.jpg","contentUrl":"https:\/\/sysmatec.ch\/wp-content\/uploads\/2018\/11\/LogoSysmatec.jpg","width":301,"height":297,"caption":"Sysmatec"},"image":{"@id":"https:\/\/sysmatec.ch\/de\/#\/schema\/logo\/image\/"}}]}},"_links":{"self":[{"href":"https:\/\/sysmatec.ch\/de\/wp-json\/wp\/v2\/product\/4563","targetHints":{"allow":["GET"]}}],"collection":[{"href":"https:\/\/sysmatec.ch\/de\/wp-json\/wp\/v2\/product"}],"about":[{"href":"https:\/\/sysmatec.ch\/de\/wp-json\/wp\/v2\/types\/product"}],"wp:featuredmedia":[{"embeddable":true,"href":"https:\/\/sysmatec.ch\/de\/wp-json\/wp\/v2\/media\/4555"}],"wp:attachment":[{"href":"https:\/\/sysmatec.ch\/de\/wp-json\/wp\/v2\/media?parent=4563"}],"wp:term":[{"taxonomy":"product_brand","embeddable":true,"href":"https:\/\/sysmatec.ch\/de\/wp-json\/wp\/v2\/product_brand?post=4563"},{"taxonomy":"product_cat","embeddable":true,"href":"https:\/\/sysmatec.ch\/de\/wp-json\/wp\/v2\/product_cat?post=4563"},{"taxonomy":"product_tag","embeddable":true,"href":"https:\/\/sysmatec.ch\/de\/wp-json\/wp\/v2\/product_tag?post=4563"}],"curies":[{"name":"wp","href":"https:\/\/api.w.org\/{rel}","templated":true}]}}