{"id":4542,"date":"2019-03-11T18:35:39","date_gmt":"2019-03-11T17:35:39","guid":{"rendered":"https:\/\/sysmatec.ch\/produit\/detecteur-de-gaz-gasman\/"},"modified":"2022-02-13T20:38:30","modified_gmt":"2022-02-13T19:38:30","slug":"gaswarngeraet-gasman","status":"publish","type":"product","link":"https:\/\/sysmatec.ch\/de\/Produkt\/gaswarngeraet-gasman\/","title":{"rendered":"Gaswarnger\u00e4t Gasman"},"content":{"rendered":"<p>Pers\u00f6nliches Gaswarnger\u00e4t, einfach zu bedienen, robust und sicher, f\u00fcr Sauerstoff, toxische oder brennbare Gase.<\/p>\n<table border=\"1\" width=\"401\" cellspacing=\"2\" cellpadding=\"0\">\n<tbody>\n<tr>\n<td>Gas<\/td>\n<td>Messbereich<\/td>\n<td>Alarme<\/td>\n<\/tr>\n<tr>\n<td>brennbare Gase<\/td>\n<td>0-100 % LIE<\/td>\n<td>20 % LIE<\/td>\n<\/tr>\n<tr>\n<td>Sauerstoff<\/td>\n<td>0-25 %<\/td>\n<td>10\/23,5 %<\/td>\n<\/tr>\n<tr>\n<td>Schwefelwasserstoff<\/td>\n<td>0-50 ppm<\/td>\n<td><\/td>\n<\/tr>\n<tr>\n<td>Kohlenmonoxid (CO)<\/td>\n<td>0-500 ppm<\/td>\n<td><\/td>\n<\/tr>\n<tr>\n<td>Kohlendioxid (CO2)<\/td>\n<td>0-5 % v\/v<\/td>\n<td><\/td>\n<\/tr>\n<tr>\n<td>Schwefeldioxid<\/td>\n<td>0-10 ppm<\/td>\n<td>1 ppm<\/td>\n<\/tr>\n<tr>\n<td>Chlor<\/td>\n<td>0-5 ppm<\/td>\n<td>0,5 ppm<\/td>\n<\/tr>\n<tr>\n<td>Stickstoffdioxid<\/td>\n<td>0-10 ppm<\/td>\n<td>1 ppm<\/td>\n<\/tr>\n<tr>\n<td>Ammoniak<\/td>\n<td>1-50 ppm<\/td>\n<td>25 ppm<\/td>\n<\/tr>\n<tr>\n<td>Ozon<\/td>\n<td>0-1 ppm<\/td>\n<td>0,1 ppm<\/td>\n<\/tr>\n<tr>\n<td>Wasserstoff<\/td>\n<td>0-1000 ppm<\/td>\n<td><\/td>\n<\/tr>\n<tr>\n<td>Cyanwasserstoff<\/td>\n<td>0-25 ppm<\/td>\n<td>5 ppm<\/td>\n<\/tr>\n<tr>\n<td>Chlorwasserstoff<\/td>\n<td>0-10 ppm<\/td>\n<td>1 ppm<\/td>\n<\/tr>\n<tr>\n<td>Fluorwasserstoff<\/td>\n<td>0-10 ppm<\/td>\n<td>1 ppm<\/td>\n<\/tr>\n<tr>\n<td>Phosphin<\/td>\n<td>0-5 ppm<\/td>\n<td>0,2 ppm<\/td>\n<\/tr>\n<tr>\n<td>Ethylenoxid<\/td>\n<td>0-10 ppm<\/td>\n<td>5 ppm<\/td>\n<\/tr>\n<\/tbody>\n<\/table>\n<h2>Gasdetektor Technische Daten<\/h2>\n<ul>\n<li>Typische Ansprechzeiten: 10 s f\u00fcr Sauerstoff, 20 s-30 s f\u00fcr die andere Gase<\/li>\n<li>Austauchbare Sensoren<\/li>\n<li>Anzeige: Konzentration, verbleibende Betriebzeit und n\u00e4chtste Kalibrierung<\/li>\n<li>Alarme: 95 dBA akustische Alarme, blinkende rot\/blaue Led, Vibrations-Alarmgeber<\/li>\n<li>Datenprotokollierung: ca 5000 Daten oder Ereignisse mit Datum und Zeit, Transfert zu einem PC \u00fcber RS232 Schnittstelle m\u00f6glich<\/li>\n<li>Betriebsdauer: ca 12 h mit wiederaufladebare Lithium Ion Batterien (Aufladestations als Option)<\/li>\n<li>Betriebsbedingungen: -20 \u00b0C bis 55 \u00b0C, 0-99 % rH<\/li>\n<li>Zulassung: ATEXII 1G EEx ia IIC T4 toxische Gas\/Sauerstoff, ATEXII 2G EEx iad IIC T4 brennbare Gase, EN50014, EN500020, EN50018, 94\/9\/EC<\/li>\n<li>mit einer Taschenklemme geliefert<\/li>\n<li>Optionen: Krokodilklemme, universelle Adapterplatte f\u00fcr Schulterriemen und Brustgurt, Ansaugbaugruppe, 220V Adapter oder Stecker und Kabel f\u00fcr den 12 V-Fahrzeugzigarettenanz\u00fcnder, 5-Wege-Mehrfachladeger\u00e4t<\/li>\n<\/ul>\n","protected":false},"excerpt":{"rendered":"<p>Gaswarnger\u00e4t<\/p>\n","protected":false},"featured_media":4540,"template":"","meta":{"_crdt_document":""},"product_brand":[],"product_cat":[185,374],"product_tag":[],"class_list":{"0":"post-4542","1":"product","2":"type-product","3":"status-publish","4":"has-post-thumbnail","6":"product_cat-analyzer-de","7":"product_cat-gas-de","9":"first","10":"instock","11":"taxable","12":"shipping-taxable","13":"product-type-simple"},"yoast_head":"<!-- This site is optimized with the Yoast SEO plugin v27.3 - https:\/\/yoast.com\/product\/yoast-seo-wordpress\/ -->\n<title>Gaswarnger\u00e4t Gasman - Sysmatec<\/title>\n<meta name=\"description\" content=\"Tragbares Gasmessger\u00e4t f\u00fcr die Personensicherheit. Es verf\u00fcgt \u00fcber einen akustischen und optischen Alarm und eine Rekorderfunktion.\" \/>\n<meta name=\"robots\" content=\"index, follow, max-snippet:-1, max-image-preview:large, max-video-preview:-1\" \/>\n<link rel=\"canonical\" href=\"https:\/\/sysmatec.ch\/de\/produit\/gaswarngeraet-gasman\/\" \/>\n<meta property=\"og:locale\" content=\"de_DE\" \/>\n<meta property=\"og:type\" content=\"article\" \/>\n<meta property=\"og:title\" content=\"Gaswarnger\u00e4t Gasman - Sysmatec\" \/>\n<meta property=\"og:description\" content=\"Tragbares Gasmessger\u00e4t f\u00fcr die Personensicherheit. Es verf\u00fcgt \u00fcber einen akustischen und optischen Alarm und eine Rekorderfunktion.\" \/>\n<meta property=\"og:url\" content=\"https:\/\/sysmatec.ch\/de\/produit\/gaswarngeraet-gasman\/\" \/>\n<meta property=\"og:site_name\" content=\"Sysmatec\" \/>\n<meta property=\"article:modified_time\" content=\"2022-02-13T19:38:30+00:00\" \/>\n<meta property=\"og:image\" content=\"https:\/\/sysmatec.ch\/wp-content\/uploads\/2019\/03\/Detecteur_CrowconGasman.gif\" \/>\n\t<meta property=\"og:image:width\" content=\"137\" \/>\n\t<meta property=\"og:image:height\" content=\"168\" \/>\n\t<meta property=\"og:image:type\" content=\"image\/gif\" \/>\n<meta name=\"twitter:card\" content=\"summary_large_image\" \/>\n<meta name=\"twitter:label1\" content=\"Gesch\u00e4tzte Lesezeit\" \/>\n\t<meta name=\"twitter:data1\" content=\"2\u00a0Minuten\" \/>\n<script type=\"application\/ld+json\" class=\"yoast-schema-graph\">{\"@context\":\"https:\\\/\\\/schema.org\",\"@graph\":[{\"@type\":\"WebPage\",\"@id\":\"https:\\\/\\\/sysmatec.ch\\\/de\\\/produit\\\/gaswarngeraet-gasman\\\/\",\"url\":\"https:\\\/\\\/sysmatec.ch\\\/de\\\/produit\\\/gaswarngeraet-gasman\\\/\",\"name\":\"Gaswarnger\u00e4t Gasman - Sysmatec\",\"isPartOf\":{\"@id\":\"https:\\\/\\\/sysmatec.ch\\\/de\\\/#website\"},\"primaryImageOfPage\":{\"@id\":\"https:\\\/\\\/sysmatec.ch\\\/de\\\/produit\\\/gaswarngeraet-gasman\\\/#primaryimage\"},\"image\":{\"@id\":\"https:\\\/\\\/sysmatec.ch\\\/de\\\/produit\\\/gaswarngeraet-gasman\\\/#primaryimage\"},\"thumbnailUrl\":\"https:\\\/\\\/sysmatec.ch\\\/wp-content\\\/uploads\\\/2019\\\/03\\\/Detecteur_CrowconGasman.gif\",\"datePublished\":\"2019-03-11T17:35:39+00:00\",\"dateModified\":\"2022-02-13T19:38:30+00:00\",\"description\":\"Tragbares Gasmessger\u00e4t f\u00fcr die Personensicherheit. Es verf\u00fcgt \u00fcber einen akustischen und optischen Alarm und eine Rekorderfunktion.\",\"breadcrumb\":{\"@id\":\"https:\\\/\\\/sysmatec.ch\\\/de\\\/produit\\\/gaswarngeraet-gasman\\\/#breadcrumb\"},\"inLanguage\":\"de\",\"potentialAction\":[{\"@type\":\"ReadAction\",\"target\":[\"https:\\\/\\\/sysmatec.ch\\\/de\\\/produit\\\/gaswarngeraet-gasman\\\/\"]}]},{\"@type\":\"ImageObject\",\"inLanguage\":\"de\",\"@id\":\"https:\\\/\\\/sysmatec.ch\\\/de\\\/produit\\\/gaswarngeraet-gasman\\\/#primaryimage\",\"url\":\"https:\\\/\\\/sysmatec.ch\\\/wp-content\\\/uploads\\\/2019\\\/03\\\/Detecteur_CrowconGasman.gif\",\"contentUrl\":\"https:\\\/\\\/sysmatec.ch\\\/wp-content\\\/uploads\\\/2019\\\/03\\\/Detecteur_CrowconGasman.gif\",\"width\":137,\"height\":168},{\"@type\":\"BreadcrumbList\",\"@id\":\"https:\\\/\\\/sysmatec.ch\\\/de\\\/produit\\\/gaswarngeraet-gasman\\\/#breadcrumb\",\"itemListElement\":[{\"@type\":\"ListItem\",\"position\":1,\"name\":\"Accueil\",\"item\":\"https:\\\/\\\/sysmatec.ch\\\/de\\\/\"},{\"@type\":\"ListItem\",\"position\":2,\"name\":\"Die Aktivit\u00e4t von Sysmatec\",\"item\":\"https:\\\/\\\/sysmatec.ch\\\/de\\\/\"},{\"@type\":\"ListItem\",\"position\":3,\"name\":\"Gaswarnger\u00e4t Gasman\"}]},{\"@type\":\"WebSite\",\"@id\":\"https:\\\/\\\/sysmatec.ch\\\/de\\\/#website\",\"url\":\"https:\\\/\\\/sysmatec.ch\\\/de\\\/\",\"name\":\"Sysmatec\",\"description\":\"Equipement de laboratoire et logiciels\",\"publisher\":{\"@id\":\"https:\\\/\\\/sysmatec.ch\\\/de\\\/#organization\"},\"potentialAction\":[{\"@type\":\"SearchAction\",\"target\":{\"@type\":\"EntryPoint\",\"urlTemplate\":\"https:\\\/\\\/sysmatec.ch\\\/de\\\/?s={search_term_string}\"},\"query-input\":{\"@type\":\"PropertyValueSpecification\",\"valueRequired\":true,\"valueName\":\"search_term_string\"}}],\"inLanguage\":\"de\"},{\"@type\":\"Organization\",\"@id\":\"https:\\\/\\\/sysmatec.ch\\\/de\\\/#organization\",\"name\":\"Sysmatec\",\"url\":\"https:\\\/\\\/sysmatec.ch\\\/de\\\/\",\"logo\":{\"@type\":\"ImageObject\",\"inLanguage\":\"de\",\"@id\":\"https:\\\/\\\/sysmatec.ch\\\/de\\\/#\\\/schema\\\/logo\\\/image\\\/\",\"url\":\"https:\\\/\\\/sysmatec.ch\\\/wp-content\\\/uploads\\\/2018\\\/11\\\/LogoSysmatec.jpg\",\"contentUrl\":\"https:\\\/\\\/sysmatec.ch\\\/wp-content\\\/uploads\\\/2018\\\/11\\\/LogoSysmatec.jpg\",\"width\":301,\"height\":297,\"caption\":\"Sysmatec\"},\"image\":{\"@id\":\"https:\\\/\\\/sysmatec.ch\\\/de\\\/#\\\/schema\\\/logo\\\/image\\\/\"}}]}<\/script>\n<!-- \/ Yoast SEO plugin. -->","yoast_head_json":{"title":"Gaswarnger\u00e4t Gasman - Sysmatec","description":"Tragbares Gasmessger\u00e4t f\u00fcr die Personensicherheit. Es verf\u00fcgt \u00fcber einen akustischen und optischen Alarm und eine Rekorderfunktion.","robots":{"index":"index","follow":"follow","max-snippet":"max-snippet:-1","max-image-preview":"max-image-preview:large","max-video-preview":"max-video-preview:-1"},"canonical":"https:\/\/sysmatec.ch\/de\/produit\/gaswarngeraet-gasman\/","og_locale":"de_DE","og_type":"article","og_title":"Gaswarnger\u00e4t Gasman - Sysmatec","og_description":"Tragbares Gasmessger\u00e4t f\u00fcr die Personensicherheit. Es verf\u00fcgt \u00fcber einen akustischen und optischen Alarm und eine Rekorderfunktion.","og_url":"https:\/\/sysmatec.ch\/de\/produit\/gaswarngeraet-gasman\/","og_site_name":"Sysmatec","article_modified_time":"2022-02-13T19:38:30+00:00","og_image":[{"width":137,"height":168,"url":"https:\/\/sysmatec.ch\/wp-content\/uploads\/2019\/03\/Detecteur_CrowconGasman.gif","type":"image\/gif"}],"twitter_card":"summary_large_image","twitter_misc":{"Gesch\u00e4tzte Lesezeit":"2\u00a0Minuten"},"schema":{"@context":"https:\/\/schema.org","@graph":[{"@type":"WebPage","@id":"https:\/\/sysmatec.ch\/de\/produit\/gaswarngeraet-gasman\/","url":"https:\/\/sysmatec.ch\/de\/produit\/gaswarngeraet-gasman\/","name":"Gaswarnger\u00e4t Gasman - Sysmatec","isPartOf":{"@id":"https:\/\/sysmatec.ch\/de\/#website"},"primaryImageOfPage":{"@id":"https:\/\/sysmatec.ch\/de\/produit\/gaswarngeraet-gasman\/#primaryimage"},"image":{"@id":"https:\/\/sysmatec.ch\/de\/produit\/gaswarngeraet-gasman\/#primaryimage"},"thumbnailUrl":"https:\/\/sysmatec.ch\/wp-content\/uploads\/2019\/03\/Detecteur_CrowconGasman.gif","datePublished":"2019-03-11T17:35:39+00:00","dateModified":"2022-02-13T19:38:30+00:00","description":"Tragbares Gasmessger\u00e4t f\u00fcr die Personensicherheit. Es verf\u00fcgt \u00fcber einen akustischen und optischen Alarm und eine Rekorderfunktion.","breadcrumb":{"@id":"https:\/\/sysmatec.ch\/de\/produit\/gaswarngeraet-gasman\/#breadcrumb"},"inLanguage":"de","potentialAction":[{"@type":"ReadAction","target":["https:\/\/sysmatec.ch\/de\/produit\/gaswarngeraet-gasman\/"]}]},{"@type":"ImageObject","inLanguage":"de","@id":"https:\/\/sysmatec.ch\/de\/produit\/gaswarngeraet-gasman\/#primaryimage","url":"https:\/\/sysmatec.ch\/wp-content\/uploads\/2019\/03\/Detecteur_CrowconGasman.gif","contentUrl":"https:\/\/sysmatec.ch\/wp-content\/uploads\/2019\/03\/Detecteur_CrowconGasman.gif","width":137,"height":168},{"@type":"BreadcrumbList","@id":"https:\/\/sysmatec.ch\/de\/produit\/gaswarngeraet-gasman\/#breadcrumb","itemListElement":[{"@type":"ListItem","position":1,"name":"Accueil","item":"https:\/\/sysmatec.ch\/de\/"},{"@type":"ListItem","position":2,"name":"Die Aktivit\u00e4t von Sysmatec","item":"https:\/\/sysmatec.ch\/de\/"},{"@type":"ListItem","position":3,"name":"Gaswarnger\u00e4t Gasman"}]},{"@type":"WebSite","@id":"https:\/\/sysmatec.ch\/de\/#website","url":"https:\/\/sysmatec.ch\/de\/","name":"Sysmatec","description":"Equipement de laboratoire et logiciels","publisher":{"@id":"https:\/\/sysmatec.ch\/de\/#organization"},"potentialAction":[{"@type":"SearchAction","target":{"@type":"EntryPoint","urlTemplate":"https:\/\/sysmatec.ch\/de\/?s={search_term_string}"},"query-input":{"@type":"PropertyValueSpecification","valueRequired":true,"valueName":"search_term_string"}}],"inLanguage":"de"},{"@type":"Organization","@id":"https:\/\/sysmatec.ch\/de\/#organization","name":"Sysmatec","url":"https:\/\/sysmatec.ch\/de\/","logo":{"@type":"ImageObject","inLanguage":"de","@id":"https:\/\/sysmatec.ch\/de\/#\/schema\/logo\/image\/","url":"https:\/\/sysmatec.ch\/wp-content\/uploads\/2018\/11\/LogoSysmatec.jpg","contentUrl":"https:\/\/sysmatec.ch\/wp-content\/uploads\/2018\/11\/LogoSysmatec.jpg","width":301,"height":297,"caption":"Sysmatec"},"image":{"@id":"https:\/\/sysmatec.ch\/de\/#\/schema\/logo\/image\/"}}]}},"_links":{"self":[{"href":"https:\/\/sysmatec.ch\/de\/wp-json\/wp\/v2\/product\/4542","targetHints":{"allow":["GET"]}}],"collection":[{"href":"https:\/\/sysmatec.ch\/de\/wp-json\/wp\/v2\/product"}],"about":[{"href":"https:\/\/sysmatec.ch\/de\/wp-json\/wp\/v2\/types\/product"}],"wp:featuredmedia":[{"embeddable":true,"href":"https:\/\/sysmatec.ch\/de\/wp-json\/wp\/v2\/media\/4540"}],"wp:attachment":[{"href":"https:\/\/sysmatec.ch\/de\/wp-json\/wp\/v2\/media?parent=4542"}],"wp:term":[{"taxonomy":"product_brand","embeddable":true,"href":"https:\/\/sysmatec.ch\/de\/wp-json\/wp\/v2\/product_brand?post=4542"},{"taxonomy":"product_cat","embeddable":true,"href":"https:\/\/sysmatec.ch\/de\/wp-json\/wp\/v2\/product_cat?post=4542"},{"taxonomy":"product_tag","embeddable":true,"href":"https:\/\/sysmatec.ch\/de\/wp-json\/wp\/v2\/product_tag?post=4542"}],"curies":[{"name":"wp","href":"https:\/\/api.w.org\/{rel}","templated":true}]}}