{"id":4533,"date":"2019-03-11T18:27:53","date_gmt":"2019-03-11T17:27:53","guid":{"rendered":"https:\/\/sysmatec.ch\/produit\/systeme-danalyse-de-leau-en-ligne-burkert-t8905\/"},"modified":"2022-02-13T20:44:40","modified_gmt":"2022-02-13T19:44:40","slug":"on-line-wasseranalyse-buerkert-t8905","status":"publish","type":"product","link":"https:\/\/sysmatec.ch\/de\/Produkt\/on-line-wasseranalyse-buerkert-t8905\/","title":{"rendered":"On line Wasseranalyse B\u00fcrkert T8905"},"content":{"rendered":"<p>Das Online-Analyse-System Typ 8905 ist ein modulares System zur \u00dcberwachung aller wichtigen Wasserparameter auf einer Plattform: pH-Wert, Chlor (CL2 oder ClO2)\u2013 f\u00fcr die Desinfektion, Leitf\u00e4higkeit, als Indikator f\u00fcr gel\u00f6ste Stoffe\/Mineralien, Redox-Spannung, als Parameter f\u00fcr die Oxidations- oder Reduktionsf\u00e4higkeit des Wassers, Tr\u00fcbung, als Indikator f\u00fcr ungel\u00f6ste Inhaltsstoffe, Temperatur.<\/p>\n<p>Sensoren oder Elektromodule k\u00f6nnen einfach hinzugef\u00fcgt oder entfernt werden, ohne spezielle Werkzeuge, w\u00e4hrend dem ununterbrochenen Betrieb (Hot Swap). Der Touchscreen erlaubt die Konfiguration neuer Module am Einsatzort.<\/p>\n<h2>Wasseranalyse Spezifikationen<\/h2>\n<ul>\n<li type=\"disc\">pH: Messbereich = 4 bis 9, Aufl\u00f6sung = 0.02<\/li>\n<li type=\"disc\">Cl2: Messbereich = 0.01 bis 5 ppm, Aufl\u00f6sung =0.01 ppm<\/li>\n<li type=\"disc\">ClO2: Messbereich = 0.005 bis 5 ppm, Aufl\u00f6sung =0.001 ppm<\/li>\n<li type=\"disc\">Leitf\u00e4higkeit: 50 uS\/cm bis 1000 uS\/cm<\/li>\n<li type=\"disc\">Temperatur: 0 bis 50 \u00b0C<\/li>\n<li type=\"disc\">Redox: -2000 bis 2000 mV<\/li>\n<li type=\"disc\">Tr\u00fcbung: 0 bis 40 FNU oder 0 bis 40 NTU<\/li>\n<\/ul>\n","protected":false},"excerpt":{"rendered":"<p>On line Wasseranalyse<\/p>\n","protected":false},"featured_media":4531,"template":"","meta":{"_crdt_document":""},"product_brand":[],"product_cat":[185,370],"product_tag":[],"class_list":{"0":"post-4533","1":"product","2":"type-product","3":"status-publish","4":"has-post-thumbnail","6":"product_cat-analyzer-de","7":"product_cat-wasser","9":"first","10":"instock","11":"taxable","12":"shipping-taxable","13":"product-type-simple"},"yoast_head":"<!-- This site is optimized with the Yoast SEO plugin v27.3 - https:\/\/yoast.com\/product\/yoast-seo-wordpress\/ -->\n<title>On line Wasseranalyse B\u00fcrkert T8905 - Sysmatec<\/title>\n<meta name=\"description\" content=\"Wasseranalysemodul f\u00fcr pH-, Cl2-, ClO2-, Leitf\u00e4higkeits-, Temperatur-, Redox- und Tr\u00fcbungsparameter.\" \/>\n<meta name=\"robots\" content=\"index, follow, max-snippet:-1, max-image-preview:large, max-video-preview:-1\" \/>\n<link rel=\"canonical\" href=\"https:\/\/sysmatec.ch\/de\/produit\/on-line-wasseranalyse-buerkert-t8905\/\" \/>\n<meta property=\"og:locale\" content=\"de_DE\" \/>\n<meta property=\"og:type\" content=\"article\" \/>\n<meta property=\"og:title\" content=\"On line Wasseranalyse B\u00fcrkert T8905 - Sysmatec\" \/>\n<meta property=\"og:description\" content=\"Wasseranalysemodul f\u00fcr pH-, Cl2-, ClO2-, Leitf\u00e4higkeits-, Temperatur-, Redox- und Tr\u00fcbungsparameter.\" \/>\n<meta property=\"og:url\" content=\"https:\/\/sysmatec.ch\/de\/produit\/on-line-wasseranalyse-buerkert-t8905\/\" \/>\n<meta property=\"og:site_name\" content=\"Sysmatec\" \/>\n<meta property=\"article:modified_time\" content=\"2022-02-13T19:44:40+00:00\" \/>\n<meta property=\"og:image\" content=\"https:\/\/sysmatec.ch\/wp-content\/uploads\/2019\/03\/Analyseur_Buerkert8905.jpg\" \/>\n\t<meta property=\"og:image:width\" content=\"182\" \/>\n\t<meta property=\"og:image:height\" content=\"333\" \/>\n\t<meta property=\"og:image:type\" content=\"image\/jpeg\" \/>\n<meta name=\"twitter:card\" content=\"summary_large_image\" \/>\n<meta name=\"twitter:label1\" content=\"Gesch\u00e4tzte Lesezeit\" \/>\n\t<meta name=\"twitter:data1\" content=\"1\u00a0Minute\" \/>\n<script type=\"application\/ld+json\" class=\"yoast-schema-graph\">{\"@context\":\"https:\\\/\\\/schema.org\",\"@graph\":[{\"@type\":\"WebPage\",\"@id\":\"https:\\\/\\\/sysmatec.ch\\\/de\\\/produit\\\/on-line-wasseranalyse-buerkert-t8905\\\/\",\"url\":\"https:\\\/\\\/sysmatec.ch\\\/de\\\/produit\\\/on-line-wasseranalyse-buerkert-t8905\\\/\",\"name\":\"On line Wasseranalyse B\u00fcrkert T8905 - Sysmatec\",\"isPartOf\":{\"@id\":\"https:\\\/\\\/sysmatec.ch\\\/de\\\/#website\"},\"primaryImageOfPage\":{\"@id\":\"https:\\\/\\\/sysmatec.ch\\\/de\\\/produit\\\/on-line-wasseranalyse-buerkert-t8905\\\/#primaryimage\"},\"image\":{\"@id\":\"https:\\\/\\\/sysmatec.ch\\\/de\\\/produit\\\/on-line-wasseranalyse-buerkert-t8905\\\/#primaryimage\"},\"thumbnailUrl\":\"https:\\\/\\\/sysmatec.ch\\\/wp-content\\\/uploads\\\/2019\\\/03\\\/Analyseur_Buerkert8905.jpg\",\"datePublished\":\"2019-03-11T17:27:53+00:00\",\"dateModified\":\"2022-02-13T19:44:40+00:00\",\"description\":\"Wasseranalysemodul f\u00fcr pH-, Cl2-, ClO2-, Leitf\u00e4higkeits-, Temperatur-, Redox- und Tr\u00fcbungsparameter.\",\"breadcrumb\":{\"@id\":\"https:\\\/\\\/sysmatec.ch\\\/de\\\/produit\\\/on-line-wasseranalyse-buerkert-t8905\\\/#breadcrumb\"},\"inLanguage\":\"de\",\"potentialAction\":[{\"@type\":\"ReadAction\",\"target\":[\"https:\\\/\\\/sysmatec.ch\\\/de\\\/produit\\\/on-line-wasseranalyse-buerkert-t8905\\\/\"]}]},{\"@type\":\"ImageObject\",\"inLanguage\":\"de\",\"@id\":\"https:\\\/\\\/sysmatec.ch\\\/de\\\/produit\\\/on-line-wasseranalyse-buerkert-t8905\\\/#primaryimage\",\"url\":\"https:\\\/\\\/sysmatec.ch\\\/wp-content\\\/uploads\\\/2019\\\/03\\\/Analyseur_Buerkert8905.jpg\",\"contentUrl\":\"https:\\\/\\\/sysmatec.ch\\\/wp-content\\\/uploads\\\/2019\\\/03\\\/Analyseur_Buerkert8905.jpg\",\"width\":182,\"height\":333},{\"@type\":\"BreadcrumbList\",\"@id\":\"https:\\\/\\\/sysmatec.ch\\\/de\\\/produit\\\/on-line-wasseranalyse-buerkert-t8905\\\/#breadcrumb\",\"itemListElement\":[{\"@type\":\"ListItem\",\"position\":1,\"name\":\"Accueil\",\"item\":\"https:\\\/\\\/sysmatec.ch\\\/de\\\/\"},{\"@type\":\"ListItem\",\"position\":2,\"name\":\"Die Aktivit\u00e4t von Sysmatec\",\"item\":\"https:\\\/\\\/sysmatec.ch\\\/de\\\/\"},{\"@type\":\"ListItem\",\"position\":3,\"name\":\"On line Wasseranalyse B\u00fcrkert T8905\"}]},{\"@type\":\"WebSite\",\"@id\":\"https:\\\/\\\/sysmatec.ch\\\/de\\\/#website\",\"url\":\"https:\\\/\\\/sysmatec.ch\\\/de\\\/\",\"name\":\"Sysmatec\",\"description\":\"Equipement de laboratoire et logiciels\",\"publisher\":{\"@id\":\"https:\\\/\\\/sysmatec.ch\\\/de\\\/#organization\"},\"potentialAction\":[{\"@type\":\"SearchAction\",\"target\":{\"@type\":\"EntryPoint\",\"urlTemplate\":\"https:\\\/\\\/sysmatec.ch\\\/de\\\/?s={search_term_string}\"},\"query-input\":{\"@type\":\"PropertyValueSpecification\",\"valueRequired\":true,\"valueName\":\"search_term_string\"}}],\"inLanguage\":\"de\"},{\"@type\":\"Organization\",\"@id\":\"https:\\\/\\\/sysmatec.ch\\\/de\\\/#organization\",\"name\":\"Sysmatec\",\"url\":\"https:\\\/\\\/sysmatec.ch\\\/de\\\/\",\"logo\":{\"@type\":\"ImageObject\",\"inLanguage\":\"de\",\"@id\":\"https:\\\/\\\/sysmatec.ch\\\/de\\\/#\\\/schema\\\/logo\\\/image\\\/\",\"url\":\"https:\\\/\\\/sysmatec.ch\\\/wp-content\\\/uploads\\\/2018\\\/11\\\/LogoSysmatec.jpg\",\"contentUrl\":\"https:\\\/\\\/sysmatec.ch\\\/wp-content\\\/uploads\\\/2018\\\/11\\\/LogoSysmatec.jpg\",\"width\":301,\"height\":297,\"caption\":\"Sysmatec\"},\"image\":{\"@id\":\"https:\\\/\\\/sysmatec.ch\\\/de\\\/#\\\/schema\\\/logo\\\/image\\\/\"}}]}<\/script>\n<!-- \/ Yoast SEO plugin. -->","yoast_head_json":{"title":"On line Wasseranalyse B\u00fcrkert T8905 - Sysmatec","description":"Wasseranalysemodul f\u00fcr pH-, Cl2-, ClO2-, Leitf\u00e4higkeits-, Temperatur-, Redox- und Tr\u00fcbungsparameter.","robots":{"index":"index","follow":"follow","max-snippet":"max-snippet:-1","max-image-preview":"max-image-preview:large","max-video-preview":"max-video-preview:-1"},"canonical":"https:\/\/sysmatec.ch\/de\/produit\/on-line-wasseranalyse-buerkert-t8905\/","og_locale":"de_DE","og_type":"article","og_title":"On line Wasseranalyse B\u00fcrkert T8905 - Sysmatec","og_description":"Wasseranalysemodul f\u00fcr pH-, Cl2-, ClO2-, Leitf\u00e4higkeits-, Temperatur-, Redox- und Tr\u00fcbungsparameter.","og_url":"https:\/\/sysmatec.ch\/de\/produit\/on-line-wasseranalyse-buerkert-t8905\/","og_site_name":"Sysmatec","article_modified_time":"2022-02-13T19:44:40+00:00","og_image":[{"width":182,"height":333,"url":"https:\/\/sysmatec.ch\/wp-content\/uploads\/2019\/03\/Analyseur_Buerkert8905.jpg","type":"image\/jpeg"}],"twitter_card":"summary_large_image","twitter_misc":{"Gesch\u00e4tzte Lesezeit":"1\u00a0Minute"},"schema":{"@context":"https:\/\/schema.org","@graph":[{"@type":"WebPage","@id":"https:\/\/sysmatec.ch\/de\/produit\/on-line-wasseranalyse-buerkert-t8905\/","url":"https:\/\/sysmatec.ch\/de\/produit\/on-line-wasseranalyse-buerkert-t8905\/","name":"On line Wasseranalyse B\u00fcrkert T8905 - Sysmatec","isPartOf":{"@id":"https:\/\/sysmatec.ch\/de\/#website"},"primaryImageOfPage":{"@id":"https:\/\/sysmatec.ch\/de\/produit\/on-line-wasseranalyse-buerkert-t8905\/#primaryimage"},"image":{"@id":"https:\/\/sysmatec.ch\/de\/produit\/on-line-wasseranalyse-buerkert-t8905\/#primaryimage"},"thumbnailUrl":"https:\/\/sysmatec.ch\/wp-content\/uploads\/2019\/03\/Analyseur_Buerkert8905.jpg","datePublished":"2019-03-11T17:27:53+00:00","dateModified":"2022-02-13T19:44:40+00:00","description":"Wasseranalysemodul f\u00fcr pH-, Cl2-, ClO2-, Leitf\u00e4higkeits-, Temperatur-, Redox- und Tr\u00fcbungsparameter.","breadcrumb":{"@id":"https:\/\/sysmatec.ch\/de\/produit\/on-line-wasseranalyse-buerkert-t8905\/#breadcrumb"},"inLanguage":"de","potentialAction":[{"@type":"ReadAction","target":["https:\/\/sysmatec.ch\/de\/produit\/on-line-wasseranalyse-buerkert-t8905\/"]}]},{"@type":"ImageObject","inLanguage":"de","@id":"https:\/\/sysmatec.ch\/de\/produit\/on-line-wasseranalyse-buerkert-t8905\/#primaryimage","url":"https:\/\/sysmatec.ch\/wp-content\/uploads\/2019\/03\/Analyseur_Buerkert8905.jpg","contentUrl":"https:\/\/sysmatec.ch\/wp-content\/uploads\/2019\/03\/Analyseur_Buerkert8905.jpg","width":182,"height":333},{"@type":"BreadcrumbList","@id":"https:\/\/sysmatec.ch\/de\/produit\/on-line-wasseranalyse-buerkert-t8905\/#breadcrumb","itemListElement":[{"@type":"ListItem","position":1,"name":"Accueil","item":"https:\/\/sysmatec.ch\/de\/"},{"@type":"ListItem","position":2,"name":"Die Aktivit\u00e4t von Sysmatec","item":"https:\/\/sysmatec.ch\/de\/"},{"@type":"ListItem","position":3,"name":"On line Wasseranalyse B\u00fcrkert T8905"}]},{"@type":"WebSite","@id":"https:\/\/sysmatec.ch\/de\/#website","url":"https:\/\/sysmatec.ch\/de\/","name":"Sysmatec","description":"Equipement de laboratoire et logiciels","publisher":{"@id":"https:\/\/sysmatec.ch\/de\/#organization"},"potentialAction":[{"@type":"SearchAction","target":{"@type":"EntryPoint","urlTemplate":"https:\/\/sysmatec.ch\/de\/?s={search_term_string}"},"query-input":{"@type":"PropertyValueSpecification","valueRequired":true,"valueName":"search_term_string"}}],"inLanguage":"de"},{"@type":"Organization","@id":"https:\/\/sysmatec.ch\/de\/#organization","name":"Sysmatec","url":"https:\/\/sysmatec.ch\/de\/","logo":{"@type":"ImageObject","inLanguage":"de","@id":"https:\/\/sysmatec.ch\/de\/#\/schema\/logo\/image\/","url":"https:\/\/sysmatec.ch\/wp-content\/uploads\/2018\/11\/LogoSysmatec.jpg","contentUrl":"https:\/\/sysmatec.ch\/wp-content\/uploads\/2018\/11\/LogoSysmatec.jpg","width":301,"height":297,"caption":"Sysmatec"},"image":{"@id":"https:\/\/sysmatec.ch\/de\/#\/schema\/logo\/image\/"}}]}},"_links":{"self":[{"href":"https:\/\/sysmatec.ch\/de\/wp-json\/wp\/v2\/product\/4533","targetHints":{"allow":["GET"]}}],"collection":[{"href":"https:\/\/sysmatec.ch\/de\/wp-json\/wp\/v2\/product"}],"about":[{"href":"https:\/\/sysmatec.ch\/de\/wp-json\/wp\/v2\/types\/product"}],"wp:featuredmedia":[{"embeddable":true,"href":"https:\/\/sysmatec.ch\/de\/wp-json\/wp\/v2\/media\/4531"}],"wp:attachment":[{"href":"https:\/\/sysmatec.ch\/de\/wp-json\/wp\/v2\/media?parent=4533"}],"wp:term":[{"taxonomy":"product_brand","embeddable":true,"href":"https:\/\/sysmatec.ch\/de\/wp-json\/wp\/v2\/product_brand?post=4533"},{"taxonomy":"product_cat","embeddable":true,"href":"https:\/\/sysmatec.ch\/de\/wp-json\/wp\/v2\/product_cat?post=4533"},{"taxonomy":"product_tag","embeddable":true,"href":"https:\/\/sysmatec.ch\/de\/wp-json\/wp\/v2\/product_tag?post=4533"}],"curies":[{"name":"wp","href":"https:\/\/api.w.org\/{rel}","templated":true}]}}