{"id":4526,"date":"2019-03-11T18:20:40","date_gmt":"2019-03-11T17:20:40","guid":{"rendered":"https:\/\/sysmatec.ch\/produit\/capteur-amperometrique-dacide-peracetique-bamo\/"},"modified":"2022-02-14T21:35:19","modified_gmt":"2022-02-14T20:35:19","slug":"amperometrischer-sensor-fuer-peracetic-saeure","status":"publish","type":"product","link":"https:\/\/sysmatec.ch\/de\/Produkt\/amperometrischer-sensor-fuer-peracetic-saeure\/","title":{"rendered":"Amperometrischer Sensor f\u00fcr Peracetic S\u00e4ure"},"content":{"rendered":"<p>Amperometrische Messung in einer geschlossene Zelle mit 2 Elektroden, mit Membran und integrierter Temperaturkompensation (NTC).<\/p>\n<p>Die Messung bei einer konstanten Str\u00f6mungsrate erfordert die Verwendung einer speziellen Messzelle.<\/p>\n<ul>\n<li type=\"disc\">Messbereich: von 0001 bis 20.00 g\/l<\/li>\n<li type=\"disc\">PH Bereich: von 1 bis 7.0<\/li>\n<li type=\"disc\">Druck: 1 bar maximal<\/li>\n<li type=\"disc\">Temperatur: von 1 bis 60 \u00b0 C<\/li>\n<li type=\"disc\">Minimale Durchflussrate: 30 bis 40 l\/h<\/li>\n<li type=\"disc\">Versorgungsspannung: \u00b1 5 bis \u00b1 15 V DC (Ri = 1 kOhm)<\/li>\n<li type=\"disc\">Material: PEEK (Polyetheretherketon)<\/li>\n<li type=\"disc\">Abmessungen: \u00d8 25 mm, L\u00e4nge 175 mm<\/li>\n<li type=\"disc\">P9 Modell: Ausgang 0\/-2 V<\/li>\n<li type=\"disc\">PES7 Modell: Ausgang 4-20 mA<\/li>\n<\/ul>\n","protected":false},"excerpt":{"rendered":"<p>Amperometrischer Sensor f\u00fcr Peracetic<\/p>\n","protected":false},"featured_media":4510,"template":"","meta":{"_crdt_document":""},"product_brand":[],"product_cat":[185,370],"product_tag":[],"class_list":{"0":"post-4526","1":"product","2":"type-product","3":"status-publish","4":"has-post-thumbnail","6":"product_cat-analyzer-de","7":"product_cat-wasser","9":"first","10":"instock","11":"taxable","12":"shipping-taxable","13":"product-type-simple"},"yoast_head":"<!-- This site is optimized with the Yoast SEO plugin v27.3 - https:\/\/yoast.com\/product\/yoast-seo-wordpress\/ -->\n<title>Amperometrischer Sensor f\u00fcr Peracetic S\u00e4ure - Sysmatec<\/title>\n<meta name=\"description\" content=\"Dieser Sensor misst die Konzentration von Peressigs\u00e4ure in Wasser. Messbereich von 0 bis 20 g\/L.\" \/>\n<meta name=\"robots\" content=\"index, follow, max-snippet:-1, max-image-preview:large, max-video-preview:-1\" \/>\n<link rel=\"canonical\" href=\"https:\/\/sysmatec.ch\/de\/produit\/amperometrischer-sensor-fuer-peracetic-saeure\/\" \/>\n<meta property=\"og:locale\" content=\"de_DE\" \/>\n<meta property=\"og:type\" content=\"article\" \/>\n<meta property=\"og:title\" content=\"Amperometrischer Sensor f\u00fcr Peracetic S\u00e4ure - Sysmatec\" \/>\n<meta property=\"og:description\" content=\"Dieser Sensor misst die Konzentration von Peressigs\u00e4ure in Wasser. Messbereich von 0 bis 20 g\/L.\" \/>\n<meta property=\"og:url\" content=\"https:\/\/sysmatec.ch\/de\/produit\/amperometrischer-sensor-fuer-peracetic-saeure\/\" \/>\n<meta property=\"og:site_name\" content=\"Sysmatec\" \/>\n<meta property=\"article:modified_time\" content=\"2022-02-14T20:35:19+00:00\" \/>\n<meta property=\"og:image\" content=\"https:\/\/sysmatec.ch\/wp-content\/uploads\/2019\/03\/Analyse_BamoOZ7.jpg\" \/>\n\t<meta property=\"og:image:width\" content=\"23\" \/>\n\t<meta property=\"og:image:height\" content=\"152\" \/>\n\t<meta property=\"og:image:type\" content=\"image\/jpeg\" \/>\n<meta name=\"twitter:card\" content=\"summary_large_image\" \/>\n<script type=\"application\/ld+json\" class=\"yoast-schema-graph\">{\"@context\":\"https:\\\/\\\/schema.org\",\"@graph\":[{\"@type\":\"WebPage\",\"@id\":\"https:\\\/\\\/sysmatec.ch\\\/de\\\/produit\\\/amperometrischer-sensor-fuer-peracetic-saeure\\\/\",\"url\":\"https:\\\/\\\/sysmatec.ch\\\/de\\\/produit\\\/amperometrischer-sensor-fuer-peracetic-saeure\\\/\",\"name\":\"Amperometrischer Sensor f\u00fcr Peracetic S\u00e4ure - Sysmatec\",\"isPartOf\":{\"@id\":\"https:\\\/\\\/sysmatec.ch\\\/de\\\/#website\"},\"primaryImageOfPage\":{\"@id\":\"https:\\\/\\\/sysmatec.ch\\\/de\\\/produit\\\/amperometrischer-sensor-fuer-peracetic-saeure\\\/#primaryimage\"},\"image\":{\"@id\":\"https:\\\/\\\/sysmatec.ch\\\/de\\\/produit\\\/amperometrischer-sensor-fuer-peracetic-saeure\\\/#primaryimage\"},\"thumbnailUrl\":\"https:\\\/\\\/sysmatec.ch\\\/wp-content\\\/uploads\\\/2019\\\/03\\\/Analyse_BamoOZ7.jpg\",\"datePublished\":\"2019-03-11T17:20:40+00:00\",\"dateModified\":\"2022-02-14T20:35:19+00:00\",\"description\":\"Dieser Sensor misst die Konzentration von Peressigs\u00e4ure in Wasser. Messbereich von 0 bis 20 g\\\/L.\",\"breadcrumb\":{\"@id\":\"https:\\\/\\\/sysmatec.ch\\\/de\\\/produit\\\/amperometrischer-sensor-fuer-peracetic-saeure\\\/#breadcrumb\"},\"inLanguage\":\"de\",\"potentialAction\":[{\"@type\":\"ReadAction\",\"target\":[\"https:\\\/\\\/sysmatec.ch\\\/de\\\/produit\\\/amperometrischer-sensor-fuer-peracetic-saeure\\\/\"]}]},{\"@type\":\"ImageObject\",\"inLanguage\":\"de\",\"@id\":\"https:\\\/\\\/sysmatec.ch\\\/de\\\/produit\\\/amperometrischer-sensor-fuer-peracetic-saeure\\\/#primaryimage\",\"url\":\"https:\\\/\\\/sysmatec.ch\\\/wp-content\\\/uploads\\\/2019\\\/03\\\/Analyse_BamoOZ7.jpg\",\"contentUrl\":\"https:\\\/\\\/sysmatec.ch\\\/wp-content\\\/uploads\\\/2019\\\/03\\\/Analyse_BamoOZ7.jpg\",\"width\":23,\"height\":152},{\"@type\":\"BreadcrumbList\",\"@id\":\"https:\\\/\\\/sysmatec.ch\\\/de\\\/produit\\\/amperometrischer-sensor-fuer-peracetic-saeure\\\/#breadcrumb\",\"itemListElement\":[{\"@type\":\"ListItem\",\"position\":1,\"name\":\"Accueil\",\"item\":\"https:\\\/\\\/sysmatec.ch\\\/de\\\/\"},{\"@type\":\"ListItem\",\"position\":2,\"name\":\"Die Aktivit\u00e4t von Sysmatec\",\"item\":\"https:\\\/\\\/sysmatec.ch\\\/de\\\/\"},{\"@type\":\"ListItem\",\"position\":3,\"name\":\"Amperometrischer Sensor f\u00fcr Peracetic S\u00e4ure\"}]},{\"@type\":\"WebSite\",\"@id\":\"https:\\\/\\\/sysmatec.ch\\\/de\\\/#website\",\"url\":\"https:\\\/\\\/sysmatec.ch\\\/de\\\/\",\"name\":\"Sysmatec\",\"description\":\"Equipement de laboratoire et logiciels\",\"publisher\":{\"@id\":\"https:\\\/\\\/sysmatec.ch\\\/de\\\/#organization\"},\"potentialAction\":[{\"@type\":\"SearchAction\",\"target\":{\"@type\":\"EntryPoint\",\"urlTemplate\":\"https:\\\/\\\/sysmatec.ch\\\/de\\\/?s={search_term_string}\"},\"query-input\":{\"@type\":\"PropertyValueSpecification\",\"valueRequired\":true,\"valueName\":\"search_term_string\"}}],\"inLanguage\":\"de\"},{\"@type\":\"Organization\",\"@id\":\"https:\\\/\\\/sysmatec.ch\\\/de\\\/#organization\",\"name\":\"Sysmatec\",\"url\":\"https:\\\/\\\/sysmatec.ch\\\/de\\\/\",\"logo\":{\"@type\":\"ImageObject\",\"inLanguage\":\"de\",\"@id\":\"https:\\\/\\\/sysmatec.ch\\\/de\\\/#\\\/schema\\\/logo\\\/image\\\/\",\"url\":\"https:\\\/\\\/sysmatec.ch\\\/wp-content\\\/uploads\\\/2018\\\/11\\\/LogoSysmatec.jpg\",\"contentUrl\":\"https:\\\/\\\/sysmatec.ch\\\/wp-content\\\/uploads\\\/2018\\\/11\\\/LogoSysmatec.jpg\",\"width\":301,\"height\":297,\"caption\":\"Sysmatec\"},\"image\":{\"@id\":\"https:\\\/\\\/sysmatec.ch\\\/de\\\/#\\\/schema\\\/logo\\\/image\\\/\"}}]}<\/script>\n<!-- \/ Yoast SEO plugin. -->","yoast_head_json":{"title":"Amperometrischer Sensor f\u00fcr Peracetic S\u00e4ure - Sysmatec","description":"Dieser Sensor misst die Konzentration von Peressigs\u00e4ure in Wasser. Messbereich von 0 bis 20 g\/L.","robots":{"index":"index","follow":"follow","max-snippet":"max-snippet:-1","max-image-preview":"max-image-preview:large","max-video-preview":"max-video-preview:-1"},"canonical":"https:\/\/sysmatec.ch\/de\/produit\/amperometrischer-sensor-fuer-peracetic-saeure\/","og_locale":"de_DE","og_type":"article","og_title":"Amperometrischer Sensor f\u00fcr Peracetic S\u00e4ure - Sysmatec","og_description":"Dieser Sensor misst die Konzentration von Peressigs\u00e4ure in Wasser. Messbereich von 0 bis 20 g\/L.","og_url":"https:\/\/sysmatec.ch\/de\/produit\/amperometrischer-sensor-fuer-peracetic-saeure\/","og_site_name":"Sysmatec","article_modified_time":"2022-02-14T20:35:19+00:00","og_image":[{"width":23,"height":152,"url":"https:\/\/sysmatec.ch\/wp-content\/uploads\/2019\/03\/Analyse_BamoOZ7.jpg","type":"image\/jpeg"}],"twitter_card":"summary_large_image","schema":{"@context":"https:\/\/schema.org","@graph":[{"@type":"WebPage","@id":"https:\/\/sysmatec.ch\/de\/produit\/amperometrischer-sensor-fuer-peracetic-saeure\/","url":"https:\/\/sysmatec.ch\/de\/produit\/amperometrischer-sensor-fuer-peracetic-saeure\/","name":"Amperometrischer Sensor f\u00fcr Peracetic S\u00e4ure - Sysmatec","isPartOf":{"@id":"https:\/\/sysmatec.ch\/de\/#website"},"primaryImageOfPage":{"@id":"https:\/\/sysmatec.ch\/de\/produit\/amperometrischer-sensor-fuer-peracetic-saeure\/#primaryimage"},"image":{"@id":"https:\/\/sysmatec.ch\/de\/produit\/amperometrischer-sensor-fuer-peracetic-saeure\/#primaryimage"},"thumbnailUrl":"https:\/\/sysmatec.ch\/wp-content\/uploads\/2019\/03\/Analyse_BamoOZ7.jpg","datePublished":"2019-03-11T17:20:40+00:00","dateModified":"2022-02-14T20:35:19+00:00","description":"Dieser Sensor misst die Konzentration von Peressigs\u00e4ure in Wasser. Messbereich von 0 bis 20 g\/L.","breadcrumb":{"@id":"https:\/\/sysmatec.ch\/de\/produit\/amperometrischer-sensor-fuer-peracetic-saeure\/#breadcrumb"},"inLanguage":"de","potentialAction":[{"@type":"ReadAction","target":["https:\/\/sysmatec.ch\/de\/produit\/amperometrischer-sensor-fuer-peracetic-saeure\/"]}]},{"@type":"ImageObject","inLanguage":"de","@id":"https:\/\/sysmatec.ch\/de\/produit\/amperometrischer-sensor-fuer-peracetic-saeure\/#primaryimage","url":"https:\/\/sysmatec.ch\/wp-content\/uploads\/2019\/03\/Analyse_BamoOZ7.jpg","contentUrl":"https:\/\/sysmatec.ch\/wp-content\/uploads\/2019\/03\/Analyse_BamoOZ7.jpg","width":23,"height":152},{"@type":"BreadcrumbList","@id":"https:\/\/sysmatec.ch\/de\/produit\/amperometrischer-sensor-fuer-peracetic-saeure\/#breadcrumb","itemListElement":[{"@type":"ListItem","position":1,"name":"Accueil","item":"https:\/\/sysmatec.ch\/de\/"},{"@type":"ListItem","position":2,"name":"Die Aktivit\u00e4t von Sysmatec","item":"https:\/\/sysmatec.ch\/de\/"},{"@type":"ListItem","position":3,"name":"Amperometrischer Sensor f\u00fcr Peracetic S\u00e4ure"}]},{"@type":"WebSite","@id":"https:\/\/sysmatec.ch\/de\/#website","url":"https:\/\/sysmatec.ch\/de\/","name":"Sysmatec","description":"Equipement de laboratoire et logiciels","publisher":{"@id":"https:\/\/sysmatec.ch\/de\/#organization"},"potentialAction":[{"@type":"SearchAction","target":{"@type":"EntryPoint","urlTemplate":"https:\/\/sysmatec.ch\/de\/?s={search_term_string}"},"query-input":{"@type":"PropertyValueSpecification","valueRequired":true,"valueName":"search_term_string"}}],"inLanguage":"de"},{"@type":"Organization","@id":"https:\/\/sysmatec.ch\/de\/#organization","name":"Sysmatec","url":"https:\/\/sysmatec.ch\/de\/","logo":{"@type":"ImageObject","inLanguage":"de","@id":"https:\/\/sysmatec.ch\/de\/#\/schema\/logo\/image\/","url":"https:\/\/sysmatec.ch\/wp-content\/uploads\/2018\/11\/LogoSysmatec.jpg","contentUrl":"https:\/\/sysmatec.ch\/wp-content\/uploads\/2018\/11\/LogoSysmatec.jpg","width":301,"height":297,"caption":"Sysmatec"},"image":{"@id":"https:\/\/sysmatec.ch\/de\/#\/schema\/logo\/image\/"}}]}},"_links":{"self":[{"href":"https:\/\/sysmatec.ch\/de\/wp-json\/wp\/v2\/product\/4526","targetHints":{"allow":["GET"]}}],"collection":[{"href":"https:\/\/sysmatec.ch\/de\/wp-json\/wp\/v2\/product"}],"about":[{"href":"https:\/\/sysmatec.ch\/de\/wp-json\/wp\/v2\/types\/product"}],"wp:featuredmedia":[{"embeddable":true,"href":"https:\/\/sysmatec.ch\/de\/wp-json\/wp\/v2\/media\/4510"}],"wp:attachment":[{"href":"https:\/\/sysmatec.ch\/de\/wp-json\/wp\/v2\/media?parent=4526"}],"wp:term":[{"taxonomy":"product_brand","embeddable":true,"href":"https:\/\/sysmatec.ch\/de\/wp-json\/wp\/v2\/product_brand?post=4526"},{"taxonomy":"product_cat","embeddable":true,"href":"https:\/\/sysmatec.ch\/de\/wp-json\/wp\/v2\/product_cat?post=4526"},{"taxonomy":"product_tag","embeddable":true,"href":"https:\/\/sysmatec.ch\/de\/wp-json\/wp\/v2\/product_tag?post=4526"}],"curies":[{"name":"wp","href":"https:\/\/api.w.org\/{rel}","templated":true}]}}