{"id":4496,"date":"2019-03-10T21:14:58","date_gmt":"2019-03-10T20:14:58","guid":{"rendered":"https:\/\/sysmatec.ch\/produit\/controleur-de-durete-de-leau-bamosoft-smart-bamo\/"},"modified":"2022-02-14T21:58:54","modified_gmt":"2022-02-14T20:58:54","slug":"wasserhaerte-monitor-bamosoft-smart-bamo","status":"publish","type":"product","link":"https:\/\/sysmatec.ch\/de\/Produkt\/wasserhaerte-monitor-bamosoft-smart-bamo\/","title":{"rendered":"Wasserh\u00e4rte Monitor Bamosoft Smart BAMO"},"content":{"rendered":"<ul>\n<li>Fit jede Enth\u00e4rtungsanlage<\/li>\n<li>F\u00fcr die Steuerung und \u00dcberwachung<\/li>\n<li>Plug and Play, Umweltfreundlich<\/li>\n<li>Reagenz frei<\/li>\n<li>Calcium-und Magnesium-Elektrode<\/li>\n<li>Einfache Installation und Ben\u00fctzung<\/li>\n<li>Preset \u00fcber Grenzwert Alarm-(10%)<\/li>\n<li>Kontinuierliche Selbstdiagnose-System<\/li>\n<li>Abmessungen: Wandmontage Geh\u00e4use, 120 x 80 x 55 mm (Overall-System 250 x 220 x 100 mm)<\/li>\n<li>Umgebungstemperatur: 5-30 \u00b0 C<\/li>\n<li>% R. H.: 30 bis 80%<\/li>\n<li>Stromversorgung: 100 bis 240 V\/ 50\/60 Hz \/ 0.2 A<\/li>\n<li>Leistungsaufnahme: 15 V DC; ca. 4 Watt<\/li>\n<li>Relaisausgang: N.C., Schaltnetzteil 24 V \/ 0.5 A<\/li>\n<li>Wasseranschl\u00fcsse f\u00fcr PA-Rohr o.d. 4 mm, i.d. 2 mm (Bypass-Schlauch)<\/li>\n<li>Empfohlene Schmutzfiltern: Porosit\u00e4t 0.1 mm<\/li>\n<li>Druck f\u00fcr nat\u00fcrliches und weiches Wasser: 1 bis 10 bar<\/li>\n<li>\u00dcberschuss: \u00d8 8 mm, Druck frei<\/li>\n<li>Wasserqualit\u00e4t: Nat\u00fcrliches Wasser, frei von Fett, \u00d6l und Salz<\/li>\n<li>Keimgehalt &lt;5000 KBE \/ ml<\/li>\n<li>Messbereich: 2 bis 100 \u00b0 F<\/li>\n<li>Wasserparameter: Cl2&lt;0.5 ppm &amp; 5 &lt;pH&lt; 9 &amp; 5 &lt;T&lt; 30\u00b0C, Fe &lt; 0.05 mg\/L, Mn &lt; 0.05 mg\/L<\/li>\n<\/ul>\n","protected":false},"excerpt":{"rendered":"<p>Wasserh\u00e4rte Monitor<\/p>\n","protected":false},"featured_media":4494,"template":"","meta":{"_crdt_document":""},"product_brand":[],"product_cat":[185,370],"product_tag":[],"class_list":{"0":"post-4496","1":"product","2":"type-product","3":"status-publish","4":"has-post-thumbnail","6":"product_cat-analyzer-de","7":"product_cat-wasser","9":"first","10":"instock","11":"taxable","12":"shipping-taxable","13":"product-type-simple"},"yoast_head":"<!-- This site is optimized with the Yoast SEO plugin v27.4 - https:\/\/yoast.com\/product\/yoast-seo-wordpress\/ -->\n<title>Wasserh\u00e4rte Monitor Bamosoft Smart BAMO - Sysmatec<\/title>\n<meta name=\"description\" content=\"Modul zur Kontrolle des Wasserh\u00e4rteunterschieds am Ein- und Ausgang eines Enth\u00e4rters. H\u00e4rtebereich 2 bis 100 \u00b0f.\" \/>\n<meta name=\"robots\" content=\"index, follow, max-snippet:-1, max-image-preview:large, max-video-preview:-1\" \/>\n<link rel=\"canonical\" href=\"https:\/\/sysmatec.ch\/de\/produit\/wasserhaerte-monitor-bamosoft-smart-bamo\/\" \/>\n<meta property=\"og:locale\" content=\"de_DE\" \/>\n<meta property=\"og:type\" content=\"article\" \/>\n<meta property=\"og:title\" content=\"Wasserh\u00e4rte Monitor Bamosoft Smart BAMO - Sysmatec\" \/>\n<meta property=\"og:description\" content=\"Modul zur Kontrolle des Wasserh\u00e4rteunterschieds am Ein- und Ausgang eines Enth\u00e4rters. H\u00e4rtebereich 2 bis 100 \u00b0f.\" \/>\n<meta property=\"og:url\" content=\"https:\/\/sysmatec.ch\/de\/produit\/wasserhaerte-monitor-bamosoft-smart-bamo\/\" \/>\n<meta property=\"og:site_name\" content=\"Sysmatec\" \/>\n<meta property=\"article:modified_time\" content=\"2022-02-14T20:58:54+00:00\" \/>\n<meta property=\"og:image\" content=\"https:\/\/sysmatec.ch\/wp-content\/uploads\/2019\/03\/Analyseur_BamoBamosoftSmart.jpg\" \/>\n\t<meta property=\"og:image:width\" content=\"187\" \/>\n\t<meta property=\"og:image:height\" content=\"220\" \/>\n\t<meta property=\"og:image:type\" content=\"image\/jpeg\" \/>\n<meta name=\"twitter:card\" content=\"summary_large_image\" \/>\n<meta name=\"twitter:label1\" content=\"Gesch\u00e4tzte Lesezeit\" \/>\n\t<meta name=\"twitter:data1\" content=\"1\u00a0Minute\" \/>\n<script type=\"application\/ld+json\" class=\"yoast-schema-graph\">{\"@context\":\"https:\\\/\\\/schema.org\",\"@graph\":[{\"@type\":\"WebPage\",\"@id\":\"https:\\\/\\\/sysmatec.ch\\\/de\\\/produit\\\/wasserhaerte-monitor-bamosoft-smart-bamo\\\/\",\"url\":\"https:\\\/\\\/sysmatec.ch\\\/de\\\/produit\\\/wasserhaerte-monitor-bamosoft-smart-bamo\\\/\",\"name\":\"Wasserh\u00e4rte Monitor Bamosoft Smart BAMO - Sysmatec\",\"isPartOf\":{\"@id\":\"https:\\\/\\\/sysmatec.ch\\\/de\\\/#website\"},\"primaryImageOfPage\":{\"@id\":\"https:\\\/\\\/sysmatec.ch\\\/de\\\/produit\\\/wasserhaerte-monitor-bamosoft-smart-bamo\\\/#primaryimage\"},\"image\":{\"@id\":\"https:\\\/\\\/sysmatec.ch\\\/de\\\/produit\\\/wasserhaerte-monitor-bamosoft-smart-bamo\\\/#primaryimage\"},\"thumbnailUrl\":\"https:\\\/\\\/sysmatec.ch\\\/wp-content\\\/uploads\\\/2019\\\/03\\\/Analyseur_BamoBamosoftSmart.jpg\",\"datePublished\":\"2019-03-10T20:14:58+00:00\",\"dateModified\":\"2022-02-14T20:58:54+00:00\",\"description\":\"Modul zur Kontrolle des Wasserh\u00e4rteunterschieds am Ein- und Ausgang eines Enth\u00e4rters. H\u00e4rtebereich 2 bis 100 \u00b0f.\",\"breadcrumb\":{\"@id\":\"https:\\\/\\\/sysmatec.ch\\\/de\\\/produit\\\/wasserhaerte-monitor-bamosoft-smart-bamo\\\/#breadcrumb\"},\"inLanguage\":\"de\",\"potentialAction\":[{\"@type\":\"ReadAction\",\"target\":[\"https:\\\/\\\/sysmatec.ch\\\/de\\\/produit\\\/wasserhaerte-monitor-bamosoft-smart-bamo\\\/\"]}]},{\"@type\":\"ImageObject\",\"inLanguage\":\"de\",\"@id\":\"https:\\\/\\\/sysmatec.ch\\\/de\\\/produit\\\/wasserhaerte-monitor-bamosoft-smart-bamo\\\/#primaryimage\",\"url\":\"https:\\\/\\\/sysmatec.ch\\\/wp-content\\\/uploads\\\/2019\\\/03\\\/Analyseur_BamoBamosoftSmart.jpg\",\"contentUrl\":\"https:\\\/\\\/sysmatec.ch\\\/wp-content\\\/uploads\\\/2019\\\/03\\\/Analyseur_BamoBamosoftSmart.jpg\",\"width\":187,\"height\":220},{\"@type\":\"BreadcrumbList\",\"@id\":\"https:\\\/\\\/sysmatec.ch\\\/de\\\/produit\\\/wasserhaerte-monitor-bamosoft-smart-bamo\\\/#breadcrumb\",\"itemListElement\":[{\"@type\":\"ListItem\",\"position\":1,\"name\":\"Accueil\",\"item\":\"https:\\\/\\\/sysmatec.ch\\\/de\\\/\"},{\"@type\":\"ListItem\",\"position\":2,\"name\":\"Die Aktivit\u00e4t von Sysmatec\",\"item\":\"https:\\\/\\\/sysmatec.ch\\\/de\\\/\"},{\"@type\":\"ListItem\",\"position\":3,\"name\":\"Wasserh\u00e4rte Monitor Bamosoft Smart BAMO\"}]},{\"@type\":\"WebSite\",\"@id\":\"https:\\\/\\\/sysmatec.ch\\\/de\\\/#website\",\"url\":\"https:\\\/\\\/sysmatec.ch\\\/de\\\/\",\"name\":\"Sysmatec\",\"description\":\"Equipement de laboratoire et logiciels\",\"publisher\":{\"@id\":\"https:\\\/\\\/sysmatec.ch\\\/de\\\/#organization\"},\"potentialAction\":[{\"@type\":\"SearchAction\",\"target\":{\"@type\":\"EntryPoint\",\"urlTemplate\":\"https:\\\/\\\/sysmatec.ch\\\/de\\\/?s={search_term_string}\"},\"query-input\":{\"@type\":\"PropertyValueSpecification\",\"valueRequired\":true,\"valueName\":\"search_term_string\"}}],\"inLanguage\":\"de\"},{\"@type\":\"Organization\",\"@id\":\"https:\\\/\\\/sysmatec.ch\\\/de\\\/#organization\",\"name\":\"Sysmatec\",\"url\":\"https:\\\/\\\/sysmatec.ch\\\/de\\\/\",\"logo\":{\"@type\":\"ImageObject\",\"inLanguage\":\"de\",\"@id\":\"https:\\\/\\\/sysmatec.ch\\\/de\\\/#\\\/schema\\\/logo\\\/image\\\/\",\"url\":\"https:\\\/\\\/sysmatec.ch\\\/wp-content\\\/uploads\\\/2018\\\/11\\\/LogoSysmatec.jpg\",\"contentUrl\":\"https:\\\/\\\/sysmatec.ch\\\/wp-content\\\/uploads\\\/2018\\\/11\\\/LogoSysmatec.jpg\",\"width\":301,\"height\":297,\"caption\":\"Sysmatec\"},\"image\":{\"@id\":\"https:\\\/\\\/sysmatec.ch\\\/de\\\/#\\\/schema\\\/logo\\\/image\\\/\"}}]}<\/script>\n<!-- \/ Yoast SEO plugin. -->","yoast_head_json":{"title":"Wasserh\u00e4rte Monitor Bamosoft Smart BAMO - Sysmatec","description":"Modul zur Kontrolle des Wasserh\u00e4rteunterschieds am Ein- und Ausgang eines Enth\u00e4rters. H\u00e4rtebereich 2 bis 100 \u00b0f.","robots":{"index":"index","follow":"follow","max-snippet":"max-snippet:-1","max-image-preview":"max-image-preview:large","max-video-preview":"max-video-preview:-1"},"canonical":"https:\/\/sysmatec.ch\/de\/produit\/wasserhaerte-monitor-bamosoft-smart-bamo\/","og_locale":"de_DE","og_type":"article","og_title":"Wasserh\u00e4rte Monitor Bamosoft Smart BAMO - Sysmatec","og_description":"Modul zur Kontrolle des Wasserh\u00e4rteunterschieds am Ein- und Ausgang eines Enth\u00e4rters. H\u00e4rtebereich 2 bis 100 \u00b0f.","og_url":"https:\/\/sysmatec.ch\/de\/produit\/wasserhaerte-monitor-bamosoft-smart-bamo\/","og_site_name":"Sysmatec","article_modified_time":"2022-02-14T20:58:54+00:00","og_image":[{"width":187,"height":220,"url":"https:\/\/sysmatec.ch\/wp-content\/uploads\/2019\/03\/Analyseur_BamoBamosoftSmart.jpg","type":"image\/jpeg"}],"twitter_card":"summary_large_image","twitter_misc":{"Gesch\u00e4tzte Lesezeit":"1\u00a0Minute"},"schema":{"@context":"https:\/\/schema.org","@graph":[{"@type":"WebPage","@id":"https:\/\/sysmatec.ch\/de\/produit\/wasserhaerte-monitor-bamosoft-smart-bamo\/","url":"https:\/\/sysmatec.ch\/de\/produit\/wasserhaerte-monitor-bamosoft-smart-bamo\/","name":"Wasserh\u00e4rte Monitor Bamosoft Smart BAMO - Sysmatec","isPartOf":{"@id":"https:\/\/sysmatec.ch\/de\/#website"},"primaryImageOfPage":{"@id":"https:\/\/sysmatec.ch\/de\/produit\/wasserhaerte-monitor-bamosoft-smart-bamo\/#primaryimage"},"image":{"@id":"https:\/\/sysmatec.ch\/de\/produit\/wasserhaerte-monitor-bamosoft-smart-bamo\/#primaryimage"},"thumbnailUrl":"https:\/\/sysmatec.ch\/wp-content\/uploads\/2019\/03\/Analyseur_BamoBamosoftSmart.jpg","datePublished":"2019-03-10T20:14:58+00:00","dateModified":"2022-02-14T20:58:54+00:00","description":"Modul zur Kontrolle des Wasserh\u00e4rteunterschieds am Ein- und Ausgang eines Enth\u00e4rters. H\u00e4rtebereich 2 bis 100 \u00b0f.","breadcrumb":{"@id":"https:\/\/sysmatec.ch\/de\/produit\/wasserhaerte-monitor-bamosoft-smart-bamo\/#breadcrumb"},"inLanguage":"de","potentialAction":[{"@type":"ReadAction","target":["https:\/\/sysmatec.ch\/de\/produit\/wasserhaerte-monitor-bamosoft-smart-bamo\/"]}]},{"@type":"ImageObject","inLanguage":"de","@id":"https:\/\/sysmatec.ch\/de\/produit\/wasserhaerte-monitor-bamosoft-smart-bamo\/#primaryimage","url":"https:\/\/sysmatec.ch\/wp-content\/uploads\/2019\/03\/Analyseur_BamoBamosoftSmart.jpg","contentUrl":"https:\/\/sysmatec.ch\/wp-content\/uploads\/2019\/03\/Analyseur_BamoBamosoftSmart.jpg","width":187,"height":220},{"@type":"BreadcrumbList","@id":"https:\/\/sysmatec.ch\/de\/produit\/wasserhaerte-monitor-bamosoft-smart-bamo\/#breadcrumb","itemListElement":[{"@type":"ListItem","position":1,"name":"Accueil","item":"https:\/\/sysmatec.ch\/de\/"},{"@type":"ListItem","position":2,"name":"Die Aktivit\u00e4t von Sysmatec","item":"https:\/\/sysmatec.ch\/de\/"},{"@type":"ListItem","position":3,"name":"Wasserh\u00e4rte Monitor Bamosoft Smart BAMO"}]},{"@type":"WebSite","@id":"https:\/\/sysmatec.ch\/de\/#website","url":"https:\/\/sysmatec.ch\/de\/","name":"Sysmatec","description":"Equipement de laboratoire et logiciels","publisher":{"@id":"https:\/\/sysmatec.ch\/de\/#organization"},"potentialAction":[{"@type":"SearchAction","target":{"@type":"EntryPoint","urlTemplate":"https:\/\/sysmatec.ch\/de\/?s={search_term_string}"},"query-input":{"@type":"PropertyValueSpecification","valueRequired":true,"valueName":"search_term_string"}}],"inLanguage":"de"},{"@type":"Organization","@id":"https:\/\/sysmatec.ch\/de\/#organization","name":"Sysmatec","url":"https:\/\/sysmatec.ch\/de\/","logo":{"@type":"ImageObject","inLanguage":"de","@id":"https:\/\/sysmatec.ch\/de\/#\/schema\/logo\/image\/","url":"https:\/\/sysmatec.ch\/wp-content\/uploads\/2018\/11\/LogoSysmatec.jpg","contentUrl":"https:\/\/sysmatec.ch\/wp-content\/uploads\/2018\/11\/LogoSysmatec.jpg","width":301,"height":297,"caption":"Sysmatec"},"image":{"@id":"https:\/\/sysmatec.ch\/de\/#\/schema\/logo\/image\/"}}]}},"_links":{"self":[{"href":"https:\/\/sysmatec.ch\/de\/wp-json\/wp\/v2\/product\/4496","targetHints":{"allow":["GET"]}}],"collection":[{"href":"https:\/\/sysmatec.ch\/de\/wp-json\/wp\/v2\/product"}],"about":[{"href":"https:\/\/sysmatec.ch\/de\/wp-json\/wp\/v2\/types\/product"}],"wp:featuredmedia":[{"embeddable":true,"href":"https:\/\/sysmatec.ch\/de\/wp-json\/wp\/v2\/media\/4494"}],"wp:attachment":[{"href":"https:\/\/sysmatec.ch\/de\/wp-json\/wp\/v2\/media?parent=4496"}],"wp:term":[{"taxonomy":"product_brand","embeddable":true,"href":"https:\/\/sysmatec.ch\/de\/wp-json\/wp\/v2\/product_brand?post=4496"},{"taxonomy":"product_cat","embeddable":true,"href":"https:\/\/sysmatec.ch\/de\/wp-json\/wp\/v2\/product_cat?post=4496"},{"taxonomy":"product_tag","embeddable":true,"href":"https:\/\/sysmatec.ch\/de\/wp-json\/wp\/v2\/product_tag?post=4496"}],"curies":[{"name":"wp","href":"https:\/\/api.w.org\/{rel}","templated":true}]}}