{"id":4472,"date":"2019-03-10T20:42:47","date_gmt":"2019-03-10T19:42:47","guid":{"rendered":"https:\/\/sysmatec.ch\/produit\/analyse-chimique-et-physicochimique-avec-spectrophotometre\/"},"modified":"2022-02-15T08:48:46","modified_gmt":"2022-02-15T07:48:46","slug":"chemische-analyse-mit-spektrophotometer","status":"publish","type":"product","link":"https:\/\/sysmatec.ch\/de\/Produkt\/chemische-analyse-mit-spektrophotometer\/","title":{"rendered":"Chemische Analyse mit Spektrophotometer"},"content":{"rendered":"<p>Applikationen: Wasseraufbereitung, Abwasser, K\u00fchl- und Kesselwasser, Schwimmb\u00e4der, Wissenschaftliche Anwendungen, Getr\u00e4nkeindustrie, f\u00fcr das Labor und den mobilen Einsatz<\/p>\n<p>Die Vorteile: Automatischer Nullabgleich, Kurzer Messzyklus (ca. 3 Sekunden), Gro\u00dfe Digitalanzeige, SMD &#8211; Mikroprozessortechnik, Langzeitkonstante LEDs, Verwendung langzeitstabiler Lovibond\u00ae Reagenztabletten oder K\u00fcvettentests, Kompaktes, ergonomisches Geh\u00e4use, Komplettausstattung im Koffer, Hervorragendes Preis- \/ Leistungsverh\u00e4ltnis, 9 V Batterie f\u00fcr ca 40 Stunden , Automatische Abschaltung.<\/p>\n<p>Die Single-Parameter-CheckitDirect beinhalten jeweils 1 Messverfahren, w\u00e4hrend die Muli-Parameter-CheckitDirect auf verschiedene Parameter vorprogrammiert sind. Pr\u00e4zise und reproduzierbare Analysenergebnisse werden vom CheckitDirect mit geringem Zeitaufwand erzielt.<\/p>\n<p>Als Lichtquellen werden Leuchtdioden (LEDs) verwendet, die sich durch eine hohe Langzeitkonstanz und eine monochromatische Lichtabgabe bei geringer Leistungsaufnahme auszeichnen.<\/p>\n<p>Durch den Batteriebetrieb sind die Ger\u00e4t sowohl f\u00fcr den mobilen Einsatz als auch f\u00fcr das Labor geeignet. Die Analysen werden entweder unter Verwendung langzeitstabiler Lovibond\u00ae Reagenztabletten mit einer garantierten Mindesthaltbarkeit von 5 bzw. 10 Jahren oder mit Lovibond\u00ae K\u00fcvettentests durchgef\u00fchrt.<\/p>\n<table border=\"1\" width=\"100%\" cellspacing=\"0\" cellpadding=\"2\">\n<tbody>\n<tr>\n<td valign=\"top\">Analyse<\/td>\n<td>Messbereich<\/td>\n<\/tr>\n<tr>\n<td>Aluminium<\/td>\n<td>0,05-0,3 mg Al<\/td>\n<\/tr>\n<tr>\n<td>Ammonium<\/td>\n<td>0-1 mg\/l NH4-N<\/td>\n<\/tr>\n<tr>\n<td>Chlore (frei, gebunden, gesamt)<\/td>\n<td>0,05-6 mg\/l Cl2<\/td>\n<\/tr>\n<tr>\n<td valign=\"top\">Chlore (frei, gebunden, gesamt)<\/td>\n<td>0,05-4 mg\/l Cl2<\/td>\n<\/tr>\n<tr>\n<td valign=\"top\">Chlore (frei, gesamt)<\/td>\n<td>0,01- 2 mg\/l Cl2<\/td>\n<\/tr>\n<tr>\n<td>Chlore HG<\/td>\n<td>5-200 mg\/l Cl2<\/td>\n<\/tr>\n<tr>\n<td>Chlorid<\/td>\n<td>0,5-25 mg\/l Cl-<\/td>\n<\/tr>\n<tr>\n<td>CSB<\/td>\n<td>0-150, 0-1500, 0-15000 mg\/l O2<\/td>\n<\/tr>\n<tr>\n<td>DEHA<\/td>\n<td>0,02-0,5 mg\/l DEHA<\/td>\n<\/tr>\n<tr>\n<td>Eisen<\/td>\n<td>0,02-1 mg\/l Fe2+\/3+<\/td>\n<\/tr>\n<tr>\n<td>Fluorid<\/td>\n<td>0,05-2 mg\/l F-<\/td>\n<\/tr>\n<tr>\n<td>Gel\u00f6ste Feststoffe<\/td>\n<td>5-750 mg\/l<\/td>\n<\/tr>\n<tr>\n<td>Gesamte H\u00e4rte<\/td>\n<td>50-500 mg\/l CaCO3<\/td>\n<\/tr>\n<tr>\n<td>Harnstoff<\/td>\n<td>0,1-3 mg\/l CH4N2O<\/td>\n<\/tr>\n<tr>\n<td>Hazen<\/td>\n<td>0-500 mg\/l Pt-Co<\/td>\n<\/tr>\n<tr>\n<td>Hydrazin<\/td>\n<td>0,05-0,5 mg\/l N2H4<\/td>\n<\/tr>\n<tr>\n<td>Kupfer<\/td>\n<td>0,05-5 mg\/l Cu2+<\/td>\n<\/tr>\n<tr>\n<td>Kupfer\/Zink<\/td>\n<td>0,02-1 mg\/l Cu2+\/Zn2+<\/td>\n<\/tr>\n<tr>\n<td>Mangan<\/td>\n<td>0,02-0,5 mg\/l Mn<\/td>\n<\/tr>\n<tr>\n<td>Nitrite LR<\/td>\n<td>0-0,5 mg\/l N<\/td>\n<\/tr>\n<tr>\n<td>Ozon<\/td>\n<td>0,05-0,5 mg\/l O3<\/td>\n<\/tr>\n<tr>\n<td>Phosphat HG<\/td>\n<td>10-100 mg\/l PO4(3-)<\/td>\n<\/tr>\n<tr>\n<td>Phosphat BG<\/td>\n<td>0,5-4 mg\/l PO4(3-)<\/td>\n<\/tr>\n<tr>\n<td>Siliciumdioxid<\/td>\n<td>0,05-4 mg\/l SiO2<\/td>\n<\/tr>\n<tr>\n<td>Tr\u00fcbung<\/td>\n<td>0,1-2000 NTU<\/td>\n<\/tr>\n<tr>\n<td>Wasserstoffperoxid<\/td>\n<td>0,05-3 mg\/l H2O2<\/td>\n<\/tr>\n<\/tbody>\n<\/table>\n<p>Jedes Ger\u00e4t enh\u00e4lt den Spektrophotometer, die Reagenzen und Zubeh\u00f6r. Die Reagenzien f\u00fcr ca 100 Analyse k\u00f6nnen auch separat bestellt werden. Die Koffer f\u00fcr DCO, Fluorure und Tr\u00fcbung werden ohne Reagenz geliefert.<\/p>\n","protected":false},"excerpt":{"rendered":"<p>Wasser Analyse mit Spektrophotometer<\/p>\n","protected":false},"featured_media":4470,"template":"","meta":{"_crdt_document":""},"product_brand":[],"product_cat":[185,370],"product_tag":[],"class_list":{"0":"post-4472","1":"product","2":"type-product","3":"status-publish","4":"has-post-thumbnail","6":"product_cat-analyzer-de","7":"product_cat-wasser","9":"first","10":"instock","11":"taxable","12":"shipping-taxable","13":"product-type-simple"},"yoast_head":"<!-- This site is optimized with the Yoast SEO plugin v27.4 - https:\/\/yoast.com\/product\/yoast-seo-wordpress\/ -->\n<title>Chemische Analyse mit Spektrophotometer - Sysmatec<\/title>\n<meta name=\"description\" content=\"Spektralphotometer f\u00fcr die Wasseranalyse. Verschiedene Analysen wie Ionen, Mineralien, pH sind vorprogrammiert.\" \/>\n<meta name=\"robots\" content=\"index, follow, max-snippet:-1, max-image-preview:large, max-video-preview:-1\" \/>\n<link rel=\"canonical\" href=\"https:\/\/sysmatec.ch\/de\/produit\/chemische-analyse-mit-spektrophotometer\/\" \/>\n<meta property=\"og:locale\" content=\"de_DE\" \/>\n<meta property=\"og:type\" content=\"article\" \/>\n<meta property=\"og:title\" content=\"Chemische Analyse mit Spektrophotometer - Sysmatec\" \/>\n<meta property=\"og:description\" content=\"Spektralphotometer f\u00fcr die Wasseranalyse. Verschiedene Analysen wie Ionen, Mineralien, pH sind vorprogrammiert.\" \/>\n<meta property=\"og:url\" content=\"https:\/\/sysmatec.ch\/de\/produit\/chemische-analyse-mit-spektrophotometer\/\" \/>\n<meta property=\"og:site_name\" content=\"Sysmatec\" \/>\n<meta property=\"article:modified_time\" content=\"2022-02-15T07:48:46+00:00\" \/>\n<meta property=\"og:image\" content=\"https:\/\/sysmatec.ch\/wp-content\/uploads\/2019\/03\/Analyse_TintometerCheckitDirekt1.gif\" \/>\n\t<meta property=\"og:image:width\" content=\"141\" \/>\n\t<meta property=\"og:image:height\" content=\"164\" \/>\n\t<meta property=\"og:image:type\" content=\"image\/gif\" \/>\n<meta name=\"twitter:card\" content=\"summary_large_image\" \/>\n<meta name=\"twitter:label1\" content=\"Gesch\u00e4tzte Lesezeit\" \/>\n\t<meta name=\"twitter:data1\" content=\"2\u00a0Minuten\" \/>\n<script type=\"application\/ld+json\" class=\"yoast-schema-graph\">{\"@context\":\"https:\\\/\\\/schema.org\",\"@graph\":[{\"@type\":\"WebPage\",\"@id\":\"https:\\\/\\\/sysmatec.ch\\\/de\\\/produit\\\/chemische-analyse-mit-spektrophotometer\\\/\",\"url\":\"https:\\\/\\\/sysmatec.ch\\\/de\\\/produit\\\/chemische-analyse-mit-spektrophotometer\\\/\",\"name\":\"Chemische Analyse mit Spektrophotometer - Sysmatec\",\"isPartOf\":{\"@id\":\"https:\\\/\\\/sysmatec.ch\\\/de\\\/#website\"},\"primaryImageOfPage\":{\"@id\":\"https:\\\/\\\/sysmatec.ch\\\/de\\\/produit\\\/chemische-analyse-mit-spektrophotometer\\\/#primaryimage\"},\"image\":{\"@id\":\"https:\\\/\\\/sysmatec.ch\\\/de\\\/produit\\\/chemische-analyse-mit-spektrophotometer\\\/#primaryimage\"},\"thumbnailUrl\":\"https:\\\/\\\/sysmatec.ch\\\/wp-content\\\/uploads\\\/2019\\\/03\\\/Analyse_TintometerCheckitDirekt1.gif\",\"datePublished\":\"2019-03-10T19:42:47+00:00\",\"dateModified\":\"2022-02-15T07:48:46+00:00\",\"description\":\"Spektralphotometer f\u00fcr die Wasseranalyse. Verschiedene Analysen wie Ionen, Mineralien, pH sind vorprogrammiert.\",\"breadcrumb\":{\"@id\":\"https:\\\/\\\/sysmatec.ch\\\/de\\\/produit\\\/chemische-analyse-mit-spektrophotometer\\\/#breadcrumb\"},\"inLanguage\":\"de\",\"potentialAction\":[{\"@type\":\"ReadAction\",\"target\":[\"https:\\\/\\\/sysmatec.ch\\\/de\\\/produit\\\/chemische-analyse-mit-spektrophotometer\\\/\"]}]},{\"@type\":\"ImageObject\",\"inLanguage\":\"de\",\"@id\":\"https:\\\/\\\/sysmatec.ch\\\/de\\\/produit\\\/chemische-analyse-mit-spektrophotometer\\\/#primaryimage\",\"url\":\"https:\\\/\\\/sysmatec.ch\\\/wp-content\\\/uploads\\\/2019\\\/03\\\/Analyse_TintometerCheckitDirekt1.gif\",\"contentUrl\":\"https:\\\/\\\/sysmatec.ch\\\/wp-content\\\/uploads\\\/2019\\\/03\\\/Analyse_TintometerCheckitDirekt1.gif\",\"width\":141,\"height\":164},{\"@type\":\"BreadcrumbList\",\"@id\":\"https:\\\/\\\/sysmatec.ch\\\/de\\\/produit\\\/chemische-analyse-mit-spektrophotometer\\\/#breadcrumb\",\"itemListElement\":[{\"@type\":\"ListItem\",\"position\":1,\"name\":\"Accueil\",\"item\":\"https:\\\/\\\/sysmatec.ch\\\/de\\\/\"},{\"@type\":\"ListItem\",\"position\":2,\"name\":\"Die Aktivit\u00e4t von Sysmatec\",\"item\":\"https:\\\/\\\/sysmatec.ch\\\/de\\\/\"},{\"@type\":\"ListItem\",\"position\":3,\"name\":\"Chemische Analyse mit Spektrophotometer\"}]},{\"@type\":\"WebSite\",\"@id\":\"https:\\\/\\\/sysmatec.ch\\\/de\\\/#website\",\"url\":\"https:\\\/\\\/sysmatec.ch\\\/de\\\/\",\"name\":\"Sysmatec\",\"description\":\"Equipement de laboratoire et logiciels\",\"publisher\":{\"@id\":\"https:\\\/\\\/sysmatec.ch\\\/de\\\/#organization\"},\"potentialAction\":[{\"@type\":\"SearchAction\",\"target\":{\"@type\":\"EntryPoint\",\"urlTemplate\":\"https:\\\/\\\/sysmatec.ch\\\/de\\\/?s={search_term_string}\"},\"query-input\":{\"@type\":\"PropertyValueSpecification\",\"valueRequired\":true,\"valueName\":\"search_term_string\"}}],\"inLanguage\":\"de\"},{\"@type\":\"Organization\",\"@id\":\"https:\\\/\\\/sysmatec.ch\\\/de\\\/#organization\",\"name\":\"Sysmatec\",\"url\":\"https:\\\/\\\/sysmatec.ch\\\/de\\\/\",\"logo\":{\"@type\":\"ImageObject\",\"inLanguage\":\"de\",\"@id\":\"https:\\\/\\\/sysmatec.ch\\\/de\\\/#\\\/schema\\\/logo\\\/image\\\/\",\"url\":\"https:\\\/\\\/sysmatec.ch\\\/wp-content\\\/uploads\\\/2018\\\/11\\\/LogoSysmatec.jpg\",\"contentUrl\":\"https:\\\/\\\/sysmatec.ch\\\/wp-content\\\/uploads\\\/2018\\\/11\\\/LogoSysmatec.jpg\",\"width\":301,\"height\":297,\"caption\":\"Sysmatec\"},\"image\":{\"@id\":\"https:\\\/\\\/sysmatec.ch\\\/de\\\/#\\\/schema\\\/logo\\\/image\\\/\"}}]}<\/script>\n<!-- \/ Yoast SEO plugin. -->","yoast_head_json":{"title":"Chemische Analyse mit Spektrophotometer - Sysmatec","description":"Spektralphotometer f\u00fcr die Wasseranalyse. Verschiedene Analysen wie Ionen, Mineralien, pH sind vorprogrammiert.","robots":{"index":"index","follow":"follow","max-snippet":"max-snippet:-1","max-image-preview":"max-image-preview:large","max-video-preview":"max-video-preview:-1"},"canonical":"https:\/\/sysmatec.ch\/de\/produit\/chemische-analyse-mit-spektrophotometer\/","og_locale":"de_DE","og_type":"article","og_title":"Chemische Analyse mit Spektrophotometer - Sysmatec","og_description":"Spektralphotometer f\u00fcr die Wasseranalyse. Verschiedene Analysen wie Ionen, Mineralien, pH sind vorprogrammiert.","og_url":"https:\/\/sysmatec.ch\/de\/produit\/chemische-analyse-mit-spektrophotometer\/","og_site_name":"Sysmatec","article_modified_time":"2022-02-15T07:48:46+00:00","og_image":[{"width":141,"height":164,"url":"https:\/\/sysmatec.ch\/wp-content\/uploads\/2019\/03\/Analyse_TintometerCheckitDirekt1.gif","type":"image\/gif"}],"twitter_card":"summary_large_image","twitter_misc":{"Gesch\u00e4tzte Lesezeit":"2\u00a0Minuten"},"schema":{"@context":"https:\/\/schema.org","@graph":[{"@type":"WebPage","@id":"https:\/\/sysmatec.ch\/de\/produit\/chemische-analyse-mit-spektrophotometer\/","url":"https:\/\/sysmatec.ch\/de\/produit\/chemische-analyse-mit-spektrophotometer\/","name":"Chemische Analyse mit Spektrophotometer - Sysmatec","isPartOf":{"@id":"https:\/\/sysmatec.ch\/de\/#website"},"primaryImageOfPage":{"@id":"https:\/\/sysmatec.ch\/de\/produit\/chemische-analyse-mit-spektrophotometer\/#primaryimage"},"image":{"@id":"https:\/\/sysmatec.ch\/de\/produit\/chemische-analyse-mit-spektrophotometer\/#primaryimage"},"thumbnailUrl":"https:\/\/sysmatec.ch\/wp-content\/uploads\/2019\/03\/Analyse_TintometerCheckitDirekt1.gif","datePublished":"2019-03-10T19:42:47+00:00","dateModified":"2022-02-15T07:48:46+00:00","description":"Spektralphotometer f\u00fcr die Wasseranalyse. Verschiedene Analysen wie Ionen, Mineralien, pH sind vorprogrammiert.","breadcrumb":{"@id":"https:\/\/sysmatec.ch\/de\/produit\/chemische-analyse-mit-spektrophotometer\/#breadcrumb"},"inLanguage":"de","potentialAction":[{"@type":"ReadAction","target":["https:\/\/sysmatec.ch\/de\/produit\/chemische-analyse-mit-spektrophotometer\/"]}]},{"@type":"ImageObject","inLanguage":"de","@id":"https:\/\/sysmatec.ch\/de\/produit\/chemische-analyse-mit-spektrophotometer\/#primaryimage","url":"https:\/\/sysmatec.ch\/wp-content\/uploads\/2019\/03\/Analyse_TintometerCheckitDirekt1.gif","contentUrl":"https:\/\/sysmatec.ch\/wp-content\/uploads\/2019\/03\/Analyse_TintometerCheckitDirekt1.gif","width":141,"height":164},{"@type":"BreadcrumbList","@id":"https:\/\/sysmatec.ch\/de\/produit\/chemische-analyse-mit-spektrophotometer\/#breadcrumb","itemListElement":[{"@type":"ListItem","position":1,"name":"Accueil","item":"https:\/\/sysmatec.ch\/de\/"},{"@type":"ListItem","position":2,"name":"Die Aktivit\u00e4t von Sysmatec","item":"https:\/\/sysmatec.ch\/de\/"},{"@type":"ListItem","position":3,"name":"Chemische Analyse mit Spektrophotometer"}]},{"@type":"WebSite","@id":"https:\/\/sysmatec.ch\/de\/#website","url":"https:\/\/sysmatec.ch\/de\/","name":"Sysmatec","description":"Equipement de laboratoire et logiciels","publisher":{"@id":"https:\/\/sysmatec.ch\/de\/#organization"},"potentialAction":[{"@type":"SearchAction","target":{"@type":"EntryPoint","urlTemplate":"https:\/\/sysmatec.ch\/de\/?s={search_term_string}"},"query-input":{"@type":"PropertyValueSpecification","valueRequired":true,"valueName":"search_term_string"}}],"inLanguage":"de"},{"@type":"Organization","@id":"https:\/\/sysmatec.ch\/de\/#organization","name":"Sysmatec","url":"https:\/\/sysmatec.ch\/de\/","logo":{"@type":"ImageObject","inLanguage":"de","@id":"https:\/\/sysmatec.ch\/de\/#\/schema\/logo\/image\/","url":"https:\/\/sysmatec.ch\/wp-content\/uploads\/2018\/11\/LogoSysmatec.jpg","contentUrl":"https:\/\/sysmatec.ch\/wp-content\/uploads\/2018\/11\/LogoSysmatec.jpg","width":301,"height":297,"caption":"Sysmatec"},"image":{"@id":"https:\/\/sysmatec.ch\/de\/#\/schema\/logo\/image\/"}}]}},"_links":{"self":[{"href":"https:\/\/sysmatec.ch\/de\/wp-json\/wp\/v2\/product\/4472","targetHints":{"allow":["GET"]}}],"collection":[{"href":"https:\/\/sysmatec.ch\/de\/wp-json\/wp\/v2\/product"}],"about":[{"href":"https:\/\/sysmatec.ch\/de\/wp-json\/wp\/v2\/types\/product"}],"wp:featuredmedia":[{"embeddable":true,"href":"https:\/\/sysmatec.ch\/de\/wp-json\/wp\/v2\/media\/4470"}],"wp:attachment":[{"href":"https:\/\/sysmatec.ch\/de\/wp-json\/wp\/v2\/media?parent=4472"}],"wp:term":[{"taxonomy":"product_brand","embeddable":true,"href":"https:\/\/sysmatec.ch\/de\/wp-json\/wp\/v2\/product_brand?post=4472"},{"taxonomy":"product_cat","embeddable":true,"href":"https:\/\/sysmatec.ch\/de\/wp-json\/wp\/v2\/product_cat?post=4472"},{"taxonomy":"product_tag","embeddable":true,"href":"https:\/\/sysmatec.ch\/de\/wp-json\/wp\/v2\/product_tag?post=4472"}],"curies":[{"name":"wp","href":"https:\/\/api.w.org\/{rel}","templated":true}]}}