{"id":4457,"date":"2019-03-10T19:18:38","date_gmt":"2019-03-10T18:18:38","guid":{"rendered":"https:\/\/sysmatec.ch\/produit\/analyse-chimique-et-physicochimique-de-leau-a-laide-du-comparateur-checkit\/"},"modified":"2022-02-15T08:59:50","modified_gmt":"2022-02-15T07:59:50","slug":"chemische-analyse-fuer-wasser","status":"publish","type":"product","link":"https:\/\/sysmatec.ch\/de\/Produkt\/chemische-analyse-fuer-wasser\/","title":{"rendered":"Chemische Analyse f\u00fcr Wasser"},"content":{"rendered":"<p>CHECKIT\u00aeComparator, Regelm\u00e4\u00dfige Untersuchung in Pools und den mobilen Einsatz<\/p>\n<p>Der CHECKIT\u00aeComparator ist ein kompaktes und handliches kolorimetrisches System, das sich sowohl f\u00fcr die mobile, als auch station\u00e4re Analyse eignet und mit einer gro\u00dfen Anzahl verschiedener Nachweismethoden die Basis f\u00fcr ein umfangreiches kolorimetrisches Analysesystem einfacher Handhabung bietet.<\/p>\n<p>Eine der beiden mit Wasserprobe gef\u00fcllten K\u00fcvetten wird direkt in die linke Kammer des Comparators gegeben und dient der Kompensation von farbigen oder tr\u00fcben Proben. In der zweiten K\u00fcvette werden die f\u00fcr die Analyse ben\u00f6tigten Reagenzien (Tabletten, Pulver oder Fl\u00fcssigkeiten) mit der Probe vermischt und in die rechte Comparatorkammer gesetzt. Nach Einschieben der entsprechenden CHECKIT\u00aeComparators befindliche Diffusorplatte dient dabei der Kompensation von Umgebungseinfl\u00fcssen und ung\u00fcnstigen Lichtverh\u00e4ltnissen.<\/p>\n<p>Jede CHECKIT\u00aeDisc beinhaltet eine kontinuierliche Farbskala, die einen exakten Farbabgleich zwischen den Farbstandards und der Probe m\u00f6glich machen. Durch die Optimierung der Fertigung und die Auswahl geeigneter Werkstoffe sind diese Farbscheiben f\u00fcr einen langen Zeitraum farbbest\u00e4ndig und garantieren zuverl\u00e4ssige, reproduzierbare Messergebnisse.<\/p>\n<p>Gebrauchsanweisungen, in denen die Analyseschritte einfach und verst\u00e4ndlich dargelegt werden, liegen jeder CHECKIT\u00aeDisc bei.<\/p>\n<p>Analyse<\/p>\n<table border=\"1\" width=\"100%\" cellspacing=\"0\" cellpadding=\"2\">\n<tbody>\n<tr>\n<td valign=\"top\">Bestimmung<\/td>\n<td>Messbereich<\/td>\n<\/tr>\n<tr>\n<td>Aluminium<\/td>\n<td>0-0,3 mg Al<\/td>\n<\/tr>\n<tr>\n<td>Ammonium<\/td>\n<td>0-1 mg\/l N<\/td>\n<\/tr>\n<tr>\n<td valign=\"top\">Brom<\/td>\n<td>0-5 mg\/l Br<\/td>\n<\/tr>\n<tr>\n<td>Chlor (*) (frei, gebuden, gesamt)<\/td>\n<td>0,02-0,3 mg\/l Cl2<\/td>\n<\/tr>\n<tr>\n<td valign=\"top\">Chlor (frei, gebuden, gesamt)<\/td>\n<td>0-1 mg\/l Cl2<\/td>\n<\/tr>\n<tr>\n<td valign=\"top\">Chlor (frei, gebuden, gesamt)<\/td>\n<td>0,1- 2 mg\/l Cl2<\/td>\n<\/tr>\n<tr>\n<td>Chlor (frei, gebuden, gesamt)<\/td>\n<td>0-4 mg\/l Cl2<\/td>\n<\/tr>\n<tr>\n<td>Chlor HG<\/td>\n<td>10-300 mg\/l Cl2 (gesamt)<\/td>\n<\/tr>\n<tr>\n<td>Chlordioxid (*)<\/td>\n<td>0,01-0,2 mg\/l ClO2<\/td>\n<\/tr>\n<tr>\n<td>DEHA<\/td>\n<td>0-0,5 mg\/l DEHA<\/td>\n<\/tr>\n<tr>\n<td>Eisen<\/td>\n<td>0-10 mg\/l Fe<\/td>\n<\/tr>\n<tr>\n<td>Eisen<\/td>\n<td>0,05-1 mg\/l Fe<\/td>\n<\/tr>\n<tr>\n<td>Kupfer, frei (Cu2+)<\/td>\n<td>0-1 mg\/l Cu<\/td>\n<\/tr>\n<tr>\n<td>Kupfer, frei + gesamt<\/td>\n<td>0-5 mg\/l Cu<\/td>\n<\/tr>\n<tr>\n<td>Kupfer (*), frei + gesamt<\/td>\n<td>0-1 mg\/l Cu<\/td>\n<\/tr>\n<tr>\n<td>Molybdat<\/td>\n<td>0-100 mg\/l MoO4<\/td>\n<\/tr>\n<tr>\n<td>Nitrat HG<\/td>\n<td>10-100 mg\/l NO3<\/td>\n<\/tr>\n<tr>\n<td>Nitrit BG<\/td>\n<td>0-0,5 mg\/l N<\/td>\n<\/tr>\n<tr>\n<td>Ozon<\/td>\n<td>0-0,7 mg\/l O3<\/td>\n<\/tr>\n<tr>\n<td>pH (Phenolrot)<\/td>\n<td>6,5-8,4 pH<\/td>\n<\/tr>\n<tr>\n<td>pH (Bromocresolpurpur)<\/td>\n<td>5,2-6,8 pH<\/td>\n<\/tr>\n<tr>\n<td>pH (Bromothymolblau)<\/td>\n<td>6.0-7,6 pH<\/td>\n<\/tr>\n<tr>\n<td>pH<\/td>\n<td>4-10 pH<\/td>\n<\/tr>\n<tr>\n<td>Phosphat<\/td>\n<td>0-80 mg\/l PO4<\/td>\n<\/tr>\n<tr>\n<td>Phosphat<\/td>\n<td>0-4 mg\/l PO4<\/td>\n<\/tr>\n<tr>\n<td>S\u00e4urekapazit\u00e4t KS4.3<\/td>\n<td>0,5-5 mmol\/l<\/td>\n<\/tr>\n<tr>\n<td>Siliziumdioxid<\/td>\n<td>0,25-4 mg\/l SiO2<\/td>\n<\/tr>\n<tr>\n<td>Siliziumdioxid (*)<\/td>\n<td>0-1 mg\/l SiO2<\/td>\n<\/tr>\n<tr>\n<td>Sulfit<\/td>\n<td>0,5-10 mg\/l SO3 2-<\/td>\n<\/tr>\n<tr>\n<td>Total Alkalinity<\/td>\n<td>20-240 mg\/l CaCO3<\/td>\n<\/tr>\n<tr>\n<td>Zink<\/td>\n<td>0-1 mg\/l Zn<\/td>\n<\/tr>\n<tr>\n<td>Kit f\u00fcr 2 AnalyseChlore<\/p>\n<p>pH<\/td>\n<td>-0-1 mg\/l Cl2<\/p>\n<p>5,5-8,4<\/td>\n<\/tr>\n<tr>\n<td>Kit f\u00fcr 2 AnalyseChlore<\/p>\n<p>pH<\/td>\n<td>-0,1-2 mg\/l Cl2<\/p>\n<p>5,5-8,4<\/td>\n<\/tr>\n<tr>\n<td>Kit f\u00fcr 2 AnalyseChlore<\/p>\n<p>pH<\/td>\n<td>-0-4 mg\/l Cl2<\/p>\n<p>5,5-8,4<\/td>\n<\/tr>\n<tr>\n<td>Kit f\u00fcr 2 AnalyseBrome<\/p>\n<p>pH<\/td>\n<td>-0-5 mg\/l Br<\/p>\n<p>5,5-8,4<\/td>\n<\/tr>\n<tr>\n<td>Kit f\u00fcr 2 AnalyseCuivre<\/p>\n<p>pH<\/td>\n<td>-0-1 mg\/l Cu<\/p>\n<p>5,5-8,4<\/td>\n<\/tr>\n<\/tbody>\n<\/table>\n<p>Neben dem CheckitComparator als Basisger\u00e4t sind die Test Kits entsprechend der gew\u00fcnschten Bestimmungen mit CheckitDiscs, K\u00fcvetten, R\u00fchrstab und Reagenztabletten f\u00fcr 30 Tests je Parameter konfektioniert. Geliefert werden die Test Kits in einem stabilen, handlichenKunststoffkoffer. Die Reagenzien f\u00fcr ca 100 Analyse k\u00f6nnen auch separat bestellt werden.<\/p>\n","protected":false},"excerpt":{"rendered":"<p>Chemische Analyse f\u00fcr Wasser<\/p>\n","protected":false},"featured_media":4452,"template":"","meta":{"_crdt_document":""},"product_brand":[],"product_cat":[185,370],"product_tag":[],"class_list":{"0":"post-4457","1":"product","2":"type-product","3":"status-publish","4":"has-post-thumbnail","6":"product_cat-analyzer-de","7":"product_cat-wasser","9":"first","10":"instock","11":"taxable","12":"shipping-taxable","13":"product-type-simple"},"yoast_head":"<!-- This site is optimized with the Yoast SEO plugin v27.4 - https:\/\/yoast.com\/product\/yoast-seo-wordpress\/ -->\n<title>Chemische Analyse f\u00fcr Wasser - Sysmatec<\/title>\n<meta name=\"description\" content=\"Farbkomparator f\u00fcr die Wasseranalyse. Verschiedene Analysen wie Ionen, Mineralien, pH sind sofort einsatzbereit.\" \/>\n<meta name=\"robots\" content=\"index, follow, max-snippet:-1, max-image-preview:large, max-video-preview:-1\" \/>\n<link rel=\"canonical\" href=\"https:\/\/sysmatec.ch\/de\/produit\/chemische-analyse-fuer-wasser\/\" \/>\n<meta property=\"og:locale\" content=\"de_DE\" \/>\n<meta property=\"og:type\" content=\"article\" \/>\n<meta property=\"og:title\" content=\"Chemische Analyse f\u00fcr Wasser - Sysmatec\" \/>\n<meta property=\"og:description\" content=\"Farbkomparator f\u00fcr die Wasseranalyse. Verschiedene Analysen wie Ionen, Mineralien, pH sind sofort einsatzbereit.\" \/>\n<meta property=\"og:url\" content=\"https:\/\/sysmatec.ch\/de\/produit\/chemische-analyse-fuer-wasser\/\" \/>\n<meta property=\"og:site_name\" content=\"Sysmatec\" \/>\n<meta property=\"article:modified_time\" content=\"2022-02-15T07:59:50+00:00\" \/>\n<meta property=\"og:image\" content=\"https:\/\/sysmatec.ch\/wp-content\/uploads\/2019\/03\/Analyse_TintometerCheckit1.gif\" \/>\n\t<meta property=\"og:image:width\" content=\"185\" \/>\n\t<meta property=\"og:image:height\" content=\"185\" \/>\n\t<meta property=\"og:image:type\" content=\"image\/gif\" \/>\n<meta name=\"twitter:card\" content=\"summary_large_image\" \/>\n<meta name=\"twitter:label1\" content=\"Gesch\u00e4tzte Lesezeit\" \/>\n\t<meta name=\"twitter:data1\" content=\"2\u00a0Minuten\" \/>\n<script type=\"application\/ld+json\" class=\"yoast-schema-graph\">{\"@context\":\"https:\\\/\\\/schema.org\",\"@graph\":[{\"@type\":\"WebPage\",\"@id\":\"https:\\\/\\\/sysmatec.ch\\\/de\\\/produit\\\/chemische-analyse-fuer-wasser\\\/\",\"url\":\"https:\\\/\\\/sysmatec.ch\\\/de\\\/produit\\\/chemische-analyse-fuer-wasser\\\/\",\"name\":\"Chemische Analyse f\u00fcr Wasser - Sysmatec\",\"isPartOf\":{\"@id\":\"https:\\\/\\\/sysmatec.ch\\\/de\\\/#website\"},\"primaryImageOfPage\":{\"@id\":\"https:\\\/\\\/sysmatec.ch\\\/de\\\/produit\\\/chemische-analyse-fuer-wasser\\\/#primaryimage\"},\"image\":{\"@id\":\"https:\\\/\\\/sysmatec.ch\\\/de\\\/produit\\\/chemische-analyse-fuer-wasser\\\/#primaryimage\"},\"thumbnailUrl\":\"https:\\\/\\\/sysmatec.ch\\\/wp-content\\\/uploads\\\/2019\\\/03\\\/Analyse_TintometerCheckit1.gif\",\"datePublished\":\"2019-03-10T18:18:38+00:00\",\"dateModified\":\"2022-02-15T07:59:50+00:00\",\"description\":\"Farbkomparator f\u00fcr die Wasseranalyse. Verschiedene Analysen wie Ionen, Mineralien, pH sind sofort einsatzbereit.\",\"breadcrumb\":{\"@id\":\"https:\\\/\\\/sysmatec.ch\\\/de\\\/produit\\\/chemische-analyse-fuer-wasser\\\/#breadcrumb\"},\"inLanguage\":\"de\",\"potentialAction\":[{\"@type\":\"ReadAction\",\"target\":[\"https:\\\/\\\/sysmatec.ch\\\/de\\\/produit\\\/chemische-analyse-fuer-wasser\\\/\"]}]},{\"@type\":\"ImageObject\",\"inLanguage\":\"de\",\"@id\":\"https:\\\/\\\/sysmatec.ch\\\/de\\\/produit\\\/chemische-analyse-fuer-wasser\\\/#primaryimage\",\"url\":\"https:\\\/\\\/sysmatec.ch\\\/wp-content\\\/uploads\\\/2019\\\/03\\\/Analyse_TintometerCheckit1.gif\",\"contentUrl\":\"https:\\\/\\\/sysmatec.ch\\\/wp-content\\\/uploads\\\/2019\\\/03\\\/Analyse_TintometerCheckit1.gif\",\"width\":185,\"height\":185},{\"@type\":\"BreadcrumbList\",\"@id\":\"https:\\\/\\\/sysmatec.ch\\\/de\\\/produit\\\/chemische-analyse-fuer-wasser\\\/#breadcrumb\",\"itemListElement\":[{\"@type\":\"ListItem\",\"position\":1,\"name\":\"Accueil\",\"item\":\"https:\\\/\\\/sysmatec.ch\\\/de\\\/\"},{\"@type\":\"ListItem\",\"position\":2,\"name\":\"Die Aktivit\u00e4t von Sysmatec\",\"item\":\"https:\\\/\\\/sysmatec.ch\\\/de\\\/\"},{\"@type\":\"ListItem\",\"position\":3,\"name\":\"Chemische Analyse f\u00fcr Wasser\"}]},{\"@type\":\"WebSite\",\"@id\":\"https:\\\/\\\/sysmatec.ch\\\/de\\\/#website\",\"url\":\"https:\\\/\\\/sysmatec.ch\\\/de\\\/\",\"name\":\"Sysmatec\",\"description\":\"Equipement de laboratoire et logiciels\",\"publisher\":{\"@id\":\"https:\\\/\\\/sysmatec.ch\\\/de\\\/#organization\"},\"potentialAction\":[{\"@type\":\"SearchAction\",\"target\":{\"@type\":\"EntryPoint\",\"urlTemplate\":\"https:\\\/\\\/sysmatec.ch\\\/de\\\/?s={search_term_string}\"},\"query-input\":{\"@type\":\"PropertyValueSpecification\",\"valueRequired\":true,\"valueName\":\"search_term_string\"}}],\"inLanguage\":\"de\"},{\"@type\":\"Organization\",\"@id\":\"https:\\\/\\\/sysmatec.ch\\\/de\\\/#organization\",\"name\":\"Sysmatec\",\"url\":\"https:\\\/\\\/sysmatec.ch\\\/de\\\/\",\"logo\":{\"@type\":\"ImageObject\",\"inLanguage\":\"de\",\"@id\":\"https:\\\/\\\/sysmatec.ch\\\/de\\\/#\\\/schema\\\/logo\\\/image\\\/\",\"url\":\"https:\\\/\\\/sysmatec.ch\\\/wp-content\\\/uploads\\\/2018\\\/11\\\/LogoSysmatec.jpg\",\"contentUrl\":\"https:\\\/\\\/sysmatec.ch\\\/wp-content\\\/uploads\\\/2018\\\/11\\\/LogoSysmatec.jpg\",\"width\":301,\"height\":297,\"caption\":\"Sysmatec\"},\"image\":{\"@id\":\"https:\\\/\\\/sysmatec.ch\\\/de\\\/#\\\/schema\\\/logo\\\/image\\\/\"}}]}<\/script>\n<!-- \/ Yoast SEO plugin. -->","yoast_head_json":{"title":"Chemische Analyse f\u00fcr Wasser - Sysmatec","description":"Farbkomparator f\u00fcr die Wasseranalyse. Verschiedene Analysen wie Ionen, Mineralien, pH sind sofort einsatzbereit.","robots":{"index":"index","follow":"follow","max-snippet":"max-snippet:-1","max-image-preview":"max-image-preview:large","max-video-preview":"max-video-preview:-1"},"canonical":"https:\/\/sysmatec.ch\/de\/produit\/chemische-analyse-fuer-wasser\/","og_locale":"de_DE","og_type":"article","og_title":"Chemische Analyse f\u00fcr Wasser - Sysmatec","og_description":"Farbkomparator f\u00fcr die Wasseranalyse. Verschiedene Analysen wie Ionen, Mineralien, pH sind sofort einsatzbereit.","og_url":"https:\/\/sysmatec.ch\/de\/produit\/chemische-analyse-fuer-wasser\/","og_site_name":"Sysmatec","article_modified_time":"2022-02-15T07:59:50+00:00","og_image":[{"width":185,"height":185,"url":"https:\/\/sysmatec.ch\/wp-content\/uploads\/2019\/03\/Analyse_TintometerCheckit1.gif","type":"image\/gif"}],"twitter_card":"summary_large_image","twitter_misc":{"Gesch\u00e4tzte Lesezeit":"2\u00a0Minuten"},"schema":{"@context":"https:\/\/schema.org","@graph":[{"@type":"WebPage","@id":"https:\/\/sysmatec.ch\/de\/produit\/chemische-analyse-fuer-wasser\/","url":"https:\/\/sysmatec.ch\/de\/produit\/chemische-analyse-fuer-wasser\/","name":"Chemische Analyse f\u00fcr Wasser - Sysmatec","isPartOf":{"@id":"https:\/\/sysmatec.ch\/de\/#website"},"primaryImageOfPage":{"@id":"https:\/\/sysmatec.ch\/de\/produit\/chemische-analyse-fuer-wasser\/#primaryimage"},"image":{"@id":"https:\/\/sysmatec.ch\/de\/produit\/chemische-analyse-fuer-wasser\/#primaryimage"},"thumbnailUrl":"https:\/\/sysmatec.ch\/wp-content\/uploads\/2019\/03\/Analyse_TintometerCheckit1.gif","datePublished":"2019-03-10T18:18:38+00:00","dateModified":"2022-02-15T07:59:50+00:00","description":"Farbkomparator f\u00fcr die Wasseranalyse. Verschiedene Analysen wie Ionen, Mineralien, pH sind sofort einsatzbereit.","breadcrumb":{"@id":"https:\/\/sysmatec.ch\/de\/produit\/chemische-analyse-fuer-wasser\/#breadcrumb"},"inLanguage":"de","potentialAction":[{"@type":"ReadAction","target":["https:\/\/sysmatec.ch\/de\/produit\/chemische-analyse-fuer-wasser\/"]}]},{"@type":"ImageObject","inLanguage":"de","@id":"https:\/\/sysmatec.ch\/de\/produit\/chemische-analyse-fuer-wasser\/#primaryimage","url":"https:\/\/sysmatec.ch\/wp-content\/uploads\/2019\/03\/Analyse_TintometerCheckit1.gif","contentUrl":"https:\/\/sysmatec.ch\/wp-content\/uploads\/2019\/03\/Analyse_TintometerCheckit1.gif","width":185,"height":185},{"@type":"BreadcrumbList","@id":"https:\/\/sysmatec.ch\/de\/produit\/chemische-analyse-fuer-wasser\/#breadcrumb","itemListElement":[{"@type":"ListItem","position":1,"name":"Accueil","item":"https:\/\/sysmatec.ch\/de\/"},{"@type":"ListItem","position":2,"name":"Die Aktivit\u00e4t von Sysmatec","item":"https:\/\/sysmatec.ch\/de\/"},{"@type":"ListItem","position":3,"name":"Chemische Analyse f\u00fcr Wasser"}]},{"@type":"WebSite","@id":"https:\/\/sysmatec.ch\/de\/#website","url":"https:\/\/sysmatec.ch\/de\/","name":"Sysmatec","description":"Equipement de laboratoire et logiciels","publisher":{"@id":"https:\/\/sysmatec.ch\/de\/#organization"},"potentialAction":[{"@type":"SearchAction","target":{"@type":"EntryPoint","urlTemplate":"https:\/\/sysmatec.ch\/de\/?s={search_term_string}"},"query-input":{"@type":"PropertyValueSpecification","valueRequired":true,"valueName":"search_term_string"}}],"inLanguage":"de"},{"@type":"Organization","@id":"https:\/\/sysmatec.ch\/de\/#organization","name":"Sysmatec","url":"https:\/\/sysmatec.ch\/de\/","logo":{"@type":"ImageObject","inLanguage":"de","@id":"https:\/\/sysmatec.ch\/de\/#\/schema\/logo\/image\/","url":"https:\/\/sysmatec.ch\/wp-content\/uploads\/2018\/11\/LogoSysmatec.jpg","contentUrl":"https:\/\/sysmatec.ch\/wp-content\/uploads\/2018\/11\/LogoSysmatec.jpg","width":301,"height":297,"caption":"Sysmatec"},"image":{"@id":"https:\/\/sysmatec.ch\/de\/#\/schema\/logo\/image\/"}}]}},"_links":{"self":[{"href":"https:\/\/sysmatec.ch\/de\/wp-json\/wp\/v2\/product\/4457","targetHints":{"allow":["GET"]}}],"collection":[{"href":"https:\/\/sysmatec.ch\/de\/wp-json\/wp\/v2\/product"}],"about":[{"href":"https:\/\/sysmatec.ch\/de\/wp-json\/wp\/v2\/types\/product"}],"wp:featuredmedia":[{"embeddable":true,"href":"https:\/\/sysmatec.ch\/de\/wp-json\/wp\/v2\/media\/4452"}],"wp:attachment":[{"href":"https:\/\/sysmatec.ch\/de\/wp-json\/wp\/v2\/media?parent=4457"}],"wp:term":[{"taxonomy":"product_brand","embeddable":true,"href":"https:\/\/sysmatec.ch\/de\/wp-json\/wp\/v2\/product_brand?post=4457"},{"taxonomy":"product_cat","embeddable":true,"href":"https:\/\/sysmatec.ch\/de\/wp-json\/wp\/v2\/product_cat?post=4457"},{"taxonomy":"product_tag","embeddable":true,"href":"https:\/\/sysmatec.ch\/de\/wp-json\/wp\/v2\/product_tag?post=4457"}],"curies":[{"name":"wp","href":"https:\/\/api.w.org\/{rel}","templated":true}]}}