{"id":4446,"date":"2019-03-10T18:57:48","date_gmt":"2019-03-10T17:57:48","guid":{"rendered":"https:\/\/sysmatec.ch\/produit\/analyse-chimique-et-physicochimique-de-leau-a-laide-du-minikit\/"},"modified":"2022-02-15T21:44:43","modified_gmt":"2022-02-15T20:44:43","slug":"minikit-chemische-analyse-fuer-die-beurteilung-der-wasserqualitaet","status":"publish","type":"product","link":"https:\/\/sysmatec.ch\/de\/Produkt\/minikit-chemische-analyse-fuer-die-beurteilung-der-wasserqualitaet\/","title":{"rendered":"MINIKIT\u00ae Chemische Analyse f\u00fcr die Beurteilung der Wasserqualit\u00e4t"},"content":{"rendered":"<p>Die Vorteile: einfache Handhabung und exakte Reagenzdosierung ohne jedes Hilfsmittel, hohe Analysegenauigkeit auch bei ung\u00fcnstigen Bedingungen, problemloser Versand und sichere Lagerung, garantierte Mindesthaltbarkeit von 5 Jahren auf Lovibond\u00ae Reagenztabletten in Folie, Jedes Kit enth\u00e4lt Indikatoren f\u00fcr durchschnittlich 30 Tests, abh\u00e4ngig von der Nachweismethode.<\/p>\n<p>Tablettenz\u00e4hlverfahren: in ein definiertes Probevolumen wird eine bestimmte Anzahl von Tabletten hineingez\u00e4hlt, bis ein Farbumschlag erfolgt. \u00dcber die Anzahl der ben\u00f6tigtenTabletten wird die Konzentration ermittelt. Der Messbereich kann durch Ver\u00e4nderung des Probevolumens variiert werden.<\/p>\n<p>Speed-Test: nach Zugabe einer Reagenztablette in ein kalibriertes Testr\u00f6hrchen wird die Wasserprobe sukzessiv aufgef\u00fcllt, bis die Farbe der L\u00f6sung umschl\u00e4gt (z. B. von rot nach blau). Anschlie\u00dfend liest man auf der H\u00f6he des F\u00fcllstandes den Messwert an der Skala des Testr\u00f6hrchens ab.<\/p>\n<p>Ja\/Nein-Test: bei der Bestimmung des Wasserinhaltsstoffes mittels Ja \/ Nein-Tests wird analysiert, ob eine bestimmte Konzentration dieses Inhaltsstoffes \u00fcber- oder unterschritten wird.<\/p>\n<p>Tr\u00fcbungsmethode: in ein zweiteiliges, kalibriertes Testr\u00f6hrchen wird die Wasserprobe gef\u00fcllt und eine Reagenztablette hinzugegeben. Die Tablette erzeugt eine Tr\u00fcbung, die proportional zu der Konzentration des gesuchten Inhaltsstoffes ist. Nun senkt man das innere R\u00f6hrchen, auf dessen Boden sich ein schwarzer Punkt befindet, so weit ab, bis dieser Punkt durch die vorhandene Tr\u00fcbung nicht mehr sichtbar ist. Der Messwert wird anhand des F\u00fcllstandes in dem inneren R\u00f6hrchen an der Skala abgelesen.<\/p>\n<table border=\"1\" width=\"100%\" cellspacing=\"0\" cellpadding=\"2\">\n<tbody>\n<tr>\n<td valign=\"top\">Analyse<\/td>\n<td>Bereich<\/td>\n<\/tr>\n<tr>\n<td>Alkalit\u00e4t gesamt<\/td>\n<td>20-800 mg\/l CaCO3<\/td>\n<\/tr>\n<tr>\n<td>Alkalit\u00e4t gesamt (M)<\/td>\n<td>10-500 mg\/l CaCO3<\/td>\n<\/tr>\n<tr>\n<td valign=\"top\">Alkalit\u00e4t P<\/td>\n<td>20-500 mg\/l CaCO3<\/td>\n<\/tr>\n<tr>\n<td valign=\"top\">Calciumh\u00e4rte<\/td>\n<td>20-800 mg\/l CaCO3<\/td>\n<\/tr>\n<tr>\n<td valign=\"top\">Calciumh\u00e4rte<\/td>\n<td>10-500 mg\/l CaCO3<\/td>\n<\/tr>\n<tr>\n<td>Chlorid<\/td>\n<td>5-5000 mg\/l Cl-<\/td>\n<\/tr>\n<tr>\n<td>Cyanurs\u00e4ure<\/td>\n<td>20-200 mg\/l<\/td>\n<\/tr>\n<tr>\n<td>Gesamth\u00e4rte<\/td>\n<td>1-10 mg\/l CaCO3<\/td>\n<\/tr>\n<tr>\n<td>Gesamth\u00e4rte<\/td>\n<td>1-50 mg\/l CaCO3<\/td>\n<\/tr>\n<tr>\n<td>Gesamth\u00e4rte<\/td>\n<td>oui\/non<\/td>\n<\/tr>\n<tr>\n<td>Gesamth\u00e4rte<\/td>\n<td>20-800 mg\/l CaCO3<\/td>\n<\/tr>\n<tr>\n<td>Gesamth\u00e4rte<\/td>\n<td>5-500 mg\/l CaCO3<\/td>\n<\/tr>\n<tr>\n<td>Hydroxidekonzentration<\/td>\n<td>20-500 mg\/l CaCO3<\/td>\n<\/tr>\n<tr>\n<td>Nitrit<\/td>\n<td>70-1500 mg\/l NaNO2<\/td>\n<\/tr>\n<tr>\n<td>Organo-Phosphat<\/td>\n<td>1-20 mg\/l<\/td>\n<\/tr>\n<tr>\n<td>QAC (Quatern\u00e4re Ammnium Verb.)<\/td>\n<td>0-500 mg\/l<\/td>\n<\/tr>\n<tr>\n<td>S\u00e4urekonzentration<\/td>\n<td>0,75-10 % S\u00e4ure<\/td>\n<\/tr>\n<tr>\n<td>Sulfat<\/td>\n<td>20-200 mg\/l Na2SO4<\/td>\n<\/tr>\n<tr>\n<td>Sulfat<\/td>\n<td>400-4000 mg\/l SO4<\/td>\n<\/tr>\n<tr>\n<td>Sulfit<\/td>\n<td>2-50 mg\/l Na2SO3<\/td>\n<\/tr>\n<tr>\n<td>Sulfit<\/td>\n<td>20-500 mg\/l Na2SO3<\/td>\n<\/tr>\n<tr>\n<td>Tannin Index<\/td>\n<td>2-20 Einheiten<\/td>\n<\/tr>\n<\/tbody>\n<\/table>\n","protected":false},"excerpt":{"rendered":"<p>Chemische Analyse f\u00fcr die Beurteilung der Wasserqualit\u00e4t<\/p>\n","protected":false},"featured_media":4440,"template":"","meta":{"_crdt_document":""},"product_brand":[],"product_cat":[185,370],"product_tag":[],"class_list":{"0":"post-4446","1":"product","2":"type-product","3":"status-publish","4":"has-post-thumbnail","6":"product_cat-analyzer-de","7":"product_cat-wasser","9":"first","10":"instock","11":"taxable","12":"shipping-taxable","13":"product-type-simple"},"yoast_head":"<!-- This site is optimized with the Yoast SEO plugin v27.4 - https:\/\/yoast.com\/product\/yoast-seo-wordpress\/ -->\n<title>MINIKIT\u00ae Chemische Analyse f\u00fcr die Beurteilung der Wasserqualit\u00e4t - Sysmatec<\/title>\n<meta name=\"description\" content=\"Chemische Analyse von Wasser durch kolorimetrische Methoden. Sie erm\u00f6glichen die Analyse von Bestandteilen wie Ionen, Mineralien, Desinfektionsmittel.\" \/>\n<meta name=\"robots\" content=\"index, follow, max-snippet:-1, max-image-preview:large, max-video-preview:-1\" \/>\n<link rel=\"canonical\" href=\"https:\/\/sysmatec.ch\/de\/produit\/minikit-chemische-analyse-fuer-die-beurteilung-der-wasserqualitaet\/\" \/>\n<meta property=\"og:locale\" content=\"de_DE\" \/>\n<meta property=\"og:type\" content=\"article\" \/>\n<meta property=\"og:title\" content=\"MINIKIT\u00ae Chemische Analyse f\u00fcr die Beurteilung der Wasserqualit\u00e4t - Sysmatec\" \/>\n<meta property=\"og:description\" content=\"Chemische Analyse von Wasser durch kolorimetrische Methoden. Sie erm\u00f6glichen die Analyse von Bestandteilen wie Ionen, Mineralien, Desinfektionsmittel.\" \/>\n<meta property=\"og:url\" content=\"https:\/\/sysmatec.ch\/de\/produit\/minikit-chemische-analyse-fuer-die-beurteilung-der-wasserqualitaet\/\" \/>\n<meta property=\"og:site_name\" content=\"Sysmatec\" \/>\n<meta property=\"article:modified_time\" content=\"2022-02-15T20:44:43+00:00\" \/>\n<meta property=\"og:image\" content=\"https:\/\/sysmatec.ch\/wp-content\/uploads\/2019\/03\/Analyse_TintometerMinikit.gif\" \/>\n\t<meta property=\"og:image:width\" content=\"166\" \/>\n\t<meta property=\"og:image:height\" content=\"166\" \/>\n\t<meta property=\"og:image:type\" content=\"image\/gif\" \/>\n<meta name=\"twitter:card\" content=\"summary_large_image\" \/>\n<meta name=\"twitter:label1\" content=\"Gesch\u00e4tzte Lesezeit\" \/>\n\t<meta name=\"twitter:data1\" content=\"2\u00a0Minuten\" \/>\n<script type=\"application\/ld+json\" class=\"yoast-schema-graph\">{\"@context\":\"https:\\\/\\\/schema.org\",\"@graph\":[{\"@type\":\"WebPage\",\"@id\":\"https:\\\/\\\/sysmatec.ch\\\/de\\\/produit\\\/minikit-chemische-analyse-fuer-die-beurteilung-der-wasserqualitaet\\\/\",\"url\":\"https:\\\/\\\/sysmatec.ch\\\/de\\\/produit\\\/minikit-chemische-analyse-fuer-die-beurteilung-der-wasserqualitaet\\\/\",\"name\":\"MINIKIT\u00ae Chemische Analyse f\u00fcr die Beurteilung der Wasserqualit\u00e4t - Sysmatec\",\"isPartOf\":{\"@id\":\"https:\\\/\\\/sysmatec.ch\\\/de\\\/#website\"},\"primaryImageOfPage\":{\"@id\":\"https:\\\/\\\/sysmatec.ch\\\/de\\\/produit\\\/minikit-chemische-analyse-fuer-die-beurteilung-der-wasserqualitaet\\\/#primaryimage\"},\"image\":{\"@id\":\"https:\\\/\\\/sysmatec.ch\\\/de\\\/produit\\\/minikit-chemische-analyse-fuer-die-beurteilung-der-wasserqualitaet\\\/#primaryimage\"},\"thumbnailUrl\":\"https:\\\/\\\/sysmatec.ch\\\/wp-content\\\/uploads\\\/2019\\\/03\\\/Analyse_TintometerMinikit.gif\",\"datePublished\":\"2019-03-10T17:57:48+00:00\",\"dateModified\":\"2022-02-15T20:44:43+00:00\",\"description\":\"Chemische Analyse von Wasser durch kolorimetrische Methoden. Sie erm\u00f6glichen die Analyse von Bestandteilen wie Ionen, Mineralien, Desinfektionsmittel.\",\"breadcrumb\":{\"@id\":\"https:\\\/\\\/sysmatec.ch\\\/de\\\/produit\\\/minikit-chemische-analyse-fuer-die-beurteilung-der-wasserqualitaet\\\/#breadcrumb\"},\"inLanguage\":\"de\",\"potentialAction\":[{\"@type\":\"ReadAction\",\"target\":[\"https:\\\/\\\/sysmatec.ch\\\/de\\\/produit\\\/minikit-chemische-analyse-fuer-die-beurteilung-der-wasserqualitaet\\\/\"]}]},{\"@type\":\"ImageObject\",\"inLanguage\":\"de\",\"@id\":\"https:\\\/\\\/sysmatec.ch\\\/de\\\/produit\\\/minikit-chemische-analyse-fuer-die-beurteilung-der-wasserqualitaet\\\/#primaryimage\",\"url\":\"https:\\\/\\\/sysmatec.ch\\\/wp-content\\\/uploads\\\/2019\\\/03\\\/Analyse_TintometerMinikit.gif\",\"contentUrl\":\"https:\\\/\\\/sysmatec.ch\\\/wp-content\\\/uploads\\\/2019\\\/03\\\/Analyse_TintometerMinikit.gif\",\"width\":166,\"height\":166},{\"@type\":\"BreadcrumbList\",\"@id\":\"https:\\\/\\\/sysmatec.ch\\\/de\\\/produit\\\/minikit-chemische-analyse-fuer-die-beurteilung-der-wasserqualitaet\\\/#breadcrumb\",\"itemListElement\":[{\"@type\":\"ListItem\",\"position\":1,\"name\":\"Accueil\",\"item\":\"https:\\\/\\\/sysmatec.ch\\\/de\\\/\"},{\"@type\":\"ListItem\",\"position\":2,\"name\":\"Die Aktivit\u00e4t von Sysmatec\",\"item\":\"https:\\\/\\\/sysmatec.ch\\\/de\\\/\"},{\"@type\":\"ListItem\",\"position\":3,\"name\":\"MINIKIT\u00ae Chemische Analyse f\u00fcr die Beurteilung der Wasserqualit\u00e4t\"}]},{\"@type\":\"WebSite\",\"@id\":\"https:\\\/\\\/sysmatec.ch\\\/de\\\/#website\",\"url\":\"https:\\\/\\\/sysmatec.ch\\\/de\\\/\",\"name\":\"Sysmatec\",\"description\":\"Equipement de laboratoire et logiciels\",\"publisher\":{\"@id\":\"https:\\\/\\\/sysmatec.ch\\\/de\\\/#organization\"},\"potentialAction\":[{\"@type\":\"SearchAction\",\"target\":{\"@type\":\"EntryPoint\",\"urlTemplate\":\"https:\\\/\\\/sysmatec.ch\\\/de\\\/?s={search_term_string}\"},\"query-input\":{\"@type\":\"PropertyValueSpecification\",\"valueRequired\":true,\"valueName\":\"search_term_string\"}}],\"inLanguage\":\"de\"},{\"@type\":\"Organization\",\"@id\":\"https:\\\/\\\/sysmatec.ch\\\/de\\\/#organization\",\"name\":\"Sysmatec\",\"url\":\"https:\\\/\\\/sysmatec.ch\\\/de\\\/\",\"logo\":{\"@type\":\"ImageObject\",\"inLanguage\":\"de\",\"@id\":\"https:\\\/\\\/sysmatec.ch\\\/de\\\/#\\\/schema\\\/logo\\\/image\\\/\",\"url\":\"https:\\\/\\\/sysmatec.ch\\\/wp-content\\\/uploads\\\/2018\\\/11\\\/LogoSysmatec.jpg\",\"contentUrl\":\"https:\\\/\\\/sysmatec.ch\\\/wp-content\\\/uploads\\\/2018\\\/11\\\/LogoSysmatec.jpg\",\"width\":301,\"height\":297,\"caption\":\"Sysmatec\"},\"image\":{\"@id\":\"https:\\\/\\\/sysmatec.ch\\\/de\\\/#\\\/schema\\\/logo\\\/image\\\/\"}}]}<\/script>\n<!-- \/ Yoast SEO plugin. -->","yoast_head_json":{"title":"MINIKIT\u00ae Chemische Analyse f\u00fcr die Beurteilung der Wasserqualit\u00e4t - Sysmatec","description":"Chemische Analyse von Wasser durch kolorimetrische Methoden. Sie erm\u00f6glichen die Analyse von Bestandteilen wie Ionen, Mineralien, Desinfektionsmittel.","robots":{"index":"index","follow":"follow","max-snippet":"max-snippet:-1","max-image-preview":"max-image-preview:large","max-video-preview":"max-video-preview:-1"},"canonical":"https:\/\/sysmatec.ch\/de\/produit\/minikit-chemische-analyse-fuer-die-beurteilung-der-wasserqualitaet\/","og_locale":"de_DE","og_type":"article","og_title":"MINIKIT\u00ae Chemische Analyse f\u00fcr die Beurteilung der Wasserqualit\u00e4t - Sysmatec","og_description":"Chemische Analyse von Wasser durch kolorimetrische Methoden. Sie erm\u00f6glichen die Analyse von Bestandteilen wie Ionen, Mineralien, Desinfektionsmittel.","og_url":"https:\/\/sysmatec.ch\/de\/produit\/minikit-chemische-analyse-fuer-die-beurteilung-der-wasserqualitaet\/","og_site_name":"Sysmatec","article_modified_time":"2022-02-15T20:44:43+00:00","og_image":[{"width":166,"height":166,"url":"https:\/\/sysmatec.ch\/wp-content\/uploads\/2019\/03\/Analyse_TintometerMinikit.gif","type":"image\/gif"}],"twitter_card":"summary_large_image","twitter_misc":{"Gesch\u00e4tzte Lesezeit":"2\u00a0Minuten"},"schema":{"@context":"https:\/\/schema.org","@graph":[{"@type":"WebPage","@id":"https:\/\/sysmatec.ch\/de\/produit\/minikit-chemische-analyse-fuer-die-beurteilung-der-wasserqualitaet\/","url":"https:\/\/sysmatec.ch\/de\/produit\/minikit-chemische-analyse-fuer-die-beurteilung-der-wasserqualitaet\/","name":"MINIKIT\u00ae Chemische Analyse f\u00fcr die Beurteilung der Wasserqualit\u00e4t - Sysmatec","isPartOf":{"@id":"https:\/\/sysmatec.ch\/de\/#website"},"primaryImageOfPage":{"@id":"https:\/\/sysmatec.ch\/de\/produit\/minikit-chemische-analyse-fuer-die-beurteilung-der-wasserqualitaet\/#primaryimage"},"image":{"@id":"https:\/\/sysmatec.ch\/de\/produit\/minikit-chemische-analyse-fuer-die-beurteilung-der-wasserqualitaet\/#primaryimage"},"thumbnailUrl":"https:\/\/sysmatec.ch\/wp-content\/uploads\/2019\/03\/Analyse_TintometerMinikit.gif","datePublished":"2019-03-10T17:57:48+00:00","dateModified":"2022-02-15T20:44:43+00:00","description":"Chemische Analyse von Wasser durch kolorimetrische Methoden. Sie erm\u00f6glichen die Analyse von Bestandteilen wie Ionen, Mineralien, Desinfektionsmittel.","breadcrumb":{"@id":"https:\/\/sysmatec.ch\/de\/produit\/minikit-chemische-analyse-fuer-die-beurteilung-der-wasserqualitaet\/#breadcrumb"},"inLanguage":"de","potentialAction":[{"@type":"ReadAction","target":["https:\/\/sysmatec.ch\/de\/produit\/minikit-chemische-analyse-fuer-die-beurteilung-der-wasserqualitaet\/"]}]},{"@type":"ImageObject","inLanguage":"de","@id":"https:\/\/sysmatec.ch\/de\/produit\/minikit-chemische-analyse-fuer-die-beurteilung-der-wasserqualitaet\/#primaryimage","url":"https:\/\/sysmatec.ch\/wp-content\/uploads\/2019\/03\/Analyse_TintometerMinikit.gif","contentUrl":"https:\/\/sysmatec.ch\/wp-content\/uploads\/2019\/03\/Analyse_TintometerMinikit.gif","width":166,"height":166},{"@type":"BreadcrumbList","@id":"https:\/\/sysmatec.ch\/de\/produit\/minikit-chemische-analyse-fuer-die-beurteilung-der-wasserqualitaet\/#breadcrumb","itemListElement":[{"@type":"ListItem","position":1,"name":"Accueil","item":"https:\/\/sysmatec.ch\/de\/"},{"@type":"ListItem","position":2,"name":"Die Aktivit\u00e4t von Sysmatec","item":"https:\/\/sysmatec.ch\/de\/"},{"@type":"ListItem","position":3,"name":"MINIKIT\u00ae Chemische Analyse f\u00fcr die Beurteilung der Wasserqualit\u00e4t"}]},{"@type":"WebSite","@id":"https:\/\/sysmatec.ch\/de\/#website","url":"https:\/\/sysmatec.ch\/de\/","name":"Sysmatec","description":"Equipement de laboratoire et logiciels","publisher":{"@id":"https:\/\/sysmatec.ch\/de\/#organization"},"potentialAction":[{"@type":"SearchAction","target":{"@type":"EntryPoint","urlTemplate":"https:\/\/sysmatec.ch\/de\/?s={search_term_string}"},"query-input":{"@type":"PropertyValueSpecification","valueRequired":true,"valueName":"search_term_string"}}],"inLanguage":"de"},{"@type":"Organization","@id":"https:\/\/sysmatec.ch\/de\/#organization","name":"Sysmatec","url":"https:\/\/sysmatec.ch\/de\/","logo":{"@type":"ImageObject","inLanguage":"de","@id":"https:\/\/sysmatec.ch\/de\/#\/schema\/logo\/image\/","url":"https:\/\/sysmatec.ch\/wp-content\/uploads\/2018\/11\/LogoSysmatec.jpg","contentUrl":"https:\/\/sysmatec.ch\/wp-content\/uploads\/2018\/11\/LogoSysmatec.jpg","width":301,"height":297,"caption":"Sysmatec"},"image":{"@id":"https:\/\/sysmatec.ch\/de\/#\/schema\/logo\/image\/"}}]}},"_links":{"self":[{"href":"https:\/\/sysmatec.ch\/de\/wp-json\/wp\/v2\/product\/4446","targetHints":{"allow":["GET"]}}],"collection":[{"href":"https:\/\/sysmatec.ch\/de\/wp-json\/wp\/v2\/product"}],"about":[{"href":"https:\/\/sysmatec.ch\/de\/wp-json\/wp\/v2\/types\/product"}],"wp:featuredmedia":[{"embeddable":true,"href":"https:\/\/sysmatec.ch\/de\/wp-json\/wp\/v2\/media\/4440"}],"wp:attachment":[{"href":"https:\/\/sysmatec.ch\/de\/wp-json\/wp\/v2\/media?parent=4446"}],"wp:term":[{"taxonomy":"product_brand","embeddable":true,"href":"https:\/\/sysmatec.ch\/de\/wp-json\/wp\/v2\/product_brand?post=4446"},{"taxonomy":"product_cat","embeddable":true,"href":"https:\/\/sysmatec.ch\/de\/wp-json\/wp\/v2\/product_cat?post=4446"},{"taxonomy":"product_tag","embeddable":true,"href":"https:\/\/sysmatec.ch\/de\/wp-json\/wp\/v2\/product_tag?post=4446"}],"curies":[{"name":"wp","href":"https:\/\/api.w.org\/{rel}","templated":true}]}}