{"id":4442,"date":"2019-03-10T18:50:37","date_gmt":"2019-03-10T17:50:37","guid":{"rendered":"https:\/\/sysmatec.ch\/produit\/analyse-chimique-et-physicochimique-pour-piscines\/"},"modified":"2022-02-15T21:51:48","modified_gmt":"2022-02-15T20:51:48","slug":"chemische-analyse-fuer-schwimmbaedern-2","status":"publish","type":"product","link":"https:\/\/sysmatec.ch\/de\/Produkt\/chemische-analyse-fuer-schwimmbaedern-2\/","title":{"rendered":"Chemische Analyse f\u00fcr Schwimmb\u00e4dern"},"content":{"rendered":"<p>Die zuverl\u00e4ssige Kontrolle f\u00fcr gepflegte Wasser in privaten Schwimmb\u00e4dern und Hot Whirl Pools<\/p>\n<p>POOLTESTER Chlor-pH: erm\u00f6glicht gleichzeitig die Messung von freiem Chlor, alternativ in den Messbereichen 0,1 &#8211; 3 mg \/ l oder 0,5 &#8211; 6 mg\/ l und dem pH-Wert (6,8 &#8211; 8,2), unter Verwendung langzeitstabiler Lovibond\u00ae Reagenztabletten.<\/p>\n<p>Durch das Desinfektionspotenzial des Chlores werden Keime schnell und sicher unsch\u00e4dlich gemacht und durch das Oxidationspotenzial organische Verunreinigungen abgebaut.<\/p>\n<p>POOLTESTER Brom-pH: bestimmt die Konzentration des Broms (1\u2013 &#8211; 8 mg \/ l) und den pH-Wert (6,8 &#8211; 8,2), wenn z. B. Bromsticks als Entkeimungsmittel eingesetzt werden.<\/p>\n<p>POOLTESTER Aktivsauerstoff-pH: bestimmt den Gehalt an Aktivsauerstoff (0 &#8211; 10 mg \/ l) und den pH-Wert (6,8 &#8211; 8,2).<\/p>\n<p>POOLTESTER QAC-pH: bestimmt den Gehalt an QAC (25\u2013-150 mg\/l) und den -pH-Wert (6,8-\u20138,2).<\/p>\n<p>POOLTESTER Biguanide\/Wasserstoffperoxid-pH: misst neben dem pH-Wert (6,8 &#8211; 8,2) Biguanide (PHMB 10 &#8211; 100 mg \/ l), die unter verschiedenen Produktnamen im Handel gef\u00fchrt werden.<\/p>\n<p>Als zus\u00e4tzliches Wasserpflegemittel mit Desinfektions- und Oxidationspotenzial eignet sich Wasserstoffperoxid, das im Bereich 5 \u2013 50 mg \/ l H2O2 bestimmt werden kann.<\/p>\n<p>POOLTESTER Kupfer-pH: erlaubt die Messungen der Kupferkonzentration (0,1 &#8211; 0,9 mg \/ l) und des pH-Wertes (6,8 &#8211; 7,8). Kupfer wird als Algizid eingesetzt, um die Bildung von Algen im Wasser zu verhindern oder vorhandenen Algenwuchs zu beseitigen<\/p>\n","protected":false},"excerpt":{"rendered":"<p>Chemische Analyse f\u00fcr Schwimmb\u00e4dern<\/p>\n","protected":false},"featured_media":4437,"template":"","meta":{"_crdt_document":""},"product_brand":[],"product_cat":[185,370],"product_tag":[],"class_list":{"0":"post-4442","1":"product","2":"type-product","3":"status-publish","4":"has-post-thumbnail","6":"product_cat-analyzer-de","7":"product_cat-wasser","9":"first","10":"instock","11":"taxable","12":"shipping-taxable","13":"product-type-simple"},"yoast_head":"<!-- This site is optimized with the Yoast SEO plugin v27.4 - https:\/\/yoast.com\/product\/yoast-seo-wordpress\/ -->\n<title>Chemische Analyse f\u00fcr Schwimmb\u00e4dern - Sysmatec<\/title>\n<meta name=\"description\" content=\"Chemische Analyse von Wasser wie pH, Chlor, Brom, Wasserstoffperoxid durch kolorimetrische Reaktionen mit Pellets.\" \/>\n<meta name=\"robots\" content=\"index, follow, max-snippet:-1, max-image-preview:large, max-video-preview:-1\" \/>\n<link rel=\"canonical\" href=\"https:\/\/sysmatec.ch\/de\/produit\/chemische-analyse-fuer-schwimmbaedern-2\/\" \/>\n<meta property=\"og:locale\" content=\"de_DE\" \/>\n<meta property=\"og:type\" content=\"article\" \/>\n<meta property=\"og:title\" content=\"Chemische Analyse f\u00fcr Schwimmb\u00e4dern - Sysmatec\" \/>\n<meta property=\"og:description\" content=\"Chemische Analyse von Wasser wie pH, Chlor, Brom, Wasserstoffperoxid durch kolorimetrische Reaktionen mit Pellets.\" \/>\n<meta property=\"og:url\" content=\"https:\/\/sysmatec.ch\/de\/produit\/chemische-analyse-fuer-schwimmbaedern-2\/\" \/>\n<meta property=\"og:site_name\" content=\"Sysmatec\" \/>\n<meta property=\"article:modified_time\" content=\"2022-02-15T20:51:48+00:00\" \/>\n<meta property=\"og:image\" content=\"https:\/\/sysmatec.ch\/wp-content\/uploads\/2019\/03\/Analyse_TintometerPooltester.gif\" \/>\n\t<meta property=\"og:image:width\" content=\"168\" \/>\n\t<meta property=\"og:image:height\" content=\"168\" \/>\n\t<meta property=\"og:image:type\" content=\"image\/gif\" \/>\n<meta name=\"twitter:card\" content=\"summary_large_image\" \/>\n<meta name=\"twitter:label1\" content=\"Gesch\u00e4tzte Lesezeit\" \/>\n\t<meta name=\"twitter:data1\" content=\"1\u00a0Minute\" \/>\n<script type=\"application\/ld+json\" class=\"yoast-schema-graph\">{\"@context\":\"https:\\\/\\\/schema.org\",\"@graph\":[{\"@type\":\"WebPage\",\"@id\":\"https:\\\/\\\/sysmatec.ch\\\/de\\\/produit\\\/chemische-analyse-fuer-schwimmbaedern-2\\\/\",\"url\":\"https:\\\/\\\/sysmatec.ch\\\/de\\\/produit\\\/chemische-analyse-fuer-schwimmbaedern-2\\\/\",\"name\":\"Chemische Analyse f\u00fcr Schwimmb\u00e4dern - Sysmatec\",\"isPartOf\":{\"@id\":\"https:\\\/\\\/sysmatec.ch\\\/de\\\/#website\"},\"primaryImageOfPage\":{\"@id\":\"https:\\\/\\\/sysmatec.ch\\\/de\\\/produit\\\/chemische-analyse-fuer-schwimmbaedern-2\\\/#primaryimage\"},\"image\":{\"@id\":\"https:\\\/\\\/sysmatec.ch\\\/de\\\/produit\\\/chemische-analyse-fuer-schwimmbaedern-2\\\/#primaryimage\"},\"thumbnailUrl\":\"https:\\\/\\\/sysmatec.ch\\\/wp-content\\\/uploads\\\/2019\\\/03\\\/Analyse_TintometerPooltester.gif\",\"datePublished\":\"2019-03-10T17:50:37+00:00\",\"dateModified\":\"2022-02-15T20:51:48+00:00\",\"description\":\"Chemische Analyse von Wasser wie pH, Chlor, Brom, Wasserstoffperoxid durch kolorimetrische Reaktionen mit Pellets.\",\"breadcrumb\":{\"@id\":\"https:\\\/\\\/sysmatec.ch\\\/de\\\/produit\\\/chemische-analyse-fuer-schwimmbaedern-2\\\/#breadcrumb\"},\"inLanguage\":\"de\",\"potentialAction\":[{\"@type\":\"ReadAction\",\"target\":[\"https:\\\/\\\/sysmatec.ch\\\/de\\\/produit\\\/chemische-analyse-fuer-schwimmbaedern-2\\\/\"]}]},{\"@type\":\"ImageObject\",\"inLanguage\":\"de\",\"@id\":\"https:\\\/\\\/sysmatec.ch\\\/de\\\/produit\\\/chemische-analyse-fuer-schwimmbaedern-2\\\/#primaryimage\",\"url\":\"https:\\\/\\\/sysmatec.ch\\\/wp-content\\\/uploads\\\/2019\\\/03\\\/Analyse_TintometerPooltester.gif\",\"contentUrl\":\"https:\\\/\\\/sysmatec.ch\\\/wp-content\\\/uploads\\\/2019\\\/03\\\/Analyse_TintometerPooltester.gif\",\"width\":168,\"height\":168},{\"@type\":\"BreadcrumbList\",\"@id\":\"https:\\\/\\\/sysmatec.ch\\\/de\\\/produit\\\/chemische-analyse-fuer-schwimmbaedern-2\\\/#breadcrumb\",\"itemListElement\":[{\"@type\":\"ListItem\",\"position\":1,\"name\":\"Accueil\",\"item\":\"https:\\\/\\\/sysmatec.ch\\\/de\\\/\"},{\"@type\":\"ListItem\",\"position\":2,\"name\":\"Die Aktivit\u00e4t von Sysmatec\",\"item\":\"https:\\\/\\\/sysmatec.ch\\\/de\\\/\"},{\"@type\":\"ListItem\",\"position\":3,\"name\":\"Chemische Analyse f\u00fcr Schwimmb\u00e4dern\"}]},{\"@type\":\"WebSite\",\"@id\":\"https:\\\/\\\/sysmatec.ch\\\/de\\\/#website\",\"url\":\"https:\\\/\\\/sysmatec.ch\\\/de\\\/\",\"name\":\"Sysmatec\",\"description\":\"Equipement de laboratoire et logiciels\",\"publisher\":{\"@id\":\"https:\\\/\\\/sysmatec.ch\\\/de\\\/#organization\"},\"potentialAction\":[{\"@type\":\"SearchAction\",\"target\":{\"@type\":\"EntryPoint\",\"urlTemplate\":\"https:\\\/\\\/sysmatec.ch\\\/de\\\/?s={search_term_string}\"},\"query-input\":{\"@type\":\"PropertyValueSpecification\",\"valueRequired\":true,\"valueName\":\"search_term_string\"}}],\"inLanguage\":\"de\"},{\"@type\":\"Organization\",\"@id\":\"https:\\\/\\\/sysmatec.ch\\\/de\\\/#organization\",\"name\":\"Sysmatec\",\"url\":\"https:\\\/\\\/sysmatec.ch\\\/de\\\/\",\"logo\":{\"@type\":\"ImageObject\",\"inLanguage\":\"de\",\"@id\":\"https:\\\/\\\/sysmatec.ch\\\/de\\\/#\\\/schema\\\/logo\\\/image\\\/\",\"url\":\"https:\\\/\\\/sysmatec.ch\\\/wp-content\\\/uploads\\\/2018\\\/11\\\/LogoSysmatec.jpg\",\"contentUrl\":\"https:\\\/\\\/sysmatec.ch\\\/wp-content\\\/uploads\\\/2018\\\/11\\\/LogoSysmatec.jpg\",\"width\":301,\"height\":297,\"caption\":\"Sysmatec\"},\"image\":{\"@id\":\"https:\\\/\\\/sysmatec.ch\\\/de\\\/#\\\/schema\\\/logo\\\/image\\\/\"}}]}<\/script>\n<!-- \/ Yoast SEO plugin. -->","yoast_head_json":{"title":"Chemische Analyse f\u00fcr Schwimmb\u00e4dern - Sysmatec","description":"Chemische Analyse von Wasser wie pH, Chlor, Brom, Wasserstoffperoxid durch kolorimetrische Reaktionen mit Pellets.","robots":{"index":"index","follow":"follow","max-snippet":"max-snippet:-1","max-image-preview":"max-image-preview:large","max-video-preview":"max-video-preview:-1"},"canonical":"https:\/\/sysmatec.ch\/de\/produit\/chemische-analyse-fuer-schwimmbaedern-2\/","og_locale":"de_DE","og_type":"article","og_title":"Chemische Analyse f\u00fcr Schwimmb\u00e4dern - Sysmatec","og_description":"Chemische Analyse von Wasser wie pH, Chlor, Brom, Wasserstoffperoxid durch kolorimetrische Reaktionen mit Pellets.","og_url":"https:\/\/sysmatec.ch\/de\/produit\/chemische-analyse-fuer-schwimmbaedern-2\/","og_site_name":"Sysmatec","article_modified_time":"2022-02-15T20:51:48+00:00","og_image":[{"width":168,"height":168,"url":"https:\/\/sysmatec.ch\/wp-content\/uploads\/2019\/03\/Analyse_TintometerPooltester.gif","type":"image\/gif"}],"twitter_card":"summary_large_image","twitter_misc":{"Gesch\u00e4tzte Lesezeit":"1\u00a0Minute"},"schema":{"@context":"https:\/\/schema.org","@graph":[{"@type":"WebPage","@id":"https:\/\/sysmatec.ch\/de\/produit\/chemische-analyse-fuer-schwimmbaedern-2\/","url":"https:\/\/sysmatec.ch\/de\/produit\/chemische-analyse-fuer-schwimmbaedern-2\/","name":"Chemische Analyse f\u00fcr Schwimmb\u00e4dern - Sysmatec","isPartOf":{"@id":"https:\/\/sysmatec.ch\/de\/#website"},"primaryImageOfPage":{"@id":"https:\/\/sysmatec.ch\/de\/produit\/chemische-analyse-fuer-schwimmbaedern-2\/#primaryimage"},"image":{"@id":"https:\/\/sysmatec.ch\/de\/produit\/chemische-analyse-fuer-schwimmbaedern-2\/#primaryimage"},"thumbnailUrl":"https:\/\/sysmatec.ch\/wp-content\/uploads\/2019\/03\/Analyse_TintometerPooltester.gif","datePublished":"2019-03-10T17:50:37+00:00","dateModified":"2022-02-15T20:51:48+00:00","description":"Chemische Analyse von Wasser wie pH, Chlor, Brom, Wasserstoffperoxid durch kolorimetrische Reaktionen mit Pellets.","breadcrumb":{"@id":"https:\/\/sysmatec.ch\/de\/produit\/chemische-analyse-fuer-schwimmbaedern-2\/#breadcrumb"},"inLanguage":"de","potentialAction":[{"@type":"ReadAction","target":["https:\/\/sysmatec.ch\/de\/produit\/chemische-analyse-fuer-schwimmbaedern-2\/"]}]},{"@type":"ImageObject","inLanguage":"de","@id":"https:\/\/sysmatec.ch\/de\/produit\/chemische-analyse-fuer-schwimmbaedern-2\/#primaryimage","url":"https:\/\/sysmatec.ch\/wp-content\/uploads\/2019\/03\/Analyse_TintometerPooltester.gif","contentUrl":"https:\/\/sysmatec.ch\/wp-content\/uploads\/2019\/03\/Analyse_TintometerPooltester.gif","width":168,"height":168},{"@type":"BreadcrumbList","@id":"https:\/\/sysmatec.ch\/de\/produit\/chemische-analyse-fuer-schwimmbaedern-2\/#breadcrumb","itemListElement":[{"@type":"ListItem","position":1,"name":"Accueil","item":"https:\/\/sysmatec.ch\/de\/"},{"@type":"ListItem","position":2,"name":"Die Aktivit\u00e4t von Sysmatec","item":"https:\/\/sysmatec.ch\/de\/"},{"@type":"ListItem","position":3,"name":"Chemische Analyse f\u00fcr Schwimmb\u00e4dern"}]},{"@type":"WebSite","@id":"https:\/\/sysmatec.ch\/de\/#website","url":"https:\/\/sysmatec.ch\/de\/","name":"Sysmatec","description":"Equipement de laboratoire et logiciels","publisher":{"@id":"https:\/\/sysmatec.ch\/de\/#organization"},"potentialAction":[{"@type":"SearchAction","target":{"@type":"EntryPoint","urlTemplate":"https:\/\/sysmatec.ch\/de\/?s={search_term_string}"},"query-input":{"@type":"PropertyValueSpecification","valueRequired":true,"valueName":"search_term_string"}}],"inLanguage":"de"},{"@type":"Organization","@id":"https:\/\/sysmatec.ch\/de\/#organization","name":"Sysmatec","url":"https:\/\/sysmatec.ch\/de\/","logo":{"@type":"ImageObject","inLanguage":"de","@id":"https:\/\/sysmatec.ch\/de\/#\/schema\/logo\/image\/","url":"https:\/\/sysmatec.ch\/wp-content\/uploads\/2018\/11\/LogoSysmatec.jpg","contentUrl":"https:\/\/sysmatec.ch\/wp-content\/uploads\/2018\/11\/LogoSysmatec.jpg","width":301,"height":297,"caption":"Sysmatec"},"image":{"@id":"https:\/\/sysmatec.ch\/de\/#\/schema\/logo\/image\/"}}]}},"_links":{"self":[{"href":"https:\/\/sysmatec.ch\/de\/wp-json\/wp\/v2\/product\/4442","targetHints":{"allow":["GET"]}}],"collection":[{"href":"https:\/\/sysmatec.ch\/de\/wp-json\/wp\/v2\/product"}],"about":[{"href":"https:\/\/sysmatec.ch\/de\/wp-json\/wp\/v2\/types\/product"}],"wp:featuredmedia":[{"embeddable":true,"href":"https:\/\/sysmatec.ch\/de\/wp-json\/wp\/v2\/media\/4437"}],"wp:attachment":[{"href":"https:\/\/sysmatec.ch\/de\/wp-json\/wp\/v2\/media?parent=4442"}],"wp:term":[{"taxonomy":"product_brand","embeddable":true,"href":"https:\/\/sysmatec.ch\/de\/wp-json\/wp\/v2\/product_brand?post=4442"},{"taxonomy":"product_cat","embeddable":true,"href":"https:\/\/sysmatec.ch\/de\/wp-json\/wp\/v2\/product_cat?post=4442"},{"taxonomy":"product_tag","embeddable":true,"href":"https:\/\/sysmatec.ch\/de\/wp-json\/wp\/v2\/product_tag?post=4442"}],"curies":[{"name":"wp","href":"https:\/\/api.w.org\/{rel}","templated":true}]}}