{"id":4432,"date":"2019-03-10T18:39:43","date_gmt":"2019-03-10T17:39:43","guid":{"rendered":"https:\/\/sysmatec.ch\/produit\/analyseur-kjeldahl-automatique\/"},"modified":"2022-02-15T21:57:56","modified_gmt":"2022-02-15T20:57:56","slug":"automatischer-kjeldahl-analyzer","status":"publish","type":"product","link":"https:\/\/sysmatec.ch\/de\/Produkt\/automatischer-kjeldahl-analyzer\/","title":{"rendered":"Automatischer Kjeldahl Analyzer"},"content":{"rendered":"<p>Gro\u00dfer Touchscreen zur Einstellung der Destillationszeit und des Alkaligehalts<\/p>\n<p>Durchfluss-Sensor erm\u00f6glicht eine Echtzeit-Erkennung der Durchflussmenge des Kondensatwassers, um eine stabile Str\u00f6mungsgeschwindigkeit zu gew\u00e4hrleisten<\/p>\n<p>Reagenzzufuhr durch negatives Absaugsystem<\/p>\n<p>Messbereich: 0.1 bis 240 mg N<\/p>\n<p>Betriebsart: auto \/ manuell<\/p>\n<p>Destillationszeit: 0-100 min \/ Messung<\/p>\n<p>Recovery Rate:&gt; 99.5%<\/p>\n<p>Probemenge: Festoffe &lt;= 5g, Fl\u00fcssigkeit &lt;= 25 ml<\/p>\n<p>Destillationsleistung: 375-1500 W<\/p>\n<p>Kondenswasserverbrauch:&gt; 1.5 l \/ min<\/p>\n<p>Sicherheitsschutz: Str\u00f6mungsgeschwindigkeit, F\u00fcllstand, Destillattemperatur<\/p>\n<p>Wiederholbarkeit: RSD &lt;= 0.5%<\/p>\n<p>Leistung: 220-230 V \/ 50-60 Hz<\/p>\n<p>Au\u00dfenma\u00df: 360x400x600 mm<\/p>\n<p>Gewicht: 15 kg<\/p>\n","protected":false},"excerpt":{"rendered":"<p>Automatischer Kjeldahl Analyzer<\/p>\n","protected":false},"featured_media":4430,"template":"","meta":{"_crdt_document":""},"product_brand":[],"product_cat":[188,185,368],"product_tag":[],"class_list":{"0":"post-4432","1":"product","2":"type-product","3":"status-publish","4":"has-post-thumbnail","6":"product_cat-analyse-de","7":"product_cat-analyzer-de","8":"product_cat-chemische-verbindung","10":"first","11":"instock","12":"taxable","13":"shipping-taxable","14":"product-type-simple"},"yoast_head":"<!-- This site is optimized with the Yoast SEO plugin v27.4 - https:\/\/yoast.com\/product\/yoast-seo-wordpress\/ -->\n<title>Automatischer Kjeldahl Analyzer - Sysmatec<\/title>\n<meta name=\"description\" content=\"Automatischer Kjeldahl-Analysator. Messbereich 0,1 bis 240 mg N. Destillation von 0 bis 100 min \/ Probe.\" \/>\n<meta name=\"robots\" content=\"index, follow, max-snippet:-1, max-image-preview:large, max-video-preview:-1\" \/>\n<link rel=\"canonical\" href=\"https:\/\/sysmatec.ch\/de\/produit\/automatischer-kjeldahl-analyzer\/\" \/>\n<meta property=\"og:locale\" content=\"de_DE\" \/>\n<meta property=\"og:type\" content=\"article\" \/>\n<meta property=\"og:title\" content=\"Automatischer Kjeldahl Analyzer - Sysmatec\" \/>\n<meta property=\"og:description\" content=\"Automatischer Kjeldahl-Analysator. Messbereich 0,1 bis 240 mg N. Destillation von 0 bis 100 min \/ Probe.\" \/>\n<meta property=\"og:url\" content=\"https:\/\/sysmatec.ch\/de\/produit\/automatischer-kjeldahl-analyzer\/\" \/>\n<meta property=\"og:site_name\" content=\"Sysmatec\" \/>\n<meta property=\"article:modified_time\" content=\"2022-02-15T20:57:56+00:00\" \/>\n<meta property=\"og:image\" content=\"https:\/\/sysmatec.ch\/wp-content\/uploads\/2019\/03\/Analyseur_AELabNBK.jpg\" \/>\n\t<meta property=\"og:image:width\" content=\"188\" \/>\n\t<meta property=\"og:image:height\" content=\"278\" \/>\n\t<meta property=\"og:image:type\" content=\"image\/jpeg\" \/>\n<meta name=\"twitter:card\" content=\"summary_large_image\" \/>\n<script type=\"application\/ld+json\" class=\"yoast-schema-graph\">{\"@context\":\"https:\\\/\\\/schema.org\",\"@graph\":[{\"@type\":\"WebPage\",\"@id\":\"https:\\\/\\\/sysmatec.ch\\\/de\\\/produit\\\/automatischer-kjeldahl-analyzer\\\/\",\"url\":\"https:\\\/\\\/sysmatec.ch\\\/de\\\/produit\\\/automatischer-kjeldahl-analyzer\\\/\",\"name\":\"Automatischer Kjeldahl Analyzer - Sysmatec\",\"isPartOf\":{\"@id\":\"https:\\\/\\\/sysmatec.ch\\\/de\\\/#website\"},\"primaryImageOfPage\":{\"@id\":\"https:\\\/\\\/sysmatec.ch\\\/de\\\/produit\\\/automatischer-kjeldahl-analyzer\\\/#primaryimage\"},\"image\":{\"@id\":\"https:\\\/\\\/sysmatec.ch\\\/de\\\/produit\\\/automatischer-kjeldahl-analyzer\\\/#primaryimage\"},\"thumbnailUrl\":\"https:\\\/\\\/sysmatec.ch\\\/wp-content\\\/uploads\\\/2019\\\/03\\\/Analyseur_AELabNBK.jpg\",\"datePublished\":\"2019-03-10T17:39:43+00:00\",\"dateModified\":\"2022-02-15T20:57:56+00:00\",\"description\":\"Automatischer Kjeldahl-Analysator. Messbereich 0,1 bis 240 mg N. Destillation von 0 bis 100 min \\\/ Probe.\",\"breadcrumb\":{\"@id\":\"https:\\\/\\\/sysmatec.ch\\\/de\\\/produit\\\/automatischer-kjeldahl-analyzer\\\/#breadcrumb\"},\"inLanguage\":\"de\",\"potentialAction\":[{\"@type\":\"ReadAction\",\"target\":[\"https:\\\/\\\/sysmatec.ch\\\/de\\\/produit\\\/automatischer-kjeldahl-analyzer\\\/\"]}]},{\"@type\":\"ImageObject\",\"inLanguage\":\"de\",\"@id\":\"https:\\\/\\\/sysmatec.ch\\\/de\\\/produit\\\/automatischer-kjeldahl-analyzer\\\/#primaryimage\",\"url\":\"https:\\\/\\\/sysmatec.ch\\\/wp-content\\\/uploads\\\/2019\\\/03\\\/Analyseur_AELabNBK.jpg\",\"contentUrl\":\"https:\\\/\\\/sysmatec.ch\\\/wp-content\\\/uploads\\\/2019\\\/03\\\/Analyseur_AELabNBK.jpg\",\"width\":188,\"height\":278},{\"@type\":\"BreadcrumbList\",\"@id\":\"https:\\\/\\\/sysmatec.ch\\\/de\\\/produit\\\/automatischer-kjeldahl-analyzer\\\/#breadcrumb\",\"itemListElement\":[{\"@type\":\"ListItem\",\"position\":1,\"name\":\"Accueil\",\"item\":\"https:\\\/\\\/sysmatec.ch\\\/de\\\/\"},{\"@type\":\"ListItem\",\"position\":2,\"name\":\"Die Aktivit\u00e4t von Sysmatec\",\"item\":\"https:\\\/\\\/sysmatec.ch\\\/de\\\/\"},{\"@type\":\"ListItem\",\"position\":3,\"name\":\"Automatischer Kjeldahl Analyzer\"}]},{\"@type\":\"WebSite\",\"@id\":\"https:\\\/\\\/sysmatec.ch\\\/de\\\/#website\",\"url\":\"https:\\\/\\\/sysmatec.ch\\\/de\\\/\",\"name\":\"Sysmatec\",\"description\":\"Equipement de laboratoire et logiciels\",\"publisher\":{\"@id\":\"https:\\\/\\\/sysmatec.ch\\\/de\\\/#organization\"},\"potentialAction\":[{\"@type\":\"SearchAction\",\"target\":{\"@type\":\"EntryPoint\",\"urlTemplate\":\"https:\\\/\\\/sysmatec.ch\\\/de\\\/?s={search_term_string}\"},\"query-input\":{\"@type\":\"PropertyValueSpecification\",\"valueRequired\":true,\"valueName\":\"search_term_string\"}}],\"inLanguage\":\"de\"},{\"@type\":\"Organization\",\"@id\":\"https:\\\/\\\/sysmatec.ch\\\/de\\\/#organization\",\"name\":\"Sysmatec\",\"url\":\"https:\\\/\\\/sysmatec.ch\\\/de\\\/\",\"logo\":{\"@type\":\"ImageObject\",\"inLanguage\":\"de\",\"@id\":\"https:\\\/\\\/sysmatec.ch\\\/de\\\/#\\\/schema\\\/logo\\\/image\\\/\",\"url\":\"https:\\\/\\\/sysmatec.ch\\\/wp-content\\\/uploads\\\/2018\\\/11\\\/LogoSysmatec.jpg\",\"contentUrl\":\"https:\\\/\\\/sysmatec.ch\\\/wp-content\\\/uploads\\\/2018\\\/11\\\/LogoSysmatec.jpg\",\"width\":301,\"height\":297,\"caption\":\"Sysmatec\"},\"image\":{\"@id\":\"https:\\\/\\\/sysmatec.ch\\\/de\\\/#\\\/schema\\\/logo\\\/image\\\/\"}}]}<\/script>\n<!-- \/ Yoast SEO plugin. -->","yoast_head_json":{"title":"Automatischer Kjeldahl Analyzer - Sysmatec","description":"Automatischer Kjeldahl-Analysator. Messbereich 0,1 bis 240 mg N. Destillation von 0 bis 100 min \/ Probe.","robots":{"index":"index","follow":"follow","max-snippet":"max-snippet:-1","max-image-preview":"max-image-preview:large","max-video-preview":"max-video-preview:-1"},"canonical":"https:\/\/sysmatec.ch\/de\/produit\/automatischer-kjeldahl-analyzer\/","og_locale":"de_DE","og_type":"article","og_title":"Automatischer Kjeldahl Analyzer - Sysmatec","og_description":"Automatischer Kjeldahl-Analysator. Messbereich 0,1 bis 240 mg N. Destillation von 0 bis 100 min \/ Probe.","og_url":"https:\/\/sysmatec.ch\/de\/produit\/automatischer-kjeldahl-analyzer\/","og_site_name":"Sysmatec","article_modified_time":"2022-02-15T20:57:56+00:00","og_image":[{"width":188,"height":278,"url":"https:\/\/sysmatec.ch\/wp-content\/uploads\/2019\/03\/Analyseur_AELabNBK.jpg","type":"image\/jpeg"}],"twitter_card":"summary_large_image","schema":{"@context":"https:\/\/schema.org","@graph":[{"@type":"WebPage","@id":"https:\/\/sysmatec.ch\/de\/produit\/automatischer-kjeldahl-analyzer\/","url":"https:\/\/sysmatec.ch\/de\/produit\/automatischer-kjeldahl-analyzer\/","name":"Automatischer Kjeldahl Analyzer - Sysmatec","isPartOf":{"@id":"https:\/\/sysmatec.ch\/de\/#website"},"primaryImageOfPage":{"@id":"https:\/\/sysmatec.ch\/de\/produit\/automatischer-kjeldahl-analyzer\/#primaryimage"},"image":{"@id":"https:\/\/sysmatec.ch\/de\/produit\/automatischer-kjeldahl-analyzer\/#primaryimage"},"thumbnailUrl":"https:\/\/sysmatec.ch\/wp-content\/uploads\/2019\/03\/Analyseur_AELabNBK.jpg","datePublished":"2019-03-10T17:39:43+00:00","dateModified":"2022-02-15T20:57:56+00:00","description":"Automatischer Kjeldahl-Analysator. Messbereich 0,1 bis 240 mg N. Destillation von 0 bis 100 min \/ Probe.","breadcrumb":{"@id":"https:\/\/sysmatec.ch\/de\/produit\/automatischer-kjeldahl-analyzer\/#breadcrumb"},"inLanguage":"de","potentialAction":[{"@type":"ReadAction","target":["https:\/\/sysmatec.ch\/de\/produit\/automatischer-kjeldahl-analyzer\/"]}]},{"@type":"ImageObject","inLanguage":"de","@id":"https:\/\/sysmatec.ch\/de\/produit\/automatischer-kjeldahl-analyzer\/#primaryimage","url":"https:\/\/sysmatec.ch\/wp-content\/uploads\/2019\/03\/Analyseur_AELabNBK.jpg","contentUrl":"https:\/\/sysmatec.ch\/wp-content\/uploads\/2019\/03\/Analyseur_AELabNBK.jpg","width":188,"height":278},{"@type":"BreadcrumbList","@id":"https:\/\/sysmatec.ch\/de\/produit\/automatischer-kjeldahl-analyzer\/#breadcrumb","itemListElement":[{"@type":"ListItem","position":1,"name":"Accueil","item":"https:\/\/sysmatec.ch\/de\/"},{"@type":"ListItem","position":2,"name":"Die Aktivit\u00e4t von Sysmatec","item":"https:\/\/sysmatec.ch\/de\/"},{"@type":"ListItem","position":3,"name":"Automatischer Kjeldahl Analyzer"}]},{"@type":"WebSite","@id":"https:\/\/sysmatec.ch\/de\/#website","url":"https:\/\/sysmatec.ch\/de\/","name":"Sysmatec","description":"Equipement de laboratoire et logiciels","publisher":{"@id":"https:\/\/sysmatec.ch\/de\/#organization"},"potentialAction":[{"@type":"SearchAction","target":{"@type":"EntryPoint","urlTemplate":"https:\/\/sysmatec.ch\/de\/?s={search_term_string}"},"query-input":{"@type":"PropertyValueSpecification","valueRequired":true,"valueName":"search_term_string"}}],"inLanguage":"de"},{"@type":"Organization","@id":"https:\/\/sysmatec.ch\/de\/#organization","name":"Sysmatec","url":"https:\/\/sysmatec.ch\/de\/","logo":{"@type":"ImageObject","inLanguage":"de","@id":"https:\/\/sysmatec.ch\/de\/#\/schema\/logo\/image\/","url":"https:\/\/sysmatec.ch\/wp-content\/uploads\/2018\/11\/LogoSysmatec.jpg","contentUrl":"https:\/\/sysmatec.ch\/wp-content\/uploads\/2018\/11\/LogoSysmatec.jpg","width":301,"height":297,"caption":"Sysmatec"},"image":{"@id":"https:\/\/sysmatec.ch\/de\/#\/schema\/logo\/image\/"}}]}},"_links":{"self":[{"href":"https:\/\/sysmatec.ch\/de\/wp-json\/wp\/v2\/product\/4432","targetHints":{"allow":["GET"]}}],"collection":[{"href":"https:\/\/sysmatec.ch\/de\/wp-json\/wp\/v2\/product"}],"about":[{"href":"https:\/\/sysmatec.ch\/de\/wp-json\/wp\/v2\/types\/product"}],"wp:featuredmedia":[{"embeddable":true,"href":"https:\/\/sysmatec.ch\/de\/wp-json\/wp\/v2\/media\/4430"}],"wp:attachment":[{"href":"https:\/\/sysmatec.ch\/de\/wp-json\/wp\/v2\/media?parent=4432"}],"wp:term":[{"taxonomy":"product_brand","embeddable":true,"href":"https:\/\/sysmatec.ch\/de\/wp-json\/wp\/v2\/product_brand?post=4432"},{"taxonomy":"product_cat","embeddable":true,"href":"https:\/\/sysmatec.ch\/de\/wp-json\/wp\/v2\/product_cat?post=4432"},{"taxonomy":"product_tag","embeddable":true,"href":"https:\/\/sysmatec.ch\/de\/wp-json\/wp\/v2\/product_tag?post=4432"}],"curies":[{"name":"wp","href":"https:\/\/api.w.org\/{rel}","templated":true}]}}