{"id":4426,"date":"2019-03-10T18:28:50","date_gmt":"2019-03-10T17:28:50","guid":{"rendered":"https:\/\/sysmatec.ch\/produit\/combitec-determination-de-la-concentration-par-mesure-de-la-densite-et-de-la-vitesse-du-son\/"},"modified":"2022-02-16T08:49:11","modified_gmt":"2022-02-16T07:49:11","slug":"combitec-konzentrationbestimmung-mit-schallgeschwindigkeits-sensor-und-dichte-sensor","status":"publish","type":"product","link":"https:\/\/sysmatec.ch\/de\/Produkt\/combitec-konzentrationbestimmung-mit-schallgeschwindigkeits-sensor-und-dichte-sensor\/","title":{"rendered":"COMBITEC, Konzentrationbestimmung mit Schallgeschwindigkeits-Sensor und Dichte-Sensor"},"content":{"rendered":"<p>Es vereint die Funktionalit\u00e4t von RHOTEC und SONATEC. In verschiedenen Branchen und auf der ganzen Welt misst dieses Ger\u00e4t gleichzeitig Dichte und Schallgeschwindigkeit in 3-Komponenten-Fl\u00fcssigkeiten mit h\u00f6chster Empfindlichkeit und Genauigkeit. Zur Dichtemessung flie\u00dft die Fl\u00fcssigkeit durch ein U-f\u00f6rmiges Rohr. W\u00e4hrend die R\u00f6hre elektronisch angeregt wird, um bei Resonanz zu schwingen, wird die Schwingungsfrequenz beobachtet. Jede \u00c4nderung der Dichte wirkt sich auf das detektierte Signal aus und kann somit identifiziert werden. Gleichzeitig misst das Instrument die Geschwindigkeit eines Schallimpulses zwischen einem Sender und einem Empf\u00e4nger. Der Schallimpuls wird durch Piezoelemente erzeugt und bewegt sich senkrecht zum Produktfluss. Als spezifische Eigenschaft jeder Fl\u00fcssigkeit kann die Korrelation zwischen Konzentration und Dichte resp. Schallgeschwindigkeit kann durch ein mathematisches Polynom beschrieben werden. Mit jahrzehntelanger Erfahrung und eigenen Laboreinrichtungen haben wir spezielles Wissen \u00fcber diese Polynome f\u00fcr eine Vielzahl von Produkten. Eventuelle Temperaturabweichungen des Messsignals werden durch einen internen Pt1000-Sensor automatisch ausgeglichen. COMBITEC zeigt verschiedene Einheiten an, z. Vol .-%, Masse-%, \u00b0 Brix und \u00b0 Plato.<\/p>\n","protected":false},"excerpt":{"rendered":"<p>Konzentrationbestimmung mit Schallgeschwindigkeits-Sensor und Dichte-Sensor<\/p>\n","protected":false},"featured_media":4424,"template":"","meta":{"_crdt_document":""},"product_brand":[],"product_cat":[188,185,368],"product_tag":[],"class_list":{"0":"post-4426","1":"product","2":"type-product","3":"status-publish","4":"has-post-thumbnail","6":"product_cat-analyse-de","7":"product_cat-analyzer-de","8":"product_cat-chemische-verbindung","10":"first","11":"instock","12":"taxable","13":"shipping-taxable","14":"product-type-simple"},"yoast_head":"<!-- This site is optimized with the Yoast SEO plugin v27.4 - https:\/\/yoast.com\/product\/yoast-seo-wordpress\/ -->\n<title>COMBITEC, Konzentrationbestimmung mit Schallgeschwindigkeits-Sensor und Dichte-Sensor - Sysmatec<\/title>\n<meta name=\"description\" content=\"Konzentrationsbestimmung durch Messung der Dichte und der Schallgeschwindigkeit. Online-Analyse, zum Beispiel der Glukosekonzentration.\" \/>\n<meta name=\"robots\" content=\"index, follow, max-snippet:-1, max-image-preview:large, max-video-preview:-1\" \/>\n<link rel=\"canonical\" href=\"https:\/\/sysmatec.ch\/de\/produit\/combitec-konzentrationbestimmung-mit-schallgeschwindigkeits-sensor-und-dichte-sensor\/\" \/>\n<meta property=\"og:locale\" content=\"de_DE\" \/>\n<meta property=\"og:type\" content=\"article\" \/>\n<meta property=\"og:title\" content=\"COMBITEC, Konzentrationbestimmung mit Schallgeschwindigkeits-Sensor und Dichte-Sensor - Sysmatec\" \/>\n<meta property=\"og:description\" content=\"Konzentrationsbestimmung durch Messung der Dichte und der Schallgeschwindigkeit. Online-Analyse, zum Beispiel der Glukosekonzentration.\" \/>\n<meta property=\"og:url\" content=\"https:\/\/sysmatec.ch\/de\/produit\/combitec-konzentrationbestimmung-mit-schallgeschwindigkeits-sensor-und-dichte-sensor\/\" \/>\n<meta property=\"og:site_name\" content=\"Sysmatec\" \/>\n<meta property=\"article:modified_time\" content=\"2022-02-16T07:49:11+00:00\" \/>\n<meta property=\"og:image\" content=\"https:\/\/sysmatec.ch\/wp-content\/uploads\/2019\/03\/Analyseur_CentecCombitec.jpg\" \/>\n\t<meta property=\"og:image:width\" content=\"185\" \/>\n\t<meta property=\"og:image:height\" content=\"130\" \/>\n\t<meta property=\"og:image:type\" content=\"image\/jpeg\" \/>\n<meta name=\"twitter:card\" content=\"summary_large_image\" \/>\n<meta name=\"twitter:label1\" content=\"Gesch\u00e4tzte Lesezeit\" \/>\n\t<meta name=\"twitter:data1\" content=\"1\u00a0Minute\" \/>\n<script type=\"application\/ld+json\" class=\"yoast-schema-graph\">{\"@context\":\"https:\\\/\\\/schema.org\",\"@graph\":[{\"@type\":\"WebPage\",\"@id\":\"https:\\\/\\\/sysmatec.ch\\\/de\\\/produit\\\/combitec-konzentrationbestimmung-mit-schallgeschwindigkeits-sensor-und-dichte-sensor\\\/\",\"url\":\"https:\\\/\\\/sysmatec.ch\\\/de\\\/produit\\\/combitec-konzentrationbestimmung-mit-schallgeschwindigkeits-sensor-und-dichte-sensor\\\/\",\"name\":\"COMBITEC, Konzentrationbestimmung mit Schallgeschwindigkeits-Sensor und Dichte-Sensor - Sysmatec\",\"isPartOf\":{\"@id\":\"https:\\\/\\\/sysmatec.ch\\\/de\\\/#website\"},\"primaryImageOfPage\":{\"@id\":\"https:\\\/\\\/sysmatec.ch\\\/de\\\/produit\\\/combitec-konzentrationbestimmung-mit-schallgeschwindigkeits-sensor-und-dichte-sensor\\\/#primaryimage\"},\"image\":{\"@id\":\"https:\\\/\\\/sysmatec.ch\\\/de\\\/produit\\\/combitec-konzentrationbestimmung-mit-schallgeschwindigkeits-sensor-und-dichte-sensor\\\/#primaryimage\"},\"thumbnailUrl\":\"https:\\\/\\\/sysmatec.ch\\\/wp-content\\\/uploads\\\/2019\\\/03\\\/Analyseur_CentecCombitec.jpg\",\"datePublished\":\"2019-03-10T17:28:50+00:00\",\"dateModified\":\"2022-02-16T07:49:11+00:00\",\"description\":\"Konzentrationsbestimmung durch Messung der Dichte und der Schallgeschwindigkeit. Online-Analyse, zum Beispiel der Glukosekonzentration.\",\"breadcrumb\":{\"@id\":\"https:\\\/\\\/sysmatec.ch\\\/de\\\/produit\\\/combitec-konzentrationbestimmung-mit-schallgeschwindigkeits-sensor-und-dichte-sensor\\\/#breadcrumb\"},\"inLanguage\":\"de\",\"potentialAction\":[{\"@type\":\"ReadAction\",\"target\":[\"https:\\\/\\\/sysmatec.ch\\\/de\\\/produit\\\/combitec-konzentrationbestimmung-mit-schallgeschwindigkeits-sensor-und-dichte-sensor\\\/\"]}]},{\"@type\":\"ImageObject\",\"inLanguage\":\"de\",\"@id\":\"https:\\\/\\\/sysmatec.ch\\\/de\\\/produit\\\/combitec-konzentrationbestimmung-mit-schallgeschwindigkeits-sensor-und-dichte-sensor\\\/#primaryimage\",\"url\":\"https:\\\/\\\/sysmatec.ch\\\/wp-content\\\/uploads\\\/2019\\\/03\\\/Analyseur_CentecCombitec.jpg\",\"contentUrl\":\"https:\\\/\\\/sysmatec.ch\\\/wp-content\\\/uploads\\\/2019\\\/03\\\/Analyseur_CentecCombitec.jpg\",\"width\":185,\"height\":130},{\"@type\":\"BreadcrumbList\",\"@id\":\"https:\\\/\\\/sysmatec.ch\\\/de\\\/produit\\\/combitec-konzentrationbestimmung-mit-schallgeschwindigkeits-sensor-und-dichte-sensor\\\/#breadcrumb\",\"itemListElement\":[{\"@type\":\"ListItem\",\"position\":1,\"name\":\"Accueil\",\"item\":\"https:\\\/\\\/sysmatec.ch\\\/de\\\/\"},{\"@type\":\"ListItem\",\"position\":2,\"name\":\"Die Aktivit\u00e4t von Sysmatec\",\"item\":\"https:\\\/\\\/sysmatec.ch\\\/de\\\/\"},{\"@type\":\"ListItem\",\"position\":3,\"name\":\"COMBITEC, Konzentrationbestimmung mit Schallgeschwindigkeits-Sensor und Dichte-Sensor\"}]},{\"@type\":\"WebSite\",\"@id\":\"https:\\\/\\\/sysmatec.ch\\\/de\\\/#website\",\"url\":\"https:\\\/\\\/sysmatec.ch\\\/de\\\/\",\"name\":\"Sysmatec\",\"description\":\"Equipement de laboratoire et logiciels\",\"publisher\":{\"@id\":\"https:\\\/\\\/sysmatec.ch\\\/de\\\/#organization\"},\"potentialAction\":[{\"@type\":\"SearchAction\",\"target\":{\"@type\":\"EntryPoint\",\"urlTemplate\":\"https:\\\/\\\/sysmatec.ch\\\/de\\\/?s={search_term_string}\"},\"query-input\":{\"@type\":\"PropertyValueSpecification\",\"valueRequired\":true,\"valueName\":\"search_term_string\"}}],\"inLanguage\":\"de\"},{\"@type\":\"Organization\",\"@id\":\"https:\\\/\\\/sysmatec.ch\\\/de\\\/#organization\",\"name\":\"Sysmatec\",\"url\":\"https:\\\/\\\/sysmatec.ch\\\/de\\\/\",\"logo\":{\"@type\":\"ImageObject\",\"inLanguage\":\"de\",\"@id\":\"https:\\\/\\\/sysmatec.ch\\\/de\\\/#\\\/schema\\\/logo\\\/image\\\/\",\"url\":\"https:\\\/\\\/sysmatec.ch\\\/wp-content\\\/uploads\\\/2018\\\/11\\\/LogoSysmatec.jpg\",\"contentUrl\":\"https:\\\/\\\/sysmatec.ch\\\/wp-content\\\/uploads\\\/2018\\\/11\\\/LogoSysmatec.jpg\",\"width\":301,\"height\":297,\"caption\":\"Sysmatec\"},\"image\":{\"@id\":\"https:\\\/\\\/sysmatec.ch\\\/de\\\/#\\\/schema\\\/logo\\\/image\\\/\"}}]}<\/script>\n<!-- \/ Yoast SEO plugin. -->","yoast_head_json":{"title":"COMBITEC, Konzentrationbestimmung mit Schallgeschwindigkeits-Sensor und Dichte-Sensor - Sysmatec","description":"Konzentrationsbestimmung durch Messung der Dichte und der Schallgeschwindigkeit. Online-Analyse, zum Beispiel der Glukosekonzentration.","robots":{"index":"index","follow":"follow","max-snippet":"max-snippet:-1","max-image-preview":"max-image-preview:large","max-video-preview":"max-video-preview:-1"},"canonical":"https:\/\/sysmatec.ch\/de\/produit\/combitec-konzentrationbestimmung-mit-schallgeschwindigkeits-sensor-und-dichte-sensor\/","og_locale":"de_DE","og_type":"article","og_title":"COMBITEC, Konzentrationbestimmung mit Schallgeschwindigkeits-Sensor und Dichte-Sensor - Sysmatec","og_description":"Konzentrationsbestimmung durch Messung der Dichte und der Schallgeschwindigkeit. Online-Analyse, zum Beispiel der Glukosekonzentration.","og_url":"https:\/\/sysmatec.ch\/de\/produit\/combitec-konzentrationbestimmung-mit-schallgeschwindigkeits-sensor-und-dichte-sensor\/","og_site_name":"Sysmatec","article_modified_time":"2022-02-16T07:49:11+00:00","og_image":[{"width":185,"height":130,"url":"https:\/\/sysmatec.ch\/wp-content\/uploads\/2019\/03\/Analyseur_CentecCombitec.jpg","type":"image\/jpeg"}],"twitter_card":"summary_large_image","twitter_misc":{"Gesch\u00e4tzte Lesezeit":"1\u00a0Minute"},"schema":{"@context":"https:\/\/schema.org","@graph":[{"@type":"WebPage","@id":"https:\/\/sysmatec.ch\/de\/produit\/combitec-konzentrationbestimmung-mit-schallgeschwindigkeits-sensor-und-dichte-sensor\/","url":"https:\/\/sysmatec.ch\/de\/produit\/combitec-konzentrationbestimmung-mit-schallgeschwindigkeits-sensor-und-dichte-sensor\/","name":"COMBITEC, Konzentrationbestimmung mit Schallgeschwindigkeits-Sensor und Dichte-Sensor - Sysmatec","isPartOf":{"@id":"https:\/\/sysmatec.ch\/de\/#website"},"primaryImageOfPage":{"@id":"https:\/\/sysmatec.ch\/de\/produit\/combitec-konzentrationbestimmung-mit-schallgeschwindigkeits-sensor-und-dichte-sensor\/#primaryimage"},"image":{"@id":"https:\/\/sysmatec.ch\/de\/produit\/combitec-konzentrationbestimmung-mit-schallgeschwindigkeits-sensor-und-dichte-sensor\/#primaryimage"},"thumbnailUrl":"https:\/\/sysmatec.ch\/wp-content\/uploads\/2019\/03\/Analyseur_CentecCombitec.jpg","datePublished":"2019-03-10T17:28:50+00:00","dateModified":"2022-02-16T07:49:11+00:00","description":"Konzentrationsbestimmung durch Messung der Dichte und der Schallgeschwindigkeit. Online-Analyse, zum Beispiel der Glukosekonzentration.","breadcrumb":{"@id":"https:\/\/sysmatec.ch\/de\/produit\/combitec-konzentrationbestimmung-mit-schallgeschwindigkeits-sensor-und-dichte-sensor\/#breadcrumb"},"inLanguage":"de","potentialAction":[{"@type":"ReadAction","target":["https:\/\/sysmatec.ch\/de\/produit\/combitec-konzentrationbestimmung-mit-schallgeschwindigkeits-sensor-und-dichte-sensor\/"]}]},{"@type":"ImageObject","inLanguage":"de","@id":"https:\/\/sysmatec.ch\/de\/produit\/combitec-konzentrationbestimmung-mit-schallgeschwindigkeits-sensor-und-dichte-sensor\/#primaryimage","url":"https:\/\/sysmatec.ch\/wp-content\/uploads\/2019\/03\/Analyseur_CentecCombitec.jpg","contentUrl":"https:\/\/sysmatec.ch\/wp-content\/uploads\/2019\/03\/Analyseur_CentecCombitec.jpg","width":185,"height":130},{"@type":"BreadcrumbList","@id":"https:\/\/sysmatec.ch\/de\/produit\/combitec-konzentrationbestimmung-mit-schallgeschwindigkeits-sensor-und-dichte-sensor\/#breadcrumb","itemListElement":[{"@type":"ListItem","position":1,"name":"Accueil","item":"https:\/\/sysmatec.ch\/de\/"},{"@type":"ListItem","position":2,"name":"Die Aktivit\u00e4t von Sysmatec","item":"https:\/\/sysmatec.ch\/de\/"},{"@type":"ListItem","position":3,"name":"COMBITEC, Konzentrationbestimmung mit Schallgeschwindigkeits-Sensor und Dichte-Sensor"}]},{"@type":"WebSite","@id":"https:\/\/sysmatec.ch\/de\/#website","url":"https:\/\/sysmatec.ch\/de\/","name":"Sysmatec","description":"Equipement de laboratoire et logiciels","publisher":{"@id":"https:\/\/sysmatec.ch\/de\/#organization"},"potentialAction":[{"@type":"SearchAction","target":{"@type":"EntryPoint","urlTemplate":"https:\/\/sysmatec.ch\/de\/?s={search_term_string}"},"query-input":{"@type":"PropertyValueSpecification","valueRequired":true,"valueName":"search_term_string"}}],"inLanguage":"de"},{"@type":"Organization","@id":"https:\/\/sysmatec.ch\/de\/#organization","name":"Sysmatec","url":"https:\/\/sysmatec.ch\/de\/","logo":{"@type":"ImageObject","inLanguage":"de","@id":"https:\/\/sysmatec.ch\/de\/#\/schema\/logo\/image\/","url":"https:\/\/sysmatec.ch\/wp-content\/uploads\/2018\/11\/LogoSysmatec.jpg","contentUrl":"https:\/\/sysmatec.ch\/wp-content\/uploads\/2018\/11\/LogoSysmatec.jpg","width":301,"height":297,"caption":"Sysmatec"},"image":{"@id":"https:\/\/sysmatec.ch\/de\/#\/schema\/logo\/image\/"}}]}},"_links":{"self":[{"href":"https:\/\/sysmatec.ch\/de\/wp-json\/wp\/v2\/product\/4426","targetHints":{"allow":["GET"]}}],"collection":[{"href":"https:\/\/sysmatec.ch\/de\/wp-json\/wp\/v2\/product"}],"about":[{"href":"https:\/\/sysmatec.ch\/de\/wp-json\/wp\/v2\/types\/product"}],"wp:featuredmedia":[{"embeddable":true,"href":"https:\/\/sysmatec.ch\/de\/wp-json\/wp\/v2\/media\/4424"}],"wp:attachment":[{"href":"https:\/\/sysmatec.ch\/de\/wp-json\/wp\/v2\/media?parent=4426"}],"wp:term":[{"taxonomy":"product_brand","embeddable":true,"href":"https:\/\/sysmatec.ch\/de\/wp-json\/wp\/v2\/product_brand?post=4426"},{"taxonomy":"product_cat","embeddable":true,"href":"https:\/\/sysmatec.ch\/de\/wp-json\/wp\/v2\/product_cat?post=4426"},{"taxonomy":"product_tag","embeddable":true,"href":"https:\/\/sysmatec.ch\/de\/wp-json\/wp\/v2\/product_tag?post=4426"}],"curies":[{"name":"wp","href":"https:\/\/api.w.org\/{rel}","templated":true}]}}