{"id":4406,"date":"2019-03-10T17:30:39","date_gmt":"2019-03-10T16:30:39","guid":{"rendered":"https:\/\/sysmatec.ch\/produit\/analyseur-biochimique-sunmatik-6020\/"},"modified":"2022-02-16T21:10:16","modified_gmt":"2022-02-16T20:10:16","slug":"biochemie-analyser-sunmatik-6020","status":"publish","type":"product","link":"https:\/\/sysmatec.ch\/de\/Produkt\/biochemie-analyser-sunmatik-6020\/","title":{"rendered":"Biochemie Analyser Sunmatik 6020"},"content":{"rendered":"<p>Vollautomatische Biochemie-Analysator, 200 Tests\/Stunde, bis zu 280 Tests\/Stunde mit dem optionalen ISE. Testmodus: Endpunkt, Kinetik, Festzeit, Immunoturbidimetrie, einfarbig, bichromatic, Multistandard-Analyse, lineare und nichtlineare Kalibrierung, Single- und Dual-Reagenzien. V\u00f6llig offen f\u00fcr die Bearbeitung von Testparameter und Berechnungsparameter.<\/p>\n<p>Probennahmesystem<\/p>\n<ul>\n<li type=\"disc\">Probenteller: 44 Probenposition<\/li>\n<li type=\"disc\">Probenvolumen: 3 bis 30ul, programmiert mit 0.1ul Schritten<\/li>\n<li type=\"disc\">Probensonde: F\u00fcllstandserkennung und Kollisionsschutz<\/li>\n<li type=\"disc\">Sondenreinigung: automatisches Waschen sowohl innerhalb und au\u00dferhalb<\/li>\n<li type=\"disc\">Automatische Probenverd\u00fcnnung<\/li>\n<\/ul>\n<p>Reagenziensystem<\/p>\n<ul>\n<li type=\"disc\">Reagenzgestell: 44 Positionen f\u00fcr Ein- und Zwei Reagenzien.<\/li>\n<li type=\"disc\">K\u00fchlung: K\u00fchl Reagenz, 24h K\u00fchlsystem mit Peltier Element, Temperatur 4 bis 15 \u00b0 C<\/li>\n<li type=\"disc\">Reagenz Flaschengr\u00f6\u00dfe: 20ml und 35ml<\/li>\n<li type=\"disc\">Reagenz Volumen: 150 bis 300ul, programmiert mit 0.1ul Schritten<\/li>\n<li type=\"disc\">Reagenzkopf: F\u00fcllstandserkennung und Kollisionsschutz<\/li>\n<li type=\"disc\">Vorheizfunktion<\/li>\n<li type=\"disc\">Echtzeit-\u00dcberwachung von Reagenz Volumen und Alarmfunktion<\/li>\n<li type=\"disc\">Sondenreinigung: automatische Waschen Innen aund Aussen<\/li>\n<\/ul>\n<p>Reaktionssystem<\/p>\n<ul>\n<li type=\"disc\">Reagenzgestell: 48 Reaktionsk\u00fcvetten<\/li>\n<li type=\"disc\">Reaktionsvolumen: 200 bis 300ul<\/li>\n<li type=\"disc\">Reaktionstemperatur: 37 \u00b0 C + 0.1 \u00b0 C<\/li>\n<li type=\"disc\">Mischsystem: Unabh\u00e4ngige Mischsonde<\/li>\n<\/ul>\n<p>Optisches System<\/p>\n<ul>\n<li type=\"disc\">Lichtquelle: Halogen-Wolfram-Lampe<\/li>\n<li type=\"disc\">Wellenl\u00e4nge: 340 nm, 405 nm, 450 nm, 494nm, 505nm, 546nm, 578nm, 620nm, 670nm, 700nm<\/li>\n<li type=\"disc\">Linear: 0 bis 3ABS<\/li>\n<\/ul>\n<p>Steuer- und Kalibrierungssystem<\/p>\n<ul>\n<li type=\"disc\">Kalibrierungsmodus: Linear (ein Punkt, zwei Punkt und Multi-Point), Logit-Log4P, Logit-Log 5P, Spline, exponentiell, Polynom, Parabel<\/li>\n<li type=\"disc\">Kontrollregeln: Westgard Multi-Regel<\/li>\n<\/ul>\n<p>Bedieneinheit<\/p>\n<ul>\n<li type=\"disc\">Betriebssystem: Windows 2000-System oder \u00fcber<\/li>\n<li type=\"disc\">Schnittstelle: RS-232<\/li>\n<li type=\"disc\">Stromversorgung: 220V + 22V, 50\/60 Hz + 1HZ2. Leistungsaufnahme: 400VA<\/li>\n<li type=\"disc\">Temperatur: 15 bis 30 \u00b0 C<\/li>\n<li type=\"disc\">Luftfeuchtigkeit: &lt;=85%<\/li>\n<li type=\"disc\">Wasserverbrauch: 5L \/ h<\/li>\n<li type=\"disc\">Dimension: 760 (L) X570 (W) X1000MM<\/li>\n<li type=\"disc\">Gewicht: approx.85kgs<\/li>\n<\/ul>\n","protected":false},"excerpt":{"rendered":"<p>Automatischer Biochemie Analysator<\/p>\n","protected":false},"featured_media":4404,"template":"","meta":{"_crdt_document":""},"product_brand":[],"product_cat":[188,185,368],"product_tag":[],"class_list":{"0":"post-4406","1":"product","2":"type-product","3":"status-publish","4":"has-post-thumbnail","6":"product_cat-analyse-de","7":"product_cat-analyzer-de","8":"product_cat-chemische-verbindung","10":"first","11":"instock","12":"taxable","13":"shipping-taxable","14":"product-type-simple"},"yoast_head":"<!-- This site is optimized with the Yoast SEO plugin v27.4 - https:\/\/yoast.com\/product\/yoast-seo-wordpress\/ -->\n<title>Biochemie Analyser Sunmatik 6020 - Sysmatec<\/title>\n<meta name=\"description\" content=\"Automatischer biochemischer Analysator. Es umfasst ein Probenahmesystem, ein Reaktionssystem und ein Nachweissystem.\" \/>\n<meta name=\"robots\" content=\"index, follow, max-snippet:-1, max-image-preview:large, max-video-preview:-1\" \/>\n<link rel=\"canonical\" href=\"https:\/\/sysmatec.ch\/de\/produit\/biochemie-analyser-sunmatik-6020\/\" \/>\n<meta property=\"og:locale\" content=\"de_DE\" \/>\n<meta property=\"og:type\" content=\"article\" \/>\n<meta property=\"og:title\" content=\"Biochemie Analyser Sunmatik 6020 - Sysmatec\" \/>\n<meta property=\"og:description\" content=\"Automatischer biochemischer Analysator. Es umfasst ein Probenahmesystem, ein Reaktionssystem und ein Nachweissystem.\" \/>\n<meta property=\"og:url\" content=\"https:\/\/sysmatec.ch\/de\/produit\/biochemie-analyser-sunmatik-6020\/\" \/>\n<meta property=\"og:site_name\" content=\"Sysmatec\" \/>\n<meta property=\"article:modified_time\" content=\"2022-02-16T20:10:16+00:00\" \/>\n<meta property=\"og:image\" content=\"https:\/\/sysmatec.ch\/wp-content\/uploads\/2019\/03\/Analyseur_SunostikSunmatik6020.jpg\" \/>\n\t<meta property=\"og:image:width\" content=\"185\" \/>\n\t<meta property=\"og:image:height\" content=\"185\" \/>\n\t<meta property=\"og:image:type\" content=\"image\/jpeg\" \/>\n<meta name=\"twitter:card\" content=\"summary_large_image\" \/>\n<meta name=\"twitter:label1\" content=\"Gesch\u00e4tzte Lesezeit\" \/>\n\t<meta name=\"twitter:data1\" content=\"1\u00a0Minute\" \/>\n<script type=\"application\/ld+json\" class=\"yoast-schema-graph\">{\"@context\":\"https:\\\/\\\/schema.org\",\"@graph\":[{\"@type\":\"WebPage\",\"@id\":\"https:\\\/\\\/sysmatec.ch\\\/de\\\/produit\\\/biochemie-analyser-sunmatik-6020\\\/\",\"url\":\"https:\\\/\\\/sysmatec.ch\\\/de\\\/produit\\\/biochemie-analyser-sunmatik-6020\\\/\",\"name\":\"Biochemie Analyser Sunmatik 6020 - Sysmatec\",\"isPartOf\":{\"@id\":\"https:\\\/\\\/sysmatec.ch\\\/de\\\/#website\"},\"primaryImageOfPage\":{\"@id\":\"https:\\\/\\\/sysmatec.ch\\\/de\\\/produit\\\/biochemie-analyser-sunmatik-6020\\\/#primaryimage\"},\"image\":{\"@id\":\"https:\\\/\\\/sysmatec.ch\\\/de\\\/produit\\\/biochemie-analyser-sunmatik-6020\\\/#primaryimage\"},\"thumbnailUrl\":\"https:\\\/\\\/sysmatec.ch\\\/wp-content\\\/uploads\\\/2019\\\/03\\\/Analyseur_SunostikSunmatik6020.jpg\",\"datePublished\":\"2019-03-10T16:30:39+00:00\",\"dateModified\":\"2022-02-16T20:10:16+00:00\",\"description\":\"Automatischer biochemischer Analysator. Es umfasst ein Probenahmesystem, ein Reaktionssystem und ein Nachweissystem.\",\"breadcrumb\":{\"@id\":\"https:\\\/\\\/sysmatec.ch\\\/de\\\/produit\\\/biochemie-analyser-sunmatik-6020\\\/#breadcrumb\"},\"inLanguage\":\"de\",\"potentialAction\":[{\"@type\":\"ReadAction\",\"target\":[\"https:\\\/\\\/sysmatec.ch\\\/de\\\/produit\\\/biochemie-analyser-sunmatik-6020\\\/\"]}]},{\"@type\":\"ImageObject\",\"inLanguage\":\"de\",\"@id\":\"https:\\\/\\\/sysmatec.ch\\\/de\\\/produit\\\/biochemie-analyser-sunmatik-6020\\\/#primaryimage\",\"url\":\"https:\\\/\\\/sysmatec.ch\\\/wp-content\\\/uploads\\\/2019\\\/03\\\/Analyseur_SunostikSunmatik6020.jpg\",\"contentUrl\":\"https:\\\/\\\/sysmatec.ch\\\/wp-content\\\/uploads\\\/2019\\\/03\\\/Analyseur_SunostikSunmatik6020.jpg\",\"width\":185,\"height\":185},{\"@type\":\"BreadcrumbList\",\"@id\":\"https:\\\/\\\/sysmatec.ch\\\/de\\\/produit\\\/biochemie-analyser-sunmatik-6020\\\/#breadcrumb\",\"itemListElement\":[{\"@type\":\"ListItem\",\"position\":1,\"name\":\"Accueil\",\"item\":\"https:\\\/\\\/sysmatec.ch\\\/de\\\/\"},{\"@type\":\"ListItem\",\"position\":2,\"name\":\"Die Aktivit\u00e4t von Sysmatec\",\"item\":\"https:\\\/\\\/sysmatec.ch\\\/de\\\/\"},{\"@type\":\"ListItem\",\"position\":3,\"name\":\"Biochemie Analyser Sunmatik 6020\"}]},{\"@type\":\"WebSite\",\"@id\":\"https:\\\/\\\/sysmatec.ch\\\/de\\\/#website\",\"url\":\"https:\\\/\\\/sysmatec.ch\\\/de\\\/\",\"name\":\"Sysmatec\",\"description\":\"Equipement de laboratoire et logiciels\",\"publisher\":{\"@id\":\"https:\\\/\\\/sysmatec.ch\\\/de\\\/#organization\"},\"potentialAction\":[{\"@type\":\"SearchAction\",\"target\":{\"@type\":\"EntryPoint\",\"urlTemplate\":\"https:\\\/\\\/sysmatec.ch\\\/de\\\/?s={search_term_string}\"},\"query-input\":{\"@type\":\"PropertyValueSpecification\",\"valueRequired\":true,\"valueName\":\"search_term_string\"}}],\"inLanguage\":\"de\"},{\"@type\":\"Organization\",\"@id\":\"https:\\\/\\\/sysmatec.ch\\\/de\\\/#organization\",\"name\":\"Sysmatec\",\"url\":\"https:\\\/\\\/sysmatec.ch\\\/de\\\/\",\"logo\":{\"@type\":\"ImageObject\",\"inLanguage\":\"de\",\"@id\":\"https:\\\/\\\/sysmatec.ch\\\/de\\\/#\\\/schema\\\/logo\\\/image\\\/\",\"url\":\"https:\\\/\\\/sysmatec.ch\\\/wp-content\\\/uploads\\\/2018\\\/11\\\/LogoSysmatec.jpg\",\"contentUrl\":\"https:\\\/\\\/sysmatec.ch\\\/wp-content\\\/uploads\\\/2018\\\/11\\\/LogoSysmatec.jpg\",\"width\":301,\"height\":297,\"caption\":\"Sysmatec\"},\"image\":{\"@id\":\"https:\\\/\\\/sysmatec.ch\\\/de\\\/#\\\/schema\\\/logo\\\/image\\\/\"}}]}<\/script>\n<!-- \/ Yoast SEO plugin. -->","yoast_head_json":{"title":"Biochemie Analyser Sunmatik 6020 - Sysmatec","description":"Automatischer biochemischer Analysator. Es umfasst ein Probenahmesystem, ein Reaktionssystem und ein Nachweissystem.","robots":{"index":"index","follow":"follow","max-snippet":"max-snippet:-1","max-image-preview":"max-image-preview:large","max-video-preview":"max-video-preview:-1"},"canonical":"https:\/\/sysmatec.ch\/de\/produit\/biochemie-analyser-sunmatik-6020\/","og_locale":"de_DE","og_type":"article","og_title":"Biochemie Analyser Sunmatik 6020 - Sysmatec","og_description":"Automatischer biochemischer Analysator. Es umfasst ein Probenahmesystem, ein Reaktionssystem und ein Nachweissystem.","og_url":"https:\/\/sysmatec.ch\/de\/produit\/biochemie-analyser-sunmatik-6020\/","og_site_name":"Sysmatec","article_modified_time":"2022-02-16T20:10:16+00:00","og_image":[{"width":185,"height":185,"url":"https:\/\/sysmatec.ch\/wp-content\/uploads\/2019\/03\/Analyseur_SunostikSunmatik6020.jpg","type":"image\/jpeg"}],"twitter_card":"summary_large_image","twitter_misc":{"Gesch\u00e4tzte Lesezeit":"1\u00a0Minute"},"schema":{"@context":"https:\/\/schema.org","@graph":[{"@type":"WebPage","@id":"https:\/\/sysmatec.ch\/de\/produit\/biochemie-analyser-sunmatik-6020\/","url":"https:\/\/sysmatec.ch\/de\/produit\/biochemie-analyser-sunmatik-6020\/","name":"Biochemie Analyser Sunmatik 6020 - Sysmatec","isPartOf":{"@id":"https:\/\/sysmatec.ch\/de\/#website"},"primaryImageOfPage":{"@id":"https:\/\/sysmatec.ch\/de\/produit\/biochemie-analyser-sunmatik-6020\/#primaryimage"},"image":{"@id":"https:\/\/sysmatec.ch\/de\/produit\/biochemie-analyser-sunmatik-6020\/#primaryimage"},"thumbnailUrl":"https:\/\/sysmatec.ch\/wp-content\/uploads\/2019\/03\/Analyseur_SunostikSunmatik6020.jpg","datePublished":"2019-03-10T16:30:39+00:00","dateModified":"2022-02-16T20:10:16+00:00","description":"Automatischer biochemischer Analysator. Es umfasst ein Probenahmesystem, ein Reaktionssystem und ein Nachweissystem.","breadcrumb":{"@id":"https:\/\/sysmatec.ch\/de\/produit\/biochemie-analyser-sunmatik-6020\/#breadcrumb"},"inLanguage":"de","potentialAction":[{"@type":"ReadAction","target":["https:\/\/sysmatec.ch\/de\/produit\/biochemie-analyser-sunmatik-6020\/"]}]},{"@type":"ImageObject","inLanguage":"de","@id":"https:\/\/sysmatec.ch\/de\/produit\/biochemie-analyser-sunmatik-6020\/#primaryimage","url":"https:\/\/sysmatec.ch\/wp-content\/uploads\/2019\/03\/Analyseur_SunostikSunmatik6020.jpg","contentUrl":"https:\/\/sysmatec.ch\/wp-content\/uploads\/2019\/03\/Analyseur_SunostikSunmatik6020.jpg","width":185,"height":185},{"@type":"BreadcrumbList","@id":"https:\/\/sysmatec.ch\/de\/produit\/biochemie-analyser-sunmatik-6020\/#breadcrumb","itemListElement":[{"@type":"ListItem","position":1,"name":"Accueil","item":"https:\/\/sysmatec.ch\/de\/"},{"@type":"ListItem","position":2,"name":"Die Aktivit\u00e4t von Sysmatec","item":"https:\/\/sysmatec.ch\/de\/"},{"@type":"ListItem","position":3,"name":"Biochemie Analyser Sunmatik 6020"}]},{"@type":"WebSite","@id":"https:\/\/sysmatec.ch\/de\/#website","url":"https:\/\/sysmatec.ch\/de\/","name":"Sysmatec","description":"Equipement de laboratoire et logiciels","publisher":{"@id":"https:\/\/sysmatec.ch\/de\/#organization"},"potentialAction":[{"@type":"SearchAction","target":{"@type":"EntryPoint","urlTemplate":"https:\/\/sysmatec.ch\/de\/?s={search_term_string}"},"query-input":{"@type":"PropertyValueSpecification","valueRequired":true,"valueName":"search_term_string"}}],"inLanguage":"de"},{"@type":"Organization","@id":"https:\/\/sysmatec.ch\/de\/#organization","name":"Sysmatec","url":"https:\/\/sysmatec.ch\/de\/","logo":{"@type":"ImageObject","inLanguage":"de","@id":"https:\/\/sysmatec.ch\/de\/#\/schema\/logo\/image\/","url":"https:\/\/sysmatec.ch\/wp-content\/uploads\/2018\/11\/LogoSysmatec.jpg","contentUrl":"https:\/\/sysmatec.ch\/wp-content\/uploads\/2018\/11\/LogoSysmatec.jpg","width":301,"height":297,"caption":"Sysmatec"},"image":{"@id":"https:\/\/sysmatec.ch\/de\/#\/schema\/logo\/image\/"}}]}},"_links":{"self":[{"href":"https:\/\/sysmatec.ch\/de\/wp-json\/wp\/v2\/product\/4406","targetHints":{"allow":["GET"]}}],"collection":[{"href":"https:\/\/sysmatec.ch\/de\/wp-json\/wp\/v2\/product"}],"about":[{"href":"https:\/\/sysmatec.ch\/de\/wp-json\/wp\/v2\/types\/product"}],"wp:featuredmedia":[{"embeddable":true,"href":"https:\/\/sysmatec.ch\/de\/wp-json\/wp\/v2\/media\/4404"}],"wp:attachment":[{"href":"https:\/\/sysmatec.ch\/de\/wp-json\/wp\/v2\/media?parent=4406"}],"wp:term":[{"taxonomy":"product_brand","embeddable":true,"href":"https:\/\/sysmatec.ch\/de\/wp-json\/wp\/v2\/product_brand?post=4406"},{"taxonomy":"product_cat","embeddable":true,"href":"https:\/\/sysmatec.ch\/de\/wp-json\/wp\/v2\/product_cat?post=4406"},{"taxonomy":"product_tag","embeddable":true,"href":"https:\/\/sysmatec.ch\/de\/wp-json\/wp\/v2\/product_tag?post=4406"}],"curies":[{"name":"wp","href":"https:\/\/api.w.org\/{rel}","templated":true}]}}