{"id":4382,"date":"2019-03-10T14:18:33","date_gmt":"2019-03-10T13:18:33","guid":{"rendered":"https:\/\/sysmatec.ch\/produit\/systeme-danalyse-de-thermographie-d-vta-200\/"},"modified":"2022-02-16T21:33:27","modified_gmt":"2022-02-16T20:33:27","slug":"thermographie-analyse-system-d-vta-200","status":"publish","type":"product","link":"https:\/\/sysmatec.ch\/de\/Produkt\/thermographie-analyse-system-d-vta-200\/","title":{"rendered":"Thermographie- Analyse System D-VTA 200"},"content":{"rendered":"<p>as Thermographie- Analyse System liefert online Temperaturverteilungen direkt aus dem Verbrennungsraum. Es kann kombiniert werden mit einem oder mehreren Furnace Sensoren D-FS. Der Temperaturbereich und die Aufl\u00f6sung sind vom Typ des Furnace Sensor abh\u00e4ngig. Die Software Module Flame Front und Flame Profile sind speziell f\u00fcr die Rostfeuerung entwickelt.<\/p>\n<p>Die\u00a0D-VTA 200 FlameFront Software ist entwickelt f\u00fcr den Einsatz in Rostfeuerungen, wie Biomasse oder M\u00fcllverbrennungsanlagen.Basierend auf der Thermographie berechnet die Software den Abstand zwischen der Flammenfront und der Abwurfkante.Die Werte k\u00f6nnen \u00fcber eine Prozessanbindung ans Leitsystem \u00fcbertragen werde und so\u00a0zur Optimierung der Brennstoff\/M\u00fcll Zufuhr, der Luftmenge unter den Rosten oder der Rostgeschwindigkeit eingesetzt werden.<\/p>\n<p>Die\u00a0D-VTA 200 FlameProfile\u00a0software ist entwickelt f\u00fcr \u00e4hnliche Anwendungen und berechnet das Temperatur Profil auf dem Rost.Die Werte k\u00f6nnen \u00fcber eine Prozessanbindung ans Leitsystem \u00fcbertragen werden und so zur Optimierung der SNCR Eind\u00fcsung und zur Reduzierung der Amoniakschlupfs eingesetzt werden.<\/p>\n","protected":false},"excerpt":{"rendered":"<p>Thermographie- Analyse System<\/p>\n","protected":false},"featured_media":4373,"template":"","meta":{"_crdt_document":""},"product_brand":[],"product_cat":[180,173],"product_tag":[],"class_list":{"0":"post-4382","1":"product","2":"type-product","3":"status-publish","4":"has-post-thumbnail","6":"product_cat-messung","7":"product_cat-temperatur","9":"first","10":"instock","11":"taxable","12":"shipping-taxable","13":"product-type-simple"},"yoast_head":"<!-- This site is optimized with the Yoast SEO plugin v27.3 - https:\/\/yoast.com\/product\/yoast-seo-wordpress\/ -->\n<title>Thermographie- Analyse System D-VTA 200 - Sysmatec<\/title>\n<meta name=\"description\" content=\"Thermografiesystem zur Analyse von Temperaturverteilungen in Brennkammern von M\u00fcllverbrennungsanlagen.\" \/>\n<meta name=\"robots\" content=\"index, follow, max-snippet:-1, max-image-preview:large, max-video-preview:-1\" \/>\n<link rel=\"canonical\" href=\"https:\/\/sysmatec.ch\/de\/produit\/thermographie-analyse-system-d-vta-200\/\" \/>\n<meta property=\"og:locale\" content=\"de_DE\" \/>\n<meta property=\"og:type\" content=\"article\" \/>\n<meta property=\"og:title\" content=\"Thermographie- Analyse System D-VTA 200 - Sysmatec\" \/>\n<meta property=\"og:description\" content=\"Thermografiesystem zur Analyse von Temperaturverteilungen in Brennkammern von M\u00fcllverbrennungsanlagen.\" \/>\n<meta property=\"og:url\" content=\"https:\/\/sysmatec.ch\/de\/produit\/thermographie-analyse-system-d-vta-200\/\" \/>\n<meta property=\"og:site_name\" content=\"Sysmatec\" \/>\n<meta property=\"article:modified_time\" content=\"2022-02-16T20:33:27+00:00\" \/>\n<meta property=\"og:image\" content=\"https:\/\/sysmatec.ch\/wp-content\/uploads\/2019\/03\/Thermometre_DuragDVTA200.jpg\" \/>\n\t<meta property=\"og:image:width\" content=\"181\" \/>\n\t<meta property=\"og:image:height\" content=\"105\" \/>\n\t<meta property=\"og:image:type\" content=\"image\/jpeg\" \/>\n<meta name=\"twitter:card\" content=\"summary_large_image\" \/>\n<meta name=\"twitter:label1\" content=\"Gesch\u00e4tzte Lesezeit\" \/>\n\t<meta name=\"twitter:data1\" content=\"1\u00a0Minute\" \/>\n<script type=\"application\/ld+json\" class=\"yoast-schema-graph\">{\"@context\":\"https:\\\/\\\/schema.org\",\"@graph\":[{\"@type\":\"WebPage\",\"@id\":\"https:\\\/\\\/sysmatec.ch\\\/de\\\/produit\\\/thermographie-analyse-system-d-vta-200\\\/\",\"url\":\"https:\\\/\\\/sysmatec.ch\\\/de\\\/produit\\\/thermographie-analyse-system-d-vta-200\\\/\",\"name\":\"Thermographie- Analyse System D-VTA 200 - Sysmatec\",\"isPartOf\":{\"@id\":\"https:\\\/\\\/sysmatec.ch\\\/de\\\/#website\"},\"primaryImageOfPage\":{\"@id\":\"https:\\\/\\\/sysmatec.ch\\\/de\\\/produit\\\/thermographie-analyse-system-d-vta-200\\\/#primaryimage\"},\"image\":{\"@id\":\"https:\\\/\\\/sysmatec.ch\\\/de\\\/produit\\\/thermographie-analyse-system-d-vta-200\\\/#primaryimage\"},\"thumbnailUrl\":\"https:\\\/\\\/sysmatec.ch\\\/wp-content\\\/uploads\\\/2019\\\/03\\\/Thermometre_DuragDVTA200.jpg\",\"datePublished\":\"2019-03-10T13:18:33+00:00\",\"dateModified\":\"2022-02-16T20:33:27+00:00\",\"description\":\"Thermografiesystem zur Analyse von Temperaturverteilungen in Brennkammern von M\u00fcllverbrennungsanlagen.\",\"breadcrumb\":{\"@id\":\"https:\\\/\\\/sysmatec.ch\\\/de\\\/produit\\\/thermographie-analyse-system-d-vta-200\\\/#breadcrumb\"},\"inLanguage\":\"de\",\"potentialAction\":[{\"@type\":\"ReadAction\",\"target\":[\"https:\\\/\\\/sysmatec.ch\\\/de\\\/produit\\\/thermographie-analyse-system-d-vta-200\\\/\"]}]},{\"@type\":\"ImageObject\",\"inLanguage\":\"de\",\"@id\":\"https:\\\/\\\/sysmatec.ch\\\/de\\\/produit\\\/thermographie-analyse-system-d-vta-200\\\/#primaryimage\",\"url\":\"https:\\\/\\\/sysmatec.ch\\\/wp-content\\\/uploads\\\/2019\\\/03\\\/Thermometre_DuragDVTA200.jpg\",\"contentUrl\":\"https:\\\/\\\/sysmatec.ch\\\/wp-content\\\/uploads\\\/2019\\\/03\\\/Thermometre_DuragDVTA200.jpg\",\"width\":181,\"height\":105},{\"@type\":\"BreadcrumbList\",\"@id\":\"https:\\\/\\\/sysmatec.ch\\\/de\\\/produit\\\/thermographie-analyse-system-d-vta-200\\\/#breadcrumb\",\"itemListElement\":[{\"@type\":\"ListItem\",\"position\":1,\"name\":\"Accueil\",\"item\":\"https:\\\/\\\/sysmatec.ch\\\/de\\\/\"},{\"@type\":\"ListItem\",\"position\":2,\"name\":\"Die Aktivit\u00e4t von Sysmatec\",\"item\":\"https:\\\/\\\/sysmatec.ch\\\/de\\\/\"},{\"@type\":\"ListItem\",\"position\":3,\"name\":\"Thermographie- Analyse System D-VTA 200\"}]},{\"@type\":\"WebSite\",\"@id\":\"https:\\\/\\\/sysmatec.ch\\\/de\\\/#website\",\"url\":\"https:\\\/\\\/sysmatec.ch\\\/de\\\/\",\"name\":\"Sysmatec\",\"description\":\"Equipement de laboratoire et logiciels\",\"publisher\":{\"@id\":\"https:\\\/\\\/sysmatec.ch\\\/de\\\/#organization\"},\"potentialAction\":[{\"@type\":\"SearchAction\",\"target\":{\"@type\":\"EntryPoint\",\"urlTemplate\":\"https:\\\/\\\/sysmatec.ch\\\/de\\\/?s={search_term_string}\"},\"query-input\":{\"@type\":\"PropertyValueSpecification\",\"valueRequired\":true,\"valueName\":\"search_term_string\"}}],\"inLanguage\":\"de\"},{\"@type\":\"Organization\",\"@id\":\"https:\\\/\\\/sysmatec.ch\\\/de\\\/#organization\",\"name\":\"Sysmatec\",\"url\":\"https:\\\/\\\/sysmatec.ch\\\/de\\\/\",\"logo\":{\"@type\":\"ImageObject\",\"inLanguage\":\"de\",\"@id\":\"https:\\\/\\\/sysmatec.ch\\\/de\\\/#\\\/schema\\\/logo\\\/image\\\/\",\"url\":\"https:\\\/\\\/sysmatec.ch\\\/wp-content\\\/uploads\\\/2018\\\/11\\\/LogoSysmatec.jpg\",\"contentUrl\":\"https:\\\/\\\/sysmatec.ch\\\/wp-content\\\/uploads\\\/2018\\\/11\\\/LogoSysmatec.jpg\",\"width\":301,\"height\":297,\"caption\":\"Sysmatec\"},\"image\":{\"@id\":\"https:\\\/\\\/sysmatec.ch\\\/de\\\/#\\\/schema\\\/logo\\\/image\\\/\"}}]}<\/script>\n<!-- \/ Yoast SEO plugin. -->","yoast_head_json":{"title":"Thermographie- Analyse System D-VTA 200 - Sysmatec","description":"Thermografiesystem zur Analyse von Temperaturverteilungen in Brennkammern von M\u00fcllverbrennungsanlagen.","robots":{"index":"index","follow":"follow","max-snippet":"max-snippet:-1","max-image-preview":"max-image-preview:large","max-video-preview":"max-video-preview:-1"},"canonical":"https:\/\/sysmatec.ch\/de\/produit\/thermographie-analyse-system-d-vta-200\/","og_locale":"de_DE","og_type":"article","og_title":"Thermographie- Analyse System D-VTA 200 - Sysmatec","og_description":"Thermografiesystem zur Analyse von Temperaturverteilungen in Brennkammern von M\u00fcllverbrennungsanlagen.","og_url":"https:\/\/sysmatec.ch\/de\/produit\/thermographie-analyse-system-d-vta-200\/","og_site_name":"Sysmatec","article_modified_time":"2022-02-16T20:33:27+00:00","og_image":[{"width":181,"height":105,"url":"https:\/\/sysmatec.ch\/wp-content\/uploads\/2019\/03\/Thermometre_DuragDVTA200.jpg","type":"image\/jpeg"}],"twitter_card":"summary_large_image","twitter_misc":{"Gesch\u00e4tzte Lesezeit":"1\u00a0Minute"},"schema":{"@context":"https:\/\/schema.org","@graph":[{"@type":"WebPage","@id":"https:\/\/sysmatec.ch\/de\/produit\/thermographie-analyse-system-d-vta-200\/","url":"https:\/\/sysmatec.ch\/de\/produit\/thermographie-analyse-system-d-vta-200\/","name":"Thermographie- Analyse System D-VTA 200 - Sysmatec","isPartOf":{"@id":"https:\/\/sysmatec.ch\/de\/#website"},"primaryImageOfPage":{"@id":"https:\/\/sysmatec.ch\/de\/produit\/thermographie-analyse-system-d-vta-200\/#primaryimage"},"image":{"@id":"https:\/\/sysmatec.ch\/de\/produit\/thermographie-analyse-system-d-vta-200\/#primaryimage"},"thumbnailUrl":"https:\/\/sysmatec.ch\/wp-content\/uploads\/2019\/03\/Thermometre_DuragDVTA200.jpg","datePublished":"2019-03-10T13:18:33+00:00","dateModified":"2022-02-16T20:33:27+00:00","description":"Thermografiesystem zur Analyse von Temperaturverteilungen in Brennkammern von M\u00fcllverbrennungsanlagen.","breadcrumb":{"@id":"https:\/\/sysmatec.ch\/de\/produit\/thermographie-analyse-system-d-vta-200\/#breadcrumb"},"inLanguage":"de","potentialAction":[{"@type":"ReadAction","target":["https:\/\/sysmatec.ch\/de\/produit\/thermographie-analyse-system-d-vta-200\/"]}]},{"@type":"ImageObject","inLanguage":"de","@id":"https:\/\/sysmatec.ch\/de\/produit\/thermographie-analyse-system-d-vta-200\/#primaryimage","url":"https:\/\/sysmatec.ch\/wp-content\/uploads\/2019\/03\/Thermometre_DuragDVTA200.jpg","contentUrl":"https:\/\/sysmatec.ch\/wp-content\/uploads\/2019\/03\/Thermometre_DuragDVTA200.jpg","width":181,"height":105},{"@type":"BreadcrumbList","@id":"https:\/\/sysmatec.ch\/de\/produit\/thermographie-analyse-system-d-vta-200\/#breadcrumb","itemListElement":[{"@type":"ListItem","position":1,"name":"Accueil","item":"https:\/\/sysmatec.ch\/de\/"},{"@type":"ListItem","position":2,"name":"Die Aktivit\u00e4t von Sysmatec","item":"https:\/\/sysmatec.ch\/de\/"},{"@type":"ListItem","position":3,"name":"Thermographie- Analyse System D-VTA 200"}]},{"@type":"WebSite","@id":"https:\/\/sysmatec.ch\/de\/#website","url":"https:\/\/sysmatec.ch\/de\/","name":"Sysmatec","description":"Equipement de laboratoire et logiciels","publisher":{"@id":"https:\/\/sysmatec.ch\/de\/#organization"},"potentialAction":[{"@type":"SearchAction","target":{"@type":"EntryPoint","urlTemplate":"https:\/\/sysmatec.ch\/de\/?s={search_term_string}"},"query-input":{"@type":"PropertyValueSpecification","valueRequired":true,"valueName":"search_term_string"}}],"inLanguage":"de"},{"@type":"Organization","@id":"https:\/\/sysmatec.ch\/de\/#organization","name":"Sysmatec","url":"https:\/\/sysmatec.ch\/de\/","logo":{"@type":"ImageObject","inLanguage":"de","@id":"https:\/\/sysmatec.ch\/de\/#\/schema\/logo\/image\/","url":"https:\/\/sysmatec.ch\/wp-content\/uploads\/2018\/11\/LogoSysmatec.jpg","contentUrl":"https:\/\/sysmatec.ch\/wp-content\/uploads\/2018\/11\/LogoSysmatec.jpg","width":301,"height":297,"caption":"Sysmatec"},"image":{"@id":"https:\/\/sysmatec.ch\/de\/#\/schema\/logo\/image\/"}}]}},"_links":{"self":[{"href":"https:\/\/sysmatec.ch\/de\/wp-json\/wp\/v2\/product\/4382","targetHints":{"allow":["GET"]}}],"collection":[{"href":"https:\/\/sysmatec.ch\/de\/wp-json\/wp\/v2\/product"}],"about":[{"href":"https:\/\/sysmatec.ch\/de\/wp-json\/wp\/v2\/types\/product"}],"wp:featuredmedia":[{"embeddable":true,"href":"https:\/\/sysmatec.ch\/de\/wp-json\/wp\/v2\/media\/4373"}],"wp:attachment":[{"href":"https:\/\/sysmatec.ch\/de\/wp-json\/wp\/v2\/media?parent=4382"}],"wp:term":[{"taxonomy":"product_brand","embeddable":true,"href":"https:\/\/sysmatec.ch\/de\/wp-json\/wp\/v2\/product_brand?post=4382"},{"taxonomy":"product_cat","embeddable":true,"href":"https:\/\/sysmatec.ch\/de\/wp-json\/wp\/v2\/product_cat?post=4382"},{"taxonomy":"product_tag","embeddable":true,"href":"https:\/\/sysmatec.ch\/de\/wp-json\/wp\/v2\/product_tag?post=4382"}],"curies":[{"name":"wp","href":"https:\/\/api.w.org\/{rel}","templated":true}]}}