{"id":4315,"date":"2019-03-09T21:04:48","date_gmt":"2019-03-09T20:04:48","guid":{"rendered":"https:\/\/sysmatec.ch\/produit\/camera-thermique-infrarouge-testo-876\/"},"modified":"2022-02-17T09:22:46","modified_gmt":"2022-02-17T08:22:46","slug":"waermebildkamera-infrarot-testo-876","status":"publish","type":"product","link":"https:\/\/sysmatec.ch\/de\/Produkt\/waermebildkamera-infrarot-testo-876\/","title":{"rendered":"W\u00e4rmebildkamera (Infrarot) Testo 876"},"content":{"rendered":"<ul>\n<li>Detektorgr\u00f6\u00dfe 160 x 120 Pixel<\/li>\n<li>Flexibles Dreh- und Schwenkdisplay<\/li>\n<li>SuperResolution-Technologie auf 320 x 240 Pixel. Damit verbessert sich die Bildqualit\u00e4t um eine Klasse, d.h. die Aufl\u00f6sung der W\u00e4rmebilder ist viermal h\u00f6her.<\/li>\n<li>Thermische Empfindlichkeit &lt; 80 mK, selbst kleine Temperaturunterschiede sind sichtbar.<\/li>\n<li>Integrierte Digitalkamera: Parallel zum W\u00e4rmebild wird von jedem Messobjekt auch ein Realbild abgespeichert.<\/li>\n<li>Sprachaufzeichnung mit Headset: jedes W\u00e4rmebild bei der Aufnahme kann kommentiert werden. Diese Information wird zusammen mit dem W\u00e4rmebild abgespeichert.<\/li>\n<li>Solar-Modus: Zu jeder Messung kann der Wert der Sonneneinstrahlung in die Kamera eingeben werden. Dieser Wert wird zu jedem W\u00e4rmebild abgespeichert.<\/li>\n<li>Spezieller Messmodus zur Detektion schimmelgef\u00e4hrdeter Stellen: Mittels der extern bestimmten Umgebungstemperatur und Luftfeuchte sowie der gemessenen Oberfl\u00e4chentemperatur wird der Feuchtewert jedes Messpunkts errechnet und auf dem Display als echtes Feuchtebild angezeigt.<\/li>\n<li>Wechselbare Objektive<\/li>\n<li>Motorfokus zur Einhandbedienung<\/li>\n<\/ul>\n<p>In der Lieferung enthalten<\/p>\n<ul>\n<li>Profi-Software<\/li>\n<li>Tragegurt,<\/li>\n<li>SD-Karte<\/li>\n<li>USBKabel<\/li>\n<li>Linsenputztuch<\/li>\n<li>Headset<\/li>\n<li>Netzteil und Li-Ionen-Akku<\/li>\n<\/ul>\n","protected":false},"excerpt":{"rendered":"<p>W\u00e4rmebildkamera (Infrarot)<\/p>\n","protected":false},"featured_media":4313,"template":"","meta":{"_crdt_document":""},"product_brand":[],"product_cat":[180,173],"product_tag":[],"class_list":{"0":"post-4315","1":"product","2":"type-product","3":"status-publish","4":"has-post-thumbnail","6":"product_cat-messung","7":"product_cat-temperatur","9":"first","10":"instock","11":"taxable","12":"shipping-taxable","13":"product-type-simple"},"yoast_head":"<!-- This site is optimized with the Yoast SEO plugin v27.3 - https:\/\/yoast.com\/product\/yoast-seo-wordpress\/ -->\n<title>W\u00e4rmebildkamera (Infrarot) Testo 876 - Sysmatec<\/title>\n<meta name=\"description\" content=\"Die W\u00e4rmebildkamera erm\u00f6glicht die Aufnahme eines W\u00e4rmebildes mit einer Aufl\u00f6sung von 80 mK, das einem realen Bild \u00fcberlagert ist.\" \/>\n<meta name=\"robots\" content=\"index, follow, max-snippet:-1, max-image-preview:large, max-video-preview:-1\" \/>\n<link rel=\"canonical\" href=\"https:\/\/sysmatec.ch\/de\/produit\/waermebildkamera-infrarot-testo-876\/\" \/>\n<meta property=\"og:locale\" content=\"de_DE\" \/>\n<meta property=\"og:type\" content=\"article\" \/>\n<meta property=\"og:title\" content=\"W\u00e4rmebildkamera (Infrarot) Testo 876 - Sysmatec\" \/>\n<meta property=\"og:description\" content=\"Die W\u00e4rmebildkamera erm\u00f6glicht die Aufnahme eines W\u00e4rmebildes mit einer Aufl\u00f6sung von 80 mK, das einem realen Bild \u00fcberlagert ist.\" \/>\n<meta property=\"og:url\" content=\"https:\/\/sysmatec.ch\/de\/produit\/waermebildkamera-infrarot-testo-876\/\" \/>\n<meta property=\"og:site_name\" content=\"Sysmatec\" \/>\n<meta property=\"article:modified_time\" content=\"2022-02-17T08:22:46+00:00\" \/>\n<meta property=\"og:image\" content=\"https:\/\/sysmatec.ch\/wp-content\/uploads\/2019\/03\/Thermometer_Testo876.jpg\" \/>\n\t<meta property=\"og:image:width\" content=\"186\" \/>\n\t<meta property=\"og:image:height\" content=\"225\" \/>\n\t<meta property=\"og:image:type\" content=\"image\/jpeg\" \/>\n<meta name=\"twitter:card\" content=\"summary_large_image\" \/>\n<meta name=\"twitter:label1\" content=\"Gesch\u00e4tzte Lesezeit\" \/>\n\t<meta name=\"twitter:data1\" content=\"1\u00a0Minute\" \/>\n<script type=\"application\/ld+json\" class=\"yoast-schema-graph\">{\"@context\":\"https:\\\/\\\/schema.org\",\"@graph\":[{\"@type\":\"WebPage\",\"@id\":\"https:\\\/\\\/sysmatec.ch\\\/de\\\/produit\\\/waermebildkamera-infrarot-testo-876\\\/\",\"url\":\"https:\\\/\\\/sysmatec.ch\\\/de\\\/produit\\\/waermebildkamera-infrarot-testo-876\\\/\",\"name\":\"W\u00e4rmebildkamera (Infrarot) Testo 876 - Sysmatec\",\"isPartOf\":{\"@id\":\"https:\\\/\\\/sysmatec.ch\\\/de\\\/#website\"},\"primaryImageOfPage\":{\"@id\":\"https:\\\/\\\/sysmatec.ch\\\/de\\\/produit\\\/waermebildkamera-infrarot-testo-876\\\/#primaryimage\"},\"image\":{\"@id\":\"https:\\\/\\\/sysmatec.ch\\\/de\\\/produit\\\/waermebildkamera-infrarot-testo-876\\\/#primaryimage\"},\"thumbnailUrl\":\"https:\\\/\\\/sysmatec.ch\\\/wp-content\\\/uploads\\\/2019\\\/03\\\/Thermometer_Testo876.jpg\",\"datePublished\":\"2019-03-09T20:04:48+00:00\",\"dateModified\":\"2022-02-17T08:22:46+00:00\",\"description\":\"Die W\u00e4rmebildkamera erm\u00f6glicht die Aufnahme eines W\u00e4rmebildes mit einer Aufl\u00f6sung von 80 mK, das einem realen Bild \u00fcberlagert ist.\",\"breadcrumb\":{\"@id\":\"https:\\\/\\\/sysmatec.ch\\\/de\\\/produit\\\/waermebildkamera-infrarot-testo-876\\\/#breadcrumb\"},\"inLanguage\":\"de\",\"potentialAction\":[{\"@type\":\"ReadAction\",\"target\":[\"https:\\\/\\\/sysmatec.ch\\\/de\\\/produit\\\/waermebildkamera-infrarot-testo-876\\\/\"]}]},{\"@type\":\"ImageObject\",\"inLanguage\":\"de\",\"@id\":\"https:\\\/\\\/sysmatec.ch\\\/de\\\/produit\\\/waermebildkamera-infrarot-testo-876\\\/#primaryimage\",\"url\":\"https:\\\/\\\/sysmatec.ch\\\/wp-content\\\/uploads\\\/2019\\\/03\\\/Thermometer_Testo876.jpg\",\"contentUrl\":\"https:\\\/\\\/sysmatec.ch\\\/wp-content\\\/uploads\\\/2019\\\/03\\\/Thermometer_Testo876.jpg\",\"width\":186,\"height\":225},{\"@type\":\"BreadcrumbList\",\"@id\":\"https:\\\/\\\/sysmatec.ch\\\/de\\\/produit\\\/waermebildkamera-infrarot-testo-876\\\/#breadcrumb\",\"itemListElement\":[{\"@type\":\"ListItem\",\"position\":1,\"name\":\"Accueil\",\"item\":\"https:\\\/\\\/sysmatec.ch\\\/de\\\/\"},{\"@type\":\"ListItem\",\"position\":2,\"name\":\"Die Aktivit\u00e4t von Sysmatec\",\"item\":\"https:\\\/\\\/sysmatec.ch\\\/de\\\/\"},{\"@type\":\"ListItem\",\"position\":3,\"name\":\"W\u00e4rmebildkamera (Infrarot) Testo 876\"}]},{\"@type\":\"WebSite\",\"@id\":\"https:\\\/\\\/sysmatec.ch\\\/de\\\/#website\",\"url\":\"https:\\\/\\\/sysmatec.ch\\\/de\\\/\",\"name\":\"Sysmatec\",\"description\":\"Equipement de laboratoire et logiciels\",\"publisher\":{\"@id\":\"https:\\\/\\\/sysmatec.ch\\\/de\\\/#organization\"},\"potentialAction\":[{\"@type\":\"SearchAction\",\"target\":{\"@type\":\"EntryPoint\",\"urlTemplate\":\"https:\\\/\\\/sysmatec.ch\\\/de\\\/?s={search_term_string}\"},\"query-input\":{\"@type\":\"PropertyValueSpecification\",\"valueRequired\":true,\"valueName\":\"search_term_string\"}}],\"inLanguage\":\"de\"},{\"@type\":\"Organization\",\"@id\":\"https:\\\/\\\/sysmatec.ch\\\/de\\\/#organization\",\"name\":\"Sysmatec\",\"url\":\"https:\\\/\\\/sysmatec.ch\\\/de\\\/\",\"logo\":{\"@type\":\"ImageObject\",\"inLanguage\":\"de\",\"@id\":\"https:\\\/\\\/sysmatec.ch\\\/de\\\/#\\\/schema\\\/logo\\\/image\\\/\",\"url\":\"https:\\\/\\\/sysmatec.ch\\\/wp-content\\\/uploads\\\/2018\\\/11\\\/LogoSysmatec.jpg\",\"contentUrl\":\"https:\\\/\\\/sysmatec.ch\\\/wp-content\\\/uploads\\\/2018\\\/11\\\/LogoSysmatec.jpg\",\"width\":301,\"height\":297,\"caption\":\"Sysmatec\"},\"image\":{\"@id\":\"https:\\\/\\\/sysmatec.ch\\\/de\\\/#\\\/schema\\\/logo\\\/image\\\/\"}}]}<\/script>\n<!-- \/ Yoast SEO plugin. -->","yoast_head_json":{"title":"W\u00e4rmebildkamera (Infrarot) Testo 876 - Sysmatec","description":"Die W\u00e4rmebildkamera erm\u00f6glicht die Aufnahme eines W\u00e4rmebildes mit einer Aufl\u00f6sung von 80 mK, das einem realen Bild \u00fcberlagert ist.","robots":{"index":"index","follow":"follow","max-snippet":"max-snippet:-1","max-image-preview":"max-image-preview:large","max-video-preview":"max-video-preview:-1"},"canonical":"https:\/\/sysmatec.ch\/de\/produit\/waermebildkamera-infrarot-testo-876\/","og_locale":"de_DE","og_type":"article","og_title":"W\u00e4rmebildkamera (Infrarot) Testo 876 - Sysmatec","og_description":"Die W\u00e4rmebildkamera erm\u00f6glicht die Aufnahme eines W\u00e4rmebildes mit einer Aufl\u00f6sung von 80 mK, das einem realen Bild \u00fcberlagert ist.","og_url":"https:\/\/sysmatec.ch\/de\/produit\/waermebildkamera-infrarot-testo-876\/","og_site_name":"Sysmatec","article_modified_time":"2022-02-17T08:22:46+00:00","og_image":[{"width":186,"height":225,"url":"https:\/\/sysmatec.ch\/wp-content\/uploads\/2019\/03\/Thermometer_Testo876.jpg","type":"image\/jpeg"}],"twitter_card":"summary_large_image","twitter_misc":{"Gesch\u00e4tzte Lesezeit":"1\u00a0Minute"},"schema":{"@context":"https:\/\/schema.org","@graph":[{"@type":"WebPage","@id":"https:\/\/sysmatec.ch\/de\/produit\/waermebildkamera-infrarot-testo-876\/","url":"https:\/\/sysmatec.ch\/de\/produit\/waermebildkamera-infrarot-testo-876\/","name":"W\u00e4rmebildkamera (Infrarot) Testo 876 - Sysmatec","isPartOf":{"@id":"https:\/\/sysmatec.ch\/de\/#website"},"primaryImageOfPage":{"@id":"https:\/\/sysmatec.ch\/de\/produit\/waermebildkamera-infrarot-testo-876\/#primaryimage"},"image":{"@id":"https:\/\/sysmatec.ch\/de\/produit\/waermebildkamera-infrarot-testo-876\/#primaryimage"},"thumbnailUrl":"https:\/\/sysmatec.ch\/wp-content\/uploads\/2019\/03\/Thermometer_Testo876.jpg","datePublished":"2019-03-09T20:04:48+00:00","dateModified":"2022-02-17T08:22:46+00:00","description":"Die W\u00e4rmebildkamera erm\u00f6glicht die Aufnahme eines W\u00e4rmebildes mit einer Aufl\u00f6sung von 80 mK, das einem realen Bild \u00fcberlagert ist.","breadcrumb":{"@id":"https:\/\/sysmatec.ch\/de\/produit\/waermebildkamera-infrarot-testo-876\/#breadcrumb"},"inLanguage":"de","potentialAction":[{"@type":"ReadAction","target":["https:\/\/sysmatec.ch\/de\/produit\/waermebildkamera-infrarot-testo-876\/"]}]},{"@type":"ImageObject","inLanguage":"de","@id":"https:\/\/sysmatec.ch\/de\/produit\/waermebildkamera-infrarot-testo-876\/#primaryimage","url":"https:\/\/sysmatec.ch\/wp-content\/uploads\/2019\/03\/Thermometer_Testo876.jpg","contentUrl":"https:\/\/sysmatec.ch\/wp-content\/uploads\/2019\/03\/Thermometer_Testo876.jpg","width":186,"height":225},{"@type":"BreadcrumbList","@id":"https:\/\/sysmatec.ch\/de\/produit\/waermebildkamera-infrarot-testo-876\/#breadcrumb","itemListElement":[{"@type":"ListItem","position":1,"name":"Accueil","item":"https:\/\/sysmatec.ch\/de\/"},{"@type":"ListItem","position":2,"name":"Die Aktivit\u00e4t von Sysmatec","item":"https:\/\/sysmatec.ch\/de\/"},{"@type":"ListItem","position":3,"name":"W\u00e4rmebildkamera (Infrarot) Testo 876"}]},{"@type":"WebSite","@id":"https:\/\/sysmatec.ch\/de\/#website","url":"https:\/\/sysmatec.ch\/de\/","name":"Sysmatec","description":"Equipement de laboratoire et logiciels","publisher":{"@id":"https:\/\/sysmatec.ch\/de\/#organization"},"potentialAction":[{"@type":"SearchAction","target":{"@type":"EntryPoint","urlTemplate":"https:\/\/sysmatec.ch\/de\/?s={search_term_string}"},"query-input":{"@type":"PropertyValueSpecification","valueRequired":true,"valueName":"search_term_string"}}],"inLanguage":"de"},{"@type":"Organization","@id":"https:\/\/sysmatec.ch\/de\/#organization","name":"Sysmatec","url":"https:\/\/sysmatec.ch\/de\/","logo":{"@type":"ImageObject","inLanguage":"de","@id":"https:\/\/sysmatec.ch\/de\/#\/schema\/logo\/image\/","url":"https:\/\/sysmatec.ch\/wp-content\/uploads\/2018\/11\/LogoSysmatec.jpg","contentUrl":"https:\/\/sysmatec.ch\/wp-content\/uploads\/2018\/11\/LogoSysmatec.jpg","width":301,"height":297,"caption":"Sysmatec"},"image":{"@id":"https:\/\/sysmatec.ch\/de\/#\/schema\/logo\/image\/"}}]}},"_links":{"self":[{"href":"https:\/\/sysmatec.ch\/de\/wp-json\/wp\/v2\/product\/4315","targetHints":{"allow":["GET"]}}],"collection":[{"href":"https:\/\/sysmatec.ch\/de\/wp-json\/wp\/v2\/product"}],"about":[{"href":"https:\/\/sysmatec.ch\/de\/wp-json\/wp\/v2\/types\/product"}],"wp:featuredmedia":[{"embeddable":true,"href":"https:\/\/sysmatec.ch\/de\/wp-json\/wp\/v2\/media\/4313"}],"wp:attachment":[{"href":"https:\/\/sysmatec.ch\/de\/wp-json\/wp\/v2\/media?parent=4315"}],"wp:term":[{"taxonomy":"product_brand","embeddable":true,"href":"https:\/\/sysmatec.ch\/de\/wp-json\/wp\/v2\/product_brand?post=4315"},{"taxonomy":"product_cat","embeddable":true,"href":"https:\/\/sysmatec.ch\/de\/wp-json\/wp\/v2\/product_cat?post=4315"},{"taxonomy":"product_tag","embeddable":true,"href":"https:\/\/sysmatec.ch\/de\/wp-json\/wp\/v2\/product_tag?post=4315"}],"curies":[{"name":"wp","href":"https:\/\/api.w.org\/{rel}","templated":true}]}}