{"id":4300,"date":"2019-03-09T19:03:20","date_gmt":"2019-03-09T18:03:20","guid":{"rendered":"https:\/\/sysmatec.ch\/produit\/camera-thermique-infrarouge-fluke-ti25\/"},"modified":"2022-02-17T21:59:08","modified_gmt":"2022-02-17T20:59:08","slug":"waermebildkamera-infrarot-fluke-ti25","status":"publish","type":"product","link":"https:\/\/sysmatec.ch\/de\/Produkt\/waermebildkamera-infrarot-fluke-ti25\/","title":{"rendered":"W\u00e4rmebildkamera (Infrarot) Fluke Ti25"},"content":{"rendered":"<ul>\n<li>Sensortyp: 160 x 120 Pixel (ungek\u00fchlte Bolometermatrix)<\/li>\n<li>Thermische Empfindlichkeit (NETD) 200 mK<\/li>\n<li>Radiometrie<\/li>\n<li>Temperaturbereich -10 bis 350 \u00b0C<\/li>\n<li>Ungenauigkeit \u00b1 2 \u00b0C oder 2 % (der gr\u00f6\u00dfere Wert gilt)<\/li>\n<li>Gesichtsfeld (FOV) 20\u00b0 horizontal x 15\u00b0 vertikal<\/li>\n<li>Optische Aufl\u00f6sung 75:1 oder besser<\/li>\n<li>Scharfstellung 60 cm bis unendlich<\/li>\n<li>Farbpaletten Grau, Regenbogen, Eisen (w\u00e4hlbar)<\/li>\n<li>Messbetriebsarten Automatische und manuelle Einstellung von Temperaturniveaus und Zeitdauer<\/li>\n<li>Einstellbarer Emissionsfaktor 0,10 bis 1,00 in Schritten von 0,01<\/li>\n<li>Hintergrundstrahlungskompensation (RTC) -50 bis 460 \u00b0C<\/li>\n<\/ul>\n","protected":false},"excerpt":{"rendered":"<p>W\u00e4rmebildkamera (Infrarot)<\/p>\n","protected":false},"featured_media":4298,"template":"","meta":{"_crdt_document":""},"product_brand":[],"product_cat":[180,173],"product_tag":[],"class_list":{"0":"post-4300","1":"product","2":"type-product","3":"status-publish","4":"has-post-thumbnail","6":"product_cat-messung","7":"product_cat-temperatur","9":"first","10":"instock","11":"taxable","12":"shipping-taxable","13":"product-type-simple"},"yoast_head":"<!-- This site is optimized with the Yoast SEO plugin v27.3 - https:\/\/yoast.com\/product\/yoast-seo-wordpress\/ -->\n<title>W\u00e4rmebildkamera (Infrarot) Fluke Ti25 - Sysmatec<\/title>\n<meta name=\"description\" content=\"Die W\u00e4rmebildkamera kann ein W\u00e4rmebild im Bereich von -10 bis 350\u00b0C aufzeichnen. 160 x 120 Pixel Detektor.\" \/>\n<meta name=\"robots\" content=\"index, follow, max-snippet:-1, max-image-preview:large, max-video-preview:-1\" \/>\n<link rel=\"canonical\" href=\"https:\/\/sysmatec.ch\/de\/produit\/waermebildkamera-infrarot-fluke-ti25\/\" \/>\n<meta property=\"og:locale\" content=\"de_DE\" \/>\n<meta property=\"og:type\" content=\"article\" \/>\n<meta property=\"og:title\" content=\"W\u00e4rmebildkamera (Infrarot) Fluke Ti25 - Sysmatec\" \/>\n<meta property=\"og:description\" content=\"Die W\u00e4rmebildkamera kann ein W\u00e4rmebild im Bereich von -10 bis 350\u00b0C aufzeichnen. 160 x 120 Pixel Detektor.\" \/>\n<meta property=\"og:url\" content=\"https:\/\/sysmatec.ch\/de\/produit\/waermebildkamera-infrarot-fluke-ti25\/\" \/>\n<meta property=\"og:site_name\" content=\"Sysmatec\" \/>\n<meta property=\"article:modified_time\" content=\"2022-02-17T20:59:08+00:00\" \/>\n<meta property=\"og:image\" content=\"https:\/\/sysmatec.ch\/wp-content\/uploads\/2019\/03\/Thermometre_FlukeTi25.jpg\" \/>\n\t<meta property=\"og:image:width\" content=\"156\" \/>\n\t<meta property=\"og:image:height\" content=\"104\" \/>\n\t<meta property=\"og:image:type\" content=\"image\/jpeg\" \/>\n<meta name=\"twitter:card\" content=\"summary_large_image\" \/>\n<script type=\"application\/ld+json\" class=\"yoast-schema-graph\">{\"@context\":\"https:\\\/\\\/schema.org\",\"@graph\":[{\"@type\":\"WebPage\",\"@id\":\"https:\\\/\\\/sysmatec.ch\\\/de\\\/produit\\\/waermebildkamera-infrarot-fluke-ti25\\\/\",\"url\":\"https:\\\/\\\/sysmatec.ch\\\/de\\\/produit\\\/waermebildkamera-infrarot-fluke-ti25\\\/\",\"name\":\"W\u00e4rmebildkamera (Infrarot) Fluke Ti25 - Sysmatec\",\"isPartOf\":{\"@id\":\"https:\\\/\\\/sysmatec.ch\\\/de\\\/#website\"},\"primaryImageOfPage\":{\"@id\":\"https:\\\/\\\/sysmatec.ch\\\/de\\\/produit\\\/waermebildkamera-infrarot-fluke-ti25\\\/#primaryimage\"},\"image\":{\"@id\":\"https:\\\/\\\/sysmatec.ch\\\/de\\\/produit\\\/waermebildkamera-infrarot-fluke-ti25\\\/#primaryimage\"},\"thumbnailUrl\":\"https:\\\/\\\/sysmatec.ch\\\/wp-content\\\/uploads\\\/2019\\\/03\\\/Thermometre_FlukeTi25.jpg\",\"datePublished\":\"2019-03-09T18:03:20+00:00\",\"dateModified\":\"2022-02-17T20:59:08+00:00\",\"description\":\"Die W\u00e4rmebildkamera kann ein W\u00e4rmebild im Bereich von -10 bis 350\u00b0C aufzeichnen. 160 x 120 Pixel Detektor.\",\"breadcrumb\":{\"@id\":\"https:\\\/\\\/sysmatec.ch\\\/de\\\/produit\\\/waermebildkamera-infrarot-fluke-ti25\\\/#breadcrumb\"},\"inLanguage\":\"de\",\"potentialAction\":[{\"@type\":\"ReadAction\",\"target\":[\"https:\\\/\\\/sysmatec.ch\\\/de\\\/produit\\\/waermebildkamera-infrarot-fluke-ti25\\\/\"]}]},{\"@type\":\"ImageObject\",\"inLanguage\":\"de\",\"@id\":\"https:\\\/\\\/sysmatec.ch\\\/de\\\/produit\\\/waermebildkamera-infrarot-fluke-ti25\\\/#primaryimage\",\"url\":\"https:\\\/\\\/sysmatec.ch\\\/wp-content\\\/uploads\\\/2019\\\/03\\\/Thermometre_FlukeTi25.jpg\",\"contentUrl\":\"https:\\\/\\\/sysmatec.ch\\\/wp-content\\\/uploads\\\/2019\\\/03\\\/Thermometre_FlukeTi25.jpg\",\"width\":156,\"height\":104},{\"@type\":\"BreadcrumbList\",\"@id\":\"https:\\\/\\\/sysmatec.ch\\\/de\\\/produit\\\/waermebildkamera-infrarot-fluke-ti25\\\/#breadcrumb\",\"itemListElement\":[{\"@type\":\"ListItem\",\"position\":1,\"name\":\"Accueil\",\"item\":\"https:\\\/\\\/sysmatec.ch\\\/de\\\/\"},{\"@type\":\"ListItem\",\"position\":2,\"name\":\"Die Aktivit\u00e4t von Sysmatec\",\"item\":\"https:\\\/\\\/sysmatec.ch\\\/de\\\/\"},{\"@type\":\"ListItem\",\"position\":3,\"name\":\"W\u00e4rmebildkamera (Infrarot) Fluke Ti25\"}]},{\"@type\":\"WebSite\",\"@id\":\"https:\\\/\\\/sysmatec.ch\\\/de\\\/#website\",\"url\":\"https:\\\/\\\/sysmatec.ch\\\/de\\\/\",\"name\":\"Sysmatec\",\"description\":\"Equipement de laboratoire et logiciels\",\"publisher\":{\"@id\":\"https:\\\/\\\/sysmatec.ch\\\/de\\\/#organization\"},\"potentialAction\":[{\"@type\":\"SearchAction\",\"target\":{\"@type\":\"EntryPoint\",\"urlTemplate\":\"https:\\\/\\\/sysmatec.ch\\\/de\\\/?s={search_term_string}\"},\"query-input\":{\"@type\":\"PropertyValueSpecification\",\"valueRequired\":true,\"valueName\":\"search_term_string\"}}],\"inLanguage\":\"de\"},{\"@type\":\"Organization\",\"@id\":\"https:\\\/\\\/sysmatec.ch\\\/de\\\/#organization\",\"name\":\"Sysmatec\",\"url\":\"https:\\\/\\\/sysmatec.ch\\\/de\\\/\",\"logo\":{\"@type\":\"ImageObject\",\"inLanguage\":\"de\",\"@id\":\"https:\\\/\\\/sysmatec.ch\\\/de\\\/#\\\/schema\\\/logo\\\/image\\\/\",\"url\":\"https:\\\/\\\/sysmatec.ch\\\/wp-content\\\/uploads\\\/2018\\\/11\\\/LogoSysmatec.jpg\",\"contentUrl\":\"https:\\\/\\\/sysmatec.ch\\\/wp-content\\\/uploads\\\/2018\\\/11\\\/LogoSysmatec.jpg\",\"width\":301,\"height\":297,\"caption\":\"Sysmatec\"},\"image\":{\"@id\":\"https:\\\/\\\/sysmatec.ch\\\/de\\\/#\\\/schema\\\/logo\\\/image\\\/\"}}]}<\/script>\n<!-- \/ Yoast SEO plugin. -->","yoast_head_json":{"title":"W\u00e4rmebildkamera (Infrarot) Fluke Ti25 - Sysmatec","description":"Die W\u00e4rmebildkamera kann ein W\u00e4rmebild im Bereich von -10 bis 350\u00b0C aufzeichnen. 160 x 120 Pixel Detektor.","robots":{"index":"index","follow":"follow","max-snippet":"max-snippet:-1","max-image-preview":"max-image-preview:large","max-video-preview":"max-video-preview:-1"},"canonical":"https:\/\/sysmatec.ch\/de\/produit\/waermebildkamera-infrarot-fluke-ti25\/","og_locale":"de_DE","og_type":"article","og_title":"W\u00e4rmebildkamera (Infrarot) Fluke Ti25 - Sysmatec","og_description":"Die W\u00e4rmebildkamera kann ein W\u00e4rmebild im Bereich von -10 bis 350\u00b0C aufzeichnen. 160 x 120 Pixel Detektor.","og_url":"https:\/\/sysmatec.ch\/de\/produit\/waermebildkamera-infrarot-fluke-ti25\/","og_site_name":"Sysmatec","article_modified_time":"2022-02-17T20:59:08+00:00","og_image":[{"width":156,"height":104,"url":"https:\/\/sysmatec.ch\/wp-content\/uploads\/2019\/03\/Thermometre_FlukeTi25.jpg","type":"image\/jpeg"}],"twitter_card":"summary_large_image","schema":{"@context":"https:\/\/schema.org","@graph":[{"@type":"WebPage","@id":"https:\/\/sysmatec.ch\/de\/produit\/waermebildkamera-infrarot-fluke-ti25\/","url":"https:\/\/sysmatec.ch\/de\/produit\/waermebildkamera-infrarot-fluke-ti25\/","name":"W\u00e4rmebildkamera (Infrarot) Fluke Ti25 - Sysmatec","isPartOf":{"@id":"https:\/\/sysmatec.ch\/de\/#website"},"primaryImageOfPage":{"@id":"https:\/\/sysmatec.ch\/de\/produit\/waermebildkamera-infrarot-fluke-ti25\/#primaryimage"},"image":{"@id":"https:\/\/sysmatec.ch\/de\/produit\/waermebildkamera-infrarot-fluke-ti25\/#primaryimage"},"thumbnailUrl":"https:\/\/sysmatec.ch\/wp-content\/uploads\/2019\/03\/Thermometre_FlukeTi25.jpg","datePublished":"2019-03-09T18:03:20+00:00","dateModified":"2022-02-17T20:59:08+00:00","description":"Die W\u00e4rmebildkamera kann ein W\u00e4rmebild im Bereich von -10 bis 350\u00b0C aufzeichnen. 160 x 120 Pixel Detektor.","breadcrumb":{"@id":"https:\/\/sysmatec.ch\/de\/produit\/waermebildkamera-infrarot-fluke-ti25\/#breadcrumb"},"inLanguage":"de","potentialAction":[{"@type":"ReadAction","target":["https:\/\/sysmatec.ch\/de\/produit\/waermebildkamera-infrarot-fluke-ti25\/"]}]},{"@type":"ImageObject","inLanguage":"de","@id":"https:\/\/sysmatec.ch\/de\/produit\/waermebildkamera-infrarot-fluke-ti25\/#primaryimage","url":"https:\/\/sysmatec.ch\/wp-content\/uploads\/2019\/03\/Thermometre_FlukeTi25.jpg","contentUrl":"https:\/\/sysmatec.ch\/wp-content\/uploads\/2019\/03\/Thermometre_FlukeTi25.jpg","width":156,"height":104},{"@type":"BreadcrumbList","@id":"https:\/\/sysmatec.ch\/de\/produit\/waermebildkamera-infrarot-fluke-ti25\/#breadcrumb","itemListElement":[{"@type":"ListItem","position":1,"name":"Accueil","item":"https:\/\/sysmatec.ch\/de\/"},{"@type":"ListItem","position":2,"name":"Die Aktivit\u00e4t von Sysmatec","item":"https:\/\/sysmatec.ch\/de\/"},{"@type":"ListItem","position":3,"name":"W\u00e4rmebildkamera (Infrarot) Fluke Ti25"}]},{"@type":"WebSite","@id":"https:\/\/sysmatec.ch\/de\/#website","url":"https:\/\/sysmatec.ch\/de\/","name":"Sysmatec","description":"Equipement de laboratoire et logiciels","publisher":{"@id":"https:\/\/sysmatec.ch\/de\/#organization"},"potentialAction":[{"@type":"SearchAction","target":{"@type":"EntryPoint","urlTemplate":"https:\/\/sysmatec.ch\/de\/?s={search_term_string}"},"query-input":{"@type":"PropertyValueSpecification","valueRequired":true,"valueName":"search_term_string"}}],"inLanguage":"de"},{"@type":"Organization","@id":"https:\/\/sysmatec.ch\/de\/#organization","name":"Sysmatec","url":"https:\/\/sysmatec.ch\/de\/","logo":{"@type":"ImageObject","inLanguage":"de","@id":"https:\/\/sysmatec.ch\/de\/#\/schema\/logo\/image\/","url":"https:\/\/sysmatec.ch\/wp-content\/uploads\/2018\/11\/LogoSysmatec.jpg","contentUrl":"https:\/\/sysmatec.ch\/wp-content\/uploads\/2018\/11\/LogoSysmatec.jpg","width":301,"height":297,"caption":"Sysmatec"},"image":{"@id":"https:\/\/sysmatec.ch\/de\/#\/schema\/logo\/image\/"}}]}},"_links":{"self":[{"href":"https:\/\/sysmatec.ch\/de\/wp-json\/wp\/v2\/product\/4300","targetHints":{"allow":["GET"]}}],"collection":[{"href":"https:\/\/sysmatec.ch\/de\/wp-json\/wp\/v2\/product"}],"about":[{"href":"https:\/\/sysmatec.ch\/de\/wp-json\/wp\/v2\/types\/product"}],"wp:featuredmedia":[{"embeddable":true,"href":"https:\/\/sysmatec.ch\/de\/wp-json\/wp\/v2\/media\/4298"}],"wp:attachment":[{"href":"https:\/\/sysmatec.ch\/de\/wp-json\/wp\/v2\/media?parent=4300"}],"wp:term":[{"taxonomy":"product_brand","embeddable":true,"href":"https:\/\/sysmatec.ch\/de\/wp-json\/wp\/v2\/product_brand?post=4300"},{"taxonomy":"product_cat","embeddable":true,"href":"https:\/\/sysmatec.ch\/de\/wp-json\/wp\/v2\/product_cat?post=4300"},{"taxonomy":"product_tag","embeddable":true,"href":"https:\/\/sysmatec.ch\/de\/wp-json\/wp\/v2\/product_tag?post=4300"}],"curies":[{"name":"wp","href":"https:\/\/api.w.org\/{rel}","templated":true}]}}