{"id":4285,"date":"2019-03-09T18:42:10","date_gmt":"2019-03-09T17:42:10","guid":{"rendered":"https:\/\/sysmatec.ch\/produit\/camera-thermique-infrarouge-fluke-ti9\/"},"modified":"2022-02-18T09:32:58","modified_gmt":"2022-02-18T08:32:58","slug":"waermebildkamera-infrarot-fluke-ti9","status":"publish","type":"product","link":"https:\/\/sysmatec.ch\/de\/Produkt\/waermebildkamera-infrarot-fluke-ti9\/","title":{"rendered":"W\u00e4rmebildkamera (Infrarot) Fluke Ti9"},"content":{"rendered":"<ul>\n<li type=\"disc\">Gesichtsfeld: 23\u00b0 x 17\u00b0<\/li>\n<li type=\"disc\">Temperaturmessbereich: -20 bis 250 \u00b0C<\/li>\n<li type=\"disc\">R\u00e4umliche Aufl\u00f6sung (IFOV): 2,5 mRad<\/li>\n<li type=\"disc\">Mindestfokusabstand Objektiv f\u00fcr W\u00e4rmebilder: 15 cm<\/li>\n<li type=\"disc\">Scharfstellung manuell<\/li>\n<li type=\"disc\">Bildfrequenz Bildwiederholfrequenz: 9 Hz<\/li>\n<li type=\"disc\">Sensortyp:160 x120 Pixel, ungek\u00fchltes Mikrobolometer<\/li>\n<li type=\"disc\">Temperaturaufl\u00f6sung (NETD): 0,1 \u00b0C bei 30 \u00b0C (100 mK)<\/li>\n<li type=\"disc\">Infrarot-Spektralbereich 7,5 um bis 14 um<\/li>\n<li type=\"disc\">Betriebstemperatur: -10 \u00b0C bis 50 \u00b0C<\/li>\n<li type=\"disc\">Gewicht:1,2 kg<\/li>\n<li type=\"disc\">Export-Dateiformate f\u00fcr die SmartView Software JPEG, BMP, GIF, PNG, TIFF, WMF, EXIF und EMF<\/li>\n<\/ul>\n<p>Lieferumfang<\/p>\n<ul>\n<li type=\"disc\">Fluke Ti9 W\u00e4rmebildkamera<\/li>\n<li type=\"disc\">Netzadapter\/Akku-Ladeger\u00e4t<\/li>\n<li type=\"disc\">SD-Speicherkarte<\/li>\n<li type=\"disc\">SD-Kartenleseger\u00e4t (USB) zum \u00dcbertragen von Bildern auf Ihren Computer<\/li>\n<li type=\"disc\">SmartView Software mit kostenlosen Upgrades w\u00e4hrend der Lebensdauer der Kamera<\/li>\n<li type=\"disc\">Robuster Hartschalenkoffer<\/li>\n<li type=\"disc\">Gepolsterte Tragetasche<\/li>\n<li type=\"disc\">Trageschlaufe<\/li>\n<li type=\"disc\">Benutzerhandbuch<\/li>\n<li type=\"disc\">Registrierkarte f\u00fcr die Gew\u00e4hrleistung<\/li>\n<\/ul>\n","protected":false},"excerpt":{"rendered":"<p>W\u00e4rmebildkamera (Infrarot)<\/p>\n","protected":false},"featured_media":4282,"template":"","meta":{"_crdt_document":""},"product_brand":[],"product_cat":[180,173],"product_tag":[],"class_list":{"0":"post-4285","1":"product","2":"type-product","3":"status-publish","4":"has-post-thumbnail","6":"product_cat-messung","7":"product_cat-temperatur","9":"first","10":"instock","11":"taxable","12":"shipping-taxable","13":"product-type-simple"},"yoast_head":"<!-- This site is optimized with the Yoast SEO plugin v27.3 - https:\/\/yoast.com\/product\/yoast-seo-wordpress\/ -->\n<title>W\u00e4rmebildkamera (Infrarot) Fluke Ti9 - Sysmatec<\/title>\n<meta name=\"description\" content=\"Die W\u00e4rmebildkamera kann ein W\u00e4rmebild im Bereich von -20 bis 250\u00b0C aufzeichnen. 160 x 120 Pixel Detektor.\" \/>\n<meta name=\"robots\" content=\"index, follow, max-snippet:-1, max-image-preview:large, max-video-preview:-1\" \/>\n<link rel=\"canonical\" href=\"https:\/\/sysmatec.ch\/de\/produit\/waermebildkamera-infrarot-fluke-ti9\/\" \/>\n<meta property=\"og:locale\" content=\"de_DE\" \/>\n<meta property=\"og:type\" content=\"article\" \/>\n<meta property=\"og:title\" content=\"W\u00e4rmebildkamera (Infrarot) Fluke Ti9 - Sysmatec\" \/>\n<meta property=\"og:description\" content=\"Die W\u00e4rmebildkamera kann ein W\u00e4rmebild im Bereich von -20 bis 250\u00b0C aufzeichnen. 160 x 120 Pixel Detektor.\" \/>\n<meta property=\"og:url\" content=\"https:\/\/sysmatec.ch\/de\/produit\/waermebildkamera-infrarot-fluke-ti9\/\" \/>\n<meta property=\"og:site_name\" content=\"Sysmatec\" \/>\n<meta property=\"article:modified_time\" content=\"2022-02-18T08:32:58+00:00\" \/>\n<meta property=\"og:image\" content=\"https:\/\/sysmatec.ch\/wp-content\/uploads\/2019\/03\/Thermometre_FlukeTi9.jpg\" \/>\n\t<meta property=\"og:image:width\" content=\"157\" \/>\n\t<meta property=\"og:image:height\" content=\"209\" \/>\n\t<meta property=\"og:image:type\" content=\"image\/jpeg\" \/>\n<meta name=\"twitter:card\" content=\"summary_large_image\" \/>\n<meta name=\"twitter:label1\" content=\"Gesch\u00e4tzte Lesezeit\" \/>\n\t<meta name=\"twitter:data1\" content=\"1\u00a0Minute\" \/>\n<script type=\"application\/ld+json\" class=\"yoast-schema-graph\">{\"@context\":\"https:\\\/\\\/schema.org\",\"@graph\":[{\"@type\":\"WebPage\",\"@id\":\"https:\\\/\\\/sysmatec.ch\\\/de\\\/produit\\\/waermebildkamera-infrarot-fluke-ti9\\\/\",\"url\":\"https:\\\/\\\/sysmatec.ch\\\/de\\\/produit\\\/waermebildkamera-infrarot-fluke-ti9\\\/\",\"name\":\"W\u00e4rmebildkamera (Infrarot) Fluke Ti9 - Sysmatec\",\"isPartOf\":{\"@id\":\"https:\\\/\\\/sysmatec.ch\\\/de\\\/#website\"},\"primaryImageOfPage\":{\"@id\":\"https:\\\/\\\/sysmatec.ch\\\/de\\\/produit\\\/waermebildkamera-infrarot-fluke-ti9\\\/#primaryimage\"},\"image\":{\"@id\":\"https:\\\/\\\/sysmatec.ch\\\/de\\\/produit\\\/waermebildkamera-infrarot-fluke-ti9\\\/#primaryimage\"},\"thumbnailUrl\":\"https:\\\/\\\/sysmatec.ch\\\/wp-content\\\/uploads\\\/2019\\\/03\\\/Thermometre_FlukeTi9.jpg\",\"datePublished\":\"2019-03-09T17:42:10+00:00\",\"dateModified\":\"2022-02-18T08:32:58+00:00\",\"description\":\"Die W\u00e4rmebildkamera kann ein W\u00e4rmebild im Bereich von -20 bis 250\u00b0C aufzeichnen. 160 x 120 Pixel Detektor.\",\"breadcrumb\":{\"@id\":\"https:\\\/\\\/sysmatec.ch\\\/de\\\/produit\\\/waermebildkamera-infrarot-fluke-ti9\\\/#breadcrumb\"},\"inLanguage\":\"de\",\"potentialAction\":[{\"@type\":\"ReadAction\",\"target\":[\"https:\\\/\\\/sysmatec.ch\\\/de\\\/produit\\\/waermebildkamera-infrarot-fluke-ti9\\\/\"]}]},{\"@type\":\"ImageObject\",\"inLanguage\":\"de\",\"@id\":\"https:\\\/\\\/sysmatec.ch\\\/de\\\/produit\\\/waermebildkamera-infrarot-fluke-ti9\\\/#primaryimage\",\"url\":\"https:\\\/\\\/sysmatec.ch\\\/wp-content\\\/uploads\\\/2019\\\/03\\\/Thermometre_FlukeTi9.jpg\",\"contentUrl\":\"https:\\\/\\\/sysmatec.ch\\\/wp-content\\\/uploads\\\/2019\\\/03\\\/Thermometre_FlukeTi9.jpg\",\"width\":157,\"height\":209},{\"@type\":\"BreadcrumbList\",\"@id\":\"https:\\\/\\\/sysmatec.ch\\\/de\\\/produit\\\/waermebildkamera-infrarot-fluke-ti9\\\/#breadcrumb\",\"itemListElement\":[{\"@type\":\"ListItem\",\"position\":1,\"name\":\"Accueil\",\"item\":\"https:\\\/\\\/sysmatec.ch\\\/de\\\/\"},{\"@type\":\"ListItem\",\"position\":2,\"name\":\"Die Aktivit\u00e4t von Sysmatec\",\"item\":\"https:\\\/\\\/sysmatec.ch\\\/de\\\/\"},{\"@type\":\"ListItem\",\"position\":3,\"name\":\"W\u00e4rmebildkamera (Infrarot) Fluke Ti9\"}]},{\"@type\":\"WebSite\",\"@id\":\"https:\\\/\\\/sysmatec.ch\\\/de\\\/#website\",\"url\":\"https:\\\/\\\/sysmatec.ch\\\/de\\\/\",\"name\":\"Sysmatec\",\"description\":\"Equipement de laboratoire et logiciels\",\"publisher\":{\"@id\":\"https:\\\/\\\/sysmatec.ch\\\/de\\\/#organization\"},\"potentialAction\":[{\"@type\":\"SearchAction\",\"target\":{\"@type\":\"EntryPoint\",\"urlTemplate\":\"https:\\\/\\\/sysmatec.ch\\\/de\\\/?s={search_term_string}\"},\"query-input\":{\"@type\":\"PropertyValueSpecification\",\"valueRequired\":true,\"valueName\":\"search_term_string\"}}],\"inLanguage\":\"de\"},{\"@type\":\"Organization\",\"@id\":\"https:\\\/\\\/sysmatec.ch\\\/de\\\/#organization\",\"name\":\"Sysmatec\",\"url\":\"https:\\\/\\\/sysmatec.ch\\\/de\\\/\",\"logo\":{\"@type\":\"ImageObject\",\"inLanguage\":\"de\",\"@id\":\"https:\\\/\\\/sysmatec.ch\\\/de\\\/#\\\/schema\\\/logo\\\/image\\\/\",\"url\":\"https:\\\/\\\/sysmatec.ch\\\/wp-content\\\/uploads\\\/2018\\\/11\\\/LogoSysmatec.jpg\",\"contentUrl\":\"https:\\\/\\\/sysmatec.ch\\\/wp-content\\\/uploads\\\/2018\\\/11\\\/LogoSysmatec.jpg\",\"width\":301,\"height\":297,\"caption\":\"Sysmatec\"},\"image\":{\"@id\":\"https:\\\/\\\/sysmatec.ch\\\/de\\\/#\\\/schema\\\/logo\\\/image\\\/\"}}]}<\/script>\n<!-- \/ Yoast SEO plugin. -->","yoast_head_json":{"title":"W\u00e4rmebildkamera (Infrarot) Fluke Ti9 - Sysmatec","description":"Die W\u00e4rmebildkamera kann ein W\u00e4rmebild im Bereich von -20 bis 250\u00b0C aufzeichnen. 160 x 120 Pixel Detektor.","robots":{"index":"index","follow":"follow","max-snippet":"max-snippet:-1","max-image-preview":"max-image-preview:large","max-video-preview":"max-video-preview:-1"},"canonical":"https:\/\/sysmatec.ch\/de\/produit\/waermebildkamera-infrarot-fluke-ti9\/","og_locale":"de_DE","og_type":"article","og_title":"W\u00e4rmebildkamera (Infrarot) Fluke Ti9 - Sysmatec","og_description":"Die W\u00e4rmebildkamera kann ein W\u00e4rmebild im Bereich von -20 bis 250\u00b0C aufzeichnen. 160 x 120 Pixel Detektor.","og_url":"https:\/\/sysmatec.ch\/de\/produit\/waermebildkamera-infrarot-fluke-ti9\/","og_site_name":"Sysmatec","article_modified_time":"2022-02-18T08:32:58+00:00","og_image":[{"width":157,"height":209,"url":"https:\/\/sysmatec.ch\/wp-content\/uploads\/2019\/03\/Thermometre_FlukeTi9.jpg","type":"image\/jpeg"}],"twitter_card":"summary_large_image","twitter_misc":{"Gesch\u00e4tzte Lesezeit":"1\u00a0Minute"},"schema":{"@context":"https:\/\/schema.org","@graph":[{"@type":"WebPage","@id":"https:\/\/sysmatec.ch\/de\/produit\/waermebildkamera-infrarot-fluke-ti9\/","url":"https:\/\/sysmatec.ch\/de\/produit\/waermebildkamera-infrarot-fluke-ti9\/","name":"W\u00e4rmebildkamera (Infrarot) Fluke Ti9 - Sysmatec","isPartOf":{"@id":"https:\/\/sysmatec.ch\/de\/#website"},"primaryImageOfPage":{"@id":"https:\/\/sysmatec.ch\/de\/produit\/waermebildkamera-infrarot-fluke-ti9\/#primaryimage"},"image":{"@id":"https:\/\/sysmatec.ch\/de\/produit\/waermebildkamera-infrarot-fluke-ti9\/#primaryimage"},"thumbnailUrl":"https:\/\/sysmatec.ch\/wp-content\/uploads\/2019\/03\/Thermometre_FlukeTi9.jpg","datePublished":"2019-03-09T17:42:10+00:00","dateModified":"2022-02-18T08:32:58+00:00","description":"Die W\u00e4rmebildkamera kann ein W\u00e4rmebild im Bereich von -20 bis 250\u00b0C aufzeichnen. 160 x 120 Pixel Detektor.","breadcrumb":{"@id":"https:\/\/sysmatec.ch\/de\/produit\/waermebildkamera-infrarot-fluke-ti9\/#breadcrumb"},"inLanguage":"de","potentialAction":[{"@type":"ReadAction","target":["https:\/\/sysmatec.ch\/de\/produit\/waermebildkamera-infrarot-fluke-ti9\/"]}]},{"@type":"ImageObject","inLanguage":"de","@id":"https:\/\/sysmatec.ch\/de\/produit\/waermebildkamera-infrarot-fluke-ti9\/#primaryimage","url":"https:\/\/sysmatec.ch\/wp-content\/uploads\/2019\/03\/Thermometre_FlukeTi9.jpg","contentUrl":"https:\/\/sysmatec.ch\/wp-content\/uploads\/2019\/03\/Thermometre_FlukeTi9.jpg","width":157,"height":209},{"@type":"BreadcrumbList","@id":"https:\/\/sysmatec.ch\/de\/produit\/waermebildkamera-infrarot-fluke-ti9\/#breadcrumb","itemListElement":[{"@type":"ListItem","position":1,"name":"Accueil","item":"https:\/\/sysmatec.ch\/de\/"},{"@type":"ListItem","position":2,"name":"Die Aktivit\u00e4t von Sysmatec","item":"https:\/\/sysmatec.ch\/de\/"},{"@type":"ListItem","position":3,"name":"W\u00e4rmebildkamera (Infrarot) Fluke Ti9"}]},{"@type":"WebSite","@id":"https:\/\/sysmatec.ch\/de\/#website","url":"https:\/\/sysmatec.ch\/de\/","name":"Sysmatec","description":"Equipement de laboratoire et logiciels","publisher":{"@id":"https:\/\/sysmatec.ch\/de\/#organization"},"potentialAction":[{"@type":"SearchAction","target":{"@type":"EntryPoint","urlTemplate":"https:\/\/sysmatec.ch\/de\/?s={search_term_string}"},"query-input":{"@type":"PropertyValueSpecification","valueRequired":true,"valueName":"search_term_string"}}],"inLanguage":"de"},{"@type":"Organization","@id":"https:\/\/sysmatec.ch\/de\/#organization","name":"Sysmatec","url":"https:\/\/sysmatec.ch\/de\/","logo":{"@type":"ImageObject","inLanguage":"de","@id":"https:\/\/sysmatec.ch\/de\/#\/schema\/logo\/image\/","url":"https:\/\/sysmatec.ch\/wp-content\/uploads\/2018\/11\/LogoSysmatec.jpg","contentUrl":"https:\/\/sysmatec.ch\/wp-content\/uploads\/2018\/11\/LogoSysmatec.jpg","width":301,"height":297,"caption":"Sysmatec"},"image":{"@id":"https:\/\/sysmatec.ch\/de\/#\/schema\/logo\/image\/"}}]}},"_links":{"self":[{"href":"https:\/\/sysmatec.ch\/de\/wp-json\/wp\/v2\/product\/4285","targetHints":{"allow":["GET"]}}],"collection":[{"href":"https:\/\/sysmatec.ch\/de\/wp-json\/wp\/v2\/product"}],"about":[{"href":"https:\/\/sysmatec.ch\/de\/wp-json\/wp\/v2\/types\/product"}],"wp:featuredmedia":[{"embeddable":true,"href":"https:\/\/sysmatec.ch\/de\/wp-json\/wp\/v2\/media\/4282"}],"wp:attachment":[{"href":"https:\/\/sysmatec.ch\/de\/wp-json\/wp\/v2\/media?parent=4285"}],"wp:term":[{"taxonomy":"product_brand","embeddable":true,"href":"https:\/\/sysmatec.ch\/de\/wp-json\/wp\/v2\/product_brand?post=4285"},{"taxonomy":"product_cat","embeddable":true,"href":"https:\/\/sysmatec.ch\/de\/wp-json\/wp\/v2\/product_cat?post=4285"},{"taxonomy":"product_tag","embeddable":true,"href":"https:\/\/sysmatec.ch\/de\/wp-json\/wp\/v2\/product_tag?post=4285"}],"curies":[{"name":"wp","href":"https:\/\/api.w.org\/{rel}","templated":true}]}}