{"id":4136,"date":"2019-03-08T21:03:11","date_gmt":"2019-03-08T20:03:11","guid":{"rendered":"https:\/\/sysmatec.ch\/produit\/capteur-de-temperature-humidite-bluetooth-icelsius-blue-rh\/"},"modified":"2024-08-31T09:52:24","modified_gmt":"2024-08-31T07:52:24","slug":"waermeenergiezaehler-mv-311","status":"publish","type":"product","link":"https:\/\/sysmatec.ch\/de\/Produkt\/waermeenergiezaehler-mv-311\/","title":{"rendered":"W\u00e4rmeenergiez\u00e4hler MV 311"},"content":{"rendered":"<p>Der W\u00e4rmeenergiez\u00e4hler MV311 ist f\u00fcr die thermische Bewertung oder Abrechnung der erzeugten W\u00e4rmeenergie gem\u00e4\u00df der Norm EN1434 und der Zulassung MI-004 2014\/32\/EU konzipiert. Die MI-004-Zulassung erfordert die Werksprogrammierung der Hauptparameter. Ausgestattet mit zwei Arten von Z\u00e4hlereing\u00e4ngen kann es an mechanische Z\u00e4hler, elektromagnetische Durchflussmesser und Ultraschall-Durchflussmesser angeschlossen werden. Seine Sensorstromversorgung kann die von uns angebotenen Durchflussmesser vom Typ MV800 oder CS3795 mit Strom versorgen.<\/p>\n<p>Es verf\u00fcgt \u00fcber Impuls- oder 4-20-mA-Eing\u00e4nge f\u00fcr die Durchflussmessung und Pt 100\/500\/1000-Temperatureing\u00e4nge.<\/p>\n<h2>Technische Eigenschaften<\/h2>\n<p>Fl\u00fcssigkeit: Wasser oder Wasser + Glykol (maximal 60 %)<br \/>\nW\u00e4rmeleistung: Ps max = 99999 GW<br \/>\nMa\u00dfeinheit: kW\/MJ<br \/>\nStromversorgung: 100&#8230;240 V AC \/ 50 Hz (Option: 24 bis 36 V AC\/DC, 12 bis 48 V DC oder 12 bis 48 V DC PoE), optional wiederaufladbarer Backup-Akku (1 Monat Autonomie ohne Stromversorgung). extern, I\/O = Aus),<br \/>\nMaximaler Verbrauch: 6 W \u2013 8 VA<br \/>\nSpannungsversorgung Messger\u00e4t (Durchflussmesser): 24 V DC max. 100 mA<br \/>\nUmgebungstemperatur: +5 bis +55\u00b0C<br \/>\nPC\/ABS-Kunststoffgeh\u00e4use \u2013 IP 65<br \/>\nAbmessungen: H 179 x L 125 x T 68 mm (ge\u00f6ffnet: T 104 mm)<br \/>\nMontage: DIN-Schiene oder Wand<br \/>\nGrafikdisplay: 122 x 32, hintergrundbeleuchtet<br \/>\nMen\u00fc 6 Sprachen (FR \/ UK \/ DE \/ ES \/ IT \/ NL)<br \/>\nProgrammierung \u00fcber 3 Tasten auf der Vorderseite, per PC (MCP-Software)<br \/>\nMessger\u00e4teeingang: analog 0\/4-20 mA oder Impuls (0,003 Hz bis 1 kHz) programmierbar<br \/>\nImpulseing\u00e4nge 3 Eing\u00e4nge (0,003 Hz bis 1 kHz) f\u00fcr Wasser- oder andere Fl\u00fcssigkeitsz\u00e4hler<br \/>\nTemperatureing\u00e4nge 2 Eing\u00e4nge (Round Trip)<br \/>\nPt 100-Temperaturf\u00fchler, 4 Leiter (Option: Pt 500, Pt 1000)<br \/>\nTemperaturskala: \u03d1 min -15 \u00b0C, \u03d1 max 200 \u00b0C (150 \u00b0C f\u00fcr MID)<br \/>\nDelta T \u0394\u03d1 min 0,1 \u00b0C (2 \u00b0C f\u00fcr MID), \u0394\u03d1 max 150 \u00b0C (150\u00b0C f\u00fcr MID)<br \/>\nSystemgenauigkeit: \u00b10,20 % (0,18 + \u0394\u03d1 min\/\u0394\u03d1)<br \/>\nAnalogausgang 0\/4-20 mA (Durchfluss, Leistung, T1, T2 oder \u0394T)<br \/>\nDigitale Ausg\u00e4nge 2 programmierbare Volumen- und Energieausg\u00e4nge<br \/>\nW\u00e4rme-\/K\u00e4lte-Umkehrfunktion Automatisch oder durch externen Impuls<br \/>\nProtokolle (Optionen) RS 485 (Mbus, MODBus MS\/TP, BACNet MS\/TP), Ethernet (Modbus IP, BACneT IP)<br \/>\nRekorder (Option) 4 GB (Mindestaufzeichnungsrate: 1 Sekunde)<br \/>\nZertifizierung (Option) MID MI-004 2014\/32\/EU<\/p>\n","protected":false},"excerpt":{"rendered":"<p>W\u00e4rmeenergiez\u00e4hler, MI-004-Zulassung 2014\/32\/EU<\/p>\n","protected":false},"featured_media":29908,"template":"","meta":{"_crdt_document":""},"product_brand":[],"product_cat":[180,378,173],"product_tag":[],"class_list":{"0":"post-4136","1":"product","2":"type-product","3":"status-publish","4":"has-post-thumbnail","6":"product_cat-messung","7":"product_cat-sensor-de","8":"product_cat-temperatur","10":"first","11":"instock","12":"taxable","13":"shipping-taxable","14":"product-type-simple"},"yoast_head":"<!-- This site is optimized with the Yoast SEO plugin v27.3 - https:\/\/yoast.com\/product\/yoast-seo-wordpress\/ -->\n<title>W\u00e4rmeenergiez\u00e4hler MV 311 - Sysmatec<\/title>\n<meta name=\"description\" content=\"W\u00e4rmeenergiez\u00e4hler mit Durchflussmessereingang und Temperatursensor mit MI-004-Zulassung 2014\/32\/EU\" \/>\n<meta name=\"robots\" content=\"index, follow, max-snippet:-1, max-image-preview:large, max-video-preview:-1\" \/>\n<link rel=\"canonical\" href=\"https:\/\/sysmatec.ch\/de\/Produkt\/waermeenergiezaehler-mv-311\/\" \/>\n<meta property=\"og:locale\" content=\"de_DE\" \/>\n<meta property=\"og:type\" content=\"article\" \/>\n<meta property=\"og:title\" content=\"W\u00e4rmeenergiez\u00e4hler MV 311 - Sysmatec\" \/>\n<meta property=\"og:description\" content=\"W\u00e4rmeenergiez\u00e4hler mit Durchflussmessereingang und Temperatursensor mit MI-004-Zulassung 2014\/32\/EU\" \/>\n<meta property=\"og:url\" content=\"https:\/\/sysmatec.ch\/de\/Produkt\/waermeenergiezaehler-mv-311\/\" \/>\n<meta property=\"og:site_name\" content=\"Sysmatec\" \/>\n<meta property=\"article:modified_time\" content=\"2024-08-31T07:52:24+00:00\" \/>\n<meta property=\"og:image\" content=\"https:\/\/sysmatec.ch\/wp-content\/uploads\/2019\/03\/CompteurThermique_BAMOMV311.jpg\" \/>\n\t<meta property=\"og:image:width\" content=\"540\" \/>\n\t<meta property=\"og:image:height\" content=\"536\" \/>\n\t<meta property=\"og:image:type\" content=\"image\/jpeg\" \/>\n<meta name=\"twitter:card\" content=\"summary_large_image\" \/>\n<meta name=\"twitter:label1\" content=\"Gesch\u00e4tzte Lesezeit\" \/>\n\t<meta name=\"twitter:data1\" content=\"2\u00a0Minuten\" \/>\n<script type=\"application\/ld+json\" class=\"yoast-schema-graph\">{\"@context\":\"https:\\\/\\\/schema.org\",\"@graph\":[{\"@type\":\"WebPage\",\"@id\":\"https:\\\/\\\/sysmatec.ch\\\/de\\\/Produkt\\\/waermeenergiezaehler-mv-311\\\/\",\"url\":\"https:\\\/\\\/sysmatec.ch\\\/de\\\/Produkt\\\/waermeenergiezaehler-mv-311\\\/\",\"name\":\"W\u00e4rmeenergiez\u00e4hler MV 311 - Sysmatec\",\"isPartOf\":{\"@id\":\"https:\\\/\\\/sysmatec.ch\\\/de\\\/#website\"},\"primaryImageOfPage\":{\"@id\":\"https:\\\/\\\/sysmatec.ch\\\/de\\\/Produkt\\\/waermeenergiezaehler-mv-311\\\/#primaryimage\"},\"image\":{\"@id\":\"https:\\\/\\\/sysmatec.ch\\\/de\\\/Produkt\\\/waermeenergiezaehler-mv-311\\\/#primaryimage\"},\"thumbnailUrl\":\"https:\\\/\\\/sysmatec.ch\\\/wp-content\\\/uploads\\\/2019\\\/03\\\/CompteurThermique_BAMOMV311.jpg\",\"datePublished\":\"2019-03-08T20:03:11+00:00\",\"dateModified\":\"2024-08-31T07:52:24+00:00\",\"description\":\"W\u00e4rmeenergiez\u00e4hler mit Durchflussmessereingang und Temperatursensor mit MI-004-Zulassung 2014\\\/32\\\/EU\",\"breadcrumb\":{\"@id\":\"https:\\\/\\\/sysmatec.ch\\\/de\\\/Produkt\\\/waermeenergiezaehler-mv-311\\\/#breadcrumb\"},\"inLanguage\":\"de\",\"potentialAction\":[{\"@type\":\"ReadAction\",\"target\":[\"https:\\\/\\\/sysmatec.ch\\\/de\\\/Produkt\\\/waermeenergiezaehler-mv-311\\\/\"]}]},{\"@type\":\"ImageObject\",\"inLanguage\":\"de\",\"@id\":\"https:\\\/\\\/sysmatec.ch\\\/de\\\/Produkt\\\/waermeenergiezaehler-mv-311\\\/#primaryimage\",\"url\":\"https:\\\/\\\/sysmatec.ch\\\/wp-content\\\/uploads\\\/2019\\\/03\\\/CompteurThermique_BAMOMV311.jpg\",\"contentUrl\":\"https:\\\/\\\/sysmatec.ch\\\/wp-content\\\/uploads\\\/2019\\\/03\\\/CompteurThermique_BAMOMV311.jpg\",\"width\":540,\"height\":536},{\"@type\":\"BreadcrumbList\",\"@id\":\"https:\\\/\\\/sysmatec.ch\\\/de\\\/Produkt\\\/waermeenergiezaehler-mv-311\\\/#breadcrumb\",\"itemListElement\":[{\"@type\":\"ListItem\",\"position\":1,\"name\":\"Accueil\",\"item\":\"https:\\\/\\\/sysmatec.ch\\\/de\\\/\"},{\"@type\":\"ListItem\",\"position\":2,\"name\":\"Die Aktivit\u00e4t von Sysmatec\",\"item\":\"https:\\\/\\\/sysmatec.ch\\\/de\\\/\"},{\"@type\":\"ListItem\",\"position\":3,\"name\":\"W\u00e4rmeenergiez\u00e4hler MV 311\"}]},{\"@type\":\"WebSite\",\"@id\":\"https:\\\/\\\/sysmatec.ch\\\/de\\\/#website\",\"url\":\"https:\\\/\\\/sysmatec.ch\\\/de\\\/\",\"name\":\"Sysmatec\",\"description\":\"Equipement de laboratoire et logiciels\",\"publisher\":{\"@id\":\"https:\\\/\\\/sysmatec.ch\\\/de\\\/#organization\"},\"potentialAction\":[{\"@type\":\"SearchAction\",\"target\":{\"@type\":\"EntryPoint\",\"urlTemplate\":\"https:\\\/\\\/sysmatec.ch\\\/de\\\/?s={search_term_string}\"},\"query-input\":{\"@type\":\"PropertyValueSpecification\",\"valueRequired\":true,\"valueName\":\"search_term_string\"}}],\"inLanguage\":\"de\"},{\"@type\":\"Organization\",\"@id\":\"https:\\\/\\\/sysmatec.ch\\\/de\\\/#organization\",\"name\":\"Sysmatec\",\"url\":\"https:\\\/\\\/sysmatec.ch\\\/de\\\/\",\"logo\":{\"@type\":\"ImageObject\",\"inLanguage\":\"de\",\"@id\":\"https:\\\/\\\/sysmatec.ch\\\/de\\\/#\\\/schema\\\/logo\\\/image\\\/\",\"url\":\"https:\\\/\\\/sysmatec.ch\\\/wp-content\\\/uploads\\\/2018\\\/11\\\/LogoSysmatec.jpg\",\"contentUrl\":\"https:\\\/\\\/sysmatec.ch\\\/wp-content\\\/uploads\\\/2018\\\/11\\\/LogoSysmatec.jpg\",\"width\":301,\"height\":297,\"caption\":\"Sysmatec\"},\"image\":{\"@id\":\"https:\\\/\\\/sysmatec.ch\\\/de\\\/#\\\/schema\\\/logo\\\/image\\\/\"}}]}<\/script>\n<!-- \/ Yoast SEO plugin. -->","yoast_head_json":{"title":"W\u00e4rmeenergiez\u00e4hler MV 311 - Sysmatec","description":"W\u00e4rmeenergiez\u00e4hler mit Durchflussmessereingang und Temperatursensor mit MI-004-Zulassung 2014\/32\/EU","robots":{"index":"index","follow":"follow","max-snippet":"max-snippet:-1","max-image-preview":"max-image-preview:large","max-video-preview":"max-video-preview:-1"},"canonical":"https:\/\/sysmatec.ch\/de\/Produkt\/waermeenergiezaehler-mv-311\/","og_locale":"de_DE","og_type":"article","og_title":"W\u00e4rmeenergiez\u00e4hler MV 311 - Sysmatec","og_description":"W\u00e4rmeenergiez\u00e4hler mit Durchflussmessereingang und Temperatursensor mit MI-004-Zulassung 2014\/32\/EU","og_url":"https:\/\/sysmatec.ch\/de\/Produkt\/waermeenergiezaehler-mv-311\/","og_site_name":"Sysmatec","article_modified_time":"2024-08-31T07:52:24+00:00","og_image":[{"width":540,"height":536,"url":"https:\/\/sysmatec.ch\/wp-content\/uploads\/2019\/03\/CompteurThermique_BAMOMV311.jpg","type":"image\/jpeg"}],"twitter_card":"summary_large_image","twitter_misc":{"Gesch\u00e4tzte Lesezeit":"2\u00a0Minuten"},"schema":{"@context":"https:\/\/schema.org","@graph":[{"@type":"WebPage","@id":"https:\/\/sysmatec.ch\/de\/Produkt\/waermeenergiezaehler-mv-311\/","url":"https:\/\/sysmatec.ch\/de\/Produkt\/waermeenergiezaehler-mv-311\/","name":"W\u00e4rmeenergiez\u00e4hler MV 311 - Sysmatec","isPartOf":{"@id":"https:\/\/sysmatec.ch\/de\/#website"},"primaryImageOfPage":{"@id":"https:\/\/sysmatec.ch\/de\/Produkt\/waermeenergiezaehler-mv-311\/#primaryimage"},"image":{"@id":"https:\/\/sysmatec.ch\/de\/Produkt\/waermeenergiezaehler-mv-311\/#primaryimage"},"thumbnailUrl":"https:\/\/sysmatec.ch\/wp-content\/uploads\/2019\/03\/CompteurThermique_BAMOMV311.jpg","datePublished":"2019-03-08T20:03:11+00:00","dateModified":"2024-08-31T07:52:24+00:00","description":"W\u00e4rmeenergiez\u00e4hler mit Durchflussmessereingang und Temperatursensor mit MI-004-Zulassung 2014\/32\/EU","breadcrumb":{"@id":"https:\/\/sysmatec.ch\/de\/Produkt\/waermeenergiezaehler-mv-311\/#breadcrumb"},"inLanguage":"de","potentialAction":[{"@type":"ReadAction","target":["https:\/\/sysmatec.ch\/de\/Produkt\/waermeenergiezaehler-mv-311\/"]}]},{"@type":"ImageObject","inLanguage":"de","@id":"https:\/\/sysmatec.ch\/de\/Produkt\/waermeenergiezaehler-mv-311\/#primaryimage","url":"https:\/\/sysmatec.ch\/wp-content\/uploads\/2019\/03\/CompteurThermique_BAMOMV311.jpg","contentUrl":"https:\/\/sysmatec.ch\/wp-content\/uploads\/2019\/03\/CompteurThermique_BAMOMV311.jpg","width":540,"height":536},{"@type":"BreadcrumbList","@id":"https:\/\/sysmatec.ch\/de\/Produkt\/waermeenergiezaehler-mv-311\/#breadcrumb","itemListElement":[{"@type":"ListItem","position":1,"name":"Accueil","item":"https:\/\/sysmatec.ch\/de\/"},{"@type":"ListItem","position":2,"name":"Die Aktivit\u00e4t von Sysmatec","item":"https:\/\/sysmatec.ch\/de\/"},{"@type":"ListItem","position":3,"name":"W\u00e4rmeenergiez\u00e4hler MV 311"}]},{"@type":"WebSite","@id":"https:\/\/sysmatec.ch\/de\/#website","url":"https:\/\/sysmatec.ch\/de\/","name":"Sysmatec","description":"Equipement de laboratoire et logiciels","publisher":{"@id":"https:\/\/sysmatec.ch\/de\/#organization"},"potentialAction":[{"@type":"SearchAction","target":{"@type":"EntryPoint","urlTemplate":"https:\/\/sysmatec.ch\/de\/?s={search_term_string}"},"query-input":{"@type":"PropertyValueSpecification","valueRequired":true,"valueName":"search_term_string"}}],"inLanguage":"de"},{"@type":"Organization","@id":"https:\/\/sysmatec.ch\/de\/#organization","name":"Sysmatec","url":"https:\/\/sysmatec.ch\/de\/","logo":{"@type":"ImageObject","inLanguage":"de","@id":"https:\/\/sysmatec.ch\/de\/#\/schema\/logo\/image\/","url":"https:\/\/sysmatec.ch\/wp-content\/uploads\/2018\/11\/LogoSysmatec.jpg","contentUrl":"https:\/\/sysmatec.ch\/wp-content\/uploads\/2018\/11\/LogoSysmatec.jpg","width":301,"height":297,"caption":"Sysmatec"},"image":{"@id":"https:\/\/sysmatec.ch\/de\/#\/schema\/logo\/image\/"}}]}},"_links":{"self":[{"href":"https:\/\/sysmatec.ch\/de\/wp-json\/wp\/v2\/product\/4136","targetHints":{"allow":["GET"]}}],"collection":[{"href":"https:\/\/sysmatec.ch\/de\/wp-json\/wp\/v2\/product"}],"about":[{"href":"https:\/\/sysmatec.ch\/de\/wp-json\/wp\/v2\/types\/product"}],"wp:featuredmedia":[{"embeddable":true,"href":"https:\/\/sysmatec.ch\/de\/wp-json\/wp\/v2\/media\/29908"}],"wp:attachment":[{"href":"https:\/\/sysmatec.ch\/de\/wp-json\/wp\/v2\/media?parent=4136"}],"wp:term":[{"taxonomy":"product_brand","embeddable":true,"href":"https:\/\/sysmatec.ch\/de\/wp-json\/wp\/v2\/product_brand?post=4136"},{"taxonomy":"product_cat","embeddable":true,"href":"https:\/\/sysmatec.ch\/de\/wp-json\/wp\/v2\/product_cat?post=4136"},{"taxonomy":"product_tag","embeddable":true,"href":"https:\/\/sysmatec.ch\/de\/wp-json\/wp\/v2\/product_tag?post=4136"}],"curies":[{"name":"wp","href":"https:\/\/api.w.org\/{rel}","templated":true}]}}